{"id":10999,"date":"2023-06-23T08:58:23","date_gmt":"2023-06-23T06:58:23","guid":{"rendered":"https:\/\/exparto.pl\/produkt\/tocatorul-hidraulic-cyklon-130\/"},"modified":"2023-06-23T08:58:23","modified_gmt":"2023-06-23T06:58:23","slug":"rebak-hidraulic-cyclone-130","status":"publish","type":"product","link":"https:\/\/exparto.pl\/ro\/produkt\/rebak-hidraulic-cyclone-130\/","title":{"rendered":"Toc\u0103torul hidraulic CYKLON 130"},"content":{"rendered":"<h2 style=\"margin-right: 0px; margin-bottom: var(--wd-tags-mb); margin-left: 0px; padding: 0px; border: 0px; vertical-align: baseline; line-height: 1.4; text-align: justify;\"><span style=\"margin: 0px; padding: 0px; border: 0px; vertical-align: baseline; line-height: inherit;\">Toc\u0103torul hidraulic de lemn Cyclone 130 <\/span><span style=\"margin: 0px; padding: 0px; border: 0px; vertical-align: baseline; line-height: inherit;\">&#8211;<\/span><span style=\"margin: 0px; padding: 0px; border: 0px; vertical-align: baseline; line-height: inherit;\"> indispensabil pentru cur\u0103\u021barea p\u0103durilor, gr\u0103dinilor \u0219i spa\u021biilor verzi<\/span><\/h2>\n<p style=\"margin-bottom: var(--wd-tags-mb); padding: 0px; border: 0px; vertical-align: baseline; line-height: inherit; text-align: justify;\"><span style=\"margin: 0px; padding: 0px; border: 0px; vertical-align: baseline; line-height: inherit;\">Verdea\u021ba este asociat\u0103 cu de\u0219eurile \u00een curs sub form\u0103 de crengi de copaci \u0219i de arbu\u0219ti. Depozitarea lor pe termen lung nu este posibil\u0103. Cum s\u0103 ne ocup\u0103m de ea? Solu\u021bia la aceast\u0103 problem\u0103 este  <\/span><span style=\"margin: 0px; padding: 0px; border: 0px; vertical-align: baseline; line-height: inherit;\">toc\u0103tor de lemn<\/span><span style=\"margin: 0px; padding: 0px; border: 0px; vertical-align: baseline; line-height: inherit;\">. <\/span><span style=\"margin: 0px; padding: 0px; border: 0px; vertical-align: baseline; line-height: inherit;\">Toc\u0103tor pentru m\u0103run\u021birea crengilor<\/span><span style=\"margin: 0px; padding: 0px; border: 0px; vertical-align: baseline; line-height: inherit;\">  transform\u0103 de\u0219eurile de lemn \u00een a\u0219chii de lemn. Este important de men\u021bionat c\u0103 utilizarea  <\/span><span style=\"margin: 0px; padding: 0px; border: 0px; vertical-align: baseline; line-height: inherit;\">toc\u0103tor de lemn<\/span><span style=\"margin: 0px; padding: 0px; border: 0px; vertical-align: baseline; line-height: inherit;\">, nu numai c\u0103 ve\u021bi sc\u0103pa de ramurile persistente, dar ve\u021bi ob\u021bine \u0219i un material util care poate fi folosit. Exist\u0103 multe utiliz\u0103ri ale a\u0219chiilor de lemn &#8211; pot fi folosite \u00een gr\u0103din\u0103 pentru mulcirea paturilor, a straturilor de flori \u0219i a aleilor, pentru plantarea arbu\u0219tilor sau pentru a v\u0103 face propriul compost, dar \u0219i ca material combustibil.  <\/span><\/p>\n<p style=\"margin-bottom: var(--wd-tags-mb); padding: 0px; border: 0px; vertical-align: baseline; line-height: inherit; text-align: justify;\"><span style=\"margin: 0px; padding: 0px; border: 0px; vertical-align: baseline; line-height: inherit;\">C\u0103uta\u021bi o solu\u021bie eficient\u0103 \u0219i eficace<\/span><span style=\"margin: 0px; padding: 0px; border: 0px; vertical-align: baseline; line-height: inherit;\"> toc\u0103tor de crengi<\/span><span style=\"margin: 0px; padding: 0px; border: 0px; vertical-align: baseline; line-height: inherit;\">? Face\u021bi cuno\u0219tin\u021b\u0103 cu  <\/span><span style=\"margin: 0px; padding: 0px; border: 0px; vertical-align: baseline; line-height: inherit;\">cipator hidraulic <\/span><span style=\"margin: 0px; padding: 0px; border: 0px; vertical-align: baseline; line-height: inherit;\">Cyclone 130, care v\u0103 va ajuta s\u0103 cur\u0103\u021ba\u021bi eficient orice teren.<\/span><\/p>\n<h2 style=\"margin-right: 0px; margin-bottom: var(--wd-tags-mb); margin-left: 0px; padding: 0px; border: 0px; vertical-align: baseline; line-height: 1.4; text-align: justify;\"><span style=\"margin: 0px; padding: 0px; border: 0px; vertical-align: baseline; line-height: inherit;\">De ce s\u0103 alege\u021bi toc\u0103tor hidraulic Cyclone 130?<\/span><\/h2>\n<p style=\"margin-bottom: var(--wd-tags-mb); padding: 0px; border: 0px; vertical-align: baseline; line-height: inherit; text-align: justify;\"><span style=\"margin: 0px; padding: 0px; border: 0px; vertical-align: baseline; line-height: inherit;\">18 CP <\/span><span style=\"margin: 0px; padding: 0px; border: 0px; vertical-align: baseline; line-height: inherit;\">i<\/span><span style=\"margin: 0px; padding: 0px; border: 0px; vertical-align: baseline; line-height: inherit;\"> 4 cu\u021bite<\/span><span style=\"margin: 0px; padding: 0px; border: 0px; vertical-align: baseline; line-height: inherit;\">  realizate din o\u021bel de mare vitez\u0103 pot face fa\u021b\u0103 tuturor tipurilor de lemn. Ei prelucreaz\u0103 ramuri \u0219i trunchiuri cu diametrul de p\u00e2n\u0103 la 13 cm. Datorit\u0103 puterii \u0219i capacit\u0103\u021bii sale ridicate, chiar \u0219i ramurile mai groase pot fi m\u0103run\u021bite eficient, f\u0103r\u0103 a fi nevoie de o preg\u0103tire prealabil\u0103 pentru t\u0103iere.<\/span><\/p>\n<p style=\"margin-bottom: var(--wd-tags-mb); padding: 0px; border: 0px; vertical-align: baseline; line-height: inherit; text-align: justify;\"><span style=\"margin: 0px; padding: 0px; border: 0px; vertical-align: baseline; line-height: inherit;\">Acest model <\/span><span style=\"margin: 0px; padding: 0px; border: 0px; vertical-align: baseline; line-height: inherit;\">model de toc\u0103tor de lemn<\/span><span style=\"margin: 0px; padding: 0px; border: 0px; vertical-align: baseline; line-height: inherit;\"> este echipat cu <\/span><span style=\"margin: 0px; padding: 0px; border: 0px; vertical-align: baseline; line-height: inherit;\">rol\u0103 de \u00eenc\u0103rcare hidraulic\u0103<\/span><span style=\"margin: 0px; padding: 0px; border: 0px; vertical-align: baseline; line-height: inherit;\">. Acest lucru face ca lucrul cu ma\u0219ina s\u0103 fie mai simplu \u0219i mai pu\u021bin for\u021bat &#8211; pur \u0219i simplu introduce\u021bi materialul \u00een alimentator, iar rola \u00eel deplaseaz\u0103 mai departe. Prezen\u021ba rolei afecteaz\u0103, de asemenea, func\u021bionarea ma\u0219inii \u00een sine, f\u0103c\u00e2ndu-o mai eficient\u0103.<\/span><\/p>\n<p style=\"margin-bottom: var(--wd-tags-mb); padding: 0px; border: 0px; vertical-align: baseline; line-height: inherit; text-align: justify;\"><span style=\"margin: 0px; padding: 0px; border: 0px; vertical-align: baseline; line-height: inherit;\">Toc\u0103torul hidraulic<\/span><span style=\"margin: 0px; padding: 0px; border: 0px; vertical-align: baseline; line-height: inherit;\"> Cyklon 130 este echipat cu <\/span><span style=\"margin: 0px; padding: 0px; border: 0px; vertical-align: baseline; line-height: inherit;\">bunc\u0103r mare<\/span><span style=\"margin: 0px; padding: 0px; border: 0px; vertical-align: baseline; line-height: inherit;\">  conice spre partea de jos, ceea ce face munca mai u\u0219oar\u0103 \u0219i mai eficient\u0103. Setarea sa sprijin\u0103 recuperarea independent\u0103 a materialului de c\u0103tre utilaj dup\u0103 ce acesta a fost plasat \u00een bunc\u0103r.<\/span><\/p>\n<p style=\"margin-bottom: var(--wd-tags-mb); padding: 0px; border: 0px; vertical-align: baseline; line-height: inherit; text-align: justify;\"><span style=\"margin: 0px; padding: 0px; border: 0px; vertical-align: baseline; line-height: inherit;\">Carcasa sudat\u0103 robust\u0103<\/span><span style=\"margin: 0px; padding: 0px; border: 0px; vertical-align: baseline; line-height: inherit;\"> acoperit\u0103 cu pulbere este rezistent\u0103 la umezeal\u0103 \u0219i deterior\u0103ri mecanice \u0219i asigur\u0103 o func\u021bionare sigur\u0103. <\/span> <\/p>\n<p style=\"margin-bottom: var(--wd-tags-mb); padding: 0px; border: 0px; vertical-align: baseline; line-height: inherit; text-align: justify;\"><span style=\"margin: 0px; padding: 0px; border: 0px; vertical-align: baseline; line-height: inherit;\">Horn de ejec\u021bie \u00eenalt\u0103 <\/span><span style=\"margin: 0px; padding: 0px; border: 0px; vertical-align: baseline; line-height: inherit;\">Reglabil la 360<\/span><span style=\"margin: 0px; padding: 0px; border: 0px; vertical-align: baseline; line-height: inherit;\">o <\/span><span style=\"margin: 0px; padding: 0px; border: 0px; vertical-align: baseline; line-height: inherit;\">permite un control precis al fluxului de ejec\u021bie a a\u0219chiilor, \u00een timp ce protec\u021bia superioar\u0103 mobil\u0103 \u00eempiedic\u0103 \u00eempr\u0103\u0219tierea a\u0219chiilor \u00een toate direc\u021biile. <\/span> <\/p>\n<h2 style=\"margin-right: 0px; margin-bottom: var(--wd-tags-mb); margin-left: 0px; padding: 0px; border: 0px; vertical-align: baseline; line-height: 1.4; text-align: justify;\"><span style=\"margin: 0px; padding: 0px; border: 0px; vertical-align: baseline; line-height: inherit;\">Confort \u0219i siguran\u021b\u0103 cu Cyclone 130<\/span><\/h2>\n<p style=\"margin-bottom: var(--wd-tags-mb); padding: 0px; border: 0px; vertical-align: baseline; line-height: inherit; text-align: justify;\"><span style=\"margin: 0px; padding: 0px; border: 0px; vertical-align: baseline; line-height: inherit;\">Toc\u0103toare de crengi  <\/span><span style=\"margin: 0px; padding: 0px; border: 0px; vertical-align: baseline; line-height: inherit;\">sunt utilizate \u00een medii dure \u0219i sunt expuse la deterior\u0103ri mecanice \u0219i la umiditate \u00een timpul func\u021bion\u0103rii. Pentru a reduce la minimum riscul de deteriorare, am furnizat  <\/span><span style=\"margin: 0px; padding: 0px; border: 0px; vertical-align: baseline; line-height: inherit;\">cipator hidraulic<\/span><span style=\"margin: 0px; padding: 0px; border: 0px; vertical-align: baseline; line-height: inherit;\">  \u00eentr-o carcas\u0103 robust\u0103 sudat\u0103, cu componente acoperite cu pulbere. Aceast\u0103 metod\u0103 de fabrica\u021bie asigur\u0103 o durabilitate maxim\u0103 \u0219i protejeaz\u0103 \u00eempotriva coroziunii. \u00cen plus, fiecare dintre ma\u0219inile noastre este supus unui control detaliat al calit\u0103\u021bii.  <\/span><\/p>\n<p style=\"margin-bottom: var(--wd-tags-mb); padding: 0px; border: 0px; vertical-align: baseline; line-height: inherit; text-align: justify;\"><span style=\"margin: 0px; padding: 0px; border: 0px; vertical-align: baseline; line-height: inherit;\">Func\u021bionalitatea sporit\u0103 a acestui model se datoreaz\u0103 prezen\u021bei unui cilindru hidraulic de alimentare, care faciliteaz\u0103 \u0219i accelereaz\u0103 \u00een mod semnificativ munca \u0219i cre\u0219te productivitatea ma\u0219inii. Pentru un confort ridicat al utilizatorului<\/span> <span style=\"margin: 0px; padding: 0px; border: 0px; vertical-align: baseline; line-height: inherit;\"> cipator hidraulic <\/span><span style=\"margin: 0px; padding: 0px; border: 0px; vertical-align: baseline; line-height: inherit;\">Cyclone 130 este, de asemenea, influen\u021bat de solu\u021bii precum o intrare larg\u0103 a alimentatorului, un co\u0219 de evacuare mobil, un motor de mare putere sau un mecanism de t\u0103iere eficient. <\/span> <\/p>\n<h2 style=\"margin-right: 0px; margin-bottom: var(--wd-tags-mb); margin-left: 0px; padding: 0px; border: 0px; vertical-align: baseline; line-height: 1.4; text-align: justify;\"><span style=\"margin: 0px; padding: 0px; border: 0px; vertical-align: baseline; line-height: inherit;\">Cip\u0103torul hidraulic Cyklon 130 &#8211; putere \u0219i performan\u021b\u0103<\/span><\/h2>\n<p style=\"margin-bottom: var(--wd-tags-mb); padding: 0px; border: 0px; vertical-align: baseline; line-height: inherit; text-align: justify;\"><span style=\"margin: 0px; padding: 0px; border: 0px; vertical-align: baseline; line-height: inherit;\">Puterea mare de 18 CP, cele 4 cu\u021bite ascu\u021bite rezistente la abraziune \u0219i un disc \u00eent\u0103rit \u0219i rezistent asigur\u0103 o munc\u0103 eficient\u0103 \u0219i eficace cu lemn de toate nivelurile de duritate. <\/span><span style=\"margin: 0px; padding: 0px; border: 0px; vertical-align: baseline; line-height: inherit;\">Toc\u0103tor hidraulic de lemn <\/span><span style=\"margin: 0px; padding: 0px; border: 0px; vertical-align: baseline; line-height: inherit;\">Cyclone 130 toac\u0103 nu numai crengi sub\u021biri, ci \u0219i crengi groase \u0219i chiar trunchiuri de p\u00e2n\u0103 la 13 cm \u00een diametru. <\/span> <\/p>\n<p style=\"margin-bottom: var(--wd-tags-mb); padding: 0px; border: 0px; vertical-align: baseline; line-height: inherit; text-align: justify;\"><span style=\"margin: 0px; padding: 0px; border: 0px; vertical-align: baseline; line-height: inherit;\">Datorit\u0103 bunc\u0103rului mare \u00een form\u0103 de bunc\u0103r \u0219i a mecanismului de alimentare cu material, nu este nevoie s\u0103 preg\u0103ti\u021bi \u00een mod special lemnul \u00eenainte de m\u0103run\u021bire &#8211; ma\u0219ina va lua singur\u0103 materialul odat\u0103 ce este plasat \u00een bunc\u0103r.  <\/span><span style=\"margin: 0px; padding: 0px; border: 0px; vertical-align: baseline; line-height: inherit;\">Toc\u0103torul hidraulic  <\/span><span style=\"margin: 0px; padding: 0px; border: 0px; vertical-align: baseline; line-height: inherit;\">Cyclone 130 \u00ee\u0219i va dovedi utilitatea at\u00e2t \u00een utilizarea profesional\u0103, cum ar fi \u00een silvicultur\u0103 sau \u00een gestionarea spa\u021biilor verzi, c\u00e2t \u0219i \u00een utilizarea individual\u0103, oferind asisten\u021b\u0103 \u00een fiecare ferm\u0103.<\/span><\/p>\n","protected":false},"excerpt":{"rendered":"<p style=\"text-align: justify;\">Acest model de toc\u0103tor de lemn este echipat cu o rol\u0103 de alimentare hidraulic\u0103. Acest lucru face ca lucrul cu ma\u0219ina s\u0103 fie mai simplu \u0219i mai pu\u021bin for\u021bat &#8211; pur \u0219i simplu introduce\u021bi materialul \u00een alimentator, iar rola \u00eel deplaseaz\u0103 mai departe. Prezen\u021ba rolei afecteaz\u0103, de asemenea, func\u021bionarea ma\u0219inii \u00een sine, f\u0103c\u00e2ndu-o mai eficient\u0103.<\/p>\n","protected":false},"featured_media":7564,"comment_status":"open","ping_status":"closed","template":"","meta":{"_acf_changed":false,"inline_featured_image":false},"product_brand":[],"product_cat":[404,403],"product_tag":[],"class_list":{"0":"post-10999","1":"product","2":"type-product","3":"status-publish","4":"has-post-thumbnail","6":"product_cat-cioburi-cyklon-130","7":"product_cat-tocatoare-de-lemn","9":"first","10":"onbackorder","11":"taxable","12":"shipping-taxable","13":"purchasable","14":"product-type-simple"},"acf":[],"yoast_head":"<!-- This site is optimized with the Yoast SEO plugin v27.3 - https:\/\/yoast.com\/product\/yoast-seo-wordpress\/ -->\n<title>Toc\u0103torul hidraulic CYKLON 130 - Exparto.pl<\/title>\n<meta name=\"robots\" content=\"index, follow, max-snippet:-1, max-image-preview:large, max-video-preview:-1\" \/>\n<link rel=\"canonical\" href=\"https:\/\/exparto.pl\/ro\/produkt\/rebak-hidraulic-cyclone-130\/\" \/>\n<meta property=\"og:locale\" content=\"ro_RO\" \/>\n<meta property=\"og:type\" content=\"article\" \/>\n<meta property=\"og:title\" content=\"Toc\u0103torul hidraulic CYKLON 130 - Exparto.pl\" \/>\n<meta property=\"og:description\" content=\"Acest model de toc\u0103tor de lemn este echipat cu o rol\u0103 de alimentare hidraulic\u0103. Acest lucru face ca lucrul cu ma\u0219ina s\u0103 fie mai simplu \u0219i mai pu\u021bin for\u021bat - pur \u0219i simplu introduce\u021bi materialul \u00een alimentator, iar rola \u00eel deplaseaz\u0103 mai departe. Prezen\u021ba rolei afecteaz\u0103, de asemenea, func\u021bionarea ma\u0219inii \u00een sine, f\u0103c\u00e2ndu-o mai eficient\u0103.\" \/>\n<meta property=\"og:url\" content=\"https:\/\/exparto.pl\/ro\/produkt\/rebak-hidraulic-cyclone-130\/\" \/>\n<meta property=\"og:site_name\" content=\"Exparto.pl\" \/>\n<meta property=\"article:publisher\" content=\"https:\/\/www.facebook.com\/exparto.agro\/\" \/>\n<meta property=\"og:image\" content=\"https:\/\/exparto.pl\/wp-content\/uploads\/2023\/06\/99a3bf672be9f4fdcd6cb1253f6210f2.jpg\" \/>\n\t<meta property=\"og:image:width\" content=\"1000\" \/>\n\t<meta property=\"og:image:height\" content=\"1000\" \/>\n\t<meta property=\"og:image:type\" content=\"image\/jpeg\" \/>\n<meta name=\"twitter:card\" content=\"summary_large_image\" \/>\n<meta name=\"twitter:label1\" content=\"Timp estimat pentru citire\" \/>\n\t<meta name=\"twitter:data1\" content=\"4 minute\" \/>\n<script type=\"application\/ld+json\" class=\"yoast-schema-graph\">{\"@context\":\"https:\\\/\\\/schema.org\",\"@graph\":[{\"@type\":\"WebPage\",\"@id\":\"https:\\\/\\\/exparto.pl\\\/ro\\\/produkt\\\/rebak-hidraulic-cyclone-130\\\/\",\"url\":\"https:\\\/\\\/exparto.pl\\\/ro\\\/produkt\\\/rebak-hidraulic-cyclone-130\\\/\",\"name\":\"Toc\u0103torul hidraulic CYKLON 130 - Exparto.pl\",\"isPartOf\":{\"@id\":\"https:\\\/\\\/exparto.pl\\\/ro\\\/#website\"},\"primaryImageOfPage\":{\"@id\":\"https:\\\/\\\/exparto.pl\\\/ro\\\/produkt\\\/rebak-hidraulic-cyclone-130\\\/#primaryimage\"},\"image\":{\"@id\":\"https:\\\/\\\/exparto.pl\\\/ro\\\/produkt\\\/rebak-hidraulic-cyclone-130\\\/#primaryimage\"},\"thumbnailUrl\":\"https:\\\/\\\/exparto.pl\\\/wp-content\\\/uploads\\\/2023\\\/06\\\/99a3bf672be9f4fdcd6cb1253f6210f2.jpg\",\"datePublished\":\"2023-06-23T06:58:23+00:00\",\"breadcrumb\":{\"@id\":\"https:\\\/\\\/exparto.pl\\\/ro\\\/produkt\\\/rebak-hidraulic-cyclone-130\\\/#breadcrumb\"},\"inLanguage\":\"ro-RO\",\"potentialAction\":[{\"@type\":\"ReadAction\",\"target\":[\"https:\\\/\\\/exparto.pl\\\/ro\\\/produkt\\\/rebak-hidraulic-cyclone-130\\\/\"]}]},{\"@type\":\"ImageObject\",\"inLanguage\":\"ro-RO\",\"@id\":\"https:\\\/\\\/exparto.pl\\\/ro\\\/produkt\\\/rebak-hidraulic-cyclone-130\\\/#primaryimage\",\"url\":\"https:\\\/\\\/exparto.pl\\\/wp-content\\\/uploads\\\/2023\\\/06\\\/99a3bf672be9f4fdcd6cb1253f6210f2.jpg\",\"contentUrl\":\"https:\\\/\\\/exparto.pl\\\/wp-content\\\/uploads\\\/2023\\\/06\\\/99a3bf672be9f4fdcd6cb1253f6210f2.jpg\",\"width\":1000,\"height\":1000},{\"@type\":\"BreadcrumbList\",\"@id\":\"https:\\\/\\\/exparto.pl\\\/ro\\\/produkt\\\/rebak-hidraulic-cyclone-130\\\/#breadcrumb\",\"itemListElement\":[{\"@type\":\"ListItem\",\"position\":1,\"name\":\"Pagina de start\",\"item\":\"https:\\\/\\\/exparto.pl\\\/ro\\\/pagina-de-start\\\/\"},{\"@type\":\"ListItem\",\"position\":2,\"name\":\"Sklep\",\"item\":\"https:\\\/\\\/exparto.pl\\\/sklep\\\/\"},{\"@type\":\"ListItem\",\"position\":3,\"name\":\"Toc\u0103toare de lemn\",\"item\":\"https:\\\/\\\/exparto.pl\\\/ro\\\/categoria-de-produse\\\/tocatoare-de-lemn\\\/\"},{\"@type\":\"ListItem\",\"position\":4,\"name\":\"Cioburi Cyklon 130\",\"item\":\"https:\\\/\\\/exparto.pl\\\/ro\\\/categoria-de-produse\\\/tocatoare-de-lemn\\\/cioburi-cyklon-130\\\/\"},{\"@type\":\"ListItem\",\"position\":5,\"name\":\"Toc\u0103torul hidraulic CYKLON 130\"}]},{\"@type\":\"WebSite\",\"@id\":\"https:\\\/\\\/exparto.pl\\\/ro\\\/#website\",\"url\":\"https:\\\/\\\/exparto.pl\\\/ro\\\/\",\"name\":\"EXPARTO\",\"description\":\"More than agro parts\",\"publisher\":{\"@id\":\"https:\\\/\\\/exparto.pl\\\/ro\\\/#organization\"},\"potentialAction\":[{\"@type\":\"SearchAction\",\"target\":{\"@type\":\"EntryPoint\",\"urlTemplate\":\"https:\\\/\\\/exparto.pl\\\/ro\\\/?s={search_term_string}\"},\"query-input\":{\"@type\":\"PropertyValueSpecification\",\"valueRequired\":true,\"valueName\":\"search_term_string\"}}],\"inLanguage\":\"ro-RO\"},{\"@type\":\"Organization\",\"@id\":\"https:\\\/\\\/exparto.pl\\\/ro\\\/#organization\",\"name\":\"EXPARTO\",\"url\":\"https:\\\/\\\/exparto.pl\\\/ro\\\/\",\"logo\":{\"@type\":\"ImageObject\",\"inLanguage\":\"ro-RO\",\"@id\":\"https:\\\/\\\/exparto.pl\\\/ro\\\/#\\\/schema\\\/logo\\\/image\\\/\",\"url\":\"https:\\\/\\\/exparto.pl\\\/wp-content\\\/uploads\\\/2023\\\/02\\\/logo-wektor.png\",\"contentUrl\":\"https:\\\/\\\/exparto.pl\\\/wp-content\\\/uploads\\\/2023\\\/02\\\/logo-wektor.png\",\"width\":1338,\"height\":143,\"caption\":\"EXPARTO\"},\"image\":{\"@id\":\"https:\\\/\\\/exparto.pl\\\/ro\\\/#\\\/schema\\\/logo\\\/image\\\/\"},\"sameAs\":[\"https:\\\/\\\/www.facebook.com\\\/exparto.agro\\\/\"]}]}<\/script>\n<!-- \/ Yoast SEO plugin. -->","yoast_head_json":{"title":"Toc\u0103torul hidraulic CYKLON 130 - Exparto.pl","robots":{"index":"index","follow":"follow","max-snippet":"max-snippet:-1","max-image-preview":"max-image-preview:large","max-video-preview":"max-video-preview:-1"},"canonical":"https:\/\/exparto.pl\/ro\/produkt\/rebak-hidraulic-cyclone-130\/","og_locale":"ro_RO","og_type":"article","og_title":"Toc\u0103torul hidraulic CYKLON 130 - Exparto.pl","og_description":"Acest model de toc\u0103tor de lemn este echipat cu o rol\u0103 de alimentare hidraulic\u0103. Acest lucru face ca lucrul cu ma\u0219ina s\u0103 fie mai simplu \u0219i mai pu\u021bin for\u021bat - pur \u0219i simplu introduce\u021bi materialul \u00een alimentator, iar rola \u00eel deplaseaz\u0103 mai departe. Prezen\u021ba rolei afecteaz\u0103, de asemenea, func\u021bionarea ma\u0219inii \u00een sine, f\u0103c\u00e2ndu-o mai eficient\u0103.","og_url":"https:\/\/exparto.pl\/ro\/produkt\/rebak-hidraulic-cyclone-130\/","og_site_name":"Exparto.pl","article_publisher":"https:\/\/www.facebook.com\/exparto.agro\/","og_image":[{"width":1000,"height":1000,"url":"https:\/\/exparto.pl\/wp-content\/uploads\/2023\/06\/99a3bf672be9f4fdcd6cb1253f6210f2.jpg","type":"image\/jpeg"}],"twitter_card":"summary_large_image","twitter_misc":{"Timp estimat pentru citire":"4 minute"},"schema":{"@context":"https:\/\/schema.org","@graph":[{"@type":"WebPage","@id":"https:\/\/exparto.pl\/ro\/produkt\/rebak-hidraulic-cyclone-130\/","url":"https:\/\/exparto.pl\/ro\/produkt\/rebak-hidraulic-cyclone-130\/","name":"Toc\u0103torul hidraulic CYKLON 130 - Exparto.pl","isPartOf":{"@id":"https:\/\/exparto.pl\/ro\/#website"},"primaryImageOfPage":{"@id":"https:\/\/exparto.pl\/ro\/produkt\/rebak-hidraulic-cyclone-130\/#primaryimage"},"image":{"@id":"https:\/\/exparto.pl\/ro\/produkt\/rebak-hidraulic-cyclone-130\/#primaryimage"},"thumbnailUrl":"https:\/\/exparto.pl\/wp-content\/uploads\/2023\/06\/99a3bf672be9f4fdcd6cb1253f6210f2.jpg","datePublished":"2023-06-23T06:58:23+00:00","breadcrumb":{"@id":"https:\/\/exparto.pl\/ro\/produkt\/rebak-hidraulic-cyclone-130\/#breadcrumb"},"inLanguage":"ro-RO","potentialAction":[{"@type":"ReadAction","target":["https:\/\/exparto.pl\/ro\/produkt\/rebak-hidraulic-cyclone-130\/"]}]},{"@type":"ImageObject","inLanguage":"ro-RO","@id":"https:\/\/exparto.pl\/ro\/produkt\/rebak-hidraulic-cyclone-130\/#primaryimage","url":"https:\/\/exparto.pl\/wp-content\/uploads\/2023\/06\/99a3bf672be9f4fdcd6cb1253f6210f2.jpg","contentUrl":"https:\/\/exparto.pl\/wp-content\/uploads\/2023\/06\/99a3bf672be9f4fdcd6cb1253f6210f2.jpg","width":1000,"height":1000},{"@type":"BreadcrumbList","@id":"https:\/\/exparto.pl\/ro\/produkt\/rebak-hidraulic-cyclone-130\/#breadcrumb","itemListElement":[{"@type":"ListItem","position":1,"name":"Pagina de start","item":"https:\/\/exparto.pl\/ro\/pagina-de-start\/"},{"@type":"ListItem","position":2,"name":"Sklep","item":"https:\/\/exparto.pl\/sklep\/"},{"@type":"ListItem","position":3,"name":"Toc\u0103toare de lemn","item":"https:\/\/exparto.pl\/ro\/categoria-de-produse\/tocatoare-de-lemn\/"},{"@type":"ListItem","position":4,"name":"Cioburi Cyklon 130","item":"https:\/\/exparto.pl\/ro\/categoria-de-produse\/tocatoare-de-lemn\/cioburi-cyklon-130\/"},{"@type":"ListItem","position":5,"name":"Toc\u0103torul hidraulic CYKLON 130"}]},{"@type":"WebSite","@id":"https:\/\/exparto.pl\/ro\/#website","url":"https:\/\/exparto.pl\/ro\/","name":"EXPARTO","description":"More than agro parts","publisher":{"@id":"https:\/\/exparto.pl\/ro\/#organization"},"potentialAction":[{"@type":"SearchAction","target":{"@type":"EntryPoint","urlTemplate":"https:\/\/exparto.pl\/ro\/?s={search_term_string}"},"query-input":{"@type":"PropertyValueSpecification","valueRequired":true,"valueName":"search_term_string"}}],"inLanguage":"ro-RO"},{"@type":"Organization","@id":"https:\/\/exparto.pl\/ro\/#organization","name":"EXPARTO","url":"https:\/\/exparto.pl\/ro\/","logo":{"@type":"ImageObject","inLanguage":"ro-RO","@id":"https:\/\/exparto.pl\/ro\/#\/schema\/logo\/image\/","url":"https:\/\/exparto.pl\/wp-content\/uploads\/2023\/02\/logo-wektor.png","contentUrl":"https:\/\/exparto.pl\/wp-content\/uploads\/2023\/02\/logo-wektor.png","width":1338,"height":143,"caption":"EXPARTO"},"image":{"@id":"https:\/\/exparto.pl\/ro\/#\/schema\/logo\/image\/"},"sameAs":["https:\/\/www.facebook.com\/exparto.agro\/"]}]}},"_links":{"self":[{"href":"https:\/\/exparto.pl\/ro\/wp-json\/wp\/v2\/product\/10999","targetHints":{"allow":["GET"]}}],"collection":[{"href":"https:\/\/exparto.pl\/ro\/wp-json\/wp\/v2\/product"}],"about":[{"href":"https:\/\/exparto.pl\/ro\/wp-json\/wp\/v2\/types\/product"}],"replies":[{"embeddable":true,"href":"https:\/\/exparto.pl\/ro\/wp-json\/wp\/v2\/comments?post=10999"}],"wp:featuredmedia":[{"embeddable":true,"href":"https:\/\/exparto.pl\/ro\/wp-json\/wp\/v2\/media\/7564"}],"wp:attachment":[{"href":"https:\/\/exparto.pl\/ro\/wp-json\/wp\/v2\/media?parent=10999"}],"wp:term":[{"taxonomy":"product_brand","embeddable":true,"href":"https:\/\/exparto.pl\/ro\/wp-json\/wp\/v2\/product_brand?post=10999"},{"taxonomy":"product_cat","embeddable":true,"href":"https:\/\/exparto.pl\/ro\/wp-json\/wp\/v2\/product_cat?post=10999"},{"taxonomy":"product_tag","embeddable":true,"href":"https:\/\/exparto.pl\/ro\/wp-json\/wp\/v2\/product_tag?post=10999"}],"curies":[{"name":"wp","href":"https:\/\/api.w.org\/{rel}","templated":true}]}}