{"id":11063,"date":"2023-05-25T11:07:59","date_gmt":"2023-05-25T09:07:59","guid":{"rendered":"https:\/\/exparto.pl\/produkt\/lampa-combinata-spate-cleomax-lzd-2840\/"},"modified":"2023-05-25T11:07:59","modified_gmt":"2023-05-25T09:07:59","slug":"lamp-back-cleomax-lzd-2840","status":"publish","type":"product","link":"https:\/\/exparto.pl\/ro\/produkt\/lamp-back-cleomax-lzd-2840\/","title":{"rendered":"Lamp\u0103 combinat\u0103 spate CLEOmax &#8211; LZD 2840"},"content":{"rendered":"<p style=\"text-align: justify\">Lampa combinat\u0103 <strong>CLEOmax LZD 2840<\/strong> se distinge prin designul s\u0103u atr\u0103g\u0103tor \u0219i modern, prin utilizarea de materiale de calitate superioar\u0103 \u0219i prin fabricarea sa cu ajutorul tehnologiei LED cu consum redus de energie, care asigur\u0103 o performan\u021b\u0103 luminoas\u0103 foarte bun\u0103 la un consum de energie foarte redus. Lampa este complet ermetic\u0103 (conform IP 68), iar intervalul de temperatur\u0103 de func\u021bionare este de la -30 grade Celsius. C p\u00e2n\u0103 la + 50 deg. C. \u00cen produc\u021bie sunt utilizate numai diode de marc\u0103, asigur\u00e2nd produse de \u00eenalt\u0103 calitate. De asemenea, este garantat faptul c\u0103 lampa nu va interfera cu alte echipamente electrice sau electronice din vehicul, fapt confirmat prin aprobarea compatibilit\u0103\u021bii electromagnetice.<\/p>\n<p style=\"text-align: justify\"><strong>LZD 2840<\/strong> poate fi montat \u00een mod universal \u0219i poate fi instalat pe partea st\u00e2ng\u0103 sau dreapt\u0103 a vehiculului, pe vertical\u0103 sau pe orizontal\u0103. Lamp\u0103 echipat\u0103 cu func\u021bii luminoase: lumin\u0103 de pozi\u021bie cu efect <strong>NEON<\/strong>, indicator de direc\u021bie, lumin\u0103 de fr\u00e2n\u0103, lumin\u0103 de cea\u021b\u0103 \u0219i reflector.<\/p>\n<p style=\"text-align: justify\">Acest model va func\u021biona bine, printre altele. \u00een vehicule precum remorci, semiremorci, remorci, ma\u0219ini agricole \u0219i vehicule specializate.<\/p>\n","protected":false},"excerpt":{"rendered":"<p>Lamp\u0103 combinat\u0103 spate CLEOmax<\/p>\n","protected":false},"featured_media":6064,"comment_status":"open","ping_status":"closed","template":"","meta":{"_acf_changed":false,"inline_featured_image":false},"product_brand":[],"product_cat":[411],"product_tag":[],"class_list":{"0":"post-11063","1":"product","2":"type-product","3":"status-publish","4":"has-post-thumbnail","6":"product_cat-lampi-combinate","8":"first","9":"instock","10":"taxable","11":"shipping-taxable","12":"purchasable","13":"product-type-simple"},"acf":[],"yoast_head":"<!-- This site is optimized with the Yoast SEO plugin v27.4 - https:\/\/yoast.com\/product\/yoast-seo-wordpress\/ -->\n<title>Lamp\u0103 combinat\u0103 spate CLEOmax - LZD 2840 - Exparto.pl<\/title>\n<meta name=\"robots\" content=\"index, follow, max-snippet:-1, max-image-preview:large, max-video-preview:-1\" \/>\n<link rel=\"canonical\" href=\"https:\/\/exparto.pl\/ro\/produkt\/lamp-back-cleomax-lzd-2840\/\" \/>\n<meta property=\"og:locale\" content=\"ro_RO\" \/>\n<meta property=\"og:type\" content=\"article\" \/>\n<meta property=\"og:title\" content=\"Lamp\u0103 combinat\u0103 spate CLEOmax - LZD 2840 - Exparto.pl\" \/>\n<meta property=\"og:description\" content=\"Lamp\u0103 combinat\u0103 spate CLEOmax\" \/>\n<meta property=\"og:url\" content=\"https:\/\/exparto.pl\/ro\/produkt\/lamp-back-cleomax-lzd-2840\/\" \/>\n<meta property=\"og:site_name\" content=\"Exparto.pl\" \/>\n<meta property=\"article:publisher\" content=\"https:\/\/www.facebook.com\/exparto.agro\/\" \/>\n<meta property=\"og:image\" content=\"https:\/\/exparto.pl\/wp-content\/uploads\/2023\/05\/d9fcfad5fca378407bb985208deaa448.jpg\" \/>\n\t<meta property=\"og:image:width\" content=\"770\" \/>\n\t<meta property=\"og:image:height\" content=\"546\" \/>\n\t<meta property=\"og:image:type\" content=\"image\/jpeg\" \/>\n<meta name=\"twitter:card\" content=\"summary_large_image\" \/>\n<meta name=\"twitter:label1\" content=\"Timp estimat pentru citire\" \/>\n\t<meta name=\"twitter:data1\" content=\"1 minut\" \/>\n<script type=\"application\/ld+json\" class=\"yoast-schema-graph\">{\"@context\":\"https:\\\/\\\/schema.org\",\"@graph\":[{\"@type\":\"WebPage\",\"@id\":\"https:\\\/\\\/exparto.pl\\\/ro\\\/produkt\\\/lamp-back-cleomax-lzd-2840\\\/\",\"url\":\"https:\\\/\\\/exparto.pl\\\/ro\\\/produkt\\\/lamp-back-cleomax-lzd-2840\\\/\",\"name\":\"Lamp\u0103 combinat\u0103 spate CLEOmax - LZD 2840 - Exparto.pl\",\"isPartOf\":{\"@id\":\"https:\\\/\\\/exparto.pl\\\/ro\\\/#website\"},\"primaryImageOfPage\":{\"@id\":\"https:\\\/\\\/exparto.pl\\\/ro\\\/produkt\\\/lamp-back-cleomax-lzd-2840\\\/#primaryimage\"},\"image\":{\"@id\":\"https:\\\/\\\/exparto.pl\\\/ro\\\/produkt\\\/lamp-back-cleomax-lzd-2840\\\/#primaryimage\"},\"thumbnailUrl\":\"https:\\\/\\\/exparto.pl\\\/wp-content\\\/uploads\\\/2023\\\/05\\\/d9fcfad5fca378407bb985208deaa448.jpg\",\"datePublished\":\"2023-05-25T09:07:59+00:00\",\"breadcrumb\":{\"@id\":\"https:\\\/\\\/exparto.pl\\\/ro\\\/produkt\\\/lamp-back-cleomax-lzd-2840\\\/#breadcrumb\"},\"inLanguage\":\"ro-RO\",\"potentialAction\":[{\"@type\":\"ReadAction\",\"target\":[\"https:\\\/\\\/exparto.pl\\\/ro\\\/produkt\\\/lamp-back-cleomax-lzd-2840\\\/\"]}]},{\"@type\":\"ImageObject\",\"inLanguage\":\"ro-RO\",\"@id\":\"https:\\\/\\\/exparto.pl\\\/ro\\\/produkt\\\/lamp-back-cleomax-lzd-2840\\\/#primaryimage\",\"url\":\"https:\\\/\\\/exparto.pl\\\/wp-content\\\/uploads\\\/2023\\\/05\\\/d9fcfad5fca378407bb985208deaa448.jpg\",\"contentUrl\":\"https:\\\/\\\/exparto.pl\\\/wp-content\\\/uploads\\\/2023\\\/05\\\/d9fcfad5fca378407bb985208deaa448.jpg\",\"width\":770,\"height\":546},{\"@type\":\"BreadcrumbList\",\"@id\":\"https:\\\/\\\/exparto.pl\\\/ro\\\/produkt\\\/lamp-back-cleomax-lzd-2840\\\/#breadcrumb\",\"itemListElement\":[{\"@type\":\"ListItem\",\"position\":1,\"name\":\"Pagina de start\",\"item\":\"https:\\\/\\\/exparto.pl\\\/ro\\\/pagina-de-start\\\/\"},{\"@type\":\"ListItem\",\"position\":2,\"name\":\"Sklep\",\"item\":\"https:\\\/\\\/exparto.pl\\\/sklep\\\/\"},{\"@type\":\"ListItem\",\"position\":3,\"name\":\"L\u0103mpi combinate\",\"item\":\"https:\\\/\\\/exparto.pl\\\/ro\\\/categoria-de-produse\\\/iluminat\\\/lampi-combinate\\\/\"},{\"@type\":\"ListItem\",\"position\":4,\"name\":\"Lamp\u0103 combinat\u0103 spate CLEOmax &#8211; LZD 2840\"}]},{\"@type\":\"WebSite\",\"@id\":\"https:\\\/\\\/exparto.pl\\\/ro\\\/#website\",\"url\":\"https:\\\/\\\/exparto.pl\\\/ro\\\/\",\"name\":\"EXPARTO\",\"description\":\"More than agro parts\",\"publisher\":{\"@id\":\"https:\\\/\\\/exparto.pl\\\/ro\\\/#organization\"},\"potentialAction\":[{\"@type\":\"SearchAction\",\"target\":{\"@type\":\"EntryPoint\",\"urlTemplate\":\"https:\\\/\\\/exparto.pl\\\/ro\\\/?s={search_term_string}\"},\"query-input\":{\"@type\":\"PropertyValueSpecification\",\"valueRequired\":true,\"valueName\":\"search_term_string\"}}],\"inLanguage\":\"ro-RO\"},{\"@type\":\"Organization\",\"@id\":\"https:\\\/\\\/exparto.pl\\\/ro\\\/#organization\",\"name\":\"EXPARTO\",\"url\":\"https:\\\/\\\/exparto.pl\\\/ro\\\/\",\"logo\":{\"@type\":\"ImageObject\",\"inLanguage\":\"ro-RO\",\"@id\":\"https:\\\/\\\/exparto.pl\\\/ro\\\/#\\\/schema\\\/logo\\\/image\\\/\",\"url\":\"https:\\\/\\\/exparto.pl\\\/wp-content\\\/uploads\\\/2023\\\/02\\\/logo-wektor.png\",\"contentUrl\":\"https:\\\/\\\/exparto.pl\\\/wp-content\\\/uploads\\\/2023\\\/02\\\/logo-wektor.png\",\"width\":1338,\"height\":143,\"caption\":\"EXPARTO\"},\"image\":{\"@id\":\"https:\\\/\\\/exparto.pl\\\/ro\\\/#\\\/schema\\\/logo\\\/image\\\/\"},\"sameAs\":[\"https:\\\/\\\/www.facebook.com\\\/exparto.agro\\\/\"]}]}<\/script>\n<!-- \/ Yoast SEO plugin. -->","yoast_head_json":{"title":"Lamp\u0103 combinat\u0103 spate CLEOmax - LZD 2840 - Exparto.pl","robots":{"index":"index","follow":"follow","max-snippet":"max-snippet:-1","max-image-preview":"max-image-preview:large","max-video-preview":"max-video-preview:-1"},"canonical":"https:\/\/exparto.pl\/ro\/produkt\/lamp-back-cleomax-lzd-2840\/","og_locale":"ro_RO","og_type":"article","og_title":"Lamp\u0103 combinat\u0103 spate CLEOmax - LZD 2840 - Exparto.pl","og_description":"Lamp\u0103 combinat\u0103 spate CLEOmax","og_url":"https:\/\/exparto.pl\/ro\/produkt\/lamp-back-cleomax-lzd-2840\/","og_site_name":"Exparto.pl","article_publisher":"https:\/\/www.facebook.com\/exparto.agro\/","og_image":[{"width":770,"height":546,"url":"https:\/\/exparto.pl\/wp-content\/uploads\/2023\/05\/d9fcfad5fca378407bb985208deaa448.jpg","type":"image\/jpeg"}],"twitter_card":"summary_large_image","twitter_misc":{"Timp estimat pentru citire":"1 minut"},"schema":{"@context":"https:\/\/schema.org","@graph":[{"@type":"WebPage","@id":"https:\/\/exparto.pl\/ro\/produkt\/lamp-back-cleomax-lzd-2840\/","url":"https:\/\/exparto.pl\/ro\/produkt\/lamp-back-cleomax-lzd-2840\/","name":"Lamp\u0103 combinat\u0103 spate CLEOmax - LZD 2840 - Exparto.pl","isPartOf":{"@id":"https:\/\/exparto.pl\/ro\/#website"},"primaryImageOfPage":{"@id":"https:\/\/exparto.pl\/ro\/produkt\/lamp-back-cleomax-lzd-2840\/#primaryimage"},"image":{"@id":"https:\/\/exparto.pl\/ro\/produkt\/lamp-back-cleomax-lzd-2840\/#primaryimage"},"thumbnailUrl":"https:\/\/exparto.pl\/wp-content\/uploads\/2023\/05\/d9fcfad5fca378407bb985208deaa448.jpg","datePublished":"2023-05-25T09:07:59+00:00","breadcrumb":{"@id":"https:\/\/exparto.pl\/ro\/produkt\/lamp-back-cleomax-lzd-2840\/#breadcrumb"},"inLanguage":"ro-RO","potentialAction":[{"@type":"ReadAction","target":["https:\/\/exparto.pl\/ro\/produkt\/lamp-back-cleomax-lzd-2840\/"]}]},{"@type":"ImageObject","inLanguage":"ro-RO","@id":"https:\/\/exparto.pl\/ro\/produkt\/lamp-back-cleomax-lzd-2840\/#primaryimage","url":"https:\/\/exparto.pl\/wp-content\/uploads\/2023\/05\/d9fcfad5fca378407bb985208deaa448.jpg","contentUrl":"https:\/\/exparto.pl\/wp-content\/uploads\/2023\/05\/d9fcfad5fca378407bb985208deaa448.jpg","width":770,"height":546},{"@type":"BreadcrumbList","@id":"https:\/\/exparto.pl\/ro\/produkt\/lamp-back-cleomax-lzd-2840\/#breadcrumb","itemListElement":[{"@type":"ListItem","position":1,"name":"Pagina de start","item":"https:\/\/exparto.pl\/ro\/pagina-de-start\/"},{"@type":"ListItem","position":2,"name":"Sklep","item":"https:\/\/exparto.pl\/sklep\/"},{"@type":"ListItem","position":3,"name":"L\u0103mpi combinate","item":"https:\/\/exparto.pl\/ro\/categoria-de-produse\/iluminat\/lampi-combinate\/"},{"@type":"ListItem","position":4,"name":"Lamp\u0103 combinat\u0103 spate CLEOmax &#8211; LZD 2840"}]},{"@type":"WebSite","@id":"https:\/\/exparto.pl\/ro\/#website","url":"https:\/\/exparto.pl\/ro\/","name":"EXPARTO","description":"More than agro parts","publisher":{"@id":"https:\/\/exparto.pl\/ro\/#organization"},"potentialAction":[{"@type":"SearchAction","target":{"@type":"EntryPoint","urlTemplate":"https:\/\/exparto.pl\/ro\/?s={search_term_string}"},"query-input":{"@type":"PropertyValueSpecification","valueRequired":true,"valueName":"search_term_string"}}],"inLanguage":"ro-RO"},{"@type":"Organization","@id":"https:\/\/exparto.pl\/ro\/#organization","name":"EXPARTO","url":"https:\/\/exparto.pl\/ro\/","logo":{"@type":"ImageObject","inLanguage":"ro-RO","@id":"https:\/\/exparto.pl\/ro\/#\/schema\/logo\/image\/","url":"https:\/\/exparto.pl\/wp-content\/uploads\/2023\/02\/logo-wektor.png","contentUrl":"https:\/\/exparto.pl\/wp-content\/uploads\/2023\/02\/logo-wektor.png","width":1338,"height":143,"caption":"EXPARTO"},"image":{"@id":"https:\/\/exparto.pl\/ro\/#\/schema\/logo\/image\/"},"sameAs":["https:\/\/www.facebook.com\/exparto.agro\/"]}]}},"_links":{"self":[{"href":"https:\/\/exparto.pl\/ro\/wp-json\/wp\/v2\/product\/11063","targetHints":{"allow":["GET"]}}],"collection":[{"href":"https:\/\/exparto.pl\/ro\/wp-json\/wp\/v2\/product"}],"about":[{"href":"https:\/\/exparto.pl\/ro\/wp-json\/wp\/v2\/types\/product"}],"replies":[{"embeddable":true,"href":"https:\/\/exparto.pl\/ro\/wp-json\/wp\/v2\/comments?post=11063"}],"wp:featuredmedia":[{"embeddable":true,"href":"https:\/\/exparto.pl\/ro\/wp-json\/wp\/v2\/media\/6064"}],"wp:attachment":[{"href":"https:\/\/exparto.pl\/ro\/wp-json\/wp\/v2\/media?parent=11063"}],"wp:term":[{"taxonomy":"product_brand","embeddable":true,"href":"https:\/\/exparto.pl\/ro\/wp-json\/wp\/v2\/product_brand?post=11063"},{"taxonomy":"product_cat","embeddable":true,"href":"https:\/\/exparto.pl\/ro\/wp-json\/wp\/v2\/product_cat?post=11063"},{"taxonomy":"product_tag","embeddable":true,"href":"https:\/\/exparto.pl\/ro\/wp-json\/wp\/v2\/product_tag?post=11063"}],"curies":[{"name":"wp","href":"https:\/\/api.w.org\/{rel}","templated":true}]}}