{"id":11145,"date":"2023-05-25T11:07:11","date_gmt":"2023-05-25T09:07:11","guid":{"rendered":"https:\/\/exparto.pl\/produkt\/lampa-de-lucru-subtire-lrd-2983\/"},"modified":"2023-05-25T11:07:11","modified_gmt":"2023-05-25T09:07:11","slug":"lampa-robocza-slim-lrd-2983-2","status":"publish","type":"product","link":"https:\/\/exparto.pl\/ro\/produkt\/lampa-robocza-slim-lrd-2983-2\/","title":{"rendered":"Lamp\u0103 de lucru sub\u021bire &#8211; LRD 2983"},"content":{"rendered":"<p style=\"margin-bottom: 1rem;text-align: justify\">Gama Horpol de l\u0103mpi de lucru a fost extins\u0103 pentru a include produse \u00een versiune SLIM, cu codurile LRD 2983, LRD 2984 cu func\u021bie de inversare \u0219i LRD 2985 cu magnet \u0219i priz\u0103 pentru brichet\u0103. Printre altele, lampa de lucru LRD 2983 SLIM se distinge, printre altele, prin confortul l\u0103mpii \u0219i combina\u021bia optim\u0103 de parametri tehnici. Carcasa \u00een sine este realizat\u0103 din aluminiu, ceea ce faciliteaz\u0103 disiparea c\u0103ldurii. Suportul basculant ofer\u0103 posibilitatea de a modifica unghiul l\u0103mpii \u0219i, astfel, distribu\u021bia luminii.<\/p>\n<p style=\"margin-bottom: 1rem;text-align: justify\">Ca \u0219i restul l\u0103mpilor de lucru Horpol, l\u0103mpile SLIM sunt echipate cu <a href=\"https:\/\/horpol.pl\/oferta\/kategoria\/kategorie-lamp\/lampy-diodowe\/\">LED-uri<\/a>. C\u00e2mpul de lucru este iluminat de 6 LED-uri de culoare rece, care sunt pl\u0103cute ochiului atunci c\u00e2nd se lucreaz\u0103 pe timp de noapte. L\u0103mpile LRD sunt complet incasabile \u0219i rezistente la impact, fiind extrem de durabile \u00een contact cu murd\u0103ria \u0219i umiditatea.<\/p>\n","protected":false},"excerpt":{"rendered":"<p style=\"text-align: justify\">Lamp\u0103 de lucru sub\u021bire &#8211; LRD 2983<\/p>\n","protected":false},"featured_media":6120,"comment_status":"open","ping_status":"closed","template":"","meta":{"_acf_changed":false,"inline_featured_image":false},"product_brand":[],"product_cat":[412],"product_tag":[],"class_list":{"0":"post-11145","1":"product","2":"type-product","3":"status-publish","4":"has-post-thumbnail","6":"product_cat-lampile-de-lucru","8":"first","9":"outofstock","10":"taxable","11":"shipping-taxable","12":"purchasable","13":"product-type-simple"},"acf":[],"yoast_head":"<!-- This site is optimized with the Yoast SEO plugin v27.4 - https:\/\/yoast.com\/product\/yoast-seo-wordpress\/ -->\n<title>Lamp\u0103 de lucru sub\u021bire - LRD 2983 - Exparto.pl<\/title>\n<meta name=\"robots\" content=\"index, follow, max-snippet:-1, max-image-preview:large, max-video-preview:-1\" \/>\n<link rel=\"canonical\" href=\"https:\/\/exparto.pl\/ro\/produkt\/lampa-robocza-slim-lrd-2983-2\/\" \/>\n<meta property=\"og:locale\" content=\"ro_RO\" \/>\n<meta property=\"og:type\" content=\"article\" \/>\n<meta property=\"og:title\" content=\"Lamp\u0103 de lucru sub\u021bire - LRD 2983 - Exparto.pl\" \/>\n<meta property=\"og:description\" content=\"Lamp\u0103 de lucru sub\u021bire - LRD 2983\" \/>\n<meta property=\"og:url\" content=\"https:\/\/exparto.pl\/ro\/produkt\/lampa-robocza-slim-lrd-2983-2\/\" \/>\n<meta property=\"og:site_name\" content=\"Exparto.pl\" \/>\n<meta property=\"article:publisher\" content=\"https:\/\/www.facebook.com\/exparto.agro\/\" \/>\n<meta property=\"og:image\" content=\"https:\/\/exparto.pl\/wp-content\/uploads\/2023\/05\/7aa0bf0cd78a76937057154f01d981e0-1.png\" \/>\n\t<meta property=\"og:image:width\" content=\"770\" \/>\n\t<meta property=\"og:image:height\" content=\"512\" \/>\n\t<meta property=\"og:image:type\" content=\"image\/png\" \/>\n<meta name=\"twitter:card\" content=\"summary_large_image\" \/>\n<meta name=\"twitter:label1\" content=\"Timp estimat pentru citire\" \/>\n\t<meta name=\"twitter:data1\" content=\"1 minut\" \/>\n<script type=\"application\/ld+json\" class=\"yoast-schema-graph\">{\"@context\":\"https:\\\/\\\/schema.org\",\"@graph\":[{\"@type\":\"WebPage\",\"@id\":\"https:\\\/\\\/exparto.pl\\\/ro\\\/produkt\\\/lampa-robocza-slim-lrd-2983-2\\\/\",\"url\":\"https:\\\/\\\/exparto.pl\\\/ro\\\/produkt\\\/lampa-robocza-slim-lrd-2983-2\\\/\",\"name\":\"Lamp\u0103 de lucru sub\u021bire - LRD 2983 - Exparto.pl\",\"isPartOf\":{\"@id\":\"https:\\\/\\\/exparto.pl\\\/ro\\\/#website\"},\"primaryImageOfPage\":{\"@id\":\"https:\\\/\\\/exparto.pl\\\/ro\\\/produkt\\\/lampa-robocza-slim-lrd-2983-2\\\/#primaryimage\"},\"image\":{\"@id\":\"https:\\\/\\\/exparto.pl\\\/ro\\\/produkt\\\/lampa-robocza-slim-lrd-2983-2\\\/#primaryimage\"},\"thumbnailUrl\":\"https:\\\/\\\/exparto.pl\\\/wp-content\\\/uploads\\\/2023\\\/05\\\/7aa0bf0cd78a76937057154f01d981e0-1.png\",\"datePublished\":\"2023-05-25T09:07:11+00:00\",\"breadcrumb\":{\"@id\":\"https:\\\/\\\/exparto.pl\\\/ro\\\/produkt\\\/lampa-robocza-slim-lrd-2983-2\\\/#breadcrumb\"},\"inLanguage\":\"ro-RO\",\"potentialAction\":[{\"@type\":\"ReadAction\",\"target\":[\"https:\\\/\\\/exparto.pl\\\/ro\\\/produkt\\\/lampa-robocza-slim-lrd-2983-2\\\/\"]}]},{\"@type\":\"ImageObject\",\"inLanguage\":\"ro-RO\",\"@id\":\"https:\\\/\\\/exparto.pl\\\/ro\\\/produkt\\\/lampa-robocza-slim-lrd-2983-2\\\/#primaryimage\",\"url\":\"https:\\\/\\\/exparto.pl\\\/wp-content\\\/uploads\\\/2023\\\/05\\\/7aa0bf0cd78a76937057154f01d981e0-1.png\",\"contentUrl\":\"https:\\\/\\\/exparto.pl\\\/wp-content\\\/uploads\\\/2023\\\/05\\\/7aa0bf0cd78a76937057154f01d981e0-1.png\",\"width\":770,\"height\":512},{\"@type\":\"BreadcrumbList\",\"@id\":\"https:\\\/\\\/exparto.pl\\\/ro\\\/produkt\\\/lampa-robocza-slim-lrd-2983-2\\\/#breadcrumb\",\"itemListElement\":[{\"@type\":\"ListItem\",\"position\":1,\"name\":\"Pagina de start\",\"item\":\"https:\\\/\\\/exparto.pl\\\/ro\\\/pagina-de-start\\\/\"},{\"@type\":\"ListItem\",\"position\":2,\"name\":\"Sklep\",\"item\":\"https:\\\/\\\/exparto.pl\\\/sklep\\\/\"},{\"@type\":\"ListItem\",\"position\":3,\"name\":\"L\u0103mpile de lucru\",\"item\":\"https:\\\/\\\/exparto.pl\\\/ro\\\/categoria-de-produse\\\/iluminat\\\/lampile-de-lucru\\\/\"},{\"@type\":\"ListItem\",\"position\":4,\"name\":\"Lamp\u0103 de lucru sub\u021bire &#8211; LRD 2983\"}]},{\"@type\":\"WebSite\",\"@id\":\"https:\\\/\\\/exparto.pl\\\/ro\\\/#website\",\"url\":\"https:\\\/\\\/exparto.pl\\\/ro\\\/\",\"name\":\"EXPARTO\",\"description\":\"More than agro parts\",\"publisher\":{\"@id\":\"https:\\\/\\\/exparto.pl\\\/ro\\\/#organization\"},\"potentialAction\":[{\"@type\":\"SearchAction\",\"target\":{\"@type\":\"EntryPoint\",\"urlTemplate\":\"https:\\\/\\\/exparto.pl\\\/ro\\\/?s={search_term_string}\"},\"query-input\":{\"@type\":\"PropertyValueSpecification\",\"valueRequired\":true,\"valueName\":\"search_term_string\"}}],\"inLanguage\":\"ro-RO\"},{\"@type\":\"Organization\",\"@id\":\"https:\\\/\\\/exparto.pl\\\/ro\\\/#organization\",\"name\":\"EXPARTO\",\"url\":\"https:\\\/\\\/exparto.pl\\\/ro\\\/\",\"logo\":{\"@type\":\"ImageObject\",\"inLanguage\":\"ro-RO\",\"@id\":\"https:\\\/\\\/exparto.pl\\\/ro\\\/#\\\/schema\\\/logo\\\/image\\\/\",\"url\":\"https:\\\/\\\/exparto.pl\\\/wp-content\\\/uploads\\\/2023\\\/02\\\/logo-wektor.png\",\"contentUrl\":\"https:\\\/\\\/exparto.pl\\\/wp-content\\\/uploads\\\/2023\\\/02\\\/logo-wektor.png\",\"width\":1338,\"height\":143,\"caption\":\"EXPARTO\"},\"image\":{\"@id\":\"https:\\\/\\\/exparto.pl\\\/ro\\\/#\\\/schema\\\/logo\\\/image\\\/\"},\"sameAs\":[\"https:\\\/\\\/www.facebook.com\\\/exparto.agro\\\/\"]}]}<\/script>\n<!-- \/ Yoast SEO plugin. -->","yoast_head_json":{"title":"Lamp\u0103 de lucru sub\u021bire - LRD 2983 - Exparto.pl","robots":{"index":"index","follow":"follow","max-snippet":"max-snippet:-1","max-image-preview":"max-image-preview:large","max-video-preview":"max-video-preview:-1"},"canonical":"https:\/\/exparto.pl\/ro\/produkt\/lampa-robocza-slim-lrd-2983-2\/","og_locale":"ro_RO","og_type":"article","og_title":"Lamp\u0103 de lucru sub\u021bire - LRD 2983 - Exparto.pl","og_description":"Lamp\u0103 de lucru sub\u021bire - LRD 2983","og_url":"https:\/\/exparto.pl\/ro\/produkt\/lampa-robocza-slim-lrd-2983-2\/","og_site_name":"Exparto.pl","article_publisher":"https:\/\/www.facebook.com\/exparto.agro\/","og_image":[{"width":770,"height":512,"url":"https:\/\/exparto.pl\/wp-content\/uploads\/2023\/05\/7aa0bf0cd78a76937057154f01d981e0-1.png","type":"image\/png"}],"twitter_card":"summary_large_image","twitter_misc":{"Timp estimat pentru citire":"1 minut"},"schema":{"@context":"https:\/\/schema.org","@graph":[{"@type":"WebPage","@id":"https:\/\/exparto.pl\/ro\/produkt\/lampa-robocza-slim-lrd-2983-2\/","url":"https:\/\/exparto.pl\/ro\/produkt\/lampa-robocza-slim-lrd-2983-2\/","name":"Lamp\u0103 de lucru sub\u021bire - LRD 2983 - Exparto.pl","isPartOf":{"@id":"https:\/\/exparto.pl\/ro\/#website"},"primaryImageOfPage":{"@id":"https:\/\/exparto.pl\/ro\/produkt\/lampa-robocza-slim-lrd-2983-2\/#primaryimage"},"image":{"@id":"https:\/\/exparto.pl\/ro\/produkt\/lampa-robocza-slim-lrd-2983-2\/#primaryimage"},"thumbnailUrl":"https:\/\/exparto.pl\/wp-content\/uploads\/2023\/05\/7aa0bf0cd78a76937057154f01d981e0-1.png","datePublished":"2023-05-25T09:07:11+00:00","breadcrumb":{"@id":"https:\/\/exparto.pl\/ro\/produkt\/lampa-robocza-slim-lrd-2983-2\/#breadcrumb"},"inLanguage":"ro-RO","potentialAction":[{"@type":"ReadAction","target":["https:\/\/exparto.pl\/ro\/produkt\/lampa-robocza-slim-lrd-2983-2\/"]}]},{"@type":"ImageObject","inLanguage":"ro-RO","@id":"https:\/\/exparto.pl\/ro\/produkt\/lampa-robocza-slim-lrd-2983-2\/#primaryimage","url":"https:\/\/exparto.pl\/wp-content\/uploads\/2023\/05\/7aa0bf0cd78a76937057154f01d981e0-1.png","contentUrl":"https:\/\/exparto.pl\/wp-content\/uploads\/2023\/05\/7aa0bf0cd78a76937057154f01d981e0-1.png","width":770,"height":512},{"@type":"BreadcrumbList","@id":"https:\/\/exparto.pl\/ro\/produkt\/lampa-robocza-slim-lrd-2983-2\/#breadcrumb","itemListElement":[{"@type":"ListItem","position":1,"name":"Pagina de start","item":"https:\/\/exparto.pl\/ro\/pagina-de-start\/"},{"@type":"ListItem","position":2,"name":"Sklep","item":"https:\/\/exparto.pl\/sklep\/"},{"@type":"ListItem","position":3,"name":"L\u0103mpile de lucru","item":"https:\/\/exparto.pl\/ro\/categoria-de-produse\/iluminat\/lampile-de-lucru\/"},{"@type":"ListItem","position":4,"name":"Lamp\u0103 de lucru sub\u021bire &#8211; LRD 2983"}]},{"@type":"WebSite","@id":"https:\/\/exparto.pl\/ro\/#website","url":"https:\/\/exparto.pl\/ro\/","name":"EXPARTO","description":"More than agro parts","publisher":{"@id":"https:\/\/exparto.pl\/ro\/#organization"},"potentialAction":[{"@type":"SearchAction","target":{"@type":"EntryPoint","urlTemplate":"https:\/\/exparto.pl\/ro\/?s={search_term_string}"},"query-input":{"@type":"PropertyValueSpecification","valueRequired":true,"valueName":"search_term_string"}}],"inLanguage":"ro-RO"},{"@type":"Organization","@id":"https:\/\/exparto.pl\/ro\/#organization","name":"EXPARTO","url":"https:\/\/exparto.pl\/ro\/","logo":{"@type":"ImageObject","inLanguage":"ro-RO","@id":"https:\/\/exparto.pl\/ro\/#\/schema\/logo\/image\/","url":"https:\/\/exparto.pl\/wp-content\/uploads\/2023\/02\/logo-wektor.png","contentUrl":"https:\/\/exparto.pl\/wp-content\/uploads\/2023\/02\/logo-wektor.png","width":1338,"height":143,"caption":"EXPARTO"},"image":{"@id":"https:\/\/exparto.pl\/ro\/#\/schema\/logo\/image\/"},"sameAs":["https:\/\/www.facebook.com\/exparto.agro\/"]}]}},"_links":{"self":[{"href":"https:\/\/exparto.pl\/ro\/wp-json\/wp\/v2\/product\/11145","targetHints":{"allow":["GET"]}}],"collection":[{"href":"https:\/\/exparto.pl\/ro\/wp-json\/wp\/v2\/product"}],"about":[{"href":"https:\/\/exparto.pl\/ro\/wp-json\/wp\/v2\/types\/product"}],"replies":[{"embeddable":true,"href":"https:\/\/exparto.pl\/ro\/wp-json\/wp\/v2\/comments?post=11145"}],"wp:featuredmedia":[{"embeddable":true,"href":"https:\/\/exparto.pl\/ro\/wp-json\/wp\/v2\/media\/6120"}],"wp:attachment":[{"href":"https:\/\/exparto.pl\/ro\/wp-json\/wp\/v2\/media?parent=11145"}],"wp:term":[{"taxonomy":"product_brand","embeddable":true,"href":"https:\/\/exparto.pl\/ro\/wp-json\/wp\/v2\/product_brand?post=11145"},{"taxonomy":"product_cat","embeddable":true,"href":"https:\/\/exparto.pl\/ro\/wp-json\/wp\/v2\/product_cat?post=11145"},{"taxonomy":"product_tag","embeddable":true,"href":"https:\/\/exparto.pl\/ro\/wp-json\/wp\/v2\/product_tag?post=11145"}],"curies":[{"name":"wp","href":"https:\/\/api.w.org\/{rel}","templated":true}]}}