{"id":11221,"date":"2023-05-17T20:16:19","date_gmt":"2023-05-17T18:16:19","guid":{"rendered":"https:\/\/exparto.pl\/produkt\/cilindru-cilindru-telescopic-st5-1050-8t-suport\/"},"modified":"2023-05-17T20:16:19","modified_gmt":"2023-05-17T18:16:19","slug":"motor-cilindru-telescopic-st5-1050-8t-cradle","status":"publish","type":"product","link":"https:\/\/exparto.pl\/ro\/produkt\/motor-cilindru-telescopic-st5-1050-8t-cradle\/","title":{"rendered":"Cilindru cilindru telescopic ST5-1050 8T + suport"},"content":{"rendered":"<p class=\"MsoNormal\" style=\"text-align: justify\">Cilindrii <span style=\"color: inherit;font-weight: 700 !important\">telescopici<\/span> sunt un tip distinctiv de <span style=\"color: inherit;font-weight: 700 !important\">cilindru hidraulic<\/span>. Acestea asigur\u0103 func\u021bionarea corect\u0103 a mecanismului chiar \u0219i \u00een cele mai solicitante condi\u021bii de func\u021bionare. Acestea sunt capabile s\u0103 ridice cele mai grele \u00eenc\u0103rc\u0103turi, deoarece domeniul lor de presiune maxim\u0103 de func\u021bionare este cuprins \u00eentre 16-32 Mpa (160-320 bar).<\/p>\n<p class=\"MsoNormal\" style=\"text-align: justify\">Cilindrii telescopici au o <span style=\"color: inherit;font-weight: 700 !important\">gam\u0103 mai mare de curse<\/span> \u00een timpul func\u021bion\u0103rii cilindrilor, \u00een compara\u021bie cu motoarele hidraulice standard. De asemenea, acestea sunt echipate cu mai multe <span style=\"color: inherit;font-weight: 700 !important\">pistoane \u00eencorporate<\/span> care se extind pe r\u00e2nd &#8211; astfel \u00eenc\u00e2t extensia (a\u0219a-numita curs\u0103 de lucru) este foarte mare, \u00een ciuda lungimii lor scurte. Acestea sunt, de asemenea, cu o singur\u0103 fa\u021b\u0103, deoarece \u00een acest caz <span style=\"color: inherit;font-weight: 700 !important\">uleiul ac\u021bioneaz\u0103 sub presiune<\/span> pe o parte, determin\u00e2nd extinderea componentelor individuale ale dispozitivului de ac\u021bionare. Diversele modele de ac\u021bionare telescopic\u0103 difer\u0103, printre altele. cursa, precum \u0219i num\u0103rul de cilindri.<\/p>\n<p class=\"MsoNormal\" style=\"text-align: justify\">Pentru ca buteliile telescopice s\u0103 func\u021bioneze perfect pe o <span style=\"color: inherit;font-weight: 700 !important\">perioad\u0103 lung\u0103<\/span> de timp, acestea trebuie s\u0103 fie fabricate din materiale <span style=\"color: inherit;font-weight: 700 !important\">de \u00eenalt\u0103 calitate<\/span> &#8211; acest lucru prelunge\u0219te durata de via\u021b\u0103 a \u00eentregului sistem. Este bine dac\u0103 au \u0219i un finisaj cu <span style=\"color: inherit;font-weight: 700 !important\">vopsea \u00een dou\u0103 straturi<\/span>, care le protejeaz\u0103 \u0219i garanteaz\u0103 un aspect impecabil pentru mul\u021bi ani. Ar trebui s\u0103 ad\u0103ug\u0103m c\u0103 cilindrii telescopici sunt utiliza\u021bi \u00een principal la <span style=\"color: inherit;font-weight: 700 !important\">fabricarea remorcilor agricole<\/span>. Cu toate acestea, ele au performan\u021be bune \u0219i \u00een <span style=\"color: inherit;font-weight: 700 !important\">alte industrii<\/span>, inclusiv \u00een construc\u021bii, minerit, utilaje industriale \u0219i aerospa\u021biale \u0219i chiar \u00een sectorul mai larg al transporturilor.<\/p>\n<p class=\"MsoNormal\" style=\"text-align: justify\"><span style=\"text-align: start\"><span style=\"color: inherit;font-weight: 700 !important\">Leag\u0103nul<\/span> este realizat din <\/span><span style=\"text-align: start;font-weight: 700 !important\">o\u021bel structural<\/span><span style=\"text-align: start\">Scaunul cilindrului este \u00eent\u0103rit, iar \u00eencuietoarea cilindrului este \u00een\u0219urubat\u0103 cu \u0219uruburi Allen. Suport telescopic pentru cilindru fabricat din o\u021bel de calitate superioar\u0103. Prin utilizarea unui suport cu un actuator, se pot ob\u021bine urm\u0103toarele rezultate  <\/span><span style=\"text-align: start;font-weight: 700 !important\">bascularea \u00een trei direc\u021bii<\/span><span style=\"text-align: start\">. Dimensiunile geometrice controlate asigur\u0103  <\/span><span style=\"text-align: start;font-weight: 700 !important\">\u00eentotdeauna acela\u0219i unghi de oscila\u021bie, sigur<\/span><span style=\"text-align: start\">. Calitatea \u00eembin\u0103rilor sudate este controlat\u0103 \u00een conformitate cu cerin\u021bele ISO 5817 \u0219i tehnologia de sudare, \u00een conformitate cu cerin\u021bele cuprinse \u00een WPQR. Suportul se potrive\u0219te cu actuatoarele selectate din gama noastr\u0103.<\/span><\/p>\n","protected":false},"excerpt":{"rendered":"<p style=\"text-align: justify\">Cilindrii <span style=\"color: inherit\">telescopici<\/span> sunt un tip distinctiv de <span style=\"color: inherit\">cilindru hidraulic<\/span>. Acestea asigur\u0103 func\u021bionarea corect\u0103 a mecanismului chiar \u0219i \u00een cele mai solicitante condi\u021bii de func\u021bionare. <span style=\"text-align: start\"><span style=\"color: inherit\">Leag\u0103nul<\/span> este fabricat din <\/span><span style=\"text-align: start\">o\u021bel structural<\/span><span style=\"text-align: start\">, loca\u0219urile de a\u0219ezare a ac\u021bionarei sunt \u00eent\u0103rite, iar protec\u021bia ac\u021bionarei este \u00een\u0219urubat\u0103 cu \u0219uruburi Allen <\/span>.  <\/p>\n","protected":false},"featured_media":5716,"comment_status":"open","ping_status":"closed","template":"","meta":{"_acf_changed":false,"inline_featured_image":false},"product_brand":[],"product_cat":[382,339],"product_tag":[],"class_list":{"0":"post-11221","1":"product","2":"type-product","3":"status-publish","4":"has-post-thumbnail","6":"product_cat-cilindri-telescopici","7":"product_cat-piese-de-remorca","9":"first","10":"instock","11":"taxable","12":"shipping-taxable","13":"purchasable","14":"product-type-simple"},"acf":[],"yoast_head":"<!-- This site is optimized with the Yoast SEO plugin v27.3 - https:\/\/yoast.com\/product\/yoast-seo-wordpress\/ -->\n<title>Cilindru cilindru telescopic ST5-1050 8T + suport - Exparto.pl<\/title>\n<meta name=\"robots\" content=\"index, follow, max-snippet:-1, max-image-preview:large, max-video-preview:-1\" \/>\n<link rel=\"canonical\" href=\"https:\/\/exparto.pl\/ro\/produkt\/motor-cilindru-telescopic-st5-1050-8t-cradle\/\" \/>\n<meta property=\"og:locale\" content=\"ro_RO\" \/>\n<meta property=\"og:type\" content=\"article\" \/>\n<meta property=\"og:title\" content=\"Cilindru cilindru telescopic ST5-1050 8T + suport - Exparto.pl\" \/>\n<meta property=\"og:description\" content=\"Cilindrii telescopici sunt un tip distinctiv de cilindru hidraulic. Acestea asigur\u0103 func\u021bionarea corect\u0103 a mecanismului chiar \u0219i \u00een cele mai solicitante condi\u021bii de func\u021bionare. Leag\u0103nul este fabricat din o\u021bel structural, loca\u0219urile de a\u0219ezare a ac\u021bionarei sunt \u00eent\u0103rite, iar protec\u021bia ac\u021bionarei este \u00een\u0219urubat\u0103 cu \u0219uruburi Allen .\" \/>\n<meta property=\"og:url\" content=\"https:\/\/exparto.pl\/ro\/produkt\/motor-cilindru-telescopic-st5-1050-8t-cradle\/\" \/>\n<meta property=\"og:site_name\" content=\"Exparto.pl\" \/>\n<meta property=\"article:publisher\" content=\"https:\/\/www.facebook.com\/exparto.agro\/\" \/>\n<meta property=\"og:image\" content=\"https:\/\/exparto.pl\/wp-content\/uploads\/2023\/05\/58df8d9fb1e824d227c868a6d2d62659.jpg\" \/>\n\t<meta property=\"og:image:width\" content=\"1000\" \/>\n\t<meta property=\"og:image:height\" content=\"1000\" \/>\n\t<meta property=\"og:image:type\" content=\"image\/jpeg\" \/>\n<meta name=\"twitter:card\" content=\"summary_large_image\" \/>\n<meta name=\"twitter:label1\" content=\"Timp estimat pentru citire\" \/>\n\t<meta name=\"twitter:data1\" content=\"2 minute\" \/>\n<script type=\"application\/ld+json\" class=\"yoast-schema-graph\">{\"@context\":\"https:\\\/\\\/schema.org\",\"@graph\":[{\"@type\":\"WebPage\",\"@id\":\"https:\\\/\\\/exparto.pl\\\/ro\\\/produkt\\\/motor-cilindru-telescopic-st5-1050-8t-cradle\\\/\",\"url\":\"https:\\\/\\\/exparto.pl\\\/ro\\\/produkt\\\/motor-cilindru-telescopic-st5-1050-8t-cradle\\\/\",\"name\":\"Cilindru cilindru telescopic ST5-1050 8T + suport - Exparto.pl\",\"isPartOf\":{\"@id\":\"https:\\\/\\\/exparto.pl\\\/ro\\\/#website\"},\"primaryImageOfPage\":{\"@id\":\"https:\\\/\\\/exparto.pl\\\/ro\\\/produkt\\\/motor-cilindru-telescopic-st5-1050-8t-cradle\\\/#primaryimage\"},\"image\":{\"@id\":\"https:\\\/\\\/exparto.pl\\\/ro\\\/produkt\\\/motor-cilindru-telescopic-st5-1050-8t-cradle\\\/#primaryimage\"},\"thumbnailUrl\":\"https:\\\/\\\/exparto.pl\\\/wp-content\\\/uploads\\\/2023\\\/05\\\/58df8d9fb1e824d227c868a6d2d62659.jpg\",\"datePublished\":\"2023-05-17T18:16:19+00:00\",\"breadcrumb\":{\"@id\":\"https:\\\/\\\/exparto.pl\\\/ro\\\/produkt\\\/motor-cilindru-telescopic-st5-1050-8t-cradle\\\/#breadcrumb\"},\"inLanguage\":\"ro-RO\",\"potentialAction\":[{\"@type\":\"ReadAction\",\"target\":[\"https:\\\/\\\/exparto.pl\\\/ro\\\/produkt\\\/motor-cilindru-telescopic-st5-1050-8t-cradle\\\/\"]}]},{\"@type\":\"ImageObject\",\"inLanguage\":\"ro-RO\",\"@id\":\"https:\\\/\\\/exparto.pl\\\/ro\\\/produkt\\\/motor-cilindru-telescopic-st5-1050-8t-cradle\\\/#primaryimage\",\"url\":\"https:\\\/\\\/exparto.pl\\\/wp-content\\\/uploads\\\/2023\\\/05\\\/58df8d9fb1e824d227c868a6d2d62659.jpg\",\"contentUrl\":\"https:\\\/\\\/exparto.pl\\\/wp-content\\\/uploads\\\/2023\\\/05\\\/58df8d9fb1e824d227c868a6d2d62659.jpg\",\"width\":1000,\"height\":1000},{\"@type\":\"BreadcrumbList\",\"@id\":\"https:\\\/\\\/exparto.pl\\\/ro\\\/produkt\\\/motor-cilindru-telescopic-st5-1050-8t-cradle\\\/#breadcrumb\",\"itemListElement\":[{\"@type\":\"ListItem\",\"position\":1,\"name\":\"Pagina de start\",\"item\":\"https:\\\/\\\/exparto.pl\\\/ro\\\/pagina-de-start\\\/\"},{\"@type\":\"ListItem\",\"position\":2,\"name\":\"Sklep\",\"item\":\"https:\\\/\\\/exparto.pl\\\/sklep\\\/\"},{\"@type\":\"ListItem\",\"position\":3,\"name\":\"Piese de remorc\u0103\",\"item\":\"https:\\\/\\\/exparto.pl\\\/ro\\\/categoria-de-produse\\\/piese-de-remorca\\\/\"},{\"@type\":\"ListItem\",\"position\":4,\"name\":\"Si\u0142owniki wywrotu do przyczepy\",\"item\":\"https:\\\/\\\/exparto.pl\\\/kategoria-produktu\\\/czesci-do-przyczep\\\/silowniki-wywrotu\\\/\"},{\"@type\":\"ListItem\",\"position\":5,\"name\":\"Cilindru cilindru telescopic ST5-1050 8T + suport\"}]},{\"@type\":\"WebSite\",\"@id\":\"https:\\\/\\\/exparto.pl\\\/ro\\\/#website\",\"url\":\"https:\\\/\\\/exparto.pl\\\/ro\\\/\",\"name\":\"EXPARTO\",\"description\":\"More than agro parts\",\"publisher\":{\"@id\":\"https:\\\/\\\/exparto.pl\\\/ro\\\/#organization\"},\"potentialAction\":[{\"@type\":\"SearchAction\",\"target\":{\"@type\":\"EntryPoint\",\"urlTemplate\":\"https:\\\/\\\/exparto.pl\\\/ro\\\/?s={search_term_string}\"},\"query-input\":{\"@type\":\"PropertyValueSpecification\",\"valueRequired\":true,\"valueName\":\"search_term_string\"}}],\"inLanguage\":\"ro-RO\"},{\"@type\":\"Organization\",\"@id\":\"https:\\\/\\\/exparto.pl\\\/ro\\\/#organization\",\"name\":\"EXPARTO\",\"url\":\"https:\\\/\\\/exparto.pl\\\/ro\\\/\",\"logo\":{\"@type\":\"ImageObject\",\"inLanguage\":\"ro-RO\",\"@id\":\"https:\\\/\\\/exparto.pl\\\/ro\\\/#\\\/schema\\\/logo\\\/image\\\/\",\"url\":\"https:\\\/\\\/exparto.pl\\\/wp-content\\\/uploads\\\/2023\\\/02\\\/logo-wektor.png\",\"contentUrl\":\"https:\\\/\\\/exparto.pl\\\/wp-content\\\/uploads\\\/2023\\\/02\\\/logo-wektor.png\",\"width\":1338,\"height\":143,\"caption\":\"EXPARTO\"},\"image\":{\"@id\":\"https:\\\/\\\/exparto.pl\\\/ro\\\/#\\\/schema\\\/logo\\\/image\\\/\"},\"sameAs\":[\"https:\\\/\\\/www.facebook.com\\\/exparto.agro\\\/\"]}]}<\/script>\n<!-- \/ Yoast SEO plugin. -->","yoast_head_json":{"title":"Cilindru cilindru telescopic ST5-1050 8T + suport - Exparto.pl","robots":{"index":"index","follow":"follow","max-snippet":"max-snippet:-1","max-image-preview":"max-image-preview:large","max-video-preview":"max-video-preview:-1"},"canonical":"https:\/\/exparto.pl\/ro\/produkt\/motor-cilindru-telescopic-st5-1050-8t-cradle\/","og_locale":"ro_RO","og_type":"article","og_title":"Cilindru cilindru telescopic ST5-1050 8T + suport - Exparto.pl","og_description":"Cilindrii telescopici sunt un tip distinctiv de cilindru hidraulic. Acestea asigur\u0103 func\u021bionarea corect\u0103 a mecanismului chiar \u0219i \u00een cele mai solicitante condi\u021bii de func\u021bionare. Leag\u0103nul este fabricat din o\u021bel structural, loca\u0219urile de a\u0219ezare a ac\u021bionarei sunt \u00eent\u0103rite, iar protec\u021bia ac\u021bionarei este \u00een\u0219urubat\u0103 cu \u0219uruburi Allen .","og_url":"https:\/\/exparto.pl\/ro\/produkt\/motor-cilindru-telescopic-st5-1050-8t-cradle\/","og_site_name":"Exparto.pl","article_publisher":"https:\/\/www.facebook.com\/exparto.agro\/","og_image":[{"width":1000,"height":1000,"url":"https:\/\/exparto.pl\/wp-content\/uploads\/2023\/05\/58df8d9fb1e824d227c868a6d2d62659.jpg","type":"image\/jpeg"}],"twitter_card":"summary_large_image","twitter_misc":{"Timp estimat pentru citire":"2 minute"},"schema":{"@context":"https:\/\/schema.org","@graph":[{"@type":"WebPage","@id":"https:\/\/exparto.pl\/ro\/produkt\/motor-cilindru-telescopic-st5-1050-8t-cradle\/","url":"https:\/\/exparto.pl\/ro\/produkt\/motor-cilindru-telescopic-st5-1050-8t-cradle\/","name":"Cilindru cilindru telescopic ST5-1050 8T + suport - Exparto.pl","isPartOf":{"@id":"https:\/\/exparto.pl\/ro\/#website"},"primaryImageOfPage":{"@id":"https:\/\/exparto.pl\/ro\/produkt\/motor-cilindru-telescopic-st5-1050-8t-cradle\/#primaryimage"},"image":{"@id":"https:\/\/exparto.pl\/ro\/produkt\/motor-cilindru-telescopic-st5-1050-8t-cradle\/#primaryimage"},"thumbnailUrl":"https:\/\/exparto.pl\/wp-content\/uploads\/2023\/05\/58df8d9fb1e824d227c868a6d2d62659.jpg","datePublished":"2023-05-17T18:16:19+00:00","breadcrumb":{"@id":"https:\/\/exparto.pl\/ro\/produkt\/motor-cilindru-telescopic-st5-1050-8t-cradle\/#breadcrumb"},"inLanguage":"ro-RO","potentialAction":[{"@type":"ReadAction","target":["https:\/\/exparto.pl\/ro\/produkt\/motor-cilindru-telescopic-st5-1050-8t-cradle\/"]}]},{"@type":"ImageObject","inLanguage":"ro-RO","@id":"https:\/\/exparto.pl\/ro\/produkt\/motor-cilindru-telescopic-st5-1050-8t-cradle\/#primaryimage","url":"https:\/\/exparto.pl\/wp-content\/uploads\/2023\/05\/58df8d9fb1e824d227c868a6d2d62659.jpg","contentUrl":"https:\/\/exparto.pl\/wp-content\/uploads\/2023\/05\/58df8d9fb1e824d227c868a6d2d62659.jpg","width":1000,"height":1000},{"@type":"BreadcrumbList","@id":"https:\/\/exparto.pl\/ro\/produkt\/motor-cilindru-telescopic-st5-1050-8t-cradle\/#breadcrumb","itemListElement":[{"@type":"ListItem","position":1,"name":"Pagina de start","item":"https:\/\/exparto.pl\/ro\/pagina-de-start\/"},{"@type":"ListItem","position":2,"name":"Sklep","item":"https:\/\/exparto.pl\/sklep\/"},{"@type":"ListItem","position":3,"name":"Piese de remorc\u0103","item":"https:\/\/exparto.pl\/ro\/categoria-de-produse\/piese-de-remorca\/"},{"@type":"ListItem","position":4,"name":"Si\u0142owniki wywrotu do przyczepy","item":"https:\/\/exparto.pl\/kategoria-produktu\/czesci-do-przyczep\/silowniki-wywrotu\/"},{"@type":"ListItem","position":5,"name":"Cilindru cilindru telescopic ST5-1050 8T + suport"}]},{"@type":"WebSite","@id":"https:\/\/exparto.pl\/ro\/#website","url":"https:\/\/exparto.pl\/ro\/","name":"EXPARTO","description":"More than agro parts","publisher":{"@id":"https:\/\/exparto.pl\/ro\/#organization"},"potentialAction":[{"@type":"SearchAction","target":{"@type":"EntryPoint","urlTemplate":"https:\/\/exparto.pl\/ro\/?s={search_term_string}"},"query-input":{"@type":"PropertyValueSpecification","valueRequired":true,"valueName":"search_term_string"}}],"inLanguage":"ro-RO"},{"@type":"Organization","@id":"https:\/\/exparto.pl\/ro\/#organization","name":"EXPARTO","url":"https:\/\/exparto.pl\/ro\/","logo":{"@type":"ImageObject","inLanguage":"ro-RO","@id":"https:\/\/exparto.pl\/ro\/#\/schema\/logo\/image\/","url":"https:\/\/exparto.pl\/wp-content\/uploads\/2023\/02\/logo-wektor.png","contentUrl":"https:\/\/exparto.pl\/wp-content\/uploads\/2023\/02\/logo-wektor.png","width":1338,"height":143,"caption":"EXPARTO"},"image":{"@id":"https:\/\/exparto.pl\/ro\/#\/schema\/logo\/image\/"},"sameAs":["https:\/\/www.facebook.com\/exparto.agro\/"]}]}},"_links":{"self":[{"href":"https:\/\/exparto.pl\/ro\/wp-json\/wp\/v2\/product\/11221","targetHints":{"allow":["GET"]}}],"collection":[{"href":"https:\/\/exparto.pl\/ro\/wp-json\/wp\/v2\/product"}],"about":[{"href":"https:\/\/exparto.pl\/ro\/wp-json\/wp\/v2\/types\/product"}],"replies":[{"embeddable":true,"href":"https:\/\/exparto.pl\/ro\/wp-json\/wp\/v2\/comments?post=11221"}],"wp:featuredmedia":[{"embeddable":true,"href":"https:\/\/exparto.pl\/ro\/wp-json\/wp\/v2\/media\/5716"}],"wp:attachment":[{"href":"https:\/\/exparto.pl\/ro\/wp-json\/wp\/v2\/media?parent=11221"}],"wp:term":[{"taxonomy":"product_brand","embeddable":true,"href":"https:\/\/exparto.pl\/ro\/wp-json\/wp\/v2\/product_brand?post=11221"},{"taxonomy":"product_cat","embeddable":true,"href":"https:\/\/exparto.pl\/ro\/wp-json\/wp\/v2\/product_cat?post=11221"},{"taxonomy":"product_tag","embeddable":true,"href":"https:\/\/exparto.pl\/ro\/wp-json\/wp\/v2\/product_tag?post=11221"}],"curies":[{"name":"wp","href":"https:\/\/api.w.org\/{rel}","templated":true}]}}