{"id":11224,"date":"2023-03-14T11:55:57","date_gmt":"2023-03-14T10:55:57","guid":{"rendered":"https:\/\/exparto.pl\/produkt\/actuator-50-28-200\/"},"modified":"2023-03-14T11:55:57","modified_gmt":"2023-03-14T10:55:57","slug":"motor-50-28-200","status":"publish","type":"product","link":"https:\/\/exparto.pl\/ro\/produkt\/motor-50-28-200\/","title":{"rendered":"Actuator 50\/28\/200"},"content":{"rendered":"<p class=\"MsoNormal\" style=\"text-align: justify\"><b>Cilindrii hidraulici<\/b> sunt dispozitive care func\u021bioneaz\u0103 bine acolo,<br \/>\n\u00een cazul \u00een care este necesar\u0103 o presiune de contact ridicat\u0103. Sarcina lor este de a transforma <b>energia de presiune a fluidului de lucru<\/b> \u00een <b>energie mecanic\u0103 <\/b>. Acest lucru permite o mi\u0219care de alunecare<br \/>\nansamblul tijei de piston. Ar trebui s\u0103 ad\u0103ug\u0103m c\u0103 actuatoarele de acest tip sunt ideale pentru<br \/>\nla nevoile sistemelor utilizate, printre altele. \u00een domeniul ma\u0219inilor agricole.<\/p>\n<p class=\"MsoNormal\" style=\"text-align: justify\">Cilindri hidraulici, specifica\u021bi<br \/>\ndenumite \u0219i cilindri hidraulici, pot fi \u00eemp\u0103r\u021bite \u00een: cu <b>o singur\u0103 fa\u021b\u0103 <\/b>sau cu <b>dou\u0103 fe\u021be<\/b>.<br \/>\n\u00cen cazul primei, exist\u0103 <b>o singur\u0103 conexiune<br \/>\n<\/b> pentru fluidul de lucru (iar cursa de lucru este \u00eentr-o singur\u0103 direc\u021bie), iar cea a<br \/>\npentru aceasta din urm\u0103,<b> dou\u0103 conexiuni <\/b>(i<br \/>\ncursa de lucru este \u00een dou\u0103 direc\u021bii). \u00cen plus, acest din urm\u0103 act<br \/>\nmai rapid, care se <b>distinge prin orice<br \/>\nlungime a cursei<\/b>, precum \u0219i prin <b>eficien\u021b\u0103 mai mare<\/b>.<br \/>\nCilindrii hidraulici individuali pot diferi \u00een ceea ce prive\u0219te rezisten\u021ba, gama de<br \/>\ndiametre, precum \u0219i de <b>fixare<\/b>.<\/p>\n<p class=\"MsoNormal\" style=\"text-align: justify\">Exist\u0103 mai multe<b> criterii<\/b> care trebuie luate \u00een considerare,<br \/>\natunci c\u00e2nd achizi\u021biona\u021bi actuatoare. Mai presus de toate, merit\u0103 s\u0103 afl\u0103m dac\u0103 <b>nivelul de calitate al \u00eembin\u0103rilor<\/b> sudate este compatibil cu<br \/>\n<b>cu cerin\u021bele ISO 5817<\/b>. \u00cen plus, bine<br \/>\neste de a verifica dac\u0103 cilindrii sunt prev\u0103zu\u021bi cu <b>garnituri de \u00eenalt\u0103 calitate<\/b>. \u00cen plus, este de asemenea important dac\u0103<br \/>\n<b>carcasa este neted\u0103<\/b>, etan\u0219\u0103 \u0219i<br \/>\nu\u0219or de cur\u0103\u021bat. Trebuie ad\u0103ugat c\u0103 cilindrii hidraulici sunt utiliza\u021bi \u00een<br \/>\ncondi\u021bii grele de lucru, de exemplu, \u00een <b>produc\u021bia<br \/>\na multor echipamente agricole<\/b>, industriale \u0219i de<b> construc\u021bii <\/b>&#8211; at\u00e2t sta\u021bionare, c\u00e2t \u0219i mobile.<\/p>\n","protected":false},"excerpt":{"rendered":"<p style=\"text-align: justify\">Cilindrii hidraulici sunt dispozitive care se comport\u0103 bine atunci c\u00e2nd este necesar\u0103 o \u00eempingere mare. Sarcina lor este de a transforma energia de presiune a fluidului de lucru \u00een energie mecanic\u0103. Acest lucru permite o mi\u0219care alternativ\u0103 a ansamblului piston-piston. Ar trebui s\u0103 ad\u0103ug\u0103m c\u0103 actuatoarele de acest tip sunt adaptate \u00een mod ideal la nevoile sistemelor utilizate, printre altele. \u00een domeniul ma\u0219inilor agricole.<\/p>\n<p style=\"text-align: justify\">Exist\u0103 mai multe criterii care trebuie luate \u00een considerare atunci c\u00e2nd se achizi\u021bioneaz\u0103 actuatoare. \u00cen primul r\u00e2nd, merit\u0103 s\u0103 afl\u0103m dac\u0103 nivelul de calitate al \u00eembin\u0103rilor sudate respect\u0103 cerin\u021bele ISO 5817.<\/p>\n","protected":false},"featured_media":5253,"comment_status":"open","ping_status":"closed","template":"","meta":{"_acf_changed":false,"inline_featured_image":false},"product_brand":[],"product_cat":[416,383],"product_tag":[],"class_list":{"0":"post-11224","1":"product","2":"type-product","3":"status-publish","4":"has-post-thumbnail","6":"product_cat-actiune-bilaterala","7":"product_cat-cilindri-hidraulici","9":"first","10":"outofstock","11":"taxable","12":"shipping-taxable","13":"purchasable","14":"product-type-simple"},"acf":[],"yoast_head":"<!-- This site is optimized with the Yoast SEO plugin v27.4 - https:\/\/yoast.com\/product\/yoast-seo-wordpress\/ -->\n<title>Actuator 50\/28\/200 - Exparto.pl<\/title>\n<meta name=\"robots\" content=\"index, follow, max-snippet:-1, max-image-preview:large, max-video-preview:-1\" \/>\n<link rel=\"canonical\" href=\"https:\/\/exparto.pl\/ro\/produkt\/motor-50-28-200\/\" \/>\n<meta property=\"og:locale\" content=\"ro_RO\" \/>\n<meta property=\"og:type\" content=\"article\" \/>\n<meta property=\"og:title\" content=\"Actuator 50\/28\/200 - Exparto.pl\" \/>\n<meta property=\"og:description\" content=\"Cilindrii hidraulici sunt dispozitive care se comport\u0103 bine atunci c\u00e2nd este necesar\u0103 o \u00eempingere mare. Sarcina lor este de a transforma energia de presiune a fluidului de lucru \u00een energie mecanic\u0103. Acest lucru permite o mi\u0219care alternativ\u0103 a ansamblului piston-piston. Ar trebui s\u0103 ad\u0103ug\u0103m c\u0103 actuatoarele de acest tip sunt adaptate \u00een mod ideal la nevoile sistemelor utilizate, printre altele. \u00een domeniul ma\u0219inilor agricole. Exist\u0103 mai multe criterii care trebuie luate \u00een considerare atunci c\u00e2nd se achizi\u021bioneaz\u0103 actuatoare. \u00cen primul r\u00e2nd, merit\u0103 s\u0103 afl\u0103m dac\u0103 nivelul de calitate al \u00eembin\u0103rilor sudate respect\u0103 cerin\u021bele ISO 5817.\" \/>\n<meta property=\"og:url\" content=\"https:\/\/exparto.pl\/ro\/produkt\/motor-50-28-200\/\" \/>\n<meta property=\"og:site_name\" content=\"Exparto.pl\" \/>\n<meta property=\"article:publisher\" content=\"https:\/\/www.facebook.com\/exparto.agro\/\" \/>\n<meta property=\"og:image\" content=\"https:\/\/exparto.pl\/wp-content\/uploads\/2023\/03\/cfa1721827899275e481bd2860b5f460.jpg\" \/>\n\t<meta property=\"og:image:width\" content=\"1000\" \/>\n\t<meta property=\"og:image:height\" content=\"1000\" \/>\n\t<meta property=\"og:image:type\" content=\"image\/jpeg\" \/>\n<meta name=\"twitter:card\" content=\"summary_large_image\" \/>\n<meta name=\"twitter:label1\" content=\"Timp estimat pentru citire\" \/>\n\t<meta name=\"twitter:data1\" content=\"1 minut\" \/>\n<script type=\"application\/ld+json\" class=\"yoast-schema-graph\">{\"@context\":\"https:\\\/\\\/schema.org\",\"@graph\":[{\"@type\":\"WebPage\",\"@id\":\"https:\\\/\\\/exparto.pl\\\/ro\\\/produkt\\\/motor-50-28-200\\\/\",\"url\":\"https:\\\/\\\/exparto.pl\\\/ro\\\/produkt\\\/motor-50-28-200\\\/\",\"name\":\"Actuator 50\\\/28\\\/200 - Exparto.pl\",\"isPartOf\":{\"@id\":\"https:\\\/\\\/exparto.pl\\\/ro\\\/#website\"},\"primaryImageOfPage\":{\"@id\":\"https:\\\/\\\/exparto.pl\\\/ro\\\/produkt\\\/motor-50-28-200\\\/#primaryimage\"},\"image\":{\"@id\":\"https:\\\/\\\/exparto.pl\\\/ro\\\/produkt\\\/motor-50-28-200\\\/#primaryimage\"},\"thumbnailUrl\":\"https:\\\/\\\/exparto.pl\\\/wp-content\\\/uploads\\\/2023\\\/03\\\/cfa1721827899275e481bd2860b5f460.jpg\",\"datePublished\":\"2023-03-14T10:55:57+00:00\",\"breadcrumb\":{\"@id\":\"https:\\\/\\\/exparto.pl\\\/ro\\\/produkt\\\/motor-50-28-200\\\/#breadcrumb\"},\"inLanguage\":\"ro-RO\",\"potentialAction\":[{\"@type\":\"ReadAction\",\"target\":[\"https:\\\/\\\/exparto.pl\\\/ro\\\/produkt\\\/motor-50-28-200\\\/\"]}]},{\"@type\":\"ImageObject\",\"inLanguage\":\"ro-RO\",\"@id\":\"https:\\\/\\\/exparto.pl\\\/ro\\\/produkt\\\/motor-50-28-200\\\/#primaryimage\",\"url\":\"https:\\\/\\\/exparto.pl\\\/wp-content\\\/uploads\\\/2023\\\/03\\\/cfa1721827899275e481bd2860b5f460.jpg\",\"contentUrl\":\"https:\\\/\\\/exparto.pl\\\/wp-content\\\/uploads\\\/2023\\\/03\\\/cfa1721827899275e481bd2860b5f460.jpg\",\"width\":1000,\"height\":1000},{\"@type\":\"BreadcrumbList\",\"@id\":\"https:\\\/\\\/exparto.pl\\\/ro\\\/produkt\\\/motor-50-28-200\\\/#breadcrumb\",\"itemListElement\":[{\"@type\":\"ListItem\",\"position\":1,\"name\":\"Pagina de start\",\"item\":\"https:\\\/\\\/exparto.pl\\\/ro\\\/pagina-de-start\\\/\"},{\"@type\":\"ListItem\",\"position\":2,\"name\":\"Sklep\",\"item\":\"https:\\\/\\\/exparto.pl\\\/sklep\\\/\"},{\"@type\":\"ListItem\",\"position\":3,\"name\":\"Hidraulic\u0103\",\"item\":\"https:\\\/\\\/exparto.pl\\\/ro\\\/categoria-de-produse\\\/hidraulica\\\/\"},{\"@type\":\"ListItem\",\"position\":4,\"name\":\"Cilindri hidraulici\",\"item\":\"https:\\\/\\\/exparto.pl\\\/ro\\\/categoria-de-produse\\\/hidraulica\\\/cilindri-hidraulici\\\/\"},{\"@type\":\"ListItem\",\"position\":5,\"name\":\"Ac\u021biune bilateral\u0103\",\"item\":\"https:\\\/\\\/exparto.pl\\\/ro\\\/categoria-de-produse\\\/hidraulica\\\/cilindri-hidraulici\\\/actiune-bilaterala\\\/\"},{\"@type\":\"ListItem\",\"position\":6,\"name\":\"Actuator 50\\\/28\\\/200\"}]},{\"@type\":\"WebSite\",\"@id\":\"https:\\\/\\\/exparto.pl\\\/ro\\\/#website\",\"url\":\"https:\\\/\\\/exparto.pl\\\/ro\\\/\",\"name\":\"EXPARTO\",\"description\":\"More than agro parts\",\"publisher\":{\"@id\":\"https:\\\/\\\/exparto.pl\\\/ro\\\/#organization\"},\"potentialAction\":[{\"@type\":\"SearchAction\",\"target\":{\"@type\":\"EntryPoint\",\"urlTemplate\":\"https:\\\/\\\/exparto.pl\\\/ro\\\/?s={search_term_string}\"},\"query-input\":{\"@type\":\"PropertyValueSpecification\",\"valueRequired\":true,\"valueName\":\"search_term_string\"}}],\"inLanguage\":\"ro-RO\"},{\"@type\":\"Organization\",\"@id\":\"https:\\\/\\\/exparto.pl\\\/ro\\\/#organization\",\"name\":\"EXPARTO\",\"url\":\"https:\\\/\\\/exparto.pl\\\/ro\\\/\",\"logo\":{\"@type\":\"ImageObject\",\"inLanguage\":\"ro-RO\",\"@id\":\"https:\\\/\\\/exparto.pl\\\/ro\\\/#\\\/schema\\\/logo\\\/image\\\/\",\"url\":\"https:\\\/\\\/exparto.pl\\\/wp-content\\\/uploads\\\/2023\\\/02\\\/logo-wektor.png\",\"contentUrl\":\"https:\\\/\\\/exparto.pl\\\/wp-content\\\/uploads\\\/2023\\\/02\\\/logo-wektor.png\",\"width\":1338,\"height\":143,\"caption\":\"EXPARTO\"},\"image\":{\"@id\":\"https:\\\/\\\/exparto.pl\\\/ro\\\/#\\\/schema\\\/logo\\\/image\\\/\"},\"sameAs\":[\"https:\\\/\\\/www.facebook.com\\\/exparto.agro\\\/\"]}]}<\/script>\n<!-- \/ Yoast SEO plugin. -->","yoast_head_json":{"title":"Actuator 50\/28\/200 - Exparto.pl","robots":{"index":"index","follow":"follow","max-snippet":"max-snippet:-1","max-image-preview":"max-image-preview:large","max-video-preview":"max-video-preview:-1"},"canonical":"https:\/\/exparto.pl\/ro\/produkt\/motor-50-28-200\/","og_locale":"ro_RO","og_type":"article","og_title":"Actuator 50\/28\/200 - Exparto.pl","og_description":"Cilindrii hidraulici sunt dispozitive care se comport\u0103 bine atunci c\u00e2nd este necesar\u0103 o \u00eempingere mare. Sarcina lor este de a transforma energia de presiune a fluidului de lucru \u00een energie mecanic\u0103. Acest lucru permite o mi\u0219care alternativ\u0103 a ansamblului piston-piston. Ar trebui s\u0103 ad\u0103ug\u0103m c\u0103 actuatoarele de acest tip sunt adaptate \u00een mod ideal la nevoile sistemelor utilizate, printre altele. \u00een domeniul ma\u0219inilor agricole. Exist\u0103 mai multe criterii care trebuie luate \u00een considerare atunci c\u00e2nd se achizi\u021bioneaz\u0103 actuatoare. \u00cen primul r\u00e2nd, merit\u0103 s\u0103 afl\u0103m dac\u0103 nivelul de calitate al \u00eembin\u0103rilor sudate respect\u0103 cerin\u021bele ISO 5817.","og_url":"https:\/\/exparto.pl\/ro\/produkt\/motor-50-28-200\/","og_site_name":"Exparto.pl","article_publisher":"https:\/\/www.facebook.com\/exparto.agro\/","og_image":[{"width":1000,"height":1000,"url":"https:\/\/exparto.pl\/wp-content\/uploads\/2023\/03\/cfa1721827899275e481bd2860b5f460.jpg","type":"image\/jpeg"}],"twitter_card":"summary_large_image","twitter_misc":{"Timp estimat pentru citire":"1 minut"},"schema":{"@context":"https:\/\/schema.org","@graph":[{"@type":"WebPage","@id":"https:\/\/exparto.pl\/ro\/produkt\/motor-50-28-200\/","url":"https:\/\/exparto.pl\/ro\/produkt\/motor-50-28-200\/","name":"Actuator 50\/28\/200 - Exparto.pl","isPartOf":{"@id":"https:\/\/exparto.pl\/ro\/#website"},"primaryImageOfPage":{"@id":"https:\/\/exparto.pl\/ro\/produkt\/motor-50-28-200\/#primaryimage"},"image":{"@id":"https:\/\/exparto.pl\/ro\/produkt\/motor-50-28-200\/#primaryimage"},"thumbnailUrl":"https:\/\/exparto.pl\/wp-content\/uploads\/2023\/03\/cfa1721827899275e481bd2860b5f460.jpg","datePublished":"2023-03-14T10:55:57+00:00","breadcrumb":{"@id":"https:\/\/exparto.pl\/ro\/produkt\/motor-50-28-200\/#breadcrumb"},"inLanguage":"ro-RO","potentialAction":[{"@type":"ReadAction","target":["https:\/\/exparto.pl\/ro\/produkt\/motor-50-28-200\/"]}]},{"@type":"ImageObject","inLanguage":"ro-RO","@id":"https:\/\/exparto.pl\/ro\/produkt\/motor-50-28-200\/#primaryimage","url":"https:\/\/exparto.pl\/wp-content\/uploads\/2023\/03\/cfa1721827899275e481bd2860b5f460.jpg","contentUrl":"https:\/\/exparto.pl\/wp-content\/uploads\/2023\/03\/cfa1721827899275e481bd2860b5f460.jpg","width":1000,"height":1000},{"@type":"BreadcrumbList","@id":"https:\/\/exparto.pl\/ro\/produkt\/motor-50-28-200\/#breadcrumb","itemListElement":[{"@type":"ListItem","position":1,"name":"Pagina de start","item":"https:\/\/exparto.pl\/ro\/pagina-de-start\/"},{"@type":"ListItem","position":2,"name":"Sklep","item":"https:\/\/exparto.pl\/sklep\/"},{"@type":"ListItem","position":3,"name":"Hidraulic\u0103","item":"https:\/\/exparto.pl\/ro\/categoria-de-produse\/hidraulica\/"},{"@type":"ListItem","position":4,"name":"Cilindri hidraulici","item":"https:\/\/exparto.pl\/ro\/categoria-de-produse\/hidraulica\/cilindri-hidraulici\/"},{"@type":"ListItem","position":5,"name":"Ac\u021biune bilateral\u0103","item":"https:\/\/exparto.pl\/ro\/categoria-de-produse\/hidraulica\/cilindri-hidraulici\/actiune-bilaterala\/"},{"@type":"ListItem","position":6,"name":"Actuator 50\/28\/200"}]},{"@type":"WebSite","@id":"https:\/\/exparto.pl\/ro\/#website","url":"https:\/\/exparto.pl\/ro\/","name":"EXPARTO","description":"More than agro parts","publisher":{"@id":"https:\/\/exparto.pl\/ro\/#organization"},"potentialAction":[{"@type":"SearchAction","target":{"@type":"EntryPoint","urlTemplate":"https:\/\/exparto.pl\/ro\/?s={search_term_string}"},"query-input":{"@type":"PropertyValueSpecification","valueRequired":true,"valueName":"search_term_string"}}],"inLanguage":"ro-RO"},{"@type":"Organization","@id":"https:\/\/exparto.pl\/ro\/#organization","name":"EXPARTO","url":"https:\/\/exparto.pl\/ro\/","logo":{"@type":"ImageObject","inLanguage":"ro-RO","@id":"https:\/\/exparto.pl\/ro\/#\/schema\/logo\/image\/","url":"https:\/\/exparto.pl\/wp-content\/uploads\/2023\/02\/logo-wektor.png","contentUrl":"https:\/\/exparto.pl\/wp-content\/uploads\/2023\/02\/logo-wektor.png","width":1338,"height":143,"caption":"EXPARTO"},"image":{"@id":"https:\/\/exparto.pl\/ro\/#\/schema\/logo\/image\/"},"sameAs":["https:\/\/www.facebook.com\/exparto.agro\/"]}]}},"_links":{"self":[{"href":"https:\/\/exparto.pl\/ro\/wp-json\/wp\/v2\/product\/11224","targetHints":{"allow":["GET"]}}],"collection":[{"href":"https:\/\/exparto.pl\/ro\/wp-json\/wp\/v2\/product"}],"about":[{"href":"https:\/\/exparto.pl\/ro\/wp-json\/wp\/v2\/types\/product"}],"replies":[{"embeddable":true,"href":"https:\/\/exparto.pl\/ro\/wp-json\/wp\/v2\/comments?post=11224"}],"wp:featuredmedia":[{"embeddable":true,"href":"https:\/\/exparto.pl\/ro\/wp-json\/wp\/v2\/media\/5253"}],"wp:attachment":[{"href":"https:\/\/exparto.pl\/ro\/wp-json\/wp\/v2\/media?parent=11224"}],"wp:term":[{"taxonomy":"product_brand","embeddable":true,"href":"https:\/\/exparto.pl\/ro\/wp-json\/wp\/v2\/product_brand?post=11224"},{"taxonomy":"product_cat","embeddable":true,"href":"https:\/\/exparto.pl\/ro\/wp-json\/wp\/v2\/product_cat?post=11224"},{"taxonomy":"product_tag","embeddable":true,"href":"https:\/\/exparto.pl\/ro\/wp-json\/wp\/v2\/product_tag?post=11224"}],"curies":[{"name":"wp","href":"https:\/\/api.w.org\/{rel}","templated":true}]}}