{"id":11226,"date":"2023-03-09T19:55:51","date_gmt":"2023-03-09T18:55:51","guid":{"rendered":"https:\/\/exparto.pl\/produkt\/euroramka-carlig-de-sus-fi-40\/"},"modified":"2023-03-09T18:55:51","modified_gmt":"2023-03-09T17:55:51","slug":"carlige-orice","status":"publish","type":"product","link":"https:\/\/exparto.pl\/ro\/produkt\/carlige-orice\/","title":{"rendered":"EURORAMKA c\u00e2rlig de sus Fi 40"},"content":{"rendered":"<p style=\"text-align: justify\"><b>C\u00e2rligul de sus<\/b> este caracterizat de o performan\u021b\u0103 robust\u0103 care asigur\u0103 nu numai condi\u021bii de lucru sigure, ci \u0219i eficien\u021b\u0103 \u0219i precizie ridicate la \u00eenc\u0103rcarea \u0219i desc\u0103rcarea materialelor. Datorit\u0103 designului s\u0103u, c\u00e2rligul poate fi aplicat cu u\u0219urin\u021b\u0103 \u0219i rapid pe cupa de \u00eenc\u0103rcare, sporind utilizarea \u0219i func\u021bia acestui instrument. C\u00e2rligul este fabricat din materiale durabile \u0219i selec\u021bionate.<\/p>\n","protected":false},"excerpt":{"rendered":"<div style=\"text-align: justify\">C\u00e2rligul de sus este caracterizat de o performan\u021b\u0103 robust\u0103 care asigur\u0103 nu numai condi\u021bii de lucru sigure, ci \u0219i eficien\u021b\u0103 \u0219i precizie ridicate la \u00eenc\u0103rcarea \u0219i desc\u0103rcarea materialelor.<\/div>\n","protected":false},"featured_media":5237,"comment_status":"open","ping_status":"closed","template":"","meta":{"_acf_changed":false,"inline_featured_image":false},"product_brand":[],"product_cat":[392],"product_tag":[],"class_list":{"0":"post-11226","1":"product","2":"type-product","3":"status-publish","4":"has-post-thumbnail","6":"product_cat-sistem-de-suspensie-in-trei-puncte","8":"first","9":"instock","10":"taxable","11":"shipping-taxable","12":"purchasable","13":"product-type-simple"},"acf":[],"yoast_head":"<!-- This site is optimized with the Yoast SEO plugin v27.2 - https:\/\/yoast.com\/product\/yoast-seo-wordpress\/ -->\n<title>EURORAMKA c\u00e2rlig de sus Fi 40 - Exparto.pl<\/title>\n<meta name=\"robots\" content=\"index, follow, max-snippet:-1, max-image-preview:large, max-video-preview:-1\" \/>\n<link rel=\"canonical\" href=\"https:\/\/exparto.pl\/ro\/produkt\/carlige-orice\/\" \/>\n<meta property=\"og:locale\" content=\"ro_RO\" \/>\n<meta property=\"og:type\" content=\"article\" \/>\n<meta property=\"og:title\" content=\"EURORAMKA c\u00e2rlig de sus Fi 40 - Exparto.pl\" \/>\n<meta property=\"og:description\" content=\"C\u00e2rligul de sus este caracterizat de o performan\u021b\u0103 robust\u0103 care asigur\u0103 nu numai condi\u021bii de lucru sigure, ci \u0219i eficien\u021b\u0103 \u0219i precizie ridicate la \u00eenc\u0103rcarea \u0219i desc\u0103rcarea materialelor.\" \/>\n<meta property=\"og:url\" content=\"https:\/\/exparto.pl\/ro\/produkt\/carlige-orice\/\" \/>\n<meta property=\"og:site_name\" content=\"Exparto.pl\" \/>\n<meta property=\"article:publisher\" content=\"https:\/\/www.facebook.com\/exparto.agro\/\" \/>\n<meta property=\"og:image\" content=\"https:\/\/exparto.pl\/wp-content\/uploads\/2023\/03\/5895d365e8d46c50c5bca9b6d4722bf9.jpg\" \/>\n\t<meta property=\"og:image:width\" content=\"1000\" \/>\n\t<meta property=\"og:image:height\" content=\"1000\" \/>\n\t<meta property=\"og:image:type\" content=\"image\/jpeg\" \/>\n<meta name=\"twitter:card\" content=\"summary_large_image\" \/>\n<script type=\"application\/ld+json\" class=\"yoast-schema-graph\">{\"@context\":\"https:\/\/schema.org\",\"@graph\":[{\"@type\":\"WebPage\",\"@id\":\"https:\/\/exparto.pl\/ro\/produkt\/carlige-orice\/\",\"url\":\"https:\/\/exparto.pl\/ro\/produkt\/carlige-orice\/\",\"name\":\"EURORAMKA c\u00e2rlig de sus Fi 40 - Exparto.pl\",\"isPartOf\":{\"@id\":\"https:\/\/exparto.pl\/ro\/#website\"},\"primaryImageOfPage\":{\"@id\":\"https:\/\/exparto.pl\/ro\/produkt\/carlige-orice\/#primaryimage\"},\"image\":{\"@id\":\"https:\/\/exparto.pl\/ro\/produkt\/carlige-orice\/#primaryimage\"},\"thumbnailUrl\":\"https:\/\/exparto.pl\/wp-content\/uploads\/2023\/03\/5895d365e8d46c50c5bca9b6d4722bf9.jpg\",\"datePublished\":\"2023-03-09T18:55:51+00:00\",\"breadcrumb\":{\"@id\":\"https:\/\/exparto.pl\/ro\/produkt\/carlige-orice\/#breadcrumb\"},\"inLanguage\":\"ro-RO\",\"potentialAction\":[{\"@type\":\"ReadAction\",\"target\":[\"https:\/\/exparto.pl\/ro\/produkt\/carlige-orice\/\"]}]},{\"@type\":\"ImageObject\",\"inLanguage\":\"ro-RO\",\"@id\":\"https:\/\/exparto.pl\/ro\/produkt\/carlige-orice\/#primaryimage\",\"url\":\"https:\/\/exparto.pl\/wp-content\/uploads\/2023\/03\/5895d365e8d46c50c5bca9b6d4722bf9.jpg\",\"contentUrl\":\"https:\/\/exparto.pl\/wp-content\/uploads\/2023\/03\/5895d365e8d46c50c5bca9b6d4722bf9.jpg\",\"width\":1000,\"height\":1000},{\"@type\":\"BreadcrumbList\",\"@id\":\"https:\/\/exparto.pl\/ro\/produkt\/carlige-orice\/#breadcrumb\",\"itemListElement\":[{\"@type\":\"ListItem\",\"position\":1,\"name\":\"Pagina de start\",\"item\":\"https:\/\/exparto.pl\/ro\/pagina-de-start\/\"},{\"@type\":\"ListItem\",\"position\":2,\"name\":\"Sklep\",\"item\":\"https:\/\/exparto.pl\/sklep\/\"},{\"@type\":\"ListItem\",\"position\":3,\"name\":\"Piese pentru \u00eenc\u0103rc\u0103toare frontale\",\"item\":\"https:\/\/exparto.pl\/ro\/categoria-de-produse\/piese-pentru-incarcatoare-frontale\/\"},{\"@type\":\"ListItem\",\"position\":4,\"name\":\"Furci, cadre de transport\",\"item\":\"https:\/\/exparto.pl\/ro\/categoria-de-produse\/piese-pentru-incarcatoare-frontale\/furci-cadre-de-transport\/\"},{\"@type\":\"ListItem\",\"position\":5,\"name\":\"Cadru de sus\u021binere\",\"item\":\"https:\/\/exparto.pl\/ro\/categoria-de-produse\/piese-pentru-incarcatoare-frontale\/furci-cadre-de-transport\/cadru-de-sustinere\/\"},{\"@type\":\"ListItem\",\"position\":6,\"name\":\"EURORAMKA c\u00e2rlig de sus Fi 40\"}]},{\"@type\":\"WebSite\",\"@id\":\"https:\/\/exparto.pl\/ro\/#website\",\"url\":\"https:\/\/exparto.pl\/ro\/\",\"name\":\"EXPARTO\",\"description\":\"More than agro parts\",\"publisher\":{\"@id\":\"https:\/\/exparto.pl\/ro\/#organization\"},\"potentialAction\":[{\"@type\":\"SearchAction\",\"target\":{\"@type\":\"EntryPoint\",\"urlTemplate\":\"https:\/\/exparto.pl\/ro\/?s={search_term_string}\"},\"query-input\":{\"@type\":\"PropertyValueSpecification\",\"valueRequired\":true,\"valueName\":\"search_term_string\"}}],\"inLanguage\":\"ro-RO\"},{\"@type\":\"Organization\",\"@id\":\"https:\/\/exparto.pl\/ro\/#organization\",\"name\":\"EXPARTO\",\"url\":\"https:\/\/exparto.pl\/ro\/\",\"logo\":{\"@type\":\"ImageObject\",\"inLanguage\":\"ro-RO\",\"@id\":\"https:\/\/exparto.pl\/ro\/#\/schema\/logo\/image\/\",\"url\":\"https:\/\/exparto.pl\/wp-content\/uploads\/2023\/02\/logo-wektor.png\",\"contentUrl\":\"https:\/\/exparto.pl\/wp-content\/uploads\/2023\/02\/logo-wektor.png\",\"width\":1338,\"height\":143,\"caption\":\"EXPARTO\"},\"image\":{\"@id\":\"https:\/\/exparto.pl\/ro\/#\/schema\/logo\/image\/\"},\"sameAs\":[\"https:\/\/www.facebook.com\/exparto.agro\/\"]}]}<\/script>\n<!-- \/ Yoast SEO plugin. -->","yoast_head_json":{"title":"EURORAMKA c\u00e2rlig de sus Fi 40 - Exparto.pl","robots":{"index":"index","follow":"follow","max-snippet":"max-snippet:-1","max-image-preview":"max-image-preview:large","max-video-preview":"max-video-preview:-1"},"canonical":"https:\/\/exparto.pl\/ro\/produkt\/carlige-orice\/","og_locale":"ro_RO","og_type":"article","og_title":"EURORAMKA c\u00e2rlig de sus Fi 40 - Exparto.pl","og_description":"C\u00e2rligul de sus este caracterizat de o performan\u021b\u0103 robust\u0103 care asigur\u0103 nu numai condi\u021bii de lucru sigure, ci \u0219i eficien\u021b\u0103 \u0219i precizie ridicate la \u00eenc\u0103rcarea \u0219i desc\u0103rcarea materialelor.","og_url":"https:\/\/exparto.pl\/ro\/produkt\/carlige-orice\/","og_site_name":"Exparto.pl","article_publisher":"https:\/\/www.facebook.com\/exparto.agro\/","og_image":[{"width":1000,"height":1000,"url":"https:\/\/exparto.pl\/wp-content\/uploads\/2023\/03\/5895d365e8d46c50c5bca9b6d4722bf9.jpg","type":"image\/jpeg"}],"twitter_card":"summary_large_image","schema":{"@context":"https:\/\/schema.org","@graph":[{"@type":"WebPage","@id":"https:\/\/exparto.pl\/ro\/produkt\/carlige-orice\/","url":"https:\/\/exparto.pl\/ro\/produkt\/carlige-orice\/","name":"EURORAMKA c\u00e2rlig de sus Fi 40 - Exparto.pl","isPartOf":{"@id":"https:\/\/exparto.pl\/ro\/#website"},"primaryImageOfPage":{"@id":"https:\/\/exparto.pl\/ro\/produkt\/carlige-orice\/#primaryimage"},"image":{"@id":"https:\/\/exparto.pl\/ro\/produkt\/carlige-orice\/#primaryimage"},"thumbnailUrl":"https:\/\/exparto.pl\/wp-content\/uploads\/2023\/03\/5895d365e8d46c50c5bca9b6d4722bf9.jpg","datePublished":"2023-03-09T18:55:51+00:00","breadcrumb":{"@id":"https:\/\/exparto.pl\/ro\/produkt\/carlige-orice\/#breadcrumb"},"inLanguage":"ro-RO","potentialAction":[{"@type":"ReadAction","target":["https:\/\/exparto.pl\/ro\/produkt\/carlige-orice\/"]}]},{"@type":"ImageObject","inLanguage":"ro-RO","@id":"https:\/\/exparto.pl\/ro\/produkt\/carlige-orice\/#primaryimage","url":"https:\/\/exparto.pl\/wp-content\/uploads\/2023\/03\/5895d365e8d46c50c5bca9b6d4722bf9.jpg","contentUrl":"https:\/\/exparto.pl\/wp-content\/uploads\/2023\/03\/5895d365e8d46c50c5bca9b6d4722bf9.jpg","width":1000,"height":1000},{"@type":"BreadcrumbList","@id":"https:\/\/exparto.pl\/ro\/produkt\/carlige-orice\/#breadcrumb","itemListElement":[{"@type":"ListItem","position":1,"name":"Pagina de start","item":"https:\/\/exparto.pl\/ro\/pagina-de-start\/"},{"@type":"ListItem","position":2,"name":"Sklep","item":"https:\/\/exparto.pl\/sklep\/"},{"@type":"ListItem","position":3,"name":"Piese pentru \u00eenc\u0103rc\u0103toare frontale","item":"https:\/\/exparto.pl\/ro\/categoria-de-produse\/piese-pentru-incarcatoare-frontale\/"},{"@type":"ListItem","position":4,"name":"Furci, cadre de transport","item":"https:\/\/exparto.pl\/ro\/categoria-de-produse\/piese-pentru-incarcatoare-frontale\/furci-cadre-de-transport\/"},{"@type":"ListItem","position":5,"name":"Cadru de sus\u021binere","item":"https:\/\/exparto.pl\/ro\/categoria-de-produse\/piese-pentru-incarcatoare-frontale\/furci-cadre-de-transport\/cadru-de-sustinere\/"},{"@type":"ListItem","position":6,"name":"EURORAMKA c\u00e2rlig de sus Fi 40"}]},{"@type":"WebSite","@id":"https:\/\/exparto.pl\/ro\/#website","url":"https:\/\/exparto.pl\/ro\/","name":"EXPARTO","description":"More than agro parts","publisher":{"@id":"https:\/\/exparto.pl\/ro\/#organization"},"potentialAction":[{"@type":"SearchAction","target":{"@type":"EntryPoint","urlTemplate":"https:\/\/exparto.pl\/ro\/?s={search_term_string}"},"query-input":{"@type":"PropertyValueSpecification","valueRequired":true,"valueName":"search_term_string"}}],"inLanguage":"ro-RO"},{"@type":"Organization","@id":"https:\/\/exparto.pl\/ro\/#organization","name":"EXPARTO","url":"https:\/\/exparto.pl\/ro\/","logo":{"@type":"ImageObject","inLanguage":"ro-RO","@id":"https:\/\/exparto.pl\/ro\/#\/schema\/logo\/image\/","url":"https:\/\/exparto.pl\/wp-content\/uploads\/2023\/02\/logo-wektor.png","contentUrl":"https:\/\/exparto.pl\/wp-content\/uploads\/2023\/02\/logo-wektor.png","width":1338,"height":143,"caption":"EXPARTO"},"image":{"@id":"https:\/\/exparto.pl\/ro\/#\/schema\/logo\/image\/"},"sameAs":["https:\/\/www.facebook.com\/exparto.agro\/"]}]}},"_links":{"self":[{"href":"https:\/\/exparto.pl\/ro\/wp-json\/wp\/v2\/product\/11226","targetHints":{"allow":["GET"]}}],"collection":[{"href":"https:\/\/exparto.pl\/ro\/wp-json\/wp\/v2\/product"}],"about":[{"href":"https:\/\/exparto.pl\/ro\/wp-json\/wp\/v2\/types\/product"}],"replies":[{"embeddable":true,"href":"https:\/\/exparto.pl\/ro\/wp-json\/wp\/v2\/comments?post=11226"}],"wp:featuredmedia":[{"embeddable":true,"href":"https:\/\/exparto.pl\/ro\/wp-json\/wp\/v2\/media\/5237"}],"wp:attachment":[{"href":"https:\/\/exparto.pl\/ro\/wp-json\/wp\/v2\/media?parent=11226"}],"wp:term":[{"taxonomy":"product_brand","embeddable":true,"href":"https:\/\/exparto.pl\/ro\/wp-json\/wp\/v2\/product_brand?post=11226"},{"taxonomy":"product_cat","embeddable":true,"href":"https:\/\/exparto.pl\/ro\/wp-json\/wp\/v2\/product_cat?post=11226"},{"taxonomy":"product_tag","embeddable":true,"href":"https:\/\/exparto.pl\/ro\/wp-json\/wp\/v2\/product_tag?post=11226"}],"curies":[{"name":"wp","href":"https:\/\/api.w.org\/{rel}","templated":true}]}}