{"id":11234,"date":"2023-05-11T11:51:06","date_gmt":"2023-05-11T09:51:06","guid":{"rendered":"https:\/\/exparto.pl\/produkt\/veriga-centrala-veriga-centrala-cu-stift-complet-c330-ursus-t25\/"},"modified":"2023-05-11T11:51:06","modified_gmt":"2023-05-11T09:51:06","slug":"cuplaj-central-pivot-central-cu-stift-set-c330-ursus-t25","status":"publish","type":"product","link":"https:\/\/exparto.pl\/ro\/produkt\/cuplaj-central-pivot-central-cu-stift-set-c330-ursus-t25\/","title":{"rendered":"Verig\u0103 central\u0103 verig\u0103 central\u0103 cu \u0219tift complet C330 Ursus T25"},"content":{"rendered":"<div>\n<p class=\"MsoNormal\" style=\"text-align: justify\">Veriga <b>central\u0103<\/b> este ideal\u0103 pentru tractoare ca <b>stabilizator pentru<\/b> veriga <b>inferioar\u0103<\/b>. Acesta leag\u0103 mecanismul central de componentele mecanismului central, permi\u021b\u00e2nd ca \u00eentregul sistem s\u0103 <b>func\u021bioneze f\u0103r\u0103 probleme<\/b>.<\/p>\n<p class=\"MsoNormal\" style=\"text-align: justify\">Setul este format dintr-o verig\u0103 central\u0103, o verig\u0103 central\u0103 \u0219i un \u0219tift cu care aceste componente pot fi conectate cu u\u0219urin\u021b\u0103. Toate piesele sunt fabricate din <b>materiale durabile \u0219i de lung\u0103 durat\u0103<\/b>, asigur\u00e2nd fiabilitatea \u0219i o durat\u0103 de via\u021b\u0103 lung\u0103 a produsului.<\/p>\n<p class=\"MsoNormal\" style=\"text-align: justify\"><b>Cuplajul central<\/b> este un produs dedicat \u00een primul r\u00e2nd proprietarilor de tractoare Ursus C330 care apreciaz\u0103 func\u021bionalitatea \u0219i fiabilitatea. Kitul este u\u0219or de instalat \u0219i de utilizat \u0219i va contribui la cre\u0219terea productivit\u0103\u021bii \u0219i eficien\u021bei tractorului.<\/p>\n<p class=\"MsoNormal\" style=\"text-align: justify\">Dac\u0103 sunte\u021bi \u00een c\u0103utarea unui produs de \u00eenalt\u0103 calitate pentru a <b>\u00eembun\u0103t\u0103\u021bi<\/b> performan\u021bele tractorului dumneavoastr\u0103, articula\u021bia central\u0103 cu articula\u021bie central\u0103 cu set de \u0219tifturi C330 Ursus T este alegerea ideal\u0103.<\/p>\n<\/div>\n<div style=\"text-align: justify\">\n<p>Cuplaj central C330 T25 cu \u0219uruburi M24 complet<\/p>\n<p>Conectorul include:<\/p>\n<\/div>\n<div style=\"text-align: justify\">&#8211; Leg\u0103tura central\u0103,<\/div>\n<div style=\"text-align: justify\">&#8211; Rod<\/div>\n<div style=\"text-align: justify\">&#8211; 2 pini<\/div>\n","protected":false},"excerpt":{"rendered":"<p class=\"MsoNormal\" style=\"text-align: justify\">Scopul cuplajului central pentru dispozitivele de manipulare telescopic\u0103 (a\u0219a-numitul c\u00e2rlig de remorcare) este de a conecta tractorul la ma\u0219ina care este at\u00e2rnat\u0103.<\/p>\n","protected":false},"featured_media":5648,"comment_status":"open","ping_status":"closed","template":"","meta":{"_acf_changed":false,"inline_featured_image":false},"product_brand":[],"product_cat":[389,390,392,395],"product_tag":[],"class_list":{"0":"post-11234","1":"product","2":"type-product","3":"status-publish","4":"has-post-thumbnail","6":"product_cat-piese-pentru-tractoare","7":"product_cat-piese-pentru-ursus","8":"product_cat-sistem-de-suspensie-in-trei-puncte","9":"product_cat-ursus-c-330-ro","11":"first","12":"instock","13":"taxable","14":"shipping-taxable","15":"purchasable","16":"product-type-simple"},"acf":[],"yoast_head":"<!-- This site is optimized with the Yoast SEO plugin v27.4 - https:\/\/yoast.com\/product\/yoast-seo-wordpress\/ -->\n<title>Verig\u0103 central\u0103 verig\u0103 central\u0103 cu \u0219tift complet C330 Ursus T25 - Exparto.pl<\/title>\n<meta name=\"robots\" content=\"index, follow, max-snippet:-1, max-image-preview:large, max-video-preview:-1\" \/>\n<link rel=\"canonical\" href=\"https:\/\/exparto.pl\/ro\/produkt\/cuplaj-central-pivot-central-cu-stift-set-c330-ursus-t25\/\" \/>\n<meta property=\"og:locale\" content=\"ro_RO\" \/>\n<meta property=\"og:type\" content=\"article\" \/>\n<meta property=\"og:title\" content=\"Verig\u0103 central\u0103 verig\u0103 central\u0103 cu \u0219tift complet C330 Ursus T25 - Exparto.pl\" \/>\n<meta property=\"og:description\" content=\"Scopul cuplajului central pentru dispozitivele de manipulare telescopic\u0103 (a\u0219a-numitul c\u00e2rlig de remorcare) este de a conecta tractorul la ma\u0219ina care este at\u00e2rnat\u0103.\" \/>\n<meta property=\"og:url\" content=\"https:\/\/exparto.pl\/ro\/produkt\/cuplaj-central-pivot-central-cu-stift-set-c330-ursus-t25\/\" \/>\n<meta property=\"og:site_name\" content=\"Exparto.pl\" \/>\n<meta property=\"article:publisher\" content=\"https:\/\/www.facebook.com\/exparto.agro\/\" \/>\n<meta property=\"og:image\" content=\"https:\/\/exparto.pl\/wp-content\/uploads\/2023\/05\/da4bf0e5eb26a11d3e07bb2fbac95c63.png\" \/>\n\t<meta property=\"og:image:width\" content=\"1000\" \/>\n\t<meta property=\"og:image:height\" content=\"1000\" \/>\n\t<meta property=\"og:image:type\" content=\"image\/png\" \/>\n<meta name=\"twitter:card\" content=\"summary_large_image\" \/>\n<meta name=\"twitter:label1\" content=\"Timp estimat pentru citire\" \/>\n\t<meta name=\"twitter:data1\" content=\"1 minut\" \/>\n<script type=\"application\/ld+json\" class=\"yoast-schema-graph\">{\"@context\":\"https:\\\/\\\/schema.org\",\"@graph\":[{\"@type\":\"WebPage\",\"@id\":\"https:\\\/\\\/exparto.pl\\\/ro\\\/produkt\\\/cuplaj-central-pivot-central-cu-stift-set-c330-ursus-t25\\\/\",\"url\":\"https:\\\/\\\/exparto.pl\\\/ro\\\/produkt\\\/cuplaj-central-pivot-central-cu-stift-set-c330-ursus-t25\\\/\",\"name\":\"Verig\u0103 central\u0103 verig\u0103 central\u0103 cu \u0219tift complet C330 Ursus T25 - Exparto.pl\",\"isPartOf\":{\"@id\":\"https:\\\/\\\/exparto.pl\\\/ro\\\/#website\"},\"primaryImageOfPage\":{\"@id\":\"https:\\\/\\\/exparto.pl\\\/ro\\\/produkt\\\/cuplaj-central-pivot-central-cu-stift-set-c330-ursus-t25\\\/#primaryimage\"},\"image\":{\"@id\":\"https:\\\/\\\/exparto.pl\\\/ro\\\/produkt\\\/cuplaj-central-pivot-central-cu-stift-set-c330-ursus-t25\\\/#primaryimage\"},\"thumbnailUrl\":\"https:\\\/\\\/exparto.pl\\\/wp-content\\\/uploads\\\/2023\\\/05\\\/da4bf0e5eb26a11d3e07bb2fbac95c63.png\",\"datePublished\":\"2023-05-11T09:51:06+00:00\",\"breadcrumb\":{\"@id\":\"https:\\\/\\\/exparto.pl\\\/ro\\\/produkt\\\/cuplaj-central-pivot-central-cu-stift-set-c330-ursus-t25\\\/#breadcrumb\"},\"inLanguage\":\"ro-RO\",\"potentialAction\":[{\"@type\":\"ReadAction\",\"target\":[\"https:\\\/\\\/exparto.pl\\\/ro\\\/produkt\\\/cuplaj-central-pivot-central-cu-stift-set-c330-ursus-t25\\\/\"]}]},{\"@type\":\"ImageObject\",\"inLanguage\":\"ro-RO\",\"@id\":\"https:\\\/\\\/exparto.pl\\\/ro\\\/produkt\\\/cuplaj-central-pivot-central-cu-stift-set-c330-ursus-t25\\\/#primaryimage\",\"url\":\"https:\\\/\\\/exparto.pl\\\/wp-content\\\/uploads\\\/2023\\\/05\\\/da4bf0e5eb26a11d3e07bb2fbac95c63.png\",\"contentUrl\":\"https:\\\/\\\/exparto.pl\\\/wp-content\\\/uploads\\\/2023\\\/05\\\/da4bf0e5eb26a11d3e07bb2fbac95c63.png\",\"width\":1000,\"height\":1000},{\"@type\":\"BreadcrumbList\",\"@id\":\"https:\\\/\\\/exparto.pl\\\/ro\\\/produkt\\\/cuplaj-central-pivot-central-cu-stift-set-c330-ursus-t25\\\/#breadcrumb\",\"itemListElement\":[{\"@type\":\"ListItem\",\"position\":1,\"name\":\"Pagina de start\",\"item\":\"https:\\\/\\\/exparto.pl\\\/ro\\\/pagina-de-start\\\/\"},{\"@type\":\"ListItem\",\"position\":2,\"name\":\"Sklep\",\"item\":\"https:\\\/\\\/exparto.pl\\\/sklep\\\/\"},{\"@type\":\"ListItem\",\"position\":3,\"name\":\"Sistem de suspensie \u00een trei puncte\",\"item\":\"https:\\\/\\\/exparto.pl\\\/ro\\\/categoria-de-produse\\\/sistem-de-suspensie-in-trei-puncte\\\/\"},{\"@type\":\"ListItem\",\"position\":4,\"name\":\"\u0141\u0105czniki centralne\",\"item\":\"https:\\\/\\\/exparto.pl\\\/kategoria-produktu\\\/trojpunktowy-uklad-zawieszenia\\\/laczniki-centralne\\\/\"},{\"@type\":\"ListItem\",\"position\":5,\"name\":\"Verig\u0103 central\u0103 verig\u0103 central\u0103 cu \u0219tift complet C330 Ursus T25\"}]},{\"@type\":\"WebSite\",\"@id\":\"https:\\\/\\\/exparto.pl\\\/ro\\\/#website\",\"url\":\"https:\\\/\\\/exparto.pl\\\/ro\\\/\",\"name\":\"EXPARTO\",\"description\":\"More than agro parts\",\"publisher\":{\"@id\":\"https:\\\/\\\/exparto.pl\\\/ro\\\/#organization\"},\"potentialAction\":[{\"@type\":\"SearchAction\",\"target\":{\"@type\":\"EntryPoint\",\"urlTemplate\":\"https:\\\/\\\/exparto.pl\\\/ro\\\/?s={search_term_string}\"},\"query-input\":{\"@type\":\"PropertyValueSpecification\",\"valueRequired\":true,\"valueName\":\"search_term_string\"}}],\"inLanguage\":\"ro-RO\"},{\"@type\":\"Organization\",\"@id\":\"https:\\\/\\\/exparto.pl\\\/ro\\\/#organization\",\"name\":\"EXPARTO\",\"url\":\"https:\\\/\\\/exparto.pl\\\/ro\\\/\",\"logo\":{\"@type\":\"ImageObject\",\"inLanguage\":\"ro-RO\",\"@id\":\"https:\\\/\\\/exparto.pl\\\/ro\\\/#\\\/schema\\\/logo\\\/image\\\/\",\"url\":\"https:\\\/\\\/exparto.pl\\\/wp-content\\\/uploads\\\/2023\\\/02\\\/logo-wektor.png\",\"contentUrl\":\"https:\\\/\\\/exparto.pl\\\/wp-content\\\/uploads\\\/2023\\\/02\\\/logo-wektor.png\",\"width\":1338,\"height\":143,\"caption\":\"EXPARTO\"},\"image\":{\"@id\":\"https:\\\/\\\/exparto.pl\\\/ro\\\/#\\\/schema\\\/logo\\\/image\\\/\"},\"sameAs\":[\"https:\\\/\\\/www.facebook.com\\\/exparto.agro\\\/\"]}]}<\/script>\n<!-- \/ Yoast SEO plugin. -->","yoast_head_json":{"title":"Verig\u0103 central\u0103 verig\u0103 central\u0103 cu \u0219tift complet C330 Ursus T25 - Exparto.pl","robots":{"index":"index","follow":"follow","max-snippet":"max-snippet:-1","max-image-preview":"max-image-preview:large","max-video-preview":"max-video-preview:-1"},"canonical":"https:\/\/exparto.pl\/ro\/produkt\/cuplaj-central-pivot-central-cu-stift-set-c330-ursus-t25\/","og_locale":"ro_RO","og_type":"article","og_title":"Verig\u0103 central\u0103 verig\u0103 central\u0103 cu \u0219tift complet C330 Ursus T25 - Exparto.pl","og_description":"Scopul cuplajului central pentru dispozitivele de manipulare telescopic\u0103 (a\u0219a-numitul c\u00e2rlig de remorcare) este de a conecta tractorul la ma\u0219ina care este at\u00e2rnat\u0103.","og_url":"https:\/\/exparto.pl\/ro\/produkt\/cuplaj-central-pivot-central-cu-stift-set-c330-ursus-t25\/","og_site_name":"Exparto.pl","article_publisher":"https:\/\/www.facebook.com\/exparto.agro\/","og_image":[{"width":1000,"height":1000,"url":"https:\/\/exparto.pl\/wp-content\/uploads\/2023\/05\/da4bf0e5eb26a11d3e07bb2fbac95c63.png","type":"image\/png"}],"twitter_card":"summary_large_image","twitter_misc":{"Timp estimat pentru citire":"1 minut"},"schema":{"@context":"https:\/\/schema.org","@graph":[{"@type":"WebPage","@id":"https:\/\/exparto.pl\/ro\/produkt\/cuplaj-central-pivot-central-cu-stift-set-c330-ursus-t25\/","url":"https:\/\/exparto.pl\/ro\/produkt\/cuplaj-central-pivot-central-cu-stift-set-c330-ursus-t25\/","name":"Verig\u0103 central\u0103 verig\u0103 central\u0103 cu \u0219tift complet C330 Ursus T25 - Exparto.pl","isPartOf":{"@id":"https:\/\/exparto.pl\/ro\/#website"},"primaryImageOfPage":{"@id":"https:\/\/exparto.pl\/ro\/produkt\/cuplaj-central-pivot-central-cu-stift-set-c330-ursus-t25\/#primaryimage"},"image":{"@id":"https:\/\/exparto.pl\/ro\/produkt\/cuplaj-central-pivot-central-cu-stift-set-c330-ursus-t25\/#primaryimage"},"thumbnailUrl":"https:\/\/exparto.pl\/wp-content\/uploads\/2023\/05\/da4bf0e5eb26a11d3e07bb2fbac95c63.png","datePublished":"2023-05-11T09:51:06+00:00","breadcrumb":{"@id":"https:\/\/exparto.pl\/ro\/produkt\/cuplaj-central-pivot-central-cu-stift-set-c330-ursus-t25\/#breadcrumb"},"inLanguage":"ro-RO","potentialAction":[{"@type":"ReadAction","target":["https:\/\/exparto.pl\/ro\/produkt\/cuplaj-central-pivot-central-cu-stift-set-c330-ursus-t25\/"]}]},{"@type":"ImageObject","inLanguage":"ro-RO","@id":"https:\/\/exparto.pl\/ro\/produkt\/cuplaj-central-pivot-central-cu-stift-set-c330-ursus-t25\/#primaryimage","url":"https:\/\/exparto.pl\/wp-content\/uploads\/2023\/05\/da4bf0e5eb26a11d3e07bb2fbac95c63.png","contentUrl":"https:\/\/exparto.pl\/wp-content\/uploads\/2023\/05\/da4bf0e5eb26a11d3e07bb2fbac95c63.png","width":1000,"height":1000},{"@type":"BreadcrumbList","@id":"https:\/\/exparto.pl\/ro\/produkt\/cuplaj-central-pivot-central-cu-stift-set-c330-ursus-t25\/#breadcrumb","itemListElement":[{"@type":"ListItem","position":1,"name":"Pagina de start","item":"https:\/\/exparto.pl\/ro\/pagina-de-start\/"},{"@type":"ListItem","position":2,"name":"Sklep","item":"https:\/\/exparto.pl\/sklep\/"},{"@type":"ListItem","position":3,"name":"Sistem de suspensie \u00een trei puncte","item":"https:\/\/exparto.pl\/ro\/categoria-de-produse\/sistem-de-suspensie-in-trei-puncte\/"},{"@type":"ListItem","position":4,"name":"\u0141\u0105czniki centralne","item":"https:\/\/exparto.pl\/kategoria-produktu\/trojpunktowy-uklad-zawieszenia\/laczniki-centralne\/"},{"@type":"ListItem","position":5,"name":"Verig\u0103 central\u0103 verig\u0103 central\u0103 cu \u0219tift complet C330 Ursus T25"}]},{"@type":"WebSite","@id":"https:\/\/exparto.pl\/ro\/#website","url":"https:\/\/exparto.pl\/ro\/","name":"EXPARTO","description":"More than agro parts","publisher":{"@id":"https:\/\/exparto.pl\/ro\/#organization"},"potentialAction":[{"@type":"SearchAction","target":{"@type":"EntryPoint","urlTemplate":"https:\/\/exparto.pl\/ro\/?s={search_term_string}"},"query-input":{"@type":"PropertyValueSpecification","valueRequired":true,"valueName":"search_term_string"}}],"inLanguage":"ro-RO"},{"@type":"Organization","@id":"https:\/\/exparto.pl\/ro\/#organization","name":"EXPARTO","url":"https:\/\/exparto.pl\/ro\/","logo":{"@type":"ImageObject","inLanguage":"ro-RO","@id":"https:\/\/exparto.pl\/ro\/#\/schema\/logo\/image\/","url":"https:\/\/exparto.pl\/wp-content\/uploads\/2023\/02\/logo-wektor.png","contentUrl":"https:\/\/exparto.pl\/wp-content\/uploads\/2023\/02\/logo-wektor.png","width":1338,"height":143,"caption":"EXPARTO"},"image":{"@id":"https:\/\/exparto.pl\/ro\/#\/schema\/logo\/image\/"},"sameAs":["https:\/\/www.facebook.com\/exparto.agro\/"]}]}},"_links":{"self":[{"href":"https:\/\/exparto.pl\/ro\/wp-json\/wp\/v2\/product\/11234","targetHints":{"allow":["GET"]}}],"collection":[{"href":"https:\/\/exparto.pl\/ro\/wp-json\/wp\/v2\/product"}],"about":[{"href":"https:\/\/exparto.pl\/ro\/wp-json\/wp\/v2\/types\/product"}],"replies":[{"embeddable":true,"href":"https:\/\/exparto.pl\/ro\/wp-json\/wp\/v2\/comments?post=11234"}],"wp:featuredmedia":[{"embeddable":true,"href":"https:\/\/exparto.pl\/ro\/wp-json\/wp\/v2\/media\/5648"}],"wp:attachment":[{"href":"https:\/\/exparto.pl\/ro\/wp-json\/wp\/v2\/media?parent=11234"}],"wp:term":[{"taxonomy":"product_brand","embeddable":true,"href":"https:\/\/exparto.pl\/ro\/wp-json\/wp\/v2\/product_brand?post=11234"},{"taxonomy":"product_cat","embeddable":true,"href":"https:\/\/exparto.pl\/ro\/wp-json\/wp\/v2\/product_cat?post=11234"},{"taxonomy":"product_tag","embeddable":true,"href":"https:\/\/exparto.pl\/ro\/wp-json\/wp\/v2\/product_tag?post=11234"}],"curies":[{"name":"wp","href":"https:\/\/api.w.org\/{rel}","templated":true}]}}