{"id":11245,"date":"2023-03-07T13:52:05","date_gmt":"2023-03-07T12:52:05","guid":{"rendered":"https:\/\/exparto.pl\/produkt\/simmering-25x52x10\/"},"modified":"2023-03-07T13:52:05","modified_gmt":"2023-03-07T12:52:05","slug":"fierbere-la-foc-mic-25x52x10","status":"publish","type":"product","link":"https:\/\/exparto.pl\/ro\/produkt\/fierbere-la-foc-mic-25x52x10\/","title":{"rendered":"SIMMERING 25x52x10"},"content":{"rendered":"<div style=\"text-align: justify\"><b>Inelele de simering <\/b>sunt utilizate pentru a proteja arborii, angrenajele, pistoanele \u0219i alte piese de tot felul de murd\u0103rie, praf, praf, precum \u0219i de sc\u0103p\u0103rile de gr\u0103sime, ulei \u0219i al\u021bi deriva\u021bi din interiorul ma\u0219inii. Simmerul este format dintr-o buz\u0103 de etan\u0219are a arborelui \u0219i o parte exterioar\u0103 cilindric\u0103. Grosimea peliculei de lubrifiere joac\u0103 un rol important \u00een acest caz. Aceast\u0103 grosime rezult\u0103 din echilibrul for\u021belor care ac\u021bioneaz\u0103 asupra inelelor de etan\u0219are &#8211; for\u021ba hidrodinamic\u0103 \u0219i for\u021bele radiale. Merit\u0103 s\u0103 se acorde o aten\u021bie deosebit\u0103 valorii for\u021belor radiale, deoarece o valoare prea mare poate duce la o reducere a duratei de via\u021b\u0103 a garniturii. \u00cen cazul \u00een care valoarea for\u021bei este prea mic\u0103, etan\u0219eitatea poate fi afectat\u0103.<\/div>\n","protected":false},"excerpt":{"rendered":"<div style=\"text-align: justify\">\n<p>Inelele de simering sunt utilizate pentru a proteja arborii, angrenajele, pistoanele \u0219i alte piese de tot felul de murd\u0103rie, praf, praf, precum \u0219i de sc\u0103p\u0103rile de gr\u0103sime, ulei \u0219i al\u021bi deriva\u021bi din interiorul ma\u0219inii.<\/p>\n<\/div>\n","protected":false},"featured_media":5161,"comment_status":"open","ping_status":"closed","template":"","meta":{"_acf_changed":false,"inline_featured_image":false},"product_brand":[],"product_cat":[420],"product_tag":[],"class_list":{"0":"post-11245","1":"product","2":"type-product","3":"status-publish","4":"has-post-thumbnail","6":"product_cat-fierbere-la-foc-mic","8":"first","9":"instock","10":"taxable","11":"shipping-taxable","12":"purchasable","13":"product-type-simple"},"acf":[],"yoast_head":"<!-- This site is optimized with the Yoast SEO plugin v27.3 - https:\/\/yoast.com\/product\/yoast-seo-wordpress\/ -->\n<title>SIMMERING 25x52x10 - Exparto.pl<\/title>\n<meta name=\"robots\" content=\"index, follow, max-snippet:-1, max-image-preview:large, max-video-preview:-1\" \/>\n<link rel=\"canonical\" href=\"https:\/\/exparto.pl\/ro\/produkt\/fierbere-la-foc-mic-25x52x10\/\" \/>\n<meta property=\"og:locale\" content=\"ro_RO\" \/>\n<meta property=\"og:type\" content=\"article\" \/>\n<meta property=\"og:title\" content=\"SIMMERING 25x52x10 - Exparto.pl\" \/>\n<meta property=\"og:description\" content=\"Inelele de simering sunt utilizate pentru a proteja arborii, angrenajele, pistoanele \u0219i alte piese de tot felul de murd\u0103rie, praf, praf, precum \u0219i de sc\u0103p\u0103rile de gr\u0103sime, ulei \u0219i al\u021bi deriva\u021bi din interiorul ma\u0219inii.\" \/>\n<meta property=\"og:url\" content=\"https:\/\/exparto.pl\/ro\/produkt\/fierbere-la-foc-mic-25x52x10\/\" \/>\n<meta property=\"og:site_name\" content=\"Exparto.pl\" \/>\n<meta property=\"article:publisher\" content=\"https:\/\/www.facebook.com\/exparto.agro\/\" \/>\n<meta property=\"og:image\" content=\"https:\/\/exparto.pl\/wp-content\/uploads\/2023\/03\/3e35c27fbb7324eeebc089bddfc0ebb4.jpg\" \/>\n\t<meta property=\"og:image:width\" content=\"1000\" \/>\n\t<meta property=\"og:image:height\" content=\"1000\" \/>\n\t<meta property=\"og:image:type\" content=\"image\/jpeg\" \/>\n<meta name=\"twitter:card\" content=\"summary_large_image\" \/>\n<meta name=\"twitter:label1\" content=\"Timp estimat pentru citire\" \/>\n\t<meta name=\"twitter:data1\" content=\"1 minut\" \/>\n<script type=\"application\/ld+json\" class=\"yoast-schema-graph\">{\"@context\":\"https:\\\/\\\/schema.org\",\"@graph\":[{\"@type\":\"WebPage\",\"@id\":\"https:\\\/\\\/exparto.pl\\\/ro\\\/produkt\\\/fierbere-la-foc-mic-25x52x10\\\/\",\"url\":\"https:\\\/\\\/exparto.pl\\\/ro\\\/produkt\\\/fierbere-la-foc-mic-25x52x10\\\/\",\"name\":\"SIMMERING 25x52x10 - Exparto.pl\",\"isPartOf\":{\"@id\":\"https:\\\/\\\/exparto.pl\\\/ro\\\/#website\"},\"primaryImageOfPage\":{\"@id\":\"https:\\\/\\\/exparto.pl\\\/ro\\\/produkt\\\/fierbere-la-foc-mic-25x52x10\\\/#primaryimage\"},\"image\":{\"@id\":\"https:\\\/\\\/exparto.pl\\\/ro\\\/produkt\\\/fierbere-la-foc-mic-25x52x10\\\/#primaryimage\"},\"thumbnailUrl\":\"https:\\\/\\\/exparto.pl\\\/wp-content\\\/uploads\\\/2023\\\/03\\\/3e35c27fbb7324eeebc089bddfc0ebb4.jpg\",\"datePublished\":\"2023-03-07T12:52:05+00:00\",\"breadcrumb\":{\"@id\":\"https:\\\/\\\/exparto.pl\\\/ro\\\/produkt\\\/fierbere-la-foc-mic-25x52x10\\\/#breadcrumb\"},\"inLanguage\":\"ro-RO\",\"potentialAction\":[{\"@type\":\"ReadAction\",\"target\":[\"https:\\\/\\\/exparto.pl\\\/ro\\\/produkt\\\/fierbere-la-foc-mic-25x52x10\\\/\"]}]},{\"@type\":\"ImageObject\",\"inLanguage\":\"ro-RO\",\"@id\":\"https:\\\/\\\/exparto.pl\\\/ro\\\/produkt\\\/fierbere-la-foc-mic-25x52x10\\\/#primaryimage\",\"url\":\"https:\\\/\\\/exparto.pl\\\/wp-content\\\/uploads\\\/2023\\\/03\\\/3e35c27fbb7324eeebc089bddfc0ebb4.jpg\",\"contentUrl\":\"https:\\\/\\\/exparto.pl\\\/wp-content\\\/uploads\\\/2023\\\/03\\\/3e35c27fbb7324eeebc089bddfc0ebb4.jpg\",\"width\":1000,\"height\":1000},{\"@type\":\"BreadcrumbList\",\"@id\":\"https:\\\/\\\/exparto.pl\\\/ro\\\/produkt\\\/fierbere-la-foc-mic-25x52x10\\\/#breadcrumb\",\"itemListElement\":[{\"@type\":\"ListItem\",\"position\":1,\"name\":\"Pagina de start\",\"item\":\"https:\\\/\\\/exparto.pl\\\/ro\\\/pagina-de-start\\\/\"},{\"@type\":\"ListItem\",\"position\":2,\"name\":\"Sklep\",\"item\":\"https:\\\/\\\/exparto.pl\\\/sklep\\\/\"},{\"@type\":\"ListItem\",\"position\":3,\"name\":\"Articole standardizate\",\"item\":\"https:\\\/\\\/exparto.pl\\\/ro\\\/categoria-de-produse\\\/articole-standardizate\\\/\"},{\"@type\":\"ListItem\",\"position\":4,\"name\":\"Fierbere la foc mic\",\"item\":\"https:\\\/\\\/exparto.pl\\\/ro\\\/categoria-de-produse\\\/articole-standardizate\\\/fierbere-la-foc-mic\\\/\"},{\"@type\":\"ListItem\",\"position\":5,\"name\":\"SIMMERING 25x52x10\"}]},{\"@type\":\"WebSite\",\"@id\":\"https:\\\/\\\/exparto.pl\\\/ro\\\/#website\",\"url\":\"https:\\\/\\\/exparto.pl\\\/ro\\\/\",\"name\":\"EXPARTO\",\"description\":\"More than agro parts\",\"publisher\":{\"@id\":\"https:\\\/\\\/exparto.pl\\\/ro\\\/#organization\"},\"potentialAction\":[{\"@type\":\"SearchAction\",\"target\":{\"@type\":\"EntryPoint\",\"urlTemplate\":\"https:\\\/\\\/exparto.pl\\\/ro\\\/?s={search_term_string}\"},\"query-input\":{\"@type\":\"PropertyValueSpecification\",\"valueRequired\":true,\"valueName\":\"search_term_string\"}}],\"inLanguage\":\"ro-RO\"},{\"@type\":\"Organization\",\"@id\":\"https:\\\/\\\/exparto.pl\\\/ro\\\/#organization\",\"name\":\"EXPARTO\",\"url\":\"https:\\\/\\\/exparto.pl\\\/ro\\\/\",\"logo\":{\"@type\":\"ImageObject\",\"inLanguage\":\"ro-RO\",\"@id\":\"https:\\\/\\\/exparto.pl\\\/ro\\\/#\\\/schema\\\/logo\\\/image\\\/\",\"url\":\"https:\\\/\\\/exparto.pl\\\/wp-content\\\/uploads\\\/2023\\\/02\\\/logo-wektor.png\",\"contentUrl\":\"https:\\\/\\\/exparto.pl\\\/wp-content\\\/uploads\\\/2023\\\/02\\\/logo-wektor.png\",\"width\":1338,\"height\":143,\"caption\":\"EXPARTO\"},\"image\":{\"@id\":\"https:\\\/\\\/exparto.pl\\\/ro\\\/#\\\/schema\\\/logo\\\/image\\\/\"},\"sameAs\":[\"https:\\\/\\\/www.facebook.com\\\/exparto.agro\\\/\"]}]}<\/script>\n<!-- \/ Yoast SEO plugin. -->","yoast_head_json":{"title":"SIMMERING 25x52x10 - Exparto.pl","robots":{"index":"index","follow":"follow","max-snippet":"max-snippet:-1","max-image-preview":"max-image-preview:large","max-video-preview":"max-video-preview:-1"},"canonical":"https:\/\/exparto.pl\/ro\/produkt\/fierbere-la-foc-mic-25x52x10\/","og_locale":"ro_RO","og_type":"article","og_title":"SIMMERING 25x52x10 - Exparto.pl","og_description":"Inelele de simering sunt utilizate pentru a proteja arborii, angrenajele, pistoanele \u0219i alte piese de tot felul de murd\u0103rie, praf, praf, precum \u0219i de sc\u0103p\u0103rile de gr\u0103sime, ulei \u0219i al\u021bi deriva\u021bi din interiorul ma\u0219inii.","og_url":"https:\/\/exparto.pl\/ro\/produkt\/fierbere-la-foc-mic-25x52x10\/","og_site_name":"Exparto.pl","article_publisher":"https:\/\/www.facebook.com\/exparto.agro\/","og_image":[{"width":1000,"height":1000,"url":"https:\/\/exparto.pl\/wp-content\/uploads\/2023\/03\/3e35c27fbb7324eeebc089bddfc0ebb4.jpg","type":"image\/jpeg"}],"twitter_card":"summary_large_image","twitter_misc":{"Timp estimat pentru citire":"1 minut"},"schema":{"@context":"https:\/\/schema.org","@graph":[{"@type":"WebPage","@id":"https:\/\/exparto.pl\/ro\/produkt\/fierbere-la-foc-mic-25x52x10\/","url":"https:\/\/exparto.pl\/ro\/produkt\/fierbere-la-foc-mic-25x52x10\/","name":"SIMMERING 25x52x10 - Exparto.pl","isPartOf":{"@id":"https:\/\/exparto.pl\/ro\/#website"},"primaryImageOfPage":{"@id":"https:\/\/exparto.pl\/ro\/produkt\/fierbere-la-foc-mic-25x52x10\/#primaryimage"},"image":{"@id":"https:\/\/exparto.pl\/ro\/produkt\/fierbere-la-foc-mic-25x52x10\/#primaryimage"},"thumbnailUrl":"https:\/\/exparto.pl\/wp-content\/uploads\/2023\/03\/3e35c27fbb7324eeebc089bddfc0ebb4.jpg","datePublished":"2023-03-07T12:52:05+00:00","breadcrumb":{"@id":"https:\/\/exparto.pl\/ro\/produkt\/fierbere-la-foc-mic-25x52x10\/#breadcrumb"},"inLanguage":"ro-RO","potentialAction":[{"@type":"ReadAction","target":["https:\/\/exparto.pl\/ro\/produkt\/fierbere-la-foc-mic-25x52x10\/"]}]},{"@type":"ImageObject","inLanguage":"ro-RO","@id":"https:\/\/exparto.pl\/ro\/produkt\/fierbere-la-foc-mic-25x52x10\/#primaryimage","url":"https:\/\/exparto.pl\/wp-content\/uploads\/2023\/03\/3e35c27fbb7324eeebc089bddfc0ebb4.jpg","contentUrl":"https:\/\/exparto.pl\/wp-content\/uploads\/2023\/03\/3e35c27fbb7324eeebc089bddfc0ebb4.jpg","width":1000,"height":1000},{"@type":"BreadcrumbList","@id":"https:\/\/exparto.pl\/ro\/produkt\/fierbere-la-foc-mic-25x52x10\/#breadcrumb","itemListElement":[{"@type":"ListItem","position":1,"name":"Pagina de start","item":"https:\/\/exparto.pl\/ro\/pagina-de-start\/"},{"@type":"ListItem","position":2,"name":"Sklep","item":"https:\/\/exparto.pl\/sklep\/"},{"@type":"ListItem","position":3,"name":"Articole standardizate","item":"https:\/\/exparto.pl\/ro\/categoria-de-produse\/articole-standardizate\/"},{"@type":"ListItem","position":4,"name":"Fierbere la foc mic","item":"https:\/\/exparto.pl\/ro\/categoria-de-produse\/articole-standardizate\/fierbere-la-foc-mic\/"},{"@type":"ListItem","position":5,"name":"SIMMERING 25x52x10"}]},{"@type":"WebSite","@id":"https:\/\/exparto.pl\/ro\/#website","url":"https:\/\/exparto.pl\/ro\/","name":"EXPARTO","description":"More than agro parts","publisher":{"@id":"https:\/\/exparto.pl\/ro\/#organization"},"potentialAction":[{"@type":"SearchAction","target":{"@type":"EntryPoint","urlTemplate":"https:\/\/exparto.pl\/ro\/?s={search_term_string}"},"query-input":{"@type":"PropertyValueSpecification","valueRequired":true,"valueName":"search_term_string"}}],"inLanguage":"ro-RO"},{"@type":"Organization","@id":"https:\/\/exparto.pl\/ro\/#organization","name":"EXPARTO","url":"https:\/\/exparto.pl\/ro\/","logo":{"@type":"ImageObject","inLanguage":"ro-RO","@id":"https:\/\/exparto.pl\/ro\/#\/schema\/logo\/image\/","url":"https:\/\/exparto.pl\/wp-content\/uploads\/2023\/02\/logo-wektor.png","contentUrl":"https:\/\/exparto.pl\/wp-content\/uploads\/2023\/02\/logo-wektor.png","width":1338,"height":143,"caption":"EXPARTO"},"image":{"@id":"https:\/\/exparto.pl\/ro\/#\/schema\/logo\/image\/"},"sameAs":["https:\/\/www.facebook.com\/exparto.agro\/"]}]}},"_links":{"self":[{"href":"https:\/\/exparto.pl\/ro\/wp-json\/wp\/v2\/product\/11245","targetHints":{"allow":["GET"]}}],"collection":[{"href":"https:\/\/exparto.pl\/ro\/wp-json\/wp\/v2\/product"}],"about":[{"href":"https:\/\/exparto.pl\/ro\/wp-json\/wp\/v2\/types\/product"}],"replies":[{"embeddable":true,"href":"https:\/\/exparto.pl\/ro\/wp-json\/wp\/v2\/comments?post=11245"}],"wp:featuredmedia":[{"embeddable":true,"href":"https:\/\/exparto.pl\/ro\/wp-json\/wp\/v2\/media\/5161"}],"wp:attachment":[{"href":"https:\/\/exparto.pl\/ro\/wp-json\/wp\/v2\/media?parent=11245"}],"wp:term":[{"taxonomy":"product_brand","embeddable":true,"href":"https:\/\/exparto.pl\/ro\/wp-json\/wp\/v2\/product_brand?post=11245"},{"taxonomy":"product_cat","embeddable":true,"href":"https:\/\/exparto.pl\/ro\/wp-json\/wp\/v2\/product_cat?post=11245"},{"taxonomy":"product_tag","embeddable":true,"href":"https:\/\/exparto.pl\/ro\/wp-json\/wp\/v2\/product_tag?post=11245"}],"curies":[{"name":"wp","href":"https:\/\/api.w.org\/{rel}","templated":true}]}}