{"id":11248,"date":"2023-03-07T07:47:43","date_gmt":"2023-03-07T06:47:43","guid":{"rendered":"https:\/\/exparto.pl\/produkt\/curea-trapezoidala-spa-2932-lp\/"},"modified":"2023-03-07T07:47:43","modified_gmt":"2023-03-07T06:47:43","slug":"pasek-klinowy-spa-2932","status":"publish","type":"product","link":"https:\/\/exparto.pl\/ro\/produkt\/pasek-klinowy-spa-2932\/","title":{"rendered":"Curea trapezoidal\u0103 SPA 2932 LP"},"content":{"rendered":"<p class=\"MsoNormal\" style=\"text-align: justify\"><b>Cureaua trapezoidal\u0103 <\/b> este un model cu <b>profil \u00eengust<\/b> care este utilizat ca o component\u0103 conceput\u0103 pentru a transmite puterea \u00een <b>ac\u021bion\u0103rile diferitelor ma\u0219ini<\/b>. Acest lucru este valabil \u0219i \u00een cazul ac\u021bion\u0103rilor speciale, de exemplu, ac\u021bion\u0103rile cu pan\u0103 plat\u0103. Cum func\u021bioneaz\u0103 produsul prezentat? Aceasta utilizeaz\u0103 <b>frecarea dintre curea \u0219i scripete<\/b>, care este pus\u0103 \u00een mi\u0219care. Func\u021bia curelei este aceea de a transmite cuplul de torsiune la scripetele de primire.<\/p>\n<p class=\"MsoNormal\" style=\"text-align: justify\"><b>Cureaua<\/b> trapezoidal\u0103 este ideal\u0103 \u00een cazul \u00een care <b>spa\u021biul este limitat<\/b> \u0219i nu pot fi utilizate <b>curelele conven\u021bionale<\/b>. Acesta poate fi utilizat cu succes pentru sarcini grele \u0219i <b>viteze periferice <\/b>ridicate. Se distinge, de asemenea, prin rezisten\u021ba sa ridicat\u0103 la: \u00eendoire, abraziune, ulei \u0219i polen, precum \u0219i la temperaturi ridicate.<\/p>\n<p class=\"MsoNormal\" style=\"text-align: justify\">Cureaua trapezoidal\u0103 prezentat\u0103 are, de asemenea, o <b>putere nominal\u0103 <\/b>foarte <b>mare <\/b>. Aceasta asigur\u0103 flexibilitate, precum \u0219i <b>stabilitate<br \/>\n<\/b> \u0219i <b>netezime \u00een<\/b> activitatea desf\u0103\u0219urat\u0103. Are o durat\u0103 de via\u021b\u0103 lung\u0103, astfel \u00eenc\u00e2t lucr\u0103rile de \u00eentre\u021binere nu sunt necesare foarte des \u00een acest caz. \u00cen plus, acesta genereaz\u0103 <b>pu\u021bin\u0103 energie veche<\/b>, este foarte u\u0219or \u0219i se remarc\u0103 prin <b>raportul bun calitate-pre\u021b<\/b>. De asemenea, se caracterizeaz\u0103 prin <b>generarea unui nivel sc\u0103zut de zgomot<\/b> \u0219i o eficien\u021b\u0103 ridicat\u0103 cu<br \/>\ndin cauza alunec\u0103rii reduse.<\/p>\n<p class=\"MsoNormal\" style=\"text-align: justify\">Cureaua trapezoidal\u0103 este utilizat\u0103 \u00een construc\u021bia de <b>ma\u0219ini<\/b> \u0219i <b>echipamente industriale<\/b>, agricole, <b>horticole<\/b>, miniere \u0219i de construc\u021bii, precum \u0219i \u00een industria auto. De departe, cea mai frecvent\u0103 aplica\u021bie este fabricarea cositoarelor rotative cu platform\u0103.<\/p>\n","protected":false},"excerpt":{"rendered":"<p style=\"text-align: justify\">Cureaua trapezoidal\u0103 este un model cu profil \u00eengust care este utilizat ca o component\u0103 conceput\u0103 pentru a transmite puterea \u00een ac\u021bion\u0103rile diferitelor ma\u0219ini. Acest lucru este valabil \u0219i \u00een cazul ac\u021bion\u0103rilor speciale, de exemplu, ac\u021bion\u0103rile cu pan\u0103 plat\u0103.<\/p>\n","protected":false},"featured_media":5137,"comment_status":"open","ping_status":"closed","template":"","meta":{"_acf_changed":false,"inline_featured_image":false},"product_brand":[],"product_cat":[345],"product_tag":[],"class_list":{"0":"post-11248","1":"product","2":"type-product","3":"status-publish","4":"has-post-thumbnail","6":"product_cat-piese-pentru-masini-de-tuns-iarba","8":"first","9":"instock","10":"taxable","11":"shipping-taxable","12":"purchasable","13":"product-type-simple"},"acf":[],"yoast_head":"<!-- This site is optimized with the Yoast SEO plugin v27.4 - https:\/\/yoast.com\/product\/yoast-seo-wordpress\/ -->\n<title>Curea trapezoidal\u0103 SPA 2932 LP - Exparto.pl<\/title>\n<meta name=\"robots\" content=\"index, follow, max-snippet:-1, max-image-preview:large, max-video-preview:-1\" \/>\n<link rel=\"canonical\" href=\"https:\/\/exparto.pl\/ro\/produkt\/pasek-klinowy-spa-2932\/\" \/>\n<meta property=\"og:locale\" content=\"ro_RO\" \/>\n<meta property=\"og:type\" content=\"article\" \/>\n<meta property=\"og:title\" content=\"Curea trapezoidal\u0103 SPA 2932 LP - Exparto.pl\" \/>\n<meta property=\"og:description\" content=\"Cureaua trapezoidal\u0103 este un model cu profil \u00eengust care este utilizat ca o component\u0103 conceput\u0103 pentru a transmite puterea \u00een ac\u021bion\u0103rile diferitelor ma\u0219ini. Acest lucru este valabil \u0219i \u00een cazul ac\u021bion\u0103rilor speciale, de exemplu, ac\u021bion\u0103rile cu pan\u0103 plat\u0103.\" \/>\n<meta property=\"og:url\" content=\"https:\/\/exparto.pl\/ro\/produkt\/pasek-klinowy-spa-2932\/\" \/>\n<meta property=\"og:site_name\" content=\"Exparto.pl\" \/>\n<meta property=\"article:publisher\" content=\"https:\/\/www.facebook.com\/exparto.agro\/\" \/>\n<meta property=\"og:image\" content=\"https:\/\/exparto.pl\/wp-content\/uploads\/2023\/03\/983f37b066b858f42863b2dc39c255e5.jpg\" \/>\n\t<meta property=\"og:image:width\" content=\"1000\" \/>\n\t<meta property=\"og:image:height\" content=\"1000\" \/>\n\t<meta property=\"og:image:type\" content=\"image\/jpeg\" \/>\n<meta name=\"twitter:card\" content=\"summary_large_image\" \/>\n<meta name=\"twitter:label1\" content=\"Timp estimat pentru citire\" \/>\n\t<meta name=\"twitter:data1\" content=\"1 minut\" \/>\n<script type=\"application\/ld+json\" class=\"yoast-schema-graph\">{\"@context\":\"https:\\\/\\\/schema.org\",\"@graph\":[{\"@type\":\"WebPage\",\"@id\":\"https:\\\/\\\/exparto.pl\\\/ro\\\/produkt\\\/pasek-klinowy-spa-2932\\\/\",\"url\":\"https:\\\/\\\/exparto.pl\\\/ro\\\/produkt\\\/pasek-klinowy-spa-2932\\\/\",\"name\":\"Curea trapezoidal\u0103 SPA 2932 LP - Exparto.pl\",\"isPartOf\":{\"@id\":\"https:\\\/\\\/exparto.pl\\\/ro\\\/#website\"},\"primaryImageOfPage\":{\"@id\":\"https:\\\/\\\/exparto.pl\\\/ro\\\/produkt\\\/pasek-klinowy-spa-2932\\\/#primaryimage\"},\"image\":{\"@id\":\"https:\\\/\\\/exparto.pl\\\/ro\\\/produkt\\\/pasek-klinowy-spa-2932\\\/#primaryimage\"},\"thumbnailUrl\":\"https:\\\/\\\/exparto.pl\\\/wp-content\\\/uploads\\\/2023\\\/03\\\/983f37b066b858f42863b2dc39c255e5.jpg\",\"datePublished\":\"2023-03-07T06:47:43+00:00\",\"breadcrumb\":{\"@id\":\"https:\\\/\\\/exparto.pl\\\/ro\\\/produkt\\\/pasek-klinowy-spa-2932\\\/#breadcrumb\"},\"inLanguage\":\"ro-RO\",\"potentialAction\":[{\"@type\":\"ReadAction\",\"target\":[\"https:\\\/\\\/exparto.pl\\\/ro\\\/produkt\\\/pasek-klinowy-spa-2932\\\/\"]}]},{\"@type\":\"ImageObject\",\"inLanguage\":\"ro-RO\",\"@id\":\"https:\\\/\\\/exparto.pl\\\/ro\\\/produkt\\\/pasek-klinowy-spa-2932\\\/#primaryimage\",\"url\":\"https:\\\/\\\/exparto.pl\\\/wp-content\\\/uploads\\\/2023\\\/03\\\/983f37b066b858f42863b2dc39c255e5.jpg\",\"contentUrl\":\"https:\\\/\\\/exparto.pl\\\/wp-content\\\/uploads\\\/2023\\\/03\\\/983f37b066b858f42863b2dc39c255e5.jpg\",\"width\":1000,\"height\":1000},{\"@type\":\"BreadcrumbList\",\"@id\":\"https:\\\/\\\/exparto.pl\\\/ro\\\/produkt\\\/pasek-klinowy-spa-2932\\\/#breadcrumb\",\"itemListElement\":[{\"@type\":\"ListItem\",\"position\":1,\"name\":\"Pagina de start\",\"item\":\"https:\\\/\\\/exparto.pl\\\/ro\\\/pagina-de-start\\\/\"},{\"@type\":\"ListItem\",\"position\":2,\"name\":\"Sklep\",\"item\":\"https:\\\/\\\/exparto.pl\\\/sklep\\\/\"},{\"@type\":\"ListItem\",\"position\":3,\"name\":\"Piese pentru ma\u0219ini de tuns iarba\",\"item\":\"https:\\\/\\\/exparto.pl\\\/ro\\\/categoria-de-produse\\\/piese-pentru-masini-de-tuns-iarba\\\/\"},{\"@type\":\"ListItem\",\"position\":4,\"name\":\"Curea trapezoidal\u0103 SPA 2932 LP\"}]},{\"@type\":\"WebSite\",\"@id\":\"https:\\\/\\\/exparto.pl\\\/ro\\\/#website\",\"url\":\"https:\\\/\\\/exparto.pl\\\/ro\\\/\",\"name\":\"EXPARTO\",\"description\":\"More than agro parts\",\"publisher\":{\"@id\":\"https:\\\/\\\/exparto.pl\\\/ro\\\/#organization\"},\"potentialAction\":[{\"@type\":\"SearchAction\",\"target\":{\"@type\":\"EntryPoint\",\"urlTemplate\":\"https:\\\/\\\/exparto.pl\\\/ro\\\/?s={search_term_string}\"},\"query-input\":{\"@type\":\"PropertyValueSpecification\",\"valueRequired\":true,\"valueName\":\"search_term_string\"}}],\"inLanguage\":\"ro-RO\"},{\"@type\":\"Organization\",\"@id\":\"https:\\\/\\\/exparto.pl\\\/ro\\\/#organization\",\"name\":\"EXPARTO\",\"url\":\"https:\\\/\\\/exparto.pl\\\/ro\\\/\",\"logo\":{\"@type\":\"ImageObject\",\"inLanguage\":\"ro-RO\",\"@id\":\"https:\\\/\\\/exparto.pl\\\/ro\\\/#\\\/schema\\\/logo\\\/image\\\/\",\"url\":\"https:\\\/\\\/exparto.pl\\\/wp-content\\\/uploads\\\/2023\\\/02\\\/logo-wektor.png\",\"contentUrl\":\"https:\\\/\\\/exparto.pl\\\/wp-content\\\/uploads\\\/2023\\\/02\\\/logo-wektor.png\",\"width\":1338,\"height\":143,\"caption\":\"EXPARTO\"},\"image\":{\"@id\":\"https:\\\/\\\/exparto.pl\\\/ro\\\/#\\\/schema\\\/logo\\\/image\\\/\"},\"sameAs\":[\"https:\\\/\\\/www.facebook.com\\\/exparto.agro\\\/\"]}]}<\/script>\n<!-- \/ Yoast SEO plugin. -->","yoast_head_json":{"title":"Curea trapezoidal\u0103 SPA 2932 LP - Exparto.pl","robots":{"index":"index","follow":"follow","max-snippet":"max-snippet:-1","max-image-preview":"max-image-preview:large","max-video-preview":"max-video-preview:-1"},"canonical":"https:\/\/exparto.pl\/ro\/produkt\/pasek-klinowy-spa-2932\/","og_locale":"ro_RO","og_type":"article","og_title":"Curea trapezoidal\u0103 SPA 2932 LP - Exparto.pl","og_description":"Cureaua trapezoidal\u0103 este un model cu profil \u00eengust care este utilizat ca o component\u0103 conceput\u0103 pentru a transmite puterea \u00een ac\u021bion\u0103rile diferitelor ma\u0219ini. Acest lucru este valabil \u0219i \u00een cazul ac\u021bion\u0103rilor speciale, de exemplu, ac\u021bion\u0103rile cu pan\u0103 plat\u0103.","og_url":"https:\/\/exparto.pl\/ro\/produkt\/pasek-klinowy-spa-2932\/","og_site_name":"Exparto.pl","article_publisher":"https:\/\/www.facebook.com\/exparto.agro\/","og_image":[{"width":1000,"height":1000,"url":"https:\/\/exparto.pl\/wp-content\/uploads\/2023\/03\/983f37b066b858f42863b2dc39c255e5.jpg","type":"image\/jpeg"}],"twitter_card":"summary_large_image","twitter_misc":{"Timp estimat pentru citire":"1 minut"},"schema":{"@context":"https:\/\/schema.org","@graph":[{"@type":"WebPage","@id":"https:\/\/exparto.pl\/ro\/produkt\/pasek-klinowy-spa-2932\/","url":"https:\/\/exparto.pl\/ro\/produkt\/pasek-klinowy-spa-2932\/","name":"Curea trapezoidal\u0103 SPA 2932 LP - Exparto.pl","isPartOf":{"@id":"https:\/\/exparto.pl\/ro\/#website"},"primaryImageOfPage":{"@id":"https:\/\/exparto.pl\/ro\/produkt\/pasek-klinowy-spa-2932\/#primaryimage"},"image":{"@id":"https:\/\/exparto.pl\/ro\/produkt\/pasek-klinowy-spa-2932\/#primaryimage"},"thumbnailUrl":"https:\/\/exparto.pl\/wp-content\/uploads\/2023\/03\/983f37b066b858f42863b2dc39c255e5.jpg","datePublished":"2023-03-07T06:47:43+00:00","breadcrumb":{"@id":"https:\/\/exparto.pl\/ro\/produkt\/pasek-klinowy-spa-2932\/#breadcrumb"},"inLanguage":"ro-RO","potentialAction":[{"@type":"ReadAction","target":["https:\/\/exparto.pl\/ro\/produkt\/pasek-klinowy-spa-2932\/"]}]},{"@type":"ImageObject","inLanguage":"ro-RO","@id":"https:\/\/exparto.pl\/ro\/produkt\/pasek-klinowy-spa-2932\/#primaryimage","url":"https:\/\/exparto.pl\/wp-content\/uploads\/2023\/03\/983f37b066b858f42863b2dc39c255e5.jpg","contentUrl":"https:\/\/exparto.pl\/wp-content\/uploads\/2023\/03\/983f37b066b858f42863b2dc39c255e5.jpg","width":1000,"height":1000},{"@type":"BreadcrumbList","@id":"https:\/\/exparto.pl\/ro\/produkt\/pasek-klinowy-spa-2932\/#breadcrumb","itemListElement":[{"@type":"ListItem","position":1,"name":"Pagina de start","item":"https:\/\/exparto.pl\/ro\/pagina-de-start\/"},{"@type":"ListItem","position":2,"name":"Sklep","item":"https:\/\/exparto.pl\/sklep\/"},{"@type":"ListItem","position":3,"name":"Piese pentru ma\u0219ini de tuns iarba","item":"https:\/\/exparto.pl\/ro\/categoria-de-produse\/piese-pentru-masini-de-tuns-iarba\/"},{"@type":"ListItem","position":4,"name":"Curea trapezoidal\u0103 SPA 2932 LP"}]},{"@type":"WebSite","@id":"https:\/\/exparto.pl\/ro\/#website","url":"https:\/\/exparto.pl\/ro\/","name":"EXPARTO","description":"More than agro parts","publisher":{"@id":"https:\/\/exparto.pl\/ro\/#organization"},"potentialAction":[{"@type":"SearchAction","target":{"@type":"EntryPoint","urlTemplate":"https:\/\/exparto.pl\/ro\/?s={search_term_string}"},"query-input":{"@type":"PropertyValueSpecification","valueRequired":true,"valueName":"search_term_string"}}],"inLanguage":"ro-RO"},{"@type":"Organization","@id":"https:\/\/exparto.pl\/ro\/#organization","name":"EXPARTO","url":"https:\/\/exparto.pl\/ro\/","logo":{"@type":"ImageObject","inLanguage":"ro-RO","@id":"https:\/\/exparto.pl\/ro\/#\/schema\/logo\/image\/","url":"https:\/\/exparto.pl\/wp-content\/uploads\/2023\/02\/logo-wektor.png","contentUrl":"https:\/\/exparto.pl\/wp-content\/uploads\/2023\/02\/logo-wektor.png","width":1338,"height":143,"caption":"EXPARTO"},"image":{"@id":"https:\/\/exparto.pl\/ro\/#\/schema\/logo\/image\/"},"sameAs":["https:\/\/www.facebook.com\/exparto.agro\/"]}]}},"_links":{"self":[{"href":"https:\/\/exparto.pl\/ro\/wp-json\/wp\/v2\/product\/11248","targetHints":{"allow":["GET"]}}],"collection":[{"href":"https:\/\/exparto.pl\/ro\/wp-json\/wp\/v2\/product"}],"about":[{"href":"https:\/\/exparto.pl\/ro\/wp-json\/wp\/v2\/types\/product"}],"replies":[{"embeddable":true,"href":"https:\/\/exparto.pl\/ro\/wp-json\/wp\/v2\/comments?post=11248"}],"wp:featuredmedia":[{"embeddable":true,"href":"https:\/\/exparto.pl\/ro\/wp-json\/wp\/v2\/media\/5137"}],"wp:attachment":[{"href":"https:\/\/exparto.pl\/ro\/wp-json\/wp\/v2\/media?parent=11248"}],"wp:term":[{"taxonomy":"product_brand","embeddable":true,"href":"https:\/\/exparto.pl\/ro\/wp-json\/wp\/v2\/product_brand?post=11248"},{"taxonomy":"product_cat","embeddable":true,"href":"https:\/\/exparto.pl\/ro\/wp-json\/wp\/v2\/product_cat?post=11248"},{"taxonomy":"product_tag","embeddable":true,"href":"https:\/\/exparto.pl\/ro\/wp-json\/wp\/v2\/product_tag?post=11248"}],"curies":[{"name":"wp","href":"https:\/\/api.w.org\/{rel}","templated":true}]}}