{"id":11249,"date":"2023-03-03T13:46:45","date_gmt":"2023-03-03T12:46:45","guid":{"rendered":"https:\/\/exparto.pl\/produkt\/distribuitor-hidraulic-cu-2-sectiuni-02p80l-sectiune-flotanta-manson-de-presiune\/"},"modified":"2023-03-03T13:46:45","modified_gmt":"2023-03-03T12:46:45","slug":"colector-hidraulic-2-sectiune-02p80l-sectiune-flotanta-manson-de-presiune","status":"publish","type":"product","link":"https:\/\/exparto.pl\/ro\/produkt\/colector-hidraulic-2-sectiune-02p80l-sectiune-flotanta-manson-de-presiune\/","title":{"rendered":"Distribuitor hidraulic cu 2 sec\u021biuni 02P80L &#8211; sec\u021biune flotant\u0103 &#8211; man\u0219on de presiune"},"content":{"rendered":"<p class=\"MsoNormal\" style=\"text-align: justify\"><span style=\"color: inherit;font-weight: 700 !important\">Distribuitor hidraulic 02P80<\/span> &#8211; monobloc, cu comand\u0103 prin cablu \u0219i joystick, cu un debit de 80 l\/minut. Se distinge prin <span style=\"color: inherit;font-weight: 700 !important\">designul<\/span> s\u0103u <span style=\"color: inherit;font-weight: 700 !important\">robust \u0219i compact<\/span>, care \u00eei permite s\u0103 fie conectat \u00een serie cu alte unit\u0103\u021bi similare folosind un man\u0219on de presiune. Acesta este <span style=\"color: inherit;font-weight: 700 !important\">un model cu dou\u0103<\/span> sec\u021biuni, cu o sec\u021biune flotant\u0103, potrivit pentru actuatoare cu ac\u021biune simpl\u0103 \u0219i dubl\u0103. De asemenea, se caracterizeaz\u0103 prin <span style=\"color: inherit;font-weight: 700 !important\">versatilitate<\/span> ridicat\u0103 \u0219i func\u021bionare stabil\u0103.<\/p>\n<p class=\"MsoNormal\" style=\"text-align: justify\">Colectorul hidraulic 02P80 este ideal pentru o <span style=\"color: inherit;font-weight: 700 !important\">varietate de sisteme hidraulice<\/span> &#8211; at\u00e2t \u00een industrie \u0219i construc\u021bii, c\u00e2t \u0219i \u00een agricultur\u0103. Este ideal pentru tractoare, <span style=\"color: inherit;font-weight: 700 !important\">\u00eenc\u0103rc\u0103toare<\/span>, excavatoare, <span style=\"color: inherit;font-weight: 700 !important\">utilaje de construc\u021bii \u0219i agricole<\/span>, \u00eenc\u0103rc\u0103toare HDS, pulverizatoare, ciclopane, strunguri sau chiar m\u0103tur\u0103toare. Ar trebui s\u0103 ad\u0103ug\u0103m c\u0103 totul este <span style=\"color: inherit;font-weight: 700 !important\">u\u0219or de asamblat<\/span>.<\/p>\n","protected":false},"excerpt":{"rendered":"<p style=\"text-align: justify\">Colectorul hidraulic 02P80 este ideal pentru o <span style=\"color: inherit\">varietate de sisteme hidraulice<\/span> &#8211; at\u00e2t \u00een industrie \u0219i construc\u021bii, c\u00e2t \u0219i \u00een agricultur\u0103.<\/p>\n","protected":false},"featured_media":5125,"comment_status":"open","ping_status":"closed","template":"","meta":{"_acf_changed":false,"inline_featured_image":false},"product_brand":[],"product_cat":[422],"product_tag":[],"class_list":{"0":"post-11249","1":"product","2":"type-product","3":"status-publish","4":"has-post-thumbnail","6":"product_cat-controlata-prin-cablu","8":"first","9":"instock","10":"taxable","11":"shipping-taxable","12":"purchasable","13":"product-type-simple"},"acf":[],"yoast_head":"<!-- This site is optimized with the Yoast SEO plugin v27.3 - https:\/\/yoast.com\/product\/yoast-seo-wordpress\/ -->\n<title>Distribuitor hidraulic cu 2 sec\u021biuni 02P80L - sec\u021biune flotant\u0103 - man\u0219on de presiune - Exparto.pl<\/title>\n<meta name=\"robots\" content=\"index, follow, max-snippet:-1, max-image-preview:large, max-video-preview:-1\" \/>\n<link rel=\"canonical\" href=\"https:\/\/exparto.pl\/ro\/produkt\/colector-hidraulic-2-sectiune-02p80l-sectiune-flotanta-manson-de-presiune\/\" \/>\n<meta property=\"og:locale\" content=\"ro_RO\" \/>\n<meta property=\"og:type\" content=\"article\" \/>\n<meta property=\"og:title\" content=\"Distribuitor hidraulic cu 2 sec\u021biuni 02P80L - sec\u021biune flotant\u0103 - man\u0219on de presiune - Exparto.pl\" \/>\n<meta property=\"og:description\" content=\"Colectorul hidraulic 02P80 este ideal pentru o varietate de sisteme hidraulice - at\u00e2t \u00een industrie \u0219i construc\u021bii, c\u00e2t \u0219i \u00een agricultur\u0103.\" \/>\n<meta property=\"og:url\" content=\"https:\/\/exparto.pl\/ro\/produkt\/colector-hidraulic-2-sectiune-02p80l-sectiune-flotanta-manson-de-presiune\/\" \/>\n<meta property=\"og:site_name\" content=\"Exparto.pl\" \/>\n<meta property=\"article:publisher\" content=\"https:\/\/www.facebook.com\/exparto.agro\/\" \/>\n<meta property=\"og:image\" content=\"https:\/\/exparto.pl\/wp-content\/uploads\/2023\/03\/4cfb6ce6440aab910c9c9fcd27ce2cfe.jpg\" \/>\n\t<meta property=\"og:image:width\" content=\"1000\" \/>\n\t<meta property=\"og:image:height\" content=\"1000\" \/>\n\t<meta property=\"og:image:type\" content=\"image\/jpeg\" \/>\n<meta name=\"twitter:card\" content=\"summary_large_image\" \/>\n<meta name=\"twitter:label1\" content=\"Timp estimat pentru citire\" \/>\n\t<meta name=\"twitter:data1\" content=\"1 minut\" \/>\n<script type=\"application\/ld+json\" class=\"yoast-schema-graph\">{\"@context\":\"https:\\\/\\\/schema.org\",\"@graph\":[{\"@type\":\"WebPage\",\"@id\":\"https:\\\/\\\/exparto.pl\\\/ro\\\/produkt\\\/colector-hidraulic-2-sectiune-02p80l-sectiune-flotanta-manson-de-presiune\\\/\",\"url\":\"https:\\\/\\\/exparto.pl\\\/ro\\\/produkt\\\/colector-hidraulic-2-sectiune-02p80l-sectiune-flotanta-manson-de-presiune\\\/\",\"name\":\"Distribuitor hidraulic cu 2 sec\u021biuni 02P80L - sec\u021biune flotant\u0103 - man\u0219on de presiune - Exparto.pl\",\"isPartOf\":{\"@id\":\"https:\\\/\\\/exparto.pl\\\/ro\\\/#website\"},\"primaryImageOfPage\":{\"@id\":\"https:\\\/\\\/exparto.pl\\\/ro\\\/produkt\\\/colector-hidraulic-2-sectiune-02p80l-sectiune-flotanta-manson-de-presiune\\\/#primaryimage\"},\"image\":{\"@id\":\"https:\\\/\\\/exparto.pl\\\/ro\\\/produkt\\\/colector-hidraulic-2-sectiune-02p80l-sectiune-flotanta-manson-de-presiune\\\/#primaryimage\"},\"thumbnailUrl\":\"https:\\\/\\\/exparto.pl\\\/wp-content\\\/uploads\\\/2023\\\/03\\\/4cfb6ce6440aab910c9c9fcd27ce2cfe.jpg\",\"datePublished\":\"2023-03-03T12:46:45+00:00\",\"breadcrumb\":{\"@id\":\"https:\\\/\\\/exparto.pl\\\/ro\\\/produkt\\\/colector-hidraulic-2-sectiune-02p80l-sectiune-flotanta-manson-de-presiune\\\/#breadcrumb\"},\"inLanguage\":\"ro-RO\",\"potentialAction\":[{\"@type\":\"ReadAction\",\"target\":[\"https:\\\/\\\/exparto.pl\\\/ro\\\/produkt\\\/colector-hidraulic-2-sectiune-02p80l-sectiune-flotanta-manson-de-presiune\\\/\"]}]},{\"@type\":\"ImageObject\",\"inLanguage\":\"ro-RO\",\"@id\":\"https:\\\/\\\/exparto.pl\\\/ro\\\/produkt\\\/colector-hidraulic-2-sectiune-02p80l-sectiune-flotanta-manson-de-presiune\\\/#primaryimage\",\"url\":\"https:\\\/\\\/exparto.pl\\\/wp-content\\\/uploads\\\/2023\\\/03\\\/4cfb6ce6440aab910c9c9fcd27ce2cfe.jpg\",\"contentUrl\":\"https:\\\/\\\/exparto.pl\\\/wp-content\\\/uploads\\\/2023\\\/03\\\/4cfb6ce6440aab910c9c9fcd27ce2cfe.jpg\",\"width\":1000,\"height\":1000},{\"@type\":\"BreadcrumbList\",\"@id\":\"https:\\\/\\\/exparto.pl\\\/ro\\\/produkt\\\/colector-hidraulic-2-sectiune-02p80l-sectiune-flotanta-manson-de-presiune\\\/#breadcrumb\",\"itemListElement\":[{\"@type\":\"ListItem\",\"position\":1,\"name\":\"Pagina de start\",\"item\":\"https:\\\/\\\/exparto.pl\\\/ro\\\/pagina-de-start\\\/\"},{\"@type\":\"ListItem\",\"position\":2,\"name\":\"Sklep\",\"item\":\"https:\\\/\\\/exparto.pl\\\/sklep\\\/\"},{\"@type\":\"ListItem\",\"position\":3,\"name\":\"Hidraulic\u0103\",\"item\":\"https:\\\/\\\/exparto.pl\\\/ro\\\/categoria-de-produse\\\/hidraulica\\\/\"},{\"@type\":\"ListItem\",\"position\":4,\"name\":\"Distribuitoare hidraulice\",\"item\":\"https:\\\/\\\/exparto.pl\\\/ro\\\/categoria-de-produse\\\/hidraulica\\\/distribuitoare-hidraulice\\\/\"},{\"@type\":\"ListItem\",\"position\":5,\"name\":\"Controlat\u0103 prin cablu\",\"item\":\"https:\\\/\\\/exparto.pl\\\/ro\\\/categoria-de-produse\\\/hidraulica\\\/distribuitoare-hidraulice\\\/controlata-prin-cablu\\\/\"},{\"@type\":\"ListItem\",\"position\":6,\"name\":\"Distribuitor hidraulic cu 2 sec\u021biuni 02P80L &#8211; sec\u021biune flotant\u0103 &#8211; man\u0219on de presiune\"}]},{\"@type\":\"WebSite\",\"@id\":\"https:\\\/\\\/exparto.pl\\\/ro\\\/#website\",\"url\":\"https:\\\/\\\/exparto.pl\\\/ro\\\/\",\"name\":\"EXPARTO\",\"description\":\"More than agro parts\",\"publisher\":{\"@id\":\"https:\\\/\\\/exparto.pl\\\/ro\\\/#organization\"},\"potentialAction\":[{\"@type\":\"SearchAction\",\"target\":{\"@type\":\"EntryPoint\",\"urlTemplate\":\"https:\\\/\\\/exparto.pl\\\/ro\\\/?s={search_term_string}\"},\"query-input\":{\"@type\":\"PropertyValueSpecification\",\"valueRequired\":true,\"valueName\":\"search_term_string\"}}],\"inLanguage\":\"ro-RO\"},{\"@type\":\"Organization\",\"@id\":\"https:\\\/\\\/exparto.pl\\\/ro\\\/#organization\",\"name\":\"EXPARTO\",\"url\":\"https:\\\/\\\/exparto.pl\\\/ro\\\/\",\"logo\":{\"@type\":\"ImageObject\",\"inLanguage\":\"ro-RO\",\"@id\":\"https:\\\/\\\/exparto.pl\\\/ro\\\/#\\\/schema\\\/logo\\\/image\\\/\",\"url\":\"https:\\\/\\\/exparto.pl\\\/wp-content\\\/uploads\\\/2023\\\/02\\\/logo-wektor.png\",\"contentUrl\":\"https:\\\/\\\/exparto.pl\\\/wp-content\\\/uploads\\\/2023\\\/02\\\/logo-wektor.png\",\"width\":1338,\"height\":143,\"caption\":\"EXPARTO\"},\"image\":{\"@id\":\"https:\\\/\\\/exparto.pl\\\/ro\\\/#\\\/schema\\\/logo\\\/image\\\/\"},\"sameAs\":[\"https:\\\/\\\/www.facebook.com\\\/exparto.agro\\\/\"]}]}<\/script>\n<!-- \/ Yoast SEO plugin. -->","yoast_head_json":{"title":"Distribuitor hidraulic cu 2 sec\u021biuni 02P80L - sec\u021biune flotant\u0103 - man\u0219on de presiune - Exparto.pl","robots":{"index":"index","follow":"follow","max-snippet":"max-snippet:-1","max-image-preview":"max-image-preview:large","max-video-preview":"max-video-preview:-1"},"canonical":"https:\/\/exparto.pl\/ro\/produkt\/colector-hidraulic-2-sectiune-02p80l-sectiune-flotanta-manson-de-presiune\/","og_locale":"ro_RO","og_type":"article","og_title":"Distribuitor hidraulic cu 2 sec\u021biuni 02P80L - sec\u021biune flotant\u0103 - man\u0219on de presiune - Exparto.pl","og_description":"Colectorul hidraulic 02P80 este ideal pentru o varietate de sisteme hidraulice - at\u00e2t \u00een industrie \u0219i construc\u021bii, c\u00e2t \u0219i \u00een agricultur\u0103.","og_url":"https:\/\/exparto.pl\/ro\/produkt\/colector-hidraulic-2-sectiune-02p80l-sectiune-flotanta-manson-de-presiune\/","og_site_name":"Exparto.pl","article_publisher":"https:\/\/www.facebook.com\/exparto.agro\/","og_image":[{"width":1000,"height":1000,"url":"https:\/\/exparto.pl\/wp-content\/uploads\/2023\/03\/4cfb6ce6440aab910c9c9fcd27ce2cfe.jpg","type":"image\/jpeg"}],"twitter_card":"summary_large_image","twitter_misc":{"Timp estimat pentru citire":"1 minut"},"schema":{"@context":"https:\/\/schema.org","@graph":[{"@type":"WebPage","@id":"https:\/\/exparto.pl\/ro\/produkt\/colector-hidraulic-2-sectiune-02p80l-sectiune-flotanta-manson-de-presiune\/","url":"https:\/\/exparto.pl\/ro\/produkt\/colector-hidraulic-2-sectiune-02p80l-sectiune-flotanta-manson-de-presiune\/","name":"Distribuitor hidraulic cu 2 sec\u021biuni 02P80L - sec\u021biune flotant\u0103 - man\u0219on de presiune - Exparto.pl","isPartOf":{"@id":"https:\/\/exparto.pl\/ro\/#website"},"primaryImageOfPage":{"@id":"https:\/\/exparto.pl\/ro\/produkt\/colector-hidraulic-2-sectiune-02p80l-sectiune-flotanta-manson-de-presiune\/#primaryimage"},"image":{"@id":"https:\/\/exparto.pl\/ro\/produkt\/colector-hidraulic-2-sectiune-02p80l-sectiune-flotanta-manson-de-presiune\/#primaryimage"},"thumbnailUrl":"https:\/\/exparto.pl\/wp-content\/uploads\/2023\/03\/4cfb6ce6440aab910c9c9fcd27ce2cfe.jpg","datePublished":"2023-03-03T12:46:45+00:00","breadcrumb":{"@id":"https:\/\/exparto.pl\/ro\/produkt\/colector-hidraulic-2-sectiune-02p80l-sectiune-flotanta-manson-de-presiune\/#breadcrumb"},"inLanguage":"ro-RO","potentialAction":[{"@type":"ReadAction","target":["https:\/\/exparto.pl\/ro\/produkt\/colector-hidraulic-2-sectiune-02p80l-sectiune-flotanta-manson-de-presiune\/"]}]},{"@type":"ImageObject","inLanguage":"ro-RO","@id":"https:\/\/exparto.pl\/ro\/produkt\/colector-hidraulic-2-sectiune-02p80l-sectiune-flotanta-manson-de-presiune\/#primaryimage","url":"https:\/\/exparto.pl\/wp-content\/uploads\/2023\/03\/4cfb6ce6440aab910c9c9fcd27ce2cfe.jpg","contentUrl":"https:\/\/exparto.pl\/wp-content\/uploads\/2023\/03\/4cfb6ce6440aab910c9c9fcd27ce2cfe.jpg","width":1000,"height":1000},{"@type":"BreadcrumbList","@id":"https:\/\/exparto.pl\/ro\/produkt\/colector-hidraulic-2-sectiune-02p80l-sectiune-flotanta-manson-de-presiune\/#breadcrumb","itemListElement":[{"@type":"ListItem","position":1,"name":"Pagina de start","item":"https:\/\/exparto.pl\/ro\/pagina-de-start\/"},{"@type":"ListItem","position":2,"name":"Sklep","item":"https:\/\/exparto.pl\/sklep\/"},{"@type":"ListItem","position":3,"name":"Hidraulic\u0103","item":"https:\/\/exparto.pl\/ro\/categoria-de-produse\/hidraulica\/"},{"@type":"ListItem","position":4,"name":"Distribuitoare hidraulice","item":"https:\/\/exparto.pl\/ro\/categoria-de-produse\/hidraulica\/distribuitoare-hidraulice\/"},{"@type":"ListItem","position":5,"name":"Controlat\u0103 prin cablu","item":"https:\/\/exparto.pl\/ro\/categoria-de-produse\/hidraulica\/distribuitoare-hidraulice\/controlata-prin-cablu\/"},{"@type":"ListItem","position":6,"name":"Distribuitor hidraulic cu 2 sec\u021biuni 02P80L &#8211; sec\u021biune flotant\u0103 &#8211; man\u0219on de presiune"}]},{"@type":"WebSite","@id":"https:\/\/exparto.pl\/ro\/#website","url":"https:\/\/exparto.pl\/ro\/","name":"EXPARTO","description":"More than agro parts","publisher":{"@id":"https:\/\/exparto.pl\/ro\/#organization"},"potentialAction":[{"@type":"SearchAction","target":{"@type":"EntryPoint","urlTemplate":"https:\/\/exparto.pl\/ro\/?s={search_term_string}"},"query-input":{"@type":"PropertyValueSpecification","valueRequired":true,"valueName":"search_term_string"}}],"inLanguage":"ro-RO"},{"@type":"Organization","@id":"https:\/\/exparto.pl\/ro\/#organization","name":"EXPARTO","url":"https:\/\/exparto.pl\/ro\/","logo":{"@type":"ImageObject","inLanguage":"ro-RO","@id":"https:\/\/exparto.pl\/ro\/#\/schema\/logo\/image\/","url":"https:\/\/exparto.pl\/wp-content\/uploads\/2023\/02\/logo-wektor.png","contentUrl":"https:\/\/exparto.pl\/wp-content\/uploads\/2023\/02\/logo-wektor.png","width":1338,"height":143,"caption":"EXPARTO"},"image":{"@id":"https:\/\/exparto.pl\/ro\/#\/schema\/logo\/image\/"},"sameAs":["https:\/\/www.facebook.com\/exparto.agro\/"]}]}},"_links":{"self":[{"href":"https:\/\/exparto.pl\/ro\/wp-json\/wp\/v2\/product\/11249","targetHints":{"allow":["GET"]}}],"collection":[{"href":"https:\/\/exparto.pl\/ro\/wp-json\/wp\/v2\/product"}],"about":[{"href":"https:\/\/exparto.pl\/ro\/wp-json\/wp\/v2\/types\/product"}],"replies":[{"embeddable":true,"href":"https:\/\/exparto.pl\/ro\/wp-json\/wp\/v2\/comments?post=11249"}],"wp:featuredmedia":[{"embeddable":true,"href":"https:\/\/exparto.pl\/ro\/wp-json\/wp\/v2\/media\/5125"}],"wp:attachment":[{"href":"https:\/\/exparto.pl\/ro\/wp-json\/wp\/v2\/media?parent=11249"}],"wp:term":[{"taxonomy":"product_brand","embeddable":true,"href":"https:\/\/exparto.pl\/ro\/wp-json\/wp\/v2\/product_brand?post=11249"},{"taxonomy":"product_cat","embeddable":true,"href":"https:\/\/exparto.pl\/ro\/wp-json\/wp\/v2\/product_cat?post=11249"},{"taxonomy":"product_tag","embeddable":true,"href":"https:\/\/exparto.pl\/ro\/wp-json\/wp\/v2\/product_tag?post=11249"}],"curies":[{"name":"wp","href":"https:\/\/api.w.org\/{rel}","templated":true}]}}