{"id":11254,"date":"2023-03-02T09:36:41","date_gmt":"2023-03-02T08:36:41","guid":{"rendered":"https:\/\/exparto.pl\/produkt\/disc-dintat-510-mm-x-35-mm-5-gauri-z-10-otel-carbon\/"},"modified":"2023-03-02T09:36:41","modified_gmt":"2023-03-02T08:36:41","slug":"talerz-uzebiony-510mm-x-35-mm-5-otworow-z-10-stal-weglowa","status":"publish","type":"product","link":"https:\/\/exparto.pl\/ro\/produkt\/talerz-uzebiony-510mm-x-35-mm-5-otworow-z-10-stal-weglowa\/","title":{"rendered":"Disc din\u021bat 510 mm x 3,5 mm, 5 g\u0103uri, Z-10, o\u021bel carbon"},"content":{"rendered":"<p style=\"text-align: justify\"><span style=\"font-weight: bold\">Discuri agricole EXPARTO<\/span> pentru cultivarea simplificat\u0103 cu agregate \u0219i grape cu discuri. La alegerea discurilor, at\u00e2t produc\u0103torul de ma\u0219ini, c\u00e2t \u0219i utilizatorul sunt ghida\u021bi nu numai de tipul de ma\u0219in\u0103. Acestea \u021bin cont de tipul de munc\u0103 pe teren sau de specificul solului. Discurile EXPARTO sunt ideale pentru agregate cu l\u0103\u021bimea de peste 3 m, grapele cu discuri cu l\u0103\u021bimea sub 3 m \u0219i plugurile cu discuri. Acestea garanteaz\u0103 o func\u021bionare lin\u0103 \u0219i eficient\u0103.<\/p>\n<p>Ce face ca discurile de cultivare Exparto s\u0103 ias\u0103 \u00een eviden\u021b\u0103?<\/p>\n<ul>\n<li style=\"text-align: justify\">Abraziune minim\u0103, duritate maxim\u0103: \u0219tim cum s\u0103 ne \u00eent\u0103rim discurile pentru a asigura o <span style=\"font-weight: bold\">DURITATE<\/span> optim\u0103 a suprafe\u021bei de lucru f\u0103r\u0103 a pierde <span style=\"font-weight: bold\">ELASTICITATEA <\/span>centrului.<\/li>\n<li style=\"text-align: justify\">Grosimea uniform\u0103 a \u00eentregii suprafe\u021be a discului<\/li>\n<li style=\"text-align: justify\">Discurile EXPARTO se <span style=\"font-weight: bold\">potrivesc<\/span> perfect cu renumitele butuci Exparto disponibile pe pia\u021b\u0103 \u0219i cu alte<\/li>\n<li style=\"text-align: justify\">Rezisten\u021b\u0103 ridicat\u0103 la <span style=\"font-weight: bold\">impact<\/span> (de exemplu, la ciobire cu pietre)<\/li>\n<li style=\"text-align: justify\"><span style=\"color: inherit;font-weight: 700 !important\">DURITATE<\/span> adecvat\u0103: reducem riscul de abraziune rapid\u0103 a discului sau de fisurare atunci c\u00e2nd materialul este supra-\u00eent\u0103rit.<\/li>\n<li style=\"text-align: justify\">Discuri fabricate din o\u021bel de \u00eenalt\u0103 calitate testat meticulos: <span style=\"font-weight: bold\">BOROUGH<\/span>, <span style=\"font-weight: bold\">SPRING<\/span> sau <span style=\"font-weight: bold\">COAL<\/span>, \u00een func\u021bie de cerere, scop \u0219i tip de lucru pe teren.<\/li>\n<li style=\"text-align: justify\">Pe discurile EXPARTO ader\u0103 mult mai pu\u021bin\u0103 argil\u0103 sau p\u0103m\u00e2nt umed, deoarece acestea sunt extrem de <span style=\"color: inherit;font-weight: 700 !important\">LENTE <\/span>datorit\u0103 unui strat protector special aplicat \u00een condi\u021bii strict supravegheate;<\/li>\n<li style=\"text-align: justify\"><span style=\"font-weight: bold\">U\u0219or<\/span> de instalat \u0219i \u00eenlocuit discurile EXPARTO<\/li>\n<li style=\"text-align: justify\"><span style=\"font-weight: bold\">CALITATEA<\/span> \u0219i <span style=\"font-weight: bold\">FIABILITATEA<\/span> produselor \u00een conformitate cu standardele ISO 9001 \u0219i principiile PPAP adoptate de industria auto. Control\u0103m \u00een detaliu fiecare etap\u0103 a produc\u021biei, de la compozi\u021bia materialului utilizat p\u00e2n\u0103 la testele de duritate, simul\u0103ri \u0219i lucr\u0103ri de teren.<\/li>\n<\/ul>\n<p style=\"text-align: justify\">Recomand\u0103m discurile EXPARTO pentru grape cu discuri <span style=\"font-weight: bold\">, grape cu coaj\u0103, grape forestiere, cultivatoare, pluguri cu discuri \u0219i cultivatoare de miri\u0219te (defri\u0219c\u0103toare), unit\u0103\u021bi de sem\u0103nat, sem\u0103n\u0103tori, unit\u0103\u021bi hibride<\/span>.<\/p>\n<p style=\"text-align: justify\">Discurile EXPARTOsunt compatibile cu ma\u0219inile fabricate de:<br \/>\nAgrisem, Agrimet, Agro lift, Agromasz, Agrotom, Akpil, Amazone, ATMP, Awemak, Batyra, Bednar, Bomet, Bury, Czajkowski, Dexwal, Euromasz, Expom, Goliath, Horsch, Kunh, Kverneland, Lemken, Mandam, Metalfach, Pettinger, Polgrom, Rol\/ex, Rolmako, Staltech, Strumyk, Unia, Vaderstad, , PPHU ZAPA\u0141A \u0219i alte ma\u0219ini echipate cu discuri SKF , Krasnik sau de tip C<\/p>\n","protected":false},"excerpt":{"rendered":"<p style=\"text-align: justify\">Discuri agricole EXPARTO pentru cultivarea simplificat\u0103 cu agregate \u0219i grape cu discuri. La alegerea discurilor, at\u00e2t produc\u0103torul de ma\u0219ini, c\u00e2t \u0219i utilizatorul sunt ghida\u021bi nu numai de tipul de ma\u0219in\u0103. Acestea \u021bin cont de tipul de munc\u0103 pe teren sau de specificul solului. Discurile EXPARTO sunt ideale pentru agregate cu l\u0103\u021bimea de peste 3 m, grapele cu discuri cu l\u0103\u021bimea sub 3 m \u0219i plugurile cu discuri. Acestea garanteaz\u0103 o func\u021bionare lin\u0103 \u0219i eficient\u0103.<\/p>\n<p style=\"text-align: justify\">Recomand\u0103m discurile EXPARTO pentru grape cu discuri , grape cu coaj\u0103, grape forestiere, cultivatoare, pluguri cu discuri \u0219i cultivatoare de miri\u0219te (defri\u0219c\u0103toare), unit\u0103\u021bi de sem\u0103nat, sem\u0103n\u0103tori, unit\u0103\u021bi hibride.<\/p>\n","protected":false},"featured_media":4705,"comment_status":"open","ping_status":"closed","template":"","meta":{"_acf_changed":false,"inline_featured_image":false},"product_brand":[],"product_cat":[417,385,384],"product_tag":[],"class_list":{"0":"post-11254","1":"product","2":"type-product","3":"status-publish","4":"has-post-thumbnail","6":"product_cat-discuri-510-mm","7":"product_cat-discuri-de-cultivare","8":"product_cat-lucrare-a-solului","10":"first","11":"outofstock","12":"taxable","13":"shipping-taxable","14":"purchasable","15":"product-type-simple"},"acf":[],"yoast_head":"<!-- This site is optimized with the Yoast SEO plugin v27.3 - https:\/\/yoast.com\/product\/yoast-seo-wordpress\/ -->\n<title>Disc din\u021bat 510 mm x 3,5 mm, 5 g\u0103uri, Z-10, o\u021bel carbon - Exparto.pl<\/title>\n<meta name=\"robots\" content=\"index, follow, max-snippet:-1, max-image-preview:large, max-video-preview:-1\" \/>\n<link rel=\"canonical\" href=\"https:\/\/exparto.pl\/ro\/produkt\/talerz-uzebiony-510mm-x-35-mm-5-otworow-z-10-stal-weglowa\/\" \/>\n<meta property=\"og:locale\" content=\"ro_RO\" \/>\n<meta property=\"og:type\" content=\"article\" \/>\n<meta property=\"og:title\" content=\"Disc din\u021bat 510 mm x 3,5 mm, 5 g\u0103uri, Z-10, o\u021bel carbon - Exparto.pl\" \/>\n<meta property=\"og:description\" content=\"Discuri agricole EXPARTO pentru cultivarea simplificat\u0103 cu agregate \u0219i grape cu discuri. La alegerea discurilor, at\u00e2t produc\u0103torul de ma\u0219ini, c\u00e2t \u0219i utilizatorul sunt ghida\u021bi nu numai de tipul de ma\u0219in\u0103. Acestea \u021bin cont de tipul de munc\u0103 pe teren sau de specificul solului. Discurile EXPARTO sunt ideale pentru agregate cu l\u0103\u021bimea de peste 3 m, grapele cu discuri cu l\u0103\u021bimea sub 3 m \u0219i plugurile cu discuri. Acestea garanteaz\u0103 o func\u021bionare lin\u0103 \u0219i eficient\u0103. Recomand\u0103m discurile EXPARTO pentru grape cu discuri , grape cu coaj\u0103, grape forestiere, cultivatoare, pluguri cu discuri \u0219i cultivatoare de miri\u0219te (defri\u0219c\u0103toare), unit\u0103\u021bi de sem\u0103nat, sem\u0103n\u0103tori, unit\u0103\u021bi hibride.\" \/>\n<meta property=\"og:url\" content=\"https:\/\/exparto.pl\/ro\/produkt\/talerz-uzebiony-510mm-x-35-mm-5-otworow-z-10-stal-weglowa\/\" \/>\n<meta property=\"og:site_name\" content=\"Exparto.pl\" \/>\n<meta property=\"article:publisher\" content=\"https:\/\/www.facebook.com\/exparto.agro\/\" \/>\n<meta property=\"og:image\" content=\"https:\/\/exparto.pl\/wp-content\/uploads\/2023\/03\/c030b02ac6865c1adc7e141c1c5bc70d.jpg\" \/>\n\t<meta property=\"og:image:width\" content=\"1000\" \/>\n\t<meta property=\"og:image:height\" content=\"1000\" \/>\n\t<meta property=\"og:image:type\" content=\"image\/jpeg\" \/>\n<meta name=\"twitter:card\" content=\"summary_large_image\" \/>\n<meta name=\"twitter:label1\" content=\"Timp estimat pentru citire\" \/>\n\t<meta name=\"twitter:data1\" content=\"2 minute\" \/>\n<script type=\"application\/ld+json\" class=\"yoast-schema-graph\">{\"@context\":\"https:\\\/\\\/schema.org\",\"@graph\":[{\"@type\":\"WebPage\",\"@id\":\"https:\\\/\\\/exparto.pl\\\/ro\\\/produkt\\\/talerz-uzebiony-510mm-x-35-mm-5-otworow-z-10-stal-weglowa\\\/\",\"url\":\"https:\\\/\\\/exparto.pl\\\/ro\\\/produkt\\\/talerz-uzebiony-510mm-x-35-mm-5-otworow-z-10-stal-weglowa\\\/\",\"name\":\"Disc din\u021bat 510 mm x 3,5 mm, 5 g\u0103uri, Z-10, o\u021bel carbon - Exparto.pl\",\"isPartOf\":{\"@id\":\"https:\\\/\\\/exparto.pl\\\/ro\\\/#website\"},\"primaryImageOfPage\":{\"@id\":\"https:\\\/\\\/exparto.pl\\\/ro\\\/produkt\\\/talerz-uzebiony-510mm-x-35-mm-5-otworow-z-10-stal-weglowa\\\/#primaryimage\"},\"image\":{\"@id\":\"https:\\\/\\\/exparto.pl\\\/ro\\\/produkt\\\/talerz-uzebiony-510mm-x-35-mm-5-otworow-z-10-stal-weglowa\\\/#primaryimage\"},\"thumbnailUrl\":\"https:\\\/\\\/exparto.pl\\\/wp-content\\\/uploads\\\/2023\\\/03\\\/c030b02ac6865c1adc7e141c1c5bc70d.jpg\",\"datePublished\":\"2023-03-02T08:36:41+00:00\",\"breadcrumb\":{\"@id\":\"https:\\\/\\\/exparto.pl\\\/ro\\\/produkt\\\/talerz-uzebiony-510mm-x-35-mm-5-otworow-z-10-stal-weglowa\\\/#breadcrumb\"},\"inLanguage\":\"ro-RO\",\"potentialAction\":[{\"@type\":\"ReadAction\",\"target\":[\"https:\\\/\\\/exparto.pl\\\/ro\\\/produkt\\\/talerz-uzebiony-510mm-x-35-mm-5-otworow-z-10-stal-weglowa\\\/\"]}]},{\"@type\":\"ImageObject\",\"inLanguage\":\"ro-RO\",\"@id\":\"https:\\\/\\\/exparto.pl\\\/ro\\\/produkt\\\/talerz-uzebiony-510mm-x-35-mm-5-otworow-z-10-stal-weglowa\\\/#primaryimage\",\"url\":\"https:\\\/\\\/exparto.pl\\\/wp-content\\\/uploads\\\/2023\\\/03\\\/c030b02ac6865c1adc7e141c1c5bc70d.jpg\",\"contentUrl\":\"https:\\\/\\\/exparto.pl\\\/wp-content\\\/uploads\\\/2023\\\/03\\\/c030b02ac6865c1adc7e141c1c5bc70d.jpg\",\"width\":1000,\"height\":1000},{\"@type\":\"BreadcrumbList\",\"@id\":\"https:\\\/\\\/exparto.pl\\\/ro\\\/produkt\\\/talerz-uzebiony-510mm-x-35-mm-5-otworow-z-10-stal-weglowa\\\/#breadcrumb\",\"itemListElement\":[{\"@type\":\"ListItem\",\"position\":1,\"name\":\"Pagina de start\",\"item\":\"https:\\\/\\\/exparto.pl\\\/ro\\\/pagina-de-start\\\/\"},{\"@type\":\"ListItem\",\"position\":2,\"name\":\"Sklep\",\"item\":\"https:\\\/\\\/exparto.pl\\\/sklep\\\/\"},{\"@type\":\"ListItem\",\"position\":3,\"name\":\"Lucrare a solului\",\"item\":\"https:\\\/\\\/exparto.pl\\\/ro\\\/categoria-de-produse\\\/lucrare-a-solului\\\/\"},{\"@type\":\"ListItem\",\"position\":4,\"name\":\"Discuri de cultivare\",\"item\":\"https:\\\/\\\/exparto.pl\\\/ro\\\/categoria-de-produse\\\/lucrare-a-solului\\\/discuri-de-cultivare\\\/\"},{\"@type\":\"ListItem\",\"position\":5,\"name\":\"Discuri 510 mm\",\"item\":\"https:\\\/\\\/exparto.pl\\\/ro\\\/categoria-de-produse\\\/lucrare-a-solului\\\/discuri-de-cultivare\\\/discuri-510-mm\\\/\"},{\"@type\":\"ListItem\",\"position\":6,\"name\":\"Disc din\u021bat 510 mm x 3,5 mm, 5 g\u0103uri, Z-10, o\u021bel carbon\"}]},{\"@type\":\"WebSite\",\"@id\":\"https:\\\/\\\/exparto.pl\\\/ro\\\/#website\",\"url\":\"https:\\\/\\\/exparto.pl\\\/ro\\\/\",\"name\":\"EXPARTO\",\"description\":\"More than agro parts\",\"publisher\":{\"@id\":\"https:\\\/\\\/exparto.pl\\\/ro\\\/#organization\"},\"potentialAction\":[{\"@type\":\"SearchAction\",\"target\":{\"@type\":\"EntryPoint\",\"urlTemplate\":\"https:\\\/\\\/exparto.pl\\\/ro\\\/?s={search_term_string}\"},\"query-input\":{\"@type\":\"PropertyValueSpecification\",\"valueRequired\":true,\"valueName\":\"search_term_string\"}}],\"inLanguage\":\"ro-RO\"},{\"@type\":\"Organization\",\"@id\":\"https:\\\/\\\/exparto.pl\\\/ro\\\/#organization\",\"name\":\"EXPARTO\",\"url\":\"https:\\\/\\\/exparto.pl\\\/ro\\\/\",\"logo\":{\"@type\":\"ImageObject\",\"inLanguage\":\"ro-RO\",\"@id\":\"https:\\\/\\\/exparto.pl\\\/ro\\\/#\\\/schema\\\/logo\\\/image\\\/\",\"url\":\"https:\\\/\\\/exparto.pl\\\/wp-content\\\/uploads\\\/2023\\\/02\\\/logo-wektor.png\",\"contentUrl\":\"https:\\\/\\\/exparto.pl\\\/wp-content\\\/uploads\\\/2023\\\/02\\\/logo-wektor.png\",\"width\":1338,\"height\":143,\"caption\":\"EXPARTO\"},\"image\":{\"@id\":\"https:\\\/\\\/exparto.pl\\\/ro\\\/#\\\/schema\\\/logo\\\/image\\\/\"},\"sameAs\":[\"https:\\\/\\\/www.facebook.com\\\/exparto.agro\\\/\"]}]}<\/script>\n<!-- \/ Yoast SEO plugin. -->","yoast_head_json":{"title":"Disc din\u021bat 510 mm x 3,5 mm, 5 g\u0103uri, Z-10, o\u021bel carbon - Exparto.pl","robots":{"index":"index","follow":"follow","max-snippet":"max-snippet:-1","max-image-preview":"max-image-preview:large","max-video-preview":"max-video-preview:-1"},"canonical":"https:\/\/exparto.pl\/ro\/produkt\/talerz-uzebiony-510mm-x-35-mm-5-otworow-z-10-stal-weglowa\/","og_locale":"ro_RO","og_type":"article","og_title":"Disc din\u021bat 510 mm x 3,5 mm, 5 g\u0103uri, Z-10, o\u021bel carbon - Exparto.pl","og_description":"Discuri agricole EXPARTO pentru cultivarea simplificat\u0103 cu agregate \u0219i grape cu discuri. La alegerea discurilor, at\u00e2t produc\u0103torul de ma\u0219ini, c\u00e2t \u0219i utilizatorul sunt ghida\u021bi nu numai de tipul de ma\u0219in\u0103. Acestea \u021bin cont de tipul de munc\u0103 pe teren sau de specificul solului. Discurile EXPARTO sunt ideale pentru agregate cu l\u0103\u021bimea de peste 3 m, grapele cu discuri cu l\u0103\u021bimea sub 3 m \u0219i plugurile cu discuri. Acestea garanteaz\u0103 o func\u021bionare lin\u0103 \u0219i eficient\u0103. Recomand\u0103m discurile EXPARTO pentru grape cu discuri , grape cu coaj\u0103, grape forestiere, cultivatoare, pluguri cu discuri \u0219i cultivatoare de miri\u0219te (defri\u0219c\u0103toare), unit\u0103\u021bi de sem\u0103nat, sem\u0103n\u0103tori, unit\u0103\u021bi hibride.","og_url":"https:\/\/exparto.pl\/ro\/produkt\/talerz-uzebiony-510mm-x-35-mm-5-otworow-z-10-stal-weglowa\/","og_site_name":"Exparto.pl","article_publisher":"https:\/\/www.facebook.com\/exparto.agro\/","og_image":[{"width":1000,"height":1000,"url":"https:\/\/exparto.pl\/wp-content\/uploads\/2023\/03\/c030b02ac6865c1adc7e141c1c5bc70d.jpg","type":"image\/jpeg"}],"twitter_card":"summary_large_image","twitter_misc":{"Timp estimat pentru citire":"2 minute"},"schema":{"@context":"https:\/\/schema.org","@graph":[{"@type":"WebPage","@id":"https:\/\/exparto.pl\/ro\/produkt\/talerz-uzebiony-510mm-x-35-mm-5-otworow-z-10-stal-weglowa\/","url":"https:\/\/exparto.pl\/ro\/produkt\/talerz-uzebiony-510mm-x-35-mm-5-otworow-z-10-stal-weglowa\/","name":"Disc din\u021bat 510 mm x 3,5 mm, 5 g\u0103uri, Z-10, o\u021bel carbon - Exparto.pl","isPartOf":{"@id":"https:\/\/exparto.pl\/ro\/#website"},"primaryImageOfPage":{"@id":"https:\/\/exparto.pl\/ro\/produkt\/talerz-uzebiony-510mm-x-35-mm-5-otworow-z-10-stal-weglowa\/#primaryimage"},"image":{"@id":"https:\/\/exparto.pl\/ro\/produkt\/talerz-uzebiony-510mm-x-35-mm-5-otworow-z-10-stal-weglowa\/#primaryimage"},"thumbnailUrl":"https:\/\/exparto.pl\/wp-content\/uploads\/2023\/03\/c030b02ac6865c1adc7e141c1c5bc70d.jpg","datePublished":"2023-03-02T08:36:41+00:00","breadcrumb":{"@id":"https:\/\/exparto.pl\/ro\/produkt\/talerz-uzebiony-510mm-x-35-mm-5-otworow-z-10-stal-weglowa\/#breadcrumb"},"inLanguage":"ro-RO","potentialAction":[{"@type":"ReadAction","target":["https:\/\/exparto.pl\/ro\/produkt\/talerz-uzebiony-510mm-x-35-mm-5-otworow-z-10-stal-weglowa\/"]}]},{"@type":"ImageObject","inLanguage":"ro-RO","@id":"https:\/\/exparto.pl\/ro\/produkt\/talerz-uzebiony-510mm-x-35-mm-5-otworow-z-10-stal-weglowa\/#primaryimage","url":"https:\/\/exparto.pl\/wp-content\/uploads\/2023\/03\/c030b02ac6865c1adc7e141c1c5bc70d.jpg","contentUrl":"https:\/\/exparto.pl\/wp-content\/uploads\/2023\/03\/c030b02ac6865c1adc7e141c1c5bc70d.jpg","width":1000,"height":1000},{"@type":"BreadcrumbList","@id":"https:\/\/exparto.pl\/ro\/produkt\/talerz-uzebiony-510mm-x-35-mm-5-otworow-z-10-stal-weglowa\/#breadcrumb","itemListElement":[{"@type":"ListItem","position":1,"name":"Pagina de start","item":"https:\/\/exparto.pl\/ro\/pagina-de-start\/"},{"@type":"ListItem","position":2,"name":"Sklep","item":"https:\/\/exparto.pl\/sklep\/"},{"@type":"ListItem","position":3,"name":"Lucrare a solului","item":"https:\/\/exparto.pl\/ro\/categoria-de-produse\/lucrare-a-solului\/"},{"@type":"ListItem","position":4,"name":"Discuri de cultivare","item":"https:\/\/exparto.pl\/ro\/categoria-de-produse\/lucrare-a-solului\/discuri-de-cultivare\/"},{"@type":"ListItem","position":5,"name":"Discuri 510 mm","item":"https:\/\/exparto.pl\/ro\/categoria-de-produse\/lucrare-a-solului\/discuri-de-cultivare\/discuri-510-mm\/"},{"@type":"ListItem","position":6,"name":"Disc din\u021bat 510 mm x 3,5 mm, 5 g\u0103uri, Z-10, o\u021bel carbon"}]},{"@type":"WebSite","@id":"https:\/\/exparto.pl\/ro\/#website","url":"https:\/\/exparto.pl\/ro\/","name":"EXPARTO","description":"More than agro parts","publisher":{"@id":"https:\/\/exparto.pl\/ro\/#organization"},"potentialAction":[{"@type":"SearchAction","target":{"@type":"EntryPoint","urlTemplate":"https:\/\/exparto.pl\/ro\/?s={search_term_string}"},"query-input":{"@type":"PropertyValueSpecification","valueRequired":true,"valueName":"search_term_string"}}],"inLanguage":"ro-RO"},{"@type":"Organization","@id":"https:\/\/exparto.pl\/ro\/#organization","name":"EXPARTO","url":"https:\/\/exparto.pl\/ro\/","logo":{"@type":"ImageObject","inLanguage":"ro-RO","@id":"https:\/\/exparto.pl\/ro\/#\/schema\/logo\/image\/","url":"https:\/\/exparto.pl\/wp-content\/uploads\/2023\/02\/logo-wektor.png","contentUrl":"https:\/\/exparto.pl\/wp-content\/uploads\/2023\/02\/logo-wektor.png","width":1338,"height":143,"caption":"EXPARTO"},"image":{"@id":"https:\/\/exparto.pl\/ro\/#\/schema\/logo\/image\/"},"sameAs":["https:\/\/www.facebook.com\/exparto.agro\/"]}]}},"_links":{"self":[{"href":"https:\/\/exparto.pl\/ro\/wp-json\/wp\/v2\/product\/11254","targetHints":{"allow":["GET"]}}],"collection":[{"href":"https:\/\/exparto.pl\/ro\/wp-json\/wp\/v2\/product"}],"about":[{"href":"https:\/\/exparto.pl\/ro\/wp-json\/wp\/v2\/types\/product"}],"replies":[{"embeddable":true,"href":"https:\/\/exparto.pl\/ro\/wp-json\/wp\/v2\/comments?post=11254"}],"wp:featuredmedia":[{"embeddable":true,"href":"https:\/\/exparto.pl\/ro\/wp-json\/wp\/v2\/media\/4705"}],"wp:attachment":[{"href":"https:\/\/exparto.pl\/ro\/wp-json\/wp\/v2\/media?parent=11254"}],"wp:term":[{"taxonomy":"product_brand","embeddable":true,"href":"https:\/\/exparto.pl\/ro\/wp-json\/wp\/v2\/product_brand?post=11254"},{"taxonomy":"product_cat","embeddable":true,"href":"https:\/\/exparto.pl\/ro\/wp-json\/wp\/v2\/product_cat?post=11254"},{"taxonomy":"product_tag","embeddable":true,"href":"https:\/\/exparto.pl\/ro\/wp-json\/wp\/v2\/product_tag?post=11254"}],"curies":[{"name":"wp","href":"https:\/\/api.w.org\/{rel}","templated":true}]}}