{"id":11284,"date":"2023-03-02T13:00:46","date_gmt":"2023-03-02T12:00:46","guid":{"rendered":"https:\/\/exparto.pl\/produkt\/manometru-uscat-fi-63-m12x1-5-down-0-16-bar\/"},"modified":"2023-03-02T13:00:46","modified_gmt":"2023-03-02T12:00:46","slug":"manometr-suchy-fi-63-m12x15-dol-0-16-bar","status":"publish","type":"product","link":"https:\/\/exparto.pl\/ro\/produkt\/manometr-suchy-fi-63-m12x15-dol-0-16-bar\/","title":{"rendered":"Manometru uscat fi 63 M12x1.5 DOWN 0-16 Bar"},"content":{"rendered":"<p class=\"MsoNormal\" style=\"text-align: justify\"><span style=\"color: inherit;font-weight: 700 !important\">Manometrele <\/span>sunt dispozitive care sunt utilizate pentru a <span style=\"color: inherit;font-weight: 700 !important\">m\u0103sura presiunea \u00een sistemele de<\/span> gaze \u0219i lichide. Scopul lor este de a <span style=\"color: inherit;font-weight: 700 !important\">indica diferen\u021ba<\/span> dintre presiunea intern\u0103 \u0219i cea extern\u0103 (atmosferic\u0103) a sistemului supus \u00eencerc\u0103rii. Ace\u0219tia sunt indicatori vizuali care &#8211; dac\u0103 este necesar &#8211; permit <span style=\"color: inherit;font-weight: 700 !important\">detectarea<\/span> eficient\u0103 a <span style=\"color: inherit;font-weight: 700 !important\">problemelor<\/span> \u00een cadrul instala\u021biilor specifice. Acest lucru este important, deoarece o presiune inadecvat\u0103 poate contribui la ob\u021binerea unor produse <span style=\"color: inherit;font-weight: 700 !important\">de calitate necorespunz\u0103toare<\/span> sau chiar la e\u0219ecuri.<\/p>\n<p class=\"MsoNormal\" style=\"text-align: justify\">Un tip de echipament \u00een cauz\u0103 sunt <span style=\"color: inherit;font-weight: 700 !important\">manometrele hidraulice<\/span>, care sunt utilizate pentru a m\u0103sura presiunea \u00een sistemele alimentate cu fluide. Acestea sunt necesare pentru buna func\u021bionare a sistemului de control al<span style=\"color: inherit;font-weight: 700 !important\"> componentelor hidraulice<\/span>. Unele manometre de acest tip sunt utilizate \u0219i pentru a m\u0103sura fluidele din sistemele pneumatice.<\/p>\n<p class=\"MsoNormal\" style=\"text-align: justify\">Ad\u0103uga\u021bi c\u0103 putem \u00eemp\u0103r\u021bi manometrele \u00een: <span style=\"color: inherit;font-weight: 700 !important\">umede<\/span> \u0219i <span style=\"color: inherit;font-weight: 700 !important\">uscate<\/span>. Primele au o umplutur\u0103 sub forma <span style=\"color: inherit;font-weight: 700 !important\">unui lichid special<\/span>, \u00een timp ce cele din urm\u0103 sunt lipsite de el. Lichidul permite m\u0103sur\u0103tori mai precise \u00een cazul unor <span style=\"color: inherit;font-weight: 700 !important\">\u0219ocuri<\/span> sau <strong>vibra\u021bii<\/strong>. Aceasta \u00eenseamn\u0103, de asemenea, c\u0103 exist\u0103 un risc mai mic de defectare a <span style=\"color: inherit;font-weight: 700 !important\">echipamentului<\/span>, deoarece vibra\u021biile sunt cea mai frecvent\u0103 cauz\u0103 a <span style=\"color: inherit;font-weight: 700 !important\">defec\u021biunilor<\/span>. Acest lucru se datoreaz\u0103 faptului c\u0103 acestea stimuleaz\u0103 componentele mobile ale manometrelor, cum ar fi cutia de viteze sau tubul Bourdon, s\u0103 vibreze. Trebuie remarcat faptul c\u0103 manometrele sunt utilizate \u00een <span style=\"color: inherit;font-weight: 700 !important\">agricultur\u0103<\/span>, construc\u021bii, precum \u0219i \u00een <span style=\"color: inherit;font-weight: 700 !important\">industrie<\/span>. De asemenea, acestea sunt utilizate \u00een industria <span style=\"color: inherit;font-weight: 700 !important\">gazului<\/span>, a energiei termice, a aliment\u0103rii cu ap\u0103, a \u00eenc\u0103lzirii urbane, a canaliz\u0103rii \u0219i chiar \u00een industria alimentar\u0103.<\/p>\n","protected":false},"excerpt":{"rendered":"<p style=\"text-align: justify\"><span style=\"color: inherit\">Manometrele <\/span>sunt dispozitive care sunt utilizate pentru a <span style=\"color: inherit\">m\u0103sura presiunea \u00een sistemele de<\/span> gaze \u0219i lichide. Scopul lor este de a <span style=\"color: inherit\">indica diferen\u021ba<\/span> dintre presiunea intern\u0103 \u0219i cea extern\u0103 (atmosferic\u0103) a sistemului supus \u00eencerc\u0103rii.<\/p>\n<p style=\"text-align: justify\">\n","protected":false},"featured_media":4909,"comment_status":"open","ping_status":"closed","template":"","meta":{"_acf_changed":false,"inline_featured_image":false},"product_brand":[],"product_cat":[424,376],"product_tag":[],"class_list":{"0":"post-11284","1":"product","2":"type-product","3":"status-publish","4":"has-post-thumbnail","6":"product_cat-manometre-de-presiune","7":"product_cat-piese-pentru-pulverizatoare","9":"first","10":"instock","11":"taxable","12":"shipping-taxable","13":"purchasable","14":"product-type-simple"},"acf":[],"yoast_head":"<!-- This site is optimized with the Yoast SEO plugin v27.2 - https:\/\/yoast.com\/product\/yoast-seo-wordpress\/ -->\n<title>Manometru uscat fi 63 M12x1.5 DOWN 0-16 Bar - Exparto.pl<\/title>\n<meta name=\"robots\" content=\"index, follow, max-snippet:-1, max-image-preview:large, max-video-preview:-1\" \/>\n<link rel=\"canonical\" href=\"https:\/\/exparto.pl\/ro\/produkt\/manometr-suchy-fi-63-m12x15-dol-0-16-bar\/\" \/>\n<meta property=\"og:locale\" content=\"ro_RO\" \/>\n<meta property=\"og:type\" content=\"article\" \/>\n<meta property=\"og:title\" content=\"Manometru uscat fi 63 M12x1.5 DOWN 0-16 Bar - Exparto.pl\" \/>\n<meta property=\"og:description\" content=\"Manometrele sunt dispozitive care sunt utilizate pentru a m\u0103sura presiunea \u00een sistemele de gaze \u0219i lichide. Scopul lor este de a indica diferen\u021ba dintre presiunea intern\u0103 \u0219i cea extern\u0103 (atmosferic\u0103) a sistemului supus \u00eencerc\u0103rii.\" \/>\n<meta property=\"og:url\" content=\"https:\/\/exparto.pl\/ro\/produkt\/manometr-suchy-fi-63-m12x15-dol-0-16-bar\/\" \/>\n<meta property=\"og:site_name\" content=\"Exparto.pl\" \/>\n<meta property=\"article:publisher\" content=\"https:\/\/www.facebook.com\/exparto.agro\/\" \/>\n<meta property=\"og:image\" content=\"https:\/\/exparto.pl\/wp-content\/uploads\/2023\/03\/c9d96634a47fea94f9da961d017081a8.jpg\" \/>\n\t<meta property=\"og:image:width\" content=\"1000\" \/>\n\t<meta property=\"og:image:height\" content=\"1000\" \/>\n\t<meta property=\"og:image:type\" content=\"image\/jpeg\" \/>\n<meta name=\"twitter:card\" content=\"summary_large_image\" \/>\n<meta name=\"twitter:label1\" content=\"Timp estimat pentru citire\" \/>\n\t<meta name=\"twitter:data1\" content=\"1 minut\" \/>\n<script type=\"application\/ld+json\" class=\"yoast-schema-graph\">{\"@context\":\"https:\/\/schema.org\",\"@graph\":[{\"@type\":\"WebPage\",\"@id\":\"https:\/\/exparto.pl\/ro\/produkt\/manometr-suchy-fi-63-m12x15-dol-0-16-bar\/\",\"url\":\"https:\/\/exparto.pl\/ro\/produkt\/manometr-suchy-fi-63-m12x15-dol-0-16-bar\/\",\"name\":\"Manometru uscat fi 63 M12x1.5 DOWN 0-16 Bar - Exparto.pl\",\"isPartOf\":{\"@id\":\"https:\/\/exparto.pl\/ro\/#website\"},\"primaryImageOfPage\":{\"@id\":\"https:\/\/exparto.pl\/ro\/produkt\/manometr-suchy-fi-63-m12x15-dol-0-16-bar\/#primaryimage\"},\"image\":{\"@id\":\"https:\/\/exparto.pl\/ro\/produkt\/manometr-suchy-fi-63-m12x15-dol-0-16-bar\/#primaryimage\"},\"thumbnailUrl\":\"https:\/\/exparto.pl\/wp-content\/uploads\/2023\/03\/c9d96634a47fea94f9da961d017081a8.jpg\",\"datePublished\":\"2023-03-02T12:00:46+00:00\",\"breadcrumb\":{\"@id\":\"https:\/\/exparto.pl\/ro\/produkt\/manometr-suchy-fi-63-m12x15-dol-0-16-bar\/#breadcrumb\"},\"inLanguage\":\"ro-RO\",\"potentialAction\":[{\"@type\":\"ReadAction\",\"target\":[\"https:\/\/exparto.pl\/ro\/produkt\/manometr-suchy-fi-63-m12x15-dol-0-16-bar\/\"]}]},{\"@type\":\"ImageObject\",\"inLanguage\":\"ro-RO\",\"@id\":\"https:\/\/exparto.pl\/ro\/produkt\/manometr-suchy-fi-63-m12x15-dol-0-16-bar\/#primaryimage\",\"url\":\"https:\/\/exparto.pl\/wp-content\/uploads\/2023\/03\/c9d96634a47fea94f9da961d017081a8.jpg\",\"contentUrl\":\"https:\/\/exparto.pl\/wp-content\/uploads\/2023\/03\/c9d96634a47fea94f9da961d017081a8.jpg\",\"width\":1000,\"height\":1000},{\"@type\":\"BreadcrumbList\",\"@id\":\"https:\/\/exparto.pl\/ro\/produkt\/manometr-suchy-fi-63-m12x15-dol-0-16-bar\/#breadcrumb\",\"itemListElement\":[{\"@type\":\"ListItem\",\"position\":1,\"name\":\"Pagina de start\",\"item\":\"https:\/\/exparto.pl\/ro\/pagina-de-start\/\"},{\"@type\":\"ListItem\",\"position\":2,\"name\":\"Sklep\",\"item\":\"https:\/\/exparto.pl\/sklep\/\"},{\"@type\":\"ListItem\",\"position\":3,\"name\":\"Piese pentru pulverizatoare\",\"item\":\"https:\/\/exparto.pl\/ro\/categoria-de-produse\/piese-pentru-pulverizatoare\/\"},{\"@type\":\"ListItem\",\"position\":4,\"name\":\"Manometre de presiune\",\"item\":\"https:\/\/exparto.pl\/ro\/categoria-de-produse\/piese-pentru-pulverizatoare\/manometre-de-presiune\/\"},{\"@type\":\"ListItem\",\"position\":5,\"name\":\"Manometru uscat fi 63 M12x1.5 DOWN 0-16 Bar\"}]},{\"@type\":\"WebSite\",\"@id\":\"https:\/\/exparto.pl\/ro\/#website\",\"url\":\"https:\/\/exparto.pl\/ro\/\",\"name\":\"EXPARTO\",\"description\":\"More than agro parts\",\"publisher\":{\"@id\":\"https:\/\/exparto.pl\/ro\/#organization\"},\"potentialAction\":[{\"@type\":\"SearchAction\",\"target\":{\"@type\":\"EntryPoint\",\"urlTemplate\":\"https:\/\/exparto.pl\/ro\/?s={search_term_string}\"},\"query-input\":{\"@type\":\"PropertyValueSpecification\",\"valueRequired\":true,\"valueName\":\"search_term_string\"}}],\"inLanguage\":\"ro-RO\"},{\"@type\":\"Organization\",\"@id\":\"https:\/\/exparto.pl\/ro\/#organization\",\"name\":\"EXPARTO\",\"url\":\"https:\/\/exparto.pl\/ro\/\",\"logo\":{\"@type\":\"ImageObject\",\"inLanguage\":\"ro-RO\",\"@id\":\"https:\/\/exparto.pl\/ro\/#\/schema\/logo\/image\/\",\"url\":\"https:\/\/exparto.pl\/wp-content\/uploads\/2023\/02\/logo-wektor.png\",\"contentUrl\":\"https:\/\/exparto.pl\/wp-content\/uploads\/2023\/02\/logo-wektor.png\",\"width\":1338,\"height\":143,\"caption\":\"EXPARTO\"},\"image\":{\"@id\":\"https:\/\/exparto.pl\/ro\/#\/schema\/logo\/image\/\"},\"sameAs\":[\"https:\/\/www.facebook.com\/exparto.agro\/\"]}]}<\/script>\n<!-- \/ Yoast SEO plugin. -->","yoast_head_json":{"title":"Manometru uscat fi 63 M12x1.5 DOWN 0-16 Bar - Exparto.pl","robots":{"index":"index","follow":"follow","max-snippet":"max-snippet:-1","max-image-preview":"max-image-preview:large","max-video-preview":"max-video-preview:-1"},"canonical":"https:\/\/exparto.pl\/ro\/produkt\/manometr-suchy-fi-63-m12x15-dol-0-16-bar\/","og_locale":"ro_RO","og_type":"article","og_title":"Manometru uscat fi 63 M12x1.5 DOWN 0-16 Bar - Exparto.pl","og_description":"Manometrele sunt dispozitive care sunt utilizate pentru a m\u0103sura presiunea \u00een sistemele de gaze \u0219i lichide. Scopul lor este de a indica diferen\u021ba dintre presiunea intern\u0103 \u0219i cea extern\u0103 (atmosferic\u0103) a sistemului supus \u00eencerc\u0103rii.","og_url":"https:\/\/exparto.pl\/ro\/produkt\/manometr-suchy-fi-63-m12x15-dol-0-16-bar\/","og_site_name":"Exparto.pl","article_publisher":"https:\/\/www.facebook.com\/exparto.agro\/","og_image":[{"width":1000,"height":1000,"url":"https:\/\/exparto.pl\/wp-content\/uploads\/2023\/03\/c9d96634a47fea94f9da961d017081a8.jpg","type":"image\/jpeg"}],"twitter_card":"summary_large_image","twitter_misc":{"Timp estimat pentru citire":"1 minut"},"schema":{"@context":"https:\/\/schema.org","@graph":[{"@type":"WebPage","@id":"https:\/\/exparto.pl\/ro\/produkt\/manometr-suchy-fi-63-m12x15-dol-0-16-bar\/","url":"https:\/\/exparto.pl\/ro\/produkt\/manometr-suchy-fi-63-m12x15-dol-0-16-bar\/","name":"Manometru uscat fi 63 M12x1.5 DOWN 0-16 Bar - Exparto.pl","isPartOf":{"@id":"https:\/\/exparto.pl\/ro\/#website"},"primaryImageOfPage":{"@id":"https:\/\/exparto.pl\/ro\/produkt\/manometr-suchy-fi-63-m12x15-dol-0-16-bar\/#primaryimage"},"image":{"@id":"https:\/\/exparto.pl\/ro\/produkt\/manometr-suchy-fi-63-m12x15-dol-0-16-bar\/#primaryimage"},"thumbnailUrl":"https:\/\/exparto.pl\/wp-content\/uploads\/2023\/03\/c9d96634a47fea94f9da961d017081a8.jpg","datePublished":"2023-03-02T12:00:46+00:00","breadcrumb":{"@id":"https:\/\/exparto.pl\/ro\/produkt\/manometr-suchy-fi-63-m12x15-dol-0-16-bar\/#breadcrumb"},"inLanguage":"ro-RO","potentialAction":[{"@type":"ReadAction","target":["https:\/\/exparto.pl\/ro\/produkt\/manometr-suchy-fi-63-m12x15-dol-0-16-bar\/"]}]},{"@type":"ImageObject","inLanguage":"ro-RO","@id":"https:\/\/exparto.pl\/ro\/produkt\/manometr-suchy-fi-63-m12x15-dol-0-16-bar\/#primaryimage","url":"https:\/\/exparto.pl\/wp-content\/uploads\/2023\/03\/c9d96634a47fea94f9da961d017081a8.jpg","contentUrl":"https:\/\/exparto.pl\/wp-content\/uploads\/2023\/03\/c9d96634a47fea94f9da961d017081a8.jpg","width":1000,"height":1000},{"@type":"BreadcrumbList","@id":"https:\/\/exparto.pl\/ro\/produkt\/manometr-suchy-fi-63-m12x15-dol-0-16-bar\/#breadcrumb","itemListElement":[{"@type":"ListItem","position":1,"name":"Pagina de start","item":"https:\/\/exparto.pl\/ro\/pagina-de-start\/"},{"@type":"ListItem","position":2,"name":"Sklep","item":"https:\/\/exparto.pl\/sklep\/"},{"@type":"ListItem","position":3,"name":"Piese pentru pulverizatoare","item":"https:\/\/exparto.pl\/ro\/categoria-de-produse\/piese-pentru-pulverizatoare\/"},{"@type":"ListItem","position":4,"name":"Manometre de presiune","item":"https:\/\/exparto.pl\/ro\/categoria-de-produse\/piese-pentru-pulverizatoare\/manometre-de-presiune\/"},{"@type":"ListItem","position":5,"name":"Manometru uscat fi 63 M12x1.5 DOWN 0-16 Bar"}]},{"@type":"WebSite","@id":"https:\/\/exparto.pl\/ro\/#website","url":"https:\/\/exparto.pl\/ro\/","name":"EXPARTO","description":"More than agro parts","publisher":{"@id":"https:\/\/exparto.pl\/ro\/#organization"},"potentialAction":[{"@type":"SearchAction","target":{"@type":"EntryPoint","urlTemplate":"https:\/\/exparto.pl\/ro\/?s={search_term_string}"},"query-input":{"@type":"PropertyValueSpecification","valueRequired":true,"valueName":"search_term_string"}}],"inLanguage":"ro-RO"},{"@type":"Organization","@id":"https:\/\/exparto.pl\/ro\/#organization","name":"EXPARTO","url":"https:\/\/exparto.pl\/ro\/","logo":{"@type":"ImageObject","inLanguage":"ro-RO","@id":"https:\/\/exparto.pl\/ro\/#\/schema\/logo\/image\/","url":"https:\/\/exparto.pl\/wp-content\/uploads\/2023\/02\/logo-wektor.png","contentUrl":"https:\/\/exparto.pl\/wp-content\/uploads\/2023\/02\/logo-wektor.png","width":1338,"height":143,"caption":"EXPARTO"},"image":{"@id":"https:\/\/exparto.pl\/ro\/#\/schema\/logo\/image\/"},"sameAs":["https:\/\/www.facebook.com\/exparto.agro\/"]}]}},"_links":{"self":[{"href":"https:\/\/exparto.pl\/ro\/wp-json\/wp\/v2\/product\/11284","targetHints":{"allow":["GET"]}}],"collection":[{"href":"https:\/\/exparto.pl\/ro\/wp-json\/wp\/v2\/product"}],"about":[{"href":"https:\/\/exparto.pl\/ro\/wp-json\/wp\/v2\/types\/product"}],"replies":[{"embeddable":true,"href":"https:\/\/exparto.pl\/ro\/wp-json\/wp\/v2\/comments?post=11284"}],"wp:featuredmedia":[{"embeddable":true,"href":"https:\/\/exparto.pl\/ro\/wp-json\/wp\/v2\/media\/4909"}],"wp:attachment":[{"href":"https:\/\/exparto.pl\/ro\/wp-json\/wp\/v2\/media?parent=11284"}],"wp:term":[{"taxonomy":"product_brand","embeddable":true,"href":"https:\/\/exparto.pl\/ro\/wp-json\/wp\/v2\/product_brand?post=11284"},{"taxonomy":"product_cat","embeddable":true,"href":"https:\/\/exparto.pl\/ro\/wp-json\/wp\/v2\/product_cat?post=11284"},{"taxonomy":"product_tag","embeddable":true,"href":"https:\/\/exparto.pl\/ro\/wp-json\/wp\/v2\/product_tag?post=11284"}],"curies":[{"name":"wp","href":"https:\/\/api.w.org\/{rel}","templated":true}]}}