{"id":11297,"date":"2023-03-02T17:26:45","date_gmt":"2023-03-02T16:26:45","guid":{"rendered":"https:\/\/exparto.pl\/produkt\/sort-de-sudura\/"},"modified":"2023-03-02T17:26:45","modified_gmt":"2023-03-02T16:26:45","slug":"sort-de-sudura","status":"publish","type":"product","link":"https:\/\/exparto.pl\/ro\/produkt\/sort-de-sudura\/","title":{"rendered":"\u0218or\u021b de sudur\u0103"},"content":{"rendered":"<p class=\"MsoNormal\">\u0218or\u021bul de sudur\u0103 a fost <b>confec\u021bionat din piele de vac\u0103<\/b>. \u00cenchidere reglabil\u0103 la umeri \u0219i \u0219olduri. Serve\u0219te ca protec\u021bie \u00eempotriva efectelor expunerii pe termen scurt<br \/>\nfl\u0103c\u0103ri deschise \u0219i obiecte fierbin\u021bi. \u0218or\u021bul nu ofer\u0103 protec\u021bie \u00eempotriva stropirii mari de metal topit \u00een timpul opera\u021biunilor de turnare.<\/p>\n","protected":false},"excerpt":{"rendered":"<p style=\"text-align: justify\">\u0218or\u021bul de sudur\u0103 a fost confec\u021bionat din piele de vac\u0103. \u00cenchidere reglabil\u0103 la umeri \u0219i \u0219olduri. Serve\u0219te ca protec\u021bie \u00eempotriva efectelor unei expuneri de scurt\u0103 durat\u0103 la fl\u0103c\u0103ri deschise \u0219i la obiecte fierbin\u021bi. \u0218or\u021bul nu ofer\u0103 protec\u021bie \u00eempotriva stropirii mari de metal topit \u00een timpul opera\u021biunilor de turnare.<\/p>\n","protected":false},"featured_media":5037,"comment_status":"open","ping_status":"closed","template":"","meta":{"_acf_changed":false,"inline_featured_image":false},"product_brand":[],"product_cat":[430],"product_tag":[],"class_list":{"0":"post-11297","1":"product","2":"type-product","3":"status-publish","4":"has-post-thumbnail","6":"product_cat-sorturi-de-sudura","8":"first","9":"outofstock","10":"taxable","11":"shipping-taxable","12":"purchasable","13":"product-type-simple"},"acf":[],"yoast_head":"<!-- This site is optimized with the Yoast SEO plugin v27.3 - https:\/\/yoast.com\/product\/yoast-seo-wordpress\/ -->\n<title>\u0218or\u021b de sudur\u0103 - Exparto.pl<\/title>\n<meta name=\"robots\" content=\"index, follow, max-snippet:-1, max-image-preview:large, max-video-preview:-1\" \/>\n<link rel=\"canonical\" href=\"https:\/\/exparto.pl\/ro\/produkt\/sort-de-sudura\/\" \/>\n<meta property=\"og:locale\" content=\"ro_RO\" \/>\n<meta property=\"og:type\" content=\"article\" \/>\n<meta property=\"og:title\" content=\"\u0218or\u021b de sudur\u0103 - Exparto.pl\" \/>\n<meta property=\"og:description\" content=\"\u0218or\u021bul de sudur\u0103 a fost confec\u021bionat din piele de vac\u0103. \u00cenchidere reglabil\u0103 la umeri \u0219i \u0219olduri. Serve\u0219te ca protec\u021bie \u00eempotriva efectelor unei expuneri de scurt\u0103 durat\u0103 la fl\u0103c\u0103ri deschise \u0219i la obiecte fierbin\u021bi. \u0218or\u021bul nu ofer\u0103 protec\u021bie \u00eempotriva stropirii mari de metal topit \u00een timpul opera\u021biunilor de turnare.\" \/>\n<meta property=\"og:url\" content=\"https:\/\/exparto.pl\/ro\/produkt\/sort-de-sudura\/\" \/>\n<meta property=\"og:site_name\" content=\"Exparto.pl\" \/>\n<meta property=\"article:publisher\" content=\"https:\/\/www.facebook.com\/exparto.agro\/\" \/>\n<meta property=\"og:image\" content=\"https:\/\/exparto.pl\/wp-content\/uploads\/2023\/03\/8d197f60805368f5a5c28ede637377be.jpg\" \/>\n\t<meta property=\"og:image:width\" content=\"1000\" \/>\n\t<meta property=\"og:image:height\" content=\"1000\" \/>\n\t<meta property=\"og:image:type\" content=\"image\/jpeg\" \/>\n<meta name=\"twitter:card\" content=\"summary_large_image\" \/>\n<script type=\"application\/ld+json\" class=\"yoast-schema-graph\">{\"@context\":\"https:\\\/\\\/schema.org\",\"@graph\":[{\"@type\":\"WebPage\",\"@id\":\"https:\\\/\\\/exparto.pl\\\/ro\\\/produkt\\\/sort-de-sudura\\\/\",\"url\":\"https:\\\/\\\/exparto.pl\\\/ro\\\/produkt\\\/sort-de-sudura\\\/\",\"name\":\"\u0218or\u021b de sudur\u0103 - Exparto.pl\",\"isPartOf\":{\"@id\":\"https:\\\/\\\/exparto.pl\\\/ro\\\/#website\"},\"primaryImageOfPage\":{\"@id\":\"https:\\\/\\\/exparto.pl\\\/ro\\\/produkt\\\/sort-de-sudura\\\/#primaryimage\"},\"image\":{\"@id\":\"https:\\\/\\\/exparto.pl\\\/ro\\\/produkt\\\/sort-de-sudura\\\/#primaryimage\"},\"thumbnailUrl\":\"https:\\\/\\\/exparto.pl\\\/wp-content\\\/uploads\\\/2023\\\/03\\\/8d197f60805368f5a5c28ede637377be.jpg\",\"datePublished\":\"2023-03-02T16:26:45+00:00\",\"breadcrumb\":{\"@id\":\"https:\\\/\\\/exparto.pl\\\/ro\\\/produkt\\\/sort-de-sudura\\\/#breadcrumb\"},\"inLanguage\":\"ro-RO\",\"potentialAction\":[{\"@type\":\"ReadAction\",\"target\":[\"https:\\\/\\\/exparto.pl\\\/ro\\\/produkt\\\/sort-de-sudura\\\/\"]}]},{\"@type\":\"ImageObject\",\"inLanguage\":\"ro-RO\",\"@id\":\"https:\\\/\\\/exparto.pl\\\/ro\\\/produkt\\\/sort-de-sudura\\\/#primaryimage\",\"url\":\"https:\\\/\\\/exparto.pl\\\/wp-content\\\/uploads\\\/2023\\\/03\\\/8d197f60805368f5a5c28ede637377be.jpg\",\"contentUrl\":\"https:\\\/\\\/exparto.pl\\\/wp-content\\\/uploads\\\/2023\\\/03\\\/8d197f60805368f5a5c28ede637377be.jpg\",\"width\":1000,\"height\":1000},{\"@type\":\"BreadcrumbList\",\"@id\":\"https:\\\/\\\/exparto.pl\\\/ro\\\/produkt\\\/sort-de-sudura\\\/#breadcrumb\",\"itemListElement\":[{\"@type\":\"ListItem\",\"position\":1,\"name\":\"Pagina de start\",\"item\":\"https:\\\/\\\/exparto.pl\\\/ro\\\/pagina-de-start\\\/\"},{\"@type\":\"ListItem\",\"position\":2,\"name\":\"Sklep\",\"item\":\"https:\\\/\\\/exparto.pl\\\/sklep\\\/\"},{\"@type\":\"ListItem\",\"position\":3,\"name\":\"\u00cembr\u0103c\u0103minte pentru s\u0103n\u0103tate \u0219i siguran\u021b\u0103\",\"item\":\"https:\\\/\\\/exparto.pl\\\/ro\\\/categoria-de-produse\\\/imbracaminte-pentru-sanatate-si-siguranta\\\/\"},{\"@type\":\"ListItem\",\"position\":4,\"name\":\"\u0218or\u021buri de sudur\u0103\",\"item\":\"https:\\\/\\\/exparto.pl\\\/ro\\\/categoria-de-produse\\\/imbracaminte-pentru-sanatate-si-siguranta\\\/sorturi-de-sudura\\\/\"},{\"@type\":\"ListItem\",\"position\":5,\"name\":\"\u0218or\u021b de sudur\u0103\"}]},{\"@type\":\"WebSite\",\"@id\":\"https:\\\/\\\/exparto.pl\\\/ro\\\/#website\",\"url\":\"https:\\\/\\\/exparto.pl\\\/ro\\\/\",\"name\":\"EXPARTO\",\"description\":\"More than agro parts\",\"publisher\":{\"@id\":\"https:\\\/\\\/exparto.pl\\\/ro\\\/#organization\"},\"potentialAction\":[{\"@type\":\"SearchAction\",\"target\":{\"@type\":\"EntryPoint\",\"urlTemplate\":\"https:\\\/\\\/exparto.pl\\\/ro\\\/?s={search_term_string}\"},\"query-input\":{\"@type\":\"PropertyValueSpecification\",\"valueRequired\":true,\"valueName\":\"search_term_string\"}}],\"inLanguage\":\"ro-RO\"},{\"@type\":\"Organization\",\"@id\":\"https:\\\/\\\/exparto.pl\\\/ro\\\/#organization\",\"name\":\"EXPARTO\",\"url\":\"https:\\\/\\\/exparto.pl\\\/ro\\\/\",\"logo\":{\"@type\":\"ImageObject\",\"inLanguage\":\"ro-RO\",\"@id\":\"https:\\\/\\\/exparto.pl\\\/ro\\\/#\\\/schema\\\/logo\\\/image\\\/\",\"url\":\"https:\\\/\\\/exparto.pl\\\/wp-content\\\/uploads\\\/2023\\\/02\\\/logo-wektor.png\",\"contentUrl\":\"https:\\\/\\\/exparto.pl\\\/wp-content\\\/uploads\\\/2023\\\/02\\\/logo-wektor.png\",\"width\":1338,\"height\":143,\"caption\":\"EXPARTO\"},\"image\":{\"@id\":\"https:\\\/\\\/exparto.pl\\\/ro\\\/#\\\/schema\\\/logo\\\/image\\\/\"},\"sameAs\":[\"https:\\\/\\\/www.facebook.com\\\/exparto.agro\\\/\"]}]}<\/script>\n<!-- \/ Yoast SEO plugin. -->","yoast_head_json":{"title":"\u0218or\u021b de sudur\u0103 - Exparto.pl","robots":{"index":"index","follow":"follow","max-snippet":"max-snippet:-1","max-image-preview":"max-image-preview:large","max-video-preview":"max-video-preview:-1"},"canonical":"https:\/\/exparto.pl\/ro\/produkt\/sort-de-sudura\/","og_locale":"ro_RO","og_type":"article","og_title":"\u0218or\u021b de sudur\u0103 - Exparto.pl","og_description":"\u0218or\u021bul de sudur\u0103 a fost confec\u021bionat din piele de vac\u0103. \u00cenchidere reglabil\u0103 la umeri \u0219i \u0219olduri. Serve\u0219te ca protec\u021bie \u00eempotriva efectelor unei expuneri de scurt\u0103 durat\u0103 la fl\u0103c\u0103ri deschise \u0219i la obiecte fierbin\u021bi. \u0218or\u021bul nu ofer\u0103 protec\u021bie \u00eempotriva stropirii mari de metal topit \u00een timpul opera\u021biunilor de turnare.","og_url":"https:\/\/exparto.pl\/ro\/produkt\/sort-de-sudura\/","og_site_name":"Exparto.pl","article_publisher":"https:\/\/www.facebook.com\/exparto.agro\/","og_image":[{"width":1000,"height":1000,"url":"https:\/\/exparto.pl\/wp-content\/uploads\/2023\/03\/8d197f60805368f5a5c28ede637377be.jpg","type":"image\/jpeg"}],"twitter_card":"summary_large_image","schema":{"@context":"https:\/\/schema.org","@graph":[{"@type":"WebPage","@id":"https:\/\/exparto.pl\/ro\/produkt\/sort-de-sudura\/","url":"https:\/\/exparto.pl\/ro\/produkt\/sort-de-sudura\/","name":"\u0218or\u021b de sudur\u0103 - Exparto.pl","isPartOf":{"@id":"https:\/\/exparto.pl\/ro\/#website"},"primaryImageOfPage":{"@id":"https:\/\/exparto.pl\/ro\/produkt\/sort-de-sudura\/#primaryimage"},"image":{"@id":"https:\/\/exparto.pl\/ro\/produkt\/sort-de-sudura\/#primaryimage"},"thumbnailUrl":"https:\/\/exparto.pl\/wp-content\/uploads\/2023\/03\/8d197f60805368f5a5c28ede637377be.jpg","datePublished":"2023-03-02T16:26:45+00:00","breadcrumb":{"@id":"https:\/\/exparto.pl\/ro\/produkt\/sort-de-sudura\/#breadcrumb"},"inLanguage":"ro-RO","potentialAction":[{"@type":"ReadAction","target":["https:\/\/exparto.pl\/ro\/produkt\/sort-de-sudura\/"]}]},{"@type":"ImageObject","inLanguage":"ro-RO","@id":"https:\/\/exparto.pl\/ro\/produkt\/sort-de-sudura\/#primaryimage","url":"https:\/\/exparto.pl\/wp-content\/uploads\/2023\/03\/8d197f60805368f5a5c28ede637377be.jpg","contentUrl":"https:\/\/exparto.pl\/wp-content\/uploads\/2023\/03\/8d197f60805368f5a5c28ede637377be.jpg","width":1000,"height":1000},{"@type":"BreadcrumbList","@id":"https:\/\/exparto.pl\/ro\/produkt\/sort-de-sudura\/#breadcrumb","itemListElement":[{"@type":"ListItem","position":1,"name":"Pagina de start","item":"https:\/\/exparto.pl\/ro\/pagina-de-start\/"},{"@type":"ListItem","position":2,"name":"Sklep","item":"https:\/\/exparto.pl\/sklep\/"},{"@type":"ListItem","position":3,"name":"\u00cembr\u0103c\u0103minte pentru s\u0103n\u0103tate \u0219i siguran\u021b\u0103","item":"https:\/\/exparto.pl\/ro\/categoria-de-produse\/imbracaminte-pentru-sanatate-si-siguranta\/"},{"@type":"ListItem","position":4,"name":"\u0218or\u021buri de sudur\u0103","item":"https:\/\/exparto.pl\/ro\/categoria-de-produse\/imbracaminte-pentru-sanatate-si-siguranta\/sorturi-de-sudura\/"},{"@type":"ListItem","position":5,"name":"\u0218or\u021b de sudur\u0103"}]},{"@type":"WebSite","@id":"https:\/\/exparto.pl\/ro\/#website","url":"https:\/\/exparto.pl\/ro\/","name":"EXPARTO","description":"More than agro parts","publisher":{"@id":"https:\/\/exparto.pl\/ro\/#organization"},"potentialAction":[{"@type":"SearchAction","target":{"@type":"EntryPoint","urlTemplate":"https:\/\/exparto.pl\/ro\/?s={search_term_string}"},"query-input":{"@type":"PropertyValueSpecification","valueRequired":true,"valueName":"search_term_string"}}],"inLanguage":"ro-RO"},{"@type":"Organization","@id":"https:\/\/exparto.pl\/ro\/#organization","name":"EXPARTO","url":"https:\/\/exparto.pl\/ro\/","logo":{"@type":"ImageObject","inLanguage":"ro-RO","@id":"https:\/\/exparto.pl\/ro\/#\/schema\/logo\/image\/","url":"https:\/\/exparto.pl\/wp-content\/uploads\/2023\/02\/logo-wektor.png","contentUrl":"https:\/\/exparto.pl\/wp-content\/uploads\/2023\/02\/logo-wektor.png","width":1338,"height":143,"caption":"EXPARTO"},"image":{"@id":"https:\/\/exparto.pl\/ro\/#\/schema\/logo\/image\/"},"sameAs":["https:\/\/www.facebook.com\/exparto.agro\/"]}]}},"_links":{"self":[{"href":"https:\/\/exparto.pl\/ro\/wp-json\/wp\/v2\/product\/11297","targetHints":{"allow":["GET"]}}],"collection":[{"href":"https:\/\/exparto.pl\/ro\/wp-json\/wp\/v2\/product"}],"about":[{"href":"https:\/\/exparto.pl\/ro\/wp-json\/wp\/v2\/types\/product"}],"replies":[{"embeddable":true,"href":"https:\/\/exparto.pl\/ro\/wp-json\/wp\/v2\/comments?post=11297"}],"wp:featuredmedia":[{"embeddable":true,"href":"https:\/\/exparto.pl\/ro\/wp-json\/wp\/v2\/media\/5037"}],"wp:attachment":[{"href":"https:\/\/exparto.pl\/ro\/wp-json\/wp\/v2\/media?parent=11297"}],"wp:term":[{"taxonomy":"product_brand","embeddable":true,"href":"https:\/\/exparto.pl\/ro\/wp-json\/wp\/v2\/product_brand?post=11297"},{"taxonomy":"product_cat","embeddable":true,"href":"https:\/\/exparto.pl\/ro\/wp-json\/wp\/v2\/product_cat?post=11297"},{"taxonomy":"product_tag","embeddable":true,"href":"https:\/\/exparto.pl\/ro\/wp-json\/wp\/v2\/product_tag?post=11297"}],"curies":[{"name":"wp","href":"https:\/\/api.w.org\/{rel}","templated":true}]}}