{"id":11299,"date":"2023-03-02T17:21:41","date_gmt":"2023-03-02T16:21:41","guid":{"rendered":"https:\/\/exparto.pl\/produkt\/manusa-niros-1026-marimea-10\/"},"modified":"2023-03-02T17:21:41","modified_gmt":"2023-03-02T16:21:41","slug":"rekawica-niros-1026-size-10","status":"publish","type":"product","link":"https:\/\/exparto.pl\/ro\/produkt\/rekawica-niros-1026-size-10\/","title":{"rendered":"M\u0103nu\u0219\u0103 niros 1026 m\u0103rimea 10"},"content":{"rendered":"<p class=\"MsoNormal\" style=\"text-align: justify\"><b>Niros 1026 <\/b>este o m\u0103nu\u0219\u0103 cu o respirabilitate ridicat\u0103. Datorit\u0103 acoperirii suplimentare, acestea au o <b>aderen\u021b\u0103 sporit\u0103<\/b>, ceea ce afecteaz\u0103 performan\u021ba \u00een condi\u021bii uscate \u0219i umede. V\u00e2rfurile degetelor \u0219i tampoanele palmelor acoperite. Combina\u021bia de fibre de spandex \u0219i nailon face ca acest model s\u0103 fie <b>extrem de confortabil de purtat<\/b>.<\/p>\n","protected":false},"excerpt":{"rendered":"<p style=\"text-align: justify\">Niros 1026 este o m\u0103nu\u0219\u0103 cu o respirabilitate ridicat\u0103. Datorit\u0103 acoperirii suplimentare, acestea au o aderen\u021b\u0103 sporit\u0103, ceea ce afecteaz\u0103 performan\u021ba \u00een condi\u021bii uscate \u0219i umede. V\u00e2rfurile degetelor \u0219i tampoanele palmelor acoperite. Combina\u021bia de fibre de spandex \u0219i nailon face ca acest model s\u0103 fie extrem de confortabil de purtat.<\/p>\n","protected":false},"featured_media":5021,"comment_status":"open","ping_status":"closed","template":"","meta":{"_acf_changed":false,"inline_featured_image":false},"product_brand":[],"product_cat":[421],"product_tag":[],"class_list":{"0":"post-11299","1":"product","2":"type-product","3":"status-publish","4":"has-post-thumbnail","6":"product_cat-manusi","8":"first","9":"outofstock","10":"taxable","11":"shipping-taxable","12":"purchasable","13":"product-type-simple"},"acf":[],"yoast_head":"<!-- This site is optimized with the Yoast SEO plugin v27.3 - https:\/\/yoast.com\/product\/yoast-seo-wordpress\/ -->\n<title>M\u0103nu\u0219\u0103 niros 1026 m\u0103rimea 10 - Exparto.pl<\/title>\n<meta name=\"robots\" content=\"index, follow, max-snippet:-1, max-image-preview:large, max-video-preview:-1\" \/>\n<link rel=\"canonical\" href=\"https:\/\/exparto.pl\/ro\/produkt\/rekawica-niros-1026-size-10\/\" \/>\n<meta property=\"og:locale\" content=\"ro_RO\" \/>\n<meta property=\"og:type\" content=\"article\" \/>\n<meta property=\"og:title\" content=\"M\u0103nu\u0219\u0103 niros 1026 m\u0103rimea 10 - Exparto.pl\" \/>\n<meta property=\"og:description\" content=\"Niros 1026 este o m\u0103nu\u0219\u0103 cu o respirabilitate ridicat\u0103. Datorit\u0103 acoperirii suplimentare, acestea au o aderen\u021b\u0103 sporit\u0103, ceea ce afecteaz\u0103 performan\u021ba \u00een condi\u021bii uscate \u0219i umede. V\u00e2rfurile degetelor \u0219i tampoanele palmelor acoperite. Combina\u021bia de fibre de spandex \u0219i nailon face ca acest model s\u0103 fie extrem de confortabil de purtat.\" \/>\n<meta property=\"og:url\" content=\"https:\/\/exparto.pl\/ro\/produkt\/rekawica-niros-1026-size-10\/\" \/>\n<meta property=\"og:site_name\" content=\"Exparto.pl\" \/>\n<meta property=\"article:publisher\" content=\"https:\/\/www.facebook.com\/exparto.agro\/\" \/>\n<meta property=\"og:image\" content=\"https:\/\/exparto.pl\/wp-content\/uploads\/2023\/03\/2c22fcecb3b6f390555647bc52160d2a-rotated-e1679488046620.jpg\" \/>\n\t<meta property=\"og:image:width\" content=\"1000\" \/>\n\t<meta property=\"og:image:height\" content=\"1000\" \/>\n\t<meta property=\"og:image:type\" content=\"image\/jpeg\" \/>\n<meta name=\"twitter:card\" content=\"summary_large_image\" \/>\n<script type=\"application\/ld+json\" class=\"yoast-schema-graph\">{\"@context\":\"https:\\\/\\\/schema.org\",\"@graph\":[{\"@type\":\"WebPage\",\"@id\":\"https:\\\/\\\/exparto.pl\\\/ro\\\/produkt\\\/rekawica-niros-1026-size-10\\\/\",\"url\":\"https:\\\/\\\/exparto.pl\\\/ro\\\/produkt\\\/rekawica-niros-1026-size-10\\\/\",\"name\":\"M\u0103nu\u0219\u0103 niros 1026 m\u0103rimea 10 - Exparto.pl\",\"isPartOf\":{\"@id\":\"https:\\\/\\\/exparto.pl\\\/ro\\\/#website\"},\"primaryImageOfPage\":{\"@id\":\"https:\\\/\\\/exparto.pl\\\/ro\\\/produkt\\\/rekawica-niros-1026-size-10\\\/#primaryimage\"},\"image\":{\"@id\":\"https:\\\/\\\/exparto.pl\\\/ro\\\/produkt\\\/rekawica-niros-1026-size-10\\\/#primaryimage\"},\"thumbnailUrl\":\"https:\\\/\\\/exparto.pl\\\/wp-content\\\/uploads\\\/2023\\\/03\\\/2c22fcecb3b6f390555647bc52160d2a-rotated-e1679488046620.jpg\",\"datePublished\":\"2023-03-02T16:21:41+00:00\",\"breadcrumb\":{\"@id\":\"https:\\\/\\\/exparto.pl\\\/ro\\\/produkt\\\/rekawica-niros-1026-size-10\\\/#breadcrumb\"},\"inLanguage\":\"ro-RO\",\"potentialAction\":[{\"@type\":\"ReadAction\",\"target\":[\"https:\\\/\\\/exparto.pl\\\/ro\\\/produkt\\\/rekawica-niros-1026-size-10\\\/\"]}]},{\"@type\":\"ImageObject\",\"inLanguage\":\"ro-RO\",\"@id\":\"https:\\\/\\\/exparto.pl\\\/ro\\\/produkt\\\/rekawica-niros-1026-size-10\\\/#primaryimage\",\"url\":\"https:\\\/\\\/exparto.pl\\\/wp-content\\\/uploads\\\/2023\\\/03\\\/2c22fcecb3b6f390555647bc52160d2a-rotated-e1679488046620.jpg\",\"contentUrl\":\"https:\\\/\\\/exparto.pl\\\/wp-content\\\/uploads\\\/2023\\\/03\\\/2c22fcecb3b6f390555647bc52160d2a-rotated-e1679488046620.jpg\",\"width\":1000,\"height\":1000},{\"@type\":\"BreadcrumbList\",\"@id\":\"https:\\\/\\\/exparto.pl\\\/ro\\\/produkt\\\/rekawica-niros-1026-size-10\\\/#breadcrumb\",\"itemListElement\":[{\"@type\":\"ListItem\",\"position\":1,\"name\":\"Pagina de start\",\"item\":\"https:\\\/\\\/exparto.pl\\\/ro\\\/pagina-de-start\\\/\"},{\"@type\":\"ListItem\",\"position\":2,\"name\":\"Sklep\",\"item\":\"https:\\\/\\\/exparto.pl\\\/sklep\\\/\"},{\"@type\":\"ListItem\",\"position\":3,\"name\":\"\u00cembr\u0103c\u0103minte pentru s\u0103n\u0103tate \u0219i siguran\u021b\u0103\",\"item\":\"https:\\\/\\\/exparto.pl\\\/ro\\\/categoria-de-produse\\\/imbracaminte-pentru-sanatate-si-siguranta\\\/\"},{\"@type\":\"ListItem\",\"position\":4,\"name\":\"M\u0103nu\u0219i\",\"item\":\"https:\\\/\\\/exparto.pl\\\/ro\\\/categoria-de-produse\\\/imbracaminte-pentru-sanatate-si-siguranta\\\/manusi\\\/\"},{\"@type\":\"ListItem\",\"position\":5,\"name\":\"M\u0103nu\u0219\u0103 niros 1026 m\u0103rimea 10\"}]},{\"@type\":\"WebSite\",\"@id\":\"https:\\\/\\\/exparto.pl\\\/ro\\\/#website\",\"url\":\"https:\\\/\\\/exparto.pl\\\/ro\\\/\",\"name\":\"EXPARTO\",\"description\":\"More than agro parts\",\"publisher\":{\"@id\":\"https:\\\/\\\/exparto.pl\\\/ro\\\/#organization\"},\"potentialAction\":[{\"@type\":\"SearchAction\",\"target\":{\"@type\":\"EntryPoint\",\"urlTemplate\":\"https:\\\/\\\/exparto.pl\\\/ro\\\/?s={search_term_string}\"},\"query-input\":{\"@type\":\"PropertyValueSpecification\",\"valueRequired\":true,\"valueName\":\"search_term_string\"}}],\"inLanguage\":\"ro-RO\"},{\"@type\":\"Organization\",\"@id\":\"https:\\\/\\\/exparto.pl\\\/ro\\\/#organization\",\"name\":\"EXPARTO\",\"url\":\"https:\\\/\\\/exparto.pl\\\/ro\\\/\",\"logo\":{\"@type\":\"ImageObject\",\"inLanguage\":\"ro-RO\",\"@id\":\"https:\\\/\\\/exparto.pl\\\/ro\\\/#\\\/schema\\\/logo\\\/image\\\/\",\"url\":\"https:\\\/\\\/exparto.pl\\\/wp-content\\\/uploads\\\/2023\\\/02\\\/logo-wektor.png\",\"contentUrl\":\"https:\\\/\\\/exparto.pl\\\/wp-content\\\/uploads\\\/2023\\\/02\\\/logo-wektor.png\",\"width\":1338,\"height\":143,\"caption\":\"EXPARTO\"},\"image\":{\"@id\":\"https:\\\/\\\/exparto.pl\\\/ro\\\/#\\\/schema\\\/logo\\\/image\\\/\"},\"sameAs\":[\"https:\\\/\\\/www.facebook.com\\\/exparto.agro\\\/\"]}]}<\/script>\n<!-- \/ Yoast SEO plugin. -->","yoast_head_json":{"title":"M\u0103nu\u0219\u0103 niros 1026 m\u0103rimea 10 - Exparto.pl","robots":{"index":"index","follow":"follow","max-snippet":"max-snippet:-1","max-image-preview":"max-image-preview:large","max-video-preview":"max-video-preview:-1"},"canonical":"https:\/\/exparto.pl\/ro\/produkt\/rekawica-niros-1026-size-10\/","og_locale":"ro_RO","og_type":"article","og_title":"M\u0103nu\u0219\u0103 niros 1026 m\u0103rimea 10 - Exparto.pl","og_description":"Niros 1026 este o m\u0103nu\u0219\u0103 cu o respirabilitate ridicat\u0103. Datorit\u0103 acoperirii suplimentare, acestea au o aderen\u021b\u0103 sporit\u0103, ceea ce afecteaz\u0103 performan\u021ba \u00een condi\u021bii uscate \u0219i umede. V\u00e2rfurile degetelor \u0219i tampoanele palmelor acoperite. Combina\u021bia de fibre de spandex \u0219i nailon face ca acest model s\u0103 fie extrem de confortabil de purtat.","og_url":"https:\/\/exparto.pl\/ro\/produkt\/rekawica-niros-1026-size-10\/","og_site_name":"Exparto.pl","article_publisher":"https:\/\/www.facebook.com\/exparto.agro\/","og_image":[{"width":1000,"height":1000,"url":"https:\/\/exparto.pl\/wp-content\/uploads\/2023\/03\/2c22fcecb3b6f390555647bc52160d2a-rotated-e1679488046620.jpg","type":"image\/jpeg"}],"twitter_card":"summary_large_image","schema":{"@context":"https:\/\/schema.org","@graph":[{"@type":"WebPage","@id":"https:\/\/exparto.pl\/ro\/produkt\/rekawica-niros-1026-size-10\/","url":"https:\/\/exparto.pl\/ro\/produkt\/rekawica-niros-1026-size-10\/","name":"M\u0103nu\u0219\u0103 niros 1026 m\u0103rimea 10 - Exparto.pl","isPartOf":{"@id":"https:\/\/exparto.pl\/ro\/#website"},"primaryImageOfPage":{"@id":"https:\/\/exparto.pl\/ro\/produkt\/rekawica-niros-1026-size-10\/#primaryimage"},"image":{"@id":"https:\/\/exparto.pl\/ro\/produkt\/rekawica-niros-1026-size-10\/#primaryimage"},"thumbnailUrl":"https:\/\/exparto.pl\/wp-content\/uploads\/2023\/03\/2c22fcecb3b6f390555647bc52160d2a-rotated-e1679488046620.jpg","datePublished":"2023-03-02T16:21:41+00:00","breadcrumb":{"@id":"https:\/\/exparto.pl\/ro\/produkt\/rekawica-niros-1026-size-10\/#breadcrumb"},"inLanguage":"ro-RO","potentialAction":[{"@type":"ReadAction","target":["https:\/\/exparto.pl\/ro\/produkt\/rekawica-niros-1026-size-10\/"]}]},{"@type":"ImageObject","inLanguage":"ro-RO","@id":"https:\/\/exparto.pl\/ro\/produkt\/rekawica-niros-1026-size-10\/#primaryimage","url":"https:\/\/exparto.pl\/wp-content\/uploads\/2023\/03\/2c22fcecb3b6f390555647bc52160d2a-rotated-e1679488046620.jpg","contentUrl":"https:\/\/exparto.pl\/wp-content\/uploads\/2023\/03\/2c22fcecb3b6f390555647bc52160d2a-rotated-e1679488046620.jpg","width":1000,"height":1000},{"@type":"BreadcrumbList","@id":"https:\/\/exparto.pl\/ro\/produkt\/rekawica-niros-1026-size-10\/#breadcrumb","itemListElement":[{"@type":"ListItem","position":1,"name":"Pagina de start","item":"https:\/\/exparto.pl\/ro\/pagina-de-start\/"},{"@type":"ListItem","position":2,"name":"Sklep","item":"https:\/\/exparto.pl\/sklep\/"},{"@type":"ListItem","position":3,"name":"\u00cembr\u0103c\u0103minte pentru s\u0103n\u0103tate \u0219i siguran\u021b\u0103","item":"https:\/\/exparto.pl\/ro\/categoria-de-produse\/imbracaminte-pentru-sanatate-si-siguranta\/"},{"@type":"ListItem","position":4,"name":"M\u0103nu\u0219i","item":"https:\/\/exparto.pl\/ro\/categoria-de-produse\/imbracaminte-pentru-sanatate-si-siguranta\/manusi\/"},{"@type":"ListItem","position":5,"name":"M\u0103nu\u0219\u0103 niros 1026 m\u0103rimea 10"}]},{"@type":"WebSite","@id":"https:\/\/exparto.pl\/ro\/#website","url":"https:\/\/exparto.pl\/ro\/","name":"EXPARTO","description":"More than agro parts","publisher":{"@id":"https:\/\/exparto.pl\/ro\/#organization"},"potentialAction":[{"@type":"SearchAction","target":{"@type":"EntryPoint","urlTemplate":"https:\/\/exparto.pl\/ro\/?s={search_term_string}"},"query-input":{"@type":"PropertyValueSpecification","valueRequired":true,"valueName":"search_term_string"}}],"inLanguage":"ro-RO"},{"@type":"Organization","@id":"https:\/\/exparto.pl\/ro\/#organization","name":"EXPARTO","url":"https:\/\/exparto.pl\/ro\/","logo":{"@type":"ImageObject","inLanguage":"ro-RO","@id":"https:\/\/exparto.pl\/ro\/#\/schema\/logo\/image\/","url":"https:\/\/exparto.pl\/wp-content\/uploads\/2023\/02\/logo-wektor.png","contentUrl":"https:\/\/exparto.pl\/wp-content\/uploads\/2023\/02\/logo-wektor.png","width":1338,"height":143,"caption":"EXPARTO"},"image":{"@id":"https:\/\/exparto.pl\/ro\/#\/schema\/logo\/image\/"},"sameAs":["https:\/\/www.facebook.com\/exparto.agro\/"]}]}},"_links":{"self":[{"href":"https:\/\/exparto.pl\/ro\/wp-json\/wp\/v2\/product\/11299","targetHints":{"allow":["GET"]}}],"collection":[{"href":"https:\/\/exparto.pl\/ro\/wp-json\/wp\/v2\/product"}],"about":[{"href":"https:\/\/exparto.pl\/ro\/wp-json\/wp\/v2\/types\/product"}],"replies":[{"embeddable":true,"href":"https:\/\/exparto.pl\/ro\/wp-json\/wp\/v2\/comments?post=11299"}],"wp:featuredmedia":[{"embeddable":true,"href":"https:\/\/exparto.pl\/ro\/wp-json\/wp\/v2\/media\/5021"}],"wp:attachment":[{"href":"https:\/\/exparto.pl\/ro\/wp-json\/wp\/v2\/media?parent=11299"}],"wp:term":[{"taxonomy":"product_brand","embeddable":true,"href":"https:\/\/exparto.pl\/ro\/wp-json\/wp\/v2\/product_brand?post=11299"},{"taxonomy":"product_cat","embeddable":true,"href":"https:\/\/exparto.pl\/ro\/wp-json\/wp\/v2\/product_cat?post=11299"},{"taxonomy":"product_tag","embeddable":true,"href":"https:\/\/exparto.pl\/ro\/wp-json\/wp\/v2\/product_tag?post=11299"}],"curies":[{"name":"wp","href":"https:\/\/api.w.org\/{rel}","templated":true}]}}