{"id":11301,"date":"2023-03-02T17:21:07","date_gmt":"2023-03-02T16:21:07","guid":{"rendered":"https:\/\/exparto.pl\/produkt\/manusa-niros-1022-marimea-9\/"},"modified":"2023-03-02T17:21:07","modified_gmt":"2023-03-02T16:21:07","slug":"rekawica-niros-1022-size-9","status":"publish","type":"product","link":"https:\/\/exparto.pl\/ro\/produkt\/rekawica-niros-1022-size-9\/","title":{"rendered":"M\u0103nu\u0219\u0103 niros 1022 m\u0103rimea 9"},"content":{"rendered":"<p style=\"text-align: justify\">NiroS <strong>#1022 <\/strong>este confec\u021bionat din bumbac foarte dens \u021besut &#8211; confirm\u00e2nd calitatea <strong>premium<\/strong> a m\u0103rcii niroS. \u00cenveli\u0219ul de nitril de \u00eenalt\u0103 calitate utilizat \u00een m\u0103nu\u0219a niroS eco #1022 ofer\u0103 un \u00eenveli\u0219 3\/4 pentru o rezisten\u021b\u0103 ridicat\u0103 la uleiuri \u0219i gr\u0103simi. Acest lucru face ca m\u0103nu\u0219ile s\u0103 fie potrivite pentru o <strong>gam\u0103 larg\u0103 de<\/strong> aplica\u021bii \u00een <strong>industria general\u0103<\/strong>, precum \u0219i \u00een construc\u021bii sau horticultur\u0103.<\/p>\n","protected":false},"excerpt":{"rendered":"<p style=\"text-align: justify\">NiroS #1022 este confec\u021bionat din bumbac foarte dens \u021besut &#8211; confirm\u00e2nd calitatea premium a m\u0103rcii niroS. \u00cenveli\u0219ul de nitril de \u00eenalt\u0103 calitate utilizat \u00een m\u0103nu\u0219a niroS eco #1022 ofer\u0103 un \u00eenveli\u0219 3\/4 pentru o rezisten\u021b\u0103 ridicat\u0103 la uleiuri \u0219i gr\u0103simi. Acest lucru face ca m\u0103nu\u0219ile s\u0103 fie potrivite pentru o gam\u0103 larg\u0103 de aplica\u021bii \u00een industria general\u0103, precum \u0219i \u00een construc\u021bii sau horticultur\u0103.<\/p>\n","protected":false},"featured_media":4997,"comment_status":"open","ping_status":"closed","template":"","meta":{"_acf_changed":false,"inline_featured_image":false},"product_brand":[],"product_cat":[421],"product_tag":[],"class_list":{"0":"post-11301","1":"product","2":"type-product","3":"status-publish","4":"has-post-thumbnail","6":"product_cat-manusi","8":"first","9":"outofstock","10":"taxable","11":"shipping-taxable","12":"purchasable","13":"product-type-simple"},"acf":[],"yoast_head":"<!-- This site is optimized with the Yoast SEO plugin v27.3 - https:\/\/yoast.com\/product\/yoast-seo-wordpress\/ -->\n<title>M\u0103nu\u0219\u0103 niros 1022 m\u0103rimea 9 - Exparto.pl<\/title>\n<meta name=\"robots\" content=\"index, follow, max-snippet:-1, max-image-preview:large, max-video-preview:-1\" \/>\n<link rel=\"canonical\" href=\"https:\/\/exparto.pl\/ro\/produkt\/rekawica-niros-1022-size-9\/\" \/>\n<meta property=\"og:locale\" content=\"ro_RO\" \/>\n<meta property=\"og:type\" content=\"article\" \/>\n<meta property=\"og:title\" content=\"M\u0103nu\u0219\u0103 niros 1022 m\u0103rimea 9 - Exparto.pl\" \/>\n<meta property=\"og:description\" content=\"NiroS #1022 este confec\u021bionat din bumbac foarte dens \u021besut - confirm\u00e2nd calitatea premium a m\u0103rcii niroS. \u00cenveli\u0219ul de nitril de \u00eenalt\u0103 calitate utilizat \u00een m\u0103nu\u0219a niroS eco #1022 ofer\u0103 un \u00eenveli\u0219 3\/4 pentru o rezisten\u021b\u0103 ridicat\u0103 la uleiuri \u0219i gr\u0103simi. Acest lucru face ca m\u0103nu\u0219ile s\u0103 fie potrivite pentru o gam\u0103 larg\u0103 de aplica\u021bii \u00een industria general\u0103, precum \u0219i \u00een construc\u021bii sau horticultur\u0103.\" \/>\n<meta property=\"og:url\" content=\"https:\/\/exparto.pl\/ro\/produkt\/rekawica-niros-1022-size-9\/\" \/>\n<meta property=\"og:site_name\" content=\"Exparto.pl\" \/>\n<meta property=\"article:publisher\" content=\"https:\/\/www.facebook.com\/exparto.agro\/\" \/>\n<meta property=\"og:image\" content=\"https:\/\/exparto.pl\/wp-content\/uploads\/2023\/03\/ab3e1bca459049c4fbf980a34e4288f8.jpg\" \/>\n\t<meta property=\"og:image:width\" content=\"1000\" \/>\n\t<meta property=\"og:image:height\" content=\"1000\" \/>\n\t<meta property=\"og:image:type\" content=\"image\/jpeg\" \/>\n<meta name=\"twitter:card\" content=\"summary_large_image\" \/>\n<script type=\"application\/ld+json\" class=\"yoast-schema-graph\">{\"@context\":\"https:\\\/\\\/schema.org\",\"@graph\":[{\"@type\":\"WebPage\",\"@id\":\"https:\\\/\\\/exparto.pl\\\/ro\\\/produkt\\\/rekawica-niros-1022-size-9\\\/\",\"url\":\"https:\\\/\\\/exparto.pl\\\/ro\\\/produkt\\\/rekawica-niros-1022-size-9\\\/\",\"name\":\"M\u0103nu\u0219\u0103 niros 1022 m\u0103rimea 9 - Exparto.pl\",\"isPartOf\":{\"@id\":\"https:\\\/\\\/exparto.pl\\\/ro\\\/#website\"},\"primaryImageOfPage\":{\"@id\":\"https:\\\/\\\/exparto.pl\\\/ro\\\/produkt\\\/rekawica-niros-1022-size-9\\\/#primaryimage\"},\"image\":{\"@id\":\"https:\\\/\\\/exparto.pl\\\/ro\\\/produkt\\\/rekawica-niros-1022-size-9\\\/#primaryimage\"},\"thumbnailUrl\":\"https:\\\/\\\/exparto.pl\\\/wp-content\\\/uploads\\\/2023\\\/03\\\/ab3e1bca459049c4fbf980a34e4288f8.jpg\",\"datePublished\":\"2023-03-02T16:21:07+00:00\",\"breadcrumb\":{\"@id\":\"https:\\\/\\\/exparto.pl\\\/ro\\\/produkt\\\/rekawica-niros-1022-size-9\\\/#breadcrumb\"},\"inLanguage\":\"ro-RO\",\"potentialAction\":[{\"@type\":\"ReadAction\",\"target\":[\"https:\\\/\\\/exparto.pl\\\/ro\\\/produkt\\\/rekawica-niros-1022-size-9\\\/\"]}]},{\"@type\":\"ImageObject\",\"inLanguage\":\"ro-RO\",\"@id\":\"https:\\\/\\\/exparto.pl\\\/ro\\\/produkt\\\/rekawica-niros-1022-size-9\\\/#primaryimage\",\"url\":\"https:\\\/\\\/exparto.pl\\\/wp-content\\\/uploads\\\/2023\\\/03\\\/ab3e1bca459049c4fbf980a34e4288f8.jpg\",\"contentUrl\":\"https:\\\/\\\/exparto.pl\\\/wp-content\\\/uploads\\\/2023\\\/03\\\/ab3e1bca459049c4fbf980a34e4288f8.jpg\",\"width\":1000,\"height\":1000},{\"@type\":\"BreadcrumbList\",\"@id\":\"https:\\\/\\\/exparto.pl\\\/ro\\\/produkt\\\/rekawica-niros-1022-size-9\\\/#breadcrumb\",\"itemListElement\":[{\"@type\":\"ListItem\",\"position\":1,\"name\":\"Pagina de start\",\"item\":\"https:\\\/\\\/exparto.pl\\\/ro\\\/pagina-de-start\\\/\"},{\"@type\":\"ListItem\",\"position\":2,\"name\":\"Sklep\",\"item\":\"https:\\\/\\\/exparto.pl\\\/sklep\\\/\"},{\"@type\":\"ListItem\",\"position\":3,\"name\":\"\u00cembr\u0103c\u0103minte pentru s\u0103n\u0103tate \u0219i siguran\u021b\u0103\",\"item\":\"https:\\\/\\\/exparto.pl\\\/ro\\\/categoria-de-produse\\\/imbracaminte-pentru-sanatate-si-siguranta\\\/\"},{\"@type\":\"ListItem\",\"position\":4,\"name\":\"M\u0103nu\u0219i\",\"item\":\"https:\\\/\\\/exparto.pl\\\/ro\\\/categoria-de-produse\\\/imbracaminte-pentru-sanatate-si-siguranta\\\/manusi\\\/\"},{\"@type\":\"ListItem\",\"position\":5,\"name\":\"M\u0103nu\u0219\u0103 niros 1022 m\u0103rimea 9\"}]},{\"@type\":\"WebSite\",\"@id\":\"https:\\\/\\\/exparto.pl\\\/ro\\\/#website\",\"url\":\"https:\\\/\\\/exparto.pl\\\/ro\\\/\",\"name\":\"EXPARTO\",\"description\":\"More than agro parts\",\"publisher\":{\"@id\":\"https:\\\/\\\/exparto.pl\\\/ro\\\/#organization\"},\"potentialAction\":[{\"@type\":\"SearchAction\",\"target\":{\"@type\":\"EntryPoint\",\"urlTemplate\":\"https:\\\/\\\/exparto.pl\\\/ro\\\/?s={search_term_string}\"},\"query-input\":{\"@type\":\"PropertyValueSpecification\",\"valueRequired\":true,\"valueName\":\"search_term_string\"}}],\"inLanguage\":\"ro-RO\"},{\"@type\":\"Organization\",\"@id\":\"https:\\\/\\\/exparto.pl\\\/ro\\\/#organization\",\"name\":\"EXPARTO\",\"url\":\"https:\\\/\\\/exparto.pl\\\/ro\\\/\",\"logo\":{\"@type\":\"ImageObject\",\"inLanguage\":\"ro-RO\",\"@id\":\"https:\\\/\\\/exparto.pl\\\/ro\\\/#\\\/schema\\\/logo\\\/image\\\/\",\"url\":\"https:\\\/\\\/exparto.pl\\\/wp-content\\\/uploads\\\/2023\\\/02\\\/logo-wektor.png\",\"contentUrl\":\"https:\\\/\\\/exparto.pl\\\/wp-content\\\/uploads\\\/2023\\\/02\\\/logo-wektor.png\",\"width\":1338,\"height\":143,\"caption\":\"EXPARTO\"},\"image\":{\"@id\":\"https:\\\/\\\/exparto.pl\\\/ro\\\/#\\\/schema\\\/logo\\\/image\\\/\"},\"sameAs\":[\"https:\\\/\\\/www.facebook.com\\\/exparto.agro\\\/\"]}]}<\/script>\n<!-- \/ Yoast SEO plugin. -->","yoast_head_json":{"title":"M\u0103nu\u0219\u0103 niros 1022 m\u0103rimea 9 - Exparto.pl","robots":{"index":"index","follow":"follow","max-snippet":"max-snippet:-1","max-image-preview":"max-image-preview:large","max-video-preview":"max-video-preview:-1"},"canonical":"https:\/\/exparto.pl\/ro\/produkt\/rekawica-niros-1022-size-9\/","og_locale":"ro_RO","og_type":"article","og_title":"M\u0103nu\u0219\u0103 niros 1022 m\u0103rimea 9 - Exparto.pl","og_description":"NiroS #1022 este confec\u021bionat din bumbac foarte dens \u021besut - confirm\u00e2nd calitatea premium a m\u0103rcii niroS. \u00cenveli\u0219ul de nitril de \u00eenalt\u0103 calitate utilizat \u00een m\u0103nu\u0219a niroS eco #1022 ofer\u0103 un \u00eenveli\u0219 3\/4 pentru o rezisten\u021b\u0103 ridicat\u0103 la uleiuri \u0219i gr\u0103simi. Acest lucru face ca m\u0103nu\u0219ile s\u0103 fie potrivite pentru o gam\u0103 larg\u0103 de aplica\u021bii \u00een industria general\u0103, precum \u0219i \u00een construc\u021bii sau horticultur\u0103.","og_url":"https:\/\/exparto.pl\/ro\/produkt\/rekawica-niros-1022-size-9\/","og_site_name":"Exparto.pl","article_publisher":"https:\/\/www.facebook.com\/exparto.agro\/","og_image":[{"width":1000,"height":1000,"url":"https:\/\/exparto.pl\/wp-content\/uploads\/2023\/03\/ab3e1bca459049c4fbf980a34e4288f8.jpg","type":"image\/jpeg"}],"twitter_card":"summary_large_image","schema":{"@context":"https:\/\/schema.org","@graph":[{"@type":"WebPage","@id":"https:\/\/exparto.pl\/ro\/produkt\/rekawica-niros-1022-size-9\/","url":"https:\/\/exparto.pl\/ro\/produkt\/rekawica-niros-1022-size-9\/","name":"M\u0103nu\u0219\u0103 niros 1022 m\u0103rimea 9 - Exparto.pl","isPartOf":{"@id":"https:\/\/exparto.pl\/ro\/#website"},"primaryImageOfPage":{"@id":"https:\/\/exparto.pl\/ro\/produkt\/rekawica-niros-1022-size-9\/#primaryimage"},"image":{"@id":"https:\/\/exparto.pl\/ro\/produkt\/rekawica-niros-1022-size-9\/#primaryimage"},"thumbnailUrl":"https:\/\/exparto.pl\/wp-content\/uploads\/2023\/03\/ab3e1bca459049c4fbf980a34e4288f8.jpg","datePublished":"2023-03-02T16:21:07+00:00","breadcrumb":{"@id":"https:\/\/exparto.pl\/ro\/produkt\/rekawica-niros-1022-size-9\/#breadcrumb"},"inLanguage":"ro-RO","potentialAction":[{"@type":"ReadAction","target":["https:\/\/exparto.pl\/ro\/produkt\/rekawica-niros-1022-size-9\/"]}]},{"@type":"ImageObject","inLanguage":"ro-RO","@id":"https:\/\/exparto.pl\/ro\/produkt\/rekawica-niros-1022-size-9\/#primaryimage","url":"https:\/\/exparto.pl\/wp-content\/uploads\/2023\/03\/ab3e1bca459049c4fbf980a34e4288f8.jpg","contentUrl":"https:\/\/exparto.pl\/wp-content\/uploads\/2023\/03\/ab3e1bca459049c4fbf980a34e4288f8.jpg","width":1000,"height":1000},{"@type":"BreadcrumbList","@id":"https:\/\/exparto.pl\/ro\/produkt\/rekawica-niros-1022-size-9\/#breadcrumb","itemListElement":[{"@type":"ListItem","position":1,"name":"Pagina de start","item":"https:\/\/exparto.pl\/ro\/pagina-de-start\/"},{"@type":"ListItem","position":2,"name":"Sklep","item":"https:\/\/exparto.pl\/sklep\/"},{"@type":"ListItem","position":3,"name":"\u00cembr\u0103c\u0103minte pentru s\u0103n\u0103tate \u0219i siguran\u021b\u0103","item":"https:\/\/exparto.pl\/ro\/categoria-de-produse\/imbracaminte-pentru-sanatate-si-siguranta\/"},{"@type":"ListItem","position":4,"name":"M\u0103nu\u0219i","item":"https:\/\/exparto.pl\/ro\/categoria-de-produse\/imbracaminte-pentru-sanatate-si-siguranta\/manusi\/"},{"@type":"ListItem","position":5,"name":"M\u0103nu\u0219\u0103 niros 1022 m\u0103rimea 9"}]},{"@type":"WebSite","@id":"https:\/\/exparto.pl\/ro\/#website","url":"https:\/\/exparto.pl\/ro\/","name":"EXPARTO","description":"More than agro parts","publisher":{"@id":"https:\/\/exparto.pl\/ro\/#organization"},"potentialAction":[{"@type":"SearchAction","target":{"@type":"EntryPoint","urlTemplate":"https:\/\/exparto.pl\/ro\/?s={search_term_string}"},"query-input":{"@type":"PropertyValueSpecification","valueRequired":true,"valueName":"search_term_string"}}],"inLanguage":"ro-RO"},{"@type":"Organization","@id":"https:\/\/exparto.pl\/ro\/#organization","name":"EXPARTO","url":"https:\/\/exparto.pl\/ro\/","logo":{"@type":"ImageObject","inLanguage":"ro-RO","@id":"https:\/\/exparto.pl\/ro\/#\/schema\/logo\/image\/","url":"https:\/\/exparto.pl\/wp-content\/uploads\/2023\/02\/logo-wektor.png","contentUrl":"https:\/\/exparto.pl\/wp-content\/uploads\/2023\/02\/logo-wektor.png","width":1338,"height":143,"caption":"EXPARTO"},"image":{"@id":"https:\/\/exparto.pl\/ro\/#\/schema\/logo\/image\/"},"sameAs":["https:\/\/www.facebook.com\/exparto.agro\/"]}]}},"_links":{"self":[{"href":"https:\/\/exparto.pl\/ro\/wp-json\/wp\/v2\/product\/11301","targetHints":{"allow":["GET"]}}],"collection":[{"href":"https:\/\/exparto.pl\/ro\/wp-json\/wp\/v2\/product"}],"about":[{"href":"https:\/\/exparto.pl\/ro\/wp-json\/wp\/v2\/types\/product"}],"replies":[{"embeddable":true,"href":"https:\/\/exparto.pl\/ro\/wp-json\/wp\/v2\/comments?post=11301"}],"wp:featuredmedia":[{"embeddable":true,"href":"https:\/\/exparto.pl\/ro\/wp-json\/wp\/v2\/media\/4997"}],"wp:attachment":[{"href":"https:\/\/exparto.pl\/ro\/wp-json\/wp\/v2\/media?parent=11301"}],"wp:term":[{"taxonomy":"product_brand","embeddable":true,"href":"https:\/\/exparto.pl\/ro\/wp-json\/wp\/v2\/product_brand?post=11301"},{"taxonomy":"product_cat","embeddable":true,"href":"https:\/\/exparto.pl\/ro\/wp-json\/wp\/v2\/product_cat?post=11301"},{"taxonomy":"product_tag","embeddable":true,"href":"https:\/\/exparto.pl\/ro\/wp-json\/wp\/v2\/product_tag?post=11301"}],"curies":[{"name":"wp","href":"https:\/\/api.w.org\/{rel}","templated":true}]}}