{"id":11302,"date":"2023-03-02T16:27:54","date_gmt":"2023-03-02T15:27:54","guid":{"rendered":"https:\/\/exparto.pl\/produkt\/piston-push-bar-cbk320-sipma-z-224-presa-sipma-z-224\/"},"modified":"2023-03-02T16:27:54","modified_gmt":"2023-03-02T15:27:54","slug":"pick-up-roll-cbk320-press-sipma-z-224-1","status":"publish","type":"product","link":"https:\/\/exparto.pl\/ro\/produkt\/pick-up-roll-cbk320-press-sipma-z-224-1\/","title":{"rendered":"PISTON PUSH BAR CBK320 SIPMA Z-224 pres\u0103 SIPMA Z-224"},"content":{"rendered":"<p style=\"text-align: justify\"><strong>Rulment CBK320 pentru SIPMA Z-224\/1, SIPMA Z-224\/2<\/strong><\/p>\n<p style=\"text-align: justify\">Numerele de catalog:<\/p>\n<p style=\"text-align: justify\"><span style=\"font-size: 12pt\"><br \/>\n  <span style=\"font-weight: bold\">\u2705<\/span><br \/>\n<\/span>522389023<\/p>\n<p style=\"text-align: justify\">Presa de t\u0103iat cuburi Sipma este o ma\u0219in\u0103 agricol\u0103 utilizat\u0103 pe scar\u0103 larg\u0103. Este folosit pentru <strong>recoltarea f\u00e2nului \u0219i a paielor<\/strong>. Func\u021bioneaz\u0103 \u00een primul r\u00e2nd pe baza unui dispozitiv de legare pentru pres\u0103 &#8211; supresorul. Acesta este, de asemenea, denumit aparat de lipire. To\u021bi termenii ei sunt str\u00e2ns lega\u021bi de munca pe care o face. Dispozitivul de legare a presei este responsabil pentru \u021beserea \u0219nurului. \u00cen c\u00e2teva secunde, <span style=\"font-weight: 700 !important\">acesta face<\/span> automat <span style=\"font-weight: 700 !important\">un nod puternic \u0219i taie excesul de cablu<\/span>. Componentele individuale ale supleantului, care este cea mai important\u0103 parte a presei, trebuie s\u0103 func\u021bioneze \u00eempreun\u0103 foarte precis.<\/p>\n<p style=\"text-align: justify\">Un dispozitiv de legare de \u00eenalt\u0103 calitate pentru presa de t\u0103iat \u00een cuburi va asigura o func\u021bionare fiabil\u0103. Magazinul online de piese de schimb pentru utilaje agricole Exparto ofer\u0103, de asemenea, piese de schimb pentru suplanter. Disponibile includ. corp superset, p\u00e2rghie de cu\u021bit, ac Sipma.<\/p>\n","protected":false},"excerpt":{"rendered":"<p style=\"text-align: justify\">Rulmentul CBK320 este o pies\u0103 de schimb pentru presa SIPMA Z-224. Un produs de \u00eenalt\u0103 calitate va asigura performan\u021ba sa fiabil\u0103.<\/p>\n","protected":false},"featured_media":4985,"comment_status":"open","ping_status":"closed","template":"","meta":{"_acf_changed":false,"inline_featured_image":false},"product_brand":[],"product_cat":[367,368],"product_tag":[],"class_list":{"0":"post-11302","1":"product","2":"type-product","3":"status-publish","4":"has-post-thumbnail","6":"product_cat-piese-de-presa","7":"product_cat-piese-pentru-presa-de-balotat-sipma-z-224","9":"first","10":"instock","11":"featured","12":"taxable","13":"shipping-taxable","14":"purchasable","15":"product-type-simple"},"acf":[],"yoast_head":"<!-- This site is optimized with the Yoast SEO plugin v27.2 - https:\/\/yoast.com\/product\/yoast-seo-wordpress\/ -->\n<title>PISTON PUSH BAR CBK320 SIPMA Z-224 pres\u0103 SIPMA Z-224 - Exparto.pl<\/title>\n<meta name=\"robots\" content=\"index, follow, max-snippet:-1, max-image-preview:large, max-video-preview:-1\" \/>\n<link rel=\"canonical\" href=\"https:\/\/exparto.pl\/ro\/produkt\/pick-up-roll-cbk320-press-sipma-z-224-1\/\" \/>\n<meta property=\"og:locale\" content=\"ro_RO\" \/>\n<meta property=\"og:type\" content=\"article\" \/>\n<meta property=\"og:title\" content=\"PISTON PUSH BAR CBK320 SIPMA Z-224 pres\u0103 SIPMA Z-224 - Exparto.pl\" \/>\n<meta property=\"og:description\" content=\"Rulmentul CBK320 este o pies\u0103 de schimb pentru presa SIPMA Z-224. Un produs de \u00eenalt\u0103 calitate va asigura performan\u021ba sa fiabil\u0103.\" \/>\n<meta property=\"og:url\" content=\"https:\/\/exparto.pl\/ro\/produkt\/pick-up-roll-cbk320-press-sipma-z-224-1\/\" \/>\n<meta property=\"og:site_name\" content=\"Exparto.pl\" \/>\n<meta property=\"article:publisher\" content=\"https:\/\/www.facebook.com\/exparto.agro\/\" \/>\n<meta property=\"og:image\" content=\"https:\/\/exparto.pl\/wp-content\/uploads\/2023\/03\/27da9ef922cd58db9f05a08ab0c32037.jpg\" \/>\n\t<meta property=\"og:image:width\" content=\"1000\" \/>\n\t<meta property=\"og:image:height\" content=\"1000\" \/>\n\t<meta property=\"og:image:type\" content=\"image\/jpeg\" \/>\n<meta name=\"twitter:card\" content=\"summary_large_image\" \/>\n<meta name=\"twitter:label1\" content=\"Timp estimat pentru citire\" \/>\n\t<meta name=\"twitter:data1\" content=\"1 minut\" \/>\n<script type=\"application\/ld+json\" class=\"yoast-schema-graph\">{\"@context\":\"https:\/\/schema.org\",\"@graph\":[{\"@type\":\"WebPage\",\"@id\":\"https:\/\/exparto.pl\/ro\/produkt\/pick-up-roll-cbk320-press-sipma-z-224-1\/\",\"url\":\"https:\/\/exparto.pl\/ro\/produkt\/pick-up-roll-cbk320-press-sipma-z-224-1\/\",\"name\":\"PISTON PUSH BAR CBK320 SIPMA Z-224 pres\u0103 SIPMA Z-224 - Exparto.pl\",\"isPartOf\":{\"@id\":\"https:\/\/exparto.pl\/ro\/#website\"},\"primaryImageOfPage\":{\"@id\":\"https:\/\/exparto.pl\/ro\/produkt\/pick-up-roll-cbk320-press-sipma-z-224-1\/#primaryimage\"},\"image\":{\"@id\":\"https:\/\/exparto.pl\/ro\/produkt\/pick-up-roll-cbk320-press-sipma-z-224-1\/#primaryimage\"},\"thumbnailUrl\":\"https:\/\/exparto.pl\/wp-content\/uploads\/2023\/03\/27da9ef922cd58db9f05a08ab0c32037.jpg\",\"datePublished\":\"2023-03-02T15:27:54+00:00\",\"breadcrumb\":{\"@id\":\"https:\/\/exparto.pl\/ro\/produkt\/pick-up-roll-cbk320-press-sipma-z-224-1\/#breadcrumb\"},\"inLanguage\":\"ro-RO\",\"potentialAction\":[{\"@type\":\"ReadAction\",\"target\":[\"https:\/\/exparto.pl\/ro\/produkt\/pick-up-roll-cbk320-press-sipma-z-224-1\/\"]}]},{\"@type\":\"ImageObject\",\"inLanguage\":\"ro-RO\",\"@id\":\"https:\/\/exparto.pl\/ro\/produkt\/pick-up-roll-cbk320-press-sipma-z-224-1\/#primaryimage\",\"url\":\"https:\/\/exparto.pl\/wp-content\/uploads\/2023\/03\/27da9ef922cd58db9f05a08ab0c32037.jpg\",\"contentUrl\":\"https:\/\/exparto.pl\/wp-content\/uploads\/2023\/03\/27da9ef922cd58db9f05a08ab0c32037.jpg\",\"width\":1000,\"height\":1000},{\"@type\":\"BreadcrumbList\",\"@id\":\"https:\/\/exparto.pl\/ro\/produkt\/pick-up-roll-cbk320-press-sipma-z-224-1\/#breadcrumb\",\"itemListElement\":[{\"@type\":\"ListItem\",\"position\":1,\"name\":\"Pagina de start\",\"item\":\"https:\/\/exparto.pl\/ro\/pagina-de-start\/\"},{\"@type\":\"ListItem\",\"position\":2,\"name\":\"Sklep\",\"item\":\"https:\/\/exparto.pl\/sklep\/\"},{\"@type\":\"ListItem\",\"position\":3,\"name\":\"Piese de pres\u0103\",\"item\":\"https:\/\/exparto.pl\/ro\/categoria-de-produse\/piese-de-presa\/\"},{\"@type\":\"ListItem\",\"position\":4,\"name\":\"Piese pentru presa de balotat SIPMA Z-224\",\"item\":\"https:\/\/exparto.pl\/ro\/categoria-de-produse\/piese-de-presa\/piese-pentru-presa-de-balotat-sipma-z-224\/\"},{\"@type\":\"ListItem\",\"position\":5,\"name\":\"PISTON PUSH BAR CBK320 SIPMA Z-224 pres\u0103 SIPMA Z-224\"}]},{\"@type\":\"WebSite\",\"@id\":\"https:\/\/exparto.pl\/ro\/#website\",\"url\":\"https:\/\/exparto.pl\/ro\/\",\"name\":\"EXPARTO\",\"description\":\"More than agro parts\",\"publisher\":{\"@id\":\"https:\/\/exparto.pl\/ro\/#organization\"},\"potentialAction\":[{\"@type\":\"SearchAction\",\"target\":{\"@type\":\"EntryPoint\",\"urlTemplate\":\"https:\/\/exparto.pl\/ro\/?s={search_term_string}\"},\"query-input\":{\"@type\":\"PropertyValueSpecification\",\"valueRequired\":true,\"valueName\":\"search_term_string\"}}],\"inLanguage\":\"ro-RO\"},{\"@type\":\"Organization\",\"@id\":\"https:\/\/exparto.pl\/ro\/#organization\",\"name\":\"EXPARTO\",\"url\":\"https:\/\/exparto.pl\/ro\/\",\"logo\":{\"@type\":\"ImageObject\",\"inLanguage\":\"ro-RO\",\"@id\":\"https:\/\/exparto.pl\/ro\/#\/schema\/logo\/image\/\",\"url\":\"https:\/\/exparto.pl\/wp-content\/uploads\/2023\/02\/logo-wektor.png\",\"contentUrl\":\"https:\/\/exparto.pl\/wp-content\/uploads\/2023\/02\/logo-wektor.png\",\"width\":1338,\"height\":143,\"caption\":\"EXPARTO\"},\"image\":{\"@id\":\"https:\/\/exparto.pl\/ro\/#\/schema\/logo\/image\/\"},\"sameAs\":[\"https:\/\/www.facebook.com\/exparto.agro\/\"]}]}<\/script>\n<!-- \/ Yoast SEO plugin. -->","yoast_head_json":{"title":"PISTON PUSH BAR CBK320 SIPMA Z-224 pres\u0103 SIPMA Z-224 - Exparto.pl","robots":{"index":"index","follow":"follow","max-snippet":"max-snippet:-1","max-image-preview":"max-image-preview:large","max-video-preview":"max-video-preview:-1"},"canonical":"https:\/\/exparto.pl\/ro\/produkt\/pick-up-roll-cbk320-press-sipma-z-224-1\/","og_locale":"ro_RO","og_type":"article","og_title":"PISTON PUSH BAR CBK320 SIPMA Z-224 pres\u0103 SIPMA Z-224 - Exparto.pl","og_description":"Rulmentul CBK320 este o pies\u0103 de schimb pentru presa SIPMA Z-224. Un produs de \u00eenalt\u0103 calitate va asigura performan\u021ba sa fiabil\u0103.","og_url":"https:\/\/exparto.pl\/ro\/produkt\/pick-up-roll-cbk320-press-sipma-z-224-1\/","og_site_name":"Exparto.pl","article_publisher":"https:\/\/www.facebook.com\/exparto.agro\/","og_image":[{"width":1000,"height":1000,"url":"https:\/\/exparto.pl\/wp-content\/uploads\/2023\/03\/27da9ef922cd58db9f05a08ab0c32037.jpg","type":"image\/jpeg"}],"twitter_card":"summary_large_image","twitter_misc":{"Timp estimat pentru citire":"1 minut"},"schema":{"@context":"https:\/\/schema.org","@graph":[{"@type":"WebPage","@id":"https:\/\/exparto.pl\/ro\/produkt\/pick-up-roll-cbk320-press-sipma-z-224-1\/","url":"https:\/\/exparto.pl\/ro\/produkt\/pick-up-roll-cbk320-press-sipma-z-224-1\/","name":"PISTON PUSH BAR CBK320 SIPMA Z-224 pres\u0103 SIPMA Z-224 - Exparto.pl","isPartOf":{"@id":"https:\/\/exparto.pl\/ro\/#website"},"primaryImageOfPage":{"@id":"https:\/\/exparto.pl\/ro\/produkt\/pick-up-roll-cbk320-press-sipma-z-224-1\/#primaryimage"},"image":{"@id":"https:\/\/exparto.pl\/ro\/produkt\/pick-up-roll-cbk320-press-sipma-z-224-1\/#primaryimage"},"thumbnailUrl":"https:\/\/exparto.pl\/wp-content\/uploads\/2023\/03\/27da9ef922cd58db9f05a08ab0c32037.jpg","datePublished":"2023-03-02T15:27:54+00:00","breadcrumb":{"@id":"https:\/\/exparto.pl\/ro\/produkt\/pick-up-roll-cbk320-press-sipma-z-224-1\/#breadcrumb"},"inLanguage":"ro-RO","potentialAction":[{"@type":"ReadAction","target":["https:\/\/exparto.pl\/ro\/produkt\/pick-up-roll-cbk320-press-sipma-z-224-1\/"]}]},{"@type":"ImageObject","inLanguage":"ro-RO","@id":"https:\/\/exparto.pl\/ro\/produkt\/pick-up-roll-cbk320-press-sipma-z-224-1\/#primaryimage","url":"https:\/\/exparto.pl\/wp-content\/uploads\/2023\/03\/27da9ef922cd58db9f05a08ab0c32037.jpg","contentUrl":"https:\/\/exparto.pl\/wp-content\/uploads\/2023\/03\/27da9ef922cd58db9f05a08ab0c32037.jpg","width":1000,"height":1000},{"@type":"BreadcrumbList","@id":"https:\/\/exparto.pl\/ro\/produkt\/pick-up-roll-cbk320-press-sipma-z-224-1\/#breadcrumb","itemListElement":[{"@type":"ListItem","position":1,"name":"Pagina de start","item":"https:\/\/exparto.pl\/ro\/pagina-de-start\/"},{"@type":"ListItem","position":2,"name":"Sklep","item":"https:\/\/exparto.pl\/sklep\/"},{"@type":"ListItem","position":3,"name":"Piese de pres\u0103","item":"https:\/\/exparto.pl\/ro\/categoria-de-produse\/piese-de-presa\/"},{"@type":"ListItem","position":4,"name":"Piese pentru presa de balotat SIPMA Z-224","item":"https:\/\/exparto.pl\/ro\/categoria-de-produse\/piese-de-presa\/piese-pentru-presa-de-balotat-sipma-z-224\/"},{"@type":"ListItem","position":5,"name":"PISTON PUSH BAR CBK320 SIPMA Z-224 pres\u0103 SIPMA Z-224"}]},{"@type":"WebSite","@id":"https:\/\/exparto.pl\/ro\/#website","url":"https:\/\/exparto.pl\/ro\/","name":"EXPARTO","description":"More than agro parts","publisher":{"@id":"https:\/\/exparto.pl\/ro\/#organization"},"potentialAction":[{"@type":"SearchAction","target":{"@type":"EntryPoint","urlTemplate":"https:\/\/exparto.pl\/ro\/?s={search_term_string}"},"query-input":{"@type":"PropertyValueSpecification","valueRequired":true,"valueName":"search_term_string"}}],"inLanguage":"ro-RO"},{"@type":"Organization","@id":"https:\/\/exparto.pl\/ro\/#organization","name":"EXPARTO","url":"https:\/\/exparto.pl\/ro\/","logo":{"@type":"ImageObject","inLanguage":"ro-RO","@id":"https:\/\/exparto.pl\/ro\/#\/schema\/logo\/image\/","url":"https:\/\/exparto.pl\/wp-content\/uploads\/2023\/02\/logo-wektor.png","contentUrl":"https:\/\/exparto.pl\/wp-content\/uploads\/2023\/02\/logo-wektor.png","width":1338,"height":143,"caption":"EXPARTO"},"image":{"@id":"https:\/\/exparto.pl\/ro\/#\/schema\/logo\/image\/"},"sameAs":["https:\/\/www.facebook.com\/exparto.agro\/"]}]}},"_links":{"self":[{"href":"https:\/\/exparto.pl\/ro\/wp-json\/wp\/v2\/product\/11302","targetHints":{"allow":["GET"]}}],"collection":[{"href":"https:\/\/exparto.pl\/ro\/wp-json\/wp\/v2\/product"}],"about":[{"href":"https:\/\/exparto.pl\/ro\/wp-json\/wp\/v2\/types\/product"}],"replies":[{"embeddable":true,"href":"https:\/\/exparto.pl\/ro\/wp-json\/wp\/v2\/comments?post=11302"}],"wp:featuredmedia":[{"embeddable":true,"href":"https:\/\/exparto.pl\/ro\/wp-json\/wp\/v2\/media\/4985"}],"wp:attachment":[{"href":"https:\/\/exparto.pl\/ro\/wp-json\/wp\/v2\/media?parent=11302"}],"wp:term":[{"taxonomy":"product_brand","embeddable":true,"href":"https:\/\/exparto.pl\/ro\/wp-json\/wp\/v2\/product_brand?post=11302"},{"taxonomy":"product_cat","embeddable":true,"href":"https:\/\/exparto.pl\/ro\/wp-json\/wp\/v2\/product_cat?post=11302"},{"taxonomy":"product_tag","embeddable":true,"href":"https:\/\/exparto.pl\/ro\/wp-json\/wp\/v2\/product_tag?post=11302"}],"curies":[{"name":"wp","href":"https:\/\/api.w.org\/{rel}","templated":true}]}}