{"id":11311,"date":"2023-03-01T19:37:41","date_gmt":"2023-03-01T18:37:41","guid":{"rendered":"https:\/\/exparto.pl\/produkt\/electrovalva-50l-danger-6-2-12v\/"},"modified":"2023-03-01T19:37:41","modified_gmt":"2023-03-01T18:37:41","slug":"elektrozawor-50l-dzielnik-6-2-12v","status":"publish","type":"product","link":"https:\/\/exparto.pl\/ro\/produkt\/elektrozawor-50l-dzielnik-6-2-12v\/","title":{"rendered":"Electrovalv\u0103 50L DANGER 6\/2 12V"},"content":{"rendered":"<section class=\"section\">\n<div class=\"item item-12\" style=\"text-align: justify\">\n<section class=\"text-item\"><strong>Electrovalva este un<\/strong> divizor de control direc\u021bional <strong>electromagnetic,<\/strong> cu ac\u021biune glisant\u0103. Serve\u0219te ca separator pentru a oferi o func\u021bie suplimentar\u0103 la ma\u0219inile de construc\u021bii, \u00eenc\u0103rc\u0103toare frontale &#8211; permite controlul accesoriilor \u00eenc\u0103rc\u0103torului frontal, cum ar fi: apuc\u0103torul de balo\u021bi, crocodilul, Atunci c\u00e2nd este conectat la ma\u0219ini agricole, \u00eemparte a doua sec\u021biune a separatorului pentru a forma a treia sec\u021biune. Echipament preg\u0103tit pentru presiuni mai mari de 20 MPa atunci c\u00e2nd este conectat direct la rezervor. \u00cen cazul \u00een care presiunea de func\u021bionare va fi mai mic\u0103 de 200 bari, \u00een\u0219uruba\u021bi fi\u0219a de o\u021bel de 1\/4\u2033 din kitul furnizat. Electrovalva va asigura o etan\u0219eitate total\u0103 numai dac\u0103 se lucreaz\u0103 cu componente de \u00eenalt\u0103 calitate selectate corect.<\/section>\n<section class=\"text-item\"><strong>Echipamente pentru <\/strong>utilaje de construc\u021bii, \u00eenc\u0103rc\u0103toare frontale, vehicule forestiere, stivuitoare, stivuitoare, stivuitoare de manipulare a materialelor, pulverizatoare, ciclopuri, HDS<\/p>\n<p style=\"text-align: justify\">\u00cen timpul produc\u021biei, se controleaz\u0103 urm\u0103toarele:<\/p>\n<ol style=\"text-align: justify\">\n<li><strong>M\u0103sur\u0103tori<\/strong> <strong>geometrice<\/strong> ale componentelor, cum ar fi corpul \u0219i glisierele, pentru a asigura etan\u0219eitatea total\u0103 (etan\u0219are) \u0219i lipsa de gripare a componentelor interne care se potrivesc. Pentru m\u0103sur\u0103tori se utilizeaz\u0103 un micrometru \u0219i calibre cu palpator, precum \u0219i o ma\u0219in\u0103 de m\u0103surat \u00een coordonate pentru controlul statistic.<\/li>\n<li><strong>Etan\u0219eitatea<\/strong> electrovalvei, debitul \u0219i rezisten\u021ba sistemului electric m\u0103surate la str\u00e2mtori mult mai mari dec\u00e2t cele nominale<\/li>\n<\/ol>\n<p style=\"text-align: justify\"><strong>Pentru a prelungi durata de via\u021b\u0103 a divizoarelor electrice glisante (electrovalve), recomand\u0103m filtrarea uleiului cu minimum 25\u00b5m \u0219i utilizarea uleiului mineral HL 32 sau HL 46.  <\/strong>Cur\u0103\u021benia recomandat\u0103 a uleiului hidraulic 20\/18\/15 conform standardului ISO 4406-1996<\/p>\n<p style=\"text-align: justify\"><strong>Electrovalvele Exparto sunt compatibile cu \u00eenc\u0103rc\u0103toare frontale, \u00eenc\u0103rc\u0103toare telescopice \u0219i stivuitoare fabricate de:<\/strong><\/p>\n<p style=\"text-align: justify\">Agromasz, Hydramet, Inter tech, Linde, Metal-Fach, Metaltechnik, MX, New Holland, Quick , Stoll, Toyota, Zetor<\/p>\n<\/section>\n<\/div>\n<\/section>\n","protected":false},"excerpt":{"rendered":"<p style=\"text-align: justify\">Electrovalva este un divizor de control direc\u021bional electromagnetic, cu ac\u021biune glisant\u0103. Este utilizat pentru a lucra cu colectoare ca un divizor pentru a oferi o func\u021bie suplimentar\u0103 pentru ma\u0219inile de construc\u021bii.<\/p>\n","protected":false},"featured_media":4561,"comment_status":"open","ping_status":"closed","template":"","meta":{"_acf_changed":false,"inline_featured_image":false},"product_brand":[],"product_cat":[454,435],"product_tag":[],"class_list":{"0":"post-11311","1":"product","2":"type-product","3":"status-publish","4":"has-post-thumbnail","6":"product_cat-hidraulica","7":"product_cat-supape-electromagnetice","9":"first","10":"instock","11":"taxable","12":"shipping-taxable","13":"purchasable","14":"product-type-simple"},"acf":[],"yoast_head":"<!-- This site is optimized with the Yoast SEO plugin v27.3 - https:\/\/yoast.com\/product\/yoast-seo-wordpress\/ -->\n<title>Electrovalv\u0103 50L DANGER 6\/2 12V - Exparto.pl<\/title>\n<meta name=\"robots\" content=\"index, follow, max-snippet:-1, max-image-preview:large, max-video-preview:-1\" \/>\n<link rel=\"canonical\" href=\"https:\/\/exparto.pl\/ro\/produkt\/elektrozawor-50l-dzielnik-6-2-12v\/\" \/>\n<meta property=\"og:locale\" content=\"ro_RO\" \/>\n<meta property=\"og:type\" content=\"article\" \/>\n<meta property=\"og:title\" content=\"Electrovalv\u0103 50L DANGER 6\/2 12V - Exparto.pl\" \/>\n<meta property=\"og:description\" content=\"Electrovalva este un divizor de control direc\u021bional electromagnetic, cu ac\u021biune glisant\u0103. Este utilizat pentru a lucra cu colectoare ca un divizor pentru a oferi o func\u021bie suplimentar\u0103 pentru ma\u0219inile de construc\u021bii.\" \/>\n<meta property=\"og:url\" content=\"https:\/\/exparto.pl\/ro\/produkt\/elektrozawor-50l-dzielnik-6-2-12v\/\" \/>\n<meta property=\"og:site_name\" content=\"Exparto.pl\" \/>\n<meta property=\"article:publisher\" content=\"https:\/\/www.facebook.com\/exparto.agro\/\" \/>\n<meta property=\"og:image\" content=\"https:\/\/exparto.pl\/wp-content\/uploads\/2023\/03\/148bbf089c7d17538c470119aa77832a.jpg\" \/>\n\t<meta property=\"og:image:width\" content=\"1000\" \/>\n\t<meta property=\"og:image:height\" content=\"1000\" \/>\n\t<meta property=\"og:image:type\" content=\"image\/jpeg\" \/>\n<meta name=\"twitter:card\" content=\"summary_large_image\" \/>\n<meta name=\"twitter:label1\" content=\"Timp estimat pentru citire\" \/>\n\t<meta name=\"twitter:data1\" content=\"2 minute\" \/>\n<script type=\"application\/ld+json\" class=\"yoast-schema-graph\">{\"@context\":\"https:\\\/\\\/schema.org\",\"@graph\":[{\"@type\":\"WebPage\",\"@id\":\"https:\\\/\\\/exparto.pl\\\/ro\\\/produkt\\\/elektrozawor-50l-dzielnik-6-2-12v\\\/\",\"url\":\"https:\\\/\\\/exparto.pl\\\/ro\\\/produkt\\\/elektrozawor-50l-dzielnik-6-2-12v\\\/\",\"name\":\"Electrovalv\u0103 50L DANGER 6\\\/2 12V - Exparto.pl\",\"isPartOf\":{\"@id\":\"https:\\\/\\\/exparto.pl\\\/ro\\\/#website\"},\"primaryImageOfPage\":{\"@id\":\"https:\\\/\\\/exparto.pl\\\/ro\\\/produkt\\\/elektrozawor-50l-dzielnik-6-2-12v\\\/#primaryimage\"},\"image\":{\"@id\":\"https:\\\/\\\/exparto.pl\\\/ro\\\/produkt\\\/elektrozawor-50l-dzielnik-6-2-12v\\\/#primaryimage\"},\"thumbnailUrl\":\"https:\\\/\\\/exparto.pl\\\/wp-content\\\/uploads\\\/2023\\\/03\\\/148bbf089c7d17538c470119aa77832a.jpg\",\"datePublished\":\"2023-03-01T18:37:41+00:00\",\"breadcrumb\":{\"@id\":\"https:\\\/\\\/exparto.pl\\\/ro\\\/produkt\\\/elektrozawor-50l-dzielnik-6-2-12v\\\/#breadcrumb\"},\"inLanguage\":\"ro-RO\",\"potentialAction\":[{\"@type\":\"ReadAction\",\"target\":[\"https:\\\/\\\/exparto.pl\\\/ro\\\/produkt\\\/elektrozawor-50l-dzielnik-6-2-12v\\\/\"]}]},{\"@type\":\"ImageObject\",\"inLanguage\":\"ro-RO\",\"@id\":\"https:\\\/\\\/exparto.pl\\\/ro\\\/produkt\\\/elektrozawor-50l-dzielnik-6-2-12v\\\/#primaryimage\",\"url\":\"https:\\\/\\\/exparto.pl\\\/wp-content\\\/uploads\\\/2023\\\/03\\\/148bbf089c7d17538c470119aa77832a.jpg\",\"contentUrl\":\"https:\\\/\\\/exparto.pl\\\/wp-content\\\/uploads\\\/2023\\\/03\\\/148bbf089c7d17538c470119aa77832a.jpg\",\"width\":1000,\"height\":1000},{\"@type\":\"BreadcrumbList\",\"@id\":\"https:\\\/\\\/exparto.pl\\\/ro\\\/produkt\\\/elektrozawor-50l-dzielnik-6-2-12v\\\/#breadcrumb\",\"itemListElement\":[{\"@type\":\"ListItem\",\"position\":1,\"name\":\"Pagina de start\",\"item\":\"https:\\\/\\\/exparto.pl\\\/ro\\\/pagina-de-start\\\/\"},{\"@type\":\"ListItem\",\"position\":2,\"name\":\"Sklep\",\"item\":\"https:\\\/\\\/exparto.pl\\\/sklep\\\/\"},{\"@type\":\"ListItem\",\"position\":3,\"name\":\"Hidraulic\u0103\",\"item\":\"https:\\\/\\\/exparto.pl\\\/ro\\\/categoria-de-produse\\\/hidraulica\\\/\"},{\"@type\":\"ListItem\",\"position\":4,\"name\":\"Supape electromagnetice\",\"item\":\"https:\\\/\\\/exparto.pl\\\/ro\\\/categoria-de-produse\\\/hidraulica\\\/supape-electromagnetice\\\/\"},{\"@type\":\"ListItem\",\"position\":5,\"name\":\"Electrovalv\u0103 50L DANGER 6\\\/2 12V\"}]},{\"@type\":\"WebSite\",\"@id\":\"https:\\\/\\\/exparto.pl\\\/ro\\\/#website\",\"url\":\"https:\\\/\\\/exparto.pl\\\/ro\\\/\",\"name\":\"EXPARTO\",\"description\":\"More than agro parts\",\"publisher\":{\"@id\":\"https:\\\/\\\/exparto.pl\\\/ro\\\/#organization\"},\"potentialAction\":[{\"@type\":\"SearchAction\",\"target\":{\"@type\":\"EntryPoint\",\"urlTemplate\":\"https:\\\/\\\/exparto.pl\\\/ro\\\/?s={search_term_string}\"},\"query-input\":{\"@type\":\"PropertyValueSpecification\",\"valueRequired\":true,\"valueName\":\"search_term_string\"}}],\"inLanguage\":\"ro-RO\"},{\"@type\":\"Organization\",\"@id\":\"https:\\\/\\\/exparto.pl\\\/ro\\\/#organization\",\"name\":\"EXPARTO\",\"url\":\"https:\\\/\\\/exparto.pl\\\/ro\\\/\",\"logo\":{\"@type\":\"ImageObject\",\"inLanguage\":\"ro-RO\",\"@id\":\"https:\\\/\\\/exparto.pl\\\/ro\\\/#\\\/schema\\\/logo\\\/image\\\/\",\"url\":\"https:\\\/\\\/exparto.pl\\\/wp-content\\\/uploads\\\/2023\\\/02\\\/logo-wektor.png\",\"contentUrl\":\"https:\\\/\\\/exparto.pl\\\/wp-content\\\/uploads\\\/2023\\\/02\\\/logo-wektor.png\",\"width\":1338,\"height\":143,\"caption\":\"EXPARTO\"},\"image\":{\"@id\":\"https:\\\/\\\/exparto.pl\\\/ro\\\/#\\\/schema\\\/logo\\\/image\\\/\"},\"sameAs\":[\"https:\\\/\\\/www.facebook.com\\\/exparto.agro\\\/\"]}]}<\/script>\n<!-- \/ Yoast SEO plugin. -->","yoast_head_json":{"title":"Electrovalv\u0103 50L DANGER 6\/2 12V - Exparto.pl","robots":{"index":"index","follow":"follow","max-snippet":"max-snippet:-1","max-image-preview":"max-image-preview:large","max-video-preview":"max-video-preview:-1"},"canonical":"https:\/\/exparto.pl\/ro\/produkt\/elektrozawor-50l-dzielnik-6-2-12v\/","og_locale":"ro_RO","og_type":"article","og_title":"Electrovalv\u0103 50L DANGER 6\/2 12V - Exparto.pl","og_description":"Electrovalva este un divizor de control direc\u021bional electromagnetic, cu ac\u021biune glisant\u0103. Este utilizat pentru a lucra cu colectoare ca un divizor pentru a oferi o func\u021bie suplimentar\u0103 pentru ma\u0219inile de construc\u021bii.","og_url":"https:\/\/exparto.pl\/ro\/produkt\/elektrozawor-50l-dzielnik-6-2-12v\/","og_site_name":"Exparto.pl","article_publisher":"https:\/\/www.facebook.com\/exparto.agro\/","og_image":[{"width":1000,"height":1000,"url":"https:\/\/exparto.pl\/wp-content\/uploads\/2023\/03\/148bbf089c7d17538c470119aa77832a.jpg","type":"image\/jpeg"}],"twitter_card":"summary_large_image","twitter_misc":{"Timp estimat pentru citire":"2 minute"},"schema":{"@context":"https:\/\/schema.org","@graph":[{"@type":"WebPage","@id":"https:\/\/exparto.pl\/ro\/produkt\/elektrozawor-50l-dzielnik-6-2-12v\/","url":"https:\/\/exparto.pl\/ro\/produkt\/elektrozawor-50l-dzielnik-6-2-12v\/","name":"Electrovalv\u0103 50L DANGER 6\/2 12V - Exparto.pl","isPartOf":{"@id":"https:\/\/exparto.pl\/ro\/#website"},"primaryImageOfPage":{"@id":"https:\/\/exparto.pl\/ro\/produkt\/elektrozawor-50l-dzielnik-6-2-12v\/#primaryimage"},"image":{"@id":"https:\/\/exparto.pl\/ro\/produkt\/elektrozawor-50l-dzielnik-6-2-12v\/#primaryimage"},"thumbnailUrl":"https:\/\/exparto.pl\/wp-content\/uploads\/2023\/03\/148bbf089c7d17538c470119aa77832a.jpg","datePublished":"2023-03-01T18:37:41+00:00","breadcrumb":{"@id":"https:\/\/exparto.pl\/ro\/produkt\/elektrozawor-50l-dzielnik-6-2-12v\/#breadcrumb"},"inLanguage":"ro-RO","potentialAction":[{"@type":"ReadAction","target":["https:\/\/exparto.pl\/ro\/produkt\/elektrozawor-50l-dzielnik-6-2-12v\/"]}]},{"@type":"ImageObject","inLanguage":"ro-RO","@id":"https:\/\/exparto.pl\/ro\/produkt\/elektrozawor-50l-dzielnik-6-2-12v\/#primaryimage","url":"https:\/\/exparto.pl\/wp-content\/uploads\/2023\/03\/148bbf089c7d17538c470119aa77832a.jpg","contentUrl":"https:\/\/exparto.pl\/wp-content\/uploads\/2023\/03\/148bbf089c7d17538c470119aa77832a.jpg","width":1000,"height":1000},{"@type":"BreadcrumbList","@id":"https:\/\/exparto.pl\/ro\/produkt\/elektrozawor-50l-dzielnik-6-2-12v\/#breadcrumb","itemListElement":[{"@type":"ListItem","position":1,"name":"Pagina de start","item":"https:\/\/exparto.pl\/ro\/pagina-de-start\/"},{"@type":"ListItem","position":2,"name":"Sklep","item":"https:\/\/exparto.pl\/sklep\/"},{"@type":"ListItem","position":3,"name":"Hidraulic\u0103","item":"https:\/\/exparto.pl\/ro\/categoria-de-produse\/hidraulica\/"},{"@type":"ListItem","position":4,"name":"Supape electromagnetice","item":"https:\/\/exparto.pl\/ro\/categoria-de-produse\/hidraulica\/supape-electromagnetice\/"},{"@type":"ListItem","position":5,"name":"Electrovalv\u0103 50L DANGER 6\/2 12V"}]},{"@type":"WebSite","@id":"https:\/\/exparto.pl\/ro\/#website","url":"https:\/\/exparto.pl\/ro\/","name":"EXPARTO","description":"More than agro parts","publisher":{"@id":"https:\/\/exparto.pl\/ro\/#organization"},"potentialAction":[{"@type":"SearchAction","target":{"@type":"EntryPoint","urlTemplate":"https:\/\/exparto.pl\/ro\/?s={search_term_string}"},"query-input":{"@type":"PropertyValueSpecification","valueRequired":true,"valueName":"search_term_string"}}],"inLanguage":"ro-RO"},{"@type":"Organization","@id":"https:\/\/exparto.pl\/ro\/#organization","name":"EXPARTO","url":"https:\/\/exparto.pl\/ro\/","logo":{"@type":"ImageObject","inLanguage":"ro-RO","@id":"https:\/\/exparto.pl\/ro\/#\/schema\/logo\/image\/","url":"https:\/\/exparto.pl\/wp-content\/uploads\/2023\/02\/logo-wektor.png","contentUrl":"https:\/\/exparto.pl\/wp-content\/uploads\/2023\/02\/logo-wektor.png","width":1338,"height":143,"caption":"EXPARTO"},"image":{"@id":"https:\/\/exparto.pl\/ro\/#\/schema\/logo\/image\/"},"sameAs":["https:\/\/www.facebook.com\/exparto.agro\/"]}]}},"_links":{"self":[{"href":"https:\/\/exparto.pl\/ro\/wp-json\/wp\/v2\/product\/11311","targetHints":{"allow":["GET"]}}],"collection":[{"href":"https:\/\/exparto.pl\/ro\/wp-json\/wp\/v2\/product"}],"about":[{"href":"https:\/\/exparto.pl\/ro\/wp-json\/wp\/v2\/types\/product"}],"replies":[{"embeddable":true,"href":"https:\/\/exparto.pl\/ro\/wp-json\/wp\/v2\/comments?post=11311"}],"wp:featuredmedia":[{"embeddable":true,"href":"https:\/\/exparto.pl\/ro\/wp-json\/wp\/v2\/media\/4561"}],"wp:attachment":[{"href":"https:\/\/exparto.pl\/ro\/wp-json\/wp\/v2\/media?parent=11311"}],"wp:term":[{"taxonomy":"product_brand","embeddable":true,"href":"https:\/\/exparto.pl\/ro\/wp-json\/wp\/v2\/product_brand?post=11311"},{"taxonomy":"product_cat","embeddable":true,"href":"https:\/\/exparto.pl\/ro\/wp-json\/wp\/v2\/product_cat?post=11311"},{"taxonomy":"product_tag","embeddable":true,"href":"https:\/\/exparto.pl\/ro\/wp-json\/wp\/v2\/product_tag?post=11311"}],"curies":[{"name":"wp","href":"https:\/\/api.w.org\/{rel}","templated":true}]}}