{"id":11313,"date":"2023-03-01T17:01:00","date_gmt":"2023-03-01T16:01:00","guid":{"rendered":"https:\/\/exparto.pl\/produkt\/degetul-dintelui-ac-forjat-drept-pentru-incarcator-frontal-l-1100-1100-mm\/"},"modified":"2023-03-01T17:01:00","modified_gmt":"2023-03-01T16:01:00","slug":"zab-palec-prosty-igla-kuta-do-ladowacza-czolowego-l-1100-1100-mm","status":"publish","type":"product","link":"https:\/\/exparto.pl\/ro\/produkt\/zab-palec-prosty-igla-kuta-do-ladowacza-czolowego-l-1100-1100-mm\/","title":{"rendered":"Degetul dintelui ac forjat drept pentru \u00eenc\u0103rc\u0103tor frontal L-1100 \/ 1100 mm"},"content":{"rendered":"<p class=\"MsoNormal\" style=\"text-align: justify\"><span style=\"color: inherit;font-weight: 700 !important\">Din\u021bi forja\u021bi EXPARTO &#8211; alegerea perfect\u0103 pentru \u00eenc\u0103rc\u0103toare frontale \u0219i manipulatoare telescopice TUR. De ce?<\/span><\/p>\n<ul style=\"text-align: justify\">\n<li><span style=\"text-indent: -18pt\">Din\u021bii forja\u021bi Exparto sunt ob\u021binu\u021bi prin forjare \u00een matri\u021b\u0103, asem\u0103n\u0103tor pistoanelor din motoarele cu combustie intern\u0103 ale ma\u0219inilor sport de top.<\/span><\/li>\n<li>De o calitate excelent\u0103, acestea se disting prin duritatea lor \u0219i, \u00een acela\u0219i timp, prin flexibilitate, ceea ce garanteaz\u0103 mul\u021bi ani de utilizare f\u0103r\u0103 probleme. Flexibilitatea dorit\u0103 poate fi ob\u021binut\u0103 numai printr-o execu\u021bie detaliat\u0103 \u0219i prin supravegherea procesului de tratare termic\u0103. Verific\u0103m nivelul de \u00eent\u0103rire \u00een mai multe puncte de pe fiecare deget.<\/li>\n<li>\u00cen plus, m\u0103sur\u0103torile din fiecare lot ne dau \u00eencredere c\u0103 din\u021bii EXPARTO se potrivesc perfect \u00een buc\u0219ele sudate \u00een dispozitivele de fixare a \u00eenc\u0103rc\u0103torului. Filetele sunt autoblocante, ceea ce \u00eenseamn\u0103 c\u0103 nu se de\u0219urubeaz\u0103 din piuli\u021b\u0103, deci nu exist\u0103 joc distructiv.<span style=\"font-size: 7pt;line-height: normal\"> <\/span><\/li>\n<li><span style=\"text-indent: -18pt\">Exparto este unul dintre pu\u021binii furnizori care efectueaz\u0103 o inspec\u021bie metalografic\u0103 dup\u0103 procesul de tratare termic\u0103 a din\u021bilor. Este vorba de a demonstra c\u0103 a fost aplicat\u0103 temperatura optim\u0103 de stingere. Dac\u0103 temperatura este prea ridicat\u0103, de\u0219i duritatea va fi cea necesar\u0103, structura grosier\u0103 va cauza fisurarea \u0219i uzura prematur\u0103 a dintelui.<\/span><\/li>\n<li>Control\u0103m compozi\u021bia chimic\u0103 \u00eenc\u0103 de la \u00eenceputul procesului de produc\u021bie, deoarece chiar \u0219i cel mai performant proces nu va asigura o calitate de 100% dac\u0103 calitatea materialului de intrare este slab\u0103.<\/li>\n<li>Precizia finisajului cu vopsea de protec\u021bie p\u0103streaz\u0103 aspectul estetic al din\u021bilor \u00eenc\u0103rc\u0103torului timp de mul\u021bi ani.<\/li>\n<\/ul>\n<p class=\"MsoNormal\" style=\"text-align: justify\"><span style=\"color: inherit;font-weight: 700 !important\">Din\u021bii forja\u021bi Exparto sunt folosi\u021bi cu succes la<\/span> cupa de prindere, grapa de \u00eensilozare, furca pentru pale\u021bi glisant\u0103 cu \u0219tifturi, furca pentru gunoi de grajd \u0219i paie Model Q, furca pentru balo\u021bi, t\u0103ietorul de \u00eensilozare.<\/p>\n<p class=\"MsoNormal\" style=\"text-align: justify\"><span style=\"color: inherit;font-weight: 700 !important\">Din\u021bii forja\u021bi Exparto sunt compatibili cu \u00eenc\u0103rc\u0103toarele frontale \u0219i cu dispozitivele de manipulare telescopic\u0103 fabricate de: <\/span>Agromasz, Hydramet, Inter Tech, Metal-Fach, Metaltechnik, MX, New Holland, Quick, Stoll, Volant, Zetor.<\/p>\n","protected":false},"excerpt":{"rendered":"<p style=\"text-align: justify\">Din\u021bi forja\u021bi EXPARTO &#8211; alegerea perfect\u0103 pentru \u00eenc\u0103rc\u0103toare frontale \u0219i manipulatoare telescopice TUR.<\/p>\n","protected":false},"featured_media":4553,"comment_status":"open","ping_status":"closed","template":"","meta":{"_acf_changed":false,"inline_featured_image":false},"product_brand":[],"product_cat":[437,436],"product_tag":[],"class_list":{"0":"post-11313","1":"product","2":"type-product","3":"status-publish","4":"has-post-thumbnail","6":"product_cat-degetele-de-primavara","7":"product_cat-piese-pentru-incarcatoare-frontale","9":"first","10":"instock","11":"taxable","12":"shipping-taxable","13":"purchasable","14":"product-type-simple"},"acf":[],"yoast_head":"<!-- This site is optimized with the Yoast SEO plugin v27.3 - https:\/\/yoast.com\/product\/yoast-seo-wordpress\/ -->\n<title>Degetul dintelui ac forjat drept pentru \u00eenc\u0103rc\u0103tor frontal L-1100 \/ 1100 mm - Exparto.pl<\/title>\n<meta name=\"robots\" content=\"index, follow, max-snippet:-1, max-image-preview:large, max-video-preview:-1\" \/>\n<link rel=\"canonical\" href=\"https:\/\/exparto.pl\/ro\/produkt\/zab-palec-prosty-igla-kuta-do-ladowacza-czolowego-l-1100-1100-mm\/\" \/>\n<meta property=\"og:locale\" content=\"ro_RO\" \/>\n<meta property=\"og:type\" content=\"article\" \/>\n<meta property=\"og:title\" content=\"Degetul dintelui ac forjat drept pentru \u00eenc\u0103rc\u0103tor frontal L-1100 \/ 1100 mm - Exparto.pl\" \/>\n<meta property=\"og:description\" content=\"Din\u021bi forja\u021bi EXPARTO - alegerea perfect\u0103 pentru \u00eenc\u0103rc\u0103toare frontale \u0219i manipulatoare telescopice TUR.\" \/>\n<meta property=\"og:url\" content=\"https:\/\/exparto.pl\/ro\/produkt\/zab-palec-prosty-igla-kuta-do-ladowacza-czolowego-l-1100-1100-mm\/\" \/>\n<meta property=\"og:site_name\" content=\"Exparto.pl\" \/>\n<meta property=\"article:publisher\" content=\"https:\/\/www.facebook.com\/exparto.agro\/\" \/>\n<meta property=\"og:image\" content=\"https:\/\/exparto.pl\/wp-content\/uploads\/2023\/03\/d4c179b072bc7d86913d73a70840dd28.jpg\" \/>\n\t<meta property=\"og:image:width\" content=\"1000\" \/>\n\t<meta property=\"og:image:height\" content=\"1000\" \/>\n\t<meta property=\"og:image:type\" content=\"image\/jpeg\" \/>\n<meta name=\"twitter:card\" content=\"summary_large_image\" \/>\n<meta name=\"twitter:label1\" content=\"Timp estimat pentru citire\" \/>\n\t<meta name=\"twitter:data1\" content=\"2 minute\" \/>\n<script type=\"application\/ld+json\" class=\"yoast-schema-graph\">{\"@context\":\"https:\\\/\\\/schema.org\",\"@graph\":[{\"@type\":\"WebPage\",\"@id\":\"https:\\\/\\\/exparto.pl\\\/ro\\\/produkt\\\/zab-palec-prosty-igla-kuta-do-ladowacza-czolowego-l-1100-1100-mm\\\/\",\"url\":\"https:\\\/\\\/exparto.pl\\\/ro\\\/produkt\\\/zab-palec-prosty-igla-kuta-do-ladowacza-czolowego-l-1100-1100-mm\\\/\",\"name\":\"Degetul dintelui ac forjat drept pentru \u00eenc\u0103rc\u0103tor frontal L-1100 \\\/ 1100 mm - Exparto.pl\",\"isPartOf\":{\"@id\":\"https:\\\/\\\/exparto.pl\\\/ro\\\/#website\"},\"primaryImageOfPage\":{\"@id\":\"https:\\\/\\\/exparto.pl\\\/ro\\\/produkt\\\/zab-palec-prosty-igla-kuta-do-ladowacza-czolowego-l-1100-1100-mm\\\/#primaryimage\"},\"image\":{\"@id\":\"https:\\\/\\\/exparto.pl\\\/ro\\\/produkt\\\/zab-palec-prosty-igla-kuta-do-ladowacza-czolowego-l-1100-1100-mm\\\/#primaryimage\"},\"thumbnailUrl\":\"https:\\\/\\\/exparto.pl\\\/wp-content\\\/uploads\\\/2023\\\/03\\\/d4c179b072bc7d86913d73a70840dd28.jpg\",\"datePublished\":\"2023-03-01T16:01:00+00:00\",\"breadcrumb\":{\"@id\":\"https:\\\/\\\/exparto.pl\\\/ro\\\/produkt\\\/zab-palec-prosty-igla-kuta-do-ladowacza-czolowego-l-1100-1100-mm\\\/#breadcrumb\"},\"inLanguage\":\"ro-RO\",\"potentialAction\":[{\"@type\":\"ReadAction\",\"target\":[\"https:\\\/\\\/exparto.pl\\\/ro\\\/produkt\\\/zab-palec-prosty-igla-kuta-do-ladowacza-czolowego-l-1100-1100-mm\\\/\"]}]},{\"@type\":\"ImageObject\",\"inLanguage\":\"ro-RO\",\"@id\":\"https:\\\/\\\/exparto.pl\\\/ro\\\/produkt\\\/zab-palec-prosty-igla-kuta-do-ladowacza-czolowego-l-1100-1100-mm\\\/#primaryimage\",\"url\":\"https:\\\/\\\/exparto.pl\\\/wp-content\\\/uploads\\\/2023\\\/03\\\/d4c179b072bc7d86913d73a70840dd28.jpg\",\"contentUrl\":\"https:\\\/\\\/exparto.pl\\\/wp-content\\\/uploads\\\/2023\\\/03\\\/d4c179b072bc7d86913d73a70840dd28.jpg\",\"width\":1000,\"height\":1000},{\"@type\":\"BreadcrumbList\",\"@id\":\"https:\\\/\\\/exparto.pl\\\/ro\\\/produkt\\\/zab-palec-prosty-igla-kuta-do-ladowacza-czolowego-l-1100-1100-mm\\\/#breadcrumb\",\"itemListElement\":[{\"@type\":\"ListItem\",\"position\":1,\"name\":\"Pagina de start\",\"item\":\"https:\\\/\\\/exparto.pl\\\/ro\\\/pagina-de-start\\\/\"},{\"@type\":\"ListItem\",\"position\":2,\"name\":\"Sklep\",\"item\":\"https:\\\/\\\/exparto.pl\\\/sklep\\\/\"},{\"@type\":\"ListItem\",\"position\":3,\"name\":\"Piese pentru \u00eenc\u0103rc\u0103toare frontale\",\"item\":\"https:\\\/\\\/exparto.pl\\\/ro\\\/categoria-de-produse\\\/piese-pentru-incarcatoare-frontale\\\/\"},{\"@type\":\"ListItem\",\"position\":4,\"name\":\"Degetele de prim\u0103var\u0103\",\"item\":\"https:\\\/\\\/exparto.pl\\\/ro\\\/categoria-de-produse\\\/piese-pentru-incarcatoare-frontale\\\/degetele-de-primavara\\\/\"},{\"@type\":\"ListItem\",\"position\":5,\"name\":\"Degetul dintelui ac forjat drept pentru \u00eenc\u0103rc\u0103tor frontal L-1100 \\\/ 1100 mm\"}]},{\"@type\":\"WebSite\",\"@id\":\"https:\\\/\\\/exparto.pl\\\/ro\\\/#website\",\"url\":\"https:\\\/\\\/exparto.pl\\\/ro\\\/\",\"name\":\"EXPARTO\",\"description\":\"More than agro parts\",\"publisher\":{\"@id\":\"https:\\\/\\\/exparto.pl\\\/ro\\\/#organization\"},\"potentialAction\":[{\"@type\":\"SearchAction\",\"target\":{\"@type\":\"EntryPoint\",\"urlTemplate\":\"https:\\\/\\\/exparto.pl\\\/ro\\\/?s={search_term_string}\"},\"query-input\":{\"@type\":\"PropertyValueSpecification\",\"valueRequired\":true,\"valueName\":\"search_term_string\"}}],\"inLanguage\":\"ro-RO\"},{\"@type\":\"Organization\",\"@id\":\"https:\\\/\\\/exparto.pl\\\/ro\\\/#organization\",\"name\":\"EXPARTO\",\"url\":\"https:\\\/\\\/exparto.pl\\\/ro\\\/\",\"logo\":{\"@type\":\"ImageObject\",\"inLanguage\":\"ro-RO\",\"@id\":\"https:\\\/\\\/exparto.pl\\\/ro\\\/#\\\/schema\\\/logo\\\/image\\\/\",\"url\":\"https:\\\/\\\/exparto.pl\\\/wp-content\\\/uploads\\\/2023\\\/02\\\/logo-wektor.png\",\"contentUrl\":\"https:\\\/\\\/exparto.pl\\\/wp-content\\\/uploads\\\/2023\\\/02\\\/logo-wektor.png\",\"width\":1338,\"height\":143,\"caption\":\"EXPARTO\"},\"image\":{\"@id\":\"https:\\\/\\\/exparto.pl\\\/ro\\\/#\\\/schema\\\/logo\\\/image\\\/\"},\"sameAs\":[\"https:\\\/\\\/www.facebook.com\\\/exparto.agro\\\/\"]}]}<\/script>\n<!-- \/ Yoast SEO plugin. -->","yoast_head_json":{"title":"Degetul dintelui ac forjat drept pentru \u00eenc\u0103rc\u0103tor frontal L-1100 \/ 1100 mm - Exparto.pl","robots":{"index":"index","follow":"follow","max-snippet":"max-snippet:-1","max-image-preview":"max-image-preview:large","max-video-preview":"max-video-preview:-1"},"canonical":"https:\/\/exparto.pl\/ro\/produkt\/zab-palec-prosty-igla-kuta-do-ladowacza-czolowego-l-1100-1100-mm\/","og_locale":"ro_RO","og_type":"article","og_title":"Degetul dintelui ac forjat drept pentru \u00eenc\u0103rc\u0103tor frontal L-1100 \/ 1100 mm - Exparto.pl","og_description":"Din\u021bi forja\u021bi EXPARTO - alegerea perfect\u0103 pentru \u00eenc\u0103rc\u0103toare frontale \u0219i manipulatoare telescopice TUR.","og_url":"https:\/\/exparto.pl\/ro\/produkt\/zab-palec-prosty-igla-kuta-do-ladowacza-czolowego-l-1100-1100-mm\/","og_site_name":"Exparto.pl","article_publisher":"https:\/\/www.facebook.com\/exparto.agro\/","og_image":[{"width":1000,"height":1000,"url":"https:\/\/exparto.pl\/wp-content\/uploads\/2023\/03\/d4c179b072bc7d86913d73a70840dd28.jpg","type":"image\/jpeg"}],"twitter_card":"summary_large_image","twitter_misc":{"Timp estimat pentru citire":"2 minute"},"schema":{"@context":"https:\/\/schema.org","@graph":[{"@type":"WebPage","@id":"https:\/\/exparto.pl\/ro\/produkt\/zab-palec-prosty-igla-kuta-do-ladowacza-czolowego-l-1100-1100-mm\/","url":"https:\/\/exparto.pl\/ro\/produkt\/zab-palec-prosty-igla-kuta-do-ladowacza-czolowego-l-1100-1100-mm\/","name":"Degetul dintelui ac forjat drept pentru \u00eenc\u0103rc\u0103tor frontal L-1100 \/ 1100 mm - Exparto.pl","isPartOf":{"@id":"https:\/\/exparto.pl\/ro\/#website"},"primaryImageOfPage":{"@id":"https:\/\/exparto.pl\/ro\/produkt\/zab-palec-prosty-igla-kuta-do-ladowacza-czolowego-l-1100-1100-mm\/#primaryimage"},"image":{"@id":"https:\/\/exparto.pl\/ro\/produkt\/zab-palec-prosty-igla-kuta-do-ladowacza-czolowego-l-1100-1100-mm\/#primaryimage"},"thumbnailUrl":"https:\/\/exparto.pl\/wp-content\/uploads\/2023\/03\/d4c179b072bc7d86913d73a70840dd28.jpg","datePublished":"2023-03-01T16:01:00+00:00","breadcrumb":{"@id":"https:\/\/exparto.pl\/ro\/produkt\/zab-palec-prosty-igla-kuta-do-ladowacza-czolowego-l-1100-1100-mm\/#breadcrumb"},"inLanguage":"ro-RO","potentialAction":[{"@type":"ReadAction","target":["https:\/\/exparto.pl\/ro\/produkt\/zab-palec-prosty-igla-kuta-do-ladowacza-czolowego-l-1100-1100-mm\/"]}]},{"@type":"ImageObject","inLanguage":"ro-RO","@id":"https:\/\/exparto.pl\/ro\/produkt\/zab-palec-prosty-igla-kuta-do-ladowacza-czolowego-l-1100-1100-mm\/#primaryimage","url":"https:\/\/exparto.pl\/wp-content\/uploads\/2023\/03\/d4c179b072bc7d86913d73a70840dd28.jpg","contentUrl":"https:\/\/exparto.pl\/wp-content\/uploads\/2023\/03\/d4c179b072bc7d86913d73a70840dd28.jpg","width":1000,"height":1000},{"@type":"BreadcrumbList","@id":"https:\/\/exparto.pl\/ro\/produkt\/zab-palec-prosty-igla-kuta-do-ladowacza-czolowego-l-1100-1100-mm\/#breadcrumb","itemListElement":[{"@type":"ListItem","position":1,"name":"Pagina de start","item":"https:\/\/exparto.pl\/ro\/pagina-de-start\/"},{"@type":"ListItem","position":2,"name":"Sklep","item":"https:\/\/exparto.pl\/sklep\/"},{"@type":"ListItem","position":3,"name":"Piese pentru \u00eenc\u0103rc\u0103toare frontale","item":"https:\/\/exparto.pl\/ro\/categoria-de-produse\/piese-pentru-incarcatoare-frontale\/"},{"@type":"ListItem","position":4,"name":"Degetele de prim\u0103var\u0103","item":"https:\/\/exparto.pl\/ro\/categoria-de-produse\/piese-pentru-incarcatoare-frontale\/degetele-de-primavara\/"},{"@type":"ListItem","position":5,"name":"Degetul dintelui ac forjat drept pentru \u00eenc\u0103rc\u0103tor frontal L-1100 \/ 1100 mm"}]},{"@type":"WebSite","@id":"https:\/\/exparto.pl\/ro\/#website","url":"https:\/\/exparto.pl\/ro\/","name":"EXPARTO","description":"More than agro parts","publisher":{"@id":"https:\/\/exparto.pl\/ro\/#organization"},"potentialAction":[{"@type":"SearchAction","target":{"@type":"EntryPoint","urlTemplate":"https:\/\/exparto.pl\/ro\/?s={search_term_string}"},"query-input":{"@type":"PropertyValueSpecification","valueRequired":true,"valueName":"search_term_string"}}],"inLanguage":"ro-RO"},{"@type":"Organization","@id":"https:\/\/exparto.pl\/ro\/#organization","name":"EXPARTO","url":"https:\/\/exparto.pl\/ro\/","logo":{"@type":"ImageObject","inLanguage":"ro-RO","@id":"https:\/\/exparto.pl\/ro\/#\/schema\/logo\/image\/","url":"https:\/\/exparto.pl\/wp-content\/uploads\/2023\/02\/logo-wektor.png","contentUrl":"https:\/\/exparto.pl\/wp-content\/uploads\/2023\/02\/logo-wektor.png","width":1338,"height":143,"caption":"EXPARTO"},"image":{"@id":"https:\/\/exparto.pl\/ro\/#\/schema\/logo\/image\/"},"sameAs":["https:\/\/www.facebook.com\/exparto.agro\/"]}]}},"_links":{"self":[{"href":"https:\/\/exparto.pl\/ro\/wp-json\/wp\/v2\/product\/11313","targetHints":{"allow":["GET"]}}],"collection":[{"href":"https:\/\/exparto.pl\/ro\/wp-json\/wp\/v2\/product"}],"about":[{"href":"https:\/\/exparto.pl\/ro\/wp-json\/wp\/v2\/types\/product"}],"replies":[{"embeddable":true,"href":"https:\/\/exparto.pl\/ro\/wp-json\/wp\/v2\/comments?post=11313"}],"wp:featuredmedia":[{"embeddable":true,"href":"https:\/\/exparto.pl\/ro\/wp-json\/wp\/v2\/media\/4553"}],"wp:attachment":[{"href":"https:\/\/exparto.pl\/ro\/wp-json\/wp\/v2\/media?parent=11313"}],"wp:term":[{"taxonomy":"product_brand","embeddable":true,"href":"https:\/\/exparto.pl\/ro\/wp-json\/wp\/v2\/product_brand?post=11313"},{"taxonomy":"product_cat","embeddable":true,"href":"https:\/\/exparto.pl\/ro\/wp-json\/wp\/v2\/product_cat?post=11313"},{"taxonomy":"product_tag","embeddable":true,"href":"https:\/\/exparto.pl\/ro\/wp-json\/wp\/v2\/product_tag?post=11313"}],"curies":[{"name":"wp","href":"https:\/\/api.w.org\/{rel}","templated":true}]}}