{"id":11314,"date":"2023-02-28T12:16:06","date_gmt":"2023-02-28T11:16:06","guid":{"rendered":"https:\/\/exparto.pl\/produkt\/arbore-cardan-pto-80cm-500nm-tub-triunghiular-tub-transversal-27x745-6-6-cuplaj-cu-stifturi\/"},"modified":"2023-02-28T11:16:06","modified_gmt":"2023-02-28T10:16:06","slug":"wal-przegubowy-wom-80cm-500nm-rura-krzyzak-27x745-6-6-sprzeglo-z-kolkiem","status":"publish","type":"product","link":"https:\/\/exparto.pl\/ro\/produkt\/wal-przegubowy-wom-80cm-500nm-rura-krzyzak-27x745-6-6-sprzeglo-z-kolkiem\/","title":{"rendered":"Arbore cardan PTO, 80cm, 500Nm, tub triunghiular, tub transversal 27&#215;74,5 6\/6 + cuplaj cu \u0219tifturi"},"content":{"rendered":"<section class=\"section\">\n<div class=\"item item-12\">\n<section class=\"text-item\">Arborele de transmisie este utilizat pentru a <b>transfera cuplul<\/b> de la priza de putere (PTO) a tractorului la priza de putere (PTO) a ma\u0219inii care este ata\u0219at\u0103 la tractorul respectiv. Arborii sunt o component\u0103 esen\u021bial\u0103 a <b>remorcilor<\/b> \u0219i a <b>vehiculelor agricole<\/b>. \u00cen acela\u0219i timp, acestea reprezint\u0103 <b>o garan\u021bie a fiabilit\u0103\u021bii<\/b> \u0219i a func\u021bion\u0103rii \u00een siguran\u021b\u0103. De asemenea, acestea protejeaz\u0103 componentele de ac\u021bionare ale ma\u0219inii atunci c\u00e2nd aceasta este \u00een func\u021biune.<\/section>\n<section><\/section>\n<section class=\"text-item\">Divizia de baz\u0103 include:<\/p>\n<ul style=\"text-align: justify\">\n<li>Arborele de <b>baz\u0103<\/b> al prizei de for\u021b\u0103 \u0219i al arborelui de for\u021b\u0103 &#8211; acestea se utilizeaz\u0103 atunci c\u00e2nd pozi\u021bionarea reciproc\u0103 a arborelui de for\u021b\u0103 \u0219i a arborelui de for\u021b\u0103 \u00een raport unul cu cel\u0103lalt nu dep\u0103\u0219e\u0219te un unghi de articulare de 25\u00b0 \u00een timpul func\u021bion\u0103rii continue.<\/li>\n<li>Arbori de priz\u0103 de for\u021b\u0103 cu unghi <b>larg<\/b> &#8211; acestea sunt utilizate atunci c\u00e2nd pozi\u021bionarea reciproc\u0103 a arborilor de priz\u0103 de for\u021b\u0103 \u0219i de priz\u0103 de for\u021b\u0103 poate duce la ruperea articula\u021biei p\u00e2n\u0103 la un unghi de rupere a articula\u021biei de 50\u00b0 \u00een timpul func\u021bion\u0103rii continue \u0219i de 50\u00b0 \u00een timpul func\u021bion\u0103rii momentane.<\/li>\n<\/ul>\n<p style=\"text-align: justify\">De asemenea, se poate face o distinc\u021bie \u00eentre arbori <b>freza\u021bi, arbori tubulari<\/b> \u0219i arbori <b>tubulari-triunghiulari<\/b> &#8211; ace\u0219tia difer\u0103 prin profilurile tuburilor. Arborii individuali pot avea, de asemenea, valori de cuplu diferite \u0219i un num\u0103r diferit de articula\u021bii cu unghi larg.<\/p>\n<p style=\"text-align: justify\">La Exparto, oferim <b>arbori comple\u021bi<\/b>, precum \u0219i <b>piese \u0219i accesorii<\/b> pentru ace\u0219tia: piese transversale, articula\u021bii, cuplaje. Componentele individuale sunt realizate din materiale de \u00eenalt\u0103 calitate (de ex. din <b>o\u021bel cu con\u021binut ridicat de carbon<\/b>), iar <b>capacele arborilor<\/b> nu sunt sensibile la <b>deterior\u0103ri mecanice<\/b>, la temperaturi sc\u0103zute sau la radia\u021bii UV. Mai mult, unele componente sunt echipate cu rulmen\u021bi speciali pentru sarcini grele.<\/p>\n<\/section>\n<\/div>\n<\/section>\n","protected":false},"excerpt":{"rendered":"<p style=\"text-align: justify\">Arborele de transmisie este utilizat pentru a transfera cuplul de la priza de putere (PTO) a tractorului la priza de putere (PTO) a ma\u0219inii care este ata\u0219at\u0103 la tractorul respectiv.<\/p>\n","protected":false},"featured_media":60947,"comment_status":"open","ping_status":"closed","template":"","meta":{"_acf_changed":false,"inline_featured_image":false},"product_brand":[],"product_cat":[363],"product_tag":[],"class_list":{"0":"post-11314","1":"product","2":"type-product","3":"status-publish","4":"has-post-thumbnail","6":"product_cat-arbori-pto-telescopici","8":"first","9":"instock","10":"taxable","11":"shipping-taxable","12":"purchasable","13":"product-type-simple"},"acf":[],"yoast_head":"<!-- This site is optimized with the Yoast SEO plugin v27.2 - https:\/\/yoast.com\/product\/yoast-seo-wordpress\/ -->\n<title>Arbore cardan PTO, 80cm, 500Nm, tub triunghiular, tub transversal 27x74,5 6\/6 + cuplaj cu \u0219tifturi - Exparto.pl<\/title>\n<meta name=\"robots\" content=\"index, follow, max-snippet:-1, max-image-preview:large, max-video-preview:-1\" \/>\n<link rel=\"canonical\" href=\"https:\/\/exparto.pl\/ro\/produkt\/wal-przegubowy-wom-80cm-500nm-rura-krzyzak-27x745-6-6-sprzeglo-z-kolkiem\/\" \/>\n<meta property=\"og:locale\" content=\"ro_RO\" \/>\n<meta property=\"og:type\" content=\"article\" \/>\n<meta property=\"og:title\" content=\"Arbore cardan PTO, 80cm, 500Nm, tub triunghiular, tub transversal 27x74,5 6\/6 + cuplaj cu \u0219tifturi - Exparto.pl\" \/>\n<meta property=\"og:description\" content=\"Arborele de transmisie este utilizat pentru a transfera cuplul de la priza de putere (PTO) a tractorului la priza de putere (PTO) a ma\u0219inii care este ata\u0219at\u0103 la tractorul respectiv.\" \/>\n<meta property=\"og:url\" content=\"https:\/\/exparto.pl\/ro\/produkt\/wal-przegubowy-wom-80cm-500nm-rura-krzyzak-27x745-6-6-sprzeglo-z-kolkiem\/\" \/>\n<meta property=\"og:site_name\" content=\"Exparto.pl\" \/>\n<meta property=\"article:publisher\" content=\"https:\/\/www.facebook.com\/exparto.agro\/\" \/>\n<meta property=\"og:image\" content=\"https:\/\/exparto.pl\/wp-content\/uploads\/2025\/12\/b583fb6fdcab4086b3968a67e1e89ae5-1.jpg\" \/>\n\t<meta property=\"og:image:width\" content=\"1000\" \/>\n\t<meta property=\"og:image:height\" content=\"1000\" \/>\n\t<meta property=\"og:image:type\" content=\"image\/jpeg\" \/>\n<meta name=\"twitter:card\" content=\"summary_large_image\" \/>\n<meta name=\"twitter:label1\" content=\"Timp estimat pentru citire\" \/>\n\t<meta name=\"twitter:data1\" content=\"2 minute\" \/>\n<script type=\"application\/ld+json\" class=\"yoast-schema-graph\">{\"@context\":\"https:\/\/schema.org\",\"@graph\":[{\"@type\":\"WebPage\",\"@id\":\"https:\/\/exparto.pl\/ro\/produkt\/wal-przegubowy-wom-80cm-500nm-rura-krzyzak-27x745-6-6-sprzeglo-z-kolkiem\/\",\"url\":\"https:\/\/exparto.pl\/ro\/produkt\/wal-przegubowy-wom-80cm-500nm-rura-krzyzak-27x745-6-6-sprzeglo-z-kolkiem\/\",\"name\":\"Arbore cardan PTO, 80cm, 500Nm, tub triunghiular, tub transversal 27x74,5 6\/6 + cuplaj cu \u0219tifturi - Exparto.pl\",\"isPartOf\":{\"@id\":\"https:\/\/exparto.pl\/ro\/#website\"},\"primaryImageOfPage\":{\"@id\":\"https:\/\/exparto.pl\/ro\/produkt\/wal-przegubowy-wom-80cm-500nm-rura-krzyzak-27x745-6-6-sprzeglo-z-kolkiem\/#primaryimage\"},\"image\":{\"@id\":\"https:\/\/exparto.pl\/ro\/produkt\/wal-przegubowy-wom-80cm-500nm-rura-krzyzak-27x745-6-6-sprzeglo-z-kolkiem\/#primaryimage\"},\"thumbnailUrl\":\"https:\/\/exparto.pl\/wp-content\/uploads\/2025\/12\/b583fb6fdcab4086b3968a67e1e89ae5-1.jpg\",\"datePublished\":\"2023-02-28T11:16:06+00:00\",\"breadcrumb\":{\"@id\":\"https:\/\/exparto.pl\/ro\/produkt\/wal-przegubowy-wom-80cm-500nm-rura-krzyzak-27x745-6-6-sprzeglo-z-kolkiem\/#breadcrumb\"},\"inLanguage\":\"ro-RO\",\"potentialAction\":[{\"@type\":\"ReadAction\",\"target\":[\"https:\/\/exparto.pl\/ro\/produkt\/wal-przegubowy-wom-80cm-500nm-rura-krzyzak-27x745-6-6-sprzeglo-z-kolkiem\/\"]}]},{\"@type\":\"ImageObject\",\"inLanguage\":\"ro-RO\",\"@id\":\"https:\/\/exparto.pl\/ro\/produkt\/wal-przegubowy-wom-80cm-500nm-rura-krzyzak-27x745-6-6-sprzeglo-z-kolkiem\/#primaryimage\",\"url\":\"https:\/\/exparto.pl\/wp-content\/uploads\/2025\/12\/b583fb6fdcab4086b3968a67e1e89ae5-1.jpg\",\"contentUrl\":\"https:\/\/exparto.pl\/wp-content\/uploads\/2025\/12\/b583fb6fdcab4086b3968a67e1e89ae5-1.jpg\",\"width\":1000,\"height\":1000},{\"@type\":\"BreadcrumbList\",\"@id\":\"https:\/\/exparto.pl\/ro\/produkt\/wal-przegubowy-wom-80cm-500nm-rura-krzyzak-27x745-6-6-sprzeglo-z-kolkiem\/#breadcrumb\",\"itemListElement\":[{\"@type\":\"ListItem\",\"position\":1,\"name\":\"Pagina de start\",\"item\":\"https:\/\/exparto.pl\/ro\/pagina-de-start\/\"},{\"@type\":\"ListItem\",\"position\":2,\"name\":\"Sklep\",\"item\":\"https:\/\/exparto.pl\/sklep\/\"},{\"@type\":\"ListItem\",\"position\":3,\"name\":\"Arbori PTO telescopici\",\"item\":\"https:\/\/exparto.pl\/ro\/categoria-de-produse\/arbori-pto-telescopici\/\"},{\"@type\":\"ListItem\",\"position\":4,\"name\":\"Wa\u0142ki WOM ze sprz\u0119g\u0142em\",\"item\":\"https:\/\/exparto.pl\/kategoria-produktu\/waly-przegubowo-teleskopowe\/walki-wom-ze-sprzeglem\/\"},{\"@type\":\"ListItem\",\"position\":5,\"name\":\"Wa\u0142ki WOM ze sprz\u0119g\u0142em na \u015brub\u0119\",\"item\":\"https:\/\/exparto.pl\/kategoria-produktu\/waly-przegubowo-teleskopowe\/walki-wom-ze-sprzeglem\/walki-wom-ze-sprzeglem-na-srube\/\"},{\"@type\":\"ListItem\",\"position\":6,\"name\":\"Arbore cardan PTO, 80cm, 500Nm, tub triunghiular, tub transversal 27&#215;74,5 6\/6 + cuplaj cu \u0219tifturi\"}]},{\"@type\":\"WebSite\",\"@id\":\"https:\/\/exparto.pl\/ro\/#website\",\"url\":\"https:\/\/exparto.pl\/ro\/\",\"name\":\"EXPARTO\",\"description\":\"More than agro parts\",\"publisher\":{\"@id\":\"https:\/\/exparto.pl\/ro\/#organization\"},\"potentialAction\":[{\"@type\":\"SearchAction\",\"target\":{\"@type\":\"EntryPoint\",\"urlTemplate\":\"https:\/\/exparto.pl\/ro\/?s={search_term_string}\"},\"query-input\":{\"@type\":\"PropertyValueSpecification\",\"valueRequired\":true,\"valueName\":\"search_term_string\"}}],\"inLanguage\":\"ro-RO\"},{\"@type\":\"Organization\",\"@id\":\"https:\/\/exparto.pl\/ro\/#organization\",\"name\":\"EXPARTO\",\"url\":\"https:\/\/exparto.pl\/ro\/\",\"logo\":{\"@type\":\"ImageObject\",\"inLanguage\":\"ro-RO\",\"@id\":\"https:\/\/exparto.pl\/ro\/#\/schema\/logo\/image\/\",\"url\":\"https:\/\/exparto.pl\/wp-content\/uploads\/2023\/02\/logo-wektor.png\",\"contentUrl\":\"https:\/\/exparto.pl\/wp-content\/uploads\/2023\/02\/logo-wektor.png\",\"width\":1338,\"height\":143,\"caption\":\"EXPARTO\"},\"image\":{\"@id\":\"https:\/\/exparto.pl\/ro\/#\/schema\/logo\/image\/\"},\"sameAs\":[\"https:\/\/www.facebook.com\/exparto.agro\/\"]}]}<\/script>\n<!-- \/ Yoast SEO plugin. -->","yoast_head_json":{"title":"Arbore cardan PTO, 80cm, 500Nm, tub triunghiular, tub transversal 27x74,5 6\/6 + cuplaj cu \u0219tifturi - Exparto.pl","robots":{"index":"index","follow":"follow","max-snippet":"max-snippet:-1","max-image-preview":"max-image-preview:large","max-video-preview":"max-video-preview:-1"},"canonical":"https:\/\/exparto.pl\/ro\/produkt\/wal-przegubowy-wom-80cm-500nm-rura-krzyzak-27x745-6-6-sprzeglo-z-kolkiem\/","og_locale":"ro_RO","og_type":"article","og_title":"Arbore cardan PTO, 80cm, 500Nm, tub triunghiular, tub transversal 27x74,5 6\/6 + cuplaj cu \u0219tifturi - Exparto.pl","og_description":"Arborele de transmisie este utilizat pentru a transfera cuplul de la priza de putere (PTO) a tractorului la priza de putere (PTO) a ma\u0219inii care este ata\u0219at\u0103 la tractorul respectiv.","og_url":"https:\/\/exparto.pl\/ro\/produkt\/wal-przegubowy-wom-80cm-500nm-rura-krzyzak-27x745-6-6-sprzeglo-z-kolkiem\/","og_site_name":"Exparto.pl","article_publisher":"https:\/\/www.facebook.com\/exparto.agro\/","og_image":[{"width":1000,"height":1000,"url":"https:\/\/exparto.pl\/wp-content\/uploads\/2025\/12\/b583fb6fdcab4086b3968a67e1e89ae5-1.jpg","type":"image\/jpeg"}],"twitter_card":"summary_large_image","twitter_misc":{"Timp estimat pentru citire":"2 minute"},"schema":{"@context":"https:\/\/schema.org","@graph":[{"@type":"WebPage","@id":"https:\/\/exparto.pl\/ro\/produkt\/wal-przegubowy-wom-80cm-500nm-rura-krzyzak-27x745-6-6-sprzeglo-z-kolkiem\/","url":"https:\/\/exparto.pl\/ro\/produkt\/wal-przegubowy-wom-80cm-500nm-rura-krzyzak-27x745-6-6-sprzeglo-z-kolkiem\/","name":"Arbore cardan PTO, 80cm, 500Nm, tub triunghiular, tub transversal 27x74,5 6\/6 + cuplaj cu \u0219tifturi - Exparto.pl","isPartOf":{"@id":"https:\/\/exparto.pl\/ro\/#website"},"primaryImageOfPage":{"@id":"https:\/\/exparto.pl\/ro\/produkt\/wal-przegubowy-wom-80cm-500nm-rura-krzyzak-27x745-6-6-sprzeglo-z-kolkiem\/#primaryimage"},"image":{"@id":"https:\/\/exparto.pl\/ro\/produkt\/wal-przegubowy-wom-80cm-500nm-rura-krzyzak-27x745-6-6-sprzeglo-z-kolkiem\/#primaryimage"},"thumbnailUrl":"https:\/\/exparto.pl\/wp-content\/uploads\/2025\/12\/b583fb6fdcab4086b3968a67e1e89ae5-1.jpg","datePublished":"2023-02-28T11:16:06+00:00","breadcrumb":{"@id":"https:\/\/exparto.pl\/ro\/produkt\/wal-przegubowy-wom-80cm-500nm-rura-krzyzak-27x745-6-6-sprzeglo-z-kolkiem\/#breadcrumb"},"inLanguage":"ro-RO","potentialAction":[{"@type":"ReadAction","target":["https:\/\/exparto.pl\/ro\/produkt\/wal-przegubowy-wom-80cm-500nm-rura-krzyzak-27x745-6-6-sprzeglo-z-kolkiem\/"]}]},{"@type":"ImageObject","inLanguage":"ro-RO","@id":"https:\/\/exparto.pl\/ro\/produkt\/wal-przegubowy-wom-80cm-500nm-rura-krzyzak-27x745-6-6-sprzeglo-z-kolkiem\/#primaryimage","url":"https:\/\/exparto.pl\/wp-content\/uploads\/2025\/12\/b583fb6fdcab4086b3968a67e1e89ae5-1.jpg","contentUrl":"https:\/\/exparto.pl\/wp-content\/uploads\/2025\/12\/b583fb6fdcab4086b3968a67e1e89ae5-1.jpg","width":1000,"height":1000},{"@type":"BreadcrumbList","@id":"https:\/\/exparto.pl\/ro\/produkt\/wal-przegubowy-wom-80cm-500nm-rura-krzyzak-27x745-6-6-sprzeglo-z-kolkiem\/#breadcrumb","itemListElement":[{"@type":"ListItem","position":1,"name":"Pagina de start","item":"https:\/\/exparto.pl\/ro\/pagina-de-start\/"},{"@type":"ListItem","position":2,"name":"Sklep","item":"https:\/\/exparto.pl\/sklep\/"},{"@type":"ListItem","position":3,"name":"Arbori PTO telescopici","item":"https:\/\/exparto.pl\/ro\/categoria-de-produse\/arbori-pto-telescopici\/"},{"@type":"ListItem","position":4,"name":"Wa\u0142ki WOM ze sprz\u0119g\u0142em","item":"https:\/\/exparto.pl\/kategoria-produktu\/waly-przegubowo-teleskopowe\/walki-wom-ze-sprzeglem\/"},{"@type":"ListItem","position":5,"name":"Wa\u0142ki WOM ze sprz\u0119g\u0142em na \u015brub\u0119","item":"https:\/\/exparto.pl\/kategoria-produktu\/waly-przegubowo-teleskopowe\/walki-wom-ze-sprzeglem\/walki-wom-ze-sprzeglem-na-srube\/"},{"@type":"ListItem","position":6,"name":"Arbore cardan PTO, 80cm, 500Nm, tub triunghiular, tub transversal 27&#215;74,5 6\/6 + cuplaj cu \u0219tifturi"}]},{"@type":"WebSite","@id":"https:\/\/exparto.pl\/ro\/#website","url":"https:\/\/exparto.pl\/ro\/","name":"EXPARTO","description":"More than agro parts","publisher":{"@id":"https:\/\/exparto.pl\/ro\/#organization"},"potentialAction":[{"@type":"SearchAction","target":{"@type":"EntryPoint","urlTemplate":"https:\/\/exparto.pl\/ro\/?s={search_term_string}"},"query-input":{"@type":"PropertyValueSpecification","valueRequired":true,"valueName":"search_term_string"}}],"inLanguage":"ro-RO"},{"@type":"Organization","@id":"https:\/\/exparto.pl\/ro\/#organization","name":"EXPARTO","url":"https:\/\/exparto.pl\/ro\/","logo":{"@type":"ImageObject","inLanguage":"ro-RO","@id":"https:\/\/exparto.pl\/ro\/#\/schema\/logo\/image\/","url":"https:\/\/exparto.pl\/wp-content\/uploads\/2023\/02\/logo-wektor.png","contentUrl":"https:\/\/exparto.pl\/wp-content\/uploads\/2023\/02\/logo-wektor.png","width":1338,"height":143,"caption":"EXPARTO"},"image":{"@id":"https:\/\/exparto.pl\/ro\/#\/schema\/logo\/image\/"},"sameAs":["https:\/\/www.facebook.com\/exparto.agro\/"]}]}},"_links":{"self":[{"href":"https:\/\/exparto.pl\/ro\/wp-json\/wp\/v2\/product\/11314","targetHints":{"allow":["GET"]}}],"collection":[{"href":"https:\/\/exparto.pl\/ro\/wp-json\/wp\/v2\/product"}],"about":[{"href":"https:\/\/exparto.pl\/ro\/wp-json\/wp\/v2\/types\/product"}],"replies":[{"embeddable":true,"href":"https:\/\/exparto.pl\/ro\/wp-json\/wp\/v2\/comments?post=11314"}],"wp:featuredmedia":[{"embeddable":true,"href":"https:\/\/exparto.pl\/ro\/wp-json\/wp\/v2\/media\/60947"}],"wp:attachment":[{"href":"https:\/\/exparto.pl\/ro\/wp-json\/wp\/v2\/media?parent=11314"}],"wp:term":[{"taxonomy":"product_brand","embeddable":true,"href":"https:\/\/exparto.pl\/ro\/wp-json\/wp\/v2\/product_brand?post=11314"},{"taxonomy":"product_cat","embeddable":true,"href":"https:\/\/exparto.pl\/ro\/wp-json\/wp\/v2\/product_cat?post=11314"},{"taxonomy":"product_tag","embeddable":true,"href":"https:\/\/exparto.pl\/ro\/wp-json\/wp\/v2\/product_tag?post=11314"}],"curies":[{"name":"wp","href":"https:\/\/api.w.org\/{rel}","templated":true}]}}