{"id":11315,"date":"2023-02-27T16:23:05","date_gmt":"2023-02-27T15:23:05","guid":{"rendered":"https:\/\/exparto.pl\/produkt\/disc-dintat-560-mm-x-4-mm-6-gauri-z-10-otel-bor\/"},"modified":"2023-02-27T15:23:05","modified_gmt":"2023-02-27T14:23:05","slug":"talerz-uzebiony-560-mm-x-4-mm-6-otworow-z-10-stal-borowa","status":"publish","type":"product","link":"https:\/\/exparto.pl\/ro\/produkt\/talerz-uzebiony-560-mm-x-4-mm-6-otworow-z-10-stal-borowa\/","title":{"rendered":"Disc din\u021bat 560 mm x 4 mm, 6 g\u0103uri, Z-10, o\u021bel bor."},"content":{"rendered":"<p style=\"text-align: justify\"><strong>Discuri agricole EXPARTO<\/strong> pentru cultivarea simplificat\u0103 cu agregate \u0219i grape cu discuri. La alegerea discurilor, at\u00e2t produc\u0103torul de ma\u0219ini, c\u00e2t \u0219i utilizatorul sunt ghida\u021bi nu numai de tipul de ma\u0219in\u0103. Acestea \u021bin cont de tipul de munc\u0103 pe teren sau de specificul solului. Discurile EXPARTO sunt ideale pentru agregate cu l\u0103\u021bimea de peste 3 m, grapele cu discuri cu l\u0103\u021bimea sub 3 m \u0219i plugurile cu discuri. Acestea garanteaz\u0103 o func\u021bionare lin\u0103 \u0219i eficient\u0103.<\/p>\n<p style=\"text-align: justify\">Ce face ca discurile de cultivare Exparto s\u0103 ias\u0103 \u00een eviden\u021b\u0103?<\/p>\n<ul style=\"text-align: justify\">\n<li>Abraziune minim\u0103, duritate maxim\u0103: \u0219tim cum s\u0103 ne \u00eent\u0103rim discurile pentru a asigura o <strong>DURITATE<\/strong> optim\u0103 a suprafe\u021bei de lucru f\u0103r\u0103 a pierde <strong>ELASTICITATEA <\/strong>centrului.<\/li>\n<li>Grosimea uniform\u0103 a \u00eentregii suprafe\u021be a discului<\/li>\n<li>Discurile EXPARTO se <strong>potrivesc<\/strong> perfect cu renumitele butuci Exparto disponibile pe pia\u021b\u0103 \u0219i cu alte<\/li>\n<li>Rezisten\u021b\u0103 ridicat\u0103 la <strong>impact<\/strong> (de exemplu, la ciobire cu pietre)<\/li>\n<li><b>DURITATE<\/b> adecvat\u0103: reducem riscul de abraziune rapid\u0103 a discului sau de fisurare atunci c\u00e2nd materialul este supra-\u00eent\u0103rit.<\/li>\n<li>Discuri fabricate din o\u021bel de \u00eenalt\u0103 calitate testat meticulos: <strong>BOROUGH<\/strong>, <strong>SPRING<\/strong> sau <strong>COAL<\/strong>, \u00een func\u021bie de cerere, scop \u0219i tip de lucru pe teren.<\/li>\n<li>Pe discurile EXPARTO ader\u0103 mult mai pu\u021bin\u0103 argil\u0103 sau p\u0103m\u00e2nt umed, deoarece acestea sunt extrem de <b>LENTE <\/b>datorit\u0103 unui strat protector special aplicat \u00een condi\u021bii strict supravegheate;<\/li>\n<li><strong>U\u0219or<\/strong> de instalat \u0219i \u00eenlocuit discurile EXPARTO<\/li>\n<li><strong>CALITATEA<\/strong> \u0219i <strong>FIABILITATEA<\/strong> produselor \u00een conformitate cu standardele ISO 9001 \u0219i principiile PPAP adoptate de industria auto. Control\u0103m \u00een detaliu fiecare etap\u0103 a produc\u021biei, de la compozi\u021bia materialului utilizat p\u00e2n\u0103 la testele de duritate, simul\u0103ri \u0219i lucr\u0103ri de teren.<\/li>\n<\/ul>\n<p style=\"text-align: justify\">Recomand\u0103m discurile EXPARTO pentru grape cu discuri <strong>, grape cu coaj\u0103, grape forestiere, cultivatoare, pluguri cu discuri \u0219i cultivatoare de miri\u0219te (defri\u0219c\u0103toare), unit\u0103\u021bi de sem\u0103nat, sem\u0103n\u0103tori, unit\u0103\u021bi hibride<\/strong>.<\/p>\n<p style=\"text-align: justify\"><strong>Pl\u0103ci EXPART<\/strong><b>O<\/b>  sunt compatibile cu ma\u0219inile fabricate de: Agrisem, Agrimet, Agro lift, Agromasz, Agrotom, Akpil, Amazone, ATMP, Awemak, Batyra, Bednar, Bomet, Bury, Czajkowski, Dexwal, Euromasz, Expom, Goliath, Horsch, Kunh, Kverneland, Lemken, Mandam, Metalfach, Pettinger, Polgrom, Rol\/ex, Rolmako, Staltech, Strumyk, Unia, Vaderstad, , PPHU ZAPA\u0141A \u0219i alte ma\u0219ini echipate cu discuri SKF , Krasnik sau de tip C<\/p>\n","protected":false},"excerpt":{"rendered":"<p style=\"text-align: justify\">Discuri agricole EXPARTO pentru cultivarea simplificat\u0103 cu agregate \u0219i grape cu discuri. Acestea \u021bin cont de tipul de munc\u0103 pe teren sau de specificul solului. Acestea garanteaz\u0103 o func\u021bionare lin\u0103 \u0219i eficient\u0103.<\/p>\n","protected":false},"featured_media":53614,"comment_status":"open","ping_status":"closed","template":"","meta":{"_acf_changed":false,"inline_featured_image":false},"product_brand":[],"product_cat":[385,384],"product_tag":[],"class_list":{"0":"post-11315","1":"product","2":"type-product","3":"status-publish","4":"has-post-thumbnail","6":"product_cat-discuri-de-cultivare","7":"product_cat-lucrare-a-solului","9":"first","10":"instock","11":"taxable","12":"shipping-taxable","13":"purchasable","14":"product-type-simple"},"acf":[],"yoast_head":"<!-- This site is optimized with the Yoast SEO plugin v27.2 - https:\/\/yoast.com\/product\/yoast-seo-wordpress\/ -->\n<title>Disc din\u021bat 560 mm x 4 mm, 6 g\u0103uri, Z-10, o\u021bel bor. - Exparto.pl<\/title>\n<meta name=\"robots\" content=\"index, follow, max-snippet:-1, max-image-preview:large, max-video-preview:-1\" \/>\n<link rel=\"canonical\" href=\"https:\/\/exparto.pl\/ro\/produkt\/talerz-uzebiony-560-mm-x-4-mm-6-otworow-z-10-stal-borowa\/\" \/>\n<meta property=\"og:locale\" content=\"ro_RO\" \/>\n<meta property=\"og:type\" content=\"article\" \/>\n<meta property=\"og:title\" content=\"Disc din\u021bat 560 mm x 4 mm, 6 g\u0103uri, Z-10, o\u021bel bor. - Exparto.pl\" \/>\n<meta property=\"og:description\" content=\"Discuri agricole EXPARTO pentru cultivarea simplificat\u0103 cu agregate \u0219i grape cu discuri. Acestea \u021bin cont de tipul de munc\u0103 pe teren sau de specificul solului. Acestea garanteaz\u0103 o func\u021bionare lin\u0103 \u0219i eficient\u0103.\" \/>\n<meta property=\"og:url\" content=\"https:\/\/exparto.pl\/ro\/produkt\/talerz-uzebiony-560-mm-x-4-mm-6-otworow-z-10-stal-borowa\/\" \/>\n<meta property=\"og:site_name\" content=\"Exparto.pl\" \/>\n<meta property=\"article:publisher\" content=\"https:\/\/www.facebook.com\/exparto.agro\/\" \/>\n<meta property=\"og:image\" content=\"https:\/\/exparto.pl\/wp-content\/uploads\/2023\/02\/cf7f2f326349be35cae98316753f053c.jpg\" \/>\n\t<meta property=\"og:image:width\" content=\"1000\" \/>\n\t<meta property=\"og:image:height\" content=\"1000\" \/>\n\t<meta property=\"og:image:type\" content=\"image\/jpeg\" \/>\n<meta name=\"twitter:card\" content=\"summary_large_image\" \/>\n<meta name=\"twitter:label1\" content=\"Timp estimat pentru citire\" \/>\n\t<meta name=\"twitter:data1\" content=\"2 minute\" \/>\n<script type=\"application\/ld+json\" class=\"yoast-schema-graph\">{\"@context\":\"https:\/\/schema.org\",\"@graph\":[{\"@type\":\"WebPage\",\"@id\":\"https:\/\/exparto.pl\/ro\/produkt\/talerz-uzebiony-560-mm-x-4-mm-6-otworow-z-10-stal-borowa\/\",\"url\":\"https:\/\/exparto.pl\/ro\/produkt\/talerz-uzebiony-560-mm-x-4-mm-6-otworow-z-10-stal-borowa\/\",\"name\":\"Disc din\u021bat 560 mm x 4 mm, 6 g\u0103uri, Z-10, o\u021bel bor. - Exparto.pl\",\"isPartOf\":{\"@id\":\"https:\/\/exparto.pl\/ro\/#website\"},\"primaryImageOfPage\":{\"@id\":\"https:\/\/exparto.pl\/ro\/produkt\/talerz-uzebiony-560-mm-x-4-mm-6-otworow-z-10-stal-borowa\/#primaryimage\"},\"image\":{\"@id\":\"https:\/\/exparto.pl\/ro\/produkt\/talerz-uzebiony-560-mm-x-4-mm-6-otworow-z-10-stal-borowa\/#primaryimage\"},\"thumbnailUrl\":\"https:\/\/exparto.pl\/wp-content\/uploads\/2025\/07\/e4303ba4e23c53f7cbf7d8726af69e5d.jpg\",\"datePublished\":\"2023-02-27T15:23:05+00:00\",\"breadcrumb\":{\"@id\":\"https:\/\/exparto.pl\/ro\/produkt\/talerz-uzebiony-560-mm-x-4-mm-6-otworow-z-10-stal-borowa\/#breadcrumb\"},\"inLanguage\":\"ro-RO\",\"potentialAction\":[{\"@type\":\"ReadAction\",\"target\":[\"https:\/\/exparto.pl\/ro\/produkt\/talerz-uzebiony-560-mm-x-4-mm-6-otworow-z-10-stal-borowa\/\"]}]},{\"@type\":\"ImageObject\",\"inLanguage\":\"ro-RO\",\"@id\":\"https:\/\/exparto.pl\/ro\/produkt\/talerz-uzebiony-560-mm-x-4-mm-6-otworow-z-10-stal-borowa\/#primaryimage\",\"url\":\"https:\/\/exparto.pl\/wp-content\/uploads\/2025\/07\/e4303ba4e23c53f7cbf7d8726af69e5d.jpg\",\"contentUrl\":\"https:\/\/exparto.pl\/wp-content\/uploads\/2025\/07\/e4303ba4e23c53f7cbf7d8726af69e5d.jpg\",\"width\":1200,\"height\":1200},{\"@type\":\"BreadcrumbList\",\"@id\":\"https:\/\/exparto.pl\/ro\/produkt\/talerz-uzebiony-560-mm-x-4-mm-6-otworow-z-10-stal-borowa\/#breadcrumb\",\"itemListElement\":[{\"@type\":\"ListItem\",\"position\":1,\"name\":\"Pagina de start\",\"item\":\"https:\/\/exparto.pl\/ro\/pagina-de-start\/\"},{\"@type\":\"ListItem\",\"position\":2,\"name\":\"Sklep\",\"item\":\"https:\/\/exparto.pl\/sklep\/\"},{\"@type\":\"ListItem\",\"position\":3,\"name\":\"Lucrare a solului\",\"item\":\"https:\/\/exparto.pl\/ro\/categoria-de-produse\/lucrare-a-solului\/\"},{\"@type\":\"ListItem\",\"position\":4,\"name\":\"Discuri de cultivare\",\"item\":\"https:\/\/exparto.pl\/ro\/categoria-de-produse\/lucrare-a-solului\/discuri-de-cultivare\/\"},{\"@type\":\"ListItem\",\"position\":5,\"name\":\"Discuri de 560 mm\",\"item\":\"https:\/\/exparto.pl\/ro\/categoria-de-produse\/lucrare-a-solului\/discuri-de-cultivare\/discuri-de-560-mm\/\"},{\"@type\":\"ListItem\",\"position\":6,\"name\":\"Disc din\u021bat 560 mm x 4 mm, 6 g\u0103uri, Z-10, o\u021bel bor.\"}]},{\"@type\":\"WebSite\",\"@id\":\"https:\/\/exparto.pl\/ro\/#website\",\"url\":\"https:\/\/exparto.pl\/ro\/\",\"name\":\"EXPARTO\",\"description\":\"More than agro parts\",\"publisher\":{\"@id\":\"https:\/\/exparto.pl\/ro\/#organization\"},\"potentialAction\":[{\"@type\":\"SearchAction\",\"target\":{\"@type\":\"EntryPoint\",\"urlTemplate\":\"https:\/\/exparto.pl\/ro\/?s={search_term_string}\"},\"query-input\":{\"@type\":\"PropertyValueSpecification\",\"valueRequired\":true,\"valueName\":\"search_term_string\"}}],\"inLanguage\":\"ro-RO\"},{\"@type\":\"Organization\",\"@id\":\"https:\/\/exparto.pl\/ro\/#organization\",\"name\":\"EXPARTO\",\"url\":\"https:\/\/exparto.pl\/ro\/\",\"logo\":{\"@type\":\"ImageObject\",\"inLanguage\":\"ro-RO\",\"@id\":\"https:\/\/exparto.pl\/ro\/#\/schema\/logo\/image\/\",\"url\":\"https:\/\/exparto.pl\/wp-content\/uploads\/2023\/02\/logo-wektor.png\",\"contentUrl\":\"https:\/\/exparto.pl\/wp-content\/uploads\/2023\/02\/logo-wektor.png\",\"width\":1338,\"height\":143,\"caption\":\"EXPARTO\"},\"image\":{\"@id\":\"https:\/\/exparto.pl\/ro\/#\/schema\/logo\/image\/\"},\"sameAs\":[\"https:\/\/www.facebook.com\/exparto.agro\/\"]}]}<\/script>\n<!-- \/ Yoast SEO plugin. -->","yoast_head_json":{"title":"Disc din\u021bat 560 mm x 4 mm, 6 g\u0103uri, Z-10, o\u021bel bor. - Exparto.pl","robots":{"index":"index","follow":"follow","max-snippet":"max-snippet:-1","max-image-preview":"max-image-preview:large","max-video-preview":"max-video-preview:-1"},"canonical":"https:\/\/exparto.pl\/ro\/produkt\/talerz-uzebiony-560-mm-x-4-mm-6-otworow-z-10-stal-borowa\/","og_locale":"ro_RO","og_type":"article","og_title":"Disc din\u021bat 560 mm x 4 mm, 6 g\u0103uri, Z-10, o\u021bel bor. - Exparto.pl","og_description":"Discuri agricole EXPARTO pentru cultivarea simplificat\u0103 cu agregate \u0219i grape cu discuri. Acestea \u021bin cont de tipul de munc\u0103 pe teren sau de specificul solului. Acestea garanteaz\u0103 o func\u021bionare lin\u0103 \u0219i eficient\u0103.","og_url":"https:\/\/exparto.pl\/ro\/produkt\/talerz-uzebiony-560-mm-x-4-mm-6-otworow-z-10-stal-borowa\/","og_site_name":"Exparto.pl","article_publisher":"https:\/\/www.facebook.com\/exparto.agro\/","og_image":[{"width":1000,"height":1000,"url":"https:\/\/exparto.pl\/wp-content\/uploads\/2023\/02\/cf7f2f326349be35cae98316753f053c.jpg","type":"image\/jpeg"}],"twitter_card":"summary_large_image","twitter_misc":{"Timp estimat pentru citire":"2 minute"},"schema":{"@context":"https:\/\/schema.org","@graph":[{"@type":"WebPage","@id":"https:\/\/exparto.pl\/ro\/produkt\/talerz-uzebiony-560-mm-x-4-mm-6-otworow-z-10-stal-borowa\/","url":"https:\/\/exparto.pl\/ro\/produkt\/talerz-uzebiony-560-mm-x-4-mm-6-otworow-z-10-stal-borowa\/","name":"Disc din\u021bat 560 mm x 4 mm, 6 g\u0103uri, Z-10, o\u021bel bor. - Exparto.pl","isPartOf":{"@id":"https:\/\/exparto.pl\/ro\/#website"},"primaryImageOfPage":{"@id":"https:\/\/exparto.pl\/ro\/produkt\/talerz-uzebiony-560-mm-x-4-mm-6-otworow-z-10-stal-borowa\/#primaryimage"},"image":{"@id":"https:\/\/exparto.pl\/ro\/produkt\/talerz-uzebiony-560-mm-x-4-mm-6-otworow-z-10-stal-borowa\/#primaryimage"},"thumbnailUrl":"https:\/\/exparto.pl\/wp-content\/uploads\/2025\/07\/e4303ba4e23c53f7cbf7d8726af69e5d.jpg","datePublished":"2023-02-27T15:23:05+00:00","breadcrumb":{"@id":"https:\/\/exparto.pl\/ro\/produkt\/talerz-uzebiony-560-mm-x-4-mm-6-otworow-z-10-stal-borowa\/#breadcrumb"},"inLanguage":"ro-RO","potentialAction":[{"@type":"ReadAction","target":["https:\/\/exparto.pl\/ro\/produkt\/talerz-uzebiony-560-mm-x-4-mm-6-otworow-z-10-stal-borowa\/"]}]},{"@type":"ImageObject","inLanguage":"ro-RO","@id":"https:\/\/exparto.pl\/ro\/produkt\/talerz-uzebiony-560-mm-x-4-mm-6-otworow-z-10-stal-borowa\/#primaryimage","url":"https:\/\/exparto.pl\/wp-content\/uploads\/2025\/07\/e4303ba4e23c53f7cbf7d8726af69e5d.jpg","contentUrl":"https:\/\/exparto.pl\/wp-content\/uploads\/2025\/07\/e4303ba4e23c53f7cbf7d8726af69e5d.jpg","width":1200,"height":1200},{"@type":"BreadcrumbList","@id":"https:\/\/exparto.pl\/ro\/produkt\/talerz-uzebiony-560-mm-x-4-mm-6-otworow-z-10-stal-borowa\/#breadcrumb","itemListElement":[{"@type":"ListItem","position":1,"name":"Pagina de start","item":"https:\/\/exparto.pl\/ro\/pagina-de-start\/"},{"@type":"ListItem","position":2,"name":"Sklep","item":"https:\/\/exparto.pl\/sklep\/"},{"@type":"ListItem","position":3,"name":"Lucrare a solului","item":"https:\/\/exparto.pl\/ro\/categoria-de-produse\/lucrare-a-solului\/"},{"@type":"ListItem","position":4,"name":"Discuri de cultivare","item":"https:\/\/exparto.pl\/ro\/categoria-de-produse\/lucrare-a-solului\/discuri-de-cultivare\/"},{"@type":"ListItem","position":5,"name":"Discuri de 560 mm","item":"https:\/\/exparto.pl\/ro\/categoria-de-produse\/lucrare-a-solului\/discuri-de-cultivare\/discuri-de-560-mm\/"},{"@type":"ListItem","position":6,"name":"Disc din\u021bat 560 mm x 4 mm, 6 g\u0103uri, Z-10, o\u021bel bor."}]},{"@type":"WebSite","@id":"https:\/\/exparto.pl\/ro\/#website","url":"https:\/\/exparto.pl\/ro\/","name":"EXPARTO","description":"More than agro parts","publisher":{"@id":"https:\/\/exparto.pl\/ro\/#organization"},"potentialAction":[{"@type":"SearchAction","target":{"@type":"EntryPoint","urlTemplate":"https:\/\/exparto.pl\/ro\/?s={search_term_string}"},"query-input":{"@type":"PropertyValueSpecification","valueRequired":true,"valueName":"search_term_string"}}],"inLanguage":"ro-RO"},{"@type":"Organization","@id":"https:\/\/exparto.pl\/ro\/#organization","name":"EXPARTO","url":"https:\/\/exparto.pl\/ro\/","logo":{"@type":"ImageObject","inLanguage":"ro-RO","@id":"https:\/\/exparto.pl\/ro\/#\/schema\/logo\/image\/","url":"https:\/\/exparto.pl\/wp-content\/uploads\/2023\/02\/logo-wektor.png","contentUrl":"https:\/\/exparto.pl\/wp-content\/uploads\/2023\/02\/logo-wektor.png","width":1338,"height":143,"caption":"EXPARTO"},"image":{"@id":"https:\/\/exparto.pl\/ro\/#\/schema\/logo\/image\/"},"sameAs":["https:\/\/www.facebook.com\/exparto.agro\/"]}]}},"_links":{"self":[{"href":"https:\/\/exparto.pl\/ro\/wp-json\/wp\/v2\/product\/11315","targetHints":{"allow":["GET"]}}],"collection":[{"href":"https:\/\/exparto.pl\/ro\/wp-json\/wp\/v2\/product"}],"about":[{"href":"https:\/\/exparto.pl\/ro\/wp-json\/wp\/v2\/types\/product"}],"replies":[{"embeddable":true,"href":"https:\/\/exparto.pl\/ro\/wp-json\/wp\/v2\/comments?post=11315"}],"wp:featuredmedia":[{"embeddable":true,"href":"https:\/\/exparto.pl\/ro\/wp-json\/wp\/v2\/media\/53614"}],"wp:attachment":[{"href":"https:\/\/exparto.pl\/ro\/wp-json\/wp\/v2\/media?parent=11315"}],"wp:term":[{"taxonomy":"product_brand","embeddable":true,"href":"https:\/\/exparto.pl\/ro\/wp-json\/wp\/v2\/product_brand?post=11315"},{"taxonomy":"product_cat","embeddable":true,"href":"https:\/\/exparto.pl\/ro\/wp-json\/wp\/v2\/product_cat?post=11315"},{"taxonomy":"product_tag","embeddable":true,"href":"https:\/\/exparto.pl\/ro\/wp-json\/wp\/v2\/product_tag?post=11315"}],"curies":[{"name":"wp","href":"https:\/\/api.w.org\/{rel}","templated":true}]}}