{"id":11317,"date":"2023-02-23T13:49:56","date_gmt":"2023-02-23T12:49:56","guid":{"rendered":"https:\/\/exparto.pl\/produkt\/distribuitor-hidraulic-02p40\/"},"modified":"2023-02-23T13:49:56","modified_gmt":"2023-02-23T12:49:56","slug":"manifold-hidraulic-02p40","status":"publish","type":"product","link":"https:\/\/exparto.pl\/ro\/produkt\/manifold-hidraulic-02p40\/","title":{"rendered":"Distribuitor hidraulic 02P40"},"content":{"rendered":"<p class=\"MsoNormal\" style=\"text-align: justify\"><b>Distribuitor hidraulic 02P40<\/b> &#8211; monobloc, cu comand\u0103 cu p\u00e2rghie \u00een dou\u0103 pozi\u021bii, cu un debit de 40 l\/minut. Se distinge prin <b>designul<\/b> s\u0103u <b>robust \u0219i compact<\/b>, care \u00eei permite s\u0103 fie conectat \u00een serie cu alte unit\u0103\u021bi similare folosind un man\u0219on de presiune. Este un <b>model cu dou\u0103 sec\u021biuni<\/b>, potrivit pentru actuatoare cu ac\u021biune simpl\u0103 \u0219i dubl\u0103. De asemenea, se caracterizeaz\u0103 prin <b>versatilitate<\/b> ridicat\u0103 \u0219i func\u021bionare stabil\u0103.<\/p>\n<p class=\"MsoNormal\" style=\"text-align: justify\">Colectorul hidraulic 02P40 este ideal pentru o <b>varietate de sisteme hidraulice<\/b> &#8211; at\u00e2t \u00een industrie \u0219i construc\u021bii, c\u00e2t \u0219i \u00een agricultur\u0103. Este ideal pentru tractoare, <b>\u00eenc\u0103rc\u0103toare<\/b>, excavatoare, <b>utilaje de construc\u021bii \u0219i agricole<\/b>, \u00eenc\u0103rc\u0103toare HDS, pulverizatoare, ciclopane, strunguri sau chiar m\u0103tur\u0103toare. Ar trebui s\u0103 ad\u0103ug\u0103m c\u0103 totul este <b>u\u0219or de asamblat<\/b>.<\/p>\n<p class=\"MsoNormal\" style=\"text-align: justify\"><b>P\u00e2rghiile pot fi \u00een diferite pozi\u021bii<\/b>:<\/p>\n<p class=\"MsoNormal\" style=\"text-align: justify\"><span style=\"text-indent: -18pt;font-family: Symbol\">&#8211;<span style=\"font-size: 7pt;line-height: normal\">  <\/span><\/span><span style=\"text-indent: -18pt\">pozi\u021bia neutr\u0103 (vertical\u0103)<\/span><\/p>\n<p class=\"MsoNormal\" style=\"text-align: justify\"><span style=\"text-indent: -18pt;font-family: Symbol\">&#8211;<span style=\"font-size: 7pt;line-height: normal\">  <\/span><\/span><span style=\"text-indent: -18pt\">pozi\u021bia de lucru (oblic\u0103 fa\u021b\u0103 de fa\u021b\u0103),<\/span><\/p>\n<p class=\"MsoNormal\" style=\"text-align: justify\"><span style=\"text-indent: -18pt;font-family: Symbol\">&#8211;<span style=\"font-size: 7pt;line-height: normal\">  <\/span><\/span><span style=\"text-indent: -18pt\">pozi\u021bia de lucru (diagonal\u0103 fa\u021b\u0103 de spate).<\/span><\/p>\n<p><!-- [if !supportLists]--><\/p>\n<p class=\"MsoListParagraphCxSpLast\" style=\"text-align: justify;text-indent: -18.0pt\">\n","protected":false},"excerpt":{"rendered":"<p style=\"text-align: justify\">Colectorul hidraulic 02P40 este ideal pentru o varietate de sisteme hidraulice &#8211; at\u00e2t \u00een industrie \u0219i construc\u021bii, c\u00e2t \u0219i \u00een agricultur\u0103.<\/p>\n","protected":false},"featured_media":4425,"comment_status":"open","ping_status":"closed","template":"","meta":{"_acf_changed":false,"inline_featured_image":false},"product_brand":[],"product_cat":[439,438,436],"product_tag":[],"class_list":{"0":"post-11317","1":"product","2":"type-product","3":"status-publish","4":"has-post-thumbnail","6":"product_cat-actionat-cu-parghie","7":"product_cat-distribuitoare-hidraulice","8":"product_cat-piese-pentru-incarcatoare-frontale","10":"first","11":"instock","12":"taxable","13":"shipping-taxable","14":"purchasable","15":"product-type-simple"},"acf":[],"yoast_head":"<!-- This site is optimized with the Yoast SEO plugin v27.3 - https:\/\/yoast.com\/product\/yoast-seo-wordpress\/ -->\n<title>Distribuitor hidraulic 02P40 - Exparto.pl<\/title>\n<meta name=\"robots\" content=\"index, follow, max-snippet:-1, max-image-preview:large, max-video-preview:-1\" \/>\n<link rel=\"canonical\" href=\"https:\/\/exparto.pl\/ro\/produkt\/manifold-hidraulic-02p40\/\" \/>\n<meta property=\"og:locale\" content=\"ro_RO\" \/>\n<meta property=\"og:type\" content=\"article\" \/>\n<meta property=\"og:title\" content=\"Distribuitor hidraulic 02P40 - Exparto.pl\" \/>\n<meta property=\"og:description\" content=\"Colectorul hidraulic 02P40 este ideal pentru o varietate de sisteme hidraulice - at\u00e2t \u00een industrie \u0219i construc\u021bii, c\u00e2t \u0219i \u00een agricultur\u0103.\" \/>\n<meta property=\"og:url\" content=\"https:\/\/exparto.pl\/ro\/produkt\/manifold-hidraulic-02p40\/\" \/>\n<meta property=\"og:site_name\" content=\"Exparto.pl\" \/>\n<meta property=\"article:publisher\" content=\"https:\/\/www.facebook.com\/exparto.agro\/\" \/>\n<meta property=\"og:image\" content=\"https:\/\/exparto.pl\/wp-content\/uploads\/2023\/02\/ec1329a8b5f6f4c1ea728d865940cdd9.jpg\" \/>\n\t<meta property=\"og:image:width\" content=\"1000\" \/>\n\t<meta property=\"og:image:height\" content=\"1000\" \/>\n\t<meta property=\"og:image:type\" content=\"image\/jpeg\" \/>\n<meta name=\"twitter:card\" content=\"summary_large_image\" \/>\n<meta name=\"twitter:label1\" content=\"Timp estimat pentru citire\" \/>\n\t<meta name=\"twitter:data1\" content=\"1 minut\" \/>\n<script type=\"application\/ld+json\" class=\"yoast-schema-graph\">{\"@context\":\"https:\\\/\\\/schema.org\",\"@graph\":[{\"@type\":\"WebPage\",\"@id\":\"https:\\\/\\\/exparto.pl\\\/ro\\\/produkt\\\/manifold-hidraulic-02p40\\\/\",\"url\":\"https:\\\/\\\/exparto.pl\\\/ro\\\/produkt\\\/manifold-hidraulic-02p40\\\/\",\"name\":\"Distribuitor hidraulic 02P40 - Exparto.pl\",\"isPartOf\":{\"@id\":\"https:\\\/\\\/exparto.pl\\\/ro\\\/#website\"},\"primaryImageOfPage\":{\"@id\":\"https:\\\/\\\/exparto.pl\\\/ro\\\/produkt\\\/manifold-hidraulic-02p40\\\/#primaryimage\"},\"image\":{\"@id\":\"https:\\\/\\\/exparto.pl\\\/ro\\\/produkt\\\/manifold-hidraulic-02p40\\\/#primaryimage\"},\"thumbnailUrl\":\"https:\\\/\\\/exparto.pl\\\/wp-content\\\/uploads\\\/2023\\\/02\\\/ec1329a8b5f6f4c1ea728d865940cdd9.jpg\",\"datePublished\":\"2023-02-23T12:49:56+00:00\",\"breadcrumb\":{\"@id\":\"https:\\\/\\\/exparto.pl\\\/ro\\\/produkt\\\/manifold-hidraulic-02p40\\\/#breadcrumb\"},\"inLanguage\":\"ro-RO\",\"potentialAction\":[{\"@type\":\"ReadAction\",\"target\":[\"https:\\\/\\\/exparto.pl\\\/ro\\\/produkt\\\/manifold-hidraulic-02p40\\\/\"]}]},{\"@type\":\"ImageObject\",\"inLanguage\":\"ro-RO\",\"@id\":\"https:\\\/\\\/exparto.pl\\\/ro\\\/produkt\\\/manifold-hidraulic-02p40\\\/#primaryimage\",\"url\":\"https:\\\/\\\/exparto.pl\\\/wp-content\\\/uploads\\\/2023\\\/02\\\/ec1329a8b5f6f4c1ea728d865940cdd9.jpg\",\"contentUrl\":\"https:\\\/\\\/exparto.pl\\\/wp-content\\\/uploads\\\/2023\\\/02\\\/ec1329a8b5f6f4c1ea728d865940cdd9.jpg\",\"width\":1000,\"height\":1000},{\"@type\":\"BreadcrumbList\",\"@id\":\"https:\\\/\\\/exparto.pl\\\/ro\\\/produkt\\\/manifold-hidraulic-02p40\\\/#breadcrumb\",\"itemListElement\":[{\"@type\":\"ListItem\",\"position\":1,\"name\":\"Pagina de start\",\"item\":\"https:\\\/\\\/exparto.pl\\\/ro\\\/pagina-de-start\\\/\"},{\"@type\":\"ListItem\",\"position\":2,\"name\":\"Sklep\",\"item\":\"https:\\\/\\\/exparto.pl\\\/sklep\\\/\"},{\"@type\":\"ListItem\",\"position\":3,\"name\":\"Hidraulic\u0103\",\"item\":\"https:\\\/\\\/exparto.pl\\\/ro\\\/categoria-de-produse\\\/hidraulica\\\/\"},{\"@type\":\"ListItem\",\"position\":4,\"name\":\"Distribuitoare hidraulice\",\"item\":\"https:\\\/\\\/exparto.pl\\\/ro\\\/categoria-de-produse\\\/hidraulica\\\/distribuitoare-hidraulice\\\/\"},{\"@type\":\"ListItem\",\"position\":5,\"name\":\"Ac\u021bionat cu p\u00e2rghie\",\"item\":\"https:\\\/\\\/exparto.pl\\\/ro\\\/categoria-de-produse\\\/hidraulica\\\/distribuitoare-hidraulice\\\/actionat-cu-parghie\\\/\"},{\"@type\":\"ListItem\",\"position\":6,\"name\":\"Distribuitor hidraulic 02P40\"}]},{\"@type\":\"WebSite\",\"@id\":\"https:\\\/\\\/exparto.pl\\\/ro\\\/#website\",\"url\":\"https:\\\/\\\/exparto.pl\\\/ro\\\/\",\"name\":\"EXPARTO\",\"description\":\"More than agro parts\",\"publisher\":{\"@id\":\"https:\\\/\\\/exparto.pl\\\/ro\\\/#organization\"},\"potentialAction\":[{\"@type\":\"SearchAction\",\"target\":{\"@type\":\"EntryPoint\",\"urlTemplate\":\"https:\\\/\\\/exparto.pl\\\/ro\\\/?s={search_term_string}\"},\"query-input\":{\"@type\":\"PropertyValueSpecification\",\"valueRequired\":true,\"valueName\":\"search_term_string\"}}],\"inLanguage\":\"ro-RO\"},{\"@type\":\"Organization\",\"@id\":\"https:\\\/\\\/exparto.pl\\\/ro\\\/#organization\",\"name\":\"EXPARTO\",\"url\":\"https:\\\/\\\/exparto.pl\\\/ro\\\/\",\"logo\":{\"@type\":\"ImageObject\",\"inLanguage\":\"ro-RO\",\"@id\":\"https:\\\/\\\/exparto.pl\\\/ro\\\/#\\\/schema\\\/logo\\\/image\\\/\",\"url\":\"https:\\\/\\\/exparto.pl\\\/wp-content\\\/uploads\\\/2023\\\/02\\\/logo-wektor.png\",\"contentUrl\":\"https:\\\/\\\/exparto.pl\\\/wp-content\\\/uploads\\\/2023\\\/02\\\/logo-wektor.png\",\"width\":1338,\"height\":143,\"caption\":\"EXPARTO\"},\"image\":{\"@id\":\"https:\\\/\\\/exparto.pl\\\/ro\\\/#\\\/schema\\\/logo\\\/image\\\/\"},\"sameAs\":[\"https:\\\/\\\/www.facebook.com\\\/exparto.agro\\\/\"]}]}<\/script>\n<!-- \/ Yoast SEO plugin. -->","yoast_head_json":{"title":"Distribuitor hidraulic 02P40 - Exparto.pl","robots":{"index":"index","follow":"follow","max-snippet":"max-snippet:-1","max-image-preview":"max-image-preview:large","max-video-preview":"max-video-preview:-1"},"canonical":"https:\/\/exparto.pl\/ro\/produkt\/manifold-hidraulic-02p40\/","og_locale":"ro_RO","og_type":"article","og_title":"Distribuitor hidraulic 02P40 - Exparto.pl","og_description":"Colectorul hidraulic 02P40 este ideal pentru o varietate de sisteme hidraulice - at\u00e2t \u00een industrie \u0219i construc\u021bii, c\u00e2t \u0219i \u00een agricultur\u0103.","og_url":"https:\/\/exparto.pl\/ro\/produkt\/manifold-hidraulic-02p40\/","og_site_name":"Exparto.pl","article_publisher":"https:\/\/www.facebook.com\/exparto.agro\/","og_image":[{"width":1000,"height":1000,"url":"https:\/\/exparto.pl\/wp-content\/uploads\/2023\/02\/ec1329a8b5f6f4c1ea728d865940cdd9.jpg","type":"image\/jpeg"}],"twitter_card":"summary_large_image","twitter_misc":{"Timp estimat pentru citire":"1 minut"},"schema":{"@context":"https:\/\/schema.org","@graph":[{"@type":"WebPage","@id":"https:\/\/exparto.pl\/ro\/produkt\/manifold-hidraulic-02p40\/","url":"https:\/\/exparto.pl\/ro\/produkt\/manifold-hidraulic-02p40\/","name":"Distribuitor hidraulic 02P40 - Exparto.pl","isPartOf":{"@id":"https:\/\/exparto.pl\/ro\/#website"},"primaryImageOfPage":{"@id":"https:\/\/exparto.pl\/ro\/produkt\/manifold-hidraulic-02p40\/#primaryimage"},"image":{"@id":"https:\/\/exparto.pl\/ro\/produkt\/manifold-hidraulic-02p40\/#primaryimage"},"thumbnailUrl":"https:\/\/exparto.pl\/wp-content\/uploads\/2023\/02\/ec1329a8b5f6f4c1ea728d865940cdd9.jpg","datePublished":"2023-02-23T12:49:56+00:00","breadcrumb":{"@id":"https:\/\/exparto.pl\/ro\/produkt\/manifold-hidraulic-02p40\/#breadcrumb"},"inLanguage":"ro-RO","potentialAction":[{"@type":"ReadAction","target":["https:\/\/exparto.pl\/ro\/produkt\/manifold-hidraulic-02p40\/"]}]},{"@type":"ImageObject","inLanguage":"ro-RO","@id":"https:\/\/exparto.pl\/ro\/produkt\/manifold-hidraulic-02p40\/#primaryimage","url":"https:\/\/exparto.pl\/wp-content\/uploads\/2023\/02\/ec1329a8b5f6f4c1ea728d865940cdd9.jpg","contentUrl":"https:\/\/exparto.pl\/wp-content\/uploads\/2023\/02\/ec1329a8b5f6f4c1ea728d865940cdd9.jpg","width":1000,"height":1000},{"@type":"BreadcrumbList","@id":"https:\/\/exparto.pl\/ro\/produkt\/manifold-hidraulic-02p40\/#breadcrumb","itemListElement":[{"@type":"ListItem","position":1,"name":"Pagina de start","item":"https:\/\/exparto.pl\/ro\/pagina-de-start\/"},{"@type":"ListItem","position":2,"name":"Sklep","item":"https:\/\/exparto.pl\/sklep\/"},{"@type":"ListItem","position":3,"name":"Hidraulic\u0103","item":"https:\/\/exparto.pl\/ro\/categoria-de-produse\/hidraulica\/"},{"@type":"ListItem","position":4,"name":"Distribuitoare hidraulice","item":"https:\/\/exparto.pl\/ro\/categoria-de-produse\/hidraulica\/distribuitoare-hidraulice\/"},{"@type":"ListItem","position":5,"name":"Ac\u021bionat cu p\u00e2rghie","item":"https:\/\/exparto.pl\/ro\/categoria-de-produse\/hidraulica\/distribuitoare-hidraulice\/actionat-cu-parghie\/"},{"@type":"ListItem","position":6,"name":"Distribuitor hidraulic 02P40"}]},{"@type":"WebSite","@id":"https:\/\/exparto.pl\/ro\/#website","url":"https:\/\/exparto.pl\/ro\/","name":"EXPARTO","description":"More than agro parts","publisher":{"@id":"https:\/\/exparto.pl\/ro\/#organization"},"potentialAction":[{"@type":"SearchAction","target":{"@type":"EntryPoint","urlTemplate":"https:\/\/exparto.pl\/ro\/?s={search_term_string}"},"query-input":{"@type":"PropertyValueSpecification","valueRequired":true,"valueName":"search_term_string"}}],"inLanguage":"ro-RO"},{"@type":"Organization","@id":"https:\/\/exparto.pl\/ro\/#organization","name":"EXPARTO","url":"https:\/\/exparto.pl\/ro\/","logo":{"@type":"ImageObject","inLanguage":"ro-RO","@id":"https:\/\/exparto.pl\/ro\/#\/schema\/logo\/image\/","url":"https:\/\/exparto.pl\/wp-content\/uploads\/2023\/02\/logo-wektor.png","contentUrl":"https:\/\/exparto.pl\/wp-content\/uploads\/2023\/02\/logo-wektor.png","width":1338,"height":143,"caption":"EXPARTO"},"image":{"@id":"https:\/\/exparto.pl\/ro\/#\/schema\/logo\/image\/"},"sameAs":["https:\/\/www.facebook.com\/exparto.agro\/"]}]}},"_links":{"self":[{"href":"https:\/\/exparto.pl\/ro\/wp-json\/wp\/v2\/product\/11317","targetHints":{"allow":["GET"]}}],"collection":[{"href":"https:\/\/exparto.pl\/ro\/wp-json\/wp\/v2\/product"}],"about":[{"href":"https:\/\/exparto.pl\/ro\/wp-json\/wp\/v2\/types\/product"}],"replies":[{"embeddable":true,"href":"https:\/\/exparto.pl\/ro\/wp-json\/wp\/v2\/comments?post=11317"}],"wp:featuredmedia":[{"embeddable":true,"href":"https:\/\/exparto.pl\/ro\/wp-json\/wp\/v2\/media\/4425"}],"wp:attachment":[{"href":"https:\/\/exparto.pl\/ro\/wp-json\/wp\/v2\/media?parent=11317"}],"wp:term":[{"taxonomy":"product_brand","embeddable":true,"href":"https:\/\/exparto.pl\/ro\/wp-json\/wp\/v2\/product_brand?post=11317"},{"taxonomy":"product_cat","embeddable":true,"href":"https:\/\/exparto.pl\/ro\/wp-json\/wp\/v2\/product_cat?post=11317"},{"taxonomy":"product_tag","embeddable":true,"href":"https:\/\/exparto.pl\/ro\/wp-json\/wp\/v2\/product_tag?post=11317"}],"curies":[{"name":"wp","href":"https:\/\/api.w.org\/{rel}","templated":true}]}}