{"id":11318,"date":"2023-02-21T07:54:33","date_gmt":"2023-02-21T06:54:33","guid":{"rendered":"https:\/\/exparto.pl\/produkt\/butuc-fara-intretinere-baa-0004-4-gauri\/"},"modified":"2023-02-21T07:54:33","modified_gmt":"2023-02-21T06:54:33","slug":"hub-unmanned-hub-baa-0004-4-hole-grapa-cu-discuri","status":"publish","type":"product","link":"https:\/\/exparto.pl\/ro\/produkt\/hub-unmanned-hub-baa-0004-4-hole-grapa-cu-discuri\/","title":{"rendered":"Butuc f\u0103r\u0103 \u00eentre\u021binere BAA-0004 4 g\u0103uri"},"content":{"rendered":"<div style=\"text-align: justify\">\n<p>Butucii bine ale\u0219i, \u00eempreun\u0103 cu alte componente, pe l\u00e2ng\u0103 avantajele pur practice, cum ar fi instalarea sau \u00eenlocuirea u\u0219oar\u0103, sunt capabili s\u0103 sporeasc\u0103 eficien\u021ba muncii cu peste 100% \u0219i s\u0103 reduc\u0103 costurile de operare cu p\u00e2n\u0103 la 30%.<\/p>\n<\/div>\n<div style=\"text-align: justify\">De obicei, de dou\u0103 ori pe an, prim\u0103vara \u0219i toamna, fermierii preg\u0103tesc solul pentru noile semin\u021be. \u00cen ultimii ani, perioada de preg\u0103tire a solului pentru \u00eens\u0103m\u00e2n\u021bare f\u0103r\u0103 arat a fost extrem de scurt\u0103, ceea ce a determinat c\u0103utarea unor solu\u021bii care s\u0103 optimizeze timpul, resursele \u0219i, \u00een acela\u0219i timp, s\u0103 fie ecologice.<\/div>\n<div style=\"text-align: justify\"><\/div>\n<div style=\"text-align: justify\">Butucii de tip f\u0103r\u0103 \u00eentre\u021binere <strong>nu necesit\u0103 lubrifiere periodic\u0103<\/strong>. Astfel, timpul necesar pentru operarea ma\u0219inii este redus, fie \u0219i numai pentru c\u0103 nu exist\u0103 riscul de a scoate niplurile de ungere &#8211; calamitare care sunt cel mai adesea deteriorate atunci c\u00e2nd se lucreaz\u0103 la ad\u00e2ncimi mari.<\/div>\n<div style=\"text-align: justify\"><\/div>\n<div style=\"text-align: justify\">Ne pas\u0103 de eficien\u021ba pieselor noastre, a\u0219a c\u0103 control\u0103m \u00een detaliu \u00eentregul proces de produc\u021bie prin:<\/div>\n<div style=\"text-align: justify\"><\/div>\n<div style=\"text-align: justify\">\n<ul>\n<li>Test\u0103m etan\u0219eitatea butucilor EXPARTO \u0219i potrivirea corect\u0103 a pieselor de \u00eembinare.<\/li>\n<li>Gradul de precizie al componentelor individuale se traduce printr-o durat\u0103 de via\u021b\u0103 maxim\u0103 a componentelor, care asigur\u0103, \u00een acela\u0219i timp, c\u0103 nu exist\u0103 joc \u00eentre piesele care se \u00eembin\u0103.<\/li>\n<li>Bilele din rulmen\u021bi, axul, corpurile \u0219i alte componente sunt fabricate din o\u021bel atent selec\u021bionat. Controlul adecvat al compozi\u021biei garanteaz\u0103 nivelul corect de \u00eent\u0103rire \u0219i func\u021bionarea eficient\u0103 a piesei.<\/li>\n<li>Test\u0103m duritatea folosind calibrele de duritate Rockwell \u0219i Brinell pentru a ne asigura c\u0103 niciuna dintre componentele tratate termic nu este prea moale, ceea ce ar cauza o uzur\u0103 prematur\u0103, sau prea dur\u0103, ceea ce ar duce la o defec\u021biune brusc\u0103.<\/li>\n<li>Un control fiabil este o garan\u021bie a repetabilit\u0103\u021bii 100% a produselor.<\/li>\n<\/ul>\n<\/div>\n<div style=\"text-align: justify\"><\/div>\n<div style=\"text-align: justify\">\n<p>Butucii EXPARTO sunt utiliza\u021bi cu succes pentru grape cu discuri, grape cu coaj\u0103, grape forestiere, cultivatoare, pluguri cu discuri \u0219i cultivatoare de miri\u0219te (grubber), unit\u0103\u021bi de \u00eens\u0103m\u00e2n\u021bare, sem\u0103n\u0103tori, unit\u0103\u021bi hibride, greble \u0219i discuri ripper.<\/p>\n<\/div>\n<div style=\"text-align: justify\">Butucii furniza\u021bi de Exparto sunt compatibili cu ma\u0219inile fabricate de:<\/div>\n<div style=\"text-align: justify\">Agrisem, Agrimet, Agro lift, Agromasz, Agrotom, Akpil, Amazone, ATMP, Awemak, Batyra, Bednar, Bomet, Bury, Czajkowski, Dexwal, Euromasz, Expoam, Goliath, Horsch, Kunh, Kverneland, Lemken, Mandam, Metalfach, Pettinger, Polgrom, Rol\/ex, Rolmako, Staltech, Strumyk, Unia, Vaderstad, , PPHU ZAPA\u0141A \u0219i alte ma\u0219ini echipate cu discuri SKF , Krasnik sau de tip C<\/div>\n","protected":false},"excerpt":{"rendered":"<div style=\"text-align: justify\">Butucii bine ale\u0219i, \u00eempreun\u0103 cu alte componente, pe l\u00e2ng\u0103 avantajele pur practice, cum ar fi instalarea sau \u00eenlocuirea u\u0219oar\u0103, sunt capabili s\u0103 sporeasc\u0103 eficien\u021ba muncii cu peste 100% \u0219i s\u0103 reduc\u0103 costurile de operare cu p\u00e2n\u0103 la 30%.<\/div>\n<div style=\"text-align: justify\"><\/div>\n","protected":false},"featured_media":4349,"comment_status":"open","ping_status":"closed","template":"","meta":{"_acf_changed":false,"inline_featured_image":false},"product_brand":[],"product_cat":[441,445,384],"product_tag":[442],"class_list":{"0":"post-11318","1":"product","2":"type-product","3":"status-publish","4":"has-post-thumbnail","6":"product_cat-butuci-cu-4-gauri","7":"product_cat-hub-uri","8":"product_cat-lucrare-a-solului","9":"product_tag-exparto-ro","11":"first","12":"outofstock","13":"taxable","14":"shipping-taxable","15":"purchasable","16":"product-type-simple"},"acf":[],"yoast_head":"<!-- This site is optimized with the Yoast SEO plugin v27.2 - https:\/\/yoast.com\/product\/yoast-seo-wordpress\/ -->\n<title>Butuc f\u0103r\u0103 \u00eentre\u021binere BAA-0004 4 g\u0103uri - Exparto.pl<\/title>\n<meta name=\"robots\" content=\"index, follow, max-snippet:-1, max-image-preview:large, max-video-preview:-1\" \/>\n<link rel=\"canonical\" href=\"https:\/\/exparto.pl\/ro\/produkt\/hub-unmanned-hub-baa-0004-4-hole-grapa-cu-discuri\/\" \/>\n<meta property=\"og:locale\" content=\"ro_RO\" \/>\n<meta property=\"og:type\" content=\"article\" \/>\n<meta property=\"og:title\" content=\"Butuc f\u0103r\u0103 \u00eentre\u021binere BAA-0004 4 g\u0103uri - Exparto.pl\" \/>\n<meta property=\"og:description\" content=\"Butucii bine ale\u0219i, \u00eempreun\u0103 cu alte componente, pe l\u00e2ng\u0103 avantajele pur practice, cum ar fi instalarea sau \u00eenlocuirea u\u0219oar\u0103, sunt capabili s\u0103 sporeasc\u0103 eficien\u021ba muncii cu peste 100% \u0219i s\u0103 reduc\u0103 costurile de operare cu p\u00e2n\u0103 la 30%.\" \/>\n<meta property=\"og:url\" content=\"https:\/\/exparto.pl\/ro\/produkt\/hub-unmanned-hub-baa-0004-4-hole-grapa-cu-discuri\/\" \/>\n<meta property=\"og:site_name\" content=\"Exparto.pl\" \/>\n<meta property=\"article:publisher\" content=\"https:\/\/www.facebook.com\/exparto.agro\/\" \/>\n<meta property=\"og:image\" content=\"https:\/\/exparto.pl\/wp-content\/uploads\/2023\/02\/490b1fc80afca7faaff0e785680be386.jpg\" \/>\n\t<meta property=\"og:image:width\" content=\"1000\" \/>\n\t<meta property=\"og:image:height\" content=\"1000\" \/>\n\t<meta property=\"og:image:type\" content=\"image\/jpeg\" \/>\n<meta name=\"twitter:card\" content=\"summary_large_image\" \/>\n<meta name=\"twitter:label1\" content=\"Timp estimat pentru citire\" \/>\n\t<meta name=\"twitter:data1\" content=\"2 minute\" \/>\n<script type=\"application\/ld+json\" class=\"yoast-schema-graph\">{\"@context\":\"https:\/\/schema.org\",\"@graph\":[{\"@type\":\"WebPage\",\"@id\":\"https:\/\/exparto.pl\/ro\/produkt\/hub-unmanned-hub-baa-0004-4-hole-grapa-cu-discuri\/\",\"url\":\"https:\/\/exparto.pl\/ro\/produkt\/hub-unmanned-hub-baa-0004-4-hole-grapa-cu-discuri\/\",\"name\":\"Butuc f\u0103r\u0103 \u00eentre\u021binere BAA-0004 4 g\u0103uri - Exparto.pl\",\"isPartOf\":{\"@id\":\"https:\/\/exparto.pl\/ro\/#website\"},\"primaryImageOfPage\":{\"@id\":\"https:\/\/exparto.pl\/ro\/produkt\/hub-unmanned-hub-baa-0004-4-hole-grapa-cu-discuri\/#primaryimage\"},\"image\":{\"@id\":\"https:\/\/exparto.pl\/ro\/produkt\/hub-unmanned-hub-baa-0004-4-hole-grapa-cu-discuri\/#primaryimage\"},\"thumbnailUrl\":\"https:\/\/exparto.pl\/wp-content\/uploads\/2023\/02\/490b1fc80afca7faaff0e785680be386.jpg\",\"datePublished\":\"2023-02-21T06:54:33+00:00\",\"breadcrumb\":{\"@id\":\"https:\/\/exparto.pl\/ro\/produkt\/hub-unmanned-hub-baa-0004-4-hole-grapa-cu-discuri\/#breadcrumb\"},\"inLanguage\":\"ro-RO\",\"potentialAction\":[{\"@type\":\"ReadAction\",\"target\":[\"https:\/\/exparto.pl\/ro\/produkt\/hub-unmanned-hub-baa-0004-4-hole-grapa-cu-discuri\/\"]}]},{\"@type\":\"ImageObject\",\"inLanguage\":\"ro-RO\",\"@id\":\"https:\/\/exparto.pl\/ro\/produkt\/hub-unmanned-hub-baa-0004-4-hole-grapa-cu-discuri\/#primaryimage\",\"url\":\"https:\/\/exparto.pl\/wp-content\/uploads\/2023\/02\/490b1fc80afca7faaff0e785680be386.jpg\",\"contentUrl\":\"https:\/\/exparto.pl\/wp-content\/uploads\/2023\/02\/490b1fc80afca7faaff0e785680be386.jpg\",\"width\":1000,\"height\":1000},{\"@type\":\"BreadcrumbList\",\"@id\":\"https:\/\/exparto.pl\/ro\/produkt\/hub-unmanned-hub-baa-0004-4-hole-grapa-cu-discuri\/#breadcrumb\",\"itemListElement\":[{\"@type\":\"ListItem\",\"position\":1,\"name\":\"Pagina de start\",\"item\":\"https:\/\/exparto.pl\/ro\/pagina-de-start\/\"},{\"@type\":\"ListItem\",\"position\":2,\"name\":\"Sklep\",\"item\":\"https:\/\/exparto.pl\/sklep\/\"},{\"@type\":\"ListItem\",\"position\":3,\"name\":\"Lucrare a solului\",\"item\":\"https:\/\/exparto.pl\/ro\/categoria-de-produse\/lucrare-a-solului\/\"},{\"@type\":\"ListItem\",\"position\":4,\"name\":\"Hub-uri\",\"item\":\"https:\/\/exparto.pl\/ro\/categoria-de-produse\/lucrare-a-solului\/hub-uri\/\"},{\"@type\":\"ListItem\",\"position\":5,\"name\":\"butuci cu 4 g\u0103uri\",\"item\":\"https:\/\/exparto.pl\/ro\/categoria-de-produse\/lucrare-a-solului\/hub-uri\/butuci-cu-4-gauri\/\"},{\"@type\":\"ListItem\",\"position\":6,\"name\":\"Butuc f\u0103r\u0103 \u00eentre\u021binere BAA-0004 4 g\u0103uri\"}]},{\"@type\":\"WebSite\",\"@id\":\"https:\/\/exparto.pl\/ro\/#website\",\"url\":\"https:\/\/exparto.pl\/ro\/\",\"name\":\"EXPARTO\",\"description\":\"More than agro parts\",\"publisher\":{\"@id\":\"https:\/\/exparto.pl\/ro\/#organization\"},\"potentialAction\":[{\"@type\":\"SearchAction\",\"target\":{\"@type\":\"EntryPoint\",\"urlTemplate\":\"https:\/\/exparto.pl\/ro\/?s={search_term_string}\"},\"query-input\":{\"@type\":\"PropertyValueSpecification\",\"valueRequired\":true,\"valueName\":\"search_term_string\"}}],\"inLanguage\":\"ro-RO\"},{\"@type\":\"Organization\",\"@id\":\"https:\/\/exparto.pl\/ro\/#organization\",\"name\":\"EXPARTO\",\"url\":\"https:\/\/exparto.pl\/ro\/\",\"logo\":{\"@type\":\"ImageObject\",\"inLanguage\":\"ro-RO\",\"@id\":\"https:\/\/exparto.pl\/ro\/#\/schema\/logo\/image\/\",\"url\":\"https:\/\/exparto.pl\/wp-content\/uploads\/2023\/02\/logo-wektor.png\",\"contentUrl\":\"https:\/\/exparto.pl\/wp-content\/uploads\/2023\/02\/logo-wektor.png\",\"width\":1338,\"height\":143,\"caption\":\"EXPARTO\"},\"image\":{\"@id\":\"https:\/\/exparto.pl\/ro\/#\/schema\/logo\/image\/\"},\"sameAs\":[\"https:\/\/www.facebook.com\/exparto.agro\/\"]}]}<\/script>\n<!-- \/ Yoast SEO plugin. -->","yoast_head_json":{"title":"Butuc f\u0103r\u0103 \u00eentre\u021binere BAA-0004 4 g\u0103uri - Exparto.pl","robots":{"index":"index","follow":"follow","max-snippet":"max-snippet:-1","max-image-preview":"max-image-preview:large","max-video-preview":"max-video-preview:-1"},"canonical":"https:\/\/exparto.pl\/ro\/produkt\/hub-unmanned-hub-baa-0004-4-hole-grapa-cu-discuri\/","og_locale":"ro_RO","og_type":"article","og_title":"Butuc f\u0103r\u0103 \u00eentre\u021binere BAA-0004 4 g\u0103uri - Exparto.pl","og_description":"Butucii bine ale\u0219i, \u00eempreun\u0103 cu alte componente, pe l\u00e2ng\u0103 avantajele pur practice, cum ar fi instalarea sau \u00eenlocuirea u\u0219oar\u0103, sunt capabili s\u0103 sporeasc\u0103 eficien\u021ba muncii cu peste 100% \u0219i s\u0103 reduc\u0103 costurile de operare cu p\u00e2n\u0103 la 30%.","og_url":"https:\/\/exparto.pl\/ro\/produkt\/hub-unmanned-hub-baa-0004-4-hole-grapa-cu-discuri\/","og_site_name":"Exparto.pl","article_publisher":"https:\/\/www.facebook.com\/exparto.agro\/","og_image":[{"width":1000,"height":1000,"url":"https:\/\/exparto.pl\/wp-content\/uploads\/2023\/02\/490b1fc80afca7faaff0e785680be386.jpg","type":"image\/jpeg"}],"twitter_card":"summary_large_image","twitter_misc":{"Timp estimat pentru citire":"2 minute"},"schema":{"@context":"https:\/\/schema.org","@graph":[{"@type":"WebPage","@id":"https:\/\/exparto.pl\/ro\/produkt\/hub-unmanned-hub-baa-0004-4-hole-grapa-cu-discuri\/","url":"https:\/\/exparto.pl\/ro\/produkt\/hub-unmanned-hub-baa-0004-4-hole-grapa-cu-discuri\/","name":"Butuc f\u0103r\u0103 \u00eentre\u021binere BAA-0004 4 g\u0103uri - Exparto.pl","isPartOf":{"@id":"https:\/\/exparto.pl\/ro\/#website"},"primaryImageOfPage":{"@id":"https:\/\/exparto.pl\/ro\/produkt\/hub-unmanned-hub-baa-0004-4-hole-grapa-cu-discuri\/#primaryimage"},"image":{"@id":"https:\/\/exparto.pl\/ro\/produkt\/hub-unmanned-hub-baa-0004-4-hole-grapa-cu-discuri\/#primaryimage"},"thumbnailUrl":"https:\/\/exparto.pl\/wp-content\/uploads\/2023\/02\/490b1fc80afca7faaff0e785680be386.jpg","datePublished":"2023-02-21T06:54:33+00:00","breadcrumb":{"@id":"https:\/\/exparto.pl\/ro\/produkt\/hub-unmanned-hub-baa-0004-4-hole-grapa-cu-discuri\/#breadcrumb"},"inLanguage":"ro-RO","potentialAction":[{"@type":"ReadAction","target":["https:\/\/exparto.pl\/ro\/produkt\/hub-unmanned-hub-baa-0004-4-hole-grapa-cu-discuri\/"]}]},{"@type":"ImageObject","inLanguage":"ro-RO","@id":"https:\/\/exparto.pl\/ro\/produkt\/hub-unmanned-hub-baa-0004-4-hole-grapa-cu-discuri\/#primaryimage","url":"https:\/\/exparto.pl\/wp-content\/uploads\/2023\/02\/490b1fc80afca7faaff0e785680be386.jpg","contentUrl":"https:\/\/exparto.pl\/wp-content\/uploads\/2023\/02\/490b1fc80afca7faaff0e785680be386.jpg","width":1000,"height":1000},{"@type":"BreadcrumbList","@id":"https:\/\/exparto.pl\/ro\/produkt\/hub-unmanned-hub-baa-0004-4-hole-grapa-cu-discuri\/#breadcrumb","itemListElement":[{"@type":"ListItem","position":1,"name":"Pagina de start","item":"https:\/\/exparto.pl\/ro\/pagina-de-start\/"},{"@type":"ListItem","position":2,"name":"Sklep","item":"https:\/\/exparto.pl\/sklep\/"},{"@type":"ListItem","position":3,"name":"Lucrare a solului","item":"https:\/\/exparto.pl\/ro\/categoria-de-produse\/lucrare-a-solului\/"},{"@type":"ListItem","position":4,"name":"Hub-uri","item":"https:\/\/exparto.pl\/ro\/categoria-de-produse\/lucrare-a-solului\/hub-uri\/"},{"@type":"ListItem","position":5,"name":"butuci cu 4 g\u0103uri","item":"https:\/\/exparto.pl\/ro\/categoria-de-produse\/lucrare-a-solului\/hub-uri\/butuci-cu-4-gauri\/"},{"@type":"ListItem","position":6,"name":"Butuc f\u0103r\u0103 \u00eentre\u021binere BAA-0004 4 g\u0103uri"}]},{"@type":"WebSite","@id":"https:\/\/exparto.pl\/ro\/#website","url":"https:\/\/exparto.pl\/ro\/","name":"EXPARTO","description":"More than agro parts","publisher":{"@id":"https:\/\/exparto.pl\/ro\/#organization"},"potentialAction":[{"@type":"SearchAction","target":{"@type":"EntryPoint","urlTemplate":"https:\/\/exparto.pl\/ro\/?s={search_term_string}"},"query-input":{"@type":"PropertyValueSpecification","valueRequired":true,"valueName":"search_term_string"}}],"inLanguage":"ro-RO"},{"@type":"Organization","@id":"https:\/\/exparto.pl\/ro\/#organization","name":"EXPARTO","url":"https:\/\/exparto.pl\/ro\/","logo":{"@type":"ImageObject","inLanguage":"ro-RO","@id":"https:\/\/exparto.pl\/ro\/#\/schema\/logo\/image\/","url":"https:\/\/exparto.pl\/wp-content\/uploads\/2023\/02\/logo-wektor.png","contentUrl":"https:\/\/exparto.pl\/wp-content\/uploads\/2023\/02\/logo-wektor.png","width":1338,"height":143,"caption":"EXPARTO"},"image":{"@id":"https:\/\/exparto.pl\/ro\/#\/schema\/logo\/image\/"},"sameAs":["https:\/\/www.facebook.com\/exparto.agro\/"]}]}},"_links":{"self":[{"href":"https:\/\/exparto.pl\/ro\/wp-json\/wp\/v2\/product\/11318","targetHints":{"allow":["GET"]}}],"collection":[{"href":"https:\/\/exparto.pl\/ro\/wp-json\/wp\/v2\/product"}],"about":[{"href":"https:\/\/exparto.pl\/ro\/wp-json\/wp\/v2\/types\/product"}],"replies":[{"embeddable":true,"href":"https:\/\/exparto.pl\/ro\/wp-json\/wp\/v2\/comments?post=11318"}],"wp:featuredmedia":[{"embeddable":true,"href":"https:\/\/exparto.pl\/ro\/wp-json\/wp\/v2\/media\/4349"}],"wp:attachment":[{"href":"https:\/\/exparto.pl\/ro\/wp-json\/wp\/v2\/media?parent=11318"}],"wp:term":[{"taxonomy":"product_brand","embeddable":true,"href":"https:\/\/exparto.pl\/ro\/wp-json\/wp\/v2\/product_brand?post=11318"},{"taxonomy":"product_cat","embeddable":true,"href":"https:\/\/exparto.pl\/ro\/wp-json\/wp\/v2\/product_cat?post=11318"},{"taxonomy":"product_tag","embeddable":true,"href":"https:\/\/exparto.pl\/ro\/wp-json\/wp\/v2\/product_tag?post=11318"}],"curies":[{"name":"wp","href":"https:\/\/api.w.org\/{rel}","templated":true}]}}