{"id":11328,"date":"2023-02-09T13:13:19","date_gmt":"2023-02-09T12:13:19","guid":{"rendered":"https:\/\/exparto.pl\/produkt\/arbore-cardanic-pentru-priza-de-forta-80-cm-300-nm-tub-triunghiular-arbore-transversal-24x63-6-6\/"},"modified":"2023-02-09T12:13:19","modified_gmt":"2023-02-09T11:13:19","slug":"wal-przegubowy-wom-80cm-300nm-rura-krzyzak-24x63","status":"publish","type":"product","link":"https:\/\/exparto.pl\/ro\/produkt\/wal-przegubowy-wom-80cm-300nm-rura-krzyzak-24x63\/","title":{"rendered":"Arbore cardanic pentru priz\u0103 de for\u021b\u0103, 80 cm, 300 Nm, tub triunghiular, arbore transversal 24&#215;63 6\/6"},"content":{"rendered":"<section class=\"section\">\n<div class=\"item item-12\">\n<section class=\"text-item\">\n<p class=\"MsoNormal\" style=\"text-align: justify\">Arborele de transmisie este utilizat pentru a <span style=\"color: inherit;font-weight: 700 !important\">transfera cuplul<\/span> de la priza de putere (PTO) a tractorului la priza de putere (PTO) a ma\u0219inii care este ata\u0219at\u0103 la tractorul respectiv. Arborii sunt o component\u0103 esen\u021bial\u0103 a <span style=\"color: inherit;font-weight: 700 !important\">remorcilor<\/span> \u0219i a <span style=\"color: inherit;font-weight: 700 !important\">vehiculelor agricole<\/span>. \u00cen acela\u0219i timp, acestea reprezint\u0103 <span style=\"color: inherit;font-weight: 700 !important\">o garan\u021bie a fiabilit\u0103\u021bii<\/span> \u0219i a func\u021bion\u0103rii \u00een siguran\u021b\u0103. De asemenea, acestea protejeaz\u0103 componentele de ac\u021bionare ale ma\u0219inii atunci c\u00e2nd aceasta este \u00een func\u021biune. Divizia de baz\u0103 include:<\/p>\n<ul style=\"text-align: justify\">\n<li>Arborele de baz\u0103 al prizei de for\u021b\u0103 \u0219i al arborelui de for\u021b\u0103 &#8211; acestea se utilizeaz\u0103 atunci c\u00e2nd pozi\u021bionarea reciproc\u0103 a arborelui de for\u021b\u0103 \u0219i a arborelui de for\u021b\u0103 \u00een raport unul cu cel\u0103lalt nu dep\u0103\u0219e\u0219te un unghi de articulare de 25\u00b0 \u00een timpul func\u021bion\u0103rii continue.<\/li>\n<li>Arbori de priz\u0103 de for\u021b\u0103 cu unghi larg &#8211; acestea sunt utilizate atunci c\u00e2nd pozi\u021bionarea reciproc\u0103 a arborilor de priz\u0103 de for\u021b\u0103 \u0219i de priz\u0103 de for\u021b\u0103 poate duce la ruperea articula\u021biei p\u00e2n\u0103 la un unghi de rupere a articula\u021biei de 50\u00b0 \u00een timpul func\u021bion\u0103rii continue \u0219i de 50\u00b0 \u00een timpul func\u021bion\u0103rii momentane.<\/li>\n<\/ul>\n<p class=\"MsoNormal\" style=\"text-align: justify\">De asemenea, se poate face o distinc\u021bie \u00eentre arbori <span style=\"color: inherit;font-weight: 700 !important\">freza\u021bi, arbori tubulari<\/span> \u0219i arbori <span style=\"color: inherit;font-weight: 700 !important\">tubulari-triunghiulari<\/span> &#8211; ace\u0219tia difer\u0103 prin profilurile tuburilor. Arborii individuali pot avea, de asemenea, valori de cuplu diferite \u0219i un num\u0103r diferit de articula\u021bii cu unghi larg.<\/p>\n<p class=\"MsoNormal\" style=\"text-align: justify\">La Exparto, oferim <span style=\"color: inherit;font-weight: 700 !important\">arbori comple\u021bi<\/span>, precum \u0219i <span style=\"color: inherit;font-weight: 700 !important\">piese \u0219i accesorii<\/span> pentru ace\u0219tia: piese transversale, articula\u021bii, cuplaje. Componentele individuale sunt realizate din materiale de \u00eenalt\u0103 calitate (de ex. din <span style=\"color: inherit;font-weight: 700 !important\">o\u021bel cu con\u021binut ridicat de carbon<\/span>), iar <span style=\"color: inherit;font-weight: 700 !important\">capacele arborilor<\/span> nu sunt sensibile la <span style=\"color: inherit;font-weight: 700 !important\">deterior\u0103ri mecanice<\/span>, la temperaturi sc\u0103zute sau la radia\u021bii UV. Mai mult, unele componente sunt echipate cu rulmen\u021bi speciali pentru sarcini grele.<\/p>\n<p style=\"text-align: justify\"><strong>\u2705EXEMPLU DE APLICA\u021aIE:<\/strong><\/p>\n<ul>\n<li><strong>Pulverizator<\/strong><\/li>\n<li><strong>Cositoare rotativ\u0103<\/strong><\/li>\n<li><strong>Grebl\u0103<\/strong><\/li>\n<\/ul>\n<\/section>\n<\/div>\n<\/section>\n","protected":false},"excerpt":{"rendered":"<p style=\"text-align: justify\">Arborele de transmisie este utilizat pentru a <span style=\"color: inherit\">transfera cuplul<\/span> de la priza de putere (PTO) a tractorului la priza de putere (PTO) a ma\u0219inii care este ata\u0219at\u0103 la tractorul respectiv.<\/p>\n","protected":false},"featured_media":60866,"comment_status":"open","ping_status":"closed","template":"","meta":{"_acf_changed":false,"inline_featured_image":false},"product_brand":[],"product_cat":[364,363],"product_tag":[],"class_list":{"0":"post-11328","1":"product","2":"type-product","3":"status-publish","4":"has-post-thumbnail","6":"product_cat-arbori-cu-tuburi-triunghiulare","7":"product_cat-arbori-pto-telescopici","9":"first","10":"instock","11":"taxable","12":"shipping-taxable","13":"purchasable","14":"product-type-simple"},"acf":[],"yoast_head":"<!-- This site is optimized with the Yoast SEO plugin v27.2 - https:\/\/yoast.com\/product\/yoast-seo-wordpress\/ -->\n<title>Arbore cardanic pentru priz\u0103 de for\u021b\u0103, 80 cm, 300 Nm, tub triunghiular, arbore transversal 24x63 6\/6 - Exparto.pl<\/title>\n<meta name=\"robots\" content=\"index, follow, max-snippet:-1, max-image-preview:large, max-video-preview:-1\" \/>\n<link rel=\"canonical\" href=\"https:\/\/exparto.pl\/ro\/produkt\/wal-przegubowy-wom-80cm-300nm-rura-krzyzak-24x63\/\" \/>\n<meta property=\"og:locale\" content=\"ro_RO\" \/>\n<meta property=\"og:type\" content=\"article\" \/>\n<meta property=\"og:title\" content=\"Arbore cardanic pentru priz\u0103 de for\u021b\u0103, 80 cm, 300 Nm, tub triunghiular, arbore transversal 24x63 6\/6 - Exparto.pl\" \/>\n<meta property=\"og:description\" content=\"Arborele de transmisie este utilizat pentru a transfera cuplul de la priza de putere (PTO) a tractorului la priza de putere (PTO) a ma\u0219inii care este ata\u0219at\u0103 la tractorul respectiv.\" \/>\n<meta property=\"og:url\" content=\"https:\/\/exparto.pl\/ro\/produkt\/wal-przegubowy-wom-80cm-300nm-rura-krzyzak-24x63\/\" \/>\n<meta property=\"og:site_name\" content=\"Exparto.pl\" \/>\n<meta property=\"article:publisher\" content=\"https:\/\/www.facebook.com\/exparto.agro\/\" \/>\n<meta property=\"og:image\" content=\"https:\/\/exparto.pl\/wp-content\/uploads\/2023\/03\/67.jpg\" \/>\n\t<meta property=\"og:image:width\" content=\"1000\" \/>\n\t<meta property=\"og:image:height\" content=\"1000\" \/>\n\t<meta property=\"og:image:type\" content=\"image\/jpeg\" \/>\n<meta name=\"twitter:card\" content=\"summary_large_image\" \/>\n<meta name=\"twitter:label1\" content=\"Timp estimat pentru citire\" \/>\n\t<meta name=\"twitter:data1\" content=\"2 minute\" \/>\n<script type=\"application\/ld+json\" class=\"yoast-schema-graph\">{\"@context\":\"https:\/\/schema.org\",\"@graph\":[{\"@type\":\"WebPage\",\"@id\":\"https:\/\/exparto.pl\/ro\/produkt\/wal-przegubowy-wom-80cm-300nm-rura-krzyzak-24x63\/\",\"url\":\"https:\/\/exparto.pl\/ro\/produkt\/wal-przegubowy-wom-80cm-300nm-rura-krzyzak-24x63\/\",\"name\":\"Arbore cardanic pentru priz\u0103 de for\u021b\u0103, 80 cm, 300 Nm, tub triunghiular, arbore transversal 24x63 6\/6 - Exparto.pl\",\"isPartOf\":{\"@id\":\"https:\/\/exparto.pl\/ro\/#website\"},\"primaryImageOfPage\":{\"@id\":\"https:\/\/exparto.pl\/ro\/produkt\/wal-przegubowy-wom-80cm-300nm-rura-krzyzak-24x63\/#primaryimage\"},\"image\":{\"@id\":\"https:\/\/exparto.pl\/ro\/produkt\/wal-przegubowy-wom-80cm-300nm-rura-krzyzak-24x63\/#primaryimage\"},\"thumbnailUrl\":\"https:\/\/exparto.pl\/wp-content\/uploads\/2025\/12\/b0923fc499a2e63ee3143a79b8288c2e.jpg\",\"datePublished\":\"2023-02-09T12:13:19+00:00\",\"breadcrumb\":{\"@id\":\"https:\/\/exparto.pl\/ro\/produkt\/wal-przegubowy-wom-80cm-300nm-rura-krzyzak-24x63\/#breadcrumb\"},\"inLanguage\":\"ro-RO\",\"potentialAction\":[{\"@type\":\"ReadAction\",\"target\":[\"https:\/\/exparto.pl\/ro\/produkt\/wal-przegubowy-wom-80cm-300nm-rura-krzyzak-24x63\/\"]}]},{\"@type\":\"ImageObject\",\"inLanguage\":\"ro-RO\",\"@id\":\"https:\/\/exparto.pl\/ro\/produkt\/wal-przegubowy-wom-80cm-300nm-rura-krzyzak-24x63\/#primaryimage\",\"url\":\"https:\/\/exparto.pl\/wp-content\/uploads\/2025\/12\/b0923fc499a2e63ee3143a79b8288c2e.jpg\",\"contentUrl\":\"https:\/\/exparto.pl\/wp-content\/uploads\/2025\/12\/b0923fc499a2e63ee3143a79b8288c2e.jpg\",\"width\":1000,\"height\":1000},{\"@type\":\"BreadcrumbList\",\"@id\":\"https:\/\/exparto.pl\/ro\/produkt\/wal-przegubowy-wom-80cm-300nm-rura-krzyzak-24x63\/#breadcrumb\",\"itemListElement\":[{\"@type\":\"ListItem\",\"position\":1,\"name\":\"Pagina de start\",\"item\":\"https:\/\/exparto.pl\/ro\/pagina-de-start\/\"},{\"@type\":\"ListItem\",\"position\":2,\"name\":\"Sklep\",\"item\":\"https:\/\/exparto.pl\/sklep\/\"},{\"@type\":\"ListItem\",\"position\":3,\"name\":\"Arbori PTO telescopici\",\"item\":\"https:\/\/exparto.pl\/ro\/categoria-de-produse\/arbori-pto-telescopici\/\"},{\"@type\":\"ListItem\",\"position\":4,\"name\":\"Arbori cu tuburi triunghiulare\",\"item\":\"https:\/\/exparto.pl\/ro\/categoria-de-produse\/arbori-pto-telescopici\/arbori-cu-tuburi-triunghiulare\/\"},{\"@type\":\"ListItem\",\"position\":5,\"name\":\"Arbore cardanic pentru priz\u0103 de for\u021b\u0103, 80 cm, 300 Nm, tub triunghiular, arbore transversal 24&#215;63 6\/6\"}]},{\"@type\":\"WebSite\",\"@id\":\"https:\/\/exparto.pl\/ro\/#website\",\"url\":\"https:\/\/exparto.pl\/ro\/\",\"name\":\"EXPARTO\",\"description\":\"More than agro parts\",\"publisher\":{\"@id\":\"https:\/\/exparto.pl\/ro\/#organization\"},\"potentialAction\":[{\"@type\":\"SearchAction\",\"target\":{\"@type\":\"EntryPoint\",\"urlTemplate\":\"https:\/\/exparto.pl\/ro\/?s={search_term_string}\"},\"query-input\":{\"@type\":\"PropertyValueSpecification\",\"valueRequired\":true,\"valueName\":\"search_term_string\"}}],\"inLanguage\":\"ro-RO\"},{\"@type\":\"Organization\",\"@id\":\"https:\/\/exparto.pl\/ro\/#organization\",\"name\":\"EXPARTO\",\"url\":\"https:\/\/exparto.pl\/ro\/\",\"logo\":{\"@type\":\"ImageObject\",\"inLanguage\":\"ro-RO\",\"@id\":\"https:\/\/exparto.pl\/ro\/#\/schema\/logo\/image\/\",\"url\":\"https:\/\/exparto.pl\/wp-content\/uploads\/2023\/02\/logo-wektor.png\",\"contentUrl\":\"https:\/\/exparto.pl\/wp-content\/uploads\/2023\/02\/logo-wektor.png\",\"width\":1338,\"height\":143,\"caption\":\"EXPARTO\"},\"image\":{\"@id\":\"https:\/\/exparto.pl\/ro\/#\/schema\/logo\/image\/\"},\"sameAs\":[\"https:\/\/www.facebook.com\/exparto.agro\/\"]}]}<\/script>\n<!-- \/ Yoast SEO plugin. -->","yoast_head_json":{"title":"Arbore cardanic pentru priz\u0103 de for\u021b\u0103, 80 cm, 300 Nm, tub triunghiular, arbore transversal 24x63 6\/6 - Exparto.pl","robots":{"index":"index","follow":"follow","max-snippet":"max-snippet:-1","max-image-preview":"max-image-preview:large","max-video-preview":"max-video-preview:-1"},"canonical":"https:\/\/exparto.pl\/ro\/produkt\/wal-przegubowy-wom-80cm-300nm-rura-krzyzak-24x63\/","og_locale":"ro_RO","og_type":"article","og_title":"Arbore cardanic pentru priz\u0103 de for\u021b\u0103, 80 cm, 300 Nm, tub triunghiular, arbore transversal 24x63 6\/6 - Exparto.pl","og_description":"Arborele de transmisie este utilizat pentru a transfera cuplul de la priza de putere (PTO) a tractorului la priza de putere (PTO) a ma\u0219inii care este ata\u0219at\u0103 la tractorul respectiv.","og_url":"https:\/\/exparto.pl\/ro\/produkt\/wal-przegubowy-wom-80cm-300nm-rura-krzyzak-24x63\/","og_site_name":"Exparto.pl","article_publisher":"https:\/\/www.facebook.com\/exparto.agro\/","og_image":[{"width":1000,"height":1000,"url":"https:\/\/exparto.pl\/wp-content\/uploads\/2023\/03\/67.jpg","type":"image\/jpeg"}],"twitter_card":"summary_large_image","twitter_misc":{"Timp estimat pentru citire":"2 minute"},"schema":{"@context":"https:\/\/schema.org","@graph":[{"@type":"WebPage","@id":"https:\/\/exparto.pl\/ro\/produkt\/wal-przegubowy-wom-80cm-300nm-rura-krzyzak-24x63\/","url":"https:\/\/exparto.pl\/ro\/produkt\/wal-przegubowy-wom-80cm-300nm-rura-krzyzak-24x63\/","name":"Arbore cardanic pentru priz\u0103 de for\u021b\u0103, 80 cm, 300 Nm, tub triunghiular, arbore transversal 24x63 6\/6 - Exparto.pl","isPartOf":{"@id":"https:\/\/exparto.pl\/ro\/#website"},"primaryImageOfPage":{"@id":"https:\/\/exparto.pl\/ro\/produkt\/wal-przegubowy-wom-80cm-300nm-rura-krzyzak-24x63\/#primaryimage"},"image":{"@id":"https:\/\/exparto.pl\/ro\/produkt\/wal-przegubowy-wom-80cm-300nm-rura-krzyzak-24x63\/#primaryimage"},"thumbnailUrl":"https:\/\/exparto.pl\/wp-content\/uploads\/2025\/12\/b0923fc499a2e63ee3143a79b8288c2e.jpg","datePublished":"2023-02-09T12:13:19+00:00","breadcrumb":{"@id":"https:\/\/exparto.pl\/ro\/produkt\/wal-przegubowy-wom-80cm-300nm-rura-krzyzak-24x63\/#breadcrumb"},"inLanguage":"ro-RO","potentialAction":[{"@type":"ReadAction","target":["https:\/\/exparto.pl\/ro\/produkt\/wal-przegubowy-wom-80cm-300nm-rura-krzyzak-24x63\/"]}]},{"@type":"ImageObject","inLanguage":"ro-RO","@id":"https:\/\/exparto.pl\/ro\/produkt\/wal-przegubowy-wom-80cm-300nm-rura-krzyzak-24x63\/#primaryimage","url":"https:\/\/exparto.pl\/wp-content\/uploads\/2025\/12\/b0923fc499a2e63ee3143a79b8288c2e.jpg","contentUrl":"https:\/\/exparto.pl\/wp-content\/uploads\/2025\/12\/b0923fc499a2e63ee3143a79b8288c2e.jpg","width":1000,"height":1000},{"@type":"BreadcrumbList","@id":"https:\/\/exparto.pl\/ro\/produkt\/wal-przegubowy-wom-80cm-300nm-rura-krzyzak-24x63\/#breadcrumb","itemListElement":[{"@type":"ListItem","position":1,"name":"Pagina de start","item":"https:\/\/exparto.pl\/ro\/pagina-de-start\/"},{"@type":"ListItem","position":2,"name":"Sklep","item":"https:\/\/exparto.pl\/sklep\/"},{"@type":"ListItem","position":3,"name":"Arbori PTO telescopici","item":"https:\/\/exparto.pl\/ro\/categoria-de-produse\/arbori-pto-telescopici\/"},{"@type":"ListItem","position":4,"name":"Arbori cu tuburi triunghiulare","item":"https:\/\/exparto.pl\/ro\/categoria-de-produse\/arbori-pto-telescopici\/arbori-cu-tuburi-triunghiulare\/"},{"@type":"ListItem","position":5,"name":"Arbore cardanic pentru priz\u0103 de for\u021b\u0103, 80 cm, 300 Nm, tub triunghiular, arbore transversal 24&#215;63 6\/6"}]},{"@type":"WebSite","@id":"https:\/\/exparto.pl\/ro\/#website","url":"https:\/\/exparto.pl\/ro\/","name":"EXPARTO","description":"More than agro parts","publisher":{"@id":"https:\/\/exparto.pl\/ro\/#organization"},"potentialAction":[{"@type":"SearchAction","target":{"@type":"EntryPoint","urlTemplate":"https:\/\/exparto.pl\/ro\/?s={search_term_string}"},"query-input":{"@type":"PropertyValueSpecification","valueRequired":true,"valueName":"search_term_string"}}],"inLanguage":"ro-RO"},{"@type":"Organization","@id":"https:\/\/exparto.pl\/ro\/#organization","name":"EXPARTO","url":"https:\/\/exparto.pl\/ro\/","logo":{"@type":"ImageObject","inLanguage":"ro-RO","@id":"https:\/\/exparto.pl\/ro\/#\/schema\/logo\/image\/","url":"https:\/\/exparto.pl\/wp-content\/uploads\/2023\/02\/logo-wektor.png","contentUrl":"https:\/\/exparto.pl\/wp-content\/uploads\/2023\/02\/logo-wektor.png","width":1338,"height":143,"caption":"EXPARTO"},"image":{"@id":"https:\/\/exparto.pl\/ro\/#\/schema\/logo\/image\/"},"sameAs":["https:\/\/www.facebook.com\/exparto.agro\/"]}]}},"_links":{"self":[{"href":"https:\/\/exparto.pl\/ro\/wp-json\/wp\/v2\/product\/11328","targetHints":{"allow":["GET"]}}],"collection":[{"href":"https:\/\/exparto.pl\/ro\/wp-json\/wp\/v2\/product"}],"about":[{"href":"https:\/\/exparto.pl\/ro\/wp-json\/wp\/v2\/types\/product"}],"replies":[{"embeddable":true,"href":"https:\/\/exparto.pl\/ro\/wp-json\/wp\/v2\/comments?post=11328"}],"wp:featuredmedia":[{"embeddable":true,"href":"https:\/\/exparto.pl\/ro\/wp-json\/wp\/v2\/media\/60866"}],"wp:attachment":[{"href":"https:\/\/exparto.pl\/ro\/wp-json\/wp\/v2\/media?parent=11328"}],"wp:term":[{"taxonomy":"product_brand","embeddable":true,"href":"https:\/\/exparto.pl\/ro\/wp-json\/wp\/v2\/product_brand?post=11328"},{"taxonomy":"product_cat","embeddable":true,"href":"https:\/\/exparto.pl\/ro\/wp-json\/wp\/v2\/product_cat?post=11328"},{"taxonomy":"product_tag","embeddable":true,"href":"https:\/\/exparto.pl\/ro\/wp-json\/wp\/v2\/product_tag?post=11328"}],"curies":[{"name":"wp","href":"https:\/\/api.w.org\/{rel}","templated":true}]}}