{"id":11346,"date":"2023-03-01T20:54:46","date_gmt":"2023-03-01T19:54:46","guid":{"rendered":"https:\/\/exparto.pl\/produkt\/cilindru-cilindru-telescopic-st4-1300-8t\/"},"modified":"2023-03-01T19:54:46","modified_gmt":"2023-03-01T18:54:46","slug":"motor-cylinder-telescopic-st4-1300-8t","status":"publish","type":"product","link":"https:\/\/exparto.pl\/ro\/produkt\/motor-cylinder-telescopic-st4-1300-8t\/","title":{"rendered":"Cilindru cilindru telescopic ST4-1300 8T"},"content":{"rendered":"<p class=\"MsoNormal\" style=\"text-align: justify;\">Cilindrii <b>telescopici<\/b> sunt un tip distinctiv de <b>cilindru hidraulic<\/b>. Acestea asigur\u0103 func\u021bionarea corect\u0103 a mecanismului chiar \u0219i \u00een cele mai solicitante condi\u021bii de func\u021bionare. Acestea sunt capabile s\u0103 ridice cele mai grele \u00eenc\u0103rc\u0103turi, deoarece domeniul lor de presiune maxim\u0103 de func\u021bionare este cuprins \u00eentre 16-32 Mpa (160-320 bar).<\/p>\n<p class=\"MsoNormal\" style=\"text-align: justify;\">Cilindrii telescopici au o <b>gam\u0103 mai mare de curse<\/b> \u00een timpul func\u021bion\u0103rii cilindrilor, \u00een compara\u021bie cu motoarele hidraulice standard. De asemenea, acestea sunt echipate cu mai multe <b>pistoane \u00eencorporate<\/b> care se extind pe r\u00e2nd &#8211; astfel \u00eenc\u00e2t extensia (a\u0219a-numita curs\u0103 de lucru) este foarte mare, \u00een ciuda lungimii lor scurte. Ele sunt, de asemenea, unilaterale, ca \u00een<br \/>\n\u00cen acest caz, <b>uleiul ac\u021bioneaz\u0103 sub presiune <\/b>pe o parte, determin\u00e2nd extinderea componentelor individuale ale dispozitivului de ac\u021bionare. Diversele <b>modele de ac\u021bionare telescopic\u0103 <\/b>difer\u0103, printre altele. cursa, precum \u0219i num\u0103rul de cilindri.<\/p>\n<p class=\"MsoNormal\" style=\"text-align: justify;\">Pentru ca buteliile telescopice s\u0103 func\u021bioneze excelent pe <b>o perioad\u0103 lung\u0103 de timp<\/b>, acestea trebuie s\u0103 fie fabricate din materiale <b>de \u00eenalt\u0103 calitate<\/b>, ceea ce permite \u00eentregului sistem s\u0103 dureze mai mult. Este bine ca acestea s\u0103 fie acoperite suplimentar cu <b>un lac \u00een dou\u0103 straturi<\/b>, care le protejeaz\u0103 \u00een mod adecvat \u0219i, \u00een acela\u0219i timp, garanteaz\u0103 un aspect impecabil timp de mul\u021bi ani. Ar trebui s\u0103 ad\u0103ug\u0103m c\u0103 cilindrii telescopici sunt utiliza\u021bi \u00een principal la <b>fabricarea remorcilor agricole<\/b>. Cu toate acestea, ele exceleaz\u0103 \u0219i \u00een <b>alte industrii<\/b>, inclusiv \u00een construc\u021bii, minerit, utilaje industriale \u0219i aerospa\u021biale \u0219i chiar \u00een industria transporturilor \u00een general.<\/p>\n<p>Se potrive\u0219te remorcilor basculante cu 3 laturi, cum ar fi:<\/p>\n<p>D47, PRONAR: T-117, T-169, T-654, T-655, T669, T669\/1 \u0219i multe altele.<\/p>\n","protected":false},"excerpt":{"rendered":"<p style=\"text-align: justify;\">Cilindrii <span style=\"color: inherit;\">telescopici<\/span> sunt un tip distinctiv de <span style=\"color: inherit;\">cilindru hidraulic<\/span>. Acestea asigur\u0103 func\u021bionarea corect\u0103 a mecanismului chiar \u0219i \u00een cele mai solicitante condi\u021bii de func\u021bionare.<\/p>\n","protected":false},"featured_media":57880,"comment_status":"open","ping_status":"closed","template":"","meta":{"_acf_changed":false,"inline_featured_image":false},"product_brand":[920],"product_cat":[382,454],"product_tag":[],"class_list":{"0":"post-11346","1":"product","2":"type-product","3":"status-publish","4":"has-post-thumbnail","6":"product_brand-exparto","7":"product_cat-cilindri-telescopici","8":"product_cat-hidraulica","10":"first","11":"instock","12":"featured","13":"taxable","14":"shipping-taxable","15":"purchasable","16":"product-type-simple"},"acf":[],"yoast_head":"<!-- This site is optimized with the Yoast SEO plugin v27.4 - https:\/\/yoast.com\/product\/yoast-seo-wordpress\/ -->\n<title>Cilindru cilindru telescopic ST4-1300 8T - Exparto.pl<\/title>\n<meta name=\"robots\" content=\"index, follow, max-snippet:-1, max-image-preview:large, max-video-preview:-1\" \/>\n<link rel=\"canonical\" href=\"https:\/\/exparto.pl\/ro\/produkt\/motor-cylinder-telescopic-st4-1300-8t\/\" \/>\n<meta property=\"og:locale\" content=\"ro_RO\" \/>\n<meta property=\"og:type\" content=\"article\" \/>\n<meta property=\"og:title\" content=\"Cilindru cilindru telescopic ST4-1300 8T - Exparto.pl\" \/>\n<meta property=\"og:description\" content=\"Cilindrii telescopici sunt un tip distinctiv de cilindru hidraulic. Acestea asigur\u0103 func\u021bionarea corect\u0103 a mecanismului chiar \u0219i \u00een cele mai solicitante condi\u021bii de func\u021bionare.\" \/>\n<meta property=\"og:url\" content=\"https:\/\/exparto.pl\/ro\/produkt\/motor-cylinder-telescopic-st4-1300-8t\/\" \/>\n<meta property=\"og:site_name\" content=\"Exparto.pl\" \/>\n<meta property=\"article:publisher\" content=\"https:\/\/www.facebook.com\/exparto.agro\/\" \/>\n<meta property=\"og:image\" content=\"https:\/\/exparto.pl\/wp-content\/uploads\/2023\/03\/425b5cbbb0b2266e82554200647bf899.jpg\" \/>\n\t<meta property=\"og:image:width\" content=\"1000\" \/>\n\t<meta property=\"og:image:height\" content=\"1000\" \/>\n\t<meta property=\"og:image:type\" content=\"image\/jpeg\" \/>\n<meta name=\"twitter:card\" content=\"summary_large_image\" \/>\n<meta name=\"twitter:label1\" content=\"Timp estimat pentru citire\" \/>\n\t<meta name=\"twitter:data1\" content=\"1 minut\" \/>\n<script type=\"application\/ld+json\" class=\"yoast-schema-graph\">{\"@context\":\"https:\\\/\\\/schema.org\",\"@graph\":[{\"@type\":\"WebPage\",\"@id\":\"https:\\\/\\\/exparto.pl\\\/ro\\\/produkt\\\/motor-cylinder-telescopic-st4-1300-8t\\\/\",\"url\":\"https:\\\/\\\/exparto.pl\\\/ro\\\/produkt\\\/motor-cylinder-telescopic-st4-1300-8t\\\/\",\"name\":\"Cilindru cilindru telescopic ST4-1300 8T - Exparto.pl\",\"isPartOf\":{\"@id\":\"https:\\\/\\\/exparto.pl\\\/ro\\\/#website\"},\"primaryImageOfPage\":{\"@id\":\"https:\\\/\\\/exparto.pl\\\/ro\\\/produkt\\\/motor-cylinder-telescopic-st4-1300-8t\\\/#primaryimage\"},\"image\":{\"@id\":\"https:\\\/\\\/exparto.pl\\\/ro\\\/produkt\\\/motor-cylinder-telescopic-st4-1300-8t\\\/#primaryimage\"},\"thumbnailUrl\":\"https:\\\/\\\/exparto.pl\\\/wp-content\\\/uploads\\\/2023\\\/03\\\/zdjecie3_padding_1000x1000.png\",\"datePublished\":\"2023-03-01T19:54:46+00:00\",\"breadcrumb\":{\"@id\":\"https:\\\/\\\/exparto.pl\\\/ro\\\/produkt\\\/motor-cylinder-telescopic-st4-1300-8t\\\/#breadcrumb\"},\"inLanguage\":\"ro-RO\",\"potentialAction\":[{\"@type\":\"ReadAction\",\"target\":[\"https:\\\/\\\/exparto.pl\\\/ro\\\/produkt\\\/motor-cylinder-telescopic-st4-1300-8t\\\/\"]}]},{\"@type\":\"ImageObject\",\"inLanguage\":\"ro-RO\",\"@id\":\"https:\\\/\\\/exparto.pl\\\/ro\\\/produkt\\\/motor-cylinder-telescopic-st4-1300-8t\\\/#primaryimage\",\"url\":\"https:\\\/\\\/exparto.pl\\\/wp-content\\\/uploads\\\/2023\\\/03\\\/zdjecie3_padding_1000x1000.png\",\"contentUrl\":\"https:\\\/\\\/exparto.pl\\\/wp-content\\\/uploads\\\/2023\\\/03\\\/zdjecie3_padding_1000x1000.png\",\"width\":1000,\"height\":1000},{\"@type\":\"BreadcrumbList\",\"@id\":\"https:\\\/\\\/exparto.pl\\\/ro\\\/produkt\\\/motor-cylinder-telescopic-st4-1300-8t\\\/#breadcrumb\",\"itemListElement\":[{\"@type\":\"ListItem\",\"position\":1,\"name\":\"Pagina de start\",\"item\":\"https:\\\/\\\/exparto.pl\\\/ro\\\/pagina-de-start\\\/\"},{\"@type\":\"ListItem\",\"position\":2,\"name\":\"Sklep\",\"item\":\"https:\\\/\\\/exparto.pl\\\/sklep\\\/\"},{\"@type\":\"ListItem\",\"position\":3,\"name\":\"Piese de remorc\u0103\",\"item\":\"https:\\\/\\\/exparto.pl\\\/ro\\\/categoria-de-produse\\\/piese-de-remorca\\\/\"},{\"@type\":\"ListItem\",\"position\":4,\"name\":\"Pasuj\u0105ce do przyczep\",\"item\":\"https:\\\/\\\/exparto.pl\\\/kategoria-produktu\\\/czesci-do-przyczep\\\/d-35-d-47-d-50\\\/\"},{\"@type\":\"ListItem\",\"position\":5,\"name\":\"Cz\u0119\u015bci do przyczepy D-47\",\"item\":\"https:\\\/\\\/exparto.pl\\\/kategoria-produktu\\\/czesci-do-przyczep\\\/d-35-d-47-d-50\\\/d-47\\\/\"},{\"@type\":\"ListItem\",\"position\":6,\"name\":\"Cilindru cilindru telescopic ST4-1300 8T\"}]},{\"@type\":\"WebSite\",\"@id\":\"https:\\\/\\\/exparto.pl\\\/ro\\\/#website\",\"url\":\"https:\\\/\\\/exparto.pl\\\/ro\\\/\",\"name\":\"EXPARTO\",\"description\":\"More than agro parts\",\"publisher\":{\"@id\":\"https:\\\/\\\/exparto.pl\\\/ro\\\/#organization\"},\"potentialAction\":[{\"@type\":\"SearchAction\",\"target\":{\"@type\":\"EntryPoint\",\"urlTemplate\":\"https:\\\/\\\/exparto.pl\\\/ro\\\/?s={search_term_string}\"},\"query-input\":{\"@type\":\"PropertyValueSpecification\",\"valueRequired\":true,\"valueName\":\"search_term_string\"}}],\"inLanguage\":\"ro-RO\"},{\"@type\":\"Organization\",\"@id\":\"https:\\\/\\\/exparto.pl\\\/ro\\\/#organization\",\"name\":\"EXPARTO\",\"url\":\"https:\\\/\\\/exparto.pl\\\/ro\\\/\",\"logo\":{\"@type\":\"ImageObject\",\"inLanguage\":\"ro-RO\",\"@id\":\"https:\\\/\\\/exparto.pl\\\/ro\\\/#\\\/schema\\\/logo\\\/image\\\/\",\"url\":\"https:\\\/\\\/exparto.pl\\\/wp-content\\\/uploads\\\/2023\\\/02\\\/logo-wektor.png\",\"contentUrl\":\"https:\\\/\\\/exparto.pl\\\/wp-content\\\/uploads\\\/2023\\\/02\\\/logo-wektor.png\",\"width\":1338,\"height\":143,\"caption\":\"EXPARTO\"},\"image\":{\"@id\":\"https:\\\/\\\/exparto.pl\\\/ro\\\/#\\\/schema\\\/logo\\\/image\\\/\"},\"sameAs\":[\"https:\\\/\\\/www.facebook.com\\\/exparto.agro\\\/\"]}]}<\/script>\n<!-- \/ Yoast SEO plugin. -->","yoast_head_json":{"title":"Cilindru cilindru telescopic ST4-1300 8T - Exparto.pl","robots":{"index":"index","follow":"follow","max-snippet":"max-snippet:-1","max-image-preview":"max-image-preview:large","max-video-preview":"max-video-preview:-1"},"canonical":"https:\/\/exparto.pl\/ro\/produkt\/motor-cylinder-telescopic-st4-1300-8t\/","og_locale":"ro_RO","og_type":"article","og_title":"Cilindru cilindru telescopic ST4-1300 8T - Exparto.pl","og_description":"Cilindrii telescopici sunt un tip distinctiv de cilindru hidraulic. Acestea asigur\u0103 func\u021bionarea corect\u0103 a mecanismului chiar \u0219i \u00een cele mai solicitante condi\u021bii de func\u021bionare.","og_url":"https:\/\/exparto.pl\/ro\/produkt\/motor-cylinder-telescopic-st4-1300-8t\/","og_site_name":"Exparto.pl","article_publisher":"https:\/\/www.facebook.com\/exparto.agro\/","og_image":[{"width":1000,"height":1000,"url":"https:\/\/exparto.pl\/wp-content\/uploads\/2023\/03\/425b5cbbb0b2266e82554200647bf899.jpg","type":"image\/jpeg"}],"twitter_card":"summary_large_image","twitter_misc":{"Timp estimat pentru citire":"1 minut"},"schema":{"@context":"https:\/\/schema.org","@graph":[{"@type":"WebPage","@id":"https:\/\/exparto.pl\/ro\/produkt\/motor-cylinder-telescopic-st4-1300-8t\/","url":"https:\/\/exparto.pl\/ro\/produkt\/motor-cylinder-telescopic-st4-1300-8t\/","name":"Cilindru cilindru telescopic ST4-1300 8T - Exparto.pl","isPartOf":{"@id":"https:\/\/exparto.pl\/ro\/#website"},"primaryImageOfPage":{"@id":"https:\/\/exparto.pl\/ro\/produkt\/motor-cylinder-telescopic-st4-1300-8t\/#primaryimage"},"image":{"@id":"https:\/\/exparto.pl\/ro\/produkt\/motor-cylinder-telescopic-st4-1300-8t\/#primaryimage"},"thumbnailUrl":"https:\/\/exparto.pl\/wp-content\/uploads\/2023\/03\/zdjecie3_padding_1000x1000.png","datePublished":"2023-03-01T19:54:46+00:00","breadcrumb":{"@id":"https:\/\/exparto.pl\/ro\/produkt\/motor-cylinder-telescopic-st4-1300-8t\/#breadcrumb"},"inLanguage":"ro-RO","potentialAction":[{"@type":"ReadAction","target":["https:\/\/exparto.pl\/ro\/produkt\/motor-cylinder-telescopic-st4-1300-8t\/"]}]},{"@type":"ImageObject","inLanguage":"ro-RO","@id":"https:\/\/exparto.pl\/ro\/produkt\/motor-cylinder-telescopic-st4-1300-8t\/#primaryimage","url":"https:\/\/exparto.pl\/wp-content\/uploads\/2023\/03\/zdjecie3_padding_1000x1000.png","contentUrl":"https:\/\/exparto.pl\/wp-content\/uploads\/2023\/03\/zdjecie3_padding_1000x1000.png","width":1000,"height":1000},{"@type":"BreadcrumbList","@id":"https:\/\/exparto.pl\/ro\/produkt\/motor-cylinder-telescopic-st4-1300-8t\/#breadcrumb","itemListElement":[{"@type":"ListItem","position":1,"name":"Pagina de start","item":"https:\/\/exparto.pl\/ro\/pagina-de-start\/"},{"@type":"ListItem","position":2,"name":"Sklep","item":"https:\/\/exparto.pl\/sklep\/"},{"@type":"ListItem","position":3,"name":"Piese de remorc\u0103","item":"https:\/\/exparto.pl\/ro\/categoria-de-produse\/piese-de-remorca\/"},{"@type":"ListItem","position":4,"name":"Pasuj\u0105ce do przyczep","item":"https:\/\/exparto.pl\/kategoria-produktu\/czesci-do-przyczep\/d-35-d-47-d-50\/"},{"@type":"ListItem","position":5,"name":"Cz\u0119\u015bci do przyczepy D-47","item":"https:\/\/exparto.pl\/kategoria-produktu\/czesci-do-przyczep\/d-35-d-47-d-50\/d-47\/"},{"@type":"ListItem","position":6,"name":"Cilindru cilindru telescopic ST4-1300 8T"}]},{"@type":"WebSite","@id":"https:\/\/exparto.pl\/ro\/#website","url":"https:\/\/exparto.pl\/ro\/","name":"EXPARTO","description":"More than agro parts","publisher":{"@id":"https:\/\/exparto.pl\/ro\/#organization"},"potentialAction":[{"@type":"SearchAction","target":{"@type":"EntryPoint","urlTemplate":"https:\/\/exparto.pl\/ro\/?s={search_term_string}"},"query-input":{"@type":"PropertyValueSpecification","valueRequired":true,"valueName":"search_term_string"}}],"inLanguage":"ro-RO"},{"@type":"Organization","@id":"https:\/\/exparto.pl\/ro\/#organization","name":"EXPARTO","url":"https:\/\/exparto.pl\/ro\/","logo":{"@type":"ImageObject","inLanguage":"ro-RO","@id":"https:\/\/exparto.pl\/ro\/#\/schema\/logo\/image\/","url":"https:\/\/exparto.pl\/wp-content\/uploads\/2023\/02\/logo-wektor.png","contentUrl":"https:\/\/exparto.pl\/wp-content\/uploads\/2023\/02\/logo-wektor.png","width":1338,"height":143,"caption":"EXPARTO"},"image":{"@id":"https:\/\/exparto.pl\/ro\/#\/schema\/logo\/image\/"},"sameAs":["https:\/\/www.facebook.com\/exparto.agro\/"]}]}},"_links":{"self":[{"href":"https:\/\/exparto.pl\/ro\/wp-json\/wp\/v2\/product\/11346","targetHints":{"allow":["GET"]}}],"collection":[{"href":"https:\/\/exparto.pl\/ro\/wp-json\/wp\/v2\/product"}],"about":[{"href":"https:\/\/exparto.pl\/ro\/wp-json\/wp\/v2\/types\/product"}],"replies":[{"embeddable":true,"href":"https:\/\/exparto.pl\/ro\/wp-json\/wp\/v2\/comments?post=11346"}],"wp:featuredmedia":[{"embeddable":true,"href":"https:\/\/exparto.pl\/ro\/wp-json\/wp\/v2\/media\/57880"}],"wp:attachment":[{"href":"https:\/\/exparto.pl\/ro\/wp-json\/wp\/v2\/media?parent=11346"}],"wp:term":[{"taxonomy":"product_brand","embeddable":true,"href":"https:\/\/exparto.pl\/ro\/wp-json\/wp\/v2\/product_brand?post=11346"},{"taxonomy":"product_cat","embeddable":true,"href":"https:\/\/exparto.pl\/ro\/wp-json\/wp\/v2\/product_cat?post=11346"},{"taxonomy":"product_tag","embeddable":true,"href":"https:\/\/exparto.pl\/ro\/wp-json\/wp\/v2\/product_tag?post=11346"}],"curies":[{"name":"wp","href":"https:\/\/api.w.org\/{rel}","templated":true}]}}