{"id":14284,"date":"2023-11-15T08:59:27","date_gmt":"2023-11-15T07:59:27","guid":{"rendered":"https:\/\/exparto.pl\/produkt\/przegub-kompletny-walka-wom-krzyzak-30x88-cytryna-mc-345x41\/"},"modified":"2026-01-21T12:28:02","modified_gmt":"2026-01-21T11:28:02","slug":"przegub-kompletny-walka-wom-krzyzak-30x88-cytryna-mc-345x41","status":"publish","type":"product","link":"https:\/\/exparto.pl\/ro\/produkt\/przegub-kompletny-walka-wom-krzyzak-30x88-cytryna-mc-345x41\/","title":{"rendered":"Przegub kompletny wa\u0142ka WOM krzy\u017cak 30\u00d788 \u2013 cytryna MC 34,5\u00d740"},"content":{"rendered":"<p style=\"text-align: justify\"><span style=\"font-family: Barlow, sans-serif;font-size: 16px;text-align: start\">Zale\u017cy Ci na efektywnej i bezpiecznej pracy w gospodarstwie rolnym? Zaufaj profesjonalistom z EXPARTO i zainwestuj w wysokiej jako\u015bci cz\u0119\u015bci mechaniczne do maszyn.&nbsp;<\/span><b style=\"font-family: Barlow, sans-serif;font-size: 16px;text-align: start\">W\u015br\u00f3d nich polecamy m.in. nasz przegub wa\u0142ka WOM cytryna MC 34,5\u00d740<\/b><span style=\"font-family: Barlow, sans-serif;font-size: 16px;text-align: start\">. To element stosowany przy po\u0142\u0105czeniu wa\u0142em ci\u0105gnika i innej maszyny rolniczej. Poznaj jego w\u0142a\u015bciwo\u015bci i skorzystaj z naszej oferty.<\/span><span style=\"font-family: Barlow, sans-serif;font-size: 16px;text-align: start\"><\/span><\/p>\n<h2 style=\"line-height: 1.4;font-size: 1.25rem;font-family: Barlow, sans-serif\"><span style=\"font-weight: 400\">Przegub kompletny wa\u0142ka WOM cytryna MC 34,5\u00d740 &#8211; przegub wa\u0142ka przeka\u017anika mocy krzy\u017cakowy 30\u00d788<\/span><\/h2>\n<p style=\"text-align: justify\"><span style=\"font-family: Barlow, sans-serif;font-size: 16px;text-align: start\">Oferowany w tym miejscu przegub wa\u0142ka przeka\u017anika mocy spe\u0142nia najwy\u017csze rynkowe standardy.&nbsp;<\/span><b style=\"font-family: Barlow, sans-serif;font-size: 16px;text-align: start\">Powstaje z komponent\u00f3w odpornych na intensywn\u0105 eksploatacj\u0119, kt\u00f3ra jest charakterystyczna dla sektora rolniczego<\/b><span style=\"font-family: Barlow, sans-serif;font-size: 16px;text-align: start\">. Dbamy o to, aby w Twoje r\u0119ce trafia\u0142y wy\u0142\u0105cznie produkty w pe\u0142ni sprawne i gotowe do monta\u017cu. Przegub WOM stosuje si\u0119 przy po\u0142\u0105czeniach wa\u0142\u00f3w mi\u0119dzy ci\u0105gnikiem a inn\u0105 maszyn\u0105 rolnicz\u0105.&nbsp;<\/span><b style=\"font-family: Barlow, sans-serif;font-size: 16px;text-align: start\">Sprawdzi si\u0119 m.in. przy:<\/b><span style=\"font-family: Barlow, sans-serif;font-size: 16px;text-align: start\"><\/span><\/p>\n<ul style=\"font-family: Barlow, sans-serif;font-size: 16px\">\n<li><b>kosiarkach rotacyjnych,&nbsp;<\/b><\/li>\n<li><b>prasach,&nbsp;<\/b><\/li>\n<li><b>opryskiwaczach<\/b><\/li>\n<li><b>rozsiewaczach<\/b>.&nbsp;<\/li>\n<\/ul>\n<p style=\"text-align: justify\"><span style=\"font-family: Barlow, sans-serif;font-size: 16px;text-align: start\">Nasi eksperci gwarantuj\u0105 jego wysok\u0105 jako\u015b\u0107 i niezawodno\u015b\u0107.&nbsp;<\/span><span style=\"font-family: Barlow, sans-serif;font-size: 16px;text-align: start\">&nbsp;<\/span><span style=\"font-family: Barlow, sans-serif;font-size: 16px;text-align: start\">Koniecznie zwr\u00f3\u0107 uwag\u0119 na parametry techniczne naszego przegubu krzy\u017cakowego WOM. Posiada \u0142\u0105czenie krzy\u017cakowe o wymiarach 30\u00d788.&nbsp;<\/span><b style=\"font-family: Barlow, sans-serif;font-size: 16px;text-align: start\">Profil zewn\u0119trzny elementu to 6 frez\u00f3w 1 i 3\/8 cala, a profil wewn\u0119trzny to cytryna 34,5\u00d740<\/b><span style=\"font-family: Barlow, sans-serif;font-size: 16px;text-align: start\">. Waga cz\u0119\u015bci to oko\u0142o 3 kilogramy, dzi\u0119ki czemu jest ona prosta w monta\u017cu, demonta\u017cu i konserwacji.&nbsp;<\/span><span style=\"font-family: Barlow, sans-serif;font-size: 16px;text-align: start\">&nbsp;<\/span><span style=\"font-family: Barlow, sans-serif;font-size: 16px;text-align: start\">Poszukujesz wydajnego przegubu do swoich maszyn rolniczych?&nbsp;<\/span><b style=\"font-family: Barlow, sans-serif;font-size: 16px;text-align: start\">Odpowiedzi\u0105 na Twoje potrzeby jest oferowany w EXPARTO przegub kompletny WOM<\/b><span style=\"font-family: Barlow, sans-serif;font-size: 16px;text-align: start\">. Posiadamy szeroki wyb\u00f3r modeli, dzi\u0119ki czemu dostosujesz zakup do specyfiki posiadanych maszyn. Nasi eksperci s\u0142u\u017c\u0105 wsparciem na ka\u017cdym etapie procesu zakupowego, w tym przy wyborze odpowiedniego przegubu.&nbsp;<\/span><\/p>\n","protected":false},"excerpt":{"rendered":"<p style=\"text-align: justify\">Przegub kompletny cytryna wewn\u0119trzna MC 30&#215;88<\/p>\n","protected":false},"featured_media":14243,"comment_status":"open","ping_status":"closed","template":"","meta":{"_acf_changed":false,"inline_featured_image":false},"product_brand":[],"product_cat":[114,882,722,53],"product_tag":[],"class_list":{"0":"post-14284","1":"product","2":"type-product","3":"status-publish","4":"has-post-thumbnail","6":"product_cat-czesci-do-walow","7":"product_cat-przeguby-cytryna","8":"product_cat-przeguby-kompletne","9":"product_cat-waly-przegubowo-teleskopowe","11":"first","12":"instock","13":"taxable","14":"shipping-taxable","15":"purchasable","16":"product-type-simple"},"acf":[],"yoast_head":"<!-- This site is optimized with the Yoast SEO plugin v27.2 - https:\/\/yoast.com\/product\/yoast-seo-wordpress\/ -->\n<title>Przegub kompletny wa\u0142ka WOM krzy\u017cak 30\u00d788 \u2013 cytryna MC 34,5\u00d740 - Exparto.pl<\/title>\n<meta name=\"robots\" content=\"index, follow, max-snippet:-1, max-image-preview:large, max-video-preview:-1\" \/>\n<link rel=\"canonical\" href=\"https:\/\/exparto.pl\/ro\/produkt\/przegub-kompletny-walka-wom-krzyzak-30x88-cytryna-mc-345x41\/\" \/>\n<meta property=\"og:locale\" content=\"ro_RO\" \/>\n<meta property=\"og:type\" content=\"article\" \/>\n<meta property=\"og:title\" content=\"Przegub kompletny wa\u0142ka WOM krzy\u017cak 30\u00d788 \u2013 cytryna MC 34,5\u00d740 - Exparto.pl\" \/>\n<meta property=\"og:description\" content=\"Przegub kompletny cytryna wewn\u0119trzna MC 30x88\" \/>\n<meta property=\"og:url\" content=\"https:\/\/exparto.pl\/ro\/produkt\/przegub-kompletny-walka-wom-krzyzak-30x88-cytryna-mc-345x41\/\" \/>\n<meta property=\"og:site_name\" content=\"Exparto.pl\" \/>\n<meta property=\"article:publisher\" content=\"https:\/\/www.facebook.com\/exparto.agro\/\" \/>\n<meta property=\"article:modified_time\" content=\"2026-01-21T11:28:02+00:00\" \/>\n<meta property=\"og:image\" content=\"https:\/\/exparto.pl\/wp-content\/uploads\/2023\/11\/dde68b89c677e62363c831f5e9d5f579.jpg\" \/>\n\t<meta property=\"og:image:width\" content=\"1000\" \/>\n\t<meta property=\"og:image:height\" content=\"1000\" \/>\n\t<meta property=\"og:image:type\" content=\"image\/jpeg\" \/>\n<meta name=\"twitter:card\" content=\"summary_large_image\" \/>\n<meta name=\"twitter:label1\" content=\"Timp estimat pentru citire\" \/>\n\t<meta name=\"twitter:data1\" content=\"2 minute\" \/>\n<script type=\"application\/ld+json\" class=\"yoast-schema-graph\">{\"@context\":\"https:\/\/schema.org\",\"@graph\":[{\"@type\":\"WebPage\",\"@id\":\"https:\/\/exparto.pl\/ro\/produkt\/przegub-kompletny-walka-wom-krzyzak-30x88-cytryna-mc-345x41\/\",\"url\":\"https:\/\/exparto.pl\/ro\/produkt\/przegub-kompletny-walka-wom-krzyzak-30x88-cytryna-mc-345x41\/\",\"name\":\"Przegub kompletny wa\u0142ka WOM krzy\u017cak 30\u00d788 \u2013 cytryna MC 34,5\u00d740 - Exparto.pl\",\"isPartOf\":{\"@id\":\"https:\/\/exparto.pl\/ro\/#website\"},\"primaryImageOfPage\":{\"@id\":\"https:\/\/exparto.pl\/ro\/produkt\/przegub-kompletny-walka-wom-krzyzak-30x88-cytryna-mc-345x41\/#primaryimage\"},\"image\":{\"@id\":\"https:\/\/exparto.pl\/ro\/produkt\/przegub-kompletny-walka-wom-krzyzak-30x88-cytryna-mc-345x41\/#primaryimage\"},\"thumbnailUrl\":\"https:\/\/exparto.pl\/wp-content\/uploads\/2023\/11\/dde68b89c677e62363c831f5e9d5f579.jpg\",\"datePublished\":\"2023-11-15T07:59:27+00:00\",\"dateModified\":\"2026-01-21T11:28:02+00:00\",\"breadcrumb\":{\"@id\":\"https:\/\/exparto.pl\/ro\/produkt\/przegub-kompletny-walka-wom-krzyzak-30x88-cytryna-mc-345x41\/#breadcrumb\"},\"inLanguage\":\"ro-RO\",\"potentialAction\":[{\"@type\":\"ReadAction\",\"target\":[\"https:\/\/exparto.pl\/ro\/produkt\/przegub-kompletny-walka-wom-krzyzak-30x88-cytryna-mc-345x41\/\"]}]},{\"@type\":\"ImageObject\",\"inLanguage\":\"ro-RO\",\"@id\":\"https:\/\/exparto.pl\/ro\/produkt\/przegub-kompletny-walka-wom-krzyzak-30x88-cytryna-mc-345x41\/#primaryimage\",\"url\":\"https:\/\/exparto.pl\/wp-content\/uploads\/2023\/11\/dde68b89c677e62363c831f5e9d5f579.jpg\",\"contentUrl\":\"https:\/\/exparto.pl\/wp-content\/uploads\/2023\/11\/dde68b89c677e62363c831f5e9d5f579.jpg\",\"width\":1000,\"height\":1000},{\"@type\":\"BreadcrumbList\",\"@id\":\"https:\/\/exparto.pl\/ro\/produkt\/przegub-kompletny-walka-wom-krzyzak-30x88-cytryna-mc-345x41\/#breadcrumb\",\"itemListElement\":[{\"@type\":\"ListItem\",\"position\":1,\"name\":\"Pagina de start\",\"item\":\"https:\/\/exparto.pl\/ro\/pagina-de-start\/\"},{\"@type\":\"ListItem\",\"position\":2,\"name\":\"Sklep\",\"item\":\"https:\/\/exparto.pl\/sklep\/\"},{\"@type\":\"ListItem\",\"position\":3,\"name\":\"Arbori PTO telescopici\",\"item\":\"https:\/\/exparto.pl\/ro\/categoria-de-produse\/arbori-pto-telescopici\/\"},{\"@type\":\"ListItem\",\"position\":4,\"name\":\"Piese de arbore\",\"item\":\"https:\/\/exparto.pl\/ro\/categoria-de-produse\/arbori-pto-telescopici\/piese-de-arbore\/\"},{\"@type\":\"ListItem\",\"position\":5,\"name\":\"Przeguby kompletne\",\"item\":\"https:\/\/exparto.pl\/kategoria-produktu\/waly-przegubowo-teleskopowe\/czesci-do-walow\/przeguby-kompletne\/\"},{\"@type\":\"ListItem\",\"position\":6,\"name\":\"Przegub kompletny wa\u0142ka WOM krzy\u017cak 30\u00d788 \u2013 cytryna MC 34,5\u00d740\"}]},{\"@type\":\"WebSite\",\"@id\":\"https:\/\/exparto.pl\/ro\/#website\",\"url\":\"https:\/\/exparto.pl\/ro\/\",\"name\":\"EXPARTO\",\"description\":\"More than agro parts\",\"publisher\":{\"@id\":\"https:\/\/exparto.pl\/ro\/#organization\"},\"potentialAction\":[{\"@type\":\"SearchAction\",\"target\":{\"@type\":\"EntryPoint\",\"urlTemplate\":\"https:\/\/exparto.pl\/ro\/?s={search_term_string}\"},\"query-input\":{\"@type\":\"PropertyValueSpecification\",\"valueRequired\":true,\"valueName\":\"search_term_string\"}}],\"inLanguage\":\"ro-RO\"},{\"@type\":\"Organization\",\"@id\":\"https:\/\/exparto.pl\/ro\/#organization\",\"name\":\"EXPARTO\",\"url\":\"https:\/\/exparto.pl\/ro\/\",\"logo\":{\"@type\":\"ImageObject\",\"inLanguage\":\"ro-RO\",\"@id\":\"https:\/\/exparto.pl\/ro\/#\/schema\/logo\/image\/\",\"url\":\"https:\/\/exparto.pl\/wp-content\/uploads\/2023\/02\/logo-wektor.png\",\"contentUrl\":\"https:\/\/exparto.pl\/wp-content\/uploads\/2023\/02\/logo-wektor.png\",\"width\":1338,\"height\":143,\"caption\":\"EXPARTO\"},\"image\":{\"@id\":\"https:\/\/exparto.pl\/ro\/#\/schema\/logo\/image\/\"},\"sameAs\":[\"https:\/\/www.facebook.com\/exparto.agro\/\"]}]}<\/script>\n<!-- \/ Yoast SEO plugin. -->","yoast_head_json":{"title":"Przegub kompletny wa\u0142ka WOM krzy\u017cak 30\u00d788 \u2013 cytryna MC 34,5\u00d740 - Exparto.pl","robots":{"index":"index","follow":"follow","max-snippet":"max-snippet:-1","max-image-preview":"max-image-preview:large","max-video-preview":"max-video-preview:-1"},"canonical":"https:\/\/exparto.pl\/ro\/produkt\/przegub-kompletny-walka-wom-krzyzak-30x88-cytryna-mc-345x41\/","og_locale":"ro_RO","og_type":"article","og_title":"Przegub kompletny wa\u0142ka WOM krzy\u017cak 30\u00d788 \u2013 cytryna MC 34,5\u00d740 - Exparto.pl","og_description":"Przegub kompletny cytryna wewn\u0119trzna MC 30x88","og_url":"https:\/\/exparto.pl\/ro\/produkt\/przegub-kompletny-walka-wom-krzyzak-30x88-cytryna-mc-345x41\/","og_site_name":"Exparto.pl","article_publisher":"https:\/\/www.facebook.com\/exparto.agro\/","article_modified_time":"2026-01-21T11:28:02+00:00","og_image":[{"width":1000,"height":1000,"url":"https:\/\/exparto.pl\/wp-content\/uploads\/2023\/11\/dde68b89c677e62363c831f5e9d5f579.jpg","type":"image\/jpeg"}],"twitter_card":"summary_large_image","twitter_misc":{"Timp estimat pentru citire":"2 minute"},"schema":{"@context":"https:\/\/schema.org","@graph":[{"@type":"WebPage","@id":"https:\/\/exparto.pl\/ro\/produkt\/przegub-kompletny-walka-wom-krzyzak-30x88-cytryna-mc-345x41\/","url":"https:\/\/exparto.pl\/ro\/produkt\/przegub-kompletny-walka-wom-krzyzak-30x88-cytryna-mc-345x41\/","name":"Przegub kompletny wa\u0142ka WOM krzy\u017cak 30\u00d788 \u2013 cytryna MC 34,5\u00d740 - Exparto.pl","isPartOf":{"@id":"https:\/\/exparto.pl\/ro\/#website"},"primaryImageOfPage":{"@id":"https:\/\/exparto.pl\/ro\/produkt\/przegub-kompletny-walka-wom-krzyzak-30x88-cytryna-mc-345x41\/#primaryimage"},"image":{"@id":"https:\/\/exparto.pl\/ro\/produkt\/przegub-kompletny-walka-wom-krzyzak-30x88-cytryna-mc-345x41\/#primaryimage"},"thumbnailUrl":"https:\/\/exparto.pl\/wp-content\/uploads\/2023\/11\/dde68b89c677e62363c831f5e9d5f579.jpg","datePublished":"2023-11-15T07:59:27+00:00","dateModified":"2026-01-21T11:28:02+00:00","breadcrumb":{"@id":"https:\/\/exparto.pl\/ro\/produkt\/przegub-kompletny-walka-wom-krzyzak-30x88-cytryna-mc-345x41\/#breadcrumb"},"inLanguage":"ro-RO","potentialAction":[{"@type":"ReadAction","target":["https:\/\/exparto.pl\/ro\/produkt\/przegub-kompletny-walka-wom-krzyzak-30x88-cytryna-mc-345x41\/"]}]},{"@type":"ImageObject","inLanguage":"ro-RO","@id":"https:\/\/exparto.pl\/ro\/produkt\/przegub-kompletny-walka-wom-krzyzak-30x88-cytryna-mc-345x41\/#primaryimage","url":"https:\/\/exparto.pl\/wp-content\/uploads\/2023\/11\/dde68b89c677e62363c831f5e9d5f579.jpg","contentUrl":"https:\/\/exparto.pl\/wp-content\/uploads\/2023\/11\/dde68b89c677e62363c831f5e9d5f579.jpg","width":1000,"height":1000},{"@type":"BreadcrumbList","@id":"https:\/\/exparto.pl\/ro\/produkt\/przegub-kompletny-walka-wom-krzyzak-30x88-cytryna-mc-345x41\/#breadcrumb","itemListElement":[{"@type":"ListItem","position":1,"name":"Pagina de start","item":"https:\/\/exparto.pl\/ro\/pagina-de-start\/"},{"@type":"ListItem","position":2,"name":"Sklep","item":"https:\/\/exparto.pl\/sklep\/"},{"@type":"ListItem","position":3,"name":"Arbori PTO telescopici","item":"https:\/\/exparto.pl\/ro\/categoria-de-produse\/arbori-pto-telescopici\/"},{"@type":"ListItem","position":4,"name":"Piese de arbore","item":"https:\/\/exparto.pl\/ro\/categoria-de-produse\/arbori-pto-telescopici\/piese-de-arbore\/"},{"@type":"ListItem","position":5,"name":"Przeguby kompletne","item":"https:\/\/exparto.pl\/kategoria-produktu\/waly-przegubowo-teleskopowe\/czesci-do-walow\/przeguby-kompletne\/"},{"@type":"ListItem","position":6,"name":"Przegub kompletny wa\u0142ka WOM krzy\u017cak 30\u00d788 \u2013 cytryna MC 34,5\u00d740"}]},{"@type":"WebSite","@id":"https:\/\/exparto.pl\/ro\/#website","url":"https:\/\/exparto.pl\/ro\/","name":"EXPARTO","description":"More than agro parts","publisher":{"@id":"https:\/\/exparto.pl\/ro\/#organization"},"potentialAction":[{"@type":"SearchAction","target":{"@type":"EntryPoint","urlTemplate":"https:\/\/exparto.pl\/ro\/?s={search_term_string}"},"query-input":{"@type":"PropertyValueSpecification","valueRequired":true,"valueName":"search_term_string"}}],"inLanguage":"ro-RO"},{"@type":"Organization","@id":"https:\/\/exparto.pl\/ro\/#organization","name":"EXPARTO","url":"https:\/\/exparto.pl\/ro\/","logo":{"@type":"ImageObject","inLanguage":"ro-RO","@id":"https:\/\/exparto.pl\/ro\/#\/schema\/logo\/image\/","url":"https:\/\/exparto.pl\/wp-content\/uploads\/2023\/02\/logo-wektor.png","contentUrl":"https:\/\/exparto.pl\/wp-content\/uploads\/2023\/02\/logo-wektor.png","width":1338,"height":143,"caption":"EXPARTO"},"image":{"@id":"https:\/\/exparto.pl\/ro\/#\/schema\/logo\/image\/"},"sameAs":["https:\/\/www.facebook.com\/exparto.agro\/"]}]}},"_links":{"self":[{"href":"https:\/\/exparto.pl\/ro\/wp-json\/wp\/v2\/product\/14284","targetHints":{"allow":["GET"]}}],"collection":[{"href":"https:\/\/exparto.pl\/ro\/wp-json\/wp\/v2\/product"}],"about":[{"href":"https:\/\/exparto.pl\/ro\/wp-json\/wp\/v2\/types\/product"}],"replies":[{"embeddable":true,"href":"https:\/\/exparto.pl\/ro\/wp-json\/wp\/v2\/comments?post=14284"}],"wp:featuredmedia":[{"embeddable":true,"href":"https:\/\/exparto.pl\/ro\/wp-json\/wp\/v2\/media\/14243"}],"wp:attachment":[{"href":"https:\/\/exparto.pl\/ro\/wp-json\/wp\/v2\/media?parent=14284"}],"wp:term":[{"taxonomy":"product_brand","embeddable":true,"href":"https:\/\/exparto.pl\/ro\/wp-json\/wp\/v2\/product_brand?post=14284"},{"taxonomy":"product_cat","embeddable":true,"href":"https:\/\/exparto.pl\/ro\/wp-json\/wp\/v2\/product_cat?post=14284"},{"taxonomy":"product_tag","embeddable":true,"href":"https:\/\/exparto.pl\/ro\/wp-json\/wp\/v2\/product_tag?post=14284"}],"curies":[{"name":"wp","href":"https:\/\/api.w.org\/{rel}","templated":true}]}}