{"id":14388,"date":"2023-11-15T09:05:06","date_gmt":"2023-11-15T08:05:06","guid":{"rendered":"https:\/\/exparto.pl\/produkt\/przegub-kompletny-walka-wom-krzyzak-48x5750-cytryna-dc-27x75\/"},"modified":"2026-03-22T13:07:24","modified_gmt":"2026-03-22T12:07:24","slug":"przegub-kompletny-walka-wom-krzyzak-48x5750-cytryna-dc-27x75","status":"publish","type":"product","link":"https:\/\/exparto.pl\/ro\/produkt\/przegub-kompletny-walka-wom-krzyzak-48x5750-cytryna-dc-27x75\/","title":{"rendered":"Przegub kompletny wa\u0142ka WOM krzy\u017cak 48\u00d757,50 \u2013 cytryna DC 27\u00d775"},"content":{"rendered":"<p style=\"text-align: justify\"><span style=\"font-family: Barlow, sans-serif;font-size: 16px;text-align: start\">Zale\u017cy Ci na wydajnej i bezpiecznej pracy w gospodarstwie rolnym? Niezwykle wa\u017cny jest dob\u00f3r odpowiednich cz\u0119\u015bci mechanicznych. W EXPARTO przygotowali\u015bmy dla Ciebie&nbsp;<\/span><b style=\"font-family: Barlow, sans-serif;font-size: 16px;text-align: start\">kompletny przegub wa\u0142ka WOM cytryna DC 27\u00d775<\/b><span style=\"font-family: Barlow, sans-serif;font-size: 16px;text-align: start\">. Spe\u0142nia on najwy\u017csze rynkowe standardy w zakresie wytrzyma\u0142o\u015bci eksploatacyjnej i uniwersalno\u015bci. Poznaj jego w\u0142a\u015bciwo\u015bci i skorzystaj z naszej oferty.&nbsp;<\/span><span style=\"font-family: Barlow, sans-serif;font-size: 16px;text-align: start\"><\/span><\/p>\n<h2 style=\"line-height: 1.4;font-size: 1.25rem;font-family: Barlow, sans-serif\"><span style=\"font-weight: 400\">Przegub kompletny wa\u0142ka WOM cytryna DC 27\u00d775 &#8211; przegub wa\u0142ka przeka\u017anika mocy krzy\u017cakowy 48\u00d757,50<\/span><\/h2>\n<p style=\"text-align: justify\"><span style=\"font-family: Barlow, sans-serif;font-size: 16px;text-align: start\">Bez w\u0105tpienia przegub wa\u0142ka przeka\u017anika mocy to wa\u017cny element uk\u0142adu przekazania mocy nap\u0119du ci\u0105gnika na maszyn\u0119 rolnicz\u0105. Stosuje si\u0119 go na wale WOM.&nbsp;<\/span><b style=\"font-family: Barlow, sans-serif;font-size: 16px;text-align: start\">Tam zapewnia mu stabilne po\u0142\u0105czenia, co umo\u017cliwia efektywne przekazywanie mocy do maszyny, kt\u00f3r\u0105 wykonuje si\u0119 prace polowe lub transportowe<\/b><span style=\"font-family: Barlow, sans-serif;font-size: 16px;text-align: start\">. Dbamy o to, aby oferowany w EXPARTO przegub kompletny WOM charakteryzowa\u0142 si\u0119 wysok\u0105 jako\u015bci\u0105 wykonania i niezawodn\u0105 prac\u0105 przez lata. Dzi\u0119ki temu zapewnisz sobie spok\u00f3j, bezpiecze\u0144stwo i ni\u017csze koszty utrzymania gospodarstwa.&nbsp;<\/span><span style=\"font-family: Barlow, sans-serif;font-size: 16px;text-align: start\">&nbsp;<\/span><\/p>\n<p style=\"text-align: justify\"><span style=\"font-family: Barlow, sans-serif;font-size: 16px;text-align: start\">Pod uwag\u0119 warto wzi\u0105\u0107 parametry techniczne tego modelu. To przegub krzy\u017cakowy WOM z profilem przy\u0142\u0105cza typu cytryna 48\u00d757,50 oraz profilem zewn\u0119trznym 6 frez\u00f3w 1 i 3\/8 cala. Krzy\u017cak to DC 27\u00d775.&nbsp;<\/span><b style=\"font-family: Barlow, sans-serif;font-size: 16px;text-align: start\">Niewielkie rozmiary i waga sprawiaj\u0105, \u017ce przeguby WOM od EXPARTO s\u0105 proste w instalacji wygodne w okresowej konserwacji<\/b><span style=\"font-family: Barlow, sans-serif;font-size: 16px;text-align: start\">. Dzi\u0119ki temu bez trudu utrzymasz je w nale\u017cytym stanie technicznym na d\u0142u\u017cej.<\/span><span style=\"font-family: Barlow, sans-serif;font-size: 16px;text-align: start\">&nbsp;<\/span><span style=\"font-family: Barlow, sans-serif;font-size: 16px;text-align: start\">Je\u017celi zale\u017cy Ci na wysokiej jako\u015bci cz\u0119\u015bciach mechanicznych do maszyn rolniczych, to skorzystaj z naszej oferty.&nbsp;<\/span><\/p>\n<p style=\"text-align: justify\"><b style=\"font-family: Barlow, sans-serif;font-size: 16px;text-align: start\">Razem z nami zadbasz o wydajne prace w gospodarstwie oraz w pe\u0142ni wykorzystasz potencja\u0142 posiadanego sprz\u0119tu<\/b><span style=\"font-family: Barlow, sans-serif;font-size: 16px;text-align: start\">. Oferujemy przeguby kompletne r\u00f3\u017cnego typu i o r\u00f3\u017cnych rozmiarach. W przypadku jakichkolwiek w\u0105tpliwo\u015bci przy wyborze skontaktuj si\u0119 z nami, a przeprowadzimy Ci\u0119 przez ca\u0142y proces.<\/span><\/p>\n","protected":false},"excerpt":{"rendered":"<p style=\"text-align: justify\">Przegub kompletny cytryna zewn\u0119trzna DC 27&#215;75<\/p>\n","protected":false},"featured_media":14363,"comment_status":"open","ping_status":"closed","template":"","meta":{"_acf_changed":false,"inline_featured_image":false},"product_brand":[],"product_cat":[114,882,722,53],"product_tag":[],"class_list":{"0":"post-14388","1":"product","2":"type-product","3":"status-publish","4":"has-post-thumbnail","6":"product_cat-czesci-do-walow","7":"product_cat-przeguby-cytryna","8":"product_cat-przeguby-kompletne","9":"product_cat-waly-przegubowo-teleskopowe","11":"first","12":"outofstock","13":"taxable","14":"shipping-taxable","15":"purchasable","16":"product-type-simple"},"acf":[],"yoast_head":"<!-- This site is optimized with the Yoast SEO plugin v27.3 - https:\/\/yoast.com\/product\/yoast-seo-wordpress\/ -->\n<title>Przegub kompletny wa\u0142ka WOM krzy\u017cak 48\u00d757,50 \u2013 cytryna DC 27\u00d775 - Exparto.pl<\/title>\n<meta name=\"robots\" content=\"index, follow, max-snippet:-1, max-image-preview:large, max-video-preview:-1\" \/>\n<link rel=\"canonical\" href=\"https:\/\/exparto.pl\/ro\/produkt\/przegub-kompletny-walka-wom-krzyzak-48x5750-cytryna-dc-27x75\/\" \/>\n<meta property=\"og:locale\" content=\"ro_RO\" \/>\n<meta property=\"og:type\" content=\"article\" \/>\n<meta property=\"og:title\" content=\"Przegub kompletny wa\u0142ka WOM krzy\u017cak 48\u00d757,50 \u2013 cytryna DC 27\u00d775 - Exparto.pl\" \/>\n<meta property=\"og:description\" content=\"Przegub kompletny cytryna zewn\u0119trzna DC 27x75\" \/>\n<meta property=\"og:url\" content=\"https:\/\/exparto.pl\/ro\/produkt\/przegub-kompletny-walka-wom-krzyzak-48x5750-cytryna-dc-27x75\/\" \/>\n<meta property=\"og:site_name\" content=\"Exparto.pl\" \/>\n<meta property=\"article:publisher\" content=\"https:\/\/www.facebook.com\/exparto.agro\/\" \/>\n<meta property=\"article:modified_time\" content=\"2026-03-22T12:07:24+00:00\" \/>\n<meta property=\"og:image\" content=\"https:\/\/exparto.pl\/wp-content\/uploads\/2023\/11\/8b13fb1c808facd57a160808da50965b.jpg\" \/>\n\t<meta property=\"og:image:width\" content=\"1000\" \/>\n\t<meta property=\"og:image:height\" content=\"1000\" \/>\n\t<meta property=\"og:image:type\" content=\"image\/jpeg\" \/>\n<meta name=\"twitter:card\" content=\"summary_large_image\" \/>\n<meta name=\"twitter:label1\" content=\"Timp estimat pentru citire\" \/>\n\t<meta name=\"twitter:data1\" content=\"2 minute\" \/>\n<script type=\"application\/ld+json\" class=\"yoast-schema-graph\">{\"@context\":\"https:\\\/\\\/schema.org\",\"@graph\":[{\"@type\":\"WebPage\",\"@id\":\"https:\\\/\\\/exparto.pl\\\/ro\\\/produkt\\\/przegub-kompletny-walka-wom-krzyzak-48x5750-cytryna-dc-27x75\\\/\",\"url\":\"https:\\\/\\\/exparto.pl\\\/ro\\\/produkt\\\/przegub-kompletny-walka-wom-krzyzak-48x5750-cytryna-dc-27x75\\\/\",\"name\":\"Przegub kompletny wa\u0142ka WOM krzy\u017cak 48\u00d757,50 \u2013 cytryna DC 27\u00d775 - Exparto.pl\",\"isPartOf\":{\"@id\":\"https:\\\/\\\/exparto.pl\\\/ro\\\/#website\"},\"primaryImageOfPage\":{\"@id\":\"https:\\\/\\\/exparto.pl\\\/ro\\\/produkt\\\/przegub-kompletny-walka-wom-krzyzak-48x5750-cytryna-dc-27x75\\\/#primaryimage\"},\"image\":{\"@id\":\"https:\\\/\\\/exparto.pl\\\/ro\\\/produkt\\\/przegub-kompletny-walka-wom-krzyzak-48x5750-cytryna-dc-27x75\\\/#primaryimage\"},\"thumbnailUrl\":\"https:\\\/\\\/exparto.pl\\\/wp-content\\\/uploads\\\/2023\\\/11\\\/8b13fb1c808facd57a160808da50965b.jpg\",\"datePublished\":\"2023-11-15T08:05:06+00:00\",\"dateModified\":\"2026-03-22T12:07:24+00:00\",\"breadcrumb\":{\"@id\":\"https:\\\/\\\/exparto.pl\\\/ro\\\/produkt\\\/przegub-kompletny-walka-wom-krzyzak-48x5750-cytryna-dc-27x75\\\/#breadcrumb\"},\"inLanguage\":\"ro-RO\",\"potentialAction\":[{\"@type\":\"ReadAction\",\"target\":[\"https:\\\/\\\/exparto.pl\\\/ro\\\/produkt\\\/przegub-kompletny-walka-wom-krzyzak-48x5750-cytryna-dc-27x75\\\/\"]}]},{\"@type\":\"ImageObject\",\"inLanguage\":\"ro-RO\",\"@id\":\"https:\\\/\\\/exparto.pl\\\/ro\\\/produkt\\\/przegub-kompletny-walka-wom-krzyzak-48x5750-cytryna-dc-27x75\\\/#primaryimage\",\"url\":\"https:\\\/\\\/exparto.pl\\\/wp-content\\\/uploads\\\/2023\\\/11\\\/8b13fb1c808facd57a160808da50965b.jpg\",\"contentUrl\":\"https:\\\/\\\/exparto.pl\\\/wp-content\\\/uploads\\\/2023\\\/11\\\/8b13fb1c808facd57a160808da50965b.jpg\",\"width\":1000,\"height\":1000},{\"@type\":\"BreadcrumbList\",\"@id\":\"https:\\\/\\\/exparto.pl\\\/ro\\\/produkt\\\/przegub-kompletny-walka-wom-krzyzak-48x5750-cytryna-dc-27x75\\\/#breadcrumb\",\"itemListElement\":[{\"@type\":\"ListItem\",\"position\":1,\"name\":\"Pagina de start\",\"item\":\"https:\\\/\\\/exparto.pl\\\/ro\\\/pagina-de-start\\\/\"},{\"@type\":\"ListItem\",\"position\":2,\"name\":\"Sklep\",\"item\":\"https:\\\/\\\/exparto.pl\\\/sklep\\\/\"},{\"@type\":\"ListItem\",\"position\":3,\"name\":\"Arbori PTO telescopici\",\"item\":\"https:\\\/\\\/exparto.pl\\\/ro\\\/categoria-de-produse\\\/arbori-pto-telescopici\\\/\"},{\"@type\":\"ListItem\",\"position\":4,\"name\":\"Piese de arbore\",\"item\":\"https:\\\/\\\/exparto.pl\\\/ro\\\/categoria-de-produse\\\/arbori-pto-telescopici\\\/piese-de-arbore\\\/\"},{\"@type\":\"ListItem\",\"position\":5,\"name\":\"Przeguby kompletne\",\"item\":\"https:\\\/\\\/exparto.pl\\\/kategoria-produktu\\\/waly-przegubowo-teleskopowe\\\/czesci-do-walow\\\/przeguby-kompletne\\\/\"},{\"@type\":\"ListItem\",\"position\":6,\"name\":\"Przegub kompletny wa\u0142ka WOM krzy\u017cak 48\u00d757,50 \u2013 cytryna DC 27\u00d775\"}]},{\"@type\":\"WebSite\",\"@id\":\"https:\\\/\\\/exparto.pl\\\/ro\\\/#website\",\"url\":\"https:\\\/\\\/exparto.pl\\\/ro\\\/\",\"name\":\"EXPARTO\",\"description\":\"More than agro parts\",\"publisher\":{\"@id\":\"https:\\\/\\\/exparto.pl\\\/ro\\\/#organization\"},\"potentialAction\":[{\"@type\":\"SearchAction\",\"target\":{\"@type\":\"EntryPoint\",\"urlTemplate\":\"https:\\\/\\\/exparto.pl\\\/ro\\\/?s={search_term_string}\"},\"query-input\":{\"@type\":\"PropertyValueSpecification\",\"valueRequired\":true,\"valueName\":\"search_term_string\"}}],\"inLanguage\":\"ro-RO\"},{\"@type\":\"Organization\",\"@id\":\"https:\\\/\\\/exparto.pl\\\/ro\\\/#organization\",\"name\":\"EXPARTO\",\"url\":\"https:\\\/\\\/exparto.pl\\\/ro\\\/\",\"logo\":{\"@type\":\"ImageObject\",\"inLanguage\":\"ro-RO\",\"@id\":\"https:\\\/\\\/exparto.pl\\\/ro\\\/#\\\/schema\\\/logo\\\/image\\\/\",\"url\":\"https:\\\/\\\/exparto.pl\\\/wp-content\\\/uploads\\\/2023\\\/02\\\/logo-wektor.png\",\"contentUrl\":\"https:\\\/\\\/exparto.pl\\\/wp-content\\\/uploads\\\/2023\\\/02\\\/logo-wektor.png\",\"width\":1338,\"height\":143,\"caption\":\"EXPARTO\"},\"image\":{\"@id\":\"https:\\\/\\\/exparto.pl\\\/ro\\\/#\\\/schema\\\/logo\\\/image\\\/\"},\"sameAs\":[\"https:\\\/\\\/www.facebook.com\\\/exparto.agro\\\/\"]}]}<\/script>\n<!-- \/ Yoast SEO plugin. -->","yoast_head_json":{"title":"Przegub kompletny wa\u0142ka WOM krzy\u017cak 48\u00d757,50 \u2013 cytryna DC 27\u00d775 - Exparto.pl","robots":{"index":"index","follow":"follow","max-snippet":"max-snippet:-1","max-image-preview":"max-image-preview:large","max-video-preview":"max-video-preview:-1"},"canonical":"https:\/\/exparto.pl\/ro\/produkt\/przegub-kompletny-walka-wom-krzyzak-48x5750-cytryna-dc-27x75\/","og_locale":"ro_RO","og_type":"article","og_title":"Przegub kompletny wa\u0142ka WOM krzy\u017cak 48\u00d757,50 \u2013 cytryna DC 27\u00d775 - Exparto.pl","og_description":"Przegub kompletny cytryna zewn\u0119trzna DC 27x75","og_url":"https:\/\/exparto.pl\/ro\/produkt\/przegub-kompletny-walka-wom-krzyzak-48x5750-cytryna-dc-27x75\/","og_site_name":"Exparto.pl","article_publisher":"https:\/\/www.facebook.com\/exparto.agro\/","article_modified_time":"2026-03-22T12:07:24+00:00","og_image":[{"width":1000,"height":1000,"url":"https:\/\/exparto.pl\/wp-content\/uploads\/2023\/11\/8b13fb1c808facd57a160808da50965b.jpg","type":"image\/jpeg"}],"twitter_card":"summary_large_image","twitter_misc":{"Timp estimat pentru citire":"2 minute"},"schema":{"@context":"https:\/\/schema.org","@graph":[{"@type":"WebPage","@id":"https:\/\/exparto.pl\/ro\/produkt\/przegub-kompletny-walka-wom-krzyzak-48x5750-cytryna-dc-27x75\/","url":"https:\/\/exparto.pl\/ro\/produkt\/przegub-kompletny-walka-wom-krzyzak-48x5750-cytryna-dc-27x75\/","name":"Przegub kompletny wa\u0142ka WOM krzy\u017cak 48\u00d757,50 \u2013 cytryna DC 27\u00d775 - Exparto.pl","isPartOf":{"@id":"https:\/\/exparto.pl\/ro\/#website"},"primaryImageOfPage":{"@id":"https:\/\/exparto.pl\/ro\/produkt\/przegub-kompletny-walka-wom-krzyzak-48x5750-cytryna-dc-27x75\/#primaryimage"},"image":{"@id":"https:\/\/exparto.pl\/ro\/produkt\/przegub-kompletny-walka-wom-krzyzak-48x5750-cytryna-dc-27x75\/#primaryimage"},"thumbnailUrl":"https:\/\/exparto.pl\/wp-content\/uploads\/2023\/11\/8b13fb1c808facd57a160808da50965b.jpg","datePublished":"2023-11-15T08:05:06+00:00","dateModified":"2026-03-22T12:07:24+00:00","breadcrumb":{"@id":"https:\/\/exparto.pl\/ro\/produkt\/przegub-kompletny-walka-wom-krzyzak-48x5750-cytryna-dc-27x75\/#breadcrumb"},"inLanguage":"ro-RO","potentialAction":[{"@type":"ReadAction","target":["https:\/\/exparto.pl\/ro\/produkt\/przegub-kompletny-walka-wom-krzyzak-48x5750-cytryna-dc-27x75\/"]}]},{"@type":"ImageObject","inLanguage":"ro-RO","@id":"https:\/\/exparto.pl\/ro\/produkt\/przegub-kompletny-walka-wom-krzyzak-48x5750-cytryna-dc-27x75\/#primaryimage","url":"https:\/\/exparto.pl\/wp-content\/uploads\/2023\/11\/8b13fb1c808facd57a160808da50965b.jpg","contentUrl":"https:\/\/exparto.pl\/wp-content\/uploads\/2023\/11\/8b13fb1c808facd57a160808da50965b.jpg","width":1000,"height":1000},{"@type":"BreadcrumbList","@id":"https:\/\/exparto.pl\/ro\/produkt\/przegub-kompletny-walka-wom-krzyzak-48x5750-cytryna-dc-27x75\/#breadcrumb","itemListElement":[{"@type":"ListItem","position":1,"name":"Pagina de start","item":"https:\/\/exparto.pl\/ro\/pagina-de-start\/"},{"@type":"ListItem","position":2,"name":"Sklep","item":"https:\/\/exparto.pl\/sklep\/"},{"@type":"ListItem","position":3,"name":"Arbori PTO telescopici","item":"https:\/\/exparto.pl\/ro\/categoria-de-produse\/arbori-pto-telescopici\/"},{"@type":"ListItem","position":4,"name":"Piese de arbore","item":"https:\/\/exparto.pl\/ro\/categoria-de-produse\/arbori-pto-telescopici\/piese-de-arbore\/"},{"@type":"ListItem","position":5,"name":"Przeguby kompletne","item":"https:\/\/exparto.pl\/kategoria-produktu\/waly-przegubowo-teleskopowe\/czesci-do-walow\/przeguby-kompletne\/"},{"@type":"ListItem","position":6,"name":"Przegub kompletny wa\u0142ka WOM krzy\u017cak 48\u00d757,50 \u2013 cytryna DC 27\u00d775"}]},{"@type":"WebSite","@id":"https:\/\/exparto.pl\/ro\/#website","url":"https:\/\/exparto.pl\/ro\/","name":"EXPARTO","description":"More than agro parts","publisher":{"@id":"https:\/\/exparto.pl\/ro\/#organization"},"potentialAction":[{"@type":"SearchAction","target":{"@type":"EntryPoint","urlTemplate":"https:\/\/exparto.pl\/ro\/?s={search_term_string}"},"query-input":{"@type":"PropertyValueSpecification","valueRequired":true,"valueName":"search_term_string"}}],"inLanguage":"ro-RO"},{"@type":"Organization","@id":"https:\/\/exparto.pl\/ro\/#organization","name":"EXPARTO","url":"https:\/\/exparto.pl\/ro\/","logo":{"@type":"ImageObject","inLanguage":"ro-RO","@id":"https:\/\/exparto.pl\/ro\/#\/schema\/logo\/image\/","url":"https:\/\/exparto.pl\/wp-content\/uploads\/2023\/02\/logo-wektor.png","contentUrl":"https:\/\/exparto.pl\/wp-content\/uploads\/2023\/02\/logo-wektor.png","width":1338,"height":143,"caption":"EXPARTO"},"image":{"@id":"https:\/\/exparto.pl\/ro\/#\/schema\/logo\/image\/"},"sameAs":["https:\/\/www.facebook.com\/exparto.agro\/"]}]}},"_links":{"self":[{"href":"https:\/\/exparto.pl\/ro\/wp-json\/wp\/v2\/product\/14388","targetHints":{"allow":["GET"]}}],"collection":[{"href":"https:\/\/exparto.pl\/ro\/wp-json\/wp\/v2\/product"}],"about":[{"href":"https:\/\/exparto.pl\/ro\/wp-json\/wp\/v2\/types\/product"}],"replies":[{"embeddable":true,"href":"https:\/\/exparto.pl\/ro\/wp-json\/wp\/v2\/comments?post=14388"}],"wp:featuredmedia":[{"embeddable":true,"href":"https:\/\/exparto.pl\/ro\/wp-json\/wp\/v2\/media\/14363"}],"wp:attachment":[{"href":"https:\/\/exparto.pl\/ro\/wp-json\/wp\/v2\/media?parent=14388"}],"wp:term":[{"taxonomy":"product_brand","embeddable":true,"href":"https:\/\/exparto.pl\/ro\/wp-json\/wp\/v2\/product_brand?post=14388"},{"taxonomy":"product_cat","embeddable":true,"href":"https:\/\/exparto.pl\/ro\/wp-json\/wp\/v2\/product_cat?post=14388"},{"taxonomy":"product_tag","embeddable":true,"href":"https:\/\/exparto.pl\/ro\/wp-json\/wp\/v2\/product_tag?post=14388"}],"curies":[{"name":"wp","href":"https:\/\/api.w.org\/{rel}","templated":true}]}}