{"id":14414,"date":"2023-11-15T09:06:13","date_gmt":"2023-11-15T08:06:13","guid":{"rendered":"https:\/\/exparto.pl\/produkt\/przegub-kompletny-walka-wom-krzyzak-395x48-cytryna-mc-27x75\/"},"modified":"2026-04-02T10:00:16","modified_gmt":"2026-04-02T08:00:16","slug":"przegub-kompletny-walka-wom-krzyzak-395x48-cytryna-mc-27x75","status":"publish","type":"product","link":"https:\/\/exparto.pl\/ro\/produkt\/przegub-kompletny-walka-wom-krzyzak-395x48-cytryna-mc-27x75\/","title":{"rendered":"Przegub kompletny wa\u0142ka WOM krzy\u017cak 39,5\u00d749 \u2013 cytryna MC 27\u00d775"},"content":{"rendered":"<p style=\"text-align: justify\"><span style=\"font-family: Barlow, sans-serif;font-size: 16px;text-align: start\">Poszukujesz wydajnych i sprawdzonych rozwi\u0105za\u0144 dla rolnictwa? Jako EXPARTO od lat wspieramy prac\u0119 w gospodarstwach rolnych poprzez oferowanie wysokiej jako\u015bci cz\u0119\u015bci mechanicznych. Taki te\u017c jest dost\u0119pny tu&nbsp;<\/span><b style=\"font-family: Barlow, sans-serif;font-size: 16px;text-align: start\">przegub wa\u0142ka WOM cytryna MC 27\u00d775<\/b><span style=\"font-family: Barlow, sans-serif;font-size: 16px;text-align: start\">. Powstaje on ze starannie dobranych materia\u0142\u00f3w przystosowanych do intensywnej pracy i odpornych na du\u017ce obci\u0105\u017cenia. Zapraszamy do skorzystania z naszej oferty.&nbsp;<\/span><span style=\"font-family: Barlow, sans-serif;font-size: 16px;text-align: start\"><\/span><\/p>\n<h2 style=\"line-height: 1.4;font-size: 1.25rem;font-family: Barlow, sans-serif\"><span style=\"font-weight: 400\">Przegub kompletny wa\u0142ka WOM cytryna MC 27\u00d775 &#8211; przegub wa\u0142ka przeka\u017anika mocy krzy\u017cakowy 39,5\u00d749<\/span><\/h2>\n<p style=\"text-align: justify\"><b style=\"font-family: Barlow, sans-serif;font-size: 16px;text-align: start\">Przegub wa\u0142ka przeka\u017anika mocy to jeden z kluczowych element\u00f3w ca\u0142ego mechanizmu przenoszenia mocy pomi\u0119dzy ci\u0105gnikiem rolniczym a maszyn\u0105<\/b><span style=\"font-family: Barlow, sans-serif;font-size: 16px;text-align: start\">. Stosuje si\u0119 go po to, aby zwi\u0119kszy\u0107 efektywno\u015b\u0107 pracy w gospodarstwie oraz zredukowa\u0107 ryzyko ewentualnych usterek.&nbsp;<\/span><b style=\"font-family: Barlow, sans-serif;font-size: 16px;text-align: start\">Przegub WOM z naszej oferty wyr\u00f3\u017cnia si\u0119 solidnym wykonaniem i wysok\u0105 odporno\u015bci\u0105<\/b><span style=\"font-family: Barlow, sans-serif;font-size: 16px;text-align: start\">. Dzi\u0119ki temu z powodzeniem mo\u017ce by\u0107 wykorzystywany w sektorze rolnictwa. Pozwala na efektywne po\u0142\u0105czenie ze sob\u0105 wa\u0142\u00f3w ci\u0105gnika rolniczego i maszyn typu: rozdrabniacze, kosiarki rotacyjne, opryskiwacze, siewniki czy glebogryzarki.&nbsp;<\/span><span style=\"font-family: Barlow, sans-serif;font-size: 16px;text-align: start\">&nbsp;<\/span><\/p>\n<p style=\"text-align: justify\"><b style=\"font-family: Barlow, sans-serif;font-size: 16px;text-align: start\">Oferujemy Ci przegub kompletny WOM o profilu przy\u0142\u0105cza typu cytryna 39,5\u00d749 oraz profilu zewn\u0119trznym 6 frez\u00f3w 1 i 3\/8 cala<\/b><span style=\"font-family: Barlow, sans-serif;font-size: 16px;text-align: start\">. Waga tej cz\u0119\u015bci to ok. 3 kilogram\u00f3w. Dzi\u0119ki temu nie stanowi du\u017cego obci\u0105\u017cenia dla uk\u0142adu i jest wygodna w monta\u017cu, demonta\u017cu oraz konserwacji. Pod tym wzgl\u0119dem&nbsp;<\/span><b style=\"font-family: Barlow, sans-serif;font-size: 16px;text-align: start\">przeguby krzy\u017cakowe WOM od EXPARTO spe\u0142niaj\u0105 najwy\u017csze standardy rynkowe i oczekiwania rolnik\u00f3w<\/b><span style=\"font-family: Barlow, sans-serif;font-size: 16px;text-align: start\">.&nbsp;<\/span><span style=\"font-family: Barlow, sans-serif;font-size: 16px;text-align: start\">&nbsp;<\/span><\/p>\n<p style=\"text-align: justify\"><span style=\"font-family: Barlow, sans-serif;font-size: 16px;text-align: start\">Ju\u017c dzi\u015b zadbaj wysok\u0105 sprawno\u015b\u0107 i niezawodno\u015b\u0107 eksploatowanych maszyn rolniczych. Zrobisz to EXPARTO. Oferujemy dedykowane cz\u0119\u015bci mechaniczne, kt\u00f3re charakteryzuj\u0105 si\u0119 wysok\u0105 jako\u015bci\u0105 wykonania.&nbsp;<\/span><b style=\"font-family: Barlow, sans-serif;font-size: 16px;text-align: start\">Zaufaj prawdziwym profesjonalistom i skorzystaj z naszej oferty<\/b><span style=\"font-family: Barlow, sans-serif;font-size: 16px;text-align: start\">. W przypadku jakichkolwiek w\u0105tpliwo\u015bci zakupowych skonsultuj si\u0119 z naszym specjalist\u0105.&nbsp;<\/span><\/p>\n","protected":false},"excerpt":{"rendered":"<p style=\"text-align: justify\">Przegub kompletny cytryna wewn\u0119trzna MC 27&#215;75<\/p>\n","protected":false},"featured_media":14389,"comment_status":"open","ping_status":"closed","template":"","meta":{"_acf_changed":false,"inline_featured_image":false},"product_brand":[],"product_cat":[114,882,722,53],"product_tag":[],"class_list":{"0":"post-14414","1":"product","2":"type-product","3":"status-publish","4":"has-post-thumbnail","6":"product_cat-czesci-do-walow","7":"product_cat-przeguby-cytryna","8":"product_cat-przeguby-kompletne","9":"product_cat-waly-przegubowo-teleskopowe","11":"first","12":"outofstock","13":"taxable","14":"shipping-taxable","15":"purchasable","16":"product-type-simple"},"acf":[],"yoast_head":"<!-- This site is optimized with the Yoast SEO plugin v27.3 - https:\/\/yoast.com\/product\/yoast-seo-wordpress\/ -->\n<title>Przegub kompletny wa\u0142ka WOM krzy\u017cak 39,5\u00d749 \u2013 cytryna MC 27\u00d775 - Exparto.pl<\/title>\n<meta name=\"robots\" content=\"index, follow, max-snippet:-1, max-image-preview:large, max-video-preview:-1\" \/>\n<link rel=\"canonical\" href=\"https:\/\/exparto.pl\/ro\/produkt\/przegub-kompletny-walka-wom-krzyzak-395x48-cytryna-mc-27x75\/\" \/>\n<meta property=\"og:locale\" content=\"ro_RO\" \/>\n<meta property=\"og:type\" content=\"article\" \/>\n<meta property=\"og:title\" content=\"Przegub kompletny wa\u0142ka WOM krzy\u017cak 39,5\u00d749 \u2013 cytryna MC 27\u00d775 - Exparto.pl\" \/>\n<meta property=\"og:description\" content=\"Przegub kompletny cytryna wewn\u0119trzna MC 27x75\" \/>\n<meta property=\"og:url\" content=\"https:\/\/exparto.pl\/ro\/produkt\/przegub-kompletny-walka-wom-krzyzak-395x48-cytryna-mc-27x75\/\" \/>\n<meta property=\"og:site_name\" content=\"Exparto.pl\" \/>\n<meta property=\"article:publisher\" content=\"https:\/\/www.facebook.com\/exparto.agro\/\" \/>\n<meta property=\"article:modified_time\" content=\"2026-04-02T08:00:16+00:00\" \/>\n<meta property=\"og:image\" content=\"https:\/\/exparto.pl\/wp-content\/uploads\/2023\/11\/4704f8212129d70b5e0689e57356ef2e.jpg\" \/>\n\t<meta property=\"og:image:width\" content=\"1000\" \/>\n\t<meta property=\"og:image:height\" content=\"1000\" \/>\n\t<meta property=\"og:image:type\" content=\"image\/jpeg\" \/>\n<meta name=\"twitter:card\" content=\"summary_large_image\" \/>\n<meta name=\"twitter:label1\" content=\"Timp estimat pentru citire\" \/>\n\t<meta name=\"twitter:data1\" content=\"2 minute\" \/>\n<script type=\"application\/ld+json\" class=\"yoast-schema-graph\">{\"@context\":\"https:\\\/\\\/schema.org\",\"@graph\":[{\"@type\":\"WebPage\",\"@id\":\"https:\\\/\\\/exparto.pl\\\/ro\\\/produkt\\\/przegub-kompletny-walka-wom-krzyzak-395x48-cytryna-mc-27x75\\\/\",\"url\":\"https:\\\/\\\/exparto.pl\\\/ro\\\/produkt\\\/przegub-kompletny-walka-wom-krzyzak-395x48-cytryna-mc-27x75\\\/\",\"name\":\"Przegub kompletny wa\u0142ka WOM krzy\u017cak 39,5\u00d749 \u2013 cytryna MC 27\u00d775 - Exparto.pl\",\"isPartOf\":{\"@id\":\"https:\\\/\\\/exparto.pl\\\/ro\\\/#website\"},\"primaryImageOfPage\":{\"@id\":\"https:\\\/\\\/exparto.pl\\\/ro\\\/produkt\\\/przegub-kompletny-walka-wom-krzyzak-395x48-cytryna-mc-27x75\\\/#primaryimage\"},\"image\":{\"@id\":\"https:\\\/\\\/exparto.pl\\\/ro\\\/produkt\\\/przegub-kompletny-walka-wom-krzyzak-395x48-cytryna-mc-27x75\\\/#primaryimage\"},\"thumbnailUrl\":\"https:\\\/\\\/exparto.pl\\\/wp-content\\\/uploads\\\/2023\\\/11\\\/4704f8212129d70b5e0689e57356ef2e.jpg\",\"datePublished\":\"2023-11-15T08:06:13+00:00\",\"dateModified\":\"2026-04-02T08:00:16+00:00\",\"breadcrumb\":{\"@id\":\"https:\\\/\\\/exparto.pl\\\/ro\\\/produkt\\\/przegub-kompletny-walka-wom-krzyzak-395x48-cytryna-mc-27x75\\\/#breadcrumb\"},\"inLanguage\":\"ro-RO\",\"potentialAction\":[{\"@type\":\"ReadAction\",\"target\":[\"https:\\\/\\\/exparto.pl\\\/ro\\\/produkt\\\/przegub-kompletny-walka-wom-krzyzak-395x48-cytryna-mc-27x75\\\/\"]}]},{\"@type\":\"ImageObject\",\"inLanguage\":\"ro-RO\",\"@id\":\"https:\\\/\\\/exparto.pl\\\/ro\\\/produkt\\\/przegub-kompletny-walka-wom-krzyzak-395x48-cytryna-mc-27x75\\\/#primaryimage\",\"url\":\"https:\\\/\\\/exparto.pl\\\/wp-content\\\/uploads\\\/2023\\\/11\\\/4704f8212129d70b5e0689e57356ef2e.jpg\",\"contentUrl\":\"https:\\\/\\\/exparto.pl\\\/wp-content\\\/uploads\\\/2023\\\/11\\\/4704f8212129d70b5e0689e57356ef2e.jpg\",\"width\":1000,\"height\":1000},{\"@type\":\"BreadcrumbList\",\"@id\":\"https:\\\/\\\/exparto.pl\\\/ro\\\/produkt\\\/przegub-kompletny-walka-wom-krzyzak-395x48-cytryna-mc-27x75\\\/#breadcrumb\",\"itemListElement\":[{\"@type\":\"ListItem\",\"position\":1,\"name\":\"Pagina de start\",\"item\":\"https:\\\/\\\/exparto.pl\\\/ro\\\/pagina-de-start\\\/\"},{\"@type\":\"ListItem\",\"position\":2,\"name\":\"Sklep\",\"item\":\"https:\\\/\\\/exparto.pl\\\/sklep\\\/\"},{\"@type\":\"ListItem\",\"position\":3,\"name\":\"Arbori PTO telescopici\",\"item\":\"https:\\\/\\\/exparto.pl\\\/ro\\\/categoria-de-produse\\\/arbori-pto-telescopici\\\/\"},{\"@type\":\"ListItem\",\"position\":4,\"name\":\"Piese de arbore\",\"item\":\"https:\\\/\\\/exparto.pl\\\/ro\\\/categoria-de-produse\\\/arbori-pto-telescopici\\\/piese-de-arbore\\\/\"},{\"@type\":\"ListItem\",\"position\":5,\"name\":\"Przeguby kompletne\",\"item\":\"https:\\\/\\\/exparto.pl\\\/kategoria-produktu\\\/waly-przegubowo-teleskopowe\\\/czesci-do-walow\\\/przeguby-kompletne\\\/\"},{\"@type\":\"ListItem\",\"position\":6,\"name\":\"Przegub kompletny wa\u0142ka WOM krzy\u017cak 39,5\u00d749 \u2013 cytryna MC 27\u00d775\"}]},{\"@type\":\"WebSite\",\"@id\":\"https:\\\/\\\/exparto.pl\\\/ro\\\/#website\",\"url\":\"https:\\\/\\\/exparto.pl\\\/ro\\\/\",\"name\":\"EXPARTO\",\"description\":\"More than agro parts\",\"publisher\":{\"@id\":\"https:\\\/\\\/exparto.pl\\\/ro\\\/#organization\"},\"potentialAction\":[{\"@type\":\"SearchAction\",\"target\":{\"@type\":\"EntryPoint\",\"urlTemplate\":\"https:\\\/\\\/exparto.pl\\\/ro\\\/?s={search_term_string}\"},\"query-input\":{\"@type\":\"PropertyValueSpecification\",\"valueRequired\":true,\"valueName\":\"search_term_string\"}}],\"inLanguage\":\"ro-RO\"},{\"@type\":\"Organization\",\"@id\":\"https:\\\/\\\/exparto.pl\\\/ro\\\/#organization\",\"name\":\"EXPARTO\",\"url\":\"https:\\\/\\\/exparto.pl\\\/ro\\\/\",\"logo\":{\"@type\":\"ImageObject\",\"inLanguage\":\"ro-RO\",\"@id\":\"https:\\\/\\\/exparto.pl\\\/ro\\\/#\\\/schema\\\/logo\\\/image\\\/\",\"url\":\"https:\\\/\\\/exparto.pl\\\/wp-content\\\/uploads\\\/2023\\\/02\\\/logo-wektor.png\",\"contentUrl\":\"https:\\\/\\\/exparto.pl\\\/wp-content\\\/uploads\\\/2023\\\/02\\\/logo-wektor.png\",\"width\":1338,\"height\":143,\"caption\":\"EXPARTO\"},\"image\":{\"@id\":\"https:\\\/\\\/exparto.pl\\\/ro\\\/#\\\/schema\\\/logo\\\/image\\\/\"},\"sameAs\":[\"https:\\\/\\\/www.facebook.com\\\/exparto.agro\\\/\"]}]}<\/script>\n<!-- \/ Yoast SEO plugin. -->","yoast_head_json":{"title":"Przegub kompletny wa\u0142ka WOM krzy\u017cak 39,5\u00d749 \u2013 cytryna MC 27\u00d775 - Exparto.pl","robots":{"index":"index","follow":"follow","max-snippet":"max-snippet:-1","max-image-preview":"max-image-preview:large","max-video-preview":"max-video-preview:-1"},"canonical":"https:\/\/exparto.pl\/ro\/produkt\/przegub-kompletny-walka-wom-krzyzak-395x48-cytryna-mc-27x75\/","og_locale":"ro_RO","og_type":"article","og_title":"Przegub kompletny wa\u0142ka WOM krzy\u017cak 39,5\u00d749 \u2013 cytryna MC 27\u00d775 - Exparto.pl","og_description":"Przegub kompletny cytryna wewn\u0119trzna MC 27x75","og_url":"https:\/\/exparto.pl\/ro\/produkt\/przegub-kompletny-walka-wom-krzyzak-395x48-cytryna-mc-27x75\/","og_site_name":"Exparto.pl","article_publisher":"https:\/\/www.facebook.com\/exparto.agro\/","article_modified_time":"2026-04-02T08:00:16+00:00","og_image":[{"width":1000,"height":1000,"url":"https:\/\/exparto.pl\/wp-content\/uploads\/2023\/11\/4704f8212129d70b5e0689e57356ef2e.jpg","type":"image\/jpeg"}],"twitter_card":"summary_large_image","twitter_misc":{"Timp estimat pentru citire":"2 minute"},"schema":{"@context":"https:\/\/schema.org","@graph":[{"@type":"WebPage","@id":"https:\/\/exparto.pl\/ro\/produkt\/przegub-kompletny-walka-wom-krzyzak-395x48-cytryna-mc-27x75\/","url":"https:\/\/exparto.pl\/ro\/produkt\/przegub-kompletny-walka-wom-krzyzak-395x48-cytryna-mc-27x75\/","name":"Przegub kompletny wa\u0142ka WOM krzy\u017cak 39,5\u00d749 \u2013 cytryna MC 27\u00d775 - Exparto.pl","isPartOf":{"@id":"https:\/\/exparto.pl\/ro\/#website"},"primaryImageOfPage":{"@id":"https:\/\/exparto.pl\/ro\/produkt\/przegub-kompletny-walka-wom-krzyzak-395x48-cytryna-mc-27x75\/#primaryimage"},"image":{"@id":"https:\/\/exparto.pl\/ro\/produkt\/przegub-kompletny-walka-wom-krzyzak-395x48-cytryna-mc-27x75\/#primaryimage"},"thumbnailUrl":"https:\/\/exparto.pl\/wp-content\/uploads\/2023\/11\/4704f8212129d70b5e0689e57356ef2e.jpg","datePublished":"2023-11-15T08:06:13+00:00","dateModified":"2026-04-02T08:00:16+00:00","breadcrumb":{"@id":"https:\/\/exparto.pl\/ro\/produkt\/przegub-kompletny-walka-wom-krzyzak-395x48-cytryna-mc-27x75\/#breadcrumb"},"inLanguage":"ro-RO","potentialAction":[{"@type":"ReadAction","target":["https:\/\/exparto.pl\/ro\/produkt\/przegub-kompletny-walka-wom-krzyzak-395x48-cytryna-mc-27x75\/"]}]},{"@type":"ImageObject","inLanguage":"ro-RO","@id":"https:\/\/exparto.pl\/ro\/produkt\/przegub-kompletny-walka-wom-krzyzak-395x48-cytryna-mc-27x75\/#primaryimage","url":"https:\/\/exparto.pl\/wp-content\/uploads\/2023\/11\/4704f8212129d70b5e0689e57356ef2e.jpg","contentUrl":"https:\/\/exparto.pl\/wp-content\/uploads\/2023\/11\/4704f8212129d70b5e0689e57356ef2e.jpg","width":1000,"height":1000},{"@type":"BreadcrumbList","@id":"https:\/\/exparto.pl\/ro\/produkt\/przegub-kompletny-walka-wom-krzyzak-395x48-cytryna-mc-27x75\/#breadcrumb","itemListElement":[{"@type":"ListItem","position":1,"name":"Pagina de start","item":"https:\/\/exparto.pl\/ro\/pagina-de-start\/"},{"@type":"ListItem","position":2,"name":"Sklep","item":"https:\/\/exparto.pl\/sklep\/"},{"@type":"ListItem","position":3,"name":"Arbori PTO telescopici","item":"https:\/\/exparto.pl\/ro\/categoria-de-produse\/arbori-pto-telescopici\/"},{"@type":"ListItem","position":4,"name":"Piese de arbore","item":"https:\/\/exparto.pl\/ro\/categoria-de-produse\/arbori-pto-telescopici\/piese-de-arbore\/"},{"@type":"ListItem","position":5,"name":"Przeguby kompletne","item":"https:\/\/exparto.pl\/kategoria-produktu\/waly-przegubowo-teleskopowe\/czesci-do-walow\/przeguby-kompletne\/"},{"@type":"ListItem","position":6,"name":"Przegub kompletny wa\u0142ka WOM krzy\u017cak 39,5\u00d749 \u2013 cytryna MC 27\u00d775"}]},{"@type":"WebSite","@id":"https:\/\/exparto.pl\/ro\/#website","url":"https:\/\/exparto.pl\/ro\/","name":"EXPARTO","description":"More than agro parts","publisher":{"@id":"https:\/\/exparto.pl\/ro\/#organization"},"potentialAction":[{"@type":"SearchAction","target":{"@type":"EntryPoint","urlTemplate":"https:\/\/exparto.pl\/ro\/?s={search_term_string}"},"query-input":{"@type":"PropertyValueSpecification","valueRequired":true,"valueName":"search_term_string"}}],"inLanguage":"ro-RO"},{"@type":"Organization","@id":"https:\/\/exparto.pl\/ro\/#organization","name":"EXPARTO","url":"https:\/\/exparto.pl\/ro\/","logo":{"@type":"ImageObject","inLanguage":"ro-RO","@id":"https:\/\/exparto.pl\/ro\/#\/schema\/logo\/image\/","url":"https:\/\/exparto.pl\/wp-content\/uploads\/2023\/02\/logo-wektor.png","contentUrl":"https:\/\/exparto.pl\/wp-content\/uploads\/2023\/02\/logo-wektor.png","width":1338,"height":143,"caption":"EXPARTO"},"image":{"@id":"https:\/\/exparto.pl\/ro\/#\/schema\/logo\/image\/"},"sameAs":["https:\/\/www.facebook.com\/exparto.agro\/"]}]}},"_links":{"self":[{"href":"https:\/\/exparto.pl\/ro\/wp-json\/wp\/v2\/product\/14414","targetHints":{"allow":["GET"]}}],"collection":[{"href":"https:\/\/exparto.pl\/ro\/wp-json\/wp\/v2\/product"}],"about":[{"href":"https:\/\/exparto.pl\/ro\/wp-json\/wp\/v2\/types\/product"}],"replies":[{"embeddable":true,"href":"https:\/\/exparto.pl\/ro\/wp-json\/wp\/v2\/comments?post=14414"}],"wp:featuredmedia":[{"embeddable":true,"href":"https:\/\/exparto.pl\/ro\/wp-json\/wp\/v2\/media\/14389"}],"wp:attachment":[{"href":"https:\/\/exparto.pl\/ro\/wp-json\/wp\/v2\/media?parent=14414"}],"wp:term":[{"taxonomy":"product_brand","embeddable":true,"href":"https:\/\/exparto.pl\/ro\/wp-json\/wp\/v2\/product_brand?post=14414"},{"taxonomy":"product_cat","embeddable":true,"href":"https:\/\/exparto.pl\/ro\/wp-json\/wp\/v2\/product_cat?post=14414"},{"taxonomy":"product_tag","embeddable":true,"href":"https:\/\/exparto.pl\/ro\/wp-json\/wp\/v2\/product_tag?post=14414"}],"curies":[{"name":"wp","href":"https:\/\/api.w.org\/{rel}","templated":true}]}}