{"id":14467,"date":"2023-11-15T09:09:06","date_gmt":"2023-11-15T08:09:06","guid":{"rendered":"https:\/\/exparto.pl\/produkt\/przegub-kompletny-walka-wom-krzyzak-40x48-cytryna-dc-24x62\/"},"modified":"2026-03-31T12:01:45","modified_gmt":"2026-03-31T10:01:45","slug":"przegub-kompletny-walka-wom-krzyzak-40x48-cytryna-dc-24x62","status":"publish","type":"product","link":"https:\/\/exparto.pl\/ro\/produkt\/przegub-kompletny-walka-wom-krzyzak-40x48-cytryna-dc-24x62\/","title":{"rendered":"Przegub kompletny wa\u0142ka WOM krzy\u017cak 24\u00d761 \u2013 cytryna DC 41\u00d748"},"content":{"rendered":"<p style=\"text-align: justify\"><span style=\"font-family: Barlow, sans-serif;font-size: 16px;text-align: start\">Poszukujesz wydajnych i sprawdzonych rozwi\u0105za\u0144 dla rolnictwa? Poznaj nasz&nbsp;<\/span><b style=\"font-family: Barlow, sans-serif;font-size: 16px;text-align: start\">przegub wa\u0142ka WOM cytryna DC 41&#215;48<\/b><span style=\"font-family: Barlow, sans-serif;font-size: 16px;text-align: start\">. W EXPARTO dbamy o to, aby ka\u017cdy pojedynczy produkt z naszego asortymentu urzeczywistnia\u0142 najwy\u017csze rynkowe standardy. Oferowany przez nas przegub kompletny WOM spe\u0142ni oczekiwania najbardziej wymagaj\u0105cych rolnik\u00f3w.<\/span><span style=\"font-family: Barlow, sans-serif;font-size: 16px;text-align: start\"><\/span><\/p>\n<h2 style=\"line-height: 1.4;font-size: 1.25rem;font-family: Barlow, sans-serif\"><span style=\"font-weight: 400\">Przegub kompletny wa\u0142ka WOM cytryna DC 41&#215;48 &#8211; przegub wa\u0142ka przeka\u017anika mocy krzy\u017cakowy 24&#215;61<\/span><\/h2>\n<p style=\"text-align: justify\"><b style=\"font-family: Barlow, sans-serif;font-size: 16px;text-align: start\">Przegub wa\u0142ka przeka\u017anika mocy umo\u017cliwia prawid\u0142owe przekazania mocy nap\u0119du ci\u0105gnika rolniczego na maszyn\u0119<\/b><span style=\"font-family: Barlow, sans-serif;font-size: 16px;text-align: start\">. Element ten mocowany jest bezpo\u015brednio do wa\u0142ka, kt\u00f3ry znajduje si\u0119 przy traktorze. Pe\u0142ni wa\u017cn\u0105 funkcj\u0119 w ca\u0142ym uk\u0142adzie. W\u0142a\u015bnie dlatego powinien odznacza\u0107 si\u0119 bardzo wysok\u0105 jako\u015bci\u0105 wykonania i niezawodno\u015bci\u0105 w trakcie pracy.&nbsp;<\/span><span style=\"font-family: Barlow, sans-serif;font-size: 16px;text-align: start\">&nbsp;<\/span><span style=\"font-family: Barlow, sans-serif;font-size: 16px;text-align: start\">Taki w\u0142a\u015bnie jest przegub WOM od EXPARTO. Wskazana cz\u0119\u015b\u0107 mechaniczna znajduje zastosowanie przy po\u0142\u0105czeniach z takimi urz\u0105dzeniami, jak m.in.: rozsiewacze, kosiarki i prasy.&nbsp;<\/span><span style=\"font-family: Barlow, sans-serif;font-size: 16px;text-align: start\">&nbsp;<\/span><\/p>\n<p style=\"text-align: justify\"><span style=\"font-family: Barlow, sans-serif;font-size: 16px;text-align: start\">Dbamy o to, aby dostarczany do Ciebie produkt by\u0142 w doskona\u0142ym stanie technicznym.&nbsp;<\/span><b style=\"font-family: Barlow, sans-serif;font-size: 16px;text-align: start\">Dzi\u0119ki temu doskonale sprawdzi si\u0119 podczas intensywnych prac na polu<\/b><span style=\"font-family: Barlow, sans-serif;font-size: 16px;text-align: start\">. Ten przegub krzy\u017cakowy WOM wyposa\u017cyli\u015bmy w profil przy\u0142\u0105cza typu cytryna 41&#215;48 oraz profil zewn\u0119trzny 6 frez\u00f3w 1 i 3\/8 cala. Waga elementu to niespe\u0142na 2 kilogramy.&nbsp;<\/span><span style=\"font-family: Barlow, sans-serif;font-size: 16px;text-align: start\"><\/span><\/p>\n<p style=\"font-family: Barlow, sans-serif;font-size: 16px;text-align: justify\">Zaufaj naszym ekspertom i zainwestuj w wysokiej jako\u015bci cz\u0119\u015bci mechaniczne do maszyn rolniczych.&nbsp;<b>W naszym asortymencie posiadamy szeroki wyb\u00f3r produkt\u00f3w, dzi\u0119ki czemu bez trudu dobierzesz je do swoich potrzeb<\/b>. Nasi specjali\u015bci oferuj\u0105 dedykowane wsparcie w procesie doboru i finalizacji transakcji. W przypadku jakichkolwiek pyta\u0144 lub w\u0105tpliwo\u015bci skontaktuj si\u0119 z nami.<\/p>\n","protected":false},"excerpt":{"rendered":"<p style=\"text-align: justify\">Przegub kompletny cytryna zewn\u0119trzna DC 24&#215;61<\/p>\n","protected":false},"featured_media":14442,"comment_status":"open","ping_status":"closed","template":"","meta":{"_acf_changed":false,"inline_featured_image":false},"product_brand":[],"product_cat":[114,882,722,53],"product_tag":[],"class_list":{"0":"post-14467","1":"product","2":"type-product","3":"status-publish","4":"has-post-thumbnail","6":"product_cat-czesci-do-walow","7":"product_cat-przeguby-cytryna","8":"product_cat-przeguby-kompletne","9":"product_cat-waly-przegubowo-teleskopowe","11":"first","12":"instock","13":"taxable","14":"shipping-taxable","15":"purchasable","16":"product-type-simple"},"acf":[],"yoast_head":"<!-- This site is optimized with the Yoast SEO plugin v27.2 - https:\/\/yoast.com\/product\/yoast-seo-wordpress\/ -->\n<title>Przegub kompletny wa\u0142ka WOM krzy\u017cak 24\u00d761 \u2013 cytryna DC 41\u00d748 - Exparto.pl<\/title>\n<meta name=\"robots\" content=\"index, follow, max-snippet:-1, max-image-preview:large, max-video-preview:-1\" \/>\n<link rel=\"canonical\" href=\"https:\/\/exparto.pl\/ro\/produkt\/przegub-kompletny-walka-wom-krzyzak-40x48-cytryna-dc-24x62\/\" \/>\n<meta property=\"og:locale\" content=\"ro_RO\" \/>\n<meta property=\"og:type\" content=\"article\" \/>\n<meta property=\"og:title\" content=\"Przegub kompletny wa\u0142ka WOM krzy\u017cak 24\u00d761 \u2013 cytryna DC 41\u00d748 - Exparto.pl\" \/>\n<meta property=\"og:description\" content=\"Przegub kompletny cytryna zewn\u0119trzna DC 24x61\" \/>\n<meta property=\"og:url\" content=\"https:\/\/exparto.pl\/ro\/produkt\/przegub-kompletny-walka-wom-krzyzak-40x48-cytryna-dc-24x62\/\" \/>\n<meta property=\"og:site_name\" content=\"Exparto.pl\" \/>\n<meta property=\"article:publisher\" content=\"https:\/\/www.facebook.com\/exparto.agro\/\" \/>\n<meta property=\"article:modified_time\" content=\"2026-03-31T10:01:45+00:00\" \/>\n<meta property=\"og:image\" content=\"https:\/\/exparto.pl\/wp-content\/uploads\/2023\/11\/58a229c8fc85f0fa2ac48fc2320fb01f.jpg\" \/>\n\t<meta property=\"og:image:width\" content=\"1000\" \/>\n\t<meta property=\"og:image:height\" content=\"1000\" \/>\n\t<meta property=\"og:image:type\" content=\"image\/jpeg\" \/>\n<meta name=\"twitter:card\" content=\"summary_large_image\" \/>\n<meta name=\"twitter:label1\" content=\"Timp estimat pentru citire\" \/>\n\t<meta name=\"twitter:data1\" content=\"2 minute\" \/>\n<script type=\"application\/ld+json\" class=\"yoast-schema-graph\">{\"@context\":\"https:\/\/schema.org\",\"@graph\":[{\"@type\":\"WebPage\",\"@id\":\"https:\/\/exparto.pl\/ro\/produkt\/przegub-kompletny-walka-wom-krzyzak-40x48-cytryna-dc-24x62\/\",\"url\":\"https:\/\/exparto.pl\/ro\/produkt\/przegub-kompletny-walka-wom-krzyzak-40x48-cytryna-dc-24x62\/\",\"name\":\"Przegub kompletny wa\u0142ka WOM krzy\u017cak 24\u00d761 \u2013 cytryna DC 41\u00d748 - Exparto.pl\",\"isPartOf\":{\"@id\":\"https:\/\/exparto.pl\/ro\/#website\"},\"primaryImageOfPage\":{\"@id\":\"https:\/\/exparto.pl\/ro\/produkt\/przegub-kompletny-walka-wom-krzyzak-40x48-cytryna-dc-24x62\/#primaryimage\"},\"image\":{\"@id\":\"https:\/\/exparto.pl\/ro\/produkt\/przegub-kompletny-walka-wom-krzyzak-40x48-cytryna-dc-24x62\/#primaryimage\"},\"thumbnailUrl\":\"https:\/\/exparto.pl\/wp-content\/uploads\/2023\/11\/58a229c8fc85f0fa2ac48fc2320fb01f.jpg\",\"datePublished\":\"2023-11-15T08:09:06+00:00\",\"dateModified\":\"2026-03-31T10:01:45+00:00\",\"breadcrumb\":{\"@id\":\"https:\/\/exparto.pl\/ro\/produkt\/przegub-kompletny-walka-wom-krzyzak-40x48-cytryna-dc-24x62\/#breadcrumb\"},\"inLanguage\":\"ro-RO\",\"potentialAction\":[{\"@type\":\"ReadAction\",\"target\":[\"https:\/\/exparto.pl\/ro\/produkt\/przegub-kompletny-walka-wom-krzyzak-40x48-cytryna-dc-24x62\/\"]}]},{\"@type\":\"ImageObject\",\"inLanguage\":\"ro-RO\",\"@id\":\"https:\/\/exparto.pl\/ro\/produkt\/przegub-kompletny-walka-wom-krzyzak-40x48-cytryna-dc-24x62\/#primaryimage\",\"url\":\"https:\/\/exparto.pl\/wp-content\/uploads\/2023\/11\/58a229c8fc85f0fa2ac48fc2320fb01f.jpg\",\"contentUrl\":\"https:\/\/exparto.pl\/wp-content\/uploads\/2023\/11\/58a229c8fc85f0fa2ac48fc2320fb01f.jpg\",\"width\":1000,\"height\":1000},{\"@type\":\"BreadcrumbList\",\"@id\":\"https:\/\/exparto.pl\/ro\/produkt\/przegub-kompletny-walka-wom-krzyzak-40x48-cytryna-dc-24x62\/#breadcrumb\",\"itemListElement\":[{\"@type\":\"ListItem\",\"position\":1,\"name\":\"Pagina de start\",\"item\":\"https:\/\/exparto.pl\/ro\/pagina-de-start\/\"},{\"@type\":\"ListItem\",\"position\":2,\"name\":\"Sklep\",\"item\":\"https:\/\/exparto.pl\/sklep\/\"},{\"@type\":\"ListItem\",\"position\":3,\"name\":\"Arbori PTO telescopici\",\"item\":\"https:\/\/exparto.pl\/ro\/categoria-de-produse\/arbori-pto-telescopici\/\"},{\"@type\":\"ListItem\",\"position\":4,\"name\":\"Piese de arbore\",\"item\":\"https:\/\/exparto.pl\/ro\/categoria-de-produse\/arbori-pto-telescopici\/piese-de-arbore\/\"},{\"@type\":\"ListItem\",\"position\":5,\"name\":\"Przeguby kompletne\",\"item\":\"https:\/\/exparto.pl\/kategoria-produktu\/waly-przegubowo-teleskopowe\/czesci-do-walow\/przeguby-kompletne\/\"},{\"@type\":\"ListItem\",\"position\":6,\"name\":\"Przegub kompletny wa\u0142ka WOM krzy\u017cak 24\u00d761 \u2013 cytryna DC 41\u00d748\"}]},{\"@type\":\"WebSite\",\"@id\":\"https:\/\/exparto.pl\/ro\/#website\",\"url\":\"https:\/\/exparto.pl\/ro\/\",\"name\":\"EXPARTO\",\"description\":\"More than agro parts\",\"publisher\":{\"@id\":\"https:\/\/exparto.pl\/ro\/#organization\"},\"potentialAction\":[{\"@type\":\"SearchAction\",\"target\":{\"@type\":\"EntryPoint\",\"urlTemplate\":\"https:\/\/exparto.pl\/ro\/?s={search_term_string}\"},\"query-input\":{\"@type\":\"PropertyValueSpecification\",\"valueRequired\":true,\"valueName\":\"search_term_string\"}}],\"inLanguage\":\"ro-RO\"},{\"@type\":\"Organization\",\"@id\":\"https:\/\/exparto.pl\/ro\/#organization\",\"name\":\"EXPARTO\",\"url\":\"https:\/\/exparto.pl\/ro\/\",\"logo\":{\"@type\":\"ImageObject\",\"inLanguage\":\"ro-RO\",\"@id\":\"https:\/\/exparto.pl\/ro\/#\/schema\/logo\/image\/\",\"url\":\"https:\/\/exparto.pl\/wp-content\/uploads\/2023\/02\/logo-wektor.png\",\"contentUrl\":\"https:\/\/exparto.pl\/wp-content\/uploads\/2023\/02\/logo-wektor.png\",\"width\":1338,\"height\":143,\"caption\":\"EXPARTO\"},\"image\":{\"@id\":\"https:\/\/exparto.pl\/ro\/#\/schema\/logo\/image\/\"},\"sameAs\":[\"https:\/\/www.facebook.com\/exparto.agro\/\"]}]}<\/script>\n<!-- \/ Yoast SEO plugin. -->","yoast_head_json":{"title":"Przegub kompletny wa\u0142ka WOM krzy\u017cak 24\u00d761 \u2013 cytryna DC 41\u00d748 - Exparto.pl","robots":{"index":"index","follow":"follow","max-snippet":"max-snippet:-1","max-image-preview":"max-image-preview:large","max-video-preview":"max-video-preview:-1"},"canonical":"https:\/\/exparto.pl\/ro\/produkt\/przegub-kompletny-walka-wom-krzyzak-40x48-cytryna-dc-24x62\/","og_locale":"ro_RO","og_type":"article","og_title":"Przegub kompletny wa\u0142ka WOM krzy\u017cak 24\u00d761 \u2013 cytryna DC 41\u00d748 - Exparto.pl","og_description":"Przegub kompletny cytryna zewn\u0119trzna DC 24x61","og_url":"https:\/\/exparto.pl\/ro\/produkt\/przegub-kompletny-walka-wom-krzyzak-40x48-cytryna-dc-24x62\/","og_site_name":"Exparto.pl","article_publisher":"https:\/\/www.facebook.com\/exparto.agro\/","article_modified_time":"2026-03-31T10:01:45+00:00","og_image":[{"width":1000,"height":1000,"url":"https:\/\/exparto.pl\/wp-content\/uploads\/2023\/11\/58a229c8fc85f0fa2ac48fc2320fb01f.jpg","type":"image\/jpeg"}],"twitter_card":"summary_large_image","twitter_misc":{"Timp estimat pentru citire":"2 minute"},"schema":{"@context":"https:\/\/schema.org","@graph":[{"@type":"WebPage","@id":"https:\/\/exparto.pl\/ro\/produkt\/przegub-kompletny-walka-wom-krzyzak-40x48-cytryna-dc-24x62\/","url":"https:\/\/exparto.pl\/ro\/produkt\/przegub-kompletny-walka-wom-krzyzak-40x48-cytryna-dc-24x62\/","name":"Przegub kompletny wa\u0142ka WOM krzy\u017cak 24\u00d761 \u2013 cytryna DC 41\u00d748 - Exparto.pl","isPartOf":{"@id":"https:\/\/exparto.pl\/ro\/#website"},"primaryImageOfPage":{"@id":"https:\/\/exparto.pl\/ro\/produkt\/przegub-kompletny-walka-wom-krzyzak-40x48-cytryna-dc-24x62\/#primaryimage"},"image":{"@id":"https:\/\/exparto.pl\/ro\/produkt\/przegub-kompletny-walka-wom-krzyzak-40x48-cytryna-dc-24x62\/#primaryimage"},"thumbnailUrl":"https:\/\/exparto.pl\/wp-content\/uploads\/2023\/11\/58a229c8fc85f0fa2ac48fc2320fb01f.jpg","datePublished":"2023-11-15T08:09:06+00:00","dateModified":"2026-03-31T10:01:45+00:00","breadcrumb":{"@id":"https:\/\/exparto.pl\/ro\/produkt\/przegub-kompletny-walka-wom-krzyzak-40x48-cytryna-dc-24x62\/#breadcrumb"},"inLanguage":"ro-RO","potentialAction":[{"@type":"ReadAction","target":["https:\/\/exparto.pl\/ro\/produkt\/przegub-kompletny-walka-wom-krzyzak-40x48-cytryna-dc-24x62\/"]}]},{"@type":"ImageObject","inLanguage":"ro-RO","@id":"https:\/\/exparto.pl\/ro\/produkt\/przegub-kompletny-walka-wom-krzyzak-40x48-cytryna-dc-24x62\/#primaryimage","url":"https:\/\/exparto.pl\/wp-content\/uploads\/2023\/11\/58a229c8fc85f0fa2ac48fc2320fb01f.jpg","contentUrl":"https:\/\/exparto.pl\/wp-content\/uploads\/2023\/11\/58a229c8fc85f0fa2ac48fc2320fb01f.jpg","width":1000,"height":1000},{"@type":"BreadcrumbList","@id":"https:\/\/exparto.pl\/ro\/produkt\/przegub-kompletny-walka-wom-krzyzak-40x48-cytryna-dc-24x62\/#breadcrumb","itemListElement":[{"@type":"ListItem","position":1,"name":"Pagina de start","item":"https:\/\/exparto.pl\/ro\/pagina-de-start\/"},{"@type":"ListItem","position":2,"name":"Sklep","item":"https:\/\/exparto.pl\/sklep\/"},{"@type":"ListItem","position":3,"name":"Arbori PTO telescopici","item":"https:\/\/exparto.pl\/ro\/categoria-de-produse\/arbori-pto-telescopici\/"},{"@type":"ListItem","position":4,"name":"Piese de arbore","item":"https:\/\/exparto.pl\/ro\/categoria-de-produse\/arbori-pto-telescopici\/piese-de-arbore\/"},{"@type":"ListItem","position":5,"name":"Przeguby kompletne","item":"https:\/\/exparto.pl\/kategoria-produktu\/waly-przegubowo-teleskopowe\/czesci-do-walow\/przeguby-kompletne\/"},{"@type":"ListItem","position":6,"name":"Przegub kompletny wa\u0142ka WOM krzy\u017cak 24\u00d761 \u2013 cytryna DC 41\u00d748"}]},{"@type":"WebSite","@id":"https:\/\/exparto.pl\/ro\/#website","url":"https:\/\/exparto.pl\/ro\/","name":"EXPARTO","description":"More than agro parts","publisher":{"@id":"https:\/\/exparto.pl\/ro\/#organization"},"potentialAction":[{"@type":"SearchAction","target":{"@type":"EntryPoint","urlTemplate":"https:\/\/exparto.pl\/ro\/?s={search_term_string}"},"query-input":{"@type":"PropertyValueSpecification","valueRequired":true,"valueName":"search_term_string"}}],"inLanguage":"ro-RO"},{"@type":"Organization","@id":"https:\/\/exparto.pl\/ro\/#organization","name":"EXPARTO","url":"https:\/\/exparto.pl\/ro\/","logo":{"@type":"ImageObject","inLanguage":"ro-RO","@id":"https:\/\/exparto.pl\/ro\/#\/schema\/logo\/image\/","url":"https:\/\/exparto.pl\/wp-content\/uploads\/2023\/02\/logo-wektor.png","contentUrl":"https:\/\/exparto.pl\/wp-content\/uploads\/2023\/02\/logo-wektor.png","width":1338,"height":143,"caption":"EXPARTO"},"image":{"@id":"https:\/\/exparto.pl\/ro\/#\/schema\/logo\/image\/"},"sameAs":["https:\/\/www.facebook.com\/exparto.agro\/"]}]}},"_links":{"self":[{"href":"https:\/\/exparto.pl\/ro\/wp-json\/wp\/v2\/product\/14467","targetHints":{"allow":["GET"]}}],"collection":[{"href":"https:\/\/exparto.pl\/ro\/wp-json\/wp\/v2\/product"}],"about":[{"href":"https:\/\/exparto.pl\/ro\/wp-json\/wp\/v2\/types\/product"}],"replies":[{"embeddable":true,"href":"https:\/\/exparto.pl\/ro\/wp-json\/wp\/v2\/comments?post=14467"}],"wp:featuredmedia":[{"embeddable":true,"href":"https:\/\/exparto.pl\/ro\/wp-json\/wp\/v2\/media\/14442"}],"wp:attachment":[{"href":"https:\/\/exparto.pl\/ro\/wp-json\/wp\/v2\/media?parent=14467"}],"wp:term":[{"taxonomy":"product_brand","embeddable":true,"href":"https:\/\/exparto.pl\/ro\/wp-json\/wp\/v2\/product_brand?post=14467"},{"taxonomy":"product_cat","embeddable":true,"href":"https:\/\/exparto.pl\/ro\/wp-json\/wp\/v2\/product_cat?post=14467"},{"taxonomy":"product_tag","embeddable":true,"href":"https:\/\/exparto.pl\/ro\/wp-json\/wp\/v2\/product_tag?post=14467"}],"curies":[{"name":"wp","href":"https:\/\/api.w.org\/{rel}","templated":true}]}}