{"id":14538,"date":"2023-11-16T15:36:48","date_gmt":"2023-11-16T14:36:48","guid":{"rendered":"https:\/\/exparto.pl\/produkt\/silownik-hydrauliczny-do-rozsiewacza-120-86-sprezyna-rozsiewacza-brzeg-amazone-strumyk\/"},"modified":"2026-04-09T10:23:59","modified_gmt":"2026-04-09T08:23:59","slug":"silownik-hydrauliczny-do-rozsiewacza-120-86-sprezyna-rozsiewacza-brzeg-amazone-strumyk","status":"publish","type":"product","link":"https:\/\/exparto.pl\/ro\/produkt\/silownik-hydrauliczny-do-rozsiewacza-120-86-sprezyna-rozsiewacza-brzeg-amazone-strumyk\/","title":{"rendered":"Si\u0142ownik hydrauliczny do rozsiewacza 1,20\/86 + Spr\u0119\u017cyna rozsiewacza BRZEG AMAZONE STRUMYK"},"content":{"rendered":"<p class=\"MsoNormal\" style=\"text-align: justify\"><span style=\"color: inherit;font-weight: 700 !important\">Si\u0142owniki hydrauliczne<\/span>\u00a0to urz\u0105dzenia, kt\u00f3re sprawdzaj\u0105 si\u0119 tam, gdzie wymagana jest du\u017ca si\u0142a nacisku. Ich zadaniem jest\u00a0<span style=\"color: inherit;font-weight: 700 !important\">zamiana energii ci\u015bnienia cieczy roboczej<\/span>\u00a0na\u00a0<span style=\"color: inherit;font-weight: 700 !important\">energi\u0119 mechaniczn\u0105.\u00a0<\/span>Dzi\u0119ki temu mo\u017cliwy jest posuwisty ruch zespo\u0142u t\u0142ok-t\u0142oczysko. Dodajmy, \u017ce si\u0142owniki tego typu s\u0105 idealnie dopasowane do potrzeb uk\u0142ad\u00f3w zastosowanych m.in. w maszynach rolniczych.<\/p>\n<p class=\"MsoNormal\" style=\"text-align: justify\">Si\u0142owniki hydrauliczne, okre\u015blane te\u017c mianem cylindr\u00f3w hydraulicznych, mo\u017cemy podzieli\u0107 na:\u00a0<span style=\"color: inherit;font-weight: 700 !important\">jednostronne\u00a0<\/span>lub\u00a0<span style=\"color: inherit;font-weight: 700 !important\">dwustronne<\/span>. W przypadku tych pierwszych wyst\u0119puje\u00a0<span style=\"color: inherit;font-weight: 700 !important\">jedno przy\u0142\u0105cze<\/span>\u00a0na ciecz robocz\u0105 (i suw roboczy odbywa si\u0119 w jednym kierunku), a w przypadku drugich \u2013<span style=\"color: inherit;font-weight: 700 !important\">\u00a0dwa przy\u0142\u0105cza\u00a0<\/span>(i suw roboczy odbywa si\u0119 w dw\u00f3ch kierunkach). Ponadto te drugie dzia\u0142aj\u0105 szybciej,\u00a0<span style=\"color: inherit;font-weight: 700 !important\">wyr\u00f3\u017cniaj\u0105 dowoln\u0105 d\u0142ugo\u015bci\u0105 skoku<\/span>, a tak\u017ce\u00a0<span style=\"color: inherit;font-weight: 700 !important\">wi\u0119ksz\u0105 efektywno\u015bci\u0105<\/span>. Poszczeg\u00f3lne cylindry hydrauliczne mog\u0105 r\u00f3\u017cni\u0107 si\u0119 mi\u0119dzy sob\u0105 si\u0142\u0105, zakresem \u015brednic, jak r\u00f3wnie\u017c\u00a0<span style=\"color: inherit;font-weight: 700 !important\">mocowaniem<\/span>.<\/p>\n<p class=\"MsoNormal\" style=\"text-align: justify\">Istnieje kilka<span style=\"color: inherit;font-weight: 700 !important\">\u00a0kryteri\u00f3w<\/span>, kt\u00f3re warto wzi\u0105\u0107 pod uwag\u0119, przy zakupie si\u0142ownik\u00f3w. Przede wszystkim warto dowiedzie\u0107 si\u0119, czy\u00a0<span style=\"color: inherit;font-weight: 700 !important\">poziom jako\u015bci po\u0142\u0105cze\u0144<\/span>\u00a0spawanych jest zgodny\u00a0<span style=\"color: inherit;font-weight: 700 !important\">z wymogami ISO 5817<\/span>. Ponadto dobrze jest sprawdzi\u0107, czy cylindry wyposa\u017cone s\u0105 w\u00a0<span style=\"color: inherit;font-weight: 700 !important\">wysokiej klasy uszczelnienia<\/span>. Co wi\u0119cej, wa\u017cne jest r\u00f3wnie\u017c to, czy\u00a0<span style=\"color: inherit;font-weight: 700 !important\">obudowa jest g\u0142adka<\/span>, szczelna i \u0142atwa do umycia. Dodajmy, \u017ce si\u0142owniki hydrauliczne znajduj\u0105 zastosowanie w ci\u0119\u017ckich warunkach pracy, a wiec m.in. w\u00a0<span style=\"color: inherit;font-weight: 700 !important\">produkcji wielu urz\u0105dze\u0144 rolniczych<\/span>, przemys\u0142owych, jak r\u00f3wnie\u017c<span style=\"color: inherit;font-weight: 700 !important\">\u00a0budowlanych\u00a0<\/span>\u2013 zar\u00f3wno stacjonarnych, jak i mobilnych.<\/p>\n<p class=\"MsoNormal\" style=\"text-align: justify\"><span style=\"text-align: start;font-weight: 700 !important\">Spr\u0119\u017cyna powrotna<\/span><span style=\"text-align: start\">\u00a0si\u0142ownika pasuje do rozsiewaczy Brzeg oraz Amazone.<\/span><\/p>\n","protected":false},"excerpt":{"rendered":"<p style=\"text-align: justify\">Si\u0142owniki hydrauliczne to urz\u0105dzenia, kt\u00f3re sprawdzaj\u0105 si\u0119 tam, gdzie wymagana jest du\u017ca si\u0142a nacisku. Ich zadaniem jest zamiana energii ci\u015bnienia cieczy roboczej na energi\u0119 mechaniczn\u0105.<\/p>\n","protected":false},"featured_media":14533,"comment_status":"open","ping_status":"closed","template":"","meta":{"_acf_changed":false,"inline_featured_image":false},"product_brand":[],"product_cat":[51,42,1031,88],"product_tag":[],"class_list":{"0":"post-14538","1":"product","2":"type-product","3":"status-publish","4":"has-post-thumbnail","6":"product_cat-czesci-do-rozsiewaczy","7":"product_cat-hydraulika-silowa","8":"product_cat-silowniki","9":"product_cat-silowniki-hydrauliczne","11":"first","12":"instock","13":"taxable","14":"shipping-taxable","15":"purchasable","16":"product-type-simple"},"acf":[],"yoast_head":"<!-- This site is optimized with the Yoast SEO plugin v27.3 - https:\/\/yoast.com\/product\/yoast-seo-wordpress\/ -->\n<title>Si\u0142ownik hydrauliczny do rozsiewacza 1,20\/86 + Spr\u0119\u017cyna rozsiewacza BRZEG AMAZONE STRUMYK - Exparto.pl<\/title>\n<meta name=\"robots\" content=\"index, follow, max-snippet:-1, max-image-preview:large, max-video-preview:-1\" \/>\n<link rel=\"canonical\" href=\"https:\/\/exparto.pl\/ro\/produkt\/silownik-hydrauliczny-do-rozsiewacza-120-86-sprezyna-rozsiewacza-brzeg-amazone-strumyk\/\" \/>\n<meta property=\"og:locale\" content=\"ro_RO\" \/>\n<meta property=\"og:type\" content=\"article\" \/>\n<meta property=\"og:title\" content=\"Si\u0142ownik hydrauliczny do rozsiewacza 1,20\/86 + Spr\u0119\u017cyna rozsiewacza BRZEG AMAZONE STRUMYK - Exparto.pl\" \/>\n<meta property=\"og:description\" content=\"Si\u0142owniki hydrauliczne to urz\u0105dzenia, kt\u00f3re sprawdzaj\u0105 si\u0119 tam, gdzie wymagana jest du\u017ca si\u0142a nacisku. Ich zadaniem jest zamiana energii ci\u015bnienia cieczy roboczej na energi\u0119 mechaniczn\u0105.\" \/>\n<meta property=\"og:url\" content=\"https:\/\/exparto.pl\/ro\/produkt\/silownik-hydrauliczny-do-rozsiewacza-120-86-sprezyna-rozsiewacza-brzeg-amazone-strumyk\/\" \/>\n<meta property=\"og:site_name\" content=\"Exparto.pl\" \/>\n<meta property=\"article:publisher\" content=\"https:\/\/www.facebook.com\/exparto.agro\/\" \/>\n<meta property=\"article:modified_time\" content=\"2026-04-09T08:23:59+00:00\" \/>\n<meta property=\"og:image\" content=\"https:\/\/exparto.pl\/wp-content\/uploads\/2023\/11\/3473e8bac31dd3690e7e2ceebd126ab5.png\" \/>\n\t<meta property=\"og:image:width\" content=\"1000\" \/>\n\t<meta property=\"og:image:height\" content=\"1000\" \/>\n\t<meta property=\"og:image:type\" content=\"image\/png\" \/>\n<meta name=\"twitter:card\" content=\"summary_large_image\" \/>\n<meta name=\"twitter:label1\" content=\"Timp estimat pentru citire\" \/>\n\t<meta name=\"twitter:data1\" content=\"2 minute\" \/>\n<script type=\"application\/ld+json\" class=\"yoast-schema-graph\">{\"@context\":\"https:\\\/\\\/schema.org\",\"@graph\":[{\"@type\":\"WebPage\",\"@id\":\"https:\\\/\\\/exparto.pl\\\/ro\\\/produkt\\\/silownik-hydrauliczny-do-rozsiewacza-120-86-sprezyna-rozsiewacza-brzeg-amazone-strumyk\\\/\",\"url\":\"https:\\\/\\\/exparto.pl\\\/ro\\\/produkt\\\/silownik-hydrauliczny-do-rozsiewacza-120-86-sprezyna-rozsiewacza-brzeg-amazone-strumyk\\\/\",\"name\":\"Si\u0142ownik hydrauliczny do rozsiewacza 1,20\\\/86 + Spr\u0119\u017cyna rozsiewacza BRZEG AMAZONE STRUMYK - Exparto.pl\",\"isPartOf\":{\"@id\":\"https:\\\/\\\/exparto.pl\\\/ro\\\/#website\"},\"primaryImageOfPage\":{\"@id\":\"https:\\\/\\\/exparto.pl\\\/ro\\\/produkt\\\/silownik-hydrauliczny-do-rozsiewacza-120-86-sprezyna-rozsiewacza-brzeg-amazone-strumyk\\\/#primaryimage\"},\"image\":{\"@id\":\"https:\\\/\\\/exparto.pl\\\/ro\\\/produkt\\\/silownik-hydrauliczny-do-rozsiewacza-120-86-sprezyna-rozsiewacza-brzeg-amazone-strumyk\\\/#primaryimage\"},\"thumbnailUrl\":\"https:\\\/\\\/exparto.pl\\\/wp-content\\\/uploads\\\/2023\\\/11\\\/3473e8bac31dd3690e7e2ceebd126ab5.png\",\"datePublished\":\"2023-11-16T14:36:48+00:00\",\"dateModified\":\"2026-04-09T08:23:59+00:00\",\"breadcrumb\":{\"@id\":\"https:\\\/\\\/exparto.pl\\\/ro\\\/produkt\\\/silownik-hydrauliczny-do-rozsiewacza-120-86-sprezyna-rozsiewacza-brzeg-amazone-strumyk\\\/#breadcrumb\"},\"inLanguage\":\"ro-RO\",\"potentialAction\":[{\"@type\":\"ReadAction\",\"target\":[\"https:\\\/\\\/exparto.pl\\\/ro\\\/produkt\\\/silownik-hydrauliczny-do-rozsiewacza-120-86-sprezyna-rozsiewacza-brzeg-amazone-strumyk\\\/\"]}]},{\"@type\":\"ImageObject\",\"inLanguage\":\"ro-RO\",\"@id\":\"https:\\\/\\\/exparto.pl\\\/ro\\\/produkt\\\/silownik-hydrauliczny-do-rozsiewacza-120-86-sprezyna-rozsiewacza-brzeg-amazone-strumyk\\\/#primaryimage\",\"url\":\"https:\\\/\\\/exparto.pl\\\/wp-content\\\/uploads\\\/2023\\\/11\\\/3473e8bac31dd3690e7e2ceebd126ab5.png\",\"contentUrl\":\"https:\\\/\\\/exparto.pl\\\/wp-content\\\/uploads\\\/2023\\\/11\\\/3473e8bac31dd3690e7e2ceebd126ab5.png\",\"width\":1000,\"height\":1000},{\"@type\":\"BreadcrumbList\",\"@id\":\"https:\\\/\\\/exparto.pl\\\/ro\\\/produkt\\\/silownik-hydrauliczny-do-rozsiewacza-120-86-sprezyna-rozsiewacza-brzeg-amazone-strumyk\\\/#breadcrumb\",\"itemListElement\":[{\"@type\":\"ListItem\",\"position\":1,\"name\":\"Pagina de start\",\"item\":\"https:\\\/\\\/exparto.pl\\\/ro\\\/pagina-de-start\\\/\"},{\"@type\":\"ListItem\",\"position\":2,\"name\":\"Sklep\",\"item\":\"https:\\\/\\\/exparto.pl\\\/sklep\\\/\"},{\"@type\":\"ListItem\",\"position\":3,\"name\":\"Piese pentru r\u0103sp\u00e2nditoare\",\"item\":\"https:\\\/\\\/exparto.pl\\\/ro\\\/categoria-de-produse\\\/piese-pentru-raspanditoare\\\/\"},{\"@type\":\"ListItem\",\"position\":4,\"name\":\"Si\u0142owniki\",\"item\":\"https:\\\/\\\/exparto.pl\\\/kategoria-produktu\\\/czesci-do-rozsiewaczy\\\/silowniki\\\/\"},{\"@type\":\"ListItem\",\"position\":5,\"name\":\"Si\u0142ownik hydrauliczny do rozsiewacza 1,20\\\/86 + Spr\u0119\u017cyna rozsiewacza BRZEG AMAZONE STRUMYK\"}]},{\"@type\":\"WebSite\",\"@id\":\"https:\\\/\\\/exparto.pl\\\/ro\\\/#website\",\"url\":\"https:\\\/\\\/exparto.pl\\\/ro\\\/\",\"name\":\"EXPARTO\",\"description\":\"More than agro parts\",\"publisher\":{\"@id\":\"https:\\\/\\\/exparto.pl\\\/ro\\\/#organization\"},\"potentialAction\":[{\"@type\":\"SearchAction\",\"target\":{\"@type\":\"EntryPoint\",\"urlTemplate\":\"https:\\\/\\\/exparto.pl\\\/ro\\\/?s={search_term_string}\"},\"query-input\":{\"@type\":\"PropertyValueSpecification\",\"valueRequired\":true,\"valueName\":\"search_term_string\"}}],\"inLanguage\":\"ro-RO\"},{\"@type\":\"Organization\",\"@id\":\"https:\\\/\\\/exparto.pl\\\/ro\\\/#organization\",\"name\":\"EXPARTO\",\"url\":\"https:\\\/\\\/exparto.pl\\\/ro\\\/\",\"logo\":{\"@type\":\"ImageObject\",\"inLanguage\":\"ro-RO\",\"@id\":\"https:\\\/\\\/exparto.pl\\\/ro\\\/#\\\/schema\\\/logo\\\/image\\\/\",\"url\":\"https:\\\/\\\/exparto.pl\\\/wp-content\\\/uploads\\\/2023\\\/02\\\/logo-wektor.png\",\"contentUrl\":\"https:\\\/\\\/exparto.pl\\\/wp-content\\\/uploads\\\/2023\\\/02\\\/logo-wektor.png\",\"width\":1338,\"height\":143,\"caption\":\"EXPARTO\"},\"image\":{\"@id\":\"https:\\\/\\\/exparto.pl\\\/ro\\\/#\\\/schema\\\/logo\\\/image\\\/\"},\"sameAs\":[\"https:\\\/\\\/www.facebook.com\\\/exparto.agro\\\/\"]}]}<\/script>\n<!-- \/ Yoast SEO plugin. -->","yoast_head_json":{"title":"Si\u0142ownik hydrauliczny do rozsiewacza 1,20\/86 + Spr\u0119\u017cyna rozsiewacza BRZEG AMAZONE STRUMYK - Exparto.pl","robots":{"index":"index","follow":"follow","max-snippet":"max-snippet:-1","max-image-preview":"max-image-preview:large","max-video-preview":"max-video-preview:-1"},"canonical":"https:\/\/exparto.pl\/ro\/produkt\/silownik-hydrauliczny-do-rozsiewacza-120-86-sprezyna-rozsiewacza-brzeg-amazone-strumyk\/","og_locale":"ro_RO","og_type":"article","og_title":"Si\u0142ownik hydrauliczny do rozsiewacza 1,20\/86 + Spr\u0119\u017cyna rozsiewacza BRZEG AMAZONE STRUMYK - Exparto.pl","og_description":"Si\u0142owniki hydrauliczne to urz\u0105dzenia, kt\u00f3re sprawdzaj\u0105 si\u0119 tam, gdzie wymagana jest du\u017ca si\u0142a nacisku. Ich zadaniem jest zamiana energii ci\u015bnienia cieczy roboczej na energi\u0119 mechaniczn\u0105.","og_url":"https:\/\/exparto.pl\/ro\/produkt\/silownik-hydrauliczny-do-rozsiewacza-120-86-sprezyna-rozsiewacza-brzeg-amazone-strumyk\/","og_site_name":"Exparto.pl","article_publisher":"https:\/\/www.facebook.com\/exparto.agro\/","article_modified_time":"2026-04-09T08:23:59+00:00","og_image":[{"width":1000,"height":1000,"url":"https:\/\/exparto.pl\/wp-content\/uploads\/2023\/11\/3473e8bac31dd3690e7e2ceebd126ab5.png","type":"image\/png"}],"twitter_card":"summary_large_image","twitter_misc":{"Timp estimat pentru citire":"2 minute"},"schema":{"@context":"https:\/\/schema.org","@graph":[{"@type":"WebPage","@id":"https:\/\/exparto.pl\/ro\/produkt\/silownik-hydrauliczny-do-rozsiewacza-120-86-sprezyna-rozsiewacza-brzeg-amazone-strumyk\/","url":"https:\/\/exparto.pl\/ro\/produkt\/silownik-hydrauliczny-do-rozsiewacza-120-86-sprezyna-rozsiewacza-brzeg-amazone-strumyk\/","name":"Si\u0142ownik hydrauliczny do rozsiewacza 1,20\/86 + Spr\u0119\u017cyna rozsiewacza BRZEG AMAZONE STRUMYK - Exparto.pl","isPartOf":{"@id":"https:\/\/exparto.pl\/ro\/#website"},"primaryImageOfPage":{"@id":"https:\/\/exparto.pl\/ro\/produkt\/silownik-hydrauliczny-do-rozsiewacza-120-86-sprezyna-rozsiewacza-brzeg-amazone-strumyk\/#primaryimage"},"image":{"@id":"https:\/\/exparto.pl\/ro\/produkt\/silownik-hydrauliczny-do-rozsiewacza-120-86-sprezyna-rozsiewacza-brzeg-amazone-strumyk\/#primaryimage"},"thumbnailUrl":"https:\/\/exparto.pl\/wp-content\/uploads\/2023\/11\/3473e8bac31dd3690e7e2ceebd126ab5.png","datePublished":"2023-11-16T14:36:48+00:00","dateModified":"2026-04-09T08:23:59+00:00","breadcrumb":{"@id":"https:\/\/exparto.pl\/ro\/produkt\/silownik-hydrauliczny-do-rozsiewacza-120-86-sprezyna-rozsiewacza-brzeg-amazone-strumyk\/#breadcrumb"},"inLanguage":"ro-RO","potentialAction":[{"@type":"ReadAction","target":["https:\/\/exparto.pl\/ro\/produkt\/silownik-hydrauliczny-do-rozsiewacza-120-86-sprezyna-rozsiewacza-brzeg-amazone-strumyk\/"]}]},{"@type":"ImageObject","inLanguage":"ro-RO","@id":"https:\/\/exparto.pl\/ro\/produkt\/silownik-hydrauliczny-do-rozsiewacza-120-86-sprezyna-rozsiewacza-brzeg-amazone-strumyk\/#primaryimage","url":"https:\/\/exparto.pl\/wp-content\/uploads\/2023\/11\/3473e8bac31dd3690e7e2ceebd126ab5.png","contentUrl":"https:\/\/exparto.pl\/wp-content\/uploads\/2023\/11\/3473e8bac31dd3690e7e2ceebd126ab5.png","width":1000,"height":1000},{"@type":"BreadcrumbList","@id":"https:\/\/exparto.pl\/ro\/produkt\/silownik-hydrauliczny-do-rozsiewacza-120-86-sprezyna-rozsiewacza-brzeg-amazone-strumyk\/#breadcrumb","itemListElement":[{"@type":"ListItem","position":1,"name":"Pagina de start","item":"https:\/\/exparto.pl\/ro\/pagina-de-start\/"},{"@type":"ListItem","position":2,"name":"Sklep","item":"https:\/\/exparto.pl\/sklep\/"},{"@type":"ListItem","position":3,"name":"Piese pentru r\u0103sp\u00e2nditoare","item":"https:\/\/exparto.pl\/ro\/categoria-de-produse\/piese-pentru-raspanditoare\/"},{"@type":"ListItem","position":4,"name":"Si\u0142owniki","item":"https:\/\/exparto.pl\/kategoria-produktu\/czesci-do-rozsiewaczy\/silowniki\/"},{"@type":"ListItem","position":5,"name":"Si\u0142ownik hydrauliczny do rozsiewacza 1,20\/86 + Spr\u0119\u017cyna rozsiewacza BRZEG AMAZONE STRUMYK"}]},{"@type":"WebSite","@id":"https:\/\/exparto.pl\/ro\/#website","url":"https:\/\/exparto.pl\/ro\/","name":"EXPARTO","description":"More than agro parts","publisher":{"@id":"https:\/\/exparto.pl\/ro\/#organization"},"potentialAction":[{"@type":"SearchAction","target":{"@type":"EntryPoint","urlTemplate":"https:\/\/exparto.pl\/ro\/?s={search_term_string}"},"query-input":{"@type":"PropertyValueSpecification","valueRequired":true,"valueName":"search_term_string"}}],"inLanguage":"ro-RO"},{"@type":"Organization","@id":"https:\/\/exparto.pl\/ro\/#organization","name":"EXPARTO","url":"https:\/\/exparto.pl\/ro\/","logo":{"@type":"ImageObject","inLanguage":"ro-RO","@id":"https:\/\/exparto.pl\/ro\/#\/schema\/logo\/image\/","url":"https:\/\/exparto.pl\/wp-content\/uploads\/2023\/02\/logo-wektor.png","contentUrl":"https:\/\/exparto.pl\/wp-content\/uploads\/2023\/02\/logo-wektor.png","width":1338,"height":143,"caption":"EXPARTO"},"image":{"@id":"https:\/\/exparto.pl\/ro\/#\/schema\/logo\/image\/"},"sameAs":["https:\/\/www.facebook.com\/exparto.agro\/"]}]}},"_links":{"self":[{"href":"https:\/\/exparto.pl\/ro\/wp-json\/wp\/v2\/product\/14538","targetHints":{"allow":["GET"]}}],"collection":[{"href":"https:\/\/exparto.pl\/ro\/wp-json\/wp\/v2\/product"}],"about":[{"href":"https:\/\/exparto.pl\/ro\/wp-json\/wp\/v2\/types\/product"}],"replies":[{"embeddable":true,"href":"https:\/\/exparto.pl\/ro\/wp-json\/wp\/v2\/comments?post=14538"}],"wp:featuredmedia":[{"embeddable":true,"href":"https:\/\/exparto.pl\/ro\/wp-json\/wp\/v2\/media\/14533"}],"wp:attachment":[{"href":"https:\/\/exparto.pl\/ro\/wp-json\/wp\/v2\/media?parent=14538"}],"wp:term":[{"taxonomy":"product_brand","embeddable":true,"href":"https:\/\/exparto.pl\/ro\/wp-json\/wp\/v2\/product_brand?post=14538"},{"taxonomy":"product_cat","embeddable":true,"href":"https:\/\/exparto.pl\/ro\/wp-json\/wp\/v2\/product_cat?post=14538"},{"taxonomy":"product_tag","embeddable":true,"href":"https:\/\/exparto.pl\/ro\/wp-json\/wp\/v2\/product_tag?post=14538"}],"curies":[{"name":"wp","href":"https:\/\/api.w.org\/{rel}","templated":true}]}}