{"id":15356,"date":"2023-11-29T08:19:58","date_gmt":"2023-11-29T07:19:58","guid":{"rendered":"https:\/\/exparto.pl\/produkt\/obroza-stanowiskowa-dla-byka-l-150cm\/"},"modified":"2026-04-23T15:00:20","modified_gmt":"2026-04-23T13:00:20","slug":"obroza-stanowiskowa-dla-byka-l-150cm","status":"publish","type":"product","link":"https:\/\/exparto.pl\/ro\/produkt\/obroza-stanowiskowa-dla-byka-l-150cm\/","title":{"rendered":"Obro\u017ca stanowiskowa dla Byka L-150cm"},"content":{"rendered":"<p><p style=\"text-align: justify;\"><b>Dane techniczne:<\/b><\/p>\n<ul>\n<li style=\"text-align: justify;\"><span style=\"color: var(--gray-800);\">sprz\u0105czka podw\u00f3jna, mocna fi 8 zapewnia skuteczne zapi\u0119cie<\/span><\/li>\n<li style=\"text-align: justify;\">nitowana<\/li>\n<li style=\"text-align: justify;\">otwory wybijane na gor\u0105co, co zapobiega rozwarstwianiu si\u0119 materia\u0142u<\/li>\n<li style=\"text-align: justify;\">du\u017cy zakres regulacji &#8211; 10 otwor\u00f3w<\/li>\n<li style=\"text-align: justify;\">osprz\u0119t wykonany ze stali ocynkowanej<\/li>\n<li style=\"text-align: justify;\">nie przewodzi wy\u0142adowa\u0144 atmosferycznych<\/li>\n<\/ul>\n<p><span style=\"font-weight: 400;\">Obro\u017ca dla byd\u0142a to niezwykle solidna, a przy tym praktyczna uwi\u0119\u017a stanowiskowa. <\/span><b>Wykorzystuje si\u0119 j\u0105 m.in. podczas prowadzenia z miejsca na miejsce, zabieg\u00f3w piel\u0119gnacyjnych oraz do uwi\u0105zania w kojcu. <\/b><span style=\"font-weight: 400;\">Obro\u017ca dla byka jest wykonana z bardzo mocnej, podw\u00f3jnej ta\u015bmy poliestrowej.<\/span><\/p>\n<h2><span style=\"font-weight: 400;\">Obro\u017ca dla byd\u0142a 150cm &#8211; wzmacniania obro\u017ca dla byka, pas dla byk\u00f3w<\/span><\/h2>\n<p><span style=\"font-weight: 400;\">Prezentowany produkt zapewnia mo\u017cliwo\u015b\u0107 regulacji w szerokim zakresie. Dzi\u0119ki temu obro\u017ca dla byd\u0142a 150cm (numer katalogowy <\/span><span style=\"font-weight: 400;\">CZR01618) mo\u017ce by\u0107 \u0142atwo dopasowana do rozmiar\u00f3w konkretnego osobnika. <\/span><b>Materia\u0142 jest nie tylko mocny i trwa\u0142y, ale te\u017c odporny na uszkodzenia mechaniczne.<\/b><\/p>\n<p><span style=\"font-weight: 400;\">Obro\u017ca dla byd\u0142a 150cm &#8211; wzmacniania obro\u017ca dla byka, pas dla byk\u00f3w jest wyposa\u017cona w specjalne k\u00f3\u0142ko, kt\u00f3re s\u0142u\u017cy do mocowania \u0142a\u0144cucha. <\/span><b>Dzi\u0119ki temu u\u017cytkownik ma pe\u0142n\u0105 kontrol\u0119 nad zwierz\u0119ciem w trakcie jego prowadzenia.<\/b><span style=\"font-weight: 400;\"> Obro\u017ca TORO OBT1 posiada te\u017c podw\u00f3jn\u0105 sprz\u0105czk\u0119 ze stali ocynkowanej, kt\u00f3ra gwarantuje skuteczne zapi\u0119cie. Prezentowany pas dla byk\u00f3w nie przewodzi wy\u0142adowa\u0144 atmosferycznych.<\/span><\/p>\n","protected":false},"excerpt":{"rendered":"<p style=\"text-align: justify;\">Obro\u017ca dla byka, byd\u0142a wzmacniana 150 cm<\/p>\n","protected":false},"featured_media":15346,"comment_status":"open","ping_status":"closed","template":"","meta":{"_acf_changed":false,"inline_featured_image":false},"product_brand":[],"product_cat":[194,726],"product_tag":[],"class_list":{"0":"post-15356","1":"product","2":"type-product","3":"status-publish","4":"has-post-thumbnail","6":"product_cat-hodowla","7":"product_cat-obroze","9":"first","10":"instock","11":"taxable","12":"shipping-taxable","13":"purchasable","14":"product-type-simple"},"acf":[],"yoast_head":"<!-- This site is optimized with the Yoast SEO plugin v27.4 - https:\/\/yoast.com\/product\/yoast-seo-wordpress\/ -->\n<title>Obro\u017ca stanowiskowa dla Byka L-150cm - Exparto.pl<\/title>\n<meta name=\"robots\" content=\"index, follow, max-snippet:-1, max-image-preview:large, max-video-preview:-1\" \/>\n<link rel=\"canonical\" href=\"https:\/\/exparto.pl\/ro\/produkt\/obroza-stanowiskowa-dla-byka-l-150cm\/\" \/>\n<meta property=\"og:locale\" content=\"ro_RO\" \/>\n<meta property=\"og:type\" content=\"article\" \/>\n<meta property=\"og:title\" content=\"Obro\u017ca stanowiskowa dla Byka L-150cm - Exparto.pl\" \/>\n<meta property=\"og:description\" content=\"Obro\u017ca dla byka, byd\u0142a wzmacniana 150 cm\" \/>\n<meta property=\"og:url\" content=\"https:\/\/exparto.pl\/ro\/produkt\/obroza-stanowiskowa-dla-byka-l-150cm\/\" \/>\n<meta property=\"og:site_name\" content=\"Exparto.pl\" \/>\n<meta property=\"article:publisher\" content=\"https:\/\/www.facebook.com\/exparto.agro\/\" \/>\n<meta property=\"article:modified_time\" content=\"2026-04-23T13:00:20+00:00\" \/>\n<meta property=\"og:image\" content=\"https:\/\/exparto.pl\/wp-content\/uploads\/2023\/11\/57077c3507c9988a7efec424e9525d6d.jpg\" \/>\n\t<meta property=\"og:image:width\" content=\"1000\" \/>\n\t<meta property=\"og:image:height\" content=\"1000\" \/>\n\t<meta property=\"og:image:type\" content=\"image\/jpeg\" \/>\n<meta name=\"twitter:card\" content=\"summary_large_image\" \/>\n<meta name=\"twitter:label1\" content=\"Timp estimat pentru citire\" \/>\n\t<meta name=\"twitter:data1\" content=\"2 minute\" \/>\n<script type=\"application\/ld+json\" class=\"yoast-schema-graph\">{\"@context\":\"https:\\\/\\\/schema.org\",\"@graph\":[{\"@type\":\"WebPage\",\"@id\":\"https:\\\/\\\/exparto.pl\\\/ro\\\/produkt\\\/obroza-stanowiskowa-dla-byka-l-150cm\\\/\",\"url\":\"https:\\\/\\\/exparto.pl\\\/ro\\\/produkt\\\/obroza-stanowiskowa-dla-byka-l-150cm\\\/\",\"name\":\"Obro\u017ca stanowiskowa dla Byka L-150cm - Exparto.pl\",\"isPartOf\":{\"@id\":\"https:\\\/\\\/exparto.pl\\\/ro\\\/#website\"},\"primaryImageOfPage\":{\"@id\":\"https:\\\/\\\/exparto.pl\\\/ro\\\/produkt\\\/obroza-stanowiskowa-dla-byka-l-150cm\\\/#primaryimage\"},\"image\":{\"@id\":\"https:\\\/\\\/exparto.pl\\\/ro\\\/produkt\\\/obroza-stanowiskowa-dla-byka-l-150cm\\\/#primaryimage\"},\"thumbnailUrl\":\"https:\\\/\\\/exparto.pl\\\/wp-content\\\/uploads\\\/2023\\\/11\\\/57077c3507c9988a7efec424e9525d6d.jpg\",\"datePublished\":\"2023-11-29T07:19:58+00:00\",\"dateModified\":\"2026-04-23T13:00:20+00:00\",\"breadcrumb\":{\"@id\":\"https:\\\/\\\/exparto.pl\\\/ro\\\/produkt\\\/obroza-stanowiskowa-dla-byka-l-150cm\\\/#breadcrumb\"},\"inLanguage\":\"ro-RO\",\"potentialAction\":[{\"@type\":\"ReadAction\",\"target\":[\"https:\\\/\\\/exparto.pl\\\/ro\\\/produkt\\\/obroza-stanowiskowa-dla-byka-l-150cm\\\/\"]}]},{\"@type\":\"ImageObject\",\"inLanguage\":\"ro-RO\",\"@id\":\"https:\\\/\\\/exparto.pl\\\/ro\\\/produkt\\\/obroza-stanowiskowa-dla-byka-l-150cm\\\/#primaryimage\",\"url\":\"https:\\\/\\\/exparto.pl\\\/wp-content\\\/uploads\\\/2023\\\/11\\\/57077c3507c9988a7efec424e9525d6d.jpg\",\"contentUrl\":\"https:\\\/\\\/exparto.pl\\\/wp-content\\\/uploads\\\/2023\\\/11\\\/57077c3507c9988a7efec424e9525d6d.jpg\",\"width\":1000,\"height\":1000},{\"@type\":\"BreadcrumbList\",\"@id\":\"https:\\\/\\\/exparto.pl\\\/ro\\\/produkt\\\/obroza-stanowiskowa-dla-byka-l-150cm\\\/#breadcrumb\",\"itemListElement\":[{\"@type\":\"ListItem\",\"position\":1,\"name\":\"Pagina de start\",\"item\":\"https:\\\/\\\/exparto.pl\\\/ro\\\/pagina-de-start\\\/\"},{\"@type\":\"ListItem\",\"position\":2,\"name\":\"Sklep\",\"item\":\"https:\\\/\\\/exparto.pl\\\/sklep\\\/\"},{\"@type\":\"ListItem\",\"position\":3,\"name\":\"Reproduc\u021bie\",\"item\":\"https:\\\/\\\/exparto.pl\\\/ro\\\/categoria-de-produse\\\/reproductie\\\/\"},{\"@type\":\"ListItem\",\"position\":4,\"name\":\"Obro\u017ce dla byd\u0142a\",\"item\":\"https:\\\/\\\/exparto.pl\\\/kategoria-produktu\\\/hodowla\\\/obroze\\\/\"},{\"@type\":\"ListItem\",\"position\":5,\"name\":\"Obro\u017ca stanowiskowa dla Byka L-150cm\"}]},{\"@type\":\"WebSite\",\"@id\":\"https:\\\/\\\/exparto.pl\\\/ro\\\/#website\",\"url\":\"https:\\\/\\\/exparto.pl\\\/ro\\\/\",\"name\":\"EXPARTO\",\"description\":\"More than agro parts\",\"publisher\":{\"@id\":\"https:\\\/\\\/exparto.pl\\\/ro\\\/#organization\"},\"potentialAction\":[{\"@type\":\"SearchAction\",\"target\":{\"@type\":\"EntryPoint\",\"urlTemplate\":\"https:\\\/\\\/exparto.pl\\\/ro\\\/?s={search_term_string}\"},\"query-input\":{\"@type\":\"PropertyValueSpecification\",\"valueRequired\":true,\"valueName\":\"search_term_string\"}}],\"inLanguage\":\"ro-RO\"},{\"@type\":\"Organization\",\"@id\":\"https:\\\/\\\/exparto.pl\\\/ro\\\/#organization\",\"name\":\"EXPARTO\",\"url\":\"https:\\\/\\\/exparto.pl\\\/ro\\\/\",\"logo\":{\"@type\":\"ImageObject\",\"inLanguage\":\"ro-RO\",\"@id\":\"https:\\\/\\\/exparto.pl\\\/ro\\\/#\\\/schema\\\/logo\\\/image\\\/\",\"url\":\"https:\\\/\\\/exparto.pl\\\/wp-content\\\/uploads\\\/2023\\\/02\\\/logo-wektor.png\",\"contentUrl\":\"https:\\\/\\\/exparto.pl\\\/wp-content\\\/uploads\\\/2023\\\/02\\\/logo-wektor.png\",\"width\":1338,\"height\":143,\"caption\":\"EXPARTO\"},\"image\":{\"@id\":\"https:\\\/\\\/exparto.pl\\\/ro\\\/#\\\/schema\\\/logo\\\/image\\\/\"},\"sameAs\":[\"https:\\\/\\\/www.facebook.com\\\/exparto.agro\\\/\"]}]}<\/script>\n<!-- \/ Yoast SEO plugin. -->","yoast_head_json":{"title":"Obro\u017ca stanowiskowa dla Byka L-150cm - Exparto.pl","robots":{"index":"index","follow":"follow","max-snippet":"max-snippet:-1","max-image-preview":"max-image-preview:large","max-video-preview":"max-video-preview:-1"},"canonical":"https:\/\/exparto.pl\/ro\/produkt\/obroza-stanowiskowa-dla-byka-l-150cm\/","og_locale":"ro_RO","og_type":"article","og_title":"Obro\u017ca stanowiskowa dla Byka L-150cm - Exparto.pl","og_description":"Obro\u017ca dla byka, byd\u0142a wzmacniana 150 cm","og_url":"https:\/\/exparto.pl\/ro\/produkt\/obroza-stanowiskowa-dla-byka-l-150cm\/","og_site_name":"Exparto.pl","article_publisher":"https:\/\/www.facebook.com\/exparto.agro\/","article_modified_time":"2026-04-23T13:00:20+00:00","og_image":[{"width":1000,"height":1000,"url":"https:\/\/exparto.pl\/wp-content\/uploads\/2023\/11\/57077c3507c9988a7efec424e9525d6d.jpg","type":"image\/jpeg"}],"twitter_card":"summary_large_image","twitter_misc":{"Timp estimat pentru citire":"2 minute"},"schema":{"@context":"https:\/\/schema.org","@graph":[{"@type":"WebPage","@id":"https:\/\/exparto.pl\/ro\/produkt\/obroza-stanowiskowa-dla-byka-l-150cm\/","url":"https:\/\/exparto.pl\/ro\/produkt\/obroza-stanowiskowa-dla-byka-l-150cm\/","name":"Obro\u017ca stanowiskowa dla Byka L-150cm - Exparto.pl","isPartOf":{"@id":"https:\/\/exparto.pl\/ro\/#website"},"primaryImageOfPage":{"@id":"https:\/\/exparto.pl\/ro\/produkt\/obroza-stanowiskowa-dla-byka-l-150cm\/#primaryimage"},"image":{"@id":"https:\/\/exparto.pl\/ro\/produkt\/obroza-stanowiskowa-dla-byka-l-150cm\/#primaryimage"},"thumbnailUrl":"https:\/\/exparto.pl\/wp-content\/uploads\/2023\/11\/57077c3507c9988a7efec424e9525d6d.jpg","datePublished":"2023-11-29T07:19:58+00:00","dateModified":"2026-04-23T13:00:20+00:00","breadcrumb":{"@id":"https:\/\/exparto.pl\/ro\/produkt\/obroza-stanowiskowa-dla-byka-l-150cm\/#breadcrumb"},"inLanguage":"ro-RO","potentialAction":[{"@type":"ReadAction","target":["https:\/\/exparto.pl\/ro\/produkt\/obroza-stanowiskowa-dla-byka-l-150cm\/"]}]},{"@type":"ImageObject","inLanguage":"ro-RO","@id":"https:\/\/exparto.pl\/ro\/produkt\/obroza-stanowiskowa-dla-byka-l-150cm\/#primaryimage","url":"https:\/\/exparto.pl\/wp-content\/uploads\/2023\/11\/57077c3507c9988a7efec424e9525d6d.jpg","contentUrl":"https:\/\/exparto.pl\/wp-content\/uploads\/2023\/11\/57077c3507c9988a7efec424e9525d6d.jpg","width":1000,"height":1000},{"@type":"BreadcrumbList","@id":"https:\/\/exparto.pl\/ro\/produkt\/obroza-stanowiskowa-dla-byka-l-150cm\/#breadcrumb","itemListElement":[{"@type":"ListItem","position":1,"name":"Pagina de start","item":"https:\/\/exparto.pl\/ro\/pagina-de-start\/"},{"@type":"ListItem","position":2,"name":"Sklep","item":"https:\/\/exparto.pl\/sklep\/"},{"@type":"ListItem","position":3,"name":"Reproduc\u021bie","item":"https:\/\/exparto.pl\/ro\/categoria-de-produse\/reproductie\/"},{"@type":"ListItem","position":4,"name":"Obro\u017ce dla byd\u0142a","item":"https:\/\/exparto.pl\/kategoria-produktu\/hodowla\/obroze\/"},{"@type":"ListItem","position":5,"name":"Obro\u017ca stanowiskowa dla Byka L-150cm"}]},{"@type":"WebSite","@id":"https:\/\/exparto.pl\/ro\/#website","url":"https:\/\/exparto.pl\/ro\/","name":"EXPARTO","description":"More than agro parts","publisher":{"@id":"https:\/\/exparto.pl\/ro\/#organization"},"potentialAction":[{"@type":"SearchAction","target":{"@type":"EntryPoint","urlTemplate":"https:\/\/exparto.pl\/ro\/?s={search_term_string}"},"query-input":{"@type":"PropertyValueSpecification","valueRequired":true,"valueName":"search_term_string"}}],"inLanguage":"ro-RO"},{"@type":"Organization","@id":"https:\/\/exparto.pl\/ro\/#organization","name":"EXPARTO","url":"https:\/\/exparto.pl\/ro\/","logo":{"@type":"ImageObject","inLanguage":"ro-RO","@id":"https:\/\/exparto.pl\/ro\/#\/schema\/logo\/image\/","url":"https:\/\/exparto.pl\/wp-content\/uploads\/2023\/02\/logo-wektor.png","contentUrl":"https:\/\/exparto.pl\/wp-content\/uploads\/2023\/02\/logo-wektor.png","width":1338,"height":143,"caption":"EXPARTO"},"image":{"@id":"https:\/\/exparto.pl\/ro\/#\/schema\/logo\/image\/"},"sameAs":["https:\/\/www.facebook.com\/exparto.agro\/"]}]}},"_links":{"self":[{"href":"https:\/\/exparto.pl\/ro\/wp-json\/wp\/v2\/product\/15356","targetHints":{"allow":["GET"]}}],"collection":[{"href":"https:\/\/exparto.pl\/ro\/wp-json\/wp\/v2\/product"}],"about":[{"href":"https:\/\/exparto.pl\/ro\/wp-json\/wp\/v2\/types\/product"}],"replies":[{"embeddable":true,"href":"https:\/\/exparto.pl\/ro\/wp-json\/wp\/v2\/comments?post=15356"}],"wp:featuredmedia":[{"embeddable":true,"href":"https:\/\/exparto.pl\/ro\/wp-json\/wp\/v2\/media\/15346"}],"wp:attachment":[{"href":"https:\/\/exparto.pl\/ro\/wp-json\/wp\/v2\/media?parent=15356"}],"wp:term":[{"taxonomy":"product_brand","embeddable":true,"href":"https:\/\/exparto.pl\/ro\/wp-json\/wp\/v2\/product_brand?post=15356"},{"taxonomy":"product_cat","embeddable":true,"href":"https:\/\/exparto.pl\/ro\/wp-json\/wp\/v2\/product_cat?post=15356"},{"taxonomy":"product_tag","embeddable":true,"href":"https:\/\/exparto.pl\/ro\/wp-json\/wp\/v2\/product_tag?post=15356"}],"curies":[{"name":"wp","href":"https:\/\/api.w.org\/{rel}","templated":true}]}}