{"id":15435,"date":"2023-11-29T10:11:56","date_gmt":"2023-11-29T09:11:56","guid":{"rendered":"https:\/\/exparto.pl\/produkt\/nakretka-m24x15-z-podkladka-ruchoma\/"},"modified":"2026-04-22T12:01:41","modified_gmt":"2026-04-22T10:01:41","slug":"nakretka-m24x15-z-podkladka-ruchoma","status":"publish","type":"product","link":"https:\/\/exparto.pl\/ro\/produkt\/nakretka-m24x15-z-podkladka-ruchoma\/","title":{"rendered":"Nakr\u0119tka M24x1,5 z podk\u0142adk\u0105 ruchom\u0105"},"content":{"rendered":"<p><b>Zastosowanie<\/b><span style=\"font-weight: 400;\">:\u00a0<\/span><\/p>\n<ul>\n<li style=\"font-weight: 400;\" aria-level=\"1\"><span style=\"font-weight: 400;\">brony talerzowe<\/span><\/li>\n<\/ul>\n<p><span style=\"font-weight: 400;\">Przygotowana przez nas nakr\u0119tka z podk\u0142adk\u0105 obrotow\u0105 to uniwersalna cz\u0119\u015b\u0107, kt\u00f3ra pasuje do wielu maszyn rolniczych. <\/span><b>Ten model przeznaczony jest do piasty sze\u015bciootworowej i ma gwint M24<\/b><span style=\"font-weight: 400;\">. Dowiedz si\u0119 wi\u0119cej o nakr\u0119tce z ruchom\u0105 podk\u0142adk\u0105.\u00a0<\/span><\/p>\n<h2><span style=\"font-weight: 400;\">Nakr\u0119tka piasty z podk\u0142adk\u0105 obrotow\u0105 \u2013 nakr\u0119tka M24<\/span><\/h2>\n<p><span style=\"font-weight: 400;\">Ta ma\u0142a cz\u0119\u015b\u0107 s\u0142u\u017cy do monta\u017cu piasty w maszynie rolniczej. Gwint M24 pasuje do wielu modeli kosiarek rotacyjnych i bron talerzowych. <\/span><b>Dbamy o to, aby oferowany w EXPARTO produkt charakteryzowa\u0142 si\u0119 solidnym i precyzyjnym wykonaniem<\/b><span style=\"font-weight: 400;\">. Dzi\u0119ki temu zapewni stabilno\u015b\u0107 po\u0142\u0105czenia oraz zredukuje ryzyko ewentualnych usterek. Du\u017cym atutem jest tu obrotowa podk\u0142adka nakr\u0119tki piasty. <\/span><b>Pozwala ona na zmniejszenie tarcia poprzez obracanie si\u0119 wzgl\u0119dem samej nakr\u0119tki. Zwi\u0119ksza to \u017cywotno\u015b\u0107 ca\u0142ego uk\u0142adu<\/b><span style=\"font-weight: 400;\">. Produkt ten znany jest tak\u017ce jako podk\u0142adka \u015blizgowa.\u00a0<\/span><\/p>\n<p><p style=\"text-align: justify;\"><span style=\"font-weight: 400;\">Szukasz wysokiej jako\u015bci nakr\u0119tek z obrotow\u0105 podk\u0142adk\u0105 do maszyn rolniczych? Przygotowali\u015bmy dla Ciebie dedykowan\u0105 ofert\u0119. <\/span><b>Ka\u017cdy z produkt\u00f3w EXPARTO jest zgodny z normami narzuconymi przez producent\u00f3w maszyn<\/b><span style=\"font-weight: 400;\">. Zapraszamy do zakup\u00f3w. <\/span><\/p>\n","protected":false},"excerpt":{"rendered":"<p style=\"text-align: justify;\">Nakr\u0119tka do piast.<\/p>\n","protected":false},"featured_media":15420,"comment_status":"open","ping_status":"closed","template":"","meta":{"_acf_changed":false,"inline_featured_image":false},"product_brand":[],"product_cat":[572,644,665],"product_tag":[],"class_list":{"0":"post-15435","1":"product","2":"type-product","3":"status-publish","4":"has-post-thumbnail","6":"product_cat-land-cultivation","7":"product_cat-6-hole-hubs","8":"product_cat-hubs-en","10":"first","11":"instock","12":"taxable","13":"shipping-taxable","14":"purchasable","15":"product-type-simple"},"acf":[],"yoast_head":"<!-- This site is optimized with the Yoast SEO plugin v27.4 - https:\/\/yoast.com\/product\/yoast-seo-wordpress\/ -->\n<title>Nakr\u0119tka M24x1,5 z podk\u0142adk\u0105 ruchom\u0105 - Exparto.pl<\/title>\n<meta name=\"robots\" content=\"index, follow, max-snippet:-1, max-image-preview:large, max-video-preview:-1\" \/>\n<link rel=\"canonical\" href=\"https:\/\/exparto.pl\/ro\/produkt\/nakretka-m24x15-z-podkladka-ruchoma\/\" \/>\n<meta property=\"og:locale\" content=\"ro_RO\" \/>\n<meta property=\"og:type\" content=\"article\" \/>\n<meta property=\"og:title\" content=\"Nakr\u0119tka M24x1,5 z podk\u0142adk\u0105 ruchom\u0105 - Exparto.pl\" \/>\n<meta property=\"og:description\" content=\"Nakr\u0119tka do piast.\" \/>\n<meta property=\"og:url\" content=\"https:\/\/exparto.pl\/ro\/produkt\/nakretka-m24x15-z-podkladka-ruchoma\/\" \/>\n<meta property=\"og:site_name\" content=\"Exparto.pl\" \/>\n<meta property=\"article:publisher\" content=\"https:\/\/www.facebook.com\/exparto.agro\/\" \/>\n<meta property=\"article:modified_time\" content=\"2026-04-22T10:01:41+00:00\" \/>\n<meta property=\"og:image\" content=\"https:\/\/exparto.pl\/wp-content\/uploads\/2023\/11\/374e68250f07beae0653f2d389934adb.jpg\" \/>\n\t<meta property=\"og:image:width\" content=\"1000\" \/>\n\t<meta property=\"og:image:height\" content=\"1000\" \/>\n\t<meta property=\"og:image:type\" content=\"image\/jpeg\" \/>\n<meta name=\"twitter:card\" content=\"summary_large_image\" \/>\n<meta name=\"twitter:label1\" content=\"Timp estimat pentru citire\" \/>\n\t<meta name=\"twitter:data1\" content=\"2 minute\" \/>\n<script type=\"application\/ld+json\" class=\"yoast-schema-graph\">{\"@context\":\"https:\\\/\\\/schema.org\",\"@graph\":[{\"@type\":\"WebPage\",\"@id\":\"https:\\\/\\\/exparto.pl\\\/ro\\\/produkt\\\/nakretka-m24x15-z-podkladka-ruchoma\\\/\",\"url\":\"https:\\\/\\\/exparto.pl\\\/ro\\\/produkt\\\/nakretka-m24x15-z-podkladka-ruchoma\\\/\",\"name\":\"Nakr\u0119tka M24x1,5 z podk\u0142adk\u0105 ruchom\u0105 - Exparto.pl\",\"isPartOf\":{\"@id\":\"https:\\\/\\\/exparto.pl\\\/ro\\\/#website\"},\"primaryImageOfPage\":{\"@id\":\"https:\\\/\\\/exparto.pl\\\/ro\\\/produkt\\\/nakretka-m24x15-z-podkladka-ruchoma\\\/#primaryimage\"},\"image\":{\"@id\":\"https:\\\/\\\/exparto.pl\\\/ro\\\/produkt\\\/nakretka-m24x15-z-podkladka-ruchoma\\\/#primaryimage\"},\"thumbnailUrl\":\"https:\\\/\\\/exparto.pl\\\/wp-content\\\/uploads\\\/2023\\\/11\\\/374e68250f07beae0653f2d389934adb.jpg\",\"datePublished\":\"2023-11-29T09:11:56+00:00\",\"dateModified\":\"2026-04-22T10:01:41+00:00\",\"breadcrumb\":{\"@id\":\"https:\\\/\\\/exparto.pl\\\/ro\\\/produkt\\\/nakretka-m24x15-z-podkladka-ruchoma\\\/#breadcrumb\"},\"inLanguage\":\"ro-RO\",\"potentialAction\":[{\"@type\":\"ReadAction\",\"target\":[\"https:\\\/\\\/exparto.pl\\\/ro\\\/produkt\\\/nakretka-m24x15-z-podkladka-ruchoma\\\/\"]}]},{\"@type\":\"ImageObject\",\"inLanguage\":\"ro-RO\",\"@id\":\"https:\\\/\\\/exparto.pl\\\/ro\\\/produkt\\\/nakretka-m24x15-z-podkladka-ruchoma\\\/#primaryimage\",\"url\":\"https:\\\/\\\/exparto.pl\\\/wp-content\\\/uploads\\\/2023\\\/11\\\/374e68250f07beae0653f2d389934adb.jpg\",\"contentUrl\":\"https:\\\/\\\/exparto.pl\\\/wp-content\\\/uploads\\\/2023\\\/11\\\/374e68250f07beae0653f2d389934adb.jpg\",\"width\":1000,\"height\":1000},{\"@type\":\"BreadcrumbList\",\"@id\":\"https:\\\/\\\/exparto.pl\\\/ro\\\/produkt\\\/nakretka-m24x15-z-podkladka-ruchoma\\\/#breadcrumb\",\"itemListElement\":[{\"@type\":\"ListItem\",\"position\":1,\"name\":\"Pagina de start\",\"item\":\"https:\\\/\\\/exparto.pl\\\/ro\\\/pagina-de-start\\\/\"},{\"@type\":\"ListItem\",\"position\":2,\"name\":\"Sklep\",\"item\":\"https:\\\/\\\/exparto.pl\\\/sklep\\\/\"},{\"@type\":\"ListItem\",\"position\":3,\"name\":\"Lucrare a solului\",\"item\":\"https:\\\/\\\/exparto.pl\\\/ro\\\/categoria-de-produse\\\/lucrare-a-solului\\\/\"},{\"@type\":\"ListItem\",\"position\":4,\"name\":\"Nakr\u0119tka M24x1,5 z podk\u0142adk\u0105 ruchom\u0105\"}]},{\"@type\":\"WebSite\",\"@id\":\"https:\\\/\\\/exparto.pl\\\/ro\\\/#website\",\"url\":\"https:\\\/\\\/exparto.pl\\\/ro\\\/\",\"name\":\"EXPARTO\",\"description\":\"More than agro parts\",\"publisher\":{\"@id\":\"https:\\\/\\\/exparto.pl\\\/ro\\\/#organization\"},\"potentialAction\":[{\"@type\":\"SearchAction\",\"target\":{\"@type\":\"EntryPoint\",\"urlTemplate\":\"https:\\\/\\\/exparto.pl\\\/ro\\\/?s={search_term_string}\"},\"query-input\":{\"@type\":\"PropertyValueSpecification\",\"valueRequired\":true,\"valueName\":\"search_term_string\"}}],\"inLanguage\":\"ro-RO\"},{\"@type\":\"Organization\",\"@id\":\"https:\\\/\\\/exparto.pl\\\/ro\\\/#organization\",\"name\":\"EXPARTO\",\"url\":\"https:\\\/\\\/exparto.pl\\\/ro\\\/\",\"logo\":{\"@type\":\"ImageObject\",\"inLanguage\":\"ro-RO\",\"@id\":\"https:\\\/\\\/exparto.pl\\\/ro\\\/#\\\/schema\\\/logo\\\/image\\\/\",\"url\":\"https:\\\/\\\/exparto.pl\\\/wp-content\\\/uploads\\\/2023\\\/02\\\/logo-wektor.png\",\"contentUrl\":\"https:\\\/\\\/exparto.pl\\\/wp-content\\\/uploads\\\/2023\\\/02\\\/logo-wektor.png\",\"width\":1338,\"height\":143,\"caption\":\"EXPARTO\"},\"image\":{\"@id\":\"https:\\\/\\\/exparto.pl\\\/ro\\\/#\\\/schema\\\/logo\\\/image\\\/\"},\"sameAs\":[\"https:\\\/\\\/www.facebook.com\\\/exparto.agro\\\/\"]}]}<\/script>\n<!-- \/ Yoast SEO plugin. -->","yoast_head_json":{"title":"Nakr\u0119tka M24x1,5 z podk\u0142adk\u0105 ruchom\u0105 - Exparto.pl","robots":{"index":"index","follow":"follow","max-snippet":"max-snippet:-1","max-image-preview":"max-image-preview:large","max-video-preview":"max-video-preview:-1"},"canonical":"https:\/\/exparto.pl\/ro\/produkt\/nakretka-m24x15-z-podkladka-ruchoma\/","og_locale":"ro_RO","og_type":"article","og_title":"Nakr\u0119tka M24x1,5 z podk\u0142adk\u0105 ruchom\u0105 - Exparto.pl","og_description":"Nakr\u0119tka do piast.","og_url":"https:\/\/exparto.pl\/ro\/produkt\/nakretka-m24x15-z-podkladka-ruchoma\/","og_site_name":"Exparto.pl","article_publisher":"https:\/\/www.facebook.com\/exparto.agro\/","article_modified_time":"2026-04-22T10:01:41+00:00","og_image":[{"width":1000,"height":1000,"url":"https:\/\/exparto.pl\/wp-content\/uploads\/2023\/11\/374e68250f07beae0653f2d389934adb.jpg","type":"image\/jpeg"}],"twitter_card":"summary_large_image","twitter_misc":{"Timp estimat pentru citire":"2 minute"},"schema":{"@context":"https:\/\/schema.org","@graph":[{"@type":"WebPage","@id":"https:\/\/exparto.pl\/ro\/produkt\/nakretka-m24x15-z-podkladka-ruchoma\/","url":"https:\/\/exparto.pl\/ro\/produkt\/nakretka-m24x15-z-podkladka-ruchoma\/","name":"Nakr\u0119tka M24x1,5 z podk\u0142adk\u0105 ruchom\u0105 - Exparto.pl","isPartOf":{"@id":"https:\/\/exparto.pl\/ro\/#website"},"primaryImageOfPage":{"@id":"https:\/\/exparto.pl\/ro\/produkt\/nakretka-m24x15-z-podkladka-ruchoma\/#primaryimage"},"image":{"@id":"https:\/\/exparto.pl\/ro\/produkt\/nakretka-m24x15-z-podkladka-ruchoma\/#primaryimage"},"thumbnailUrl":"https:\/\/exparto.pl\/wp-content\/uploads\/2023\/11\/374e68250f07beae0653f2d389934adb.jpg","datePublished":"2023-11-29T09:11:56+00:00","dateModified":"2026-04-22T10:01:41+00:00","breadcrumb":{"@id":"https:\/\/exparto.pl\/ro\/produkt\/nakretka-m24x15-z-podkladka-ruchoma\/#breadcrumb"},"inLanguage":"ro-RO","potentialAction":[{"@type":"ReadAction","target":["https:\/\/exparto.pl\/ro\/produkt\/nakretka-m24x15-z-podkladka-ruchoma\/"]}]},{"@type":"ImageObject","inLanguage":"ro-RO","@id":"https:\/\/exparto.pl\/ro\/produkt\/nakretka-m24x15-z-podkladka-ruchoma\/#primaryimage","url":"https:\/\/exparto.pl\/wp-content\/uploads\/2023\/11\/374e68250f07beae0653f2d389934adb.jpg","contentUrl":"https:\/\/exparto.pl\/wp-content\/uploads\/2023\/11\/374e68250f07beae0653f2d389934adb.jpg","width":1000,"height":1000},{"@type":"BreadcrumbList","@id":"https:\/\/exparto.pl\/ro\/produkt\/nakretka-m24x15-z-podkladka-ruchoma\/#breadcrumb","itemListElement":[{"@type":"ListItem","position":1,"name":"Pagina de start","item":"https:\/\/exparto.pl\/ro\/pagina-de-start\/"},{"@type":"ListItem","position":2,"name":"Sklep","item":"https:\/\/exparto.pl\/sklep\/"},{"@type":"ListItem","position":3,"name":"Lucrare a solului","item":"https:\/\/exparto.pl\/ro\/categoria-de-produse\/lucrare-a-solului\/"},{"@type":"ListItem","position":4,"name":"Nakr\u0119tka M24x1,5 z podk\u0142adk\u0105 ruchom\u0105"}]},{"@type":"WebSite","@id":"https:\/\/exparto.pl\/ro\/#website","url":"https:\/\/exparto.pl\/ro\/","name":"EXPARTO","description":"More than agro parts","publisher":{"@id":"https:\/\/exparto.pl\/ro\/#organization"},"potentialAction":[{"@type":"SearchAction","target":{"@type":"EntryPoint","urlTemplate":"https:\/\/exparto.pl\/ro\/?s={search_term_string}"},"query-input":{"@type":"PropertyValueSpecification","valueRequired":true,"valueName":"search_term_string"}}],"inLanguage":"ro-RO"},{"@type":"Organization","@id":"https:\/\/exparto.pl\/ro\/#organization","name":"EXPARTO","url":"https:\/\/exparto.pl\/ro\/","logo":{"@type":"ImageObject","inLanguage":"ro-RO","@id":"https:\/\/exparto.pl\/ro\/#\/schema\/logo\/image\/","url":"https:\/\/exparto.pl\/wp-content\/uploads\/2023\/02\/logo-wektor.png","contentUrl":"https:\/\/exparto.pl\/wp-content\/uploads\/2023\/02\/logo-wektor.png","width":1338,"height":143,"caption":"EXPARTO"},"image":{"@id":"https:\/\/exparto.pl\/ro\/#\/schema\/logo\/image\/"},"sameAs":["https:\/\/www.facebook.com\/exparto.agro\/"]}]}},"_links":{"self":[{"href":"https:\/\/exparto.pl\/ro\/wp-json\/wp\/v2\/product\/15435","targetHints":{"allow":["GET"]}}],"collection":[{"href":"https:\/\/exparto.pl\/ro\/wp-json\/wp\/v2\/product"}],"about":[{"href":"https:\/\/exparto.pl\/ro\/wp-json\/wp\/v2\/types\/product"}],"replies":[{"embeddable":true,"href":"https:\/\/exparto.pl\/ro\/wp-json\/wp\/v2\/comments?post=15435"}],"wp:featuredmedia":[{"embeddable":true,"href":"https:\/\/exparto.pl\/ro\/wp-json\/wp\/v2\/media\/15420"}],"wp:attachment":[{"href":"https:\/\/exparto.pl\/ro\/wp-json\/wp\/v2\/media?parent=15435"}],"wp:term":[{"taxonomy":"product_brand","embeddable":true,"href":"https:\/\/exparto.pl\/ro\/wp-json\/wp\/v2\/product_brand?post=15435"},{"taxonomy":"product_cat","embeddable":true,"href":"https:\/\/exparto.pl\/ro\/wp-json\/wp\/v2\/product_cat?post=15435"},{"taxonomy":"product_tag","embeddable":true,"href":"https:\/\/exparto.pl\/ro\/wp-json\/wp\/v2\/product_tag?post=15435"}],"curies":[{"name":"wp","href":"https:\/\/api.w.org\/{rel}","templated":true}]}}