{"id":16318,"date":"2023-12-18T15:08:28","date_gmt":"2023-12-18T14:08:28","guid":{"rendered":"https:\/\/exparto.pl\/produkt\/pioro-ii-resoru-d-47-bez-ucha\/"},"modified":"2026-03-03T12:00:34","modified_gmt":"2026-03-03T11:00:34","slug":"pioro-ii-resoru-d-47-bez-ucha","status":"publish","type":"product","link":"https:\/\/exparto.pl\/ro\/produkt\/pioro-ii-resoru-d-47-bez-ucha\/","title":{"rendered":"Pi\u00f3ro II resoru D-47 bez ucha"},"content":{"rendered":"<p><span style=\"font-weight: 400;\">Szukasz wysokiej jako\u015bci cz\u0119\u015bci do maszyn rolniczych? Zapoznaj si\u0119 z ofert\u0105 przygotowan\u0105 przez naszych ekspert\u00f3w. W asortymencie posiadamy m.in. drugie pi\u00f3ro resora przyczepy D-47. Produkt ten powstaje ze starannie dobranych materia\u0142\u00f3w i gwarantuje wysok\u0105 odporno\u015b\u0107 eksploatacyjn\u0105. Poznaj oferowane przez nas dodatkowe pi\u00f3ro resoru bez ucha do przyczep Autosan Sanok D-47.\u00a0<\/span><\/p>\n<h2><span style=\"font-weight: 400;\">Dodatkowe (drugie) pi\u00f3ro resoru przyczepy D-47 &#8211; bez ucha<\/span><\/h2>\n<p><b>Dodatkowe pi\u00f3ro do resora to element uk\u0142adu resora pi\u00f3rowego, kt\u00f3ry odpowiada za usztywnienie ca\u0142ej konstrukcji i zwi\u0119kszenie jej wytrzyma\u0142o\u015bci<\/b><span style=\"font-weight: 400;\">. Dok\u0142adamy wszelkich stara\u0144, aby oferowany przez nas model charakteryzowa\u0142 si\u0119 wysok\u0105 odporno\u015bci\u0105 na intensywn\u0105 eksploatacj\u0119. Dzi\u0119ki temu doskonale spe\u0142nia swoje zadanie. W EXPARTO posiadamy pi\u00f3ro resora drugie bez ucha, jak i modele pi\u00f3r g\u0142\u00f3wnych z uszami. Dzi\u0119ki temu bez trudu dobierzesz cz\u0119\u015b\u0107 do swoich potrzeb.\u00a0<\/span><\/p>\n<p style=\"text-align: justify;\">\n<p><b>W centralnej cz\u0119\u015bci pi\u00f3ra resora D-47 znajduje si\u0119 tulejka, kt\u00f3ra umo\u017cliwia monta\u017c sworznia<\/b><span style=\"font-weight: 400;\">. Jej \u015brednica to 19 mm. Dok\u0142adne wymiary ca\u0142ego elementu to 116 \u00d7 7 \u00d7 15 cm, a waga wynosi 5,1 kilograma. Przygotowane przez nas pi\u00f3ro idealnie pasuje do przyczep D-47 oraz do wybranych maszyn rolniczych. W asortymencie posiadamy r\u00f3wnie\u017c modele przeznaczone do przyczep D-50.\u00a0<\/span><\/p>\n<p style=\"text-align: justify;\">\n<p><b>Potrzebujesz wysokiej jako\u015bci dodatkowego pi\u00f3ra resoru przyczepy D-47<\/b><span style=\"font-weight: 400;\">? Znajdziesz je w naszej ofercie. Zapraszamy do zakup\u00f3w. W przypadku jakichkolwiek w\u0105tpliwo\u015bci skontaktuj si\u0119 z naszym ekspertem, kt\u00f3ry poprowadzi Ci\u0119 przez proces zakupowy. <\/span><\/p>\n<p style=\"text-align: justify;\"><b>Zastosowanie:<\/b><\/p>\n<ul>\n<li style=\"text-align: justify;\"><span style=\"color: var(--gray-800);\">przyczepa D-47\u00a0\u00a0<\/span><\/li>\n<li style=\"text-align: justify;\"><span style=\"color: var(--gray-800);\">maszyny rolnicze<\/span><\/li>\n<\/ul>\n","protected":false},"excerpt":{"rendered":"<p style=\"text-align: justify;\">Pi\u00f3ro resoru przyczepy bez ucha.<\/p>\n","protected":false},"featured_media":16298,"comment_status":"open","ping_status":"closed","template":"","meta":{"_acf_changed":false,"inline_featured_image":false},"product_brand":[],"product_cat":[50,731],"product_tag":[],"class_list":{"0":"post-16318","1":"product","2":"type-product","3":"status-publish","4":"has-post-thumbnail","6":"product_cat-czesci-do-przyczep","7":"product_cat-resory","9":"first","10":"instock","11":"taxable","12":"shipping-taxable","13":"purchasable","14":"product-type-simple"},"acf":[],"yoast_head":"<!-- This site is optimized with the Yoast SEO plugin v27.3 - https:\/\/yoast.com\/product\/yoast-seo-wordpress\/ -->\n<title>Pi\u00f3ro II resoru D-47 bez ucha - Exparto.pl<\/title>\n<meta name=\"robots\" content=\"index, follow, max-snippet:-1, max-image-preview:large, max-video-preview:-1\" \/>\n<link rel=\"canonical\" href=\"https:\/\/exparto.pl\/ro\/produkt\/pioro-ii-resoru-d-47-bez-ucha\/\" \/>\n<meta property=\"og:locale\" content=\"ro_RO\" \/>\n<meta property=\"og:type\" content=\"article\" \/>\n<meta property=\"og:title\" content=\"Pi\u00f3ro II resoru D-47 bez ucha - Exparto.pl\" \/>\n<meta property=\"og:description\" content=\"Pi\u00f3ro resoru przyczepy bez ucha.\" \/>\n<meta property=\"og:url\" content=\"https:\/\/exparto.pl\/ro\/produkt\/pioro-ii-resoru-d-47-bez-ucha\/\" \/>\n<meta property=\"og:site_name\" content=\"Exparto.pl\" \/>\n<meta property=\"article:publisher\" content=\"https:\/\/www.facebook.com\/exparto.agro\/\" \/>\n<meta property=\"article:modified_time\" content=\"2026-03-03T11:00:34+00:00\" \/>\n<meta property=\"og:image\" content=\"https:\/\/exparto.pl\/wp-content\/uploads\/2023\/12\/554819d5fe7f6e400cba9389aaf9726f-rotated.jpg\" \/>\n\t<meta property=\"og:image:width\" content=\"1000\" \/>\n\t<meta property=\"og:image:height\" content=\"1000\" \/>\n\t<meta property=\"og:image:type\" content=\"image\/jpeg\" \/>\n<meta name=\"twitter:card\" content=\"summary_large_image\" \/>\n<meta name=\"twitter:label1\" content=\"Timp estimat pentru citire\" \/>\n\t<meta name=\"twitter:data1\" content=\"2 minute\" \/>\n<script type=\"application\/ld+json\" class=\"yoast-schema-graph\">{\"@context\":\"https:\\\/\\\/schema.org\",\"@graph\":[{\"@type\":\"WebPage\",\"@id\":\"https:\\\/\\\/exparto.pl\\\/ro\\\/produkt\\\/pioro-ii-resoru-d-47-bez-ucha\\\/\",\"url\":\"https:\\\/\\\/exparto.pl\\\/ro\\\/produkt\\\/pioro-ii-resoru-d-47-bez-ucha\\\/\",\"name\":\"Pi\u00f3ro II resoru D-47 bez ucha - Exparto.pl\",\"isPartOf\":{\"@id\":\"https:\\\/\\\/exparto.pl\\\/ro\\\/#website\"},\"primaryImageOfPage\":{\"@id\":\"https:\\\/\\\/exparto.pl\\\/ro\\\/produkt\\\/pioro-ii-resoru-d-47-bez-ucha\\\/#primaryimage\"},\"image\":{\"@id\":\"https:\\\/\\\/exparto.pl\\\/ro\\\/produkt\\\/pioro-ii-resoru-d-47-bez-ucha\\\/#primaryimage\"},\"thumbnailUrl\":\"https:\\\/\\\/exparto.pl\\\/wp-content\\\/uploads\\\/2023\\\/12\\\/554819d5fe7f6e400cba9389aaf9726f-rotated.jpg\",\"datePublished\":\"2023-12-18T14:08:28+00:00\",\"dateModified\":\"2026-03-03T11:00:34+00:00\",\"breadcrumb\":{\"@id\":\"https:\\\/\\\/exparto.pl\\\/ro\\\/produkt\\\/pioro-ii-resoru-d-47-bez-ucha\\\/#breadcrumb\"},\"inLanguage\":\"ro-RO\",\"potentialAction\":[{\"@type\":\"ReadAction\",\"target\":[\"https:\\\/\\\/exparto.pl\\\/ro\\\/produkt\\\/pioro-ii-resoru-d-47-bez-ucha\\\/\"]}]},{\"@type\":\"ImageObject\",\"inLanguage\":\"ro-RO\",\"@id\":\"https:\\\/\\\/exparto.pl\\\/ro\\\/produkt\\\/pioro-ii-resoru-d-47-bez-ucha\\\/#primaryimage\",\"url\":\"https:\\\/\\\/exparto.pl\\\/wp-content\\\/uploads\\\/2023\\\/12\\\/554819d5fe7f6e400cba9389aaf9726f-rotated.jpg\",\"contentUrl\":\"https:\\\/\\\/exparto.pl\\\/wp-content\\\/uploads\\\/2023\\\/12\\\/554819d5fe7f6e400cba9389aaf9726f-rotated.jpg\",\"width\":1000,\"height\":1000},{\"@type\":\"BreadcrumbList\",\"@id\":\"https:\\\/\\\/exparto.pl\\\/ro\\\/produkt\\\/pioro-ii-resoru-d-47-bez-ucha\\\/#breadcrumb\",\"itemListElement\":[{\"@type\":\"ListItem\",\"position\":1,\"name\":\"Pagina de start\",\"item\":\"https:\\\/\\\/exparto.pl\\\/ro\\\/pagina-de-start\\\/\"},{\"@type\":\"ListItem\",\"position\":2,\"name\":\"Sklep\",\"item\":\"https:\\\/\\\/exparto.pl\\\/sklep\\\/\"},{\"@type\":\"ListItem\",\"position\":3,\"name\":\"Piese de remorc\u0103\",\"item\":\"https:\\\/\\\/exparto.pl\\\/ro\\\/categoria-de-produse\\\/piese-de-remorca\\\/\"},{\"@type\":\"ListItem\",\"position\":4,\"name\":\"Resory do przyczep i pi\u00f3ra\",\"item\":\"https:\\\/\\\/exparto.pl\\\/kategoria-produktu\\\/czesci-do-przyczep\\\/resory\\\/\"},{\"@type\":\"ListItem\",\"position\":5,\"name\":\"Pi\u00f3ro II resoru D-47 bez ucha\"}]},{\"@type\":\"WebSite\",\"@id\":\"https:\\\/\\\/exparto.pl\\\/ro\\\/#website\",\"url\":\"https:\\\/\\\/exparto.pl\\\/ro\\\/\",\"name\":\"EXPARTO\",\"description\":\"More than agro parts\",\"publisher\":{\"@id\":\"https:\\\/\\\/exparto.pl\\\/ro\\\/#organization\"},\"potentialAction\":[{\"@type\":\"SearchAction\",\"target\":{\"@type\":\"EntryPoint\",\"urlTemplate\":\"https:\\\/\\\/exparto.pl\\\/ro\\\/?s={search_term_string}\"},\"query-input\":{\"@type\":\"PropertyValueSpecification\",\"valueRequired\":true,\"valueName\":\"search_term_string\"}}],\"inLanguage\":\"ro-RO\"},{\"@type\":\"Organization\",\"@id\":\"https:\\\/\\\/exparto.pl\\\/ro\\\/#organization\",\"name\":\"EXPARTO\",\"url\":\"https:\\\/\\\/exparto.pl\\\/ro\\\/\",\"logo\":{\"@type\":\"ImageObject\",\"inLanguage\":\"ro-RO\",\"@id\":\"https:\\\/\\\/exparto.pl\\\/ro\\\/#\\\/schema\\\/logo\\\/image\\\/\",\"url\":\"https:\\\/\\\/exparto.pl\\\/wp-content\\\/uploads\\\/2023\\\/02\\\/logo-wektor.png\",\"contentUrl\":\"https:\\\/\\\/exparto.pl\\\/wp-content\\\/uploads\\\/2023\\\/02\\\/logo-wektor.png\",\"width\":1338,\"height\":143,\"caption\":\"EXPARTO\"},\"image\":{\"@id\":\"https:\\\/\\\/exparto.pl\\\/ro\\\/#\\\/schema\\\/logo\\\/image\\\/\"},\"sameAs\":[\"https:\\\/\\\/www.facebook.com\\\/exparto.agro\\\/\"]}]}<\/script>\n<!-- \/ Yoast SEO plugin. -->","yoast_head_json":{"title":"Pi\u00f3ro II resoru D-47 bez ucha - Exparto.pl","robots":{"index":"index","follow":"follow","max-snippet":"max-snippet:-1","max-image-preview":"max-image-preview:large","max-video-preview":"max-video-preview:-1"},"canonical":"https:\/\/exparto.pl\/ro\/produkt\/pioro-ii-resoru-d-47-bez-ucha\/","og_locale":"ro_RO","og_type":"article","og_title":"Pi\u00f3ro II resoru D-47 bez ucha - Exparto.pl","og_description":"Pi\u00f3ro resoru przyczepy bez ucha.","og_url":"https:\/\/exparto.pl\/ro\/produkt\/pioro-ii-resoru-d-47-bez-ucha\/","og_site_name":"Exparto.pl","article_publisher":"https:\/\/www.facebook.com\/exparto.agro\/","article_modified_time":"2026-03-03T11:00:34+00:00","og_image":[{"width":1000,"height":1000,"url":"https:\/\/exparto.pl\/wp-content\/uploads\/2023\/12\/554819d5fe7f6e400cba9389aaf9726f-rotated.jpg","type":"image\/jpeg"}],"twitter_card":"summary_large_image","twitter_misc":{"Timp estimat pentru citire":"2 minute"},"schema":{"@context":"https:\/\/schema.org","@graph":[{"@type":"WebPage","@id":"https:\/\/exparto.pl\/ro\/produkt\/pioro-ii-resoru-d-47-bez-ucha\/","url":"https:\/\/exparto.pl\/ro\/produkt\/pioro-ii-resoru-d-47-bez-ucha\/","name":"Pi\u00f3ro II resoru D-47 bez ucha - Exparto.pl","isPartOf":{"@id":"https:\/\/exparto.pl\/ro\/#website"},"primaryImageOfPage":{"@id":"https:\/\/exparto.pl\/ro\/produkt\/pioro-ii-resoru-d-47-bez-ucha\/#primaryimage"},"image":{"@id":"https:\/\/exparto.pl\/ro\/produkt\/pioro-ii-resoru-d-47-bez-ucha\/#primaryimage"},"thumbnailUrl":"https:\/\/exparto.pl\/wp-content\/uploads\/2023\/12\/554819d5fe7f6e400cba9389aaf9726f-rotated.jpg","datePublished":"2023-12-18T14:08:28+00:00","dateModified":"2026-03-03T11:00:34+00:00","breadcrumb":{"@id":"https:\/\/exparto.pl\/ro\/produkt\/pioro-ii-resoru-d-47-bez-ucha\/#breadcrumb"},"inLanguage":"ro-RO","potentialAction":[{"@type":"ReadAction","target":["https:\/\/exparto.pl\/ro\/produkt\/pioro-ii-resoru-d-47-bez-ucha\/"]}]},{"@type":"ImageObject","inLanguage":"ro-RO","@id":"https:\/\/exparto.pl\/ro\/produkt\/pioro-ii-resoru-d-47-bez-ucha\/#primaryimage","url":"https:\/\/exparto.pl\/wp-content\/uploads\/2023\/12\/554819d5fe7f6e400cba9389aaf9726f-rotated.jpg","contentUrl":"https:\/\/exparto.pl\/wp-content\/uploads\/2023\/12\/554819d5fe7f6e400cba9389aaf9726f-rotated.jpg","width":1000,"height":1000},{"@type":"BreadcrumbList","@id":"https:\/\/exparto.pl\/ro\/produkt\/pioro-ii-resoru-d-47-bez-ucha\/#breadcrumb","itemListElement":[{"@type":"ListItem","position":1,"name":"Pagina de start","item":"https:\/\/exparto.pl\/ro\/pagina-de-start\/"},{"@type":"ListItem","position":2,"name":"Sklep","item":"https:\/\/exparto.pl\/sklep\/"},{"@type":"ListItem","position":3,"name":"Piese de remorc\u0103","item":"https:\/\/exparto.pl\/ro\/categoria-de-produse\/piese-de-remorca\/"},{"@type":"ListItem","position":4,"name":"Resory do przyczep i pi\u00f3ra","item":"https:\/\/exparto.pl\/kategoria-produktu\/czesci-do-przyczep\/resory\/"},{"@type":"ListItem","position":5,"name":"Pi\u00f3ro II resoru D-47 bez ucha"}]},{"@type":"WebSite","@id":"https:\/\/exparto.pl\/ro\/#website","url":"https:\/\/exparto.pl\/ro\/","name":"EXPARTO","description":"More than agro parts","publisher":{"@id":"https:\/\/exparto.pl\/ro\/#organization"},"potentialAction":[{"@type":"SearchAction","target":{"@type":"EntryPoint","urlTemplate":"https:\/\/exparto.pl\/ro\/?s={search_term_string}"},"query-input":{"@type":"PropertyValueSpecification","valueRequired":true,"valueName":"search_term_string"}}],"inLanguage":"ro-RO"},{"@type":"Organization","@id":"https:\/\/exparto.pl\/ro\/#organization","name":"EXPARTO","url":"https:\/\/exparto.pl\/ro\/","logo":{"@type":"ImageObject","inLanguage":"ro-RO","@id":"https:\/\/exparto.pl\/ro\/#\/schema\/logo\/image\/","url":"https:\/\/exparto.pl\/wp-content\/uploads\/2023\/02\/logo-wektor.png","contentUrl":"https:\/\/exparto.pl\/wp-content\/uploads\/2023\/02\/logo-wektor.png","width":1338,"height":143,"caption":"EXPARTO"},"image":{"@id":"https:\/\/exparto.pl\/ro\/#\/schema\/logo\/image\/"},"sameAs":["https:\/\/www.facebook.com\/exparto.agro\/"]}]}},"_links":{"self":[{"href":"https:\/\/exparto.pl\/ro\/wp-json\/wp\/v2\/product\/16318","targetHints":{"allow":["GET"]}}],"collection":[{"href":"https:\/\/exparto.pl\/ro\/wp-json\/wp\/v2\/product"}],"about":[{"href":"https:\/\/exparto.pl\/ro\/wp-json\/wp\/v2\/types\/product"}],"replies":[{"embeddable":true,"href":"https:\/\/exparto.pl\/ro\/wp-json\/wp\/v2\/comments?post=16318"}],"wp:featuredmedia":[{"embeddable":true,"href":"https:\/\/exparto.pl\/ro\/wp-json\/wp\/v2\/media\/16298"}],"wp:attachment":[{"href":"https:\/\/exparto.pl\/ro\/wp-json\/wp\/v2\/media?parent=16318"}],"wp:term":[{"taxonomy":"product_brand","embeddable":true,"href":"https:\/\/exparto.pl\/ro\/wp-json\/wp\/v2\/product_brand?post=16318"},{"taxonomy":"product_cat","embeddable":true,"href":"https:\/\/exparto.pl\/ro\/wp-json\/wp\/v2\/product_cat?post=16318"},{"taxonomy":"product_tag","embeddable":true,"href":"https:\/\/exparto.pl\/ro\/wp-json\/wp\/v2\/product_tag?post=16318"}],"curies":[{"name":"wp","href":"https:\/\/api.w.org\/{rel}","templated":true}]}}