{"id":16640,"date":"2023-12-20T09:51:41","date_gmt":"2023-12-20T08:51:41","guid":{"rendered":"https:\/\/exparto.pl\/produkt\/pokrywa-rozrzutnika-mala-z-otworem-zeliwna\/"},"modified":"2026-03-05T22:01:14","modified_gmt":"2026-03-05T21:01:14","slug":"pokrywa-rozrzutnika-mala-z-otworem-zeliwna","status":"publish","type":"product","link":"https:\/\/exparto.pl\/ro\/produkt\/pokrywa-rozrzutnika-mala-z-otworem-zeliwna\/","title":{"rendered":"Pokrywa rozrzutnika ma\u0142a z otworem \u017celiwna"},"content":{"rendered":"<p style=\"text-align: justify\">Pokrywa \u0142o\u017cyska ma\u0142a \u017celiwna.<\/p>\n<p style=\"text-align: justify\"><span style=\"color: var(--gray-800)\"><b>Zastosowanie:<\/b>\u00a0<\/span><\/p>\n<ul>\n<li style=\"text-align: justify\"><span style=\"color: var(--gray-800)\">rozrzutnik obornika<\/span><\/li>\n<\/ul>\n<div style=\"text-align: justify\"><b>Numer katalogowy:<\/b><b><\/b><\/div>\n<div style=\"text-align: justify\">\n<ul>\n<li>2208030170<\/li>\n<\/ul>\n<p><span style=\"font-weight: 400\">Pokrywa \u0142o\u017cyska rozrzutnika \u017celiwna, ma\u0142a, z otworem 36 mm wykonana z \u017celiwa i oznaczona numerem katalogowym CZR01685, odgrywa kluczow\u0105 rol\u0119 w ochronie \u0142o\u017cyska przed uszkodzeniami mechanicznymi oraz wp\u0142ywem szkodliwych czynnik\u00f3w zewn\u0119trznych. <\/span><b>Ma\u0142a pokrywa \u0142o\u017cyska rozrzutnika z otworem 36 mm to element niezb\u0119dny dla zapewnienia niezawodno\u015bci i d\u0142ugotrwa\u0142ej pracy maszyny rolniczej.<\/b><\/p>\n<h2><span style=\"font-weight: 400\">Pokrywa \u0142o\u017cyska rozrzutnika \u2013 \u017celiwna, ma\u0142a, z otworem 36 mm<\/span><\/h2>\n<p><span style=\"font-weight: 400\">\u017beliwo, z kt\u00f3rego wykonana jest pokrywa \u0142o\u017cyska rozrzutnika obornika, jest cenione w rolnictwie za swoj\u0105 wytrzyma\u0142o\u015b\u0107 i odporno\u015b\u0107 na \u015bcieranie oraz p\u0119kni\u0119cia. <\/span><b>Te w\u0142a\u015bciwo\u015bci s\u0105 szczeg\u00f3lnie istotne w trudnych warunkach pracy rolniczej<\/b><span style=\"font-weight: 400\">, gdzie pokrywa \u0142o\u017cyska do rozrzutnika i inne cz\u0119\u015bci maszyn s\u0105 nara\u017cone na dzia\u0142anie si\u0142 mechanicznych i kontakt z agresywnymi substancjami, jak obornik.<\/span><\/p>\n<p><span style=\"font-weight: 400\">Dzi\u0119ki swojej solidnej konstrukcji i materia\u0142owi, z kt\u00f3rego jest wykonana, \u017celiwna pokrywa \u0142o\u017cyska stanowi wa\u017cny komponent, zapewniaj\u0105cy prawid\u0142owe funkcjonowanie i d\u0142ugotrwa\u0142\u0105 efektywno\u015b\u0107 pracy maszyny, zw\u0142aszcza w warunkach intensywnej eksploatacji.<\/span><\/p>\n<\/div>\n","protected":false},"excerpt":{"rendered":"<p style=\"text-align: justify\">Pokrywa \u0142o\u017cyska ma\u0142a \u017celiwna.<\/p>\n","protected":false},"featured_media":16625,"comment_status":"open","ping_status":"closed","template":"","meta":{"_acf_changed":false,"inline_featured_image":false},"product_brand":[],"product_cat":[732,975],"product_tag":[],"class_list":{"0":"post-16640","1":"product","2":"type-product","3":"status-publish","4":"has-post-thumbnail","6":"product_cat-czesci-do-rozrzutnika","7":"product_cat-pokrywy","9":"first","10":"instock","11":"taxable","12":"shipping-taxable","13":"purchasable","14":"product-type-simple"},"acf":[],"yoast_head":"<!-- This site is optimized with the Yoast SEO plugin v27.3 - https:\/\/yoast.com\/product\/yoast-seo-wordpress\/ -->\n<title>Pokrywa rozrzutnika ma\u0142a z otworem \u017celiwna - Exparto.pl<\/title>\n<meta name=\"description\" content=\"Sprawd\u017a \ud83d\udc49 pokryw\u0119 \u0142o\u017cyska rozrzutnika - \u017celiwn\u0105, ma\u0142\u0105, z otworem 36 mm \ud83c\udfe2 ze sklepu Exparto! \u2705 Wysoka jako\u015b\u0107! \ud83d\udd36 Gwarancja zadowolenia!\" \/>\n<meta name=\"robots\" content=\"index, follow, max-snippet:-1, max-image-preview:large, max-video-preview:-1\" \/>\n<link rel=\"canonical\" href=\"https:\/\/exparto.pl\/ro\/produkt\/pokrywa-rozrzutnika-mala-z-otworem-zeliwna\/\" \/>\n<meta property=\"og:locale\" content=\"ro_RO\" \/>\n<meta property=\"og:type\" content=\"article\" \/>\n<meta property=\"og:title\" content=\"Pokrywa rozrzutnika ma\u0142a z otworem \u017celiwna - Exparto.pl\" \/>\n<meta property=\"og:description\" content=\"Sprawd\u017a \ud83d\udc49 pokryw\u0119 \u0142o\u017cyska rozrzutnika - \u017celiwn\u0105, ma\u0142\u0105, z otworem 36 mm \ud83c\udfe2 ze sklepu Exparto! \u2705 Wysoka jako\u015b\u0107! \ud83d\udd36 Gwarancja zadowolenia!\" \/>\n<meta property=\"og:url\" content=\"https:\/\/exparto.pl\/ro\/produkt\/pokrywa-rozrzutnika-mala-z-otworem-zeliwna\/\" \/>\n<meta property=\"og:site_name\" content=\"Exparto.pl\" \/>\n<meta property=\"article:publisher\" content=\"https:\/\/www.facebook.com\/exparto.agro\/\" \/>\n<meta property=\"article:modified_time\" content=\"2026-03-05T21:01:14+00:00\" \/>\n<meta property=\"og:image\" content=\"https:\/\/exparto.pl\/wp-content\/uploads\/2023\/12\/d347f874869c01cf685cfe3650fef197.jpg\" \/>\n\t<meta property=\"og:image:width\" content=\"1000\" \/>\n\t<meta property=\"og:image:height\" content=\"1000\" \/>\n\t<meta property=\"og:image:type\" content=\"image\/jpeg\" \/>\n<meta name=\"twitter:card\" content=\"summary_large_image\" \/>\n<meta name=\"twitter:label1\" content=\"Timp estimat pentru citire\" \/>\n\t<meta name=\"twitter:data1\" content=\"2 minute\" \/>\n<script type=\"application\/ld+json\" class=\"yoast-schema-graph\">{\"@context\":\"https:\\\/\\\/schema.org\",\"@graph\":[{\"@type\":\"WebPage\",\"@id\":\"https:\\\/\\\/exparto.pl\\\/ro\\\/produkt\\\/pokrywa-rozrzutnika-mala-z-otworem-zeliwna\\\/\",\"url\":\"https:\\\/\\\/exparto.pl\\\/ro\\\/produkt\\\/pokrywa-rozrzutnika-mala-z-otworem-zeliwna\\\/\",\"name\":\"Pokrywa rozrzutnika ma\u0142a z otworem \u017celiwna - Exparto.pl\",\"isPartOf\":{\"@id\":\"https:\\\/\\\/exparto.pl\\\/ro\\\/#website\"},\"primaryImageOfPage\":{\"@id\":\"https:\\\/\\\/exparto.pl\\\/ro\\\/produkt\\\/pokrywa-rozrzutnika-mala-z-otworem-zeliwna\\\/#primaryimage\"},\"image\":{\"@id\":\"https:\\\/\\\/exparto.pl\\\/ro\\\/produkt\\\/pokrywa-rozrzutnika-mala-z-otworem-zeliwna\\\/#primaryimage\"},\"thumbnailUrl\":\"https:\\\/\\\/exparto.pl\\\/wp-content\\\/uploads\\\/2023\\\/12\\\/d347f874869c01cf685cfe3650fef197.jpg\",\"datePublished\":\"2023-12-20T08:51:41+00:00\",\"dateModified\":\"2026-03-05T21:01:14+00:00\",\"description\":\"Sprawd\u017a \ud83d\udc49 pokryw\u0119 \u0142o\u017cyska rozrzutnika - \u017celiwn\u0105, ma\u0142\u0105, z otworem 36 mm \ud83c\udfe2 ze sklepu Exparto! \u2705 Wysoka jako\u015b\u0107! \ud83d\udd36 Gwarancja zadowolenia!\",\"breadcrumb\":{\"@id\":\"https:\\\/\\\/exparto.pl\\\/ro\\\/produkt\\\/pokrywa-rozrzutnika-mala-z-otworem-zeliwna\\\/#breadcrumb\"},\"inLanguage\":\"ro-RO\",\"potentialAction\":[{\"@type\":\"ReadAction\",\"target\":[\"https:\\\/\\\/exparto.pl\\\/ro\\\/produkt\\\/pokrywa-rozrzutnika-mala-z-otworem-zeliwna\\\/\"]}]},{\"@type\":\"ImageObject\",\"inLanguage\":\"ro-RO\",\"@id\":\"https:\\\/\\\/exparto.pl\\\/ro\\\/produkt\\\/pokrywa-rozrzutnika-mala-z-otworem-zeliwna\\\/#primaryimage\",\"url\":\"https:\\\/\\\/exparto.pl\\\/wp-content\\\/uploads\\\/2023\\\/12\\\/d347f874869c01cf685cfe3650fef197.jpg\",\"contentUrl\":\"https:\\\/\\\/exparto.pl\\\/wp-content\\\/uploads\\\/2023\\\/12\\\/d347f874869c01cf685cfe3650fef197.jpg\",\"width\":1000,\"height\":1000},{\"@type\":\"BreadcrumbList\",\"@id\":\"https:\\\/\\\/exparto.pl\\\/ro\\\/produkt\\\/pokrywa-rozrzutnika-mala-z-otworem-zeliwna\\\/#breadcrumb\",\"itemListElement\":[{\"@type\":\"ListItem\",\"position\":1,\"name\":\"Pagina de start\",\"item\":\"https:\\\/\\\/exparto.pl\\\/ro\\\/pagina-de-start\\\/\"},{\"@type\":\"ListItem\",\"position\":2,\"name\":\"Sklep\",\"item\":\"https:\\\/\\\/exparto.pl\\\/sklep\\\/\"},{\"@type\":\"ListItem\",\"position\":3,\"name\":\"Cz\u0119\u015bci do rozrzutnika\",\"item\":\"https:\\\/\\\/exparto.pl\\\/kategoria-produktu\\\/czesci-do-rozrzutnika\\\/\"},{\"@type\":\"ListItem\",\"position\":4,\"name\":\"Pokrywa rozrzutnika ma\u0142a z otworem \u017celiwna\"}]},{\"@type\":\"WebSite\",\"@id\":\"https:\\\/\\\/exparto.pl\\\/ro\\\/#website\",\"url\":\"https:\\\/\\\/exparto.pl\\\/ro\\\/\",\"name\":\"EXPARTO\",\"description\":\"More than agro parts\",\"publisher\":{\"@id\":\"https:\\\/\\\/exparto.pl\\\/ro\\\/#organization\"},\"potentialAction\":[{\"@type\":\"SearchAction\",\"target\":{\"@type\":\"EntryPoint\",\"urlTemplate\":\"https:\\\/\\\/exparto.pl\\\/ro\\\/?s={search_term_string}\"},\"query-input\":{\"@type\":\"PropertyValueSpecification\",\"valueRequired\":true,\"valueName\":\"search_term_string\"}}],\"inLanguage\":\"ro-RO\"},{\"@type\":\"Organization\",\"@id\":\"https:\\\/\\\/exparto.pl\\\/ro\\\/#organization\",\"name\":\"EXPARTO\",\"url\":\"https:\\\/\\\/exparto.pl\\\/ro\\\/\",\"logo\":{\"@type\":\"ImageObject\",\"inLanguage\":\"ro-RO\",\"@id\":\"https:\\\/\\\/exparto.pl\\\/ro\\\/#\\\/schema\\\/logo\\\/image\\\/\",\"url\":\"https:\\\/\\\/exparto.pl\\\/wp-content\\\/uploads\\\/2023\\\/02\\\/logo-wektor.png\",\"contentUrl\":\"https:\\\/\\\/exparto.pl\\\/wp-content\\\/uploads\\\/2023\\\/02\\\/logo-wektor.png\",\"width\":1338,\"height\":143,\"caption\":\"EXPARTO\"},\"image\":{\"@id\":\"https:\\\/\\\/exparto.pl\\\/ro\\\/#\\\/schema\\\/logo\\\/image\\\/\"},\"sameAs\":[\"https:\\\/\\\/www.facebook.com\\\/exparto.agro\\\/\"]}]}<\/script>\n<!-- \/ Yoast SEO plugin. -->","yoast_head_json":{"title":"Pokrywa rozrzutnika ma\u0142a z otworem \u017celiwna - Exparto.pl","description":"Sprawd\u017a \ud83d\udc49 pokryw\u0119 \u0142o\u017cyska rozrzutnika - \u017celiwn\u0105, ma\u0142\u0105, z otworem 36 mm \ud83c\udfe2 ze sklepu Exparto! \u2705 Wysoka jako\u015b\u0107! \ud83d\udd36 Gwarancja zadowolenia!","robots":{"index":"index","follow":"follow","max-snippet":"max-snippet:-1","max-image-preview":"max-image-preview:large","max-video-preview":"max-video-preview:-1"},"canonical":"https:\/\/exparto.pl\/ro\/produkt\/pokrywa-rozrzutnika-mala-z-otworem-zeliwna\/","og_locale":"ro_RO","og_type":"article","og_title":"Pokrywa rozrzutnika ma\u0142a z otworem \u017celiwna - Exparto.pl","og_description":"Sprawd\u017a \ud83d\udc49 pokryw\u0119 \u0142o\u017cyska rozrzutnika - \u017celiwn\u0105, ma\u0142\u0105, z otworem 36 mm \ud83c\udfe2 ze sklepu Exparto! \u2705 Wysoka jako\u015b\u0107! \ud83d\udd36 Gwarancja zadowolenia!","og_url":"https:\/\/exparto.pl\/ro\/produkt\/pokrywa-rozrzutnika-mala-z-otworem-zeliwna\/","og_site_name":"Exparto.pl","article_publisher":"https:\/\/www.facebook.com\/exparto.agro\/","article_modified_time":"2026-03-05T21:01:14+00:00","og_image":[{"width":1000,"height":1000,"url":"https:\/\/exparto.pl\/wp-content\/uploads\/2023\/12\/d347f874869c01cf685cfe3650fef197.jpg","type":"image\/jpeg"}],"twitter_card":"summary_large_image","twitter_misc":{"Timp estimat pentru citire":"2 minute"},"schema":{"@context":"https:\/\/schema.org","@graph":[{"@type":"WebPage","@id":"https:\/\/exparto.pl\/ro\/produkt\/pokrywa-rozrzutnika-mala-z-otworem-zeliwna\/","url":"https:\/\/exparto.pl\/ro\/produkt\/pokrywa-rozrzutnika-mala-z-otworem-zeliwna\/","name":"Pokrywa rozrzutnika ma\u0142a z otworem \u017celiwna - Exparto.pl","isPartOf":{"@id":"https:\/\/exparto.pl\/ro\/#website"},"primaryImageOfPage":{"@id":"https:\/\/exparto.pl\/ro\/produkt\/pokrywa-rozrzutnika-mala-z-otworem-zeliwna\/#primaryimage"},"image":{"@id":"https:\/\/exparto.pl\/ro\/produkt\/pokrywa-rozrzutnika-mala-z-otworem-zeliwna\/#primaryimage"},"thumbnailUrl":"https:\/\/exparto.pl\/wp-content\/uploads\/2023\/12\/d347f874869c01cf685cfe3650fef197.jpg","datePublished":"2023-12-20T08:51:41+00:00","dateModified":"2026-03-05T21:01:14+00:00","description":"Sprawd\u017a \ud83d\udc49 pokryw\u0119 \u0142o\u017cyska rozrzutnika - \u017celiwn\u0105, ma\u0142\u0105, z otworem 36 mm \ud83c\udfe2 ze sklepu Exparto! \u2705 Wysoka jako\u015b\u0107! \ud83d\udd36 Gwarancja zadowolenia!","breadcrumb":{"@id":"https:\/\/exparto.pl\/ro\/produkt\/pokrywa-rozrzutnika-mala-z-otworem-zeliwna\/#breadcrumb"},"inLanguage":"ro-RO","potentialAction":[{"@type":"ReadAction","target":["https:\/\/exparto.pl\/ro\/produkt\/pokrywa-rozrzutnika-mala-z-otworem-zeliwna\/"]}]},{"@type":"ImageObject","inLanguage":"ro-RO","@id":"https:\/\/exparto.pl\/ro\/produkt\/pokrywa-rozrzutnika-mala-z-otworem-zeliwna\/#primaryimage","url":"https:\/\/exparto.pl\/wp-content\/uploads\/2023\/12\/d347f874869c01cf685cfe3650fef197.jpg","contentUrl":"https:\/\/exparto.pl\/wp-content\/uploads\/2023\/12\/d347f874869c01cf685cfe3650fef197.jpg","width":1000,"height":1000},{"@type":"BreadcrumbList","@id":"https:\/\/exparto.pl\/ro\/produkt\/pokrywa-rozrzutnika-mala-z-otworem-zeliwna\/#breadcrumb","itemListElement":[{"@type":"ListItem","position":1,"name":"Pagina de start","item":"https:\/\/exparto.pl\/ro\/pagina-de-start\/"},{"@type":"ListItem","position":2,"name":"Sklep","item":"https:\/\/exparto.pl\/sklep\/"},{"@type":"ListItem","position":3,"name":"Cz\u0119\u015bci do rozrzutnika","item":"https:\/\/exparto.pl\/kategoria-produktu\/czesci-do-rozrzutnika\/"},{"@type":"ListItem","position":4,"name":"Pokrywa rozrzutnika ma\u0142a z otworem \u017celiwna"}]},{"@type":"WebSite","@id":"https:\/\/exparto.pl\/ro\/#website","url":"https:\/\/exparto.pl\/ro\/","name":"EXPARTO","description":"More than agro parts","publisher":{"@id":"https:\/\/exparto.pl\/ro\/#organization"},"potentialAction":[{"@type":"SearchAction","target":{"@type":"EntryPoint","urlTemplate":"https:\/\/exparto.pl\/ro\/?s={search_term_string}"},"query-input":{"@type":"PropertyValueSpecification","valueRequired":true,"valueName":"search_term_string"}}],"inLanguage":"ro-RO"},{"@type":"Organization","@id":"https:\/\/exparto.pl\/ro\/#organization","name":"EXPARTO","url":"https:\/\/exparto.pl\/ro\/","logo":{"@type":"ImageObject","inLanguage":"ro-RO","@id":"https:\/\/exparto.pl\/ro\/#\/schema\/logo\/image\/","url":"https:\/\/exparto.pl\/wp-content\/uploads\/2023\/02\/logo-wektor.png","contentUrl":"https:\/\/exparto.pl\/wp-content\/uploads\/2023\/02\/logo-wektor.png","width":1338,"height":143,"caption":"EXPARTO"},"image":{"@id":"https:\/\/exparto.pl\/ro\/#\/schema\/logo\/image\/"},"sameAs":["https:\/\/www.facebook.com\/exparto.agro\/"]}]}},"_links":{"self":[{"href":"https:\/\/exparto.pl\/ro\/wp-json\/wp\/v2\/product\/16640","targetHints":{"allow":["GET"]}}],"collection":[{"href":"https:\/\/exparto.pl\/ro\/wp-json\/wp\/v2\/product"}],"about":[{"href":"https:\/\/exparto.pl\/ro\/wp-json\/wp\/v2\/types\/product"}],"replies":[{"embeddable":true,"href":"https:\/\/exparto.pl\/ro\/wp-json\/wp\/v2\/comments?post=16640"}],"wp:featuredmedia":[{"embeddable":true,"href":"https:\/\/exparto.pl\/ro\/wp-json\/wp\/v2\/media\/16625"}],"wp:attachment":[{"href":"https:\/\/exparto.pl\/ro\/wp-json\/wp\/v2\/media?parent=16640"}],"wp:term":[{"taxonomy":"product_brand","embeddable":true,"href":"https:\/\/exparto.pl\/ro\/wp-json\/wp\/v2\/product_brand?post=16640"},{"taxonomy":"product_cat","embeddable":true,"href":"https:\/\/exparto.pl\/ro\/wp-json\/wp\/v2\/product_cat?post=16640"},{"taxonomy":"product_tag","embeddable":true,"href":"https:\/\/exparto.pl\/ro\/wp-json\/wp\/v2\/product_tag?post=16640"}],"curies":[{"name":"wp","href":"https:\/\/api.w.org\/{rel}","templated":true}]}}