{"id":16856,"date":"2023-12-21T08:56:36","date_gmt":"2023-12-21T07:56:36","guid":{"rendered":"https:\/\/exparto.pl\/produkt\/tuleja-z-wieloklinem-17-cm\/"},"modified":"2026-04-05T23:00:47","modified_gmt":"2026-04-05T21:00:47","slug":"tuleja-z-wieloklinem-17-cm","status":"publish","type":"product","link":"https:\/\/exparto.pl\/ro\/produkt\/tuleja-z-wieloklinem-17-cm\/","title":{"rendered":"Tuleja 6 frez\u00f3w z wieloklinem 17 cm rozrzutnika"},"content":{"rendered":"<p style=\"text-align: justify;\">Tuleja \u0142\u0105cz\u0105ca z wieloklinem.<\/p>\n<p style=\"text-align: justify;\"><b>Zastosowanie:<\/b><\/p>\n<ul>\n<li style=\"text-align: justify;\">rozrzutnik obornika<\/li>\n<li style=\"text-align: justify;\">opryskiwacz<\/li>\n<li style=\"text-align: justify;\">maszyny rolnicze<\/li>\n<\/ul>\n<div style=\"text-align: justify;\"><b>Numer katalogowy:<\/b><\/div>\n<div>\n<ul>\n<li style=\"text-align: justify;\">2213020811<\/li>\n<\/ul>\n<\/div>\n<div style=\"text-align: justify;\">\n<p><span style=\"font-weight: 400;\">Tuleja \u0142\u0105cz\u0105ca z wieloklinem rozrzutnika, opryskiwacza &#8211; 6 frez\u00f3w, 170 mm (numer katalogowy <\/span><span style=\"font-weight: 400;\">CZR01616) zapewnia <\/span><span style=\"font-weight: 400;\">nie tylko mocowanie, ale tak\u017ce stabilizacj\u0119 r\u00f3\u017cnych ruchomych cz\u0119\u015bci roboczych, w tym frez\u00f3w. <\/span><b>Dzi\u0119ki swojej konstrukcji z wieloklinem tuleja rozrzutnika gwarantuje lepsze przeniesienie momentu obrotowego, przez co zwi\u0119ksza efektywno\u015b\u0107 pracy maszyny.<\/b><\/p>\n<h2><span style=\"font-weight: 400;\">Tuleja \u0142\u0105cz\u0105ca z wieloklinem rozrzutnika, opryskiwacza &#8211; 6 frez\u00f3w, 170 mm<\/span><\/h2>\n<p><span style=\"font-weight: 400;\">Tuleja 6-cio frezowa 170 mm zosta\u0142a wykonana z wytrzyma\u0142ego materia\u0142u. Posiada 6-cio frazowy rodzaj mocowania, dzi\u0119ki czemu jest ona <\/span><b>przystosowana do pracy z innymi maszynami, wa\u0142kami, kt\u00f3re r\u00f3wnie\u017c posiadaj\u0105 mocowanie WOM 6-cio frezowe. <\/b><span style=\"font-weight: 400;\">Tuleja opryskiwacza z wieloklinem ma solidn\u0105 konstrukcj\u0119, kt\u00f3ra sprawia, \u017ce jest ona odporna na ci\u0119\u017ckie warunki pracy, w tym obci\u0105\u017cenia, wibracje oraz kontakt z r\u00f3\u017cnymi materia\u0142ami. Jest to szczeg\u00f3lnie wa\u017cne w intensywnie eksploatowanych maszynach rolniczych.<\/span><\/p>\n<p><span style=\"font-weight: 400;\">Tuleja \u0142\u0105cz\u0105ca wieloklin 6 frez\u00f3w odgrywa kluczow\u0105 rol\u0119 w utrzymaniu ci\u0105g\u0142o\u015bci pracy oraz wyd\u0142u\u017caniu \u017cywotno\u015bci pojazd\u00f3w wykorzystywanych w rolnictwie. <\/span><b>Jej zastosowanie w rozrzutnikach i opryskiwaczach jest wa\u017cne zar\u00f3wno dla stabilno\u015bci, jak i bezpiecze\u0144stwa.<\/b><\/p>\n<\/div>\n","protected":false},"excerpt":{"rendered":"<p style=\"text-align: justify;\">Tuleja \u0142\u0105cz\u0105ca z wieloklinem.<\/p>\n","protected":false},"featured_media":16841,"comment_status":"open","ping_status":"closed","template":"","meta":{"_acf_changed":false,"inline_featured_image":false},"product_brand":[],"product_cat":[732,114,881,53],"product_tag":[],"class_list":{"0":"post-16856","1":"product","2":"type-product","3":"status-publish","4":"has-post-thumbnail","6":"product_cat-czesci-do-rozrzutnika","7":"product_cat-czesci-do-walow","8":"product_cat-tuleje","9":"product_cat-waly-przegubowo-teleskopowe","11":"first","12":"instock","13":"taxable","14":"shipping-taxable","15":"purchasable","16":"product-type-simple"},"acf":[],"yoast_head":"<!-- This site is optimized with the Yoast SEO plugin v27.3 - https:\/\/yoast.com\/product\/yoast-seo-wordpress\/ -->\n<title>Tuleja 6 frez\u00f3w z wieloklinem 17 cm rozrzutnika - Exparto.pl<\/title>\n<meta name=\"description\" content=\"Sprawd\u017a \ud83d\udc49 tulej\u0119 \u0142\u0105cz\u0105c\u0105 z wieloklinem rozrzutnika, opryskiwacza - 6 frez\u00f3w, 170 mm \ud83c\udfe2 ze sklepu Exparto! \u2705 Wysoka jako\u015b\u0107! \ud83d\udd36 Gwarancja zadowolenia!\" \/>\n<meta name=\"robots\" content=\"index, follow, max-snippet:-1, max-image-preview:large, max-video-preview:-1\" \/>\n<link rel=\"canonical\" href=\"https:\/\/exparto.pl\/ro\/produkt\/tuleja-z-wieloklinem-17-cm\/\" \/>\n<meta property=\"og:locale\" content=\"ro_RO\" \/>\n<meta property=\"og:type\" content=\"article\" \/>\n<meta property=\"og:title\" content=\"Tuleja 6 frez\u00f3w z wieloklinem 17 cm rozrzutnika - Exparto.pl\" \/>\n<meta property=\"og:description\" content=\"Sprawd\u017a \ud83d\udc49 tulej\u0119 \u0142\u0105cz\u0105c\u0105 z wieloklinem rozrzutnika, opryskiwacza - 6 frez\u00f3w, 170 mm \ud83c\udfe2 ze sklepu Exparto! \u2705 Wysoka jako\u015b\u0107! \ud83d\udd36 Gwarancja zadowolenia!\" \/>\n<meta property=\"og:url\" content=\"https:\/\/exparto.pl\/ro\/produkt\/tuleja-z-wieloklinem-17-cm\/\" \/>\n<meta property=\"og:site_name\" content=\"Exparto.pl\" \/>\n<meta property=\"article:publisher\" content=\"https:\/\/www.facebook.com\/exparto.agro\/\" \/>\n<meta property=\"article:modified_time\" content=\"2026-04-05T21:00:47+00:00\" \/>\n<meta property=\"og:image\" content=\"https:\/\/exparto.pl\/wp-content\/uploads\/2023\/12\/77d3ab893ed2cfdc7a2cd9787ec765b1.jpg\" \/>\n\t<meta property=\"og:image:width\" content=\"1000\" \/>\n\t<meta property=\"og:image:height\" content=\"1000\" \/>\n\t<meta property=\"og:image:type\" content=\"image\/jpeg\" \/>\n<meta name=\"twitter:card\" content=\"summary_large_image\" \/>\n<meta name=\"twitter:label1\" content=\"Timp estimat pentru citire\" \/>\n\t<meta name=\"twitter:data1\" content=\"2 minute\" \/>\n<script type=\"application\/ld+json\" class=\"yoast-schema-graph\">{\"@context\":\"https:\\\/\\\/schema.org\",\"@graph\":[{\"@type\":\"WebPage\",\"@id\":\"https:\\\/\\\/exparto.pl\\\/ro\\\/produkt\\\/tuleja-z-wieloklinem-17-cm\\\/\",\"url\":\"https:\\\/\\\/exparto.pl\\\/ro\\\/produkt\\\/tuleja-z-wieloklinem-17-cm\\\/\",\"name\":\"Tuleja 6 frez\u00f3w z wieloklinem 17 cm rozrzutnika - Exparto.pl\",\"isPartOf\":{\"@id\":\"https:\\\/\\\/exparto.pl\\\/ro\\\/#website\"},\"primaryImageOfPage\":{\"@id\":\"https:\\\/\\\/exparto.pl\\\/ro\\\/produkt\\\/tuleja-z-wieloklinem-17-cm\\\/#primaryimage\"},\"image\":{\"@id\":\"https:\\\/\\\/exparto.pl\\\/ro\\\/produkt\\\/tuleja-z-wieloklinem-17-cm\\\/#primaryimage\"},\"thumbnailUrl\":\"https:\\\/\\\/exparto.pl\\\/wp-content\\\/uploads\\\/2023\\\/12\\\/77d3ab893ed2cfdc7a2cd9787ec765b1.jpg\",\"datePublished\":\"2023-12-21T07:56:36+00:00\",\"dateModified\":\"2026-04-05T21:00:47+00:00\",\"description\":\"Sprawd\u017a \ud83d\udc49 tulej\u0119 \u0142\u0105cz\u0105c\u0105 z wieloklinem rozrzutnika, opryskiwacza - 6 frez\u00f3w, 170 mm \ud83c\udfe2 ze sklepu Exparto! \u2705 Wysoka jako\u015b\u0107! \ud83d\udd36 Gwarancja zadowolenia!\",\"breadcrumb\":{\"@id\":\"https:\\\/\\\/exparto.pl\\\/ro\\\/produkt\\\/tuleja-z-wieloklinem-17-cm\\\/#breadcrumb\"},\"inLanguage\":\"ro-RO\",\"potentialAction\":[{\"@type\":\"ReadAction\",\"target\":[\"https:\\\/\\\/exparto.pl\\\/ro\\\/produkt\\\/tuleja-z-wieloklinem-17-cm\\\/\"]}]},{\"@type\":\"ImageObject\",\"inLanguage\":\"ro-RO\",\"@id\":\"https:\\\/\\\/exparto.pl\\\/ro\\\/produkt\\\/tuleja-z-wieloklinem-17-cm\\\/#primaryimage\",\"url\":\"https:\\\/\\\/exparto.pl\\\/wp-content\\\/uploads\\\/2023\\\/12\\\/77d3ab893ed2cfdc7a2cd9787ec765b1.jpg\",\"contentUrl\":\"https:\\\/\\\/exparto.pl\\\/wp-content\\\/uploads\\\/2023\\\/12\\\/77d3ab893ed2cfdc7a2cd9787ec765b1.jpg\",\"width\":1000,\"height\":1000},{\"@type\":\"BreadcrumbList\",\"@id\":\"https:\\\/\\\/exparto.pl\\\/ro\\\/produkt\\\/tuleja-z-wieloklinem-17-cm\\\/#breadcrumb\",\"itemListElement\":[{\"@type\":\"ListItem\",\"position\":1,\"name\":\"Pagina de start\",\"item\":\"https:\\\/\\\/exparto.pl\\\/ro\\\/pagina-de-start\\\/\"},{\"@type\":\"ListItem\",\"position\":2,\"name\":\"Sklep\",\"item\":\"https:\\\/\\\/exparto.pl\\\/sklep\\\/\"},{\"@type\":\"ListItem\",\"position\":3,\"name\":\"Arbori PTO telescopici\",\"item\":\"https:\\\/\\\/exparto.pl\\\/ro\\\/categoria-de-produse\\\/arbori-pto-telescopici\\\/\"},{\"@type\":\"ListItem\",\"position\":4,\"name\":\"Piese de arbore\",\"item\":\"https:\\\/\\\/exparto.pl\\\/ro\\\/categoria-de-produse\\\/arbori-pto-telescopici\\\/piese-de-arbore\\\/\"},{\"@type\":\"ListItem\",\"position\":5,\"name\":\"Tuleja 6 frez\u00f3w z wieloklinem 17 cm rozrzutnika\"}]},{\"@type\":\"WebSite\",\"@id\":\"https:\\\/\\\/exparto.pl\\\/ro\\\/#website\",\"url\":\"https:\\\/\\\/exparto.pl\\\/ro\\\/\",\"name\":\"EXPARTO\",\"description\":\"More than agro parts\",\"publisher\":{\"@id\":\"https:\\\/\\\/exparto.pl\\\/ro\\\/#organization\"},\"potentialAction\":[{\"@type\":\"SearchAction\",\"target\":{\"@type\":\"EntryPoint\",\"urlTemplate\":\"https:\\\/\\\/exparto.pl\\\/ro\\\/?s={search_term_string}\"},\"query-input\":{\"@type\":\"PropertyValueSpecification\",\"valueRequired\":true,\"valueName\":\"search_term_string\"}}],\"inLanguage\":\"ro-RO\"},{\"@type\":\"Organization\",\"@id\":\"https:\\\/\\\/exparto.pl\\\/ro\\\/#organization\",\"name\":\"EXPARTO\",\"url\":\"https:\\\/\\\/exparto.pl\\\/ro\\\/\",\"logo\":{\"@type\":\"ImageObject\",\"inLanguage\":\"ro-RO\",\"@id\":\"https:\\\/\\\/exparto.pl\\\/ro\\\/#\\\/schema\\\/logo\\\/image\\\/\",\"url\":\"https:\\\/\\\/exparto.pl\\\/wp-content\\\/uploads\\\/2023\\\/02\\\/logo-wektor.png\",\"contentUrl\":\"https:\\\/\\\/exparto.pl\\\/wp-content\\\/uploads\\\/2023\\\/02\\\/logo-wektor.png\",\"width\":1338,\"height\":143,\"caption\":\"EXPARTO\"},\"image\":{\"@id\":\"https:\\\/\\\/exparto.pl\\\/ro\\\/#\\\/schema\\\/logo\\\/image\\\/\"},\"sameAs\":[\"https:\\\/\\\/www.facebook.com\\\/exparto.agro\\\/\"]}]}<\/script>\n<!-- \/ Yoast SEO plugin. -->","yoast_head_json":{"title":"Tuleja 6 frez\u00f3w z wieloklinem 17 cm rozrzutnika - Exparto.pl","description":"Sprawd\u017a \ud83d\udc49 tulej\u0119 \u0142\u0105cz\u0105c\u0105 z wieloklinem rozrzutnika, opryskiwacza - 6 frez\u00f3w, 170 mm \ud83c\udfe2 ze sklepu Exparto! \u2705 Wysoka jako\u015b\u0107! \ud83d\udd36 Gwarancja zadowolenia!","robots":{"index":"index","follow":"follow","max-snippet":"max-snippet:-1","max-image-preview":"max-image-preview:large","max-video-preview":"max-video-preview:-1"},"canonical":"https:\/\/exparto.pl\/ro\/produkt\/tuleja-z-wieloklinem-17-cm\/","og_locale":"ro_RO","og_type":"article","og_title":"Tuleja 6 frez\u00f3w z wieloklinem 17 cm rozrzutnika - Exparto.pl","og_description":"Sprawd\u017a \ud83d\udc49 tulej\u0119 \u0142\u0105cz\u0105c\u0105 z wieloklinem rozrzutnika, opryskiwacza - 6 frez\u00f3w, 170 mm \ud83c\udfe2 ze sklepu Exparto! \u2705 Wysoka jako\u015b\u0107! \ud83d\udd36 Gwarancja zadowolenia!","og_url":"https:\/\/exparto.pl\/ro\/produkt\/tuleja-z-wieloklinem-17-cm\/","og_site_name":"Exparto.pl","article_publisher":"https:\/\/www.facebook.com\/exparto.agro\/","article_modified_time":"2026-04-05T21:00:47+00:00","og_image":[{"width":1000,"height":1000,"url":"https:\/\/exparto.pl\/wp-content\/uploads\/2023\/12\/77d3ab893ed2cfdc7a2cd9787ec765b1.jpg","type":"image\/jpeg"}],"twitter_card":"summary_large_image","twitter_misc":{"Timp estimat pentru citire":"2 minute"},"schema":{"@context":"https:\/\/schema.org","@graph":[{"@type":"WebPage","@id":"https:\/\/exparto.pl\/ro\/produkt\/tuleja-z-wieloklinem-17-cm\/","url":"https:\/\/exparto.pl\/ro\/produkt\/tuleja-z-wieloklinem-17-cm\/","name":"Tuleja 6 frez\u00f3w z wieloklinem 17 cm rozrzutnika - Exparto.pl","isPartOf":{"@id":"https:\/\/exparto.pl\/ro\/#website"},"primaryImageOfPage":{"@id":"https:\/\/exparto.pl\/ro\/produkt\/tuleja-z-wieloklinem-17-cm\/#primaryimage"},"image":{"@id":"https:\/\/exparto.pl\/ro\/produkt\/tuleja-z-wieloklinem-17-cm\/#primaryimage"},"thumbnailUrl":"https:\/\/exparto.pl\/wp-content\/uploads\/2023\/12\/77d3ab893ed2cfdc7a2cd9787ec765b1.jpg","datePublished":"2023-12-21T07:56:36+00:00","dateModified":"2026-04-05T21:00:47+00:00","description":"Sprawd\u017a \ud83d\udc49 tulej\u0119 \u0142\u0105cz\u0105c\u0105 z wieloklinem rozrzutnika, opryskiwacza - 6 frez\u00f3w, 170 mm \ud83c\udfe2 ze sklepu Exparto! \u2705 Wysoka jako\u015b\u0107! \ud83d\udd36 Gwarancja zadowolenia!","breadcrumb":{"@id":"https:\/\/exparto.pl\/ro\/produkt\/tuleja-z-wieloklinem-17-cm\/#breadcrumb"},"inLanguage":"ro-RO","potentialAction":[{"@type":"ReadAction","target":["https:\/\/exparto.pl\/ro\/produkt\/tuleja-z-wieloklinem-17-cm\/"]}]},{"@type":"ImageObject","inLanguage":"ro-RO","@id":"https:\/\/exparto.pl\/ro\/produkt\/tuleja-z-wieloklinem-17-cm\/#primaryimage","url":"https:\/\/exparto.pl\/wp-content\/uploads\/2023\/12\/77d3ab893ed2cfdc7a2cd9787ec765b1.jpg","contentUrl":"https:\/\/exparto.pl\/wp-content\/uploads\/2023\/12\/77d3ab893ed2cfdc7a2cd9787ec765b1.jpg","width":1000,"height":1000},{"@type":"BreadcrumbList","@id":"https:\/\/exparto.pl\/ro\/produkt\/tuleja-z-wieloklinem-17-cm\/#breadcrumb","itemListElement":[{"@type":"ListItem","position":1,"name":"Pagina de start","item":"https:\/\/exparto.pl\/ro\/pagina-de-start\/"},{"@type":"ListItem","position":2,"name":"Sklep","item":"https:\/\/exparto.pl\/sklep\/"},{"@type":"ListItem","position":3,"name":"Arbori PTO telescopici","item":"https:\/\/exparto.pl\/ro\/categoria-de-produse\/arbori-pto-telescopici\/"},{"@type":"ListItem","position":4,"name":"Piese de arbore","item":"https:\/\/exparto.pl\/ro\/categoria-de-produse\/arbori-pto-telescopici\/piese-de-arbore\/"},{"@type":"ListItem","position":5,"name":"Tuleja 6 frez\u00f3w z wieloklinem 17 cm rozrzutnika"}]},{"@type":"WebSite","@id":"https:\/\/exparto.pl\/ro\/#website","url":"https:\/\/exparto.pl\/ro\/","name":"EXPARTO","description":"More than agro parts","publisher":{"@id":"https:\/\/exparto.pl\/ro\/#organization"},"potentialAction":[{"@type":"SearchAction","target":{"@type":"EntryPoint","urlTemplate":"https:\/\/exparto.pl\/ro\/?s={search_term_string}"},"query-input":{"@type":"PropertyValueSpecification","valueRequired":true,"valueName":"search_term_string"}}],"inLanguage":"ro-RO"},{"@type":"Organization","@id":"https:\/\/exparto.pl\/ro\/#organization","name":"EXPARTO","url":"https:\/\/exparto.pl\/ro\/","logo":{"@type":"ImageObject","inLanguage":"ro-RO","@id":"https:\/\/exparto.pl\/ro\/#\/schema\/logo\/image\/","url":"https:\/\/exparto.pl\/wp-content\/uploads\/2023\/02\/logo-wektor.png","contentUrl":"https:\/\/exparto.pl\/wp-content\/uploads\/2023\/02\/logo-wektor.png","width":1338,"height":143,"caption":"EXPARTO"},"image":{"@id":"https:\/\/exparto.pl\/ro\/#\/schema\/logo\/image\/"},"sameAs":["https:\/\/www.facebook.com\/exparto.agro\/"]}]}},"_links":{"self":[{"href":"https:\/\/exparto.pl\/ro\/wp-json\/wp\/v2\/product\/16856","targetHints":{"allow":["GET"]}}],"collection":[{"href":"https:\/\/exparto.pl\/ro\/wp-json\/wp\/v2\/product"}],"about":[{"href":"https:\/\/exparto.pl\/ro\/wp-json\/wp\/v2\/types\/product"}],"replies":[{"embeddable":true,"href":"https:\/\/exparto.pl\/ro\/wp-json\/wp\/v2\/comments?post=16856"}],"wp:featuredmedia":[{"embeddable":true,"href":"https:\/\/exparto.pl\/ro\/wp-json\/wp\/v2\/media\/16841"}],"wp:attachment":[{"href":"https:\/\/exparto.pl\/ro\/wp-json\/wp\/v2\/media?parent=16856"}],"wp:term":[{"taxonomy":"product_brand","embeddable":true,"href":"https:\/\/exparto.pl\/ro\/wp-json\/wp\/v2\/product_brand?post=16856"},{"taxonomy":"product_cat","embeddable":true,"href":"https:\/\/exparto.pl\/ro\/wp-json\/wp\/v2\/product_cat?post=16856"},{"taxonomy":"product_tag","embeddable":true,"href":"https:\/\/exparto.pl\/ro\/wp-json\/wp\/v2\/product_tag?post=16856"}],"curies":[{"name":"wp","href":"https:\/\/api.w.org\/{rel}","templated":true}]}}