{"id":17073,"date":"2023-12-21T12:19:42","date_gmt":"2023-12-21T11:19:42","guid":{"rendered":"https:\/\/exparto.pl\/produkt\/kolo-lancuchowe-z-14-1-cal-fi-30mm\/"},"modified":"2026-01-21T12:30:40","modified_gmt":"2026-01-21T11:30:40","slug":"kolo-lancuchowe-z-14-1-cal-fi-30mm","status":"publish","type":"product","link":"https:\/\/exparto.pl\/ro\/produkt\/kolo-lancuchowe-z-14-1-cal-fi-30mm\/","title":{"rendered":"Ko\u0142o \u0142a\u0144cuchowe rozrzutnika Z-14 1 cal fi-30mm"},"content":{"rendered":"<p style=\"text-align: justify;\">Ko\u0142o z\u0119bate \u0142a\u0144cuchowe rozrzutnika Z-14 1 cal fi-30mm,<\/p>\n<p style=\"text-align: justify;\"><b>Zastosowanie:<\/b><\/p>\n<ul>\n<li style=\"text-align: justify;\"><span style=\"color: var(--gray-800);\">rozrzutnik obornika<\/span><\/li>\n<li style=\"text-align: justify;\"><span style=\"color: var(--gray-800);\">maszyny rolnicze<\/span><\/li>\n<\/ul>\n<div style=\"text-align: justify;\"><b>Numer katalogowy:<\/b><\/div>\n<div>\n<ul>\n<li style=\"text-align: justify;\">221925003<\/li>\n<\/ul>\n<p><span style=\"font-weight: 400;\">Ko\u0142o \u0142a\u0144cuchowe rozrzutnika obornika jest jednym z element\u00f3w maszyn rolniczych. Jego podstawow\u0105 rol\u0105 jest przenoszenie mocy i ruchu obrotowego z silnika do r\u00f3\u017cnych mechanizm\u00f3w roboczych maszyny. <\/span><b>Ko\u0142o \u0142a\u0144cuchowe rozrzutnika ma precyzyjnie wykonane z\u0119by, dzi\u0119ki czemu zapewnia p\u0142ynne i efektywne przenoszenie nap\u0119du, a tym samym sprawne dzia\u0142anie.<\/b><\/p>\n<h2><span style=\"font-weight: 400;\">Ko\u0142o z\u0119bate \u0142a\u0144cuchowe rozrzutnika \u2013 1 cal, fi 30 mm, Z-14<\/span><\/h2>\n<p><span style=\"font-weight: 400;\">Ko\u0142o \u0142a\u0144cuchowe rozrzutnika 14 z\u0119b\u00f3w (numer katalogowy CZR01691) ma solidn\u0105 konstrukcj\u0119 oraz odpowiedni\u0105 \u015brednic\u0119 otworu (fi 30 mm) i wpust, dzi\u0119ki czemu <\/span><b>zapewnia stabilne i trwa\u0142e po\u0142\u0105czenie z innymi elementami systemu nap\u0119dowego<\/b><span style=\"font-weight: 400;\">. To z kolei przek\u0142ada si\u0119 na mniejsze zu\u017cycie poszczeg\u00f3lnych cz\u0119\u015bci i mniejsze ryzyko awarii, co jest istotne w warunkach intensywnej eksploatacji maszyn rolniczych.<\/span><\/p>\n<p><span style=\"font-weight: 400;\">Ko\u0142o z\u0119bate \u0142a\u0144cuchowe rozrzutnika \u2013 1 cal, fi 30 mm, Z-14 pozwala na\u00a0<\/span><span style=\"font-weight: 400;\">r\u00f3wnomierne i precyzyjne rozprowadzanie nawozu. <\/span><b>Dzi\u0119ki temu ko\u0142o z\u0119bate \u0142a\u0144cuchowe przyczynia si\u0119 optymalizacji procesu nawo\u017cenia i utrzymania jako\u015bci gleby.<\/b><span style=\"font-weight: 400;\"> Ko\u0142o \u0142a\u0144cuchowe 1 cal mo\u017ce by\u0107 te\u017c stosowane w innych maszynach rolniczych.<\/span><\/p>\n<\/div>\n","protected":false},"excerpt":{"rendered":"<p style=\"text-align: justify;\">Ko\u0142o \u0142a\u0144cuchowe do rozrzutnika<\/p>\n","protected":false},"featured_media":17058,"comment_status":"open","ping_status":"closed","template":"","meta":{"_acf_changed":false,"inline_featured_image":false},"product_brand":[],"product_cat":[732,735],"product_tag":[],"class_list":{"0":"post-17073","1":"product","2":"type-product","3":"status-publish","4":"has-post-thumbnail","6":"product_cat-czesci-do-rozrzutnika","7":"product_cat-kola-lancuchowe","9":"first","10":"instock","11":"taxable","12":"shipping-taxable","13":"purchasable","14":"product-type-simple"},"acf":[],"yoast_head":"<!-- This site is optimized with the Yoast SEO plugin v27.3 - https:\/\/yoast.com\/product\/yoast-seo-wordpress\/ -->\n<title>Ko\u0142o \u0142a\u0144cuchowe rozrzutnika Z-14 1 cal fi-30mm - Exparto.pl<\/title>\n<meta name=\"description\" content=\"Sprawd\u017a \ud83d\udc49 ko\u0142o z\u0119bate \u0142a\u0144cuchowe rozrzutnika - 1 cal, fi 30 mm, Z-14 \ud83c\udfe2 ze sklepu Exparto! \u2705 Wysoka jako\u015b\u0107! \ud83d\udd36 Gwarancja zadowolenia!\" \/>\n<meta name=\"robots\" content=\"index, follow, max-snippet:-1, max-image-preview:large, max-video-preview:-1\" \/>\n<link rel=\"canonical\" href=\"https:\/\/exparto.pl\/ro\/produkt\/kolo-lancuchowe-z-14-1-cal-fi-30mm\/\" \/>\n<meta property=\"og:locale\" content=\"ro_RO\" \/>\n<meta property=\"og:type\" content=\"article\" \/>\n<meta property=\"og:title\" content=\"Ko\u0142o \u0142a\u0144cuchowe rozrzutnika Z-14 1 cal fi-30mm - Exparto.pl\" \/>\n<meta property=\"og:description\" content=\"Sprawd\u017a \ud83d\udc49 ko\u0142o z\u0119bate \u0142a\u0144cuchowe rozrzutnika - 1 cal, fi 30 mm, Z-14 \ud83c\udfe2 ze sklepu Exparto! \u2705 Wysoka jako\u015b\u0107! \ud83d\udd36 Gwarancja zadowolenia!\" \/>\n<meta property=\"og:url\" content=\"https:\/\/exparto.pl\/ro\/produkt\/kolo-lancuchowe-z-14-1-cal-fi-30mm\/\" \/>\n<meta property=\"og:site_name\" content=\"Exparto.pl\" \/>\n<meta property=\"article:publisher\" content=\"https:\/\/www.facebook.com\/exparto.agro\/\" \/>\n<meta property=\"article:modified_time\" content=\"2026-01-21T11:30:40+00:00\" \/>\n<meta property=\"og:image\" content=\"https:\/\/exparto.pl\/wp-content\/uploads\/2023\/12\/f75a42111a816123c2434e92f9d32814.jpg\" \/>\n\t<meta property=\"og:image:width\" content=\"1000\" \/>\n\t<meta property=\"og:image:height\" content=\"1000\" \/>\n\t<meta property=\"og:image:type\" content=\"image\/jpeg\" \/>\n<meta name=\"twitter:card\" content=\"summary_large_image\" \/>\n<meta name=\"twitter:label1\" content=\"Timp estimat pentru citire\" \/>\n\t<meta name=\"twitter:data1\" content=\"2 minute\" \/>\n<script type=\"application\/ld+json\" class=\"yoast-schema-graph\">{\"@context\":\"https:\\\/\\\/schema.org\",\"@graph\":[{\"@type\":\"WebPage\",\"@id\":\"https:\\\/\\\/exparto.pl\\\/ro\\\/produkt\\\/kolo-lancuchowe-z-14-1-cal-fi-30mm\\\/\",\"url\":\"https:\\\/\\\/exparto.pl\\\/ro\\\/produkt\\\/kolo-lancuchowe-z-14-1-cal-fi-30mm\\\/\",\"name\":\"Ko\u0142o \u0142a\u0144cuchowe rozrzutnika Z-14 1 cal fi-30mm - Exparto.pl\",\"isPartOf\":{\"@id\":\"https:\\\/\\\/exparto.pl\\\/ro\\\/#website\"},\"primaryImageOfPage\":{\"@id\":\"https:\\\/\\\/exparto.pl\\\/ro\\\/produkt\\\/kolo-lancuchowe-z-14-1-cal-fi-30mm\\\/#primaryimage\"},\"image\":{\"@id\":\"https:\\\/\\\/exparto.pl\\\/ro\\\/produkt\\\/kolo-lancuchowe-z-14-1-cal-fi-30mm\\\/#primaryimage\"},\"thumbnailUrl\":\"https:\\\/\\\/exparto.pl\\\/wp-content\\\/uploads\\\/2023\\\/12\\\/f75a42111a816123c2434e92f9d32814.jpg\",\"datePublished\":\"2023-12-21T11:19:42+00:00\",\"dateModified\":\"2026-01-21T11:30:40+00:00\",\"description\":\"Sprawd\u017a \ud83d\udc49 ko\u0142o z\u0119bate \u0142a\u0144cuchowe rozrzutnika - 1 cal, fi 30 mm, Z-14 \ud83c\udfe2 ze sklepu Exparto! \u2705 Wysoka jako\u015b\u0107! \ud83d\udd36 Gwarancja zadowolenia!\",\"breadcrumb\":{\"@id\":\"https:\\\/\\\/exparto.pl\\\/ro\\\/produkt\\\/kolo-lancuchowe-z-14-1-cal-fi-30mm\\\/#breadcrumb\"},\"inLanguage\":\"ro-RO\",\"potentialAction\":[{\"@type\":\"ReadAction\",\"target\":[\"https:\\\/\\\/exparto.pl\\\/ro\\\/produkt\\\/kolo-lancuchowe-z-14-1-cal-fi-30mm\\\/\"]}]},{\"@type\":\"ImageObject\",\"inLanguage\":\"ro-RO\",\"@id\":\"https:\\\/\\\/exparto.pl\\\/ro\\\/produkt\\\/kolo-lancuchowe-z-14-1-cal-fi-30mm\\\/#primaryimage\",\"url\":\"https:\\\/\\\/exparto.pl\\\/wp-content\\\/uploads\\\/2023\\\/12\\\/f75a42111a816123c2434e92f9d32814.jpg\",\"contentUrl\":\"https:\\\/\\\/exparto.pl\\\/wp-content\\\/uploads\\\/2023\\\/12\\\/f75a42111a816123c2434e92f9d32814.jpg\",\"width\":1000,\"height\":1000},{\"@type\":\"BreadcrumbList\",\"@id\":\"https:\\\/\\\/exparto.pl\\\/ro\\\/produkt\\\/kolo-lancuchowe-z-14-1-cal-fi-30mm\\\/#breadcrumb\",\"itemListElement\":[{\"@type\":\"ListItem\",\"position\":1,\"name\":\"Pagina de start\",\"item\":\"https:\\\/\\\/exparto.pl\\\/ro\\\/pagina-de-start\\\/\"},{\"@type\":\"ListItem\",\"position\":2,\"name\":\"Sklep\",\"item\":\"https:\\\/\\\/exparto.pl\\\/sklep\\\/\"},{\"@type\":\"ListItem\",\"position\":3,\"name\":\"Cz\u0119\u015bci do rozrzutnika\",\"item\":\"https:\\\/\\\/exparto.pl\\\/kategoria-produktu\\\/czesci-do-rozrzutnika\\\/\"},{\"@type\":\"ListItem\",\"position\":4,\"name\":\"Ko\u0142a \u0142a\u0144cuchowe\",\"item\":\"https:\\\/\\\/exparto.pl\\\/kategoria-produktu\\\/czesci-do-rozrzutnika\\\/kola-lancuchowe\\\/\"},{\"@type\":\"ListItem\",\"position\":5,\"name\":\"Ko\u0142o \u0142a\u0144cuchowe rozrzutnika Z-14 1 cal fi-30mm\"}]},{\"@type\":\"WebSite\",\"@id\":\"https:\\\/\\\/exparto.pl\\\/ro\\\/#website\",\"url\":\"https:\\\/\\\/exparto.pl\\\/ro\\\/\",\"name\":\"EXPARTO\",\"description\":\"More than agro parts\",\"publisher\":{\"@id\":\"https:\\\/\\\/exparto.pl\\\/ro\\\/#organization\"},\"potentialAction\":[{\"@type\":\"SearchAction\",\"target\":{\"@type\":\"EntryPoint\",\"urlTemplate\":\"https:\\\/\\\/exparto.pl\\\/ro\\\/?s={search_term_string}\"},\"query-input\":{\"@type\":\"PropertyValueSpecification\",\"valueRequired\":true,\"valueName\":\"search_term_string\"}}],\"inLanguage\":\"ro-RO\"},{\"@type\":\"Organization\",\"@id\":\"https:\\\/\\\/exparto.pl\\\/ro\\\/#organization\",\"name\":\"EXPARTO\",\"url\":\"https:\\\/\\\/exparto.pl\\\/ro\\\/\",\"logo\":{\"@type\":\"ImageObject\",\"inLanguage\":\"ro-RO\",\"@id\":\"https:\\\/\\\/exparto.pl\\\/ro\\\/#\\\/schema\\\/logo\\\/image\\\/\",\"url\":\"https:\\\/\\\/exparto.pl\\\/wp-content\\\/uploads\\\/2023\\\/02\\\/logo-wektor.png\",\"contentUrl\":\"https:\\\/\\\/exparto.pl\\\/wp-content\\\/uploads\\\/2023\\\/02\\\/logo-wektor.png\",\"width\":1338,\"height\":143,\"caption\":\"EXPARTO\"},\"image\":{\"@id\":\"https:\\\/\\\/exparto.pl\\\/ro\\\/#\\\/schema\\\/logo\\\/image\\\/\"},\"sameAs\":[\"https:\\\/\\\/www.facebook.com\\\/exparto.agro\\\/\"]}]}<\/script>\n<!-- \/ Yoast SEO plugin. -->","yoast_head_json":{"title":"Ko\u0142o \u0142a\u0144cuchowe rozrzutnika Z-14 1 cal fi-30mm - Exparto.pl","description":"Sprawd\u017a \ud83d\udc49 ko\u0142o z\u0119bate \u0142a\u0144cuchowe rozrzutnika - 1 cal, fi 30 mm, Z-14 \ud83c\udfe2 ze sklepu Exparto! \u2705 Wysoka jako\u015b\u0107! \ud83d\udd36 Gwarancja zadowolenia!","robots":{"index":"index","follow":"follow","max-snippet":"max-snippet:-1","max-image-preview":"max-image-preview:large","max-video-preview":"max-video-preview:-1"},"canonical":"https:\/\/exparto.pl\/ro\/produkt\/kolo-lancuchowe-z-14-1-cal-fi-30mm\/","og_locale":"ro_RO","og_type":"article","og_title":"Ko\u0142o \u0142a\u0144cuchowe rozrzutnika Z-14 1 cal fi-30mm - Exparto.pl","og_description":"Sprawd\u017a \ud83d\udc49 ko\u0142o z\u0119bate \u0142a\u0144cuchowe rozrzutnika - 1 cal, fi 30 mm, Z-14 \ud83c\udfe2 ze sklepu Exparto! \u2705 Wysoka jako\u015b\u0107! \ud83d\udd36 Gwarancja zadowolenia!","og_url":"https:\/\/exparto.pl\/ro\/produkt\/kolo-lancuchowe-z-14-1-cal-fi-30mm\/","og_site_name":"Exparto.pl","article_publisher":"https:\/\/www.facebook.com\/exparto.agro\/","article_modified_time":"2026-01-21T11:30:40+00:00","og_image":[{"width":1000,"height":1000,"url":"https:\/\/exparto.pl\/wp-content\/uploads\/2023\/12\/f75a42111a816123c2434e92f9d32814.jpg","type":"image\/jpeg"}],"twitter_card":"summary_large_image","twitter_misc":{"Timp estimat pentru citire":"2 minute"},"schema":{"@context":"https:\/\/schema.org","@graph":[{"@type":"WebPage","@id":"https:\/\/exparto.pl\/ro\/produkt\/kolo-lancuchowe-z-14-1-cal-fi-30mm\/","url":"https:\/\/exparto.pl\/ro\/produkt\/kolo-lancuchowe-z-14-1-cal-fi-30mm\/","name":"Ko\u0142o \u0142a\u0144cuchowe rozrzutnika Z-14 1 cal fi-30mm - Exparto.pl","isPartOf":{"@id":"https:\/\/exparto.pl\/ro\/#website"},"primaryImageOfPage":{"@id":"https:\/\/exparto.pl\/ro\/produkt\/kolo-lancuchowe-z-14-1-cal-fi-30mm\/#primaryimage"},"image":{"@id":"https:\/\/exparto.pl\/ro\/produkt\/kolo-lancuchowe-z-14-1-cal-fi-30mm\/#primaryimage"},"thumbnailUrl":"https:\/\/exparto.pl\/wp-content\/uploads\/2023\/12\/f75a42111a816123c2434e92f9d32814.jpg","datePublished":"2023-12-21T11:19:42+00:00","dateModified":"2026-01-21T11:30:40+00:00","description":"Sprawd\u017a \ud83d\udc49 ko\u0142o z\u0119bate \u0142a\u0144cuchowe rozrzutnika - 1 cal, fi 30 mm, Z-14 \ud83c\udfe2 ze sklepu Exparto! \u2705 Wysoka jako\u015b\u0107! \ud83d\udd36 Gwarancja zadowolenia!","breadcrumb":{"@id":"https:\/\/exparto.pl\/ro\/produkt\/kolo-lancuchowe-z-14-1-cal-fi-30mm\/#breadcrumb"},"inLanguage":"ro-RO","potentialAction":[{"@type":"ReadAction","target":["https:\/\/exparto.pl\/ro\/produkt\/kolo-lancuchowe-z-14-1-cal-fi-30mm\/"]}]},{"@type":"ImageObject","inLanguage":"ro-RO","@id":"https:\/\/exparto.pl\/ro\/produkt\/kolo-lancuchowe-z-14-1-cal-fi-30mm\/#primaryimage","url":"https:\/\/exparto.pl\/wp-content\/uploads\/2023\/12\/f75a42111a816123c2434e92f9d32814.jpg","contentUrl":"https:\/\/exparto.pl\/wp-content\/uploads\/2023\/12\/f75a42111a816123c2434e92f9d32814.jpg","width":1000,"height":1000},{"@type":"BreadcrumbList","@id":"https:\/\/exparto.pl\/ro\/produkt\/kolo-lancuchowe-z-14-1-cal-fi-30mm\/#breadcrumb","itemListElement":[{"@type":"ListItem","position":1,"name":"Pagina de start","item":"https:\/\/exparto.pl\/ro\/pagina-de-start\/"},{"@type":"ListItem","position":2,"name":"Sklep","item":"https:\/\/exparto.pl\/sklep\/"},{"@type":"ListItem","position":3,"name":"Cz\u0119\u015bci do rozrzutnika","item":"https:\/\/exparto.pl\/kategoria-produktu\/czesci-do-rozrzutnika\/"},{"@type":"ListItem","position":4,"name":"Ko\u0142a \u0142a\u0144cuchowe","item":"https:\/\/exparto.pl\/kategoria-produktu\/czesci-do-rozrzutnika\/kola-lancuchowe\/"},{"@type":"ListItem","position":5,"name":"Ko\u0142o \u0142a\u0144cuchowe rozrzutnika Z-14 1 cal fi-30mm"}]},{"@type":"WebSite","@id":"https:\/\/exparto.pl\/ro\/#website","url":"https:\/\/exparto.pl\/ro\/","name":"EXPARTO","description":"More than agro parts","publisher":{"@id":"https:\/\/exparto.pl\/ro\/#organization"},"potentialAction":[{"@type":"SearchAction","target":{"@type":"EntryPoint","urlTemplate":"https:\/\/exparto.pl\/ro\/?s={search_term_string}"},"query-input":{"@type":"PropertyValueSpecification","valueRequired":true,"valueName":"search_term_string"}}],"inLanguage":"ro-RO"},{"@type":"Organization","@id":"https:\/\/exparto.pl\/ro\/#organization","name":"EXPARTO","url":"https:\/\/exparto.pl\/ro\/","logo":{"@type":"ImageObject","inLanguage":"ro-RO","@id":"https:\/\/exparto.pl\/ro\/#\/schema\/logo\/image\/","url":"https:\/\/exparto.pl\/wp-content\/uploads\/2023\/02\/logo-wektor.png","contentUrl":"https:\/\/exparto.pl\/wp-content\/uploads\/2023\/02\/logo-wektor.png","width":1338,"height":143,"caption":"EXPARTO"},"image":{"@id":"https:\/\/exparto.pl\/ro\/#\/schema\/logo\/image\/"},"sameAs":["https:\/\/www.facebook.com\/exparto.agro\/"]}]}},"_links":{"self":[{"href":"https:\/\/exparto.pl\/ro\/wp-json\/wp\/v2\/product\/17073","targetHints":{"allow":["GET"]}}],"collection":[{"href":"https:\/\/exparto.pl\/ro\/wp-json\/wp\/v2\/product"}],"about":[{"href":"https:\/\/exparto.pl\/ro\/wp-json\/wp\/v2\/types\/product"}],"replies":[{"embeddable":true,"href":"https:\/\/exparto.pl\/ro\/wp-json\/wp\/v2\/comments?post=17073"}],"wp:featuredmedia":[{"embeddable":true,"href":"https:\/\/exparto.pl\/ro\/wp-json\/wp\/v2\/media\/17058"}],"wp:attachment":[{"href":"https:\/\/exparto.pl\/ro\/wp-json\/wp\/v2\/media?parent=17073"}],"wp:term":[{"taxonomy":"product_brand","embeddable":true,"href":"https:\/\/exparto.pl\/ro\/wp-json\/wp\/v2\/product_brand?post=17073"},{"taxonomy":"product_cat","embeddable":true,"href":"https:\/\/exparto.pl\/ro\/wp-json\/wp\/v2\/product_cat?post=17073"},{"taxonomy":"product_tag","embeddable":true,"href":"https:\/\/exparto.pl\/ro\/wp-json\/wp\/v2\/product_tag?post=17073"}],"curies":[{"name":"wp","href":"https:\/\/api.w.org\/{rel}","templated":true}]}}