{"id":17148,"date":"2023-12-21T15:09:25","date_gmt":"2023-12-21T14:09:25","guid":{"rendered":"https:\/\/exparto.pl\/produkt\/kolo-gniazdowe-do-rozrzutnika-wysoki-zab-fi-40-mm-wpust-10-mm\/"},"modified":"2026-03-09T18:00:16","modified_gmt":"2026-03-09T17:00:16","slug":"kolo-gniazdowe-do-rozrzutnika-wysoki-zab-fi-40-mm-wpust-10-mm","status":"publish","type":"product","link":"https:\/\/exparto.pl\/ro\/produkt\/kolo-gniazdowe-do-rozrzutnika-wysoki-zab-fi-40-mm-wpust-10-mm\/","title":{"rendered":"Ko\u0142o gniazdowe do rozrzutnika wysoki z\u0105b FI 40 mm, wpust 10 mm"},"content":{"rendered":"<p style=\"text-align: justify\">Ko\u0142o gniazdowe do rozrzutnika FI 40 mm.<\/p>\n<p style=\"text-align: justify\"><b>Zastosowanie:<\/b><\/p>\n<ul>\n<li style=\"text-align: justify\"><span style=\"color: var(--gray-800)\">rozrzutnik obornika<\/span><\/li>\n<\/ul>\n<div style=\"text-align: justify\"><b>Numer katalogowy:<\/b><\/div>\n<div>\n<ul>\n<li style=\"text-align: justify\">220807003<\/li>\n<\/ul>\n<p><span style=\"font-weight: 400\">Prezentowane ko\u0142o gniazdowe do rozrzutnika \u2013 wysoki z\u0105b \u2013 \u015brednica 40 mm, wpust 10 mm\u00a0 (numer katalogowy CZR01604) stanowi cz\u0119\u015b\u0107 mechanizmu nap\u0119dowego w maszynach rolniczych. <\/span><b>Jego g\u0142\u00f3wnym zadaniem jest przenoszenie mocy i ruchu obrotowego z silnika, bezpo\u015brednio do r\u00f3\u017cnych mechanizm\u00f3w roboczych rozrzutnika.<\/b><\/p>\n<h2><span style=\"font-weight: 400\">Ko\u0142o gniazdowe do rozrzutnika \u2013 wysoki z\u0105b \u2013 \u015brednica 40 mm, wpust 10 mm<\/span><\/h2>\n<p><span style=\"font-weight: 400\">Ko\u0142o gniazdowe do rozrzutnika obornika ma konstrukcj\u0119, kt\u00f3ra zapewnia odpowiednie po\u0142\u0105czenie z innymi komponentami systemu nap\u0119dowego, takimi jak wa\u0142y, przek\u0142adnie czy \u0142a\u0144cuchy. <\/span><b>Prezentowany element ma \u015brednic\u0119 otworu wynosz\u0105c\u0105 fi 40 mm oraz wpust 10 mm. <\/b><span style=\"font-weight: 400\">Wydajno\u015b\u0107 i niezawodno\u015b\u0107 ko\u0142a gniazdowego rozrzutnika s\u0105 kluczowe dla zapewnienia r\u00f3wnomiernego rozprowadzenia obornika, co jest istotne dla efektywnego nawo\u017cenia i utrzymania dobrej jako\u015bci gleby.<\/span><\/p>\n<p><span style=\"font-weight: 400\">Ko\u0142o gniazdowe do rozrzutnika ma wysoki z\u0105b. <\/span><b>Taka budowa zapewnia lepsze przenoszenie momentu obrotowego.<\/b><span style=\"font-weight: 400\"> Poza tym gwarantuje wi\u0119ksz\u0105 wytrzyma\u0142o\u015b\u0107 na obci\u0105\u017cenia. Solidna konstrukcja i wykonanie z wysokiej jako\u015bci materia\u0142\u00f3w sprawiaj\u0105, \u017ce element pracuje wydajnie nawet w trudnych warunkach rolniczych.<\/span><\/p>\n<\/div>\n","protected":false},"excerpt":{"rendered":"<p style=\"text-align: justify\">Ko\u0142o gniazdowe do rozrzutnika<\/p>\n","protected":false},"featured_media":17128,"comment_status":"open","ping_status":"closed","template":"","meta":{"_acf_changed":false,"inline_featured_image":false},"product_brand":[],"product_cat":[732,969],"product_tag":[],"class_list":{"0":"post-17148","1":"product","2":"type-product","3":"status-publish","4":"has-post-thumbnail","6":"product_cat-czesci-do-rozrzutnika","7":"product_cat-kola-gniazdowe","9":"first","10":"instock","11":"taxable","12":"shipping-taxable","13":"purchasable","14":"product-type-simple"},"acf":[],"yoast_head":"<!-- This site is optimized with the Yoast SEO plugin v27.3 - https:\/\/yoast.com\/product\/yoast-seo-wordpress\/ -->\n<title>Ko\u0142o gniazdowe do rozrzutnika wysoki z\u0105b FI 40 mm, wpust 10 mm - Exparto.pl<\/title>\n<meta name=\"description\" content=\"Sprawd\u017a \ud83d\udc49 ko\u0142o gniazdowe do rozrzutnika - wysoki z\u0105b - \u015brednica 40 mm, wpust 10 mm \ud83c\udfe2 ze sklepu Exparto! \u2705 Wysoka jako\u015b\u0107! \ud83d\udd36 Gwarancja zadowolenia!\" \/>\n<meta name=\"robots\" content=\"index, follow, max-snippet:-1, max-image-preview:large, max-video-preview:-1\" \/>\n<link rel=\"canonical\" href=\"https:\/\/exparto.pl\/ro\/produkt\/kolo-gniazdowe-do-rozrzutnika-wysoki-zab-fi-40-mm-wpust-10-mm\/\" \/>\n<meta property=\"og:locale\" content=\"ro_RO\" \/>\n<meta property=\"og:type\" content=\"article\" \/>\n<meta property=\"og:title\" content=\"Ko\u0142o gniazdowe do rozrzutnika wysoki z\u0105b FI 40 mm, wpust 10 mm - Exparto.pl\" \/>\n<meta property=\"og:description\" content=\"Sprawd\u017a \ud83d\udc49 ko\u0142o gniazdowe do rozrzutnika - wysoki z\u0105b - \u015brednica 40 mm, wpust 10 mm \ud83c\udfe2 ze sklepu Exparto! \u2705 Wysoka jako\u015b\u0107! \ud83d\udd36 Gwarancja zadowolenia!\" \/>\n<meta property=\"og:url\" content=\"https:\/\/exparto.pl\/ro\/produkt\/kolo-gniazdowe-do-rozrzutnika-wysoki-zab-fi-40-mm-wpust-10-mm\/\" \/>\n<meta property=\"og:site_name\" content=\"Exparto.pl\" \/>\n<meta property=\"article:publisher\" content=\"https:\/\/www.facebook.com\/exparto.agro\/\" \/>\n<meta property=\"article:modified_time\" content=\"2026-03-09T17:00:16+00:00\" \/>\n<meta property=\"og:image\" content=\"https:\/\/exparto.pl\/wp-content\/uploads\/2023\/12\/7f55dfa1089a99d8013639aa0dc3d1f2.jpg\" \/>\n\t<meta property=\"og:image:width\" content=\"1000\" \/>\n\t<meta property=\"og:image:height\" content=\"1000\" \/>\n\t<meta property=\"og:image:type\" content=\"image\/jpeg\" \/>\n<meta name=\"twitter:card\" content=\"summary_large_image\" \/>\n<meta name=\"twitter:label1\" content=\"Timp estimat pentru citire\" \/>\n\t<meta name=\"twitter:data1\" content=\"2 minute\" \/>\n<script type=\"application\/ld+json\" class=\"yoast-schema-graph\">{\"@context\":\"https:\\\/\\\/schema.org\",\"@graph\":[{\"@type\":\"WebPage\",\"@id\":\"https:\\\/\\\/exparto.pl\\\/ro\\\/produkt\\\/kolo-gniazdowe-do-rozrzutnika-wysoki-zab-fi-40-mm-wpust-10-mm\\\/\",\"url\":\"https:\\\/\\\/exparto.pl\\\/ro\\\/produkt\\\/kolo-gniazdowe-do-rozrzutnika-wysoki-zab-fi-40-mm-wpust-10-mm\\\/\",\"name\":\"Ko\u0142o gniazdowe do rozrzutnika wysoki z\u0105b FI 40 mm, wpust 10 mm - Exparto.pl\",\"isPartOf\":{\"@id\":\"https:\\\/\\\/exparto.pl\\\/ro\\\/#website\"},\"primaryImageOfPage\":{\"@id\":\"https:\\\/\\\/exparto.pl\\\/ro\\\/produkt\\\/kolo-gniazdowe-do-rozrzutnika-wysoki-zab-fi-40-mm-wpust-10-mm\\\/#primaryimage\"},\"image\":{\"@id\":\"https:\\\/\\\/exparto.pl\\\/ro\\\/produkt\\\/kolo-gniazdowe-do-rozrzutnika-wysoki-zab-fi-40-mm-wpust-10-mm\\\/#primaryimage\"},\"thumbnailUrl\":\"https:\\\/\\\/exparto.pl\\\/wp-content\\\/uploads\\\/2023\\\/12\\\/7f55dfa1089a99d8013639aa0dc3d1f2.jpg\",\"datePublished\":\"2023-12-21T14:09:25+00:00\",\"dateModified\":\"2026-03-09T17:00:16+00:00\",\"description\":\"Sprawd\u017a \ud83d\udc49 ko\u0142o gniazdowe do rozrzutnika - wysoki z\u0105b - \u015brednica 40 mm, wpust 10 mm \ud83c\udfe2 ze sklepu Exparto! \u2705 Wysoka jako\u015b\u0107! \ud83d\udd36 Gwarancja zadowolenia!\",\"breadcrumb\":{\"@id\":\"https:\\\/\\\/exparto.pl\\\/ro\\\/produkt\\\/kolo-gniazdowe-do-rozrzutnika-wysoki-zab-fi-40-mm-wpust-10-mm\\\/#breadcrumb\"},\"inLanguage\":\"ro-RO\",\"potentialAction\":[{\"@type\":\"ReadAction\",\"target\":[\"https:\\\/\\\/exparto.pl\\\/ro\\\/produkt\\\/kolo-gniazdowe-do-rozrzutnika-wysoki-zab-fi-40-mm-wpust-10-mm\\\/\"]}]},{\"@type\":\"ImageObject\",\"inLanguage\":\"ro-RO\",\"@id\":\"https:\\\/\\\/exparto.pl\\\/ro\\\/produkt\\\/kolo-gniazdowe-do-rozrzutnika-wysoki-zab-fi-40-mm-wpust-10-mm\\\/#primaryimage\",\"url\":\"https:\\\/\\\/exparto.pl\\\/wp-content\\\/uploads\\\/2023\\\/12\\\/7f55dfa1089a99d8013639aa0dc3d1f2.jpg\",\"contentUrl\":\"https:\\\/\\\/exparto.pl\\\/wp-content\\\/uploads\\\/2023\\\/12\\\/7f55dfa1089a99d8013639aa0dc3d1f2.jpg\",\"width\":1000,\"height\":1000},{\"@type\":\"BreadcrumbList\",\"@id\":\"https:\\\/\\\/exparto.pl\\\/ro\\\/produkt\\\/kolo-gniazdowe-do-rozrzutnika-wysoki-zab-fi-40-mm-wpust-10-mm\\\/#breadcrumb\",\"itemListElement\":[{\"@type\":\"ListItem\",\"position\":1,\"name\":\"Pagina de start\",\"item\":\"https:\\\/\\\/exparto.pl\\\/ro\\\/pagina-de-start\\\/\"},{\"@type\":\"ListItem\",\"position\":2,\"name\":\"Sklep\",\"item\":\"https:\\\/\\\/exparto.pl\\\/sklep\\\/\"},{\"@type\":\"ListItem\",\"position\":3,\"name\":\"Cz\u0119\u015bci do rozrzutnika\",\"item\":\"https:\\\/\\\/exparto.pl\\\/kategoria-produktu\\\/czesci-do-rozrzutnika\\\/\"},{\"@type\":\"ListItem\",\"position\":4,\"name\":\"Ko\u0142a gniazdowe\",\"item\":\"https:\\\/\\\/exparto.pl\\\/kategoria-produktu\\\/czesci-do-rozrzutnika\\\/kola-gniazdowe\\\/\"},{\"@type\":\"ListItem\",\"position\":5,\"name\":\"Ko\u0142o gniazdowe do rozrzutnika wysoki z\u0105b FI 40 mm, wpust 10 mm\"}]},{\"@type\":\"WebSite\",\"@id\":\"https:\\\/\\\/exparto.pl\\\/ro\\\/#website\",\"url\":\"https:\\\/\\\/exparto.pl\\\/ro\\\/\",\"name\":\"EXPARTO\",\"description\":\"More than agro parts\",\"publisher\":{\"@id\":\"https:\\\/\\\/exparto.pl\\\/ro\\\/#organization\"},\"potentialAction\":[{\"@type\":\"SearchAction\",\"target\":{\"@type\":\"EntryPoint\",\"urlTemplate\":\"https:\\\/\\\/exparto.pl\\\/ro\\\/?s={search_term_string}\"},\"query-input\":{\"@type\":\"PropertyValueSpecification\",\"valueRequired\":true,\"valueName\":\"search_term_string\"}}],\"inLanguage\":\"ro-RO\"},{\"@type\":\"Organization\",\"@id\":\"https:\\\/\\\/exparto.pl\\\/ro\\\/#organization\",\"name\":\"EXPARTO\",\"url\":\"https:\\\/\\\/exparto.pl\\\/ro\\\/\",\"logo\":{\"@type\":\"ImageObject\",\"inLanguage\":\"ro-RO\",\"@id\":\"https:\\\/\\\/exparto.pl\\\/ro\\\/#\\\/schema\\\/logo\\\/image\\\/\",\"url\":\"https:\\\/\\\/exparto.pl\\\/wp-content\\\/uploads\\\/2023\\\/02\\\/logo-wektor.png\",\"contentUrl\":\"https:\\\/\\\/exparto.pl\\\/wp-content\\\/uploads\\\/2023\\\/02\\\/logo-wektor.png\",\"width\":1338,\"height\":143,\"caption\":\"EXPARTO\"},\"image\":{\"@id\":\"https:\\\/\\\/exparto.pl\\\/ro\\\/#\\\/schema\\\/logo\\\/image\\\/\"},\"sameAs\":[\"https:\\\/\\\/www.facebook.com\\\/exparto.agro\\\/\"]}]}<\/script>\n<!-- \/ Yoast SEO plugin. -->","yoast_head_json":{"title":"Ko\u0142o gniazdowe do rozrzutnika wysoki z\u0105b FI 40 mm, wpust 10 mm - Exparto.pl","description":"Sprawd\u017a \ud83d\udc49 ko\u0142o gniazdowe do rozrzutnika - wysoki z\u0105b - \u015brednica 40 mm, wpust 10 mm \ud83c\udfe2 ze sklepu Exparto! \u2705 Wysoka jako\u015b\u0107! \ud83d\udd36 Gwarancja zadowolenia!","robots":{"index":"index","follow":"follow","max-snippet":"max-snippet:-1","max-image-preview":"max-image-preview:large","max-video-preview":"max-video-preview:-1"},"canonical":"https:\/\/exparto.pl\/ro\/produkt\/kolo-gniazdowe-do-rozrzutnika-wysoki-zab-fi-40-mm-wpust-10-mm\/","og_locale":"ro_RO","og_type":"article","og_title":"Ko\u0142o gniazdowe do rozrzutnika wysoki z\u0105b FI 40 mm, wpust 10 mm - Exparto.pl","og_description":"Sprawd\u017a \ud83d\udc49 ko\u0142o gniazdowe do rozrzutnika - wysoki z\u0105b - \u015brednica 40 mm, wpust 10 mm \ud83c\udfe2 ze sklepu Exparto! \u2705 Wysoka jako\u015b\u0107! \ud83d\udd36 Gwarancja zadowolenia!","og_url":"https:\/\/exparto.pl\/ro\/produkt\/kolo-gniazdowe-do-rozrzutnika-wysoki-zab-fi-40-mm-wpust-10-mm\/","og_site_name":"Exparto.pl","article_publisher":"https:\/\/www.facebook.com\/exparto.agro\/","article_modified_time":"2026-03-09T17:00:16+00:00","og_image":[{"width":1000,"height":1000,"url":"https:\/\/exparto.pl\/wp-content\/uploads\/2023\/12\/7f55dfa1089a99d8013639aa0dc3d1f2.jpg","type":"image\/jpeg"}],"twitter_card":"summary_large_image","twitter_misc":{"Timp estimat pentru citire":"2 minute"},"schema":{"@context":"https:\/\/schema.org","@graph":[{"@type":"WebPage","@id":"https:\/\/exparto.pl\/ro\/produkt\/kolo-gniazdowe-do-rozrzutnika-wysoki-zab-fi-40-mm-wpust-10-mm\/","url":"https:\/\/exparto.pl\/ro\/produkt\/kolo-gniazdowe-do-rozrzutnika-wysoki-zab-fi-40-mm-wpust-10-mm\/","name":"Ko\u0142o gniazdowe do rozrzutnika wysoki z\u0105b FI 40 mm, wpust 10 mm - Exparto.pl","isPartOf":{"@id":"https:\/\/exparto.pl\/ro\/#website"},"primaryImageOfPage":{"@id":"https:\/\/exparto.pl\/ro\/produkt\/kolo-gniazdowe-do-rozrzutnika-wysoki-zab-fi-40-mm-wpust-10-mm\/#primaryimage"},"image":{"@id":"https:\/\/exparto.pl\/ro\/produkt\/kolo-gniazdowe-do-rozrzutnika-wysoki-zab-fi-40-mm-wpust-10-mm\/#primaryimage"},"thumbnailUrl":"https:\/\/exparto.pl\/wp-content\/uploads\/2023\/12\/7f55dfa1089a99d8013639aa0dc3d1f2.jpg","datePublished":"2023-12-21T14:09:25+00:00","dateModified":"2026-03-09T17:00:16+00:00","description":"Sprawd\u017a \ud83d\udc49 ko\u0142o gniazdowe do rozrzutnika - wysoki z\u0105b - \u015brednica 40 mm, wpust 10 mm \ud83c\udfe2 ze sklepu Exparto! \u2705 Wysoka jako\u015b\u0107! \ud83d\udd36 Gwarancja zadowolenia!","breadcrumb":{"@id":"https:\/\/exparto.pl\/ro\/produkt\/kolo-gniazdowe-do-rozrzutnika-wysoki-zab-fi-40-mm-wpust-10-mm\/#breadcrumb"},"inLanguage":"ro-RO","potentialAction":[{"@type":"ReadAction","target":["https:\/\/exparto.pl\/ro\/produkt\/kolo-gniazdowe-do-rozrzutnika-wysoki-zab-fi-40-mm-wpust-10-mm\/"]}]},{"@type":"ImageObject","inLanguage":"ro-RO","@id":"https:\/\/exparto.pl\/ro\/produkt\/kolo-gniazdowe-do-rozrzutnika-wysoki-zab-fi-40-mm-wpust-10-mm\/#primaryimage","url":"https:\/\/exparto.pl\/wp-content\/uploads\/2023\/12\/7f55dfa1089a99d8013639aa0dc3d1f2.jpg","contentUrl":"https:\/\/exparto.pl\/wp-content\/uploads\/2023\/12\/7f55dfa1089a99d8013639aa0dc3d1f2.jpg","width":1000,"height":1000},{"@type":"BreadcrumbList","@id":"https:\/\/exparto.pl\/ro\/produkt\/kolo-gniazdowe-do-rozrzutnika-wysoki-zab-fi-40-mm-wpust-10-mm\/#breadcrumb","itemListElement":[{"@type":"ListItem","position":1,"name":"Pagina de start","item":"https:\/\/exparto.pl\/ro\/pagina-de-start\/"},{"@type":"ListItem","position":2,"name":"Sklep","item":"https:\/\/exparto.pl\/sklep\/"},{"@type":"ListItem","position":3,"name":"Cz\u0119\u015bci do rozrzutnika","item":"https:\/\/exparto.pl\/kategoria-produktu\/czesci-do-rozrzutnika\/"},{"@type":"ListItem","position":4,"name":"Ko\u0142a gniazdowe","item":"https:\/\/exparto.pl\/kategoria-produktu\/czesci-do-rozrzutnika\/kola-gniazdowe\/"},{"@type":"ListItem","position":5,"name":"Ko\u0142o gniazdowe do rozrzutnika wysoki z\u0105b FI 40 mm, wpust 10 mm"}]},{"@type":"WebSite","@id":"https:\/\/exparto.pl\/ro\/#website","url":"https:\/\/exparto.pl\/ro\/","name":"EXPARTO","description":"More than agro parts","publisher":{"@id":"https:\/\/exparto.pl\/ro\/#organization"},"potentialAction":[{"@type":"SearchAction","target":{"@type":"EntryPoint","urlTemplate":"https:\/\/exparto.pl\/ro\/?s={search_term_string}"},"query-input":{"@type":"PropertyValueSpecification","valueRequired":true,"valueName":"search_term_string"}}],"inLanguage":"ro-RO"},{"@type":"Organization","@id":"https:\/\/exparto.pl\/ro\/#organization","name":"EXPARTO","url":"https:\/\/exparto.pl\/ro\/","logo":{"@type":"ImageObject","inLanguage":"ro-RO","@id":"https:\/\/exparto.pl\/ro\/#\/schema\/logo\/image\/","url":"https:\/\/exparto.pl\/wp-content\/uploads\/2023\/02\/logo-wektor.png","contentUrl":"https:\/\/exparto.pl\/wp-content\/uploads\/2023\/02\/logo-wektor.png","width":1338,"height":143,"caption":"EXPARTO"},"image":{"@id":"https:\/\/exparto.pl\/ro\/#\/schema\/logo\/image\/"},"sameAs":["https:\/\/www.facebook.com\/exparto.agro\/"]}]}},"_links":{"self":[{"href":"https:\/\/exparto.pl\/ro\/wp-json\/wp\/v2\/product\/17148","targetHints":{"allow":["GET"]}}],"collection":[{"href":"https:\/\/exparto.pl\/ro\/wp-json\/wp\/v2\/product"}],"about":[{"href":"https:\/\/exparto.pl\/ro\/wp-json\/wp\/v2\/types\/product"}],"replies":[{"embeddable":true,"href":"https:\/\/exparto.pl\/ro\/wp-json\/wp\/v2\/comments?post=17148"}],"wp:featuredmedia":[{"embeddable":true,"href":"https:\/\/exparto.pl\/ro\/wp-json\/wp\/v2\/media\/17128"}],"wp:attachment":[{"href":"https:\/\/exparto.pl\/ro\/wp-json\/wp\/v2\/media?parent=17148"}],"wp:term":[{"taxonomy":"product_brand","embeddable":true,"href":"https:\/\/exparto.pl\/ro\/wp-json\/wp\/v2\/product_brand?post=17148"},{"taxonomy":"product_cat","embeddable":true,"href":"https:\/\/exparto.pl\/ro\/wp-json\/wp\/v2\/product_cat?post=17148"},{"taxonomy":"product_tag","embeddable":true,"href":"https:\/\/exparto.pl\/ro\/wp-json\/wp\/v2\/product_tag?post=17148"}],"curies":[{"name":"wp","href":"https:\/\/api.w.org\/{rel}","templated":true}]}}