{"id":17679,"date":"2024-01-10T15:44:05","date_gmt":"2024-01-10T14:44:05","guid":{"rendered":"https:\/\/exparto.pl\/produkt\/zapadka-wewnetrzna-rozrzutnika\/"},"modified":"2026-04-08T18:00:12","modified_gmt":"2026-04-08T16:00:12","slug":"zapadka-wewnetrzna-rozrzutnika","status":"publish","type":"product","link":"https:\/\/exparto.pl\/ro\/produkt\/zapadka-wewnetrzna-rozrzutnika\/","title":{"rendered":"Zapadka wewn\u0119trzna rozrzutnika"},"content":{"rendered":"<p style=\"text-align: justify;\">Zapadka wewn\u0119trzna rozrzutnika.<\/p>\n<p style=\"text-align: justify;\"><b>Zastosowanie:<\/b><\/p>\n<ul>\n<li style=\"text-align: justify;\">rozrzutnik obornika<\/li>\n<\/ul>\n<p style=\"text-align: justify;\"><b>Numer katalogowy:<\/b><\/p>\n<ul>\n<li style=\"text-align: justify;\">2218040020<\/li>\n<\/ul>\n<p><span style=\"font-weight: 400;\">Zapadka rozrzutnika obornika wewn\u0119trzna (numer katalogowy <\/span><span style=\"font-weight: 400;\">CZR01796) odpowiada za <\/span><span style=\"font-weight: 400;\">kontrolowanie ruchu wewn\u0119trznych cz\u0119\u015bci rozrzutnika. <\/span><b>Dzi\u0119ki temu maszyna dzia\u0142a p\u0142ynnie i efektywnie, r\u00f3wnomiernie rozprowadzaj\u0105c naw\u00f3z na polach. <\/b><span style=\"font-weight: 400;\">Zapadka wewn\u0119trzna umo\u017cliwia precyzyjne sterowanie ruchem mechanizm\u00f3w wewn\u0105trz rozrzutnika, co przek\u0142ada si\u0119 na dok\u0142adno\u015b\u0107 nawo\u017cenia.<\/span><\/p>\n<h2><span style=\"font-weight: 400;\">Zapadka rozrzutnika obornika \u2013 wewn\u0119trzna<\/span><\/h2>\n<p><span style=\"font-weight: 400;\">Zapadka rozrzutnika ma na celu zagwarantowanie stabilnej i bezpiecznej pracy maszyny.\u00a0<\/span><\/p>\n<p><span style=\"font-weight: 400;\">W \u015brodowisku rolniczym, gdzie sprz\u0119ty s\u0105 cz\u0119sto nara\u017cone na intensywne obci\u0105\u017cenia, drgania i zr\u00f3\u017cnicowane warunki pogodowe, niezb\u0119dna jest wytrzyma\u0142o\u015b\u0107 i niezawodno\u015b\u0107 tego elementu. <\/span><b>Trwa\u0142o\u015b\u0107 zapadki do rozrzutnika oraz jej odporno\u015b\u0107 na uszkodzenia mechaniczne s\u0105 te\u017c istotne dla zapewnienia d\u0142ugotrwa\u0142ej i bezproblemowej pracy.<\/b><\/p>\n<p><span style=\"font-weight: 400;\">Poza tym zapadka wewn\u0119trzna rozrzutnika ogranicza ryzyko awarii i gwarantuje p\u0142ynne dzia\u0142anie ca\u0142ego mechanizmu. <\/span><b>Jednocze\u015bnie przyczynia si\u0119 do przed\u0142u\u017cenia okresu u\u017cytkowania maszyny.<\/b><span style=\"font-weight: 400;\"> Prezentowana zapadka rozrzutnika obornika zosta\u0142a wykonana z wytrzyma\u0142ego materia\u0142u.<\/span><\/p>\n","protected":false},"excerpt":{"rendered":"<p style=\"text-align: justify;\">Zapadka wewn\u0119trzna do Rozrzutnika<\/p>\n","protected":false},"featured_media":17648,"comment_status":"open","ping_status":"closed","template":"","meta":{"_acf_changed":false,"inline_featured_image":false},"product_brand":[],"product_cat":[732],"product_tag":[],"class_list":{"0":"post-17679","1":"product","2":"type-product","3":"status-publish","4":"has-post-thumbnail","6":"product_cat-czesci-do-rozrzutnika","8":"first","9":"instock","10":"taxable","11":"shipping-taxable","12":"purchasable","13":"product-type-simple"},"acf":[],"yoast_head":"<!-- This site is optimized with the Yoast SEO plugin v27.3 - https:\/\/yoast.com\/product\/yoast-seo-wordpress\/ -->\n<title>Zapadka wewn\u0119trzna rozrzutnika - Exparto.pl<\/title>\n<meta name=\"description\" content=\"Sprawd\u017a \ud83d\udc49 zapadk\u0119 wewn\u0119trzn\u0105 rozrzutnika obornika \ud83c\udfe2 ze sklepu intenetowego Exparto! \u2705 Wysoka jako\u015b\u0107! \ud83d\udd36 Gwarancja zadowolenia!\" \/>\n<meta name=\"robots\" content=\"index, follow, max-snippet:-1, max-image-preview:large, max-video-preview:-1\" \/>\n<link rel=\"canonical\" href=\"https:\/\/exparto.pl\/ro\/produkt\/zapadka-wewnetrzna-rozrzutnika\/\" \/>\n<meta property=\"og:locale\" content=\"ro_RO\" \/>\n<meta property=\"og:type\" content=\"article\" \/>\n<meta property=\"og:title\" content=\"Zapadka wewn\u0119trzna rozrzutnika - Exparto.pl\" \/>\n<meta property=\"og:description\" content=\"Sprawd\u017a \ud83d\udc49 zapadk\u0119 wewn\u0119trzn\u0105 rozrzutnika obornika \ud83c\udfe2 ze sklepu intenetowego Exparto! \u2705 Wysoka jako\u015b\u0107! \ud83d\udd36 Gwarancja zadowolenia!\" \/>\n<meta property=\"og:url\" content=\"https:\/\/exparto.pl\/ro\/produkt\/zapadka-wewnetrzna-rozrzutnika\/\" \/>\n<meta property=\"og:site_name\" content=\"Exparto.pl\" \/>\n<meta property=\"article:publisher\" content=\"https:\/\/www.facebook.com\/exparto.agro\/\" \/>\n<meta property=\"article:modified_time\" content=\"2026-04-08T16:00:12+00:00\" \/>\n<meta property=\"og:image\" content=\"https:\/\/exparto.pl\/wp-content\/uploads\/2024\/01\/01735c41a5193ccb783d4ec66e47069f.jpg\" \/>\n\t<meta property=\"og:image:width\" content=\"1000\" \/>\n\t<meta property=\"og:image:height\" content=\"1000\" \/>\n\t<meta property=\"og:image:type\" content=\"image\/jpeg\" \/>\n<meta name=\"twitter:card\" content=\"summary_large_image\" \/>\n<meta name=\"twitter:label1\" content=\"Timp estimat pentru citire\" \/>\n\t<meta name=\"twitter:data1\" content=\"2 minute\" \/>\n<script type=\"application\/ld+json\" class=\"yoast-schema-graph\">{\"@context\":\"https:\\\/\\\/schema.org\",\"@graph\":[{\"@type\":\"WebPage\",\"@id\":\"https:\\\/\\\/exparto.pl\\\/ro\\\/produkt\\\/zapadka-wewnetrzna-rozrzutnika\\\/\",\"url\":\"https:\\\/\\\/exparto.pl\\\/ro\\\/produkt\\\/zapadka-wewnetrzna-rozrzutnika\\\/\",\"name\":\"Zapadka wewn\u0119trzna rozrzutnika - Exparto.pl\",\"isPartOf\":{\"@id\":\"https:\\\/\\\/exparto.pl\\\/ro\\\/#website\"},\"primaryImageOfPage\":{\"@id\":\"https:\\\/\\\/exparto.pl\\\/ro\\\/produkt\\\/zapadka-wewnetrzna-rozrzutnika\\\/#primaryimage\"},\"image\":{\"@id\":\"https:\\\/\\\/exparto.pl\\\/ro\\\/produkt\\\/zapadka-wewnetrzna-rozrzutnika\\\/#primaryimage\"},\"thumbnailUrl\":\"https:\\\/\\\/exparto.pl\\\/wp-content\\\/uploads\\\/2024\\\/01\\\/01735c41a5193ccb783d4ec66e47069f.jpg\",\"datePublished\":\"2024-01-10T14:44:05+00:00\",\"dateModified\":\"2026-04-08T16:00:12+00:00\",\"description\":\"Sprawd\u017a \ud83d\udc49 zapadk\u0119 wewn\u0119trzn\u0105 rozrzutnika obornika \ud83c\udfe2 ze sklepu intenetowego Exparto! \u2705 Wysoka jako\u015b\u0107! \ud83d\udd36 Gwarancja zadowolenia!\",\"breadcrumb\":{\"@id\":\"https:\\\/\\\/exparto.pl\\\/ro\\\/produkt\\\/zapadka-wewnetrzna-rozrzutnika\\\/#breadcrumb\"},\"inLanguage\":\"ro-RO\",\"potentialAction\":[{\"@type\":\"ReadAction\",\"target\":[\"https:\\\/\\\/exparto.pl\\\/ro\\\/produkt\\\/zapadka-wewnetrzna-rozrzutnika\\\/\"]}]},{\"@type\":\"ImageObject\",\"inLanguage\":\"ro-RO\",\"@id\":\"https:\\\/\\\/exparto.pl\\\/ro\\\/produkt\\\/zapadka-wewnetrzna-rozrzutnika\\\/#primaryimage\",\"url\":\"https:\\\/\\\/exparto.pl\\\/wp-content\\\/uploads\\\/2024\\\/01\\\/01735c41a5193ccb783d4ec66e47069f.jpg\",\"contentUrl\":\"https:\\\/\\\/exparto.pl\\\/wp-content\\\/uploads\\\/2024\\\/01\\\/01735c41a5193ccb783d4ec66e47069f.jpg\",\"width\":1000,\"height\":1000},{\"@type\":\"BreadcrumbList\",\"@id\":\"https:\\\/\\\/exparto.pl\\\/ro\\\/produkt\\\/zapadka-wewnetrzna-rozrzutnika\\\/#breadcrumb\",\"itemListElement\":[{\"@type\":\"ListItem\",\"position\":1,\"name\":\"Pagina de start\",\"item\":\"https:\\\/\\\/exparto.pl\\\/ro\\\/pagina-de-start\\\/\"},{\"@type\":\"ListItem\",\"position\":2,\"name\":\"Sklep\",\"item\":\"https:\\\/\\\/exparto.pl\\\/sklep\\\/\"},{\"@type\":\"ListItem\",\"position\":3,\"name\":\"Cz\u0119\u015bci do rozrzutnika\",\"item\":\"https:\\\/\\\/exparto.pl\\\/kategoria-produktu\\\/czesci-do-rozrzutnika\\\/\"},{\"@type\":\"ListItem\",\"position\":4,\"name\":\"Zapadka wewn\u0119trzna rozrzutnika\"}]},{\"@type\":\"WebSite\",\"@id\":\"https:\\\/\\\/exparto.pl\\\/ro\\\/#website\",\"url\":\"https:\\\/\\\/exparto.pl\\\/ro\\\/\",\"name\":\"EXPARTO\",\"description\":\"More than agro parts\",\"publisher\":{\"@id\":\"https:\\\/\\\/exparto.pl\\\/ro\\\/#organization\"},\"potentialAction\":[{\"@type\":\"SearchAction\",\"target\":{\"@type\":\"EntryPoint\",\"urlTemplate\":\"https:\\\/\\\/exparto.pl\\\/ro\\\/?s={search_term_string}\"},\"query-input\":{\"@type\":\"PropertyValueSpecification\",\"valueRequired\":true,\"valueName\":\"search_term_string\"}}],\"inLanguage\":\"ro-RO\"},{\"@type\":\"Organization\",\"@id\":\"https:\\\/\\\/exparto.pl\\\/ro\\\/#organization\",\"name\":\"EXPARTO\",\"url\":\"https:\\\/\\\/exparto.pl\\\/ro\\\/\",\"logo\":{\"@type\":\"ImageObject\",\"inLanguage\":\"ro-RO\",\"@id\":\"https:\\\/\\\/exparto.pl\\\/ro\\\/#\\\/schema\\\/logo\\\/image\\\/\",\"url\":\"https:\\\/\\\/exparto.pl\\\/wp-content\\\/uploads\\\/2023\\\/02\\\/logo-wektor.png\",\"contentUrl\":\"https:\\\/\\\/exparto.pl\\\/wp-content\\\/uploads\\\/2023\\\/02\\\/logo-wektor.png\",\"width\":1338,\"height\":143,\"caption\":\"EXPARTO\"},\"image\":{\"@id\":\"https:\\\/\\\/exparto.pl\\\/ro\\\/#\\\/schema\\\/logo\\\/image\\\/\"},\"sameAs\":[\"https:\\\/\\\/www.facebook.com\\\/exparto.agro\\\/\"]}]}<\/script>\n<!-- \/ Yoast SEO plugin. -->","yoast_head_json":{"title":"Zapadka wewn\u0119trzna rozrzutnika - Exparto.pl","description":"Sprawd\u017a \ud83d\udc49 zapadk\u0119 wewn\u0119trzn\u0105 rozrzutnika obornika \ud83c\udfe2 ze sklepu intenetowego Exparto! \u2705 Wysoka jako\u015b\u0107! \ud83d\udd36 Gwarancja zadowolenia!","robots":{"index":"index","follow":"follow","max-snippet":"max-snippet:-1","max-image-preview":"max-image-preview:large","max-video-preview":"max-video-preview:-1"},"canonical":"https:\/\/exparto.pl\/ro\/produkt\/zapadka-wewnetrzna-rozrzutnika\/","og_locale":"ro_RO","og_type":"article","og_title":"Zapadka wewn\u0119trzna rozrzutnika - Exparto.pl","og_description":"Sprawd\u017a \ud83d\udc49 zapadk\u0119 wewn\u0119trzn\u0105 rozrzutnika obornika \ud83c\udfe2 ze sklepu intenetowego Exparto! \u2705 Wysoka jako\u015b\u0107! \ud83d\udd36 Gwarancja zadowolenia!","og_url":"https:\/\/exparto.pl\/ro\/produkt\/zapadka-wewnetrzna-rozrzutnika\/","og_site_name":"Exparto.pl","article_publisher":"https:\/\/www.facebook.com\/exparto.agro\/","article_modified_time":"2026-04-08T16:00:12+00:00","og_image":[{"width":1000,"height":1000,"url":"https:\/\/exparto.pl\/wp-content\/uploads\/2024\/01\/01735c41a5193ccb783d4ec66e47069f.jpg","type":"image\/jpeg"}],"twitter_card":"summary_large_image","twitter_misc":{"Timp estimat pentru citire":"2 minute"},"schema":{"@context":"https:\/\/schema.org","@graph":[{"@type":"WebPage","@id":"https:\/\/exparto.pl\/ro\/produkt\/zapadka-wewnetrzna-rozrzutnika\/","url":"https:\/\/exparto.pl\/ro\/produkt\/zapadka-wewnetrzna-rozrzutnika\/","name":"Zapadka wewn\u0119trzna rozrzutnika - Exparto.pl","isPartOf":{"@id":"https:\/\/exparto.pl\/ro\/#website"},"primaryImageOfPage":{"@id":"https:\/\/exparto.pl\/ro\/produkt\/zapadka-wewnetrzna-rozrzutnika\/#primaryimage"},"image":{"@id":"https:\/\/exparto.pl\/ro\/produkt\/zapadka-wewnetrzna-rozrzutnika\/#primaryimage"},"thumbnailUrl":"https:\/\/exparto.pl\/wp-content\/uploads\/2024\/01\/01735c41a5193ccb783d4ec66e47069f.jpg","datePublished":"2024-01-10T14:44:05+00:00","dateModified":"2026-04-08T16:00:12+00:00","description":"Sprawd\u017a \ud83d\udc49 zapadk\u0119 wewn\u0119trzn\u0105 rozrzutnika obornika \ud83c\udfe2 ze sklepu intenetowego Exparto! \u2705 Wysoka jako\u015b\u0107! \ud83d\udd36 Gwarancja zadowolenia!","breadcrumb":{"@id":"https:\/\/exparto.pl\/ro\/produkt\/zapadka-wewnetrzna-rozrzutnika\/#breadcrumb"},"inLanguage":"ro-RO","potentialAction":[{"@type":"ReadAction","target":["https:\/\/exparto.pl\/ro\/produkt\/zapadka-wewnetrzna-rozrzutnika\/"]}]},{"@type":"ImageObject","inLanguage":"ro-RO","@id":"https:\/\/exparto.pl\/ro\/produkt\/zapadka-wewnetrzna-rozrzutnika\/#primaryimage","url":"https:\/\/exparto.pl\/wp-content\/uploads\/2024\/01\/01735c41a5193ccb783d4ec66e47069f.jpg","contentUrl":"https:\/\/exparto.pl\/wp-content\/uploads\/2024\/01\/01735c41a5193ccb783d4ec66e47069f.jpg","width":1000,"height":1000},{"@type":"BreadcrumbList","@id":"https:\/\/exparto.pl\/ro\/produkt\/zapadka-wewnetrzna-rozrzutnika\/#breadcrumb","itemListElement":[{"@type":"ListItem","position":1,"name":"Pagina de start","item":"https:\/\/exparto.pl\/ro\/pagina-de-start\/"},{"@type":"ListItem","position":2,"name":"Sklep","item":"https:\/\/exparto.pl\/sklep\/"},{"@type":"ListItem","position":3,"name":"Cz\u0119\u015bci do rozrzutnika","item":"https:\/\/exparto.pl\/kategoria-produktu\/czesci-do-rozrzutnika\/"},{"@type":"ListItem","position":4,"name":"Zapadka wewn\u0119trzna rozrzutnika"}]},{"@type":"WebSite","@id":"https:\/\/exparto.pl\/ro\/#website","url":"https:\/\/exparto.pl\/ro\/","name":"EXPARTO","description":"More than agro parts","publisher":{"@id":"https:\/\/exparto.pl\/ro\/#organization"},"potentialAction":[{"@type":"SearchAction","target":{"@type":"EntryPoint","urlTemplate":"https:\/\/exparto.pl\/ro\/?s={search_term_string}"},"query-input":{"@type":"PropertyValueSpecification","valueRequired":true,"valueName":"search_term_string"}}],"inLanguage":"ro-RO"},{"@type":"Organization","@id":"https:\/\/exparto.pl\/ro\/#organization","name":"EXPARTO","url":"https:\/\/exparto.pl\/ro\/","logo":{"@type":"ImageObject","inLanguage":"ro-RO","@id":"https:\/\/exparto.pl\/ro\/#\/schema\/logo\/image\/","url":"https:\/\/exparto.pl\/wp-content\/uploads\/2023\/02\/logo-wektor.png","contentUrl":"https:\/\/exparto.pl\/wp-content\/uploads\/2023\/02\/logo-wektor.png","width":1338,"height":143,"caption":"EXPARTO"},"image":{"@id":"https:\/\/exparto.pl\/ro\/#\/schema\/logo\/image\/"},"sameAs":["https:\/\/www.facebook.com\/exparto.agro\/"]}]}},"_links":{"self":[{"href":"https:\/\/exparto.pl\/ro\/wp-json\/wp\/v2\/product\/17679","targetHints":{"allow":["GET"]}}],"collection":[{"href":"https:\/\/exparto.pl\/ro\/wp-json\/wp\/v2\/product"}],"about":[{"href":"https:\/\/exparto.pl\/ro\/wp-json\/wp\/v2\/types\/product"}],"replies":[{"embeddable":true,"href":"https:\/\/exparto.pl\/ro\/wp-json\/wp\/v2\/comments?post=17679"}],"wp:featuredmedia":[{"embeddable":true,"href":"https:\/\/exparto.pl\/ro\/wp-json\/wp\/v2\/media\/17648"}],"wp:attachment":[{"href":"https:\/\/exparto.pl\/ro\/wp-json\/wp\/v2\/media?parent=17679"}],"wp:term":[{"taxonomy":"product_brand","embeddable":true,"href":"https:\/\/exparto.pl\/ro\/wp-json\/wp\/v2\/product_brand?post=17679"},{"taxonomy":"product_cat","embeddable":true,"href":"https:\/\/exparto.pl\/ro\/wp-json\/wp\/v2\/product_cat?post=17679"},{"taxonomy":"product_tag","embeddable":true,"href":"https:\/\/exparto.pl\/ro\/wp-json\/wp\/v2\/product_tag?post=17679"}],"curies":[{"name":"wp","href":"https:\/\/api.w.org\/{rel}","templated":true}]}}