{"id":17899,"date":"2024-01-12T13:02:59","date_gmt":"2024-01-12T12:02:59","guid":{"rendered":"https:\/\/exparto.pl\/produkt\/odboj-resor-gumowy-stozkowy-h-155-na-2-sruby-m12\/"},"modified":"2026-03-12T16:40:56","modified_gmt":"2026-03-12T15:40:56","slug":"odboj-resor-gumowy-stozkowy-h-155-na-2-sruby-m12","status":"publish","type":"product","link":"https:\/\/exparto.pl\/ro\/produkt\/odboj-resor-gumowy-stozkowy-h-155-na-2-sruby-m12\/","title":{"rendered":"Odb\u00f3j, resor gumowy sto\u017ckowy H-155 na 2 \u015bruby M12"},"content":{"rendered":"<p style=\"text-align: justify\">Odb\u00f3j, resor gumowy sto\u017ckowy H-155.<\/p>\n<p style=\"text-align: justify\">Odb\u00f3j gumowy ma za zadanie chroni\u0107 <b>zawieszenie pojazdu<\/b>. Znajduje uniwersalne zastosowanie w przyczepach samochodowych, ci\u0119\u017carowych czy rolniczych. U\u017cyte do produkcji materia\u0142y sprawiaj\u0105, \u017ce odbojnik \u015bwietnie absorbuje wstrz\u0105sy. Cechuje si\u0119<b> wysok\u0105 odporno\u015bci\u0105<\/b> na warunki atmosferyczne i uszkodzenia mechaniczne.<\/p>\n<p style=\"text-align: justify\"><b>Zastosowanie:<\/b><\/p>\n<ul>\n<li style=\"text-align: justify\">przyczepy rolnicze<\/li>\n<li style=\"text-align: justify\">maszyny rolnicza<\/li>\n<\/ul>\n<div style=\"text-align: justify\"><b>Numer katalogowy:<\/b><\/div>\n<div>\n<ul>\n<li style=\"text-align: justify\">8011020050<\/li>\n<\/ul>\n<\/div>\n","protected":false},"excerpt":{"rendered":"<p style=\"text-align: justify\">Odb\u00f3j, resor gumowy sto\u017ckowy H-155<\/p>\n","protected":false},"featured_media":17884,"comment_status":"open","ping_status":"closed","template":"","meta":{"_acf_changed":false,"inline_featured_image":false},"product_brand":[],"product_cat":[489,738],"product_tag":[],"class_list":{"0":"post-17899","1":"product","2":"type-product","3":"status-publish","4":"has-post-thumbnail","6":"product_cat-trailer-parts","7":"product_cat-odboje-gumowe","9":"first","10":"instock","11":"taxable","12":"shipping-taxable","13":"purchasable","14":"product-type-simple"},"acf":[],"yoast_head":"<!-- This site is optimized with the Yoast SEO plugin v27.3 - https:\/\/yoast.com\/product\/yoast-seo-wordpress\/ -->\n<title>Odb\u00f3j, resor gumowy sto\u017ckowy H-155 na 2 \u015bruby M12 - Exparto.pl<\/title>\n<meta name=\"robots\" content=\"index, follow, max-snippet:-1, max-image-preview:large, max-video-preview:-1\" \/>\n<link rel=\"canonical\" href=\"https:\/\/exparto.pl\/ro\/produkt\/odboj-resor-gumowy-stozkowy-h-155-na-2-sruby-m12\/\" \/>\n<meta property=\"og:locale\" content=\"ro_RO\" \/>\n<meta property=\"og:type\" content=\"article\" \/>\n<meta property=\"og:title\" content=\"Odb\u00f3j, resor gumowy sto\u017ckowy H-155 na 2 \u015bruby M12 - Exparto.pl\" \/>\n<meta property=\"og:description\" content=\"Odb\u00f3j, resor gumowy sto\u017ckowy H-155\" \/>\n<meta property=\"og:url\" content=\"https:\/\/exparto.pl\/ro\/produkt\/odboj-resor-gumowy-stozkowy-h-155-na-2-sruby-m12\/\" \/>\n<meta property=\"og:site_name\" content=\"Exparto.pl\" \/>\n<meta property=\"article:publisher\" content=\"https:\/\/www.facebook.com\/exparto.agro\/\" \/>\n<meta property=\"article:modified_time\" content=\"2026-03-12T15:40:56+00:00\" \/>\n<meta property=\"og:image\" content=\"https:\/\/exparto.pl\/wp-content\/uploads\/2024\/01\/1a07325d978fb7a4d34fba3515cb0af7.jpg\" \/>\n\t<meta property=\"og:image:width\" content=\"1000\" \/>\n\t<meta property=\"og:image:height\" content=\"1000\" \/>\n\t<meta property=\"og:image:type\" content=\"image\/jpeg\" \/>\n<meta name=\"twitter:card\" content=\"summary_large_image\" \/>\n<meta name=\"twitter:label1\" content=\"Timp estimat pentru citire\" \/>\n\t<meta name=\"twitter:data1\" content=\"1 minut\" \/>\n<script type=\"application\/ld+json\" class=\"yoast-schema-graph\">{\"@context\":\"https:\\\/\\\/schema.org\",\"@graph\":[{\"@type\":\"WebPage\",\"@id\":\"https:\\\/\\\/exparto.pl\\\/ro\\\/produkt\\\/odboj-resor-gumowy-stozkowy-h-155-na-2-sruby-m12\\\/\",\"url\":\"https:\\\/\\\/exparto.pl\\\/ro\\\/produkt\\\/odboj-resor-gumowy-stozkowy-h-155-na-2-sruby-m12\\\/\",\"name\":\"Odb\u00f3j, resor gumowy sto\u017ckowy H-155 na 2 \u015bruby M12 - Exparto.pl\",\"isPartOf\":{\"@id\":\"https:\\\/\\\/exparto.pl\\\/ro\\\/#website\"},\"primaryImageOfPage\":{\"@id\":\"https:\\\/\\\/exparto.pl\\\/ro\\\/produkt\\\/odboj-resor-gumowy-stozkowy-h-155-na-2-sruby-m12\\\/#primaryimage\"},\"image\":{\"@id\":\"https:\\\/\\\/exparto.pl\\\/ro\\\/produkt\\\/odboj-resor-gumowy-stozkowy-h-155-na-2-sruby-m12\\\/#primaryimage\"},\"thumbnailUrl\":\"https:\\\/\\\/exparto.pl\\\/wp-content\\\/uploads\\\/2024\\\/01\\\/1a07325d978fb7a4d34fba3515cb0af7.jpg\",\"datePublished\":\"2024-01-12T12:02:59+00:00\",\"dateModified\":\"2026-03-12T15:40:56+00:00\",\"breadcrumb\":{\"@id\":\"https:\\\/\\\/exparto.pl\\\/ro\\\/produkt\\\/odboj-resor-gumowy-stozkowy-h-155-na-2-sruby-m12\\\/#breadcrumb\"},\"inLanguage\":\"ro-RO\",\"potentialAction\":[{\"@type\":\"ReadAction\",\"target\":[\"https:\\\/\\\/exparto.pl\\\/ro\\\/produkt\\\/odboj-resor-gumowy-stozkowy-h-155-na-2-sruby-m12\\\/\"]}]},{\"@type\":\"ImageObject\",\"inLanguage\":\"ro-RO\",\"@id\":\"https:\\\/\\\/exparto.pl\\\/ro\\\/produkt\\\/odboj-resor-gumowy-stozkowy-h-155-na-2-sruby-m12\\\/#primaryimage\",\"url\":\"https:\\\/\\\/exparto.pl\\\/wp-content\\\/uploads\\\/2024\\\/01\\\/1a07325d978fb7a4d34fba3515cb0af7.jpg\",\"contentUrl\":\"https:\\\/\\\/exparto.pl\\\/wp-content\\\/uploads\\\/2024\\\/01\\\/1a07325d978fb7a4d34fba3515cb0af7.jpg\",\"width\":1000,\"height\":1000},{\"@type\":\"BreadcrumbList\",\"@id\":\"https:\\\/\\\/exparto.pl\\\/ro\\\/produkt\\\/odboj-resor-gumowy-stozkowy-h-155-na-2-sruby-m12\\\/#breadcrumb\",\"itemListElement\":[{\"@type\":\"ListItem\",\"position\":1,\"name\":\"Pagina de start\",\"item\":\"https:\\\/\\\/exparto.pl\\\/ro\\\/pagina-de-start\\\/\"},{\"@type\":\"ListItem\",\"position\":2,\"name\":\"Sklep\",\"item\":\"https:\\\/\\\/exparto.pl\\\/sklep\\\/\"},{\"@type\":\"ListItem\",\"position\":3,\"name\":\"Piese de remorc\u0103\",\"item\":\"https:\\\/\\\/exparto.pl\\\/ro\\\/categoria-de-produse\\\/piese-de-remorca\\\/\"},{\"@type\":\"ListItem\",\"position\":4,\"name\":\"Odb\u00f3j, resor gumowy sto\u017ckowy H-155 na 2 \u015bruby M12\"}]},{\"@type\":\"WebSite\",\"@id\":\"https:\\\/\\\/exparto.pl\\\/ro\\\/#website\",\"url\":\"https:\\\/\\\/exparto.pl\\\/ro\\\/\",\"name\":\"EXPARTO\",\"description\":\"More than agro parts\",\"publisher\":{\"@id\":\"https:\\\/\\\/exparto.pl\\\/ro\\\/#organization\"},\"potentialAction\":[{\"@type\":\"SearchAction\",\"target\":{\"@type\":\"EntryPoint\",\"urlTemplate\":\"https:\\\/\\\/exparto.pl\\\/ro\\\/?s={search_term_string}\"},\"query-input\":{\"@type\":\"PropertyValueSpecification\",\"valueRequired\":true,\"valueName\":\"search_term_string\"}}],\"inLanguage\":\"ro-RO\"},{\"@type\":\"Organization\",\"@id\":\"https:\\\/\\\/exparto.pl\\\/ro\\\/#organization\",\"name\":\"EXPARTO\",\"url\":\"https:\\\/\\\/exparto.pl\\\/ro\\\/\",\"logo\":{\"@type\":\"ImageObject\",\"inLanguage\":\"ro-RO\",\"@id\":\"https:\\\/\\\/exparto.pl\\\/ro\\\/#\\\/schema\\\/logo\\\/image\\\/\",\"url\":\"https:\\\/\\\/exparto.pl\\\/wp-content\\\/uploads\\\/2023\\\/02\\\/logo-wektor.png\",\"contentUrl\":\"https:\\\/\\\/exparto.pl\\\/wp-content\\\/uploads\\\/2023\\\/02\\\/logo-wektor.png\",\"width\":1338,\"height\":143,\"caption\":\"EXPARTO\"},\"image\":{\"@id\":\"https:\\\/\\\/exparto.pl\\\/ro\\\/#\\\/schema\\\/logo\\\/image\\\/\"},\"sameAs\":[\"https:\\\/\\\/www.facebook.com\\\/exparto.agro\\\/\"]}]}<\/script>\n<!-- \/ Yoast SEO plugin. -->","yoast_head_json":{"title":"Odb\u00f3j, resor gumowy sto\u017ckowy H-155 na 2 \u015bruby M12 - Exparto.pl","robots":{"index":"index","follow":"follow","max-snippet":"max-snippet:-1","max-image-preview":"max-image-preview:large","max-video-preview":"max-video-preview:-1"},"canonical":"https:\/\/exparto.pl\/ro\/produkt\/odboj-resor-gumowy-stozkowy-h-155-na-2-sruby-m12\/","og_locale":"ro_RO","og_type":"article","og_title":"Odb\u00f3j, resor gumowy sto\u017ckowy H-155 na 2 \u015bruby M12 - Exparto.pl","og_description":"Odb\u00f3j, resor gumowy sto\u017ckowy H-155","og_url":"https:\/\/exparto.pl\/ro\/produkt\/odboj-resor-gumowy-stozkowy-h-155-na-2-sruby-m12\/","og_site_name":"Exparto.pl","article_publisher":"https:\/\/www.facebook.com\/exparto.agro\/","article_modified_time":"2026-03-12T15:40:56+00:00","og_image":[{"width":1000,"height":1000,"url":"https:\/\/exparto.pl\/wp-content\/uploads\/2024\/01\/1a07325d978fb7a4d34fba3515cb0af7.jpg","type":"image\/jpeg"}],"twitter_card":"summary_large_image","twitter_misc":{"Timp estimat pentru citire":"1 minut"},"schema":{"@context":"https:\/\/schema.org","@graph":[{"@type":"WebPage","@id":"https:\/\/exparto.pl\/ro\/produkt\/odboj-resor-gumowy-stozkowy-h-155-na-2-sruby-m12\/","url":"https:\/\/exparto.pl\/ro\/produkt\/odboj-resor-gumowy-stozkowy-h-155-na-2-sruby-m12\/","name":"Odb\u00f3j, resor gumowy sto\u017ckowy H-155 na 2 \u015bruby M12 - Exparto.pl","isPartOf":{"@id":"https:\/\/exparto.pl\/ro\/#website"},"primaryImageOfPage":{"@id":"https:\/\/exparto.pl\/ro\/produkt\/odboj-resor-gumowy-stozkowy-h-155-na-2-sruby-m12\/#primaryimage"},"image":{"@id":"https:\/\/exparto.pl\/ro\/produkt\/odboj-resor-gumowy-stozkowy-h-155-na-2-sruby-m12\/#primaryimage"},"thumbnailUrl":"https:\/\/exparto.pl\/wp-content\/uploads\/2024\/01\/1a07325d978fb7a4d34fba3515cb0af7.jpg","datePublished":"2024-01-12T12:02:59+00:00","dateModified":"2026-03-12T15:40:56+00:00","breadcrumb":{"@id":"https:\/\/exparto.pl\/ro\/produkt\/odboj-resor-gumowy-stozkowy-h-155-na-2-sruby-m12\/#breadcrumb"},"inLanguage":"ro-RO","potentialAction":[{"@type":"ReadAction","target":["https:\/\/exparto.pl\/ro\/produkt\/odboj-resor-gumowy-stozkowy-h-155-na-2-sruby-m12\/"]}]},{"@type":"ImageObject","inLanguage":"ro-RO","@id":"https:\/\/exparto.pl\/ro\/produkt\/odboj-resor-gumowy-stozkowy-h-155-na-2-sruby-m12\/#primaryimage","url":"https:\/\/exparto.pl\/wp-content\/uploads\/2024\/01\/1a07325d978fb7a4d34fba3515cb0af7.jpg","contentUrl":"https:\/\/exparto.pl\/wp-content\/uploads\/2024\/01\/1a07325d978fb7a4d34fba3515cb0af7.jpg","width":1000,"height":1000},{"@type":"BreadcrumbList","@id":"https:\/\/exparto.pl\/ro\/produkt\/odboj-resor-gumowy-stozkowy-h-155-na-2-sruby-m12\/#breadcrumb","itemListElement":[{"@type":"ListItem","position":1,"name":"Pagina de start","item":"https:\/\/exparto.pl\/ro\/pagina-de-start\/"},{"@type":"ListItem","position":2,"name":"Sklep","item":"https:\/\/exparto.pl\/sklep\/"},{"@type":"ListItem","position":3,"name":"Piese de remorc\u0103","item":"https:\/\/exparto.pl\/ro\/categoria-de-produse\/piese-de-remorca\/"},{"@type":"ListItem","position":4,"name":"Odb\u00f3j, resor gumowy sto\u017ckowy H-155 na 2 \u015bruby M12"}]},{"@type":"WebSite","@id":"https:\/\/exparto.pl\/ro\/#website","url":"https:\/\/exparto.pl\/ro\/","name":"EXPARTO","description":"More than agro parts","publisher":{"@id":"https:\/\/exparto.pl\/ro\/#organization"},"potentialAction":[{"@type":"SearchAction","target":{"@type":"EntryPoint","urlTemplate":"https:\/\/exparto.pl\/ro\/?s={search_term_string}"},"query-input":{"@type":"PropertyValueSpecification","valueRequired":true,"valueName":"search_term_string"}}],"inLanguage":"ro-RO"},{"@type":"Organization","@id":"https:\/\/exparto.pl\/ro\/#organization","name":"EXPARTO","url":"https:\/\/exparto.pl\/ro\/","logo":{"@type":"ImageObject","inLanguage":"ro-RO","@id":"https:\/\/exparto.pl\/ro\/#\/schema\/logo\/image\/","url":"https:\/\/exparto.pl\/wp-content\/uploads\/2023\/02\/logo-wektor.png","contentUrl":"https:\/\/exparto.pl\/wp-content\/uploads\/2023\/02\/logo-wektor.png","width":1338,"height":143,"caption":"EXPARTO"},"image":{"@id":"https:\/\/exparto.pl\/ro\/#\/schema\/logo\/image\/"},"sameAs":["https:\/\/www.facebook.com\/exparto.agro\/"]}]}},"_links":{"self":[{"href":"https:\/\/exparto.pl\/ro\/wp-json\/wp\/v2\/product\/17899","targetHints":{"allow":["GET"]}}],"collection":[{"href":"https:\/\/exparto.pl\/ro\/wp-json\/wp\/v2\/product"}],"about":[{"href":"https:\/\/exparto.pl\/ro\/wp-json\/wp\/v2\/types\/product"}],"replies":[{"embeddable":true,"href":"https:\/\/exparto.pl\/ro\/wp-json\/wp\/v2\/comments?post=17899"}],"wp:featuredmedia":[{"embeddable":true,"href":"https:\/\/exparto.pl\/ro\/wp-json\/wp\/v2\/media\/17884"}],"wp:attachment":[{"href":"https:\/\/exparto.pl\/ro\/wp-json\/wp\/v2\/media?parent=17899"}],"wp:term":[{"taxonomy":"product_brand","embeddable":true,"href":"https:\/\/exparto.pl\/ro\/wp-json\/wp\/v2\/product_brand?post=17899"},{"taxonomy":"product_cat","embeddable":true,"href":"https:\/\/exparto.pl\/ro\/wp-json\/wp\/v2\/product_cat?post=17899"},{"taxonomy":"product_tag","embeddable":true,"href":"https:\/\/exparto.pl\/ro\/wp-json\/wp\/v2\/product_tag?post=17899"}],"curies":[{"name":"wp","href":"https:\/\/api.w.org\/{rel}","templated":true}]}}