{"id":18173,"date":"2024-01-15T08:51:53","date_gmt":"2024-01-15T07:51:53","guid":{"rendered":"https:\/\/exparto.pl\/produkt\/chlapacz-gumowy-oslona-przednia-blotnika-z-okuciem-195x150-ursus-c-360-c-330-mf\/"},"modified":"2026-04-05T15:00:08","modified_gmt":"2026-04-05T13:00:08","slug":"chlapacz-gumowy-oslona-przednia-blotnika-z-okuciem-195x150-ursus-c-360-c-330-mf","status":"publish","type":"product","link":"https:\/\/exparto.pl\/ro\/produkt\/chlapacz-gumowy-oslona-przednia-blotnika-z-okuciem-195x150-ursus-c-360-c-330-mf\/","title":{"rendered":"Os\u0142ona b\u0142otna okuta MF C-330 C-360 chlapacz przedni"},"content":{"rendered":"<p style=\"text-align: justify\">Os\u0142ona przednia b\u0142otnika z okuciem.<\/p>\n<p style=\"text-align: justify\"><b>Zastosowanie:<\/b><\/p>\n<ul>\n<li style=\"text-align: justify\">ci\u0105gniki rolnicze Ursus C-360 C-330 MF T-25<\/li>\n<\/ul>\n<div style=\"text-align: justify\"><b>Numer katalogowy:<\/b><\/div>\n<div>\n<ul>\n<li style=\"text-align: justify\">50570040<\/li>\n<\/ul>\n<\/div>\n","protected":false},"excerpt":{"rendered":"<p style=\"text-align: justify\">Os\u0142ona przednia b\u0142otnika z okuciem<\/p>\n","protected":false},"featured_media":18147,"comment_status":"open","ping_status":"closed","template":"","meta":{"_acf_changed":false,"inline_featured_image":false},"product_brand":[],"product_cat":[757,45,138,139,140],"product_tag":[],"class_list":{"0":"post-18173","1":"product","2":"type-product","3":"status-publish","4":"has-post-thumbnail","6":"product_cat-chlapacze-gumowe","7":"product_cat-czesci-do-ciagnikow","8":"product_cat-czesci-do-ursus","9":"product_cat-ursus-c330","10":"product_cat-ursus-c360","12":"first","13":"instock","14":"taxable","15":"shipping-taxable","16":"purchasable","17":"product-type-simple"},"acf":[],"yoast_head":"<!-- This site is optimized with the Yoast SEO plugin v27.2 - https:\/\/yoast.com\/product\/yoast-seo-wordpress\/ -->\n<title>Os\u0142ona b\u0142otna okuta MF C-330 C-360 chlapacz przedni - Exparto.pl<\/title>\n<meta name=\"robots\" content=\"index, follow, max-snippet:-1, max-image-preview:large, max-video-preview:-1\" \/>\n<link rel=\"canonical\" href=\"https:\/\/exparto.pl\/ro\/produkt\/chlapacz-gumowy-oslona-przednia-blotnika-z-okuciem-195x150-ursus-c-360-c-330-mf\/\" \/>\n<meta property=\"og:locale\" content=\"ro_RO\" \/>\n<meta property=\"og:type\" content=\"article\" \/>\n<meta property=\"og:title\" content=\"Os\u0142ona b\u0142otna okuta MF C-330 C-360 chlapacz przedni - Exparto.pl\" \/>\n<meta property=\"og:description\" content=\"Os\u0142ona przednia b\u0142otnika z okuciem\" \/>\n<meta property=\"og:url\" content=\"https:\/\/exparto.pl\/ro\/produkt\/chlapacz-gumowy-oslona-przednia-blotnika-z-okuciem-195x150-ursus-c-360-c-330-mf\/\" \/>\n<meta property=\"og:site_name\" content=\"Exparto.pl\" \/>\n<meta property=\"article:publisher\" content=\"https:\/\/www.facebook.com\/exparto.agro\/\" \/>\n<meta property=\"article:modified_time\" content=\"2026-04-05T13:00:08+00:00\" \/>\n<meta property=\"og:image\" content=\"https:\/\/exparto.pl\/wp-content\/uploads\/2024\/01\/6d7150eadb3ec185c980bb8fb1a67f51.jpg\" \/>\n\t<meta property=\"og:image:width\" content=\"1000\" \/>\n\t<meta property=\"og:image:height\" content=\"1000\" \/>\n\t<meta property=\"og:image:type\" content=\"image\/jpeg\" \/>\n<meta name=\"twitter:card\" content=\"summary_large_image\" \/>\n<meta name=\"twitter:label1\" content=\"Timp estimat pentru citire\" \/>\n\t<meta name=\"twitter:data1\" content=\"1 minut\" \/>\n<script type=\"application\/ld+json\" class=\"yoast-schema-graph\">{\"@context\":\"https:\/\/schema.org\",\"@graph\":[{\"@type\":\"WebPage\",\"@id\":\"https:\/\/exparto.pl\/ro\/produkt\/chlapacz-gumowy-oslona-przednia-blotnika-z-okuciem-195x150-ursus-c-360-c-330-mf\/\",\"url\":\"https:\/\/exparto.pl\/ro\/produkt\/chlapacz-gumowy-oslona-przednia-blotnika-z-okuciem-195x150-ursus-c-360-c-330-mf\/\",\"name\":\"Os\u0142ona b\u0142otna okuta MF C-330 C-360 chlapacz przedni - Exparto.pl\",\"isPartOf\":{\"@id\":\"https:\/\/exparto.pl\/ro\/#website\"},\"primaryImageOfPage\":{\"@id\":\"https:\/\/exparto.pl\/ro\/produkt\/chlapacz-gumowy-oslona-przednia-blotnika-z-okuciem-195x150-ursus-c-360-c-330-mf\/#primaryimage\"},\"image\":{\"@id\":\"https:\/\/exparto.pl\/ro\/produkt\/chlapacz-gumowy-oslona-przednia-blotnika-z-okuciem-195x150-ursus-c-360-c-330-mf\/#primaryimage\"},\"thumbnailUrl\":\"https:\/\/exparto.pl\/wp-content\/uploads\/2024\/01\/6d7150eadb3ec185c980bb8fb1a67f51.jpg\",\"datePublished\":\"2024-01-15T07:51:53+00:00\",\"dateModified\":\"2026-04-05T13:00:08+00:00\",\"breadcrumb\":{\"@id\":\"https:\/\/exparto.pl\/ro\/produkt\/chlapacz-gumowy-oslona-przednia-blotnika-z-okuciem-195x150-ursus-c-360-c-330-mf\/#breadcrumb\"},\"inLanguage\":\"ro-RO\",\"potentialAction\":[{\"@type\":\"ReadAction\",\"target\":[\"https:\/\/exparto.pl\/ro\/produkt\/chlapacz-gumowy-oslona-przednia-blotnika-z-okuciem-195x150-ursus-c-360-c-330-mf\/\"]}]},{\"@type\":\"ImageObject\",\"inLanguage\":\"ro-RO\",\"@id\":\"https:\/\/exparto.pl\/ro\/produkt\/chlapacz-gumowy-oslona-przednia-blotnika-z-okuciem-195x150-ursus-c-360-c-330-mf\/#primaryimage\",\"url\":\"https:\/\/exparto.pl\/wp-content\/uploads\/2024\/01\/6d7150eadb3ec185c980bb8fb1a67f51.jpg\",\"contentUrl\":\"https:\/\/exparto.pl\/wp-content\/uploads\/2024\/01\/6d7150eadb3ec185c980bb8fb1a67f51.jpg\",\"width\":1000,\"height\":1000},{\"@type\":\"BreadcrumbList\",\"@id\":\"https:\/\/exparto.pl\/ro\/produkt\/chlapacz-gumowy-oslona-przednia-blotnika-z-okuciem-195x150-ursus-c-360-c-330-mf\/#breadcrumb\",\"itemListElement\":[{\"@type\":\"ListItem\",\"position\":1,\"name\":\"Pagina de start\",\"item\":\"https:\/\/exparto.pl\/ro\/pagina-de-start\/\"},{\"@type\":\"ListItem\",\"position\":2,\"name\":\"Sklep\",\"item\":\"https:\/\/exparto.pl\/sklep\/\"},{\"@type\":\"ListItem\",\"position\":3,\"name\":\"Piese pentru tractoare\",\"item\":\"https:\/\/exparto.pl\/ro\/categoria-de-produse\/piese-pentru-tractoare\/\"},{\"@type\":\"ListItem\",\"position\":4,\"name\":\"Chlapacze gumowe\",\"item\":\"https:\/\/exparto.pl\/kategoria-produktu\/czesci-do-ciagnikow\/chlapacze-gumowe\/\"},{\"@type\":\"ListItem\",\"position\":5,\"name\":\"Os\u0142ona b\u0142otna okuta MF C-330 C-360 chlapacz przedni\"}]},{\"@type\":\"WebSite\",\"@id\":\"https:\/\/exparto.pl\/ro\/#website\",\"url\":\"https:\/\/exparto.pl\/ro\/\",\"name\":\"EXPARTO\",\"description\":\"More than agro parts\",\"publisher\":{\"@id\":\"https:\/\/exparto.pl\/ro\/#organization\"},\"potentialAction\":[{\"@type\":\"SearchAction\",\"target\":{\"@type\":\"EntryPoint\",\"urlTemplate\":\"https:\/\/exparto.pl\/ro\/?s={search_term_string}\"},\"query-input\":{\"@type\":\"PropertyValueSpecification\",\"valueRequired\":true,\"valueName\":\"search_term_string\"}}],\"inLanguage\":\"ro-RO\"},{\"@type\":\"Organization\",\"@id\":\"https:\/\/exparto.pl\/ro\/#organization\",\"name\":\"EXPARTO\",\"url\":\"https:\/\/exparto.pl\/ro\/\",\"logo\":{\"@type\":\"ImageObject\",\"inLanguage\":\"ro-RO\",\"@id\":\"https:\/\/exparto.pl\/ro\/#\/schema\/logo\/image\/\",\"url\":\"https:\/\/exparto.pl\/wp-content\/uploads\/2023\/02\/logo-wektor.png\",\"contentUrl\":\"https:\/\/exparto.pl\/wp-content\/uploads\/2023\/02\/logo-wektor.png\",\"width\":1338,\"height\":143,\"caption\":\"EXPARTO\"},\"image\":{\"@id\":\"https:\/\/exparto.pl\/ro\/#\/schema\/logo\/image\/\"},\"sameAs\":[\"https:\/\/www.facebook.com\/exparto.agro\/\"]}]}<\/script>\n<!-- \/ Yoast SEO plugin. -->","yoast_head_json":{"title":"Os\u0142ona b\u0142otna okuta MF C-330 C-360 chlapacz przedni - Exparto.pl","robots":{"index":"index","follow":"follow","max-snippet":"max-snippet:-1","max-image-preview":"max-image-preview:large","max-video-preview":"max-video-preview:-1"},"canonical":"https:\/\/exparto.pl\/ro\/produkt\/chlapacz-gumowy-oslona-przednia-blotnika-z-okuciem-195x150-ursus-c-360-c-330-mf\/","og_locale":"ro_RO","og_type":"article","og_title":"Os\u0142ona b\u0142otna okuta MF C-330 C-360 chlapacz przedni - Exparto.pl","og_description":"Os\u0142ona przednia b\u0142otnika z okuciem","og_url":"https:\/\/exparto.pl\/ro\/produkt\/chlapacz-gumowy-oslona-przednia-blotnika-z-okuciem-195x150-ursus-c-360-c-330-mf\/","og_site_name":"Exparto.pl","article_publisher":"https:\/\/www.facebook.com\/exparto.agro\/","article_modified_time":"2026-04-05T13:00:08+00:00","og_image":[{"width":1000,"height":1000,"url":"https:\/\/exparto.pl\/wp-content\/uploads\/2024\/01\/6d7150eadb3ec185c980bb8fb1a67f51.jpg","type":"image\/jpeg"}],"twitter_card":"summary_large_image","twitter_misc":{"Timp estimat pentru citire":"1 minut"},"schema":{"@context":"https:\/\/schema.org","@graph":[{"@type":"WebPage","@id":"https:\/\/exparto.pl\/ro\/produkt\/chlapacz-gumowy-oslona-przednia-blotnika-z-okuciem-195x150-ursus-c-360-c-330-mf\/","url":"https:\/\/exparto.pl\/ro\/produkt\/chlapacz-gumowy-oslona-przednia-blotnika-z-okuciem-195x150-ursus-c-360-c-330-mf\/","name":"Os\u0142ona b\u0142otna okuta MF C-330 C-360 chlapacz przedni - Exparto.pl","isPartOf":{"@id":"https:\/\/exparto.pl\/ro\/#website"},"primaryImageOfPage":{"@id":"https:\/\/exparto.pl\/ro\/produkt\/chlapacz-gumowy-oslona-przednia-blotnika-z-okuciem-195x150-ursus-c-360-c-330-mf\/#primaryimage"},"image":{"@id":"https:\/\/exparto.pl\/ro\/produkt\/chlapacz-gumowy-oslona-przednia-blotnika-z-okuciem-195x150-ursus-c-360-c-330-mf\/#primaryimage"},"thumbnailUrl":"https:\/\/exparto.pl\/wp-content\/uploads\/2024\/01\/6d7150eadb3ec185c980bb8fb1a67f51.jpg","datePublished":"2024-01-15T07:51:53+00:00","dateModified":"2026-04-05T13:00:08+00:00","breadcrumb":{"@id":"https:\/\/exparto.pl\/ro\/produkt\/chlapacz-gumowy-oslona-przednia-blotnika-z-okuciem-195x150-ursus-c-360-c-330-mf\/#breadcrumb"},"inLanguage":"ro-RO","potentialAction":[{"@type":"ReadAction","target":["https:\/\/exparto.pl\/ro\/produkt\/chlapacz-gumowy-oslona-przednia-blotnika-z-okuciem-195x150-ursus-c-360-c-330-mf\/"]}]},{"@type":"ImageObject","inLanguage":"ro-RO","@id":"https:\/\/exparto.pl\/ro\/produkt\/chlapacz-gumowy-oslona-przednia-blotnika-z-okuciem-195x150-ursus-c-360-c-330-mf\/#primaryimage","url":"https:\/\/exparto.pl\/wp-content\/uploads\/2024\/01\/6d7150eadb3ec185c980bb8fb1a67f51.jpg","contentUrl":"https:\/\/exparto.pl\/wp-content\/uploads\/2024\/01\/6d7150eadb3ec185c980bb8fb1a67f51.jpg","width":1000,"height":1000},{"@type":"BreadcrumbList","@id":"https:\/\/exparto.pl\/ro\/produkt\/chlapacz-gumowy-oslona-przednia-blotnika-z-okuciem-195x150-ursus-c-360-c-330-mf\/#breadcrumb","itemListElement":[{"@type":"ListItem","position":1,"name":"Pagina de start","item":"https:\/\/exparto.pl\/ro\/pagina-de-start\/"},{"@type":"ListItem","position":2,"name":"Sklep","item":"https:\/\/exparto.pl\/sklep\/"},{"@type":"ListItem","position":3,"name":"Piese pentru tractoare","item":"https:\/\/exparto.pl\/ro\/categoria-de-produse\/piese-pentru-tractoare\/"},{"@type":"ListItem","position":4,"name":"Chlapacze gumowe","item":"https:\/\/exparto.pl\/kategoria-produktu\/czesci-do-ciagnikow\/chlapacze-gumowe\/"},{"@type":"ListItem","position":5,"name":"Os\u0142ona b\u0142otna okuta MF C-330 C-360 chlapacz przedni"}]},{"@type":"WebSite","@id":"https:\/\/exparto.pl\/ro\/#website","url":"https:\/\/exparto.pl\/ro\/","name":"EXPARTO","description":"More than agro parts","publisher":{"@id":"https:\/\/exparto.pl\/ro\/#organization"},"potentialAction":[{"@type":"SearchAction","target":{"@type":"EntryPoint","urlTemplate":"https:\/\/exparto.pl\/ro\/?s={search_term_string}"},"query-input":{"@type":"PropertyValueSpecification","valueRequired":true,"valueName":"search_term_string"}}],"inLanguage":"ro-RO"},{"@type":"Organization","@id":"https:\/\/exparto.pl\/ro\/#organization","name":"EXPARTO","url":"https:\/\/exparto.pl\/ro\/","logo":{"@type":"ImageObject","inLanguage":"ro-RO","@id":"https:\/\/exparto.pl\/ro\/#\/schema\/logo\/image\/","url":"https:\/\/exparto.pl\/wp-content\/uploads\/2023\/02\/logo-wektor.png","contentUrl":"https:\/\/exparto.pl\/wp-content\/uploads\/2023\/02\/logo-wektor.png","width":1338,"height":143,"caption":"EXPARTO"},"image":{"@id":"https:\/\/exparto.pl\/ro\/#\/schema\/logo\/image\/"},"sameAs":["https:\/\/www.facebook.com\/exparto.agro\/"]}]}},"_links":{"self":[{"href":"https:\/\/exparto.pl\/ro\/wp-json\/wp\/v2\/product\/18173","targetHints":{"allow":["GET"]}}],"collection":[{"href":"https:\/\/exparto.pl\/ro\/wp-json\/wp\/v2\/product"}],"about":[{"href":"https:\/\/exparto.pl\/ro\/wp-json\/wp\/v2\/types\/product"}],"replies":[{"embeddable":true,"href":"https:\/\/exparto.pl\/ro\/wp-json\/wp\/v2\/comments?post=18173"}],"wp:featuredmedia":[{"embeddable":true,"href":"https:\/\/exparto.pl\/ro\/wp-json\/wp\/v2\/media\/18147"}],"wp:attachment":[{"href":"https:\/\/exparto.pl\/ro\/wp-json\/wp\/v2\/media?parent=18173"}],"wp:term":[{"taxonomy":"product_brand","embeddable":true,"href":"https:\/\/exparto.pl\/ro\/wp-json\/wp\/v2\/product_brand?post=18173"},{"taxonomy":"product_cat","embeddable":true,"href":"https:\/\/exparto.pl\/ro\/wp-json\/wp\/v2\/product_cat?post=18173"},{"taxonomy":"product_tag","embeddable":true,"href":"https:\/\/exparto.pl\/ro\/wp-json\/wp\/v2\/product_tag?post=18173"}],"curies":[{"name":"wp","href":"https:\/\/api.w.org\/{rel}","templated":true}]}}