{"id":20807,"date":"2024-02-15T12:38:36","date_gmt":"2024-02-15T11:38:36","guid":{"rendered":"https:\/\/exparto.pl\/produkt\/kolo-lancuchowe-z-22-3-4-cala-fi-30mm\/"},"modified":"2026-01-21T12:30:21","modified_gmt":"2026-01-21T11:30:21","slug":"kolo-lancuchowe-z-22-3-4-cala-fi-30mm","status":"publish","type":"product","link":"https:\/\/exparto.pl\/ro\/produkt\/kolo-lancuchowe-z-22-3-4-cala-fi-30mm\/","title":{"rendered":"Ko\u0142o \u0142a\u0144cuchowe rozrzutnika Z-22  3\/4 cala fi-30mm"},"content":{"rendered":"<p><p style=\"text-align: justify;\"><b>Zastosowanie<\/b><span style=\"font-weight: 400;\">:\u00a0<\/span><\/p>\n<ul>\n<li style=\"font-weight: 400;\" aria-level=\"1\"><span style=\"font-weight: 400;\">rozrzutnik obornika<\/span><\/li>\n<li style=\"font-weight: 400;\" aria-level=\"1\"><span style=\"font-weight: 400;\">maszyny rolnicze<\/span><\/li>\n<\/ul>\n<p><b>Numer katalogowy<\/b><span style=\"font-weight: 400;\">:<\/span><\/p>\n<ul>\n<li style=\"font-weight: 400;\" aria-level=\"1\"><span style=\"font-weight: 400;\">220805004<\/span><\/li>\n<\/ul>\n<p><span style=\"font-weight: 400;\">W tym miejscu proponujemy Ci wysokiej jako\u015bci ko\u0142o \u0142a\u0144cuchowe rozrzutnika 22 z\u0119by. <\/span><b>Cz\u0119\u015b\u0107 ta pasuje zar\u00f3wno do rozrzutnik\u00f3w obornika, jak i do wielu innych maszyn rolniczych<\/b><span style=\"font-weight: 400;\">. Wykorzystywana jest w uk\u0142adach przenoszenia nap\u0119du. Zapraszamy do zapoznania si\u0119 z jej charakterystyk\u0105.\u00a0<\/span><\/p>\n<h2><span style=\"font-weight: 400;\">Ko\u0142o z\u0119bate \u0142a\u0144cuchowe rozrzutnika \u2013 3\/4 cala, fi 30 mm, Z-22<\/span><\/h2>\n<p><span style=\"font-weight: 400;\">Za co odpowiada ko\u0142o \u0142a\u0144cuchowe rozrzutnika obornika? <\/span><b>To niewielka cz\u0119\u015b\u0107, kt\u00f3ra montowana jest na wale<\/b><span style=\"font-weight: 400;\">. Tam wchodzi w sk\u0142ad uk\u0142adu przenoszenia nap\u0119du, dzi\u0119ki czemu mo\u017cliwe jest przekazywanie mocy z ci\u0105gnika rolniczego do pod\u0142\u0105czonej do niej maszyny. <\/span><b>Oferowane w EXPARTO ko\u0142o \u0142a\u0144cuchowe 3\/4 cala pasuje do rozrzutnika obornika z wa\u0142em o \u015brednicy 30 mm<\/b><span style=\"font-weight: 400;\">. Taka te\u017c jest \u015brednica otworu w kole. Produkt ma 22 z\u0119by, dzi\u0119ki czemu efektywnie przekazuje moment obrotowy. Ko\u0142o \u0142a\u0144cuchowe wykonano ze stali i spe\u0142nia ono najwy\u017csze standardy rynkowe w zakresie wytrzyma\u0142o\u015bci.\u00a0<\/span><\/p>\n<p><p style=\"text-align: justify;\"><span style=\"font-weight: 400;\">Zale\u017cy Ci na komfortowej i bezpiecznej pracy w polu? <\/span><b>Pomo\u017cemy Ci w tym. Jako EXPARTO oferujemy szeroki wyb\u00f3r cz\u0119\u015bci zamiennych do maszyn rolniczych<\/b><span style=\"font-weight: 400;\">. Dost\u0119pne w naszym sklepie ko\u0142o z\u0119bate \u0142a\u0144cuchowe rozrzutnika spe\u0142ni oczekiwania nawet najbardziej wymagaj\u0105cych rolnik\u00f3w. Zapraszamy do zakup\u00f3w. <\/span><\/p>\n","protected":false},"excerpt":{"rendered":"<p style=\"text-align: justify;\">Ko\u0142o \u0142a\u0144cuchowe do rozrzutnika<\/p>\n","protected":false},"featured_media":20792,"comment_status":"open","ping_status":"closed","template":"","meta":{"_acf_changed":false,"inline_featured_image":false},"product_brand":[],"product_cat":[732,735],"product_tag":[],"class_list":{"0":"post-20807","1":"product","2":"type-product","3":"status-publish","4":"has-post-thumbnail","6":"product_cat-czesci-do-rozrzutnika","7":"product_cat-kola-lancuchowe","9":"first","10":"instock","11":"taxable","12":"shipping-taxable","13":"purchasable","14":"product-type-simple"},"acf":[],"yoast_head":"<!-- This site is optimized with the Yoast SEO plugin v27.3 - https:\/\/yoast.com\/product\/yoast-seo-wordpress\/ -->\n<title>Ko\u0142o \u0142a\u0144cuchowe rozrzutnika Z-22 3\/4 cala fi-30mm - Exparto.pl<\/title>\n<meta name=\"robots\" content=\"index, follow, max-snippet:-1, max-image-preview:large, max-video-preview:-1\" \/>\n<link rel=\"canonical\" href=\"https:\/\/exparto.pl\/ro\/produkt\/kolo-lancuchowe-z-22-3-4-cala-fi-30mm\/\" \/>\n<meta property=\"og:locale\" content=\"ro_RO\" \/>\n<meta property=\"og:type\" content=\"article\" \/>\n<meta property=\"og:title\" content=\"Ko\u0142o \u0142a\u0144cuchowe rozrzutnika Z-22 3\/4 cala fi-30mm - Exparto.pl\" \/>\n<meta property=\"og:description\" content=\"Ko\u0142o \u0142a\u0144cuchowe do rozrzutnika\" \/>\n<meta property=\"og:url\" content=\"https:\/\/exparto.pl\/ro\/produkt\/kolo-lancuchowe-z-22-3-4-cala-fi-30mm\/\" \/>\n<meta property=\"og:site_name\" content=\"Exparto.pl\" \/>\n<meta property=\"article:publisher\" content=\"https:\/\/www.facebook.com\/exparto.agro\/\" \/>\n<meta property=\"article:modified_time\" content=\"2026-01-21T11:30:21+00:00\" \/>\n<meta property=\"og:image\" content=\"https:\/\/exparto.pl\/wp-content\/uploads\/2024\/02\/247bb51d5e7f7a88ebc1ad42b7d5d751.jpg\" \/>\n\t<meta property=\"og:image:width\" content=\"1000\" \/>\n\t<meta property=\"og:image:height\" content=\"1000\" \/>\n\t<meta property=\"og:image:type\" content=\"image\/jpeg\" \/>\n<meta name=\"twitter:card\" content=\"summary_large_image\" \/>\n<meta name=\"twitter:label1\" content=\"Timp estimat pentru citire\" \/>\n\t<meta name=\"twitter:data1\" content=\"2 minute\" \/>\n<script type=\"application\/ld+json\" class=\"yoast-schema-graph\">{\"@context\":\"https:\\\/\\\/schema.org\",\"@graph\":[{\"@type\":\"WebPage\",\"@id\":\"https:\\\/\\\/exparto.pl\\\/ro\\\/produkt\\\/kolo-lancuchowe-z-22-3-4-cala-fi-30mm\\\/\",\"url\":\"https:\\\/\\\/exparto.pl\\\/ro\\\/produkt\\\/kolo-lancuchowe-z-22-3-4-cala-fi-30mm\\\/\",\"name\":\"Ko\u0142o \u0142a\u0144cuchowe rozrzutnika Z-22 3\\\/4 cala fi-30mm - Exparto.pl\",\"isPartOf\":{\"@id\":\"https:\\\/\\\/exparto.pl\\\/ro\\\/#website\"},\"primaryImageOfPage\":{\"@id\":\"https:\\\/\\\/exparto.pl\\\/ro\\\/produkt\\\/kolo-lancuchowe-z-22-3-4-cala-fi-30mm\\\/#primaryimage\"},\"image\":{\"@id\":\"https:\\\/\\\/exparto.pl\\\/ro\\\/produkt\\\/kolo-lancuchowe-z-22-3-4-cala-fi-30mm\\\/#primaryimage\"},\"thumbnailUrl\":\"https:\\\/\\\/exparto.pl\\\/wp-content\\\/uploads\\\/2024\\\/02\\\/247bb51d5e7f7a88ebc1ad42b7d5d751.jpg\",\"datePublished\":\"2024-02-15T11:38:36+00:00\",\"dateModified\":\"2026-01-21T11:30:21+00:00\",\"breadcrumb\":{\"@id\":\"https:\\\/\\\/exparto.pl\\\/ro\\\/produkt\\\/kolo-lancuchowe-z-22-3-4-cala-fi-30mm\\\/#breadcrumb\"},\"inLanguage\":\"ro-RO\",\"potentialAction\":[{\"@type\":\"ReadAction\",\"target\":[\"https:\\\/\\\/exparto.pl\\\/ro\\\/produkt\\\/kolo-lancuchowe-z-22-3-4-cala-fi-30mm\\\/\"]}]},{\"@type\":\"ImageObject\",\"inLanguage\":\"ro-RO\",\"@id\":\"https:\\\/\\\/exparto.pl\\\/ro\\\/produkt\\\/kolo-lancuchowe-z-22-3-4-cala-fi-30mm\\\/#primaryimage\",\"url\":\"https:\\\/\\\/exparto.pl\\\/wp-content\\\/uploads\\\/2024\\\/02\\\/247bb51d5e7f7a88ebc1ad42b7d5d751.jpg\",\"contentUrl\":\"https:\\\/\\\/exparto.pl\\\/wp-content\\\/uploads\\\/2024\\\/02\\\/247bb51d5e7f7a88ebc1ad42b7d5d751.jpg\",\"width\":1000,\"height\":1000},{\"@type\":\"BreadcrumbList\",\"@id\":\"https:\\\/\\\/exparto.pl\\\/ro\\\/produkt\\\/kolo-lancuchowe-z-22-3-4-cala-fi-30mm\\\/#breadcrumb\",\"itemListElement\":[{\"@type\":\"ListItem\",\"position\":1,\"name\":\"Pagina de start\",\"item\":\"https:\\\/\\\/exparto.pl\\\/ro\\\/pagina-de-start\\\/\"},{\"@type\":\"ListItem\",\"position\":2,\"name\":\"Sklep\",\"item\":\"https:\\\/\\\/exparto.pl\\\/sklep\\\/\"},{\"@type\":\"ListItem\",\"position\":3,\"name\":\"Cz\u0119\u015bci do rozrzutnika\",\"item\":\"https:\\\/\\\/exparto.pl\\\/kategoria-produktu\\\/czesci-do-rozrzutnika\\\/\"},{\"@type\":\"ListItem\",\"position\":4,\"name\":\"Ko\u0142a \u0142a\u0144cuchowe\",\"item\":\"https:\\\/\\\/exparto.pl\\\/kategoria-produktu\\\/czesci-do-rozrzutnika\\\/kola-lancuchowe\\\/\"},{\"@type\":\"ListItem\",\"position\":5,\"name\":\"Ko\u0142o \u0142a\u0144cuchowe rozrzutnika Z-22 3\\\/4 cala fi-30mm\"}]},{\"@type\":\"WebSite\",\"@id\":\"https:\\\/\\\/exparto.pl\\\/ro\\\/#website\",\"url\":\"https:\\\/\\\/exparto.pl\\\/ro\\\/\",\"name\":\"EXPARTO\",\"description\":\"More than agro parts\",\"publisher\":{\"@id\":\"https:\\\/\\\/exparto.pl\\\/ro\\\/#organization\"},\"potentialAction\":[{\"@type\":\"SearchAction\",\"target\":{\"@type\":\"EntryPoint\",\"urlTemplate\":\"https:\\\/\\\/exparto.pl\\\/ro\\\/?s={search_term_string}\"},\"query-input\":{\"@type\":\"PropertyValueSpecification\",\"valueRequired\":true,\"valueName\":\"search_term_string\"}}],\"inLanguage\":\"ro-RO\"},{\"@type\":\"Organization\",\"@id\":\"https:\\\/\\\/exparto.pl\\\/ro\\\/#organization\",\"name\":\"EXPARTO\",\"url\":\"https:\\\/\\\/exparto.pl\\\/ro\\\/\",\"logo\":{\"@type\":\"ImageObject\",\"inLanguage\":\"ro-RO\",\"@id\":\"https:\\\/\\\/exparto.pl\\\/ro\\\/#\\\/schema\\\/logo\\\/image\\\/\",\"url\":\"https:\\\/\\\/exparto.pl\\\/wp-content\\\/uploads\\\/2023\\\/02\\\/logo-wektor.png\",\"contentUrl\":\"https:\\\/\\\/exparto.pl\\\/wp-content\\\/uploads\\\/2023\\\/02\\\/logo-wektor.png\",\"width\":1338,\"height\":143,\"caption\":\"EXPARTO\"},\"image\":{\"@id\":\"https:\\\/\\\/exparto.pl\\\/ro\\\/#\\\/schema\\\/logo\\\/image\\\/\"},\"sameAs\":[\"https:\\\/\\\/www.facebook.com\\\/exparto.agro\\\/\"]}]}<\/script>\n<!-- \/ Yoast SEO plugin. -->","yoast_head_json":{"title":"Ko\u0142o \u0142a\u0144cuchowe rozrzutnika Z-22 3\/4 cala fi-30mm - Exparto.pl","robots":{"index":"index","follow":"follow","max-snippet":"max-snippet:-1","max-image-preview":"max-image-preview:large","max-video-preview":"max-video-preview:-1"},"canonical":"https:\/\/exparto.pl\/ro\/produkt\/kolo-lancuchowe-z-22-3-4-cala-fi-30mm\/","og_locale":"ro_RO","og_type":"article","og_title":"Ko\u0142o \u0142a\u0144cuchowe rozrzutnika Z-22 3\/4 cala fi-30mm - Exparto.pl","og_description":"Ko\u0142o \u0142a\u0144cuchowe do rozrzutnika","og_url":"https:\/\/exparto.pl\/ro\/produkt\/kolo-lancuchowe-z-22-3-4-cala-fi-30mm\/","og_site_name":"Exparto.pl","article_publisher":"https:\/\/www.facebook.com\/exparto.agro\/","article_modified_time":"2026-01-21T11:30:21+00:00","og_image":[{"width":1000,"height":1000,"url":"https:\/\/exparto.pl\/wp-content\/uploads\/2024\/02\/247bb51d5e7f7a88ebc1ad42b7d5d751.jpg","type":"image\/jpeg"}],"twitter_card":"summary_large_image","twitter_misc":{"Timp estimat pentru citire":"2 minute"},"schema":{"@context":"https:\/\/schema.org","@graph":[{"@type":"WebPage","@id":"https:\/\/exparto.pl\/ro\/produkt\/kolo-lancuchowe-z-22-3-4-cala-fi-30mm\/","url":"https:\/\/exparto.pl\/ro\/produkt\/kolo-lancuchowe-z-22-3-4-cala-fi-30mm\/","name":"Ko\u0142o \u0142a\u0144cuchowe rozrzutnika Z-22 3\/4 cala fi-30mm - Exparto.pl","isPartOf":{"@id":"https:\/\/exparto.pl\/ro\/#website"},"primaryImageOfPage":{"@id":"https:\/\/exparto.pl\/ro\/produkt\/kolo-lancuchowe-z-22-3-4-cala-fi-30mm\/#primaryimage"},"image":{"@id":"https:\/\/exparto.pl\/ro\/produkt\/kolo-lancuchowe-z-22-3-4-cala-fi-30mm\/#primaryimage"},"thumbnailUrl":"https:\/\/exparto.pl\/wp-content\/uploads\/2024\/02\/247bb51d5e7f7a88ebc1ad42b7d5d751.jpg","datePublished":"2024-02-15T11:38:36+00:00","dateModified":"2026-01-21T11:30:21+00:00","breadcrumb":{"@id":"https:\/\/exparto.pl\/ro\/produkt\/kolo-lancuchowe-z-22-3-4-cala-fi-30mm\/#breadcrumb"},"inLanguage":"ro-RO","potentialAction":[{"@type":"ReadAction","target":["https:\/\/exparto.pl\/ro\/produkt\/kolo-lancuchowe-z-22-3-4-cala-fi-30mm\/"]}]},{"@type":"ImageObject","inLanguage":"ro-RO","@id":"https:\/\/exparto.pl\/ro\/produkt\/kolo-lancuchowe-z-22-3-4-cala-fi-30mm\/#primaryimage","url":"https:\/\/exparto.pl\/wp-content\/uploads\/2024\/02\/247bb51d5e7f7a88ebc1ad42b7d5d751.jpg","contentUrl":"https:\/\/exparto.pl\/wp-content\/uploads\/2024\/02\/247bb51d5e7f7a88ebc1ad42b7d5d751.jpg","width":1000,"height":1000},{"@type":"BreadcrumbList","@id":"https:\/\/exparto.pl\/ro\/produkt\/kolo-lancuchowe-z-22-3-4-cala-fi-30mm\/#breadcrumb","itemListElement":[{"@type":"ListItem","position":1,"name":"Pagina de start","item":"https:\/\/exparto.pl\/ro\/pagina-de-start\/"},{"@type":"ListItem","position":2,"name":"Sklep","item":"https:\/\/exparto.pl\/sklep\/"},{"@type":"ListItem","position":3,"name":"Cz\u0119\u015bci do rozrzutnika","item":"https:\/\/exparto.pl\/kategoria-produktu\/czesci-do-rozrzutnika\/"},{"@type":"ListItem","position":4,"name":"Ko\u0142a \u0142a\u0144cuchowe","item":"https:\/\/exparto.pl\/kategoria-produktu\/czesci-do-rozrzutnika\/kola-lancuchowe\/"},{"@type":"ListItem","position":5,"name":"Ko\u0142o \u0142a\u0144cuchowe rozrzutnika Z-22 3\/4 cala fi-30mm"}]},{"@type":"WebSite","@id":"https:\/\/exparto.pl\/ro\/#website","url":"https:\/\/exparto.pl\/ro\/","name":"EXPARTO","description":"More than agro parts","publisher":{"@id":"https:\/\/exparto.pl\/ro\/#organization"},"potentialAction":[{"@type":"SearchAction","target":{"@type":"EntryPoint","urlTemplate":"https:\/\/exparto.pl\/ro\/?s={search_term_string}"},"query-input":{"@type":"PropertyValueSpecification","valueRequired":true,"valueName":"search_term_string"}}],"inLanguage":"ro-RO"},{"@type":"Organization","@id":"https:\/\/exparto.pl\/ro\/#organization","name":"EXPARTO","url":"https:\/\/exparto.pl\/ro\/","logo":{"@type":"ImageObject","inLanguage":"ro-RO","@id":"https:\/\/exparto.pl\/ro\/#\/schema\/logo\/image\/","url":"https:\/\/exparto.pl\/wp-content\/uploads\/2023\/02\/logo-wektor.png","contentUrl":"https:\/\/exparto.pl\/wp-content\/uploads\/2023\/02\/logo-wektor.png","width":1338,"height":143,"caption":"EXPARTO"},"image":{"@id":"https:\/\/exparto.pl\/ro\/#\/schema\/logo\/image\/"},"sameAs":["https:\/\/www.facebook.com\/exparto.agro\/"]}]}},"_links":{"self":[{"href":"https:\/\/exparto.pl\/ro\/wp-json\/wp\/v2\/product\/20807","targetHints":{"allow":["GET"]}}],"collection":[{"href":"https:\/\/exparto.pl\/ro\/wp-json\/wp\/v2\/product"}],"about":[{"href":"https:\/\/exparto.pl\/ro\/wp-json\/wp\/v2\/types\/product"}],"replies":[{"embeddable":true,"href":"https:\/\/exparto.pl\/ro\/wp-json\/wp\/v2\/comments?post=20807"}],"wp:featuredmedia":[{"embeddable":true,"href":"https:\/\/exparto.pl\/ro\/wp-json\/wp\/v2\/media\/20792"}],"wp:attachment":[{"href":"https:\/\/exparto.pl\/ro\/wp-json\/wp\/v2\/media?parent=20807"}],"wp:term":[{"taxonomy":"product_brand","embeddable":true,"href":"https:\/\/exparto.pl\/ro\/wp-json\/wp\/v2\/product_brand?post=20807"},{"taxonomy":"product_cat","embeddable":true,"href":"https:\/\/exparto.pl\/ro\/wp-json\/wp\/v2\/product_cat?post=20807"},{"taxonomy":"product_tag","embeddable":true,"href":"https:\/\/exparto.pl\/ro\/wp-json\/wp\/v2\/product_tag?post=20807"}],"curies":[{"name":"wp","href":"https:\/\/api.w.org\/{rel}","templated":true}]}}