{"id":20833,"date":"2024-02-15T13:15:33","date_gmt":"2024-02-15T12:15:33","guid":{"rendered":"https:\/\/exparto.pl\/produkt\/licznik-bel-slomy-6-cyfrowy-do-prasy-sipma\/"},"modified":"2026-04-01T14:14:59","modified_gmt":"2026-04-01T12:14:59","slug":"licznik-bel-slomy-6-cyfrowy-do-prasy-sipma","status":"publish","type":"product","link":"https:\/\/exparto.pl\/ro\/produkt\/licznik-bel-slomy-6-cyfrowy-do-prasy-sipma\/","title":{"rendered":"Licznik bel s\u0142omy 6 cyfrowy do prasy SIPMA"},"content":{"rendered":"<p>Prawid\u0142owe monitorowanie wydajno\u015bci podczas zbior\u00f3w zale\u017cy od precyzyjnych wskaza\u0144 oraz solidnych cz\u0119\u015bci do prasy, kt\u00f3re gwarantuj\u0105 pe\u0142n\u0105 kontrol\u0119 nad ilo\u015bci\u0105 zebranego materia\u0142u. Oferowany przez nas <strong>mechaniczny, 6-cyfrowy licznik to wytrzyma\u0142y element roboczy, kt\u00f3ry pozwala na dok\u0142adne zliczanie bel, balot\u00f3w lub kostek<\/strong>. Zapraszamy do zapoznania si\u0119 z ofert\u0105 EXPARTO, aby dopasowa\u0107 niezawodne rozwi\u0105zania do swojego parku maszynowego.<\/p>\n<h2><span style=\"font-weight: 400\">Licznik bel do prasy SIPMA \u2013 licznik kostek SIPMA Z-224, cz\u0119\u015bci do prasy kostkuj\u0105cej SIPMA<\/span><\/h2>\n<p>W EXPARTO oferujemy cz\u0119\u015bci do prasy SIPMA, kt\u00f3re zosta\u0142y zaprojektowane, by wytrzyma\u0107 intensywne u\u017cytkowanie oraz du\u017ce obci\u0105\u017cenia<strong>.<\/strong> Wybrany licznik bel SIPMA montuje si\u0119 bezpo\u015brednio przy aparatach wi\u0105\u017c\u0105cych lub nap\u0119dzie igie\u0142, co umo\u017cliwia wygodne zerowanie wyniku za pomoc\u0105 bocznego pokr\u0119t\u0142a. Je\u015bli maszyna nie zlicza poprawnie uformowanych pakiet\u00f3w, odpowiedni licznik do prasy wyeliminuje b\u0142\u0119dy w dokumentacji pracy i u\u0142atwi serwisowanie.<\/p>\n<p>Zakupiony licznik do prasy SIPMA Z-224 posiada otwory monta\u017cowe o \u015brednicy 3 mm, co u\u0142atwia jego stabiln\u0105 instalacj\u0119 w wymagaj\u0105cych warunkach polowych. Wiedza o tym, jak zamontowa\u0107 licznik kostek do prasy, pozwala nam profesjonalnie wspiera\u0107 rolnik\u00f3w w utrzymaniu sprawno\u015bci sprz\u0119tu.<strong> Polecamy tak\u017ce inne cz\u0119\u015bci do prasy kostkuj\u0105cej SIPMA Z-224 i zach\u0119camy do zakupu, by przygotowa\u0107 swoje maszyny rolnicze na nadchodz\u0105ce \u017cniwa.<\/strong><\/p>\n<p style=\"text-align: justify\"><strong>Zastosowanie:<\/strong><\/p>\n<ul>\n<li style=\"text-align: justify\">Sipma Z-224\/1 i 224\/2, Z-269, Z-270, Z-276, Z-276\/1, Z-279, Z-279\/1, Z-569, Z-569\/1, Z-570 oraz pochodne.<\/li>\n<\/ul>\n<div style=\"text-align: justify\"><b>Numer katalogowy:<\/b><\/div>\n<div>\n<ul>\n<li>PS00-025<\/li>\n<li style=\"text-align: justify\">5224000000<\/li>\n<li>5224\/00-000\/0<\/li>\n<li>0829405016<\/li>\n<li>0829-405-016<\/li>\n<li>0008011932<\/li>\n<\/ul>\n<\/div>\n<div style=\"text-align: justify\"><\/div>\n","protected":false},"excerpt":{"rendered":"<p style=\"text-align: justify\">Licznik bel s\u0142omy do prasy mechaniczny 6-cyfrowy<\/p>\n","protected":false},"featured_media":20808,"comment_status":"open","ping_status":"closed","template":"","meta":{"_acf_changed":false,"inline_featured_image":false},"product_brand":[],"product_cat":[48,116],"product_tag":[],"class_list":{"0":"post-20833","1":"product","2":"type-product","3":"status-publish","4":"has-post-thumbnail","6":"product_cat-czesci-do-prasy-kostkujacej","7":"product_cat-czesci-do-prasy-sipma","9":"first","10":"instock","11":"taxable","12":"shipping-taxable","13":"purchasable","14":"product-type-simple"},"acf":[],"yoast_head":"<!-- This site is optimized with the Yoast SEO plugin v27.3 - https:\/\/yoast.com\/product\/yoast-seo-wordpress\/ -->\n<title>Licznik bel s\u0142omy 6 cyfrowy do prasy SIPMA - Exparto.pl<\/title>\n<meta name=\"robots\" content=\"index, follow, max-snippet:-1, max-image-preview:large, max-video-preview:-1\" \/>\n<link rel=\"canonical\" href=\"https:\/\/exparto.pl\/ro\/produkt\/licznik-bel-slomy-6-cyfrowy-do-prasy-sipma\/\" \/>\n<meta property=\"og:locale\" content=\"ro_RO\" \/>\n<meta property=\"og:type\" content=\"article\" \/>\n<meta property=\"og:title\" content=\"Licznik bel s\u0142omy 6 cyfrowy do prasy SIPMA - Exparto.pl\" \/>\n<meta property=\"og:description\" content=\"Licznik bel s\u0142omy do prasy mechaniczny 6-cyfrowy\" \/>\n<meta property=\"og:url\" content=\"https:\/\/exparto.pl\/ro\/produkt\/licznik-bel-slomy-6-cyfrowy-do-prasy-sipma\/\" \/>\n<meta property=\"og:site_name\" content=\"Exparto.pl\" \/>\n<meta property=\"article:publisher\" content=\"https:\/\/www.facebook.com\/exparto.agro\/\" \/>\n<meta property=\"article:modified_time\" content=\"2026-04-01T12:14:59+00:00\" \/>\n<meta property=\"og:image\" content=\"https:\/\/exparto.pl\/wp-content\/uploads\/2024\/02\/a3411cb9b3c680de87bc8e7231d73bbd.jpg\" \/>\n\t<meta property=\"og:image:width\" content=\"1000\" \/>\n\t<meta property=\"og:image:height\" content=\"1000\" \/>\n\t<meta property=\"og:image:type\" content=\"image\/jpeg\" \/>\n<meta name=\"twitter:card\" content=\"summary_large_image\" \/>\n<meta name=\"twitter:label1\" content=\"Timp estimat pentru citire\" \/>\n\t<meta name=\"twitter:data1\" content=\"2 minute\" \/>\n<script type=\"application\/ld+json\" class=\"yoast-schema-graph\">{\"@context\":\"https:\\\/\\\/schema.org\",\"@graph\":[{\"@type\":\"WebPage\",\"@id\":\"https:\\\/\\\/exparto.pl\\\/ro\\\/produkt\\\/licznik-bel-slomy-6-cyfrowy-do-prasy-sipma\\\/\",\"url\":\"https:\\\/\\\/exparto.pl\\\/ro\\\/produkt\\\/licznik-bel-slomy-6-cyfrowy-do-prasy-sipma\\\/\",\"name\":\"Licznik bel s\u0142omy 6 cyfrowy do prasy SIPMA - Exparto.pl\",\"isPartOf\":{\"@id\":\"https:\\\/\\\/exparto.pl\\\/ro\\\/#website\"},\"primaryImageOfPage\":{\"@id\":\"https:\\\/\\\/exparto.pl\\\/ro\\\/produkt\\\/licznik-bel-slomy-6-cyfrowy-do-prasy-sipma\\\/#primaryimage\"},\"image\":{\"@id\":\"https:\\\/\\\/exparto.pl\\\/ro\\\/produkt\\\/licznik-bel-slomy-6-cyfrowy-do-prasy-sipma\\\/#primaryimage\"},\"thumbnailUrl\":\"https:\\\/\\\/exparto.pl\\\/wp-content\\\/uploads\\\/2024\\\/02\\\/a3411cb9b3c680de87bc8e7231d73bbd.jpg\",\"datePublished\":\"2024-02-15T12:15:33+00:00\",\"dateModified\":\"2026-04-01T12:14:59+00:00\",\"breadcrumb\":{\"@id\":\"https:\\\/\\\/exparto.pl\\\/ro\\\/produkt\\\/licznik-bel-slomy-6-cyfrowy-do-prasy-sipma\\\/#breadcrumb\"},\"inLanguage\":\"ro-RO\",\"potentialAction\":[{\"@type\":\"ReadAction\",\"target\":[\"https:\\\/\\\/exparto.pl\\\/ro\\\/produkt\\\/licznik-bel-slomy-6-cyfrowy-do-prasy-sipma\\\/\"]}]},{\"@type\":\"ImageObject\",\"inLanguage\":\"ro-RO\",\"@id\":\"https:\\\/\\\/exparto.pl\\\/ro\\\/produkt\\\/licznik-bel-slomy-6-cyfrowy-do-prasy-sipma\\\/#primaryimage\",\"url\":\"https:\\\/\\\/exparto.pl\\\/wp-content\\\/uploads\\\/2024\\\/02\\\/a3411cb9b3c680de87bc8e7231d73bbd.jpg\",\"contentUrl\":\"https:\\\/\\\/exparto.pl\\\/wp-content\\\/uploads\\\/2024\\\/02\\\/a3411cb9b3c680de87bc8e7231d73bbd.jpg\",\"width\":1000,\"height\":1000},{\"@type\":\"BreadcrumbList\",\"@id\":\"https:\\\/\\\/exparto.pl\\\/ro\\\/produkt\\\/licznik-bel-slomy-6-cyfrowy-do-prasy-sipma\\\/#breadcrumb\",\"itemListElement\":[{\"@type\":\"ListItem\",\"position\":1,\"name\":\"Pagina de start\",\"item\":\"https:\\\/\\\/exparto.pl\\\/ro\\\/pagina-de-start\\\/\"},{\"@type\":\"ListItem\",\"position\":2,\"name\":\"Sklep\",\"item\":\"https:\\\/\\\/exparto.pl\\\/sklep\\\/\"},{\"@type\":\"ListItem\",\"position\":3,\"name\":\"Piese de pres\u0103\",\"item\":\"https:\\\/\\\/exparto.pl\\\/ro\\\/categoria-de-produse\\\/piese-de-presa\\\/\"},{\"@type\":\"ListItem\",\"position\":4,\"name\":\"Licznik bel s\u0142omy 6 cyfrowy do prasy SIPMA\"}]},{\"@type\":\"WebSite\",\"@id\":\"https:\\\/\\\/exparto.pl\\\/ro\\\/#website\",\"url\":\"https:\\\/\\\/exparto.pl\\\/ro\\\/\",\"name\":\"EXPARTO\",\"description\":\"More than agro parts\",\"publisher\":{\"@id\":\"https:\\\/\\\/exparto.pl\\\/ro\\\/#organization\"},\"potentialAction\":[{\"@type\":\"SearchAction\",\"target\":{\"@type\":\"EntryPoint\",\"urlTemplate\":\"https:\\\/\\\/exparto.pl\\\/ro\\\/?s={search_term_string}\"},\"query-input\":{\"@type\":\"PropertyValueSpecification\",\"valueRequired\":true,\"valueName\":\"search_term_string\"}}],\"inLanguage\":\"ro-RO\"},{\"@type\":\"Organization\",\"@id\":\"https:\\\/\\\/exparto.pl\\\/ro\\\/#organization\",\"name\":\"EXPARTO\",\"url\":\"https:\\\/\\\/exparto.pl\\\/ro\\\/\",\"logo\":{\"@type\":\"ImageObject\",\"inLanguage\":\"ro-RO\",\"@id\":\"https:\\\/\\\/exparto.pl\\\/ro\\\/#\\\/schema\\\/logo\\\/image\\\/\",\"url\":\"https:\\\/\\\/exparto.pl\\\/wp-content\\\/uploads\\\/2023\\\/02\\\/logo-wektor.png\",\"contentUrl\":\"https:\\\/\\\/exparto.pl\\\/wp-content\\\/uploads\\\/2023\\\/02\\\/logo-wektor.png\",\"width\":1338,\"height\":143,\"caption\":\"EXPARTO\"},\"image\":{\"@id\":\"https:\\\/\\\/exparto.pl\\\/ro\\\/#\\\/schema\\\/logo\\\/image\\\/\"},\"sameAs\":[\"https:\\\/\\\/www.facebook.com\\\/exparto.agro\\\/\"]}]}<\/script>\n<!-- \/ Yoast SEO plugin. -->","yoast_head_json":{"title":"Licznik bel s\u0142omy 6 cyfrowy do prasy SIPMA - Exparto.pl","robots":{"index":"index","follow":"follow","max-snippet":"max-snippet:-1","max-image-preview":"max-image-preview:large","max-video-preview":"max-video-preview:-1"},"canonical":"https:\/\/exparto.pl\/ro\/produkt\/licznik-bel-slomy-6-cyfrowy-do-prasy-sipma\/","og_locale":"ro_RO","og_type":"article","og_title":"Licznik bel s\u0142omy 6 cyfrowy do prasy SIPMA - Exparto.pl","og_description":"Licznik bel s\u0142omy do prasy mechaniczny 6-cyfrowy","og_url":"https:\/\/exparto.pl\/ro\/produkt\/licznik-bel-slomy-6-cyfrowy-do-prasy-sipma\/","og_site_name":"Exparto.pl","article_publisher":"https:\/\/www.facebook.com\/exparto.agro\/","article_modified_time":"2026-04-01T12:14:59+00:00","og_image":[{"width":1000,"height":1000,"url":"https:\/\/exparto.pl\/wp-content\/uploads\/2024\/02\/a3411cb9b3c680de87bc8e7231d73bbd.jpg","type":"image\/jpeg"}],"twitter_card":"summary_large_image","twitter_misc":{"Timp estimat pentru citire":"2 minute"},"schema":{"@context":"https:\/\/schema.org","@graph":[{"@type":"WebPage","@id":"https:\/\/exparto.pl\/ro\/produkt\/licznik-bel-slomy-6-cyfrowy-do-prasy-sipma\/","url":"https:\/\/exparto.pl\/ro\/produkt\/licznik-bel-slomy-6-cyfrowy-do-prasy-sipma\/","name":"Licznik bel s\u0142omy 6 cyfrowy do prasy SIPMA - Exparto.pl","isPartOf":{"@id":"https:\/\/exparto.pl\/ro\/#website"},"primaryImageOfPage":{"@id":"https:\/\/exparto.pl\/ro\/produkt\/licznik-bel-slomy-6-cyfrowy-do-prasy-sipma\/#primaryimage"},"image":{"@id":"https:\/\/exparto.pl\/ro\/produkt\/licznik-bel-slomy-6-cyfrowy-do-prasy-sipma\/#primaryimage"},"thumbnailUrl":"https:\/\/exparto.pl\/wp-content\/uploads\/2024\/02\/a3411cb9b3c680de87bc8e7231d73bbd.jpg","datePublished":"2024-02-15T12:15:33+00:00","dateModified":"2026-04-01T12:14:59+00:00","breadcrumb":{"@id":"https:\/\/exparto.pl\/ro\/produkt\/licznik-bel-slomy-6-cyfrowy-do-prasy-sipma\/#breadcrumb"},"inLanguage":"ro-RO","potentialAction":[{"@type":"ReadAction","target":["https:\/\/exparto.pl\/ro\/produkt\/licznik-bel-slomy-6-cyfrowy-do-prasy-sipma\/"]}]},{"@type":"ImageObject","inLanguage":"ro-RO","@id":"https:\/\/exparto.pl\/ro\/produkt\/licznik-bel-slomy-6-cyfrowy-do-prasy-sipma\/#primaryimage","url":"https:\/\/exparto.pl\/wp-content\/uploads\/2024\/02\/a3411cb9b3c680de87bc8e7231d73bbd.jpg","contentUrl":"https:\/\/exparto.pl\/wp-content\/uploads\/2024\/02\/a3411cb9b3c680de87bc8e7231d73bbd.jpg","width":1000,"height":1000},{"@type":"BreadcrumbList","@id":"https:\/\/exparto.pl\/ro\/produkt\/licznik-bel-slomy-6-cyfrowy-do-prasy-sipma\/#breadcrumb","itemListElement":[{"@type":"ListItem","position":1,"name":"Pagina de start","item":"https:\/\/exparto.pl\/ro\/pagina-de-start\/"},{"@type":"ListItem","position":2,"name":"Sklep","item":"https:\/\/exparto.pl\/sklep\/"},{"@type":"ListItem","position":3,"name":"Piese de pres\u0103","item":"https:\/\/exparto.pl\/ro\/categoria-de-produse\/piese-de-presa\/"},{"@type":"ListItem","position":4,"name":"Licznik bel s\u0142omy 6 cyfrowy do prasy SIPMA"}]},{"@type":"WebSite","@id":"https:\/\/exparto.pl\/ro\/#website","url":"https:\/\/exparto.pl\/ro\/","name":"EXPARTO","description":"More than agro parts","publisher":{"@id":"https:\/\/exparto.pl\/ro\/#organization"},"potentialAction":[{"@type":"SearchAction","target":{"@type":"EntryPoint","urlTemplate":"https:\/\/exparto.pl\/ro\/?s={search_term_string}"},"query-input":{"@type":"PropertyValueSpecification","valueRequired":true,"valueName":"search_term_string"}}],"inLanguage":"ro-RO"},{"@type":"Organization","@id":"https:\/\/exparto.pl\/ro\/#organization","name":"EXPARTO","url":"https:\/\/exparto.pl\/ro\/","logo":{"@type":"ImageObject","inLanguage":"ro-RO","@id":"https:\/\/exparto.pl\/ro\/#\/schema\/logo\/image\/","url":"https:\/\/exparto.pl\/wp-content\/uploads\/2023\/02\/logo-wektor.png","contentUrl":"https:\/\/exparto.pl\/wp-content\/uploads\/2023\/02\/logo-wektor.png","width":1338,"height":143,"caption":"EXPARTO"},"image":{"@id":"https:\/\/exparto.pl\/ro\/#\/schema\/logo\/image\/"},"sameAs":["https:\/\/www.facebook.com\/exparto.agro\/"]}]}},"_links":{"self":[{"href":"https:\/\/exparto.pl\/ro\/wp-json\/wp\/v2\/product\/20833","targetHints":{"allow":["GET"]}}],"collection":[{"href":"https:\/\/exparto.pl\/ro\/wp-json\/wp\/v2\/product"}],"about":[{"href":"https:\/\/exparto.pl\/ro\/wp-json\/wp\/v2\/types\/product"}],"replies":[{"embeddable":true,"href":"https:\/\/exparto.pl\/ro\/wp-json\/wp\/v2\/comments?post=20833"}],"wp:featuredmedia":[{"embeddable":true,"href":"https:\/\/exparto.pl\/ro\/wp-json\/wp\/v2\/media\/20808"}],"wp:attachment":[{"href":"https:\/\/exparto.pl\/ro\/wp-json\/wp\/v2\/media?parent=20833"}],"wp:term":[{"taxonomy":"product_brand","embeddable":true,"href":"https:\/\/exparto.pl\/ro\/wp-json\/wp\/v2\/product_brand?post=20833"},{"taxonomy":"product_cat","embeddable":true,"href":"https:\/\/exparto.pl\/ro\/wp-json\/wp\/v2\/product_cat?post=20833"},{"taxonomy":"product_tag","embeddable":true,"href":"https:\/\/exparto.pl\/ro\/wp-json\/wp\/v2\/product_tag?post=20833"}],"curies":[{"name":"wp","href":"https:\/\/api.w.org\/{rel}","templated":true}]}}