{"id":21088,"date":"2024-02-19T18:42:29","date_gmt":"2024-02-19T17:42:29","guid":{"rendered":"https:\/\/exparto.pl\/produkt\/przystawka-kompletna-do-kosiarki-rotacyjnej-165m\/"},"modified":"2026-01-21T12:32:32","modified_gmt":"2026-01-21T11:32:32","slug":"przystawka-kompletna-do-kosiarki-rotacyjnej-165m","status":"publish","type":"product","link":"https:\/\/exparto.pl\/ro\/produkt\/przystawka-kompletna-do-kosiarki-rotacyjnej-165m\/","title":{"rendered":"Przystawka kompletna do kosiarki rotacyjnej 1,65m"},"content":{"rendered":"<p><span style=\"font-weight: 400;\">W swoim gospodarstwie rolnym wykorzystujesz kosiark\u0119 rotacyjn\u0105 o szeroko\u015bci roboczej 1,65 m? <\/span><b>Przygotowali\u015bmy dla Ciebie dedykowan\u0105 ofert\u0119. Znajdziesz w niej kompletn\u0105 przystawk\u0119 do kosiarki rotacyjnej<\/b><span style=\"font-weight: 400;\">. Wykonana jest ona z wytrzyma\u0142ych i odpornych na eksploatacj\u0119 materia\u0142\u00f3w. Zapraszamy do zapoznania si\u0119 z jej w\u0142a\u015bciwo\u015bciami.<\/span><\/p>\n<h2><span style=\"font-weight: 400;\">Przystawka do kosiarki rotacyjnej &#8211; 1,65m &#8211; kompletna<\/span><\/h2>\n<p><b>Przystawka do kosiarki rotacyjnej to element uk\u0142adu przenoszenia mocy z ci\u0105gnika na maszyn\u0119 rolnicz\u0105<\/b><span style=\"font-weight: 400;\">. Stanowi wa\u017cn\u0105 cz\u0119\u015b\u0107, kt\u00f3ra wp\u0142ywa na p\u0142ynne i efektywne przekazanie mocy, dzi\u0119ki czemu mo\u017cliwe jest wykorzystywanie kosiarki rotacyjnej w pracach na polu. <\/span><b>W EXPARTO proponujemy kompletne rozwi\u0105zanie, kt\u00f3re zawiera wa\u0142ek szlifowany pod \u0142o\u017cyska oraz ko\u0142o pasowe<\/b><span style=\"font-weight: 400;\">. Zestaw ten jest gotowy do monta\u017cu w maszynie rolniczej. Z powodzeniem dokonasz go we w\u0142asnym zakresie.\u00a0<\/span><\/p>\n<p style=\"text-align: justify;\">\n<p><span style=\"font-weight: 400;\">Dost\u0119pna w EXPARTO przystawka do kosiarki rotacyjnej o szeroko\u015bci roboczej 1,65 m, wykonana jest ze starannie dobranych materia\u0142\u00f3w. <\/span><b>Produkt ten charakteryzuje si\u0119 wysok\u0105 wytrzyma\u0142o\u015bci\u0105, odporno\u015bci\u0105 na u\u017cytkowanie oraz prost\u0105 obs\u0142ug\u0105<\/b><span style=\"font-weight: 400;\">. Kupuj\u0105c cz\u0119\u015bci w naszym sklepie, zapewniasz sobie optymaln\u0105 prac\u0119 maszyn rolniczych oraz mniejsze ryzyko ich usterek. To sprawia, \u017ce prowadzenie gospodarstwa jest jeszcze bardziej op\u0142acalne.\u00a0<\/span><\/p>\n<p style=\"text-align: justify;\">\n<p><b>Zapraszamy do zakup\u00f3w przystawki i innych cz\u0119\u015bci do kosiarki rotacyjnej z oferty EXPARTO<\/b><span style=\"font-weight: 400;\">. Razem z nami zadbaj o bezpiecze\u0144stwo i wygod\u0119 pracy w polu.\u00a0<\/span><\/p>\n<p style=\"text-align: justify;\">\n<p><b>Zastosowanie<\/b><span style=\"font-weight: 400;\">:\u00a0<\/span><\/p>\n<p style=\"text-align: justify;\">\n<p><span style=\"font-weight: 400;\">Pasuje do kosiarek o szeroko\u015bci roboczej 1,65<\/span><\/p>\n<p style=\"text-align: justify;\">\n<p><b>Numer katalogowy<\/b><span style=\"font-weight: 400;\">:<\/span><\/p>\n<p style=\"text-align: justify;\">\n<p style=\"text-align: justify;\"><span style=\"font-weight: 400;\">5036010240<\/span><\/p>\n","protected":false},"excerpt":{"rendered":"<p style=\"text-align: justify;\">Przystawka kompletna do kosiarki 1,65m<\/p>\n","protected":false},"featured_media":21068,"comment_status":"open","ping_status":"closed","template":"","meta":{"_acf_changed":false,"inline_featured_image":false},"product_brand":[],"product_cat":[49,813],"product_tag":[],"class_list":{"0":"post-21088","1":"product","2":"type-product","3":"status-publish","4":"has-post-thumbnail","6":"product_cat-czesci-do-kosiarki-rotacyjnej","7":"product_cat-przystawki","9":"first","10":"instock","11":"taxable","12":"shipping-taxable","13":"purchasable","14":"product-type-simple"},"acf":[],"yoast_head":"<!-- This site is optimized with the Yoast SEO plugin v27.2 - https:\/\/yoast.com\/product\/yoast-seo-wordpress\/ -->\n<title>Przystawka kompletna do kosiarki rotacyjnej 1,65m - Exparto.pl<\/title>\n<meta name=\"robots\" content=\"index, follow, max-snippet:-1, max-image-preview:large, max-video-preview:-1\" \/>\n<link rel=\"canonical\" href=\"https:\/\/exparto.pl\/ro\/produkt\/przystawka-kompletna-do-kosiarki-rotacyjnej-165m\/\" \/>\n<meta property=\"og:locale\" content=\"ro_RO\" \/>\n<meta property=\"og:type\" content=\"article\" \/>\n<meta property=\"og:title\" content=\"Przystawka kompletna do kosiarki rotacyjnej 1,65m - Exparto.pl\" \/>\n<meta property=\"og:description\" content=\"Przystawka kompletna do kosiarki 1,65m\" \/>\n<meta property=\"og:url\" content=\"https:\/\/exparto.pl\/ro\/produkt\/przystawka-kompletna-do-kosiarki-rotacyjnej-165m\/\" \/>\n<meta property=\"og:site_name\" content=\"Exparto.pl\" \/>\n<meta property=\"article:publisher\" content=\"https:\/\/www.facebook.com\/exparto.agro\/\" \/>\n<meta property=\"article:modified_time\" content=\"2026-01-21T11:32:32+00:00\" \/>\n<meta property=\"og:image\" content=\"https:\/\/exparto.pl\/wp-content\/uploads\/2024\/02\/da74c9c168790c4f2a6bf9492be4c7c4.jpg\" \/>\n\t<meta property=\"og:image:width\" content=\"1000\" \/>\n\t<meta property=\"og:image:height\" content=\"1000\" \/>\n\t<meta property=\"og:image:type\" content=\"image\/jpeg\" \/>\n<meta name=\"twitter:card\" content=\"summary_large_image\" \/>\n<meta name=\"twitter:label1\" content=\"Timp estimat pentru citire\" \/>\n\t<meta name=\"twitter:data1\" content=\"2 minute\" \/>\n<script type=\"application\/ld+json\" class=\"yoast-schema-graph\">{\"@context\":\"https:\/\/schema.org\",\"@graph\":[{\"@type\":\"WebPage\",\"@id\":\"https:\/\/exparto.pl\/ro\/produkt\/przystawka-kompletna-do-kosiarki-rotacyjnej-165m\/\",\"url\":\"https:\/\/exparto.pl\/ro\/produkt\/przystawka-kompletna-do-kosiarki-rotacyjnej-165m\/\",\"name\":\"Przystawka kompletna do kosiarki rotacyjnej 1,65m - Exparto.pl\",\"isPartOf\":{\"@id\":\"https:\/\/exparto.pl\/ro\/#website\"},\"primaryImageOfPage\":{\"@id\":\"https:\/\/exparto.pl\/ro\/produkt\/przystawka-kompletna-do-kosiarki-rotacyjnej-165m\/#primaryimage\"},\"image\":{\"@id\":\"https:\/\/exparto.pl\/ro\/produkt\/przystawka-kompletna-do-kosiarki-rotacyjnej-165m\/#primaryimage\"},\"thumbnailUrl\":\"https:\/\/exparto.pl\/wp-content\/uploads\/2024\/02\/da74c9c168790c4f2a6bf9492be4c7c4.jpg\",\"datePublished\":\"2024-02-19T17:42:29+00:00\",\"dateModified\":\"2026-01-21T11:32:32+00:00\",\"breadcrumb\":{\"@id\":\"https:\/\/exparto.pl\/ro\/produkt\/przystawka-kompletna-do-kosiarki-rotacyjnej-165m\/#breadcrumb\"},\"inLanguage\":\"ro-RO\",\"potentialAction\":[{\"@type\":\"ReadAction\",\"target\":[\"https:\/\/exparto.pl\/ro\/produkt\/przystawka-kompletna-do-kosiarki-rotacyjnej-165m\/\"]}]},{\"@type\":\"ImageObject\",\"inLanguage\":\"ro-RO\",\"@id\":\"https:\/\/exparto.pl\/ro\/produkt\/przystawka-kompletna-do-kosiarki-rotacyjnej-165m\/#primaryimage\",\"url\":\"https:\/\/exparto.pl\/wp-content\/uploads\/2024\/02\/da74c9c168790c4f2a6bf9492be4c7c4.jpg\",\"contentUrl\":\"https:\/\/exparto.pl\/wp-content\/uploads\/2024\/02\/da74c9c168790c4f2a6bf9492be4c7c4.jpg\",\"width\":1000,\"height\":1000},{\"@type\":\"BreadcrumbList\",\"@id\":\"https:\/\/exparto.pl\/ro\/produkt\/przystawka-kompletna-do-kosiarki-rotacyjnej-165m\/#breadcrumb\",\"itemListElement\":[{\"@type\":\"ListItem\",\"position\":1,\"name\":\"Pagina de start\",\"item\":\"https:\/\/exparto.pl\/ro\/pagina-de-start\/\"},{\"@type\":\"ListItem\",\"position\":2,\"name\":\"Sklep\",\"item\":\"https:\/\/exparto.pl\/sklep\/\"},{\"@type\":\"ListItem\",\"position\":3,\"name\":\"Piese pentru ma\u0219ini de tuns iarba\",\"item\":\"https:\/\/exparto.pl\/ro\/categoria-de-produse\/piese-pentru-masini-de-tuns-iarba\/\"},{\"@type\":\"ListItem\",\"position\":4,\"name\":\"Przystawka kompletna do kosiarki rotacyjnej 1,65m\"}]},{\"@type\":\"WebSite\",\"@id\":\"https:\/\/exparto.pl\/ro\/#website\",\"url\":\"https:\/\/exparto.pl\/ro\/\",\"name\":\"EXPARTO\",\"description\":\"More than agro parts\",\"publisher\":{\"@id\":\"https:\/\/exparto.pl\/ro\/#organization\"},\"potentialAction\":[{\"@type\":\"SearchAction\",\"target\":{\"@type\":\"EntryPoint\",\"urlTemplate\":\"https:\/\/exparto.pl\/ro\/?s={search_term_string}\"},\"query-input\":{\"@type\":\"PropertyValueSpecification\",\"valueRequired\":true,\"valueName\":\"search_term_string\"}}],\"inLanguage\":\"ro-RO\"},{\"@type\":\"Organization\",\"@id\":\"https:\/\/exparto.pl\/ro\/#organization\",\"name\":\"EXPARTO\",\"url\":\"https:\/\/exparto.pl\/ro\/\",\"logo\":{\"@type\":\"ImageObject\",\"inLanguage\":\"ro-RO\",\"@id\":\"https:\/\/exparto.pl\/ro\/#\/schema\/logo\/image\/\",\"url\":\"https:\/\/exparto.pl\/wp-content\/uploads\/2023\/02\/logo-wektor.png\",\"contentUrl\":\"https:\/\/exparto.pl\/wp-content\/uploads\/2023\/02\/logo-wektor.png\",\"width\":1338,\"height\":143,\"caption\":\"EXPARTO\"},\"image\":{\"@id\":\"https:\/\/exparto.pl\/ro\/#\/schema\/logo\/image\/\"},\"sameAs\":[\"https:\/\/www.facebook.com\/exparto.agro\/\"]}]}<\/script>\n<!-- \/ Yoast SEO plugin. -->","yoast_head_json":{"title":"Przystawka kompletna do kosiarki rotacyjnej 1,65m - Exparto.pl","robots":{"index":"index","follow":"follow","max-snippet":"max-snippet:-1","max-image-preview":"max-image-preview:large","max-video-preview":"max-video-preview:-1"},"canonical":"https:\/\/exparto.pl\/ro\/produkt\/przystawka-kompletna-do-kosiarki-rotacyjnej-165m\/","og_locale":"ro_RO","og_type":"article","og_title":"Przystawka kompletna do kosiarki rotacyjnej 1,65m - Exparto.pl","og_description":"Przystawka kompletna do kosiarki 1,65m","og_url":"https:\/\/exparto.pl\/ro\/produkt\/przystawka-kompletna-do-kosiarki-rotacyjnej-165m\/","og_site_name":"Exparto.pl","article_publisher":"https:\/\/www.facebook.com\/exparto.agro\/","article_modified_time":"2026-01-21T11:32:32+00:00","og_image":[{"width":1000,"height":1000,"url":"https:\/\/exparto.pl\/wp-content\/uploads\/2024\/02\/da74c9c168790c4f2a6bf9492be4c7c4.jpg","type":"image\/jpeg"}],"twitter_card":"summary_large_image","twitter_misc":{"Timp estimat pentru citire":"2 minute"},"schema":{"@context":"https:\/\/schema.org","@graph":[{"@type":"WebPage","@id":"https:\/\/exparto.pl\/ro\/produkt\/przystawka-kompletna-do-kosiarki-rotacyjnej-165m\/","url":"https:\/\/exparto.pl\/ro\/produkt\/przystawka-kompletna-do-kosiarki-rotacyjnej-165m\/","name":"Przystawka kompletna do kosiarki rotacyjnej 1,65m - Exparto.pl","isPartOf":{"@id":"https:\/\/exparto.pl\/ro\/#website"},"primaryImageOfPage":{"@id":"https:\/\/exparto.pl\/ro\/produkt\/przystawka-kompletna-do-kosiarki-rotacyjnej-165m\/#primaryimage"},"image":{"@id":"https:\/\/exparto.pl\/ro\/produkt\/przystawka-kompletna-do-kosiarki-rotacyjnej-165m\/#primaryimage"},"thumbnailUrl":"https:\/\/exparto.pl\/wp-content\/uploads\/2024\/02\/da74c9c168790c4f2a6bf9492be4c7c4.jpg","datePublished":"2024-02-19T17:42:29+00:00","dateModified":"2026-01-21T11:32:32+00:00","breadcrumb":{"@id":"https:\/\/exparto.pl\/ro\/produkt\/przystawka-kompletna-do-kosiarki-rotacyjnej-165m\/#breadcrumb"},"inLanguage":"ro-RO","potentialAction":[{"@type":"ReadAction","target":["https:\/\/exparto.pl\/ro\/produkt\/przystawka-kompletna-do-kosiarki-rotacyjnej-165m\/"]}]},{"@type":"ImageObject","inLanguage":"ro-RO","@id":"https:\/\/exparto.pl\/ro\/produkt\/przystawka-kompletna-do-kosiarki-rotacyjnej-165m\/#primaryimage","url":"https:\/\/exparto.pl\/wp-content\/uploads\/2024\/02\/da74c9c168790c4f2a6bf9492be4c7c4.jpg","contentUrl":"https:\/\/exparto.pl\/wp-content\/uploads\/2024\/02\/da74c9c168790c4f2a6bf9492be4c7c4.jpg","width":1000,"height":1000},{"@type":"BreadcrumbList","@id":"https:\/\/exparto.pl\/ro\/produkt\/przystawka-kompletna-do-kosiarki-rotacyjnej-165m\/#breadcrumb","itemListElement":[{"@type":"ListItem","position":1,"name":"Pagina de start","item":"https:\/\/exparto.pl\/ro\/pagina-de-start\/"},{"@type":"ListItem","position":2,"name":"Sklep","item":"https:\/\/exparto.pl\/sklep\/"},{"@type":"ListItem","position":3,"name":"Piese pentru ma\u0219ini de tuns iarba","item":"https:\/\/exparto.pl\/ro\/categoria-de-produse\/piese-pentru-masini-de-tuns-iarba\/"},{"@type":"ListItem","position":4,"name":"Przystawka kompletna do kosiarki rotacyjnej 1,65m"}]},{"@type":"WebSite","@id":"https:\/\/exparto.pl\/ro\/#website","url":"https:\/\/exparto.pl\/ro\/","name":"EXPARTO","description":"More than agro parts","publisher":{"@id":"https:\/\/exparto.pl\/ro\/#organization"},"potentialAction":[{"@type":"SearchAction","target":{"@type":"EntryPoint","urlTemplate":"https:\/\/exparto.pl\/ro\/?s={search_term_string}"},"query-input":{"@type":"PropertyValueSpecification","valueRequired":true,"valueName":"search_term_string"}}],"inLanguage":"ro-RO"},{"@type":"Organization","@id":"https:\/\/exparto.pl\/ro\/#organization","name":"EXPARTO","url":"https:\/\/exparto.pl\/ro\/","logo":{"@type":"ImageObject","inLanguage":"ro-RO","@id":"https:\/\/exparto.pl\/ro\/#\/schema\/logo\/image\/","url":"https:\/\/exparto.pl\/wp-content\/uploads\/2023\/02\/logo-wektor.png","contentUrl":"https:\/\/exparto.pl\/wp-content\/uploads\/2023\/02\/logo-wektor.png","width":1338,"height":143,"caption":"EXPARTO"},"image":{"@id":"https:\/\/exparto.pl\/ro\/#\/schema\/logo\/image\/"},"sameAs":["https:\/\/www.facebook.com\/exparto.agro\/"]}]}},"_links":{"self":[{"href":"https:\/\/exparto.pl\/ro\/wp-json\/wp\/v2\/product\/21088","targetHints":{"allow":["GET"]}}],"collection":[{"href":"https:\/\/exparto.pl\/ro\/wp-json\/wp\/v2\/product"}],"about":[{"href":"https:\/\/exparto.pl\/ro\/wp-json\/wp\/v2\/types\/product"}],"replies":[{"embeddable":true,"href":"https:\/\/exparto.pl\/ro\/wp-json\/wp\/v2\/comments?post=21088"}],"wp:featuredmedia":[{"embeddable":true,"href":"https:\/\/exparto.pl\/ro\/wp-json\/wp\/v2\/media\/21068"}],"wp:attachment":[{"href":"https:\/\/exparto.pl\/ro\/wp-json\/wp\/v2\/media?parent=21088"}],"wp:term":[{"taxonomy":"product_brand","embeddable":true,"href":"https:\/\/exparto.pl\/ro\/wp-json\/wp\/v2\/product_brand?post=21088"},{"taxonomy":"product_cat","embeddable":true,"href":"https:\/\/exparto.pl\/ro\/wp-json\/wp\/v2\/product_cat?post=21088"},{"taxonomy":"product_tag","embeddable":true,"href":"https:\/\/exparto.pl\/ro\/wp-json\/wp\/v2\/product_tag?post=21088"}],"curies":[{"name":"wp","href":"https:\/\/api.w.org\/{rel}","templated":true}]}}