{"id":21199,"date":"2024-02-19T18:49:21","date_gmt":"2024-02-19T17:49:21","guid":{"rendered":"https:\/\/exparto.pl\/produkt\/kolo-stozkowe-duze-z-21-fi-25mm\/"},"modified":"2026-05-11T13:59:10","modified_gmt":"2026-05-11T11:59:10","slug":"kolo-stozkowe-duze-z-21-fi-25mm","status":"publish","type":"product","link":"https:\/\/exparto.pl\/ro\/produkt\/kolo-stozkowe-duze-z-21-fi-25mm\/","title":{"rendered":"Ko\u0142o z\u0119bate sto\u017ckowe du\u017ce Z-21 fi-25 do kosiarki rotacyjnej 1,65m 1,35m 5036010670"},"content":{"rendered":"<p>Ze wzgl\u0119du na specyfik\u0119 ich pracy, ko\u0142a sto\u017ckowe w kosiarce rotacyjnej musz\u0105 by\u0107 wytrzyma\u0142e i odporne na intensywne obci\u0105\u017cenia. <strong>W EXPARTO oferujemy ko\u0142o z\u0119bate sto\u017ckowe du\u017ce Z-21 o \u015brednicy otworu 25 mm wykonane z materia\u0142u o wysokiej wytrzyma\u0142o\u015bci, aby jak najlepiej utrzymywa\u0142o stabilne obroty.<\/strong> Zach\u0119camy do zapoznania si\u0119 z ofert\u0105.<\/p>\n<h2><span style=\"font-weight: 400\">Ko\u0142o z\u0119bate sto\u017ckowe Z21 \u2013 ko\u0142o sto\u017ckowe du\u017ce, cz\u0119\u015bci do kosiarki rotacyjnej<\/span><\/h2>\n<p>Dlaczego no\u017ce w kosiarce rotacyjnej uderzaj\u0105 o siebie? Dzieje si\u0119 tak, gdy b\u0119bny przestaj\u0105 pracowa\u0107 r\u00f3wno, co najcz\u0119\u015bciej wynika z sytuacji, gdy ko\u0142a z\u0119bate z\u0142api\u0105 luz lub ich z\u0119by ulegn\u0105 wytarciu. <strong>To ko\u0142o z\u0119bate sto\u017ckowe jest si\u0142\u0105 nap\u0119dow\u0105 ca\u0142ego zespo\u0142u tn\u0105cego, dlatego warto zainwestowa\u0107 w solidn\u0105 cz\u0119\u015b\u0107 dobrej jako\u015bci, aby Twoja kosiarka rotacyjna 1,65 pracowa\u0142a bezpiecznie, a no\u017ce mija\u0142y si\u0119 w precyzyjnie okre\u015blonych odst\u0119pach.<\/strong><\/p>\n<p>Pami\u0119taj, \u017ce ko\u0142o sto\u017ckowe kosiarki rotacyjnej zawsze powinno by\u0107 wymieniane parami &#8211; du\u017ce razem z ma\u0142ym Z-16. Monta\u017c nowej cz\u0119\u015bci do starej i zu\u017cytej szybko sprawi, \u017ce nowa z\u0119batka szybko si\u0119 zniszczy. <strong>W EXPARTO znajdziesz szerok\u0105 ofert\u0119 k\u00f3\u0142 sto\u017ckowych i innych cz\u0119\u015bci do kosiarki rotacyjnej.<\/strong> Zapraszamy do zakup\u00f3w!<\/p>\n<p><strong>Zastosowanie:<\/strong><\/p>\n<ul>\n<li>pasuje do kosiarek rotacyjnych 1,65 m<\/li>\n<\/ul>\n<p><strong>Numer katalogowy:<\/strong><\/p>\n<ul>\n<li>5036010670<\/li>\n<li>503601067<\/li>\n<\/ul>\n","protected":false},"excerpt":{"rendered":"<p>Ko\u0142o z\u0119bate sto\u017ckowe du\u017ce Z-21 o \u015brednicy otworu 25 mm wykonane z materia\u0142u o wysokiej wytrzyma\u0142o\u015bci, aby jak najlepiej utrzymywa\u0142o stabilne obroty.<\/p>\n","protected":false},"featured_media":66334,"comment_status":"open","ping_status":"closed","template":"","meta":{"_acf_changed":false,"inline_featured_image":false},"product_brand":[1048],"product_cat":[49,811,192],"product_tag":[],"class_list":{"0":"post-21199","1":"product","2":"type-product","3":"status-publish","4":"has-post-thumbnail","6":"product_brand-rolmus","7":"product_cat-czesci-do-kosiarki-rotacyjnej","8":"product_cat-kola-stozkowe-duze","9":"product_cat-kola-stozkowe","11":"first","12":"instock","13":"taxable","14":"shipping-taxable","15":"purchasable","16":"product-type-simple"},"acf":[],"yoast_head":"<!-- This site is optimized with the Yoast SEO plugin v27.5 - https:\/\/yoast.com\/product\/yoast-seo-wordpress\/ -->\n<title>Ko\u0142o z\u0119bate sto\u017ckowe du\u017ce Z-21 fi-25 do kosiarki rotacyjnej 1,65m 1,35m 5036010670 - Exparto.pl<\/title>\n<meta name=\"robots\" content=\"index, follow, max-snippet:-1, max-image-preview:large, max-video-preview:-1\" \/>\n<link rel=\"canonical\" href=\"https:\/\/exparto.pl\/ro\/produkt\/kolo-stozkowe-duze-z-21-fi-25mm\/\" \/>\n<meta property=\"og:locale\" content=\"ro_RO\" \/>\n<meta property=\"og:type\" content=\"article\" \/>\n<meta property=\"og:title\" content=\"Ko\u0142o z\u0119bate sto\u017ckowe du\u017ce Z-21 fi-25 do kosiarki rotacyjnej 1,65m 1,35m 5036010670 - Exparto.pl\" \/>\n<meta property=\"og:description\" content=\"Ko\u0142o z\u0119bate sto\u017ckowe du\u017ce Z-21 o \u015brednicy otworu 25 mm wykonane z materia\u0142u o wysokiej wytrzyma\u0142o\u015bci, aby jak najlepiej utrzymywa\u0142o stabilne obroty.\" \/>\n<meta property=\"og:url\" content=\"https:\/\/exparto.pl\/ro\/produkt\/kolo-stozkowe-duze-z-21-fi-25mm\/\" \/>\n<meta property=\"og:site_name\" content=\"Exparto.pl\" \/>\n<meta property=\"article:publisher\" content=\"https:\/\/www.facebook.com\/exparto.agro\/\" \/>\n<meta property=\"article:modified_time\" content=\"2026-05-11T11:59:10+00:00\" \/>\n<meta property=\"og:image\" content=\"https:\/\/exparto.pl\/wp-content\/uploads\/2026\/05\/1a00cf24edb559688893c84472914e4a.jpg\" \/>\n\t<meta property=\"og:image:width\" content=\"1000\" \/>\n\t<meta property=\"og:image:height\" content=\"1000\" \/>\n\t<meta property=\"og:image:type\" content=\"image\/jpeg\" \/>\n<meta name=\"twitter:card\" content=\"summary_large_image\" \/>\n<meta name=\"twitter:label1\" content=\"Timp estimat pentru citire\" \/>\n\t<meta name=\"twitter:data1\" content=\"2 minute\" \/>\n<script type=\"application\/ld+json\" class=\"yoast-schema-graph\">{\"@context\":\"https:\\\/\\\/schema.org\",\"@graph\":[{\"@type\":\"WebPage\",\"@id\":\"https:\\\/\\\/exparto.pl\\\/ro\\\/produkt\\\/kolo-stozkowe-duze-z-21-fi-25mm\\\/\",\"url\":\"https:\\\/\\\/exparto.pl\\\/ro\\\/produkt\\\/kolo-stozkowe-duze-z-21-fi-25mm\\\/\",\"name\":\"Ko\u0142o z\u0119bate sto\u017ckowe du\u017ce Z-21 fi-25 do kosiarki rotacyjnej 1,65m 1,35m 5036010670 - Exparto.pl\",\"isPartOf\":{\"@id\":\"https:\\\/\\\/exparto.pl\\\/ro\\\/#website\"},\"primaryImageOfPage\":{\"@id\":\"https:\\\/\\\/exparto.pl\\\/ro\\\/produkt\\\/kolo-stozkowe-duze-z-21-fi-25mm\\\/#primaryimage\"},\"image\":{\"@id\":\"https:\\\/\\\/exparto.pl\\\/ro\\\/produkt\\\/kolo-stozkowe-duze-z-21-fi-25mm\\\/#primaryimage\"},\"thumbnailUrl\":\"https:\\\/\\\/exparto.pl\\\/wp-content\\\/uploads\\\/2026\\\/05\\\/1a00cf24edb559688893c84472914e4a.jpg\",\"datePublished\":\"2024-02-19T17:49:21+00:00\",\"dateModified\":\"2026-05-11T11:59:10+00:00\",\"breadcrumb\":{\"@id\":\"https:\\\/\\\/exparto.pl\\\/ro\\\/produkt\\\/kolo-stozkowe-duze-z-21-fi-25mm\\\/#breadcrumb\"},\"inLanguage\":\"ro-RO\",\"potentialAction\":[{\"@type\":\"ReadAction\",\"target\":[\"https:\\\/\\\/exparto.pl\\\/ro\\\/produkt\\\/kolo-stozkowe-duze-z-21-fi-25mm\\\/\"]}]},{\"@type\":\"ImageObject\",\"inLanguage\":\"ro-RO\",\"@id\":\"https:\\\/\\\/exparto.pl\\\/ro\\\/produkt\\\/kolo-stozkowe-duze-z-21-fi-25mm\\\/#primaryimage\",\"url\":\"https:\\\/\\\/exparto.pl\\\/wp-content\\\/uploads\\\/2026\\\/05\\\/1a00cf24edb559688893c84472914e4a.jpg\",\"contentUrl\":\"https:\\\/\\\/exparto.pl\\\/wp-content\\\/uploads\\\/2026\\\/05\\\/1a00cf24edb559688893c84472914e4a.jpg\",\"width\":1000,\"height\":1000,\"caption\":\"12317fcc0bbb92feeb712399011609be\"},{\"@type\":\"BreadcrumbList\",\"@id\":\"https:\\\/\\\/exparto.pl\\\/ro\\\/produkt\\\/kolo-stozkowe-duze-z-21-fi-25mm\\\/#breadcrumb\",\"itemListElement\":[{\"@type\":\"ListItem\",\"position\":1,\"name\":\"Pagina de start\",\"item\":\"https:\\\/\\\/exparto.pl\\\/ro\\\/pagina-de-start\\\/\"},{\"@type\":\"ListItem\",\"position\":2,\"name\":\"Sklep\",\"item\":\"https:\\\/\\\/exparto.pl\\\/sklep\\\/\"},{\"@type\":\"ListItem\",\"position\":3,\"name\":\"Piese pentru ma\u0219ini de tuns iarba\",\"item\":\"https:\\\/\\\/exparto.pl\\\/ro\\\/categoria-de-produse\\\/piese-pentru-masini-de-tuns-iarba\\\/\"},{\"@type\":\"ListItem\",\"position\":4,\"name\":\"Ro\u021bi conice\",\"item\":\"https:\\\/\\\/exparto.pl\\\/ro\\\/categoria-de-produse\\\/piese-pentru-masini-de-tuns-iarba\\\/roti-conice\\\/\"},{\"@type\":\"ListItem\",\"position\":5,\"name\":\"Ko\u0142a sto\u017ckowe du\u017ce\",\"item\":\"https:\\\/\\\/exparto.pl\\\/kategoria-produktu\\\/czesci-do-kosiarki-rotacyjnej\\\/kola-stozkowe\\\/kola-stozkowe-duze\\\/\"},{\"@type\":\"ListItem\",\"position\":6,\"name\":\"Ko\u0142o z\u0119bate sto\u017ckowe du\u017ce Z-21 fi-25 do kosiarki rotacyjnej 1,65m 1,35m 5036010670\"}]},{\"@type\":\"WebSite\",\"@id\":\"https:\\\/\\\/exparto.pl\\\/ro\\\/#website\",\"url\":\"https:\\\/\\\/exparto.pl\\\/ro\\\/\",\"name\":\"EXPARTO\",\"description\":\"More than agro parts\",\"publisher\":{\"@id\":\"https:\\\/\\\/exparto.pl\\\/ro\\\/#organization\"},\"potentialAction\":[{\"@type\":\"SearchAction\",\"target\":{\"@type\":\"EntryPoint\",\"urlTemplate\":\"https:\\\/\\\/exparto.pl\\\/ro\\\/?s={search_term_string}\"},\"query-input\":{\"@type\":\"PropertyValueSpecification\",\"valueRequired\":true,\"valueName\":\"search_term_string\"}}],\"inLanguage\":\"ro-RO\"},{\"@type\":\"Organization\",\"@id\":\"https:\\\/\\\/exparto.pl\\\/ro\\\/#organization\",\"name\":\"EXPARTO\",\"url\":\"https:\\\/\\\/exparto.pl\\\/ro\\\/\",\"logo\":{\"@type\":\"ImageObject\",\"inLanguage\":\"ro-RO\",\"@id\":\"https:\\\/\\\/exparto.pl\\\/ro\\\/#\\\/schema\\\/logo\\\/image\\\/\",\"url\":\"https:\\\/\\\/exparto.pl\\\/wp-content\\\/uploads\\\/2023\\\/02\\\/logo-wektor.png\",\"contentUrl\":\"https:\\\/\\\/exparto.pl\\\/wp-content\\\/uploads\\\/2023\\\/02\\\/logo-wektor.png\",\"width\":1338,\"height\":143,\"caption\":\"EXPARTO\"},\"image\":{\"@id\":\"https:\\\/\\\/exparto.pl\\\/ro\\\/#\\\/schema\\\/logo\\\/image\\\/\"},\"sameAs\":[\"https:\\\/\\\/www.facebook.com\\\/exparto.agro\\\/\"]}]}<\/script>\n<!-- \/ Yoast SEO plugin. -->","yoast_head_json":{"title":"Ko\u0142o z\u0119bate sto\u017ckowe du\u017ce Z-21 fi-25 do kosiarki rotacyjnej 1,65m 1,35m 5036010670 - Exparto.pl","robots":{"index":"index","follow":"follow","max-snippet":"max-snippet:-1","max-image-preview":"max-image-preview:large","max-video-preview":"max-video-preview:-1"},"canonical":"https:\/\/exparto.pl\/ro\/produkt\/kolo-stozkowe-duze-z-21-fi-25mm\/","og_locale":"ro_RO","og_type":"article","og_title":"Ko\u0142o z\u0119bate sto\u017ckowe du\u017ce Z-21 fi-25 do kosiarki rotacyjnej 1,65m 1,35m 5036010670 - Exparto.pl","og_description":"Ko\u0142o z\u0119bate sto\u017ckowe du\u017ce Z-21 o \u015brednicy otworu 25 mm wykonane z materia\u0142u o wysokiej wytrzyma\u0142o\u015bci, aby jak najlepiej utrzymywa\u0142o stabilne obroty.","og_url":"https:\/\/exparto.pl\/ro\/produkt\/kolo-stozkowe-duze-z-21-fi-25mm\/","og_site_name":"Exparto.pl","article_publisher":"https:\/\/www.facebook.com\/exparto.agro\/","article_modified_time":"2026-05-11T11:59:10+00:00","og_image":[{"width":1000,"height":1000,"url":"https:\/\/exparto.pl\/wp-content\/uploads\/2026\/05\/1a00cf24edb559688893c84472914e4a.jpg","type":"image\/jpeg"}],"twitter_card":"summary_large_image","twitter_misc":{"Timp estimat pentru citire":"2 minute"},"schema":{"@context":"https:\/\/schema.org","@graph":[{"@type":"WebPage","@id":"https:\/\/exparto.pl\/ro\/produkt\/kolo-stozkowe-duze-z-21-fi-25mm\/","url":"https:\/\/exparto.pl\/ro\/produkt\/kolo-stozkowe-duze-z-21-fi-25mm\/","name":"Ko\u0142o z\u0119bate sto\u017ckowe du\u017ce Z-21 fi-25 do kosiarki rotacyjnej 1,65m 1,35m 5036010670 - Exparto.pl","isPartOf":{"@id":"https:\/\/exparto.pl\/ro\/#website"},"primaryImageOfPage":{"@id":"https:\/\/exparto.pl\/ro\/produkt\/kolo-stozkowe-duze-z-21-fi-25mm\/#primaryimage"},"image":{"@id":"https:\/\/exparto.pl\/ro\/produkt\/kolo-stozkowe-duze-z-21-fi-25mm\/#primaryimage"},"thumbnailUrl":"https:\/\/exparto.pl\/wp-content\/uploads\/2026\/05\/1a00cf24edb559688893c84472914e4a.jpg","datePublished":"2024-02-19T17:49:21+00:00","dateModified":"2026-05-11T11:59:10+00:00","breadcrumb":{"@id":"https:\/\/exparto.pl\/ro\/produkt\/kolo-stozkowe-duze-z-21-fi-25mm\/#breadcrumb"},"inLanguage":"ro-RO","potentialAction":[{"@type":"ReadAction","target":["https:\/\/exparto.pl\/ro\/produkt\/kolo-stozkowe-duze-z-21-fi-25mm\/"]}]},{"@type":"ImageObject","inLanguage":"ro-RO","@id":"https:\/\/exparto.pl\/ro\/produkt\/kolo-stozkowe-duze-z-21-fi-25mm\/#primaryimage","url":"https:\/\/exparto.pl\/wp-content\/uploads\/2026\/05\/1a00cf24edb559688893c84472914e4a.jpg","contentUrl":"https:\/\/exparto.pl\/wp-content\/uploads\/2026\/05\/1a00cf24edb559688893c84472914e4a.jpg","width":1000,"height":1000,"caption":"12317fcc0bbb92feeb712399011609be"},{"@type":"BreadcrumbList","@id":"https:\/\/exparto.pl\/ro\/produkt\/kolo-stozkowe-duze-z-21-fi-25mm\/#breadcrumb","itemListElement":[{"@type":"ListItem","position":1,"name":"Pagina de start","item":"https:\/\/exparto.pl\/ro\/pagina-de-start\/"},{"@type":"ListItem","position":2,"name":"Sklep","item":"https:\/\/exparto.pl\/sklep\/"},{"@type":"ListItem","position":3,"name":"Piese pentru ma\u0219ini de tuns iarba","item":"https:\/\/exparto.pl\/ro\/categoria-de-produse\/piese-pentru-masini-de-tuns-iarba\/"},{"@type":"ListItem","position":4,"name":"Ro\u021bi conice","item":"https:\/\/exparto.pl\/ro\/categoria-de-produse\/piese-pentru-masini-de-tuns-iarba\/roti-conice\/"},{"@type":"ListItem","position":5,"name":"Ko\u0142a sto\u017ckowe du\u017ce","item":"https:\/\/exparto.pl\/kategoria-produktu\/czesci-do-kosiarki-rotacyjnej\/kola-stozkowe\/kola-stozkowe-duze\/"},{"@type":"ListItem","position":6,"name":"Ko\u0142o z\u0119bate sto\u017ckowe du\u017ce Z-21 fi-25 do kosiarki rotacyjnej 1,65m 1,35m 5036010670"}]},{"@type":"WebSite","@id":"https:\/\/exparto.pl\/ro\/#website","url":"https:\/\/exparto.pl\/ro\/","name":"EXPARTO","description":"More than agro parts","publisher":{"@id":"https:\/\/exparto.pl\/ro\/#organization"},"potentialAction":[{"@type":"SearchAction","target":{"@type":"EntryPoint","urlTemplate":"https:\/\/exparto.pl\/ro\/?s={search_term_string}"},"query-input":{"@type":"PropertyValueSpecification","valueRequired":true,"valueName":"search_term_string"}}],"inLanguage":"ro-RO"},{"@type":"Organization","@id":"https:\/\/exparto.pl\/ro\/#organization","name":"EXPARTO","url":"https:\/\/exparto.pl\/ro\/","logo":{"@type":"ImageObject","inLanguage":"ro-RO","@id":"https:\/\/exparto.pl\/ro\/#\/schema\/logo\/image\/","url":"https:\/\/exparto.pl\/wp-content\/uploads\/2023\/02\/logo-wektor.png","contentUrl":"https:\/\/exparto.pl\/wp-content\/uploads\/2023\/02\/logo-wektor.png","width":1338,"height":143,"caption":"EXPARTO"},"image":{"@id":"https:\/\/exparto.pl\/ro\/#\/schema\/logo\/image\/"},"sameAs":["https:\/\/www.facebook.com\/exparto.agro\/"]}]}},"_links":{"self":[{"href":"https:\/\/exparto.pl\/ro\/wp-json\/wp\/v2\/product\/21199","targetHints":{"allow":["GET"]}}],"collection":[{"href":"https:\/\/exparto.pl\/ro\/wp-json\/wp\/v2\/product"}],"about":[{"href":"https:\/\/exparto.pl\/ro\/wp-json\/wp\/v2\/types\/product"}],"replies":[{"embeddable":true,"href":"https:\/\/exparto.pl\/ro\/wp-json\/wp\/v2\/comments?post=21199"}],"wp:featuredmedia":[{"embeddable":true,"href":"https:\/\/exparto.pl\/ro\/wp-json\/wp\/v2\/media\/66334"}],"wp:attachment":[{"href":"https:\/\/exparto.pl\/ro\/wp-json\/wp\/v2\/media?parent=21199"}],"wp:term":[{"taxonomy":"product_brand","embeddable":true,"href":"https:\/\/exparto.pl\/ro\/wp-json\/wp\/v2\/product_brand?post=21199"},{"taxonomy":"product_cat","embeddable":true,"href":"https:\/\/exparto.pl\/ro\/wp-json\/wp\/v2\/product_cat?post=21199"},{"taxonomy":"product_tag","embeddable":true,"href":"https:\/\/exparto.pl\/ro\/wp-json\/wp\/v2\/product_tag?post=21199"}],"curies":[{"name":"wp","href":"https:\/\/api.w.org\/{rel}","templated":true}]}}