{"id":22312,"date":"2024-03-13T19:47:42","date_gmt":"2024-03-13T18:47:42","guid":{"rendered":"https:\/\/exparto.pl\/produkt\/dluto-do-pluga-kuhn-prawe\/"},"modified":"2026-03-29T17:30:11","modified_gmt":"2026-03-29T15:30:11","slug":"dluto-do-pluga-kuhn-prawe","status":"publish","type":"product","link":"https:\/\/exparto.pl\/ro\/produkt\/dluto-do-pluga-kuhn-prawe\/","title":{"rendered":"D\u0142uto do p\u0142uga Kuhn prawe"},"content":{"rendered":"<p style=\"text-align: justify\">\n<p><span style=\"font-weight: 400\">Jako\u015b\u0107 cz\u0119\u015bci roboczych do maszyn rolniczych ma bezpo\u015brednie prze\u0142o\u017cenie na wydajno\u015b\u0107 i efektywno\u015b\u0107 kosztow\u0105 prac w polu. <\/span><b>\u015awietnie to wida\u0107 na przyk\u0142adzie d\u0142uta p\u0142uga. Je\u017celi jest wytrzyma\u0142e, to z powodzeniem sprawdzi si\u0119 przez kilka sezon\u00f3w<\/b><span style=\"font-weight: 400\">. W\u0142a\u015bnie tego rodzaju d\u0142uta do p\u0142uga Kuhn prawe przygotowali\u015bmy w EXPARTO. Zapoznaj si\u0119 ze specyfikacj\u0105 techniczn\u0105 tego elementu.\u00a0<\/span><\/p>\n<h2><span style=\"font-weight: 400\">D\u0142uto do p\u0142uga \u2013 prawe &#8211; Kuhn<\/span><\/h2>\n<p><b>D\u0142uto to p\u0142uga Kuhn prawe to element roboczy maszyny rolniczej, kt\u00f3ra wykorzystywana jest przy r\u00f3\u017cnego rodzaju pracach agrarnych<\/b><span style=\"font-weight: 400\">. P\u0142ug rolniczy s\u0142u\u017cy przede wszystkim do przygotowywania gleby przed wysiewem oraz do doprowadzenia jej do dobrej kondycji po \u017cniwach. D\u0142uto pe\u0142ni wa\u017cn\u0105 funkcj\u0119 w tym procesie. Ma bezpo\u015bredni kontakt z gleb\u0105 i nara\u017cone jest na \u015bcieranie i uszkodzenia powodowane przez kamienie i inne twarde przedmioty.\u00a0<\/span><\/p>\n<p style=\"text-align: justify\">\n<p><span style=\"font-weight: 400\">Ze wzgl\u0119du na specyfik\u0119 pracy d\u0142uta do p\u0142uga Kuhn musz\u0105 by\u0107 bardzo wytrzyma\u0142e. Im d\u0142u\u017csza ich \u017cywotno\u015b\u0107, tym wi\u0119ksze zyski z prowadzenia produkcji rolnej. <\/span><b>W\u0142a\u015bnie dlatego przygotowali\u015bmy dla Ciebie d\u0142uta prawe wykonane z powierzchniowo hartowanej i walcowanej skali<\/b><span style=\"font-weight: 400\">. Produkty te spe\u0142niaj\u0105 najwy\u017csze standardy rynkowe w zakresie wytrzyma\u0142o\u015bci.\u00a0<\/span><\/p>\n<p style=\"text-align: justify\">\n<p><b>Zapraszamy do zakup\u00f3w d\u0142uta prawego do p\u0142uga Kuhn z oferty EXPARTO<\/b><span style=\"font-weight: 400\">. Zapewnij sobie wydajne i bezpieczne cz\u0119\u015bci do maszyn rolniczych.\u00a0<\/span><\/p>\n<p style=\"text-align: justify\">\n<p><b>Zastosowanie<\/b><span style=\"font-weight: 400\">:<\/span><\/p>\n<p><span style=\"font-weight: 400\">Pasuje do p\u0142ug\u00f3w Kuhn<\/span><\/p>\n<p style=\"text-align: justify\">\n<p><b>Numer katalogowy<\/b><span style=\"font-weight: 400\">:<\/span><\/p>\n<p><span style=\"font-weight: 400\">622128\/P<\/span><\/p>\n","protected":false},"excerpt":{"rendered":"<p style=\"text-align: justify\">D\u0142uto prawe<\/p>\n","protected":false},"featured_media":22302,"comment_status":"open","ping_status":"closed","template":"","meta":{"_acf_changed":false,"inline_featured_image":false},"product_brand":[],"product_cat":[765,771,937],"product_tag":[],"class_list":{"0":"post-22312","1":"product","2":"type-product","3":"status-publish","4":"has-post-thumbnail","6":"product_cat-czesci-do-plugow","7":"product_cat-dluta-do-pluga","8":"product_cat-dluta-prawe","10":"first","11":"instock","12":"taxable","13":"shipping-taxable","14":"purchasable","15":"product-type-simple"},"acf":[],"yoast_head":"<!-- This site is optimized with the Yoast SEO plugin v27.2 - https:\/\/yoast.com\/product\/yoast-seo-wordpress\/ -->\n<title>D\u0142uto do p\u0142uga Kuhn prawe - Exparto.pl<\/title>\n<meta name=\"robots\" content=\"index, follow, max-snippet:-1, max-image-preview:large, max-video-preview:-1\" \/>\n<link rel=\"canonical\" href=\"https:\/\/exparto.pl\/ro\/produkt\/dluto-do-pluga-kuhn-prawe\/\" \/>\n<meta property=\"og:locale\" content=\"ro_RO\" \/>\n<meta property=\"og:type\" content=\"article\" \/>\n<meta property=\"og:title\" content=\"D\u0142uto do p\u0142uga Kuhn prawe - Exparto.pl\" \/>\n<meta property=\"og:description\" content=\"D\u0142uto prawe\" \/>\n<meta property=\"og:url\" content=\"https:\/\/exparto.pl\/ro\/produkt\/dluto-do-pluga-kuhn-prawe\/\" \/>\n<meta property=\"og:site_name\" content=\"Exparto.pl\" \/>\n<meta property=\"article:publisher\" content=\"https:\/\/www.facebook.com\/exparto.agro\/\" \/>\n<meta property=\"article:modified_time\" content=\"2026-03-29T15:30:11+00:00\" \/>\n<meta property=\"og:image\" content=\"https:\/\/exparto.pl\/wp-content\/uploads\/2024\/03\/096dd9363f029678e3908ea8bea16147.jpg\" \/>\n\t<meta property=\"og:image:width\" content=\"1200\" \/>\n\t<meta property=\"og:image:height\" content=\"1200\" \/>\n\t<meta property=\"og:image:type\" content=\"image\/jpeg\" \/>\n<meta name=\"twitter:card\" content=\"summary_large_image\" \/>\n<meta name=\"twitter:label1\" content=\"Timp estimat pentru citire\" \/>\n\t<meta name=\"twitter:data1\" content=\"2 minute\" \/>\n<script type=\"application\/ld+json\" class=\"yoast-schema-graph\">{\"@context\":\"https:\/\/schema.org\",\"@graph\":[{\"@type\":\"WebPage\",\"@id\":\"https:\/\/exparto.pl\/ro\/produkt\/dluto-do-pluga-kuhn-prawe\/\",\"url\":\"https:\/\/exparto.pl\/ro\/produkt\/dluto-do-pluga-kuhn-prawe\/\",\"name\":\"D\u0142uto do p\u0142uga Kuhn prawe - Exparto.pl\",\"isPartOf\":{\"@id\":\"https:\/\/exparto.pl\/ro\/#website\"},\"primaryImageOfPage\":{\"@id\":\"https:\/\/exparto.pl\/ro\/produkt\/dluto-do-pluga-kuhn-prawe\/#primaryimage\"},\"image\":{\"@id\":\"https:\/\/exparto.pl\/ro\/produkt\/dluto-do-pluga-kuhn-prawe\/#primaryimage\"},\"thumbnailUrl\":\"https:\/\/exparto.pl\/wp-content\/uploads\/2024\/03\/096dd9363f029678e3908ea8bea16147.jpg\",\"datePublished\":\"2024-03-13T18:47:42+00:00\",\"dateModified\":\"2026-03-29T15:30:11+00:00\",\"breadcrumb\":{\"@id\":\"https:\/\/exparto.pl\/ro\/produkt\/dluto-do-pluga-kuhn-prawe\/#breadcrumb\"},\"inLanguage\":\"ro-RO\",\"potentialAction\":[{\"@type\":\"ReadAction\",\"target\":[\"https:\/\/exparto.pl\/ro\/produkt\/dluto-do-pluga-kuhn-prawe\/\"]}]},{\"@type\":\"ImageObject\",\"inLanguage\":\"ro-RO\",\"@id\":\"https:\/\/exparto.pl\/ro\/produkt\/dluto-do-pluga-kuhn-prawe\/#primaryimage\",\"url\":\"https:\/\/exparto.pl\/wp-content\/uploads\/2024\/03\/096dd9363f029678e3908ea8bea16147.jpg\",\"contentUrl\":\"https:\/\/exparto.pl\/wp-content\/uploads\/2024\/03\/096dd9363f029678e3908ea8bea16147.jpg\",\"width\":1200,\"height\":1200},{\"@type\":\"BreadcrumbList\",\"@id\":\"https:\/\/exparto.pl\/ro\/produkt\/dluto-do-pluga-kuhn-prawe\/#breadcrumb\",\"itemListElement\":[{\"@type\":\"ListItem\",\"position\":1,\"name\":\"Pagina de start\",\"item\":\"https:\/\/exparto.pl\/ro\/pagina-de-start\/\"},{\"@type\":\"ListItem\",\"position\":2,\"name\":\"Sklep\",\"item\":\"https:\/\/exparto.pl\/sklep\/\"},{\"@type\":\"ListItem\",\"position\":3,\"name\":\"Piese pentru plug\",\"item\":\"https:\/\/exparto.pl\/ro\/categoria-de-produse\/piese-pentru-plug\/\"},{\"@type\":\"ListItem\",\"position\":4,\"name\":\"D\u0142uta do p\u0142uga\",\"item\":\"https:\/\/exparto.pl\/kategoria-produktu\/czesci-do-plugow\/dluta-do-pluga\/\"},{\"@type\":\"ListItem\",\"position\":5,\"name\":\"D\u0142uto do p\u0142uga Kuhn prawe\"}]},{\"@type\":\"WebSite\",\"@id\":\"https:\/\/exparto.pl\/ro\/#website\",\"url\":\"https:\/\/exparto.pl\/ro\/\",\"name\":\"EXPARTO\",\"description\":\"More than agro parts\",\"publisher\":{\"@id\":\"https:\/\/exparto.pl\/ro\/#organization\"},\"potentialAction\":[{\"@type\":\"SearchAction\",\"target\":{\"@type\":\"EntryPoint\",\"urlTemplate\":\"https:\/\/exparto.pl\/ro\/?s={search_term_string}\"},\"query-input\":{\"@type\":\"PropertyValueSpecification\",\"valueRequired\":true,\"valueName\":\"search_term_string\"}}],\"inLanguage\":\"ro-RO\"},{\"@type\":\"Organization\",\"@id\":\"https:\/\/exparto.pl\/ro\/#organization\",\"name\":\"EXPARTO\",\"url\":\"https:\/\/exparto.pl\/ro\/\",\"logo\":{\"@type\":\"ImageObject\",\"inLanguage\":\"ro-RO\",\"@id\":\"https:\/\/exparto.pl\/ro\/#\/schema\/logo\/image\/\",\"url\":\"https:\/\/exparto.pl\/wp-content\/uploads\/2023\/02\/logo-wektor.png\",\"contentUrl\":\"https:\/\/exparto.pl\/wp-content\/uploads\/2023\/02\/logo-wektor.png\",\"width\":1338,\"height\":143,\"caption\":\"EXPARTO\"},\"image\":{\"@id\":\"https:\/\/exparto.pl\/ro\/#\/schema\/logo\/image\/\"},\"sameAs\":[\"https:\/\/www.facebook.com\/exparto.agro\/\"]}]}<\/script>\n<!-- \/ Yoast SEO plugin. -->","yoast_head_json":{"title":"D\u0142uto do p\u0142uga Kuhn prawe - Exparto.pl","robots":{"index":"index","follow":"follow","max-snippet":"max-snippet:-1","max-image-preview":"max-image-preview:large","max-video-preview":"max-video-preview:-1"},"canonical":"https:\/\/exparto.pl\/ro\/produkt\/dluto-do-pluga-kuhn-prawe\/","og_locale":"ro_RO","og_type":"article","og_title":"D\u0142uto do p\u0142uga Kuhn prawe - Exparto.pl","og_description":"D\u0142uto prawe","og_url":"https:\/\/exparto.pl\/ro\/produkt\/dluto-do-pluga-kuhn-prawe\/","og_site_name":"Exparto.pl","article_publisher":"https:\/\/www.facebook.com\/exparto.agro\/","article_modified_time":"2026-03-29T15:30:11+00:00","og_image":[{"width":1200,"height":1200,"url":"https:\/\/exparto.pl\/wp-content\/uploads\/2024\/03\/096dd9363f029678e3908ea8bea16147.jpg","type":"image\/jpeg"}],"twitter_card":"summary_large_image","twitter_misc":{"Timp estimat pentru citire":"2 minute"},"schema":{"@context":"https:\/\/schema.org","@graph":[{"@type":"WebPage","@id":"https:\/\/exparto.pl\/ro\/produkt\/dluto-do-pluga-kuhn-prawe\/","url":"https:\/\/exparto.pl\/ro\/produkt\/dluto-do-pluga-kuhn-prawe\/","name":"D\u0142uto do p\u0142uga Kuhn prawe - Exparto.pl","isPartOf":{"@id":"https:\/\/exparto.pl\/ro\/#website"},"primaryImageOfPage":{"@id":"https:\/\/exparto.pl\/ro\/produkt\/dluto-do-pluga-kuhn-prawe\/#primaryimage"},"image":{"@id":"https:\/\/exparto.pl\/ro\/produkt\/dluto-do-pluga-kuhn-prawe\/#primaryimage"},"thumbnailUrl":"https:\/\/exparto.pl\/wp-content\/uploads\/2024\/03\/096dd9363f029678e3908ea8bea16147.jpg","datePublished":"2024-03-13T18:47:42+00:00","dateModified":"2026-03-29T15:30:11+00:00","breadcrumb":{"@id":"https:\/\/exparto.pl\/ro\/produkt\/dluto-do-pluga-kuhn-prawe\/#breadcrumb"},"inLanguage":"ro-RO","potentialAction":[{"@type":"ReadAction","target":["https:\/\/exparto.pl\/ro\/produkt\/dluto-do-pluga-kuhn-prawe\/"]}]},{"@type":"ImageObject","inLanguage":"ro-RO","@id":"https:\/\/exparto.pl\/ro\/produkt\/dluto-do-pluga-kuhn-prawe\/#primaryimage","url":"https:\/\/exparto.pl\/wp-content\/uploads\/2024\/03\/096dd9363f029678e3908ea8bea16147.jpg","contentUrl":"https:\/\/exparto.pl\/wp-content\/uploads\/2024\/03\/096dd9363f029678e3908ea8bea16147.jpg","width":1200,"height":1200},{"@type":"BreadcrumbList","@id":"https:\/\/exparto.pl\/ro\/produkt\/dluto-do-pluga-kuhn-prawe\/#breadcrumb","itemListElement":[{"@type":"ListItem","position":1,"name":"Pagina de start","item":"https:\/\/exparto.pl\/ro\/pagina-de-start\/"},{"@type":"ListItem","position":2,"name":"Sklep","item":"https:\/\/exparto.pl\/sklep\/"},{"@type":"ListItem","position":3,"name":"Piese pentru plug","item":"https:\/\/exparto.pl\/ro\/categoria-de-produse\/piese-pentru-plug\/"},{"@type":"ListItem","position":4,"name":"D\u0142uta do p\u0142uga","item":"https:\/\/exparto.pl\/kategoria-produktu\/czesci-do-plugow\/dluta-do-pluga\/"},{"@type":"ListItem","position":5,"name":"D\u0142uto do p\u0142uga Kuhn prawe"}]},{"@type":"WebSite","@id":"https:\/\/exparto.pl\/ro\/#website","url":"https:\/\/exparto.pl\/ro\/","name":"EXPARTO","description":"More than agro parts","publisher":{"@id":"https:\/\/exparto.pl\/ro\/#organization"},"potentialAction":[{"@type":"SearchAction","target":{"@type":"EntryPoint","urlTemplate":"https:\/\/exparto.pl\/ro\/?s={search_term_string}"},"query-input":{"@type":"PropertyValueSpecification","valueRequired":true,"valueName":"search_term_string"}}],"inLanguage":"ro-RO"},{"@type":"Organization","@id":"https:\/\/exparto.pl\/ro\/#organization","name":"EXPARTO","url":"https:\/\/exparto.pl\/ro\/","logo":{"@type":"ImageObject","inLanguage":"ro-RO","@id":"https:\/\/exparto.pl\/ro\/#\/schema\/logo\/image\/","url":"https:\/\/exparto.pl\/wp-content\/uploads\/2023\/02\/logo-wektor.png","contentUrl":"https:\/\/exparto.pl\/wp-content\/uploads\/2023\/02\/logo-wektor.png","width":1338,"height":143,"caption":"EXPARTO"},"image":{"@id":"https:\/\/exparto.pl\/ro\/#\/schema\/logo\/image\/"},"sameAs":["https:\/\/www.facebook.com\/exparto.agro\/"]}]}},"_links":{"self":[{"href":"https:\/\/exparto.pl\/ro\/wp-json\/wp\/v2\/product\/22312","targetHints":{"allow":["GET"]}}],"collection":[{"href":"https:\/\/exparto.pl\/ro\/wp-json\/wp\/v2\/product"}],"about":[{"href":"https:\/\/exparto.pl\/ro\/wp-json\/wp\/v2\/types\/product"}],"replies":[{"embeddable":true,"href":"https:\/\/exparto.pl\/ro\/wp-json\/wp\/v2\/comments?post=22312"}],"wp:featuredmedia":[{"embeddable":true,"href":"https:\/\/exparto.pl\/ro\/wp-json\/wp\/v2\/media\/22302"}],"wp:attachment":[{"href":"https:\/\/exparto.pl\/ro\/wp-json\/wp\/v2\/media?parent=22312"}],"wp:term":[{"taxonomy":"product_brand","embeddable":true,"href":"https:\/\/exparto.pl\/ro\/wp-json\/wp\/v2\/product_brand?post=22312"},{"taxonomy":"product_cat","embeddable":true,"href":"https:\/\/exparto.pl\/ro\/wp-json\/wp\/v2\/product_cat?post=22312"},{"taxonomy":"product_tag","embeddable":true,"href":"https:\/\/exparto.pl\/ro\/wp-json\/wp\/v2\/product_tag?post=22312"}],"curies":[{"name":"wp","href":"https:\/\/api.w.org\/{rel}","templated":true}]}}