{"id":22837,"date":"2024-03-18T12:15:08","date_gmt":"2024-03-18T11:15:08","guid":{"rendered":"https:\/\/exparto.pl\/produkt\/redlica-obsypnika-sadzarki-kompletna\/"},"modified":"2026-04-08T21:00:38","modified_gmt":"2026-04-08T19:00:38","slug":"redlica-obsypnika-sadzarki-kompletna","status":"publish","type":"product","link":"https:\/\/exparto.pl\/ro\/produkt\/redlica-obsypnika-sadzarki-kompletna\/","title":{"rendered":"Redlica obsypnika sadzarki kompletna"},"content":{"rendered":"<p><p style=\"text-align: justify;\">Redlica obsypnika sadzarki. Produkt Polski.<\/p>\n<p><b>Zastosowanie<\/b><span style=\"font-weight: 400;\">:<\/span><\/p>\n<ul>\n<li style=\"font-weight: 400;\" aria-level=\"1\"><span style=\"font-weight: 400;\">obsypniki<\/span><\/li>\n<li style=\"font-weight: 400;\" aria-level=\"1\"><span style=\"font-weight: 400;\">sadzarki<\/span><\/li>\n<li style=\"font-weight: 400;\" aria-level=\"1\"><span style=\"font-weight: 400;\">pielniki<\/span><\/li>\n<\/ul>\n<p><b>Numer katalogowy<\/b><span style=\"font-weight: 400;\">:<\/span><\/p>\n<ul>\n<li style=\"font-weight: 400;\" aria-level=\"1\"><span style=\"font-weight: 400;\">4431050010<\/span><\/li>\n<\/ul>\n<p><span style=\"font-weight: 400;\">Prowadzisz gospodarstwo rolne? Koniecznie zadbaj o wysokiej jako\u015bci cz\u0119\u015bci do maszyn. <\/span><b>W sklepie EXPARTO przygotowali\u015bmy dla Ciebie kompletn\u0105 redlic\u0119 obsypnika<\/b><span style=\"font-weight: 400;\">. Cz\u0119\u015b\u0107 ta pasuje r\u00f3wnie\u017c do sadzarki i pielnika. Pozwala na efektywne wykonywanie zabieg\u00f3w agrarnych przy prowadzonych uprawach. Zach\u0119camy do zapoznania si\u0119 z nasz\u0105 ofert\u0105.<\/span><\/p>\n<h2><span style=\"font-weight: 400;\">Redlica obsypnika, sadzarki, pielnika \u2013 kompletna<\/span><\/h2>\n<p><b>Redlica do sadzarki, obsypnika lub pielnika to element roboczy maszyny. Odpowiada on przede wszystkim za podcinanie chwast\u00f3w<\/b><span style=\"font-weight: 400;\">. Wp\u0142ywa to korzystnie na gospodarowanie odpadami po\u017cniwnymi. Redlica do obsypnika do ziemniak\u00f3w i innych ro\u015blin przydaje si\u0119 wtedy, gdy wykonywane s\u0105 zabiegi odchwaszczania lub obsypywania uprawy \u015brodkami ochrony. Wa\u017cne jest odpowiednie dopasowanie cz\u0119\u015bci do danej maszyny. <\/span><b>Oferowana przez nas redlica kompletna jest uniwersalna i pasuje do wielu urz\u0105dze\u0144 wykorzystywanych w gospodarstwach rolnych w Polsce<\/b><span style=\"font-weight: 400;\">.\u00a0<\/span><\/p>\n<p><p style=\"text-align: justify;\"><span style=\"font-weight: 400;\">Koncentrujemy si\u0119 na dostarczaniu produkt\u00f3w najwy\u017cszej jako\u015bci, wykonanych ze szczeg\u00f3ln\u0105 staranno\u015bci\u0105.\u00a0 <\/span><b>Redlica powstaje z hartowanej stali borowej. Jest ona odporna na \u015bcieranie i uszkodzenia mechaniczne, dzi\u0119ki czemu d\u0142u\u017cej zachowuje swoje w\u0142a\u015bciwo\u015bc<\/b><span style=\"font-weight: 400;\">i. Odpowiednia konserwacja pozwoli Ci zachowa\u0107 wydajno\u015b\u0107 i niezawodno\u015b\u0107 sprz\u0119tu na d\u0142u\u017cej. Zach\u0119camy do zakupu redlicy kompletnej obsypnika w naszym sklepie. <\/span><b>Razem z nami zapewnisz sobie wygod\u0119 codziennej pracy oraz oszcz\u0119dno\u015bci<\/b><span style=\"font-weight: 400;\">. <\/span><\/p>\n","protected":false},"excerpt":{"rendered":"<p style=\"text-align: justify\">Redlica obsypnika sadzarki<\/p>\n","protected":false},"featured_media":22822,"comment_status":"open","ping_status":"closed","template":"","meta":{"_acf_changed":false,"inline_featured_image":false},"product_brand":[],"product_cat":[775,762],"product_tag":[],"class_list":{"0":"post-22837","1":"product","2":"type-product","3":"status-publish","4":"has-post-thumbnail","6":"product_cat-czesci-do-obsypnika","7":"product_cat-czesci-do-sadzarki","9":"first","10":"instock","11":"taxable","12":"shipping-taxable","13":"purchasable","14":"product-type-simple"},"acf":[],"yoast_head":"<!-- This site is optimized with the Yoast SEO plugin v27.3 - https:\/\/yoast.com\/product\/yoast-seo-wordpress\/ -->\n<title>Redlica obsypnika sadzarki kompletna - Exparto.pl<\/title>\n<meta name=\"robots\" content=\"index, follow, max-snippet:-1, max-image-preview:large, max-video-preview:-1\" \/>\n<link rel=\"canonical\" href=\"https:\/\/exparto.pl\/ro\/produkt\/redlica-obsypnika-sadzarki-kompletna\/\" \/>\n<meta property=\"og:locale\" content=\"ro_RO\" \/>\n<meta property=\"og:type\" content=\"article\" \/>\n<meta property=\"og:title\" content=\"Redlica obsypnika sadzarki kompletna - Exparto.pl\" \/>\n<meta property=\"og:description\" content=\"Redlica obsypnika sadzarki\" \/>\n<meta property=\"og:url\" content=\"https:\/\/exparto.pl\/ro\/produkt\/redlica-obsypnika-sadzarki-kompletna\/\" \/>\n<meta property=\"og:site_name\" content=\"Exparto.pl\" \/>\n<meta property=\"article:publisher\" content=\"https:\/\/www.facebook.com\/exparto.agro\/\" \/>\n<meta property=\"article:modified_time\" content=\"2026-04-08T19:00:38+00:00\" \/>\n<meta property=\"og:image\" content=\"https:\/\/exparto.pl\/wp-content\/uploads\/2024\/03\/5440da653fc517235bf5802475998116.jpg\" \/>\n\t<meta property=\"og:image:width\" content=\"1200\" \/>\n\t<meta property=\"og:image:height\" content=\"1200\" \/>\n\t<meta property=\"og:image:type\" content=\"image\/jpeg\" \/>\n<meta name=\"twitter:card\" content=\"summary_large_image\" \/>\n<meta name=\"twitter:label1\" content=\"Timp estimat pentru citire\" \/>\n\t<meta name=\"twitter:data1\" content=\"2 minute\" \/>\n<script type=\"application\/ld+json\" class=\"yoast-schema-graph\">{\"@context\":\"https:\\\/\\\/schema.org\",\"@graph\":[{\"@type\":\"WebPage\",\"@id\":\"https:\\\/\\\/exparto.pl\\\/ro\\\/produkt\\\/redlica-obsypnika-sadzarki-kompletna\\\/\",\"url\":\"https:\\\/\\\/exparto.pl\\\/ro\\\/produkt\\\/redlica-obsypnika-sadzarki-kompletna\\\/\",\"name\":\"Redlica obsypnika sadzarki kompletna - Exparto.pl\",\"isPartOf\":{\"@id\":\"https:\\\/\\\/exparto.pl\\\/ro\\\/#website\"},\"primaryImageOfPage\":{\"@id\":\"https:\\\/\\\/exparto.pl\\\/ro\\\/produkt\\\/redlica-obsypnika-sadzarki-kompletna\\\/#primaryimage\"},\"image\":{\"@id\":\"https:\\\/\\\/exparto.pl\\\/ro\\\/produkt\\\/redlica-obsypnika-sadzarki-kompletna\\\/#primaryimage\"},\"thumbnailUrl\":\"https:\\\/\\\/exparto.pl\\\/wp-content\\\/uploads\\\/2024\\\/03\\\/5440da653fc517235bf5802475998116.jpg\",\"datePublished\":\"2024-03-18T11:15:08+00:00\",\"dateModified\":\"2026-04-08T19:00:38+00:00\",\"breadcrumb\":{\"@id\":\"https:\\\/\\\/exparto.pl\\\/ro\\\/produkt\\\/redlica-obsypnika-sadzarki-kompletna\\\/#breadcrumb\"},\"inLanguage\":\"ro-RO\",\"potentialAction\":[{\"@type\":\"ReadAction\",\"target\":[\"https:\\\/\\\/exparto.pl\\\/ro\\\/produkt\\\/redlica-obsypnika-sadzarki-kompletna\\\/\"]}]},{\"@type\":\"ImageObject\",\"inLanguage\":\"ro-RO\",\"@id\":\"https:\\\/\\\/exparto.pl\\\/ro\\\/produkt\\\/redlica-obsypnika-sadzarki-kompletna\\\/#primaryimage\",\"url\":\"https:\\\/\\\/exparto.pl\\\/wp-content\\\/uploads\\\/2024\\\/03\\\/5440da653fc517235bf5802475998116.jpg\",\"contentUrl\":\"https:\\\/\\\/exparto.pl\\\/wp-content\\\/uploads\\\/2024\\\/03\\\/5440da653fc517235bf5802475998116.jpg\",\"width\":1200,\"height\":1200},{\"@type\":\"BreadcrumbList\",\"@id\":\"https:\\\/\\\/exparto.pl\\\/ro\\\/produkt\\\/redlica-obsypnika-sadzarki-kompletna\\\/#breadcrumb\",\"itemListElement\":[{\"@type\":\"ListItem\",\"position\":1,\"name\":\"Pagina de start\",\"item\":\"https:\\\/\\\/exparto.pl\\\/ro\\\/pagina-de-start\\\/\"},{\"@type\":\"ListItem\",\"position\":2,\"name\":\"Sklep\",\"item\":\"https:\\\/\\\/exparto.pl\\\/sklep\\\/\"},{\"@type\":\"ListItem\",\"position\":3,\"name\":\"Cz\u0119\u015bci do sadzarki\",\"item\":\"https:\\\/\\\/exparto.pl\\\/kategoria-produktu\\\/czesci-do-sadzarki\\\/\"},{\"@type\":\"ListItem\",\"position\":4,\"name\":\"Redlica obsypnika sadzarki kompletna\"}]},{\"@type\":\"WebSite\",\"@id\":\"https:\\\/\\\/exparto.pl\\\/ro\\\/#website\",\"url\":\"https:\\\/\\\/exparto.pl\\\/ro\\\/\",\"name\":\"EXPARTO\",\"description\":\"More than agro parts\",\"publisher\":{\"@id\":\"https:\\\/\\\/exparto.pl\\\/ro\\\/#organization\"},\"potentialAction\":[{\"@type\":\"SearchAction\",\"target\":{\"@type\":\"EntryPoint\",\"urlTemplate\":\"https:\\\/\\\/exparto.pl\\\/ro\\\/?s={search_term_string}\"},\"query-input\":{\"@type\":\"PropertyValueSpecification\",\"valueRequired\":true,\"valueName\":\"search_term_string\"}}],\"inLanguage\":\"ro-RO\"},{\"@type\":\"Organization\",\"@id\":\"https:\\\/\\\/exparto.pl\\\/ro\\\/#organization\",\"name\":\"EXPARTO\",\"url\":\"https:\\\/\\\/exparto.pl\\\/ro\\\/\",\"logo\":{\"@type\":\"ImageObject\",\"inLanguage\":\"ro-RO\",\"@id\":\"https:\\\/\\\/exparto.pl\\\/ro\\\/#\\\/schema\\\/logo\\\/image\\\/\",\"url\":\"https:\\\/\\\/exparto.pl\\\/wp-content\\\/uploads\\\/2023\\\/02\\\/logo-wektor.png\",\"contentUrl\":\"https:\\\/\\\/exparto.pl\\\/wp-content\\\/uploads\\\/2023\\\/02\\\/logo-wektor.png\",\"width\":1338,\"height\":143,\"caption\":\"EXPARTO\"},\"image\":{\"@id\":\"https:\\\/\\\/exparto.pl\\\/ro\\\/#\\\/schema\\\/logo\\\/image\\\/\"},\"sameAs\":[\"https:\\\/\\\/www.facebook.com\\\/exparto.agro\\\/\"]}]}<\/script>\n<!-- \/ Yoast SEO plugin. -->","yoast_head_json":{"title":"Redlica obsypnika sadzarki kompletna - Exparto.pl","robots":{"index":"index","follow":"follow","max-snippet":"max-snippet:-1","max-image-preview":"max-image-preview:large","max-video-preview":"max-video-preview:-1"},"canonical":"https:\/\/exparto.pl\/ro\/produkt\/redlica-obsypnika-sadzarki-kompletna\/","og_locale":"ro_RO","og_type":"article","og_title":"Redlica obsypnika sadzarki kompletna - Exparto.pl","og_description":"Redlica obsypnika sadzarki","og_url":"https:\/\/exparto.pl\/ro\/produkt\/redlica-obsypnika-sadzarki-kompletna\/","og_site_name":"Exparto.pl","article_publisher":"https:\/\/www.facebook.com\/exparto.agro\/","article_modified_time":"2026-04-08T19:00:38+00:00","og_image":[{"width":1200,"height":1200,"url":"https:\/\/exparto.pl\/wp-content\/uploads\/2024\/03\/5440da653fc517235bf5802475998116.jpg","type":"image\/jpeg"}],"twitter_card":"summary_large_image","twitter_misc":{"Timp estimat pentru citire":"2 minute"},"schema":{"@context":"https:\/\/schema.org","@graph":[{"@type":"WebPage","@id":"https:\/\/exparto.pl\/ro\/produkt\/redlica-obsypnika-sadzarki-kompletna\/","url":"https:\/\/exparto.pl\/ro\/produkt\/redlica-obsypnika-sadzarki-kompletna\/","name":"Redlica obsypnika sadzarki kompletna - Exparto.pl","isPartOf":{"@id":"https:\/\/exparto.pl\/ro\/#website"},"primaryImageOfPage":{"@id":"https:\/\/exparto.pl\/ro\/produkt\/redlica-obsypnika-sadzarki-kompletna\/#primaryimage"},"image":{"@id":"https:\/\/exparto.pl\/ro\/produkt\/redlica-obsypnika-sadzarki-kompletna\/#primaryimage"},"thumbnailUrl":"https:\/\/exparto.pl\/wp-content\/uploads\/2024\/03\/5440da653fc517235bf5802475998116.jpg","datePublished":"2024-03-18T11:15:08+00:00","dateModified":"2026-04-08T19:00:38+00:00","breadcrumb":{"@id":"https:\/\/exparto.pl\/ro\/produkt\/redlica-obsypnika-sadzarki-kompletna\/#breadcrumb"},"inLanguage":"ro-RO","potentialAction":[{"@type":"ReadAction","target":["https:\/\/exparto.pl\/ro\/produkt\/redlica-obsypnika-sadzarki-kompletna\/"]}]},{"@type":"ImageObject","inLanguage":"ro-RO","@id":"https:\/\/exparto.pl\/ro\/produkt\/redlica-obsypnika-sadzarki-kompletna\/#primaryimage","url":"https:\/\/exparto.pl\/wp-content\/uploads\/2024\/03\/5440da653fc517235bf5802475998116.jpg","contentUrl":"https:\/\/exparto.pl\/wp-content\/uploads\/2024\/03\/5440da653fc517235bf5802475998116.jpg","width":1200,"height":1200},{"@type":"BreadcrumbList","@id":"https:\/\/exparto.pl\/ro\/produkt\/redlica-obsypnika-sadzarki-kompletna\/#breadcrumb","itemListElement":[{"@type":"ListItem","position":1,"name":"Pagina de start","item":"https:\/\/exparto.pl\/ro\/pagina-de-start\/"},{"@type":"ListItem","position":2,"name":"Sklep","item":"https:\/\/exparto.pl\/sklep\/"},{"@type":"ListItem","position":3,"name":"Cz\u0119\u015bci do sadzarki","item":"https:\/\/exparto.pl\/kategoria-produktu\/czesci-do-sadzarki\/"},{"@type":"ListItem","position":4,"name":"Redlica obsypnika sadzarki kompletna"}]},{"@type":"WebSite","@id":"https:\/\/exparto.pl\/ro\/#website","url":"https:\/\/exparto.pl\/ro\/","name":"EXPARTO","description":"More than agro parts","publisher":{"@id":"https:\/\/exparto.pl\/ro\/#organization"},"potentialAction":[{"@type":"SearchAction","target":{"@type":"EntryPoint","urlTemplate":"https:\/\/exparto.pl\/ro\/?s={search_term_string}"},"query-input":{"@type":"PropertyValueSpecification","valueRequired":true,"valueName":"search_term_string"}}],"inLanguage":"ro-RO"},{"@type":"Organization","@id":"https:\/\/exparto.pl\/ro\/#organization","name":"EXPARTO","url":"https:\/\/exparto.pl\/ro\/","logo":{"@type":"ImageObject","inLanguage":"ro-RO","@id":"https:\/\/exparto.pl\/ro\/#\/schema\/logo\/image\/","url":"https:\/\/exparto.pl\/wp-content\/uploads\/2023\/02\/logo-wektor.png","contentUrl":"https:\/\/exparto.pl\/wp-content\/uploads\/2023\/02\/logo-wektor.png","width":1338,"height":143,"caption":"EXPARTO"},"image":{"@id":"https:\/\/exparto.pl\/ro\/#\/schema\/logo\/image\/"},"sameAs":["https:\/\/www.facebook.com\/exparto.agro\/"]}]}},"_links":{"self":[{"href":"https:\/\/exparto.pl\/ro\/wp-json\/wp\/v2\/product\/22837","targetHints":{"allow":["GET"]}}],"collection":[{"href":"https:\/\/exparto.pl\/ro\/wp-json\/wp\/v2\/product"}],"about":[{"href":"https:\/\/exparto.pl\/ro\/wp-json\/wp\/v2\/types\/product"}],"replies":[{"embeddable":true,"href":"https:\/\/exparto.pl\/ro\/wp-json\/wp\/v2\/comments?post=22837"}],"wp:featuredmedia":[{"embeddable":true,"href":"https:\/\/exparto.pl\/ro\/wp-json\/wp\/v2\/media\/22822"}],"wp:attachment":[{"href":"https:\/\/exparto.pl\/ro\/wp-json\/wp\/v2\/media?parent=22837"}],"wp:term":[{"taxonomy":"product_brand","embeddable":true,"href":"https:\/\/exparto.pl\/ro\/wp-json\/wp\/v2\/product_brand?post=22837"},{"taxonomy":"product_cat","embeddable":true,"href":"https:\/\/exparto.pl\/ro\/wp-json\/wp\/v2\/product_cat?post=22837"},{"taxonomy":"product_tag","embeddable":true,"href":"https:\/\/exparto.pl\/ro\/wp-json\/wp\/v2\/product_tag?post=22837"}],"curies":[{"name":"wp","href":"https:\/\/api.w.org\/{rel}","templated":true}]}}