{"id":23184,"date":"2024-03-18T21:44:15","date_gmt":"2024-03-18T20:44:15","guid":{"rendered":"https:\/\/exparto.pl\/produkt\/przystawka-walek-kpl-z-kolem-pasowym-kosiarka-rotacyjna\/"},"modified":"2026-03-31T13:00:40","modified_gmt":"2026-03-31T11:00:40","slug":"przystawka-walek-kpl-z-kolem-pasowym-kosiarka-rotacyjna","status":"publish","type":"product","link":"https:\/\/exparto.pl\/ro\/produkt\/przystawka-walek-kpl-z-kolem-pasowym-kosiarka-rotacyjna\/","title":{"rendered":"Przystawka wa\u0142ek kpl. z ko\u0142em pasowym kosiarka rotacyjna"},"content":{"rendered":"<p style=\"text-align: justify\"><font style=\"font-size: 16px\">Przystawka wa\u0142ek kpl. z ko\u0142em pasowym wykonana z wysokiej jako\u015bci \u017celiwa. Produkt Polski.<\/font><\/p>\n<p style=\"text-align: justify\"><b><font style=\"font-size: 16px\">Zastosowanie:<\/font><\/b><\/p>\n<p style=\"text-align: justify\"><font style=\"font-size: 16px\">Kosiarka rotacyjna:<\/font><\/p>\n<ul>\n<li style=\"text-align: justify\"><font style=\"font-size: 16px\">Famarol<\/font><\/li>\n<li style=\"text-align: justify\"><font style=\"font-size: 16px\">Wirax<\/font><\/li>\n<li style=\"text-align: justify\"><font style=\"font-size: 16px\">Lisicki 1,65,<\/font><\/li>\n<li style=\"text-align: justify\"><font style=\"font-size: 16px\">Kowalscy, i inne.<br \/><\/font><\/li>\n<\/ul>\n<div style=\"text-align: justify\"><b><font style=\"font-size: 16px\">Numer katalogowy:<\/font><\/b><\/div>\n<div>\n<ul>\n<li style=\"text-align: justify\"><font style=\"font-size: 16px\">5036010240<\/font><\/li>\n<\/ul>\n<\/div>\n","protected":false},"excerpt":{"rendered":"<p style=\"text-align: justify\">Przystawka wa\u0142ek kpl. z ko\u0142em pasowym<\/p>\n","protected":false},"featured_media":23154,"comment_status":"open","ping_status":"closed","template":"","meta":{"_acf_changed":false,"inline_featured_image":false},"product_brand":[],"product_cat":[49,813],"product_tag":[],"class_list":{"0":"post-23184","1":"product","2":"type-product","3":"status-publish","4":"has-post-thumbnail","6":"product_cat-czesci-do-kosiarki-rotacyjnej","7":"product_cat-przystawki","9":"first","10":"instock","11":"taxable","12":"shipping-taxable","13":"purchasable","14":"product-type-simple"},"acf":[],"yoast_head":"<!-- This site is optimized with the Yoast SEO plugin v27.2 - https:\/\/yoast.com\/product\/yoast-seo-wordpress\/ -->\n<title>Przystawka wa\u0142ek kpl. z ko\u0142em pasowym kosiarka rotacyjna - Exparto.pl<\/title>\n<meta name=\"robots\" content=\"index, follow, max-snippet:-1, max-image-preview:large, max-video-preview:-1\" \/>\n<link rel=\"canonical\" href=\"https:\/\/exparto.pl\/ro\/produkt\/przystawka-walek-kpl-z-kolem-pasowym-kosiarka-rotacyjna\/\" \/>\n<meta property=\"og:locale\" content=\"ro_RO\" \/>\n<meta property=\"og:type\" content=\"article\" \/>\n<meta property=\"og:title\" content=\"Przystawka wa\u0142ek kpl. z ko\u0142em pasowym kosiarka rotacyjna - Exparto.pl\" \/>\n<meta property=\"og:description\" content=\"Przystawka wa\u0142ek kpl. z ko\u0142em pasowym\" \/>\n<meta property=\"og:url\" content=\"https:\/\/exparto.pl\/ro\/produkt\/przystawka-walek-kpl-z-kolem-pasowym-kosiarka-rotacyjna\/\" \/>\n<meta property=\"og:site_name\" content=\"Exparto.pl\" \/>\n<meta property=\"article:publisher\" content=\"https:\/\/www.facebook.com\/exparto.agro\/\" \/>\n<meta property=\"article:modified_time\" content=\"2026-03-31T11:00:40+00:00\" \/>\n<meta property=\"og:image\" content=\"https:\/\/exparto.pl\/wp-content\/uploads\/2024\/03\/8f91fb1ec713a93b942ade2cee558703.jpg\" \/>\n\t<meta property=\"og:image:width\" content=\"1200\" \/>\n\t<meta property=\"og:image:height\" content=\"1200\" \/>\n\t<meta property=\"og:image:type\" content=\"image\/jpeg\" \/>\n<meta name=\"twitter:card\" content=\"summary_large_image\" \/>\n<meta name=\"twitter:label1\" content=\"Timp estimat pentru citire\" \/>\n\t<meta name=\"twitter:data1\" content=\"1 minut\" \/>\n<script type=\"application\/ld+json\" class=\"yoast-schema-graph\">{\"@context\":\"https:\/\/schema.org\",\"@graph\":[{\"@type\":\"WebPage\",\"@id\":\"https:\/\/exparto.pl\/ro\/produkt\/przystawka-walek-kpl-z-kolem-pasowym-kosiarka-rotacyjna\/\",\"url\":\"https:\/\/exparto.pl\/ro\/produkt\/przystawka-walek-kpl-z-kolem-pasowym-kosiarka-rotacyjna\/\",\"name\":\"Przystawka wa\u0142ek kpl. z ko\u0142em pasowym kosiarka rotacyjna - Exparto.pl\",\"isPartOf\":{\"@id\":\"https:\/\/exparto.pl\/ro\/#website\"},\"primaryImageOfPage\":{\"@id\":\"https:\/\/exparto.pl\/ro\/produkt\/przystawka-walek-kpl-z-kolem-pasowym-kosiarka-rotacyjna\/#primaryimage\"},\"image\":{\"@id\":\"https:\/\/exparto.pl\/ro\/produkt\/przystawka-walek-kpl-z-kolem-pasowym-kosiarka-rotacyjna\/#primaryimage\"},\"thumbnailUrl\":\"https:\/\/exparto.pl\/wp-content\/uploads\/2024\/03\/8f91fb1ec713a93b942ade2cee558703.jpg\",\"datePublished\":\"2024-03-18T20:44:15+00:00\",\"dateModified\":\"2026-03-31T11:00:40+00:00\",\"breadcrumb\":{\"@id\":\"https:\/\/exparto.pl\/ro\/produkt\/przystawka-walek-kpl-z-kolem-pasowym-kosiarka-rotacyjna\/#breadcrumb\"},\"inLanguage\":\"ro-RO\",\"potentialAction\":[{\"@type\":\"ReadAction\",\"target\":[\"https:\/\/exparto.pl\/ro\/produkt\/przystawka-walek-kpl-z-kolem-pasowym-kosiarka-rotacyjna\/\"]}]},{\"@type\":\"ImageObject\",\"inLanguage\":\"ro-RO\",\"@id\":\"https:\/\/exparto.pl\/ro\/produkt\/przystawka-walek-kpl-z-kolem-pasowym-kosiarka-rotacyjna\/#primaryimage\",\"url\":\"https:\/\/exparto.pl\/wp-content\/uploads\/2024\/03\/8f91fb1ec713a93b942ade2cee558703.jpg\",\"contentUrl\":\"https:\/\/exparto.pl\/wp-content\/uploads\/2024\/03\/8f91fb1ec713a93b942ade2cee558703.jpg\",\"width\":1200,\"height\":1200},{\"@type\":\"BreadcrumbList\",\"@id\":\"https:\/\/exparto.pl\/ro\/produkt\/przystawka-walek-kpl-z-kolem-pasowym-kosiarka-rotacyjna\/#breadcrumb\",\"itemListElement\":[{\"@type\":\"ListItem\",\"position\":1,\"name\":\"Pagina de start\",\"item\":\"https:\/\/exparto.pl\/ro\/pagina-de-start\/\"},{\"@type\":\"ListItem\",\"position\":2,\"name\":\"Sklep\",\"item\":\"https:\/\/exparto.pl\/sklep\/\"},{\"@type\":\"ListItem\",\"position\":3,\"name\":\"Piese pentru ma\u0219ini de tuns iarba\",\"item\":\"https:\/\/exparto.pl\/ro\/categoria-de-produse\/piese-pentru-masini-de-tuns-iarba\/\"},{\"@type\":\"ListItem\",\"position\":4,\"name\":\"Przystawka wa\u0142ek kpl. z ko\u0142em pasowym kosiarka rotacyjna\"}]},{\"@type\":\"WebSite\",\"@id\":\"https:\/\/exparto.pl\/ro\/#website\",\"url\":\"https:\/\/exparto.pl\/ro\/\",\"name\":\"EXPARTO\",\"description\":\"More than agro parts\",\"publisher\":{\"@id\":\"https:\/\/exparto.pl\/ro\/#organization\"},\"potentialAction\":[{\"@type\":\"SearchAction\",\"target\":{\"@type\":\"EntryPoint\",\"urlTemplate\":\"https:\/\/exparto.pl\/ro\/?s={search_term_string}\"},\"query-input\":{\"@type\":\"PropertyValueSpecification\",\"valueRequired\":true,\"valueName\":\"search_term_string\"}}],\"inLanguage\":\"ro-RO\"},{\"@type\":\"Organization\",\"@id\":\"https:\/\/exparto.pl\/ro\/#organization\",\"name\":\"EXPARTO\",\"url\":\"https:\/\/exparto.pl\/ro\/\",\"logo\":{\"@type\":\"ImageObject\",\"inLanguage\":\"ro-RO\",\"@id\":\"https:\/\/exparto.pl\/ro\/#\/schema\/logo\/image\/\",\"url\":\"https:\/\/exparto.pl\/wp-content\/uploads\/2023\/02\/logo-wektor.png\",\"contentUrl\":\"https:\/\/exparto.pl\/wp-content\/uploads\/2023\/02\/logo-wektor.png\",\"width\":1338,\"height\":143,\"caption\":\"EXPARTO\"},\"image\":{\"@id\":\"https:\/\/exparto.pl\/ro\/#\/schema\/logo\/image\/\"},\"sameAs\":[\"https:\/\/www.facebook.com\/exparto.agro\/\"]}]}<\/script>\n<!-- \/ Yoast SEO plugin. -->","yoast_head_json":{"title":"Przystawka wa\u0142ek kpl. z ko\u0142em pasowym kosiarka rotacyjna - Exparto.pl","robots":{"index":"index","follow":"follow","max-snippet":"max-snippet:-1","max-image-preview":"max-image-preview:large","max-video-preview":"max-video-preview:-1"},"canonical":"https:\/\/exparto.pl\/ro\/produkt\/przystawka-walek-kpl-z-kolem-pasowym-kosiarka-rotacyjna\/","og_locale":"ro_RO","og_type":"article","og_title":"Przystawka wa\u0142ek kpl. z ko\u0142em pasowym kosiarka rotacyjna - Exparto.pl","og_description":"Przystawka wa\u0142ek kpl. z ko\u0142em pasowym","og_url":"https:\/\/exparto.pl\/ro\/produkt\/przystawka-walek-kpl-z-kolem-pasowym-kosiarka-rotacyjna\/","og_site_name":"Exparto.pl","article_publisher":"https:\/\/www.facebook.com\/exparto.agro\/","article_modified_time":"2026-03-31T11:00:40+00:00","og_image":[{"width":1200,"height":1200,"url":"https:\/\/exparto.pl\/wp-content\/uploads\/2024\/03\/8f91fb1ec713a93b942ade2cee558703.jpg","type":"image\/jpeg"}],"twitter_card":"summary_large_image","twitter_misc":{"Timp estimat pentru citire":"1 minut"},"schema":{"@context":"https:\/\/schema.org","@graph":[{"@type":"WebPage","@id":"https:\/\/exparto.pl\/ro\/produkt\/przystawka-walek-kpl-z-kolem-pasowym-kosiarka-rotacyjna\/","url":"https:\/\/exparto.pl\/ro\/produkt\/przystawka-walek-kpl-z-kolem-pasowym-kosiarka-rotacyjna\/","name":"Przystawka wa\u0142ek kpl. z ko\u0142em pasowym kosiarka rotacyjna - Exparto.pl","isPartOf":{"@id":"https:\/\/exparto.pl\/ro\/#website"},"primaryImageOfPage":{"@id":"https:\/\/exparto.pl\/ro\/produkt\/przystawka-walek-kpl-z-kolem-pasowym-kosiarka-rotacyjna\/#primaryimage"},"image":{"@id":"https:\/\/exparto.pl\/ro\/produkt\/przystawka-walek-kpl-z-kolem-pasowym-kosiarka-rotacyjna\/#primaryimage"},"thumbnailUrl":"https:\/\/exparto.pl\/wp-content\/uploads\/2024\/03\/8f91fb1ec713a93b942ade2cee558703.jpg","datePublished":"2024-03-18T20:44:15+00:00","dateModified":"2026-03-31T11:00:40+00:00","breadcrumb":{"@id":"https:\/\/exparto.pl\/ro\/produkt\/przystawka-walek-kpl-z-kolem-pasowym-kosiarka-rotacyjna\/#breadcrumb"},"inLanguage":"ro-RO","potentialAction":[{"@type":"ReadAction","target":["https:\/\/exparto.pl\/ro\/produkt\/przystawka-walek-kpl-z-kolem-pasowym-kosiarka-rotacyjna\/"]}]},{"@type":"ImageObject","inLanguage":"ro-RO","@id":"https:\/\/exparto.pl\/ro\/produkt\/przystawka-walek-kpl-z-kolem-pasowym-kosiarka-rotacyjna\/#primaryimage","url":"https:\/\/exparto.pl\/wp-content\/uploads\/2024\/03\/8f91fb1ec713a93b942ade2cee558703.jpg","contentUrl":"https:\/\/exparto.pl\/wp-content\/uploads\/2024\/03\/8f91fb1ec713a93b942ade2cee558703.jpg","width":1200,"height":1200},{"@type":"BreadcrumbList","@id":"https:\/\/exparto.pl\/ro\/produkt\/przystawka-walek-kpl-z-kolem-pasowym-kosiarka-rotacyjna\/#breadcrumb","itemListElement":[{"@type":"ListItem","position":1,"name":"Pagina de start","item":"https:\/\/exparto.pl\/ro\/pagina-de-start\/"},{"@type":"ListItem","position":2,"name":"Sklep","item":"https:\/\/exparto.pl\/sklep\/"},{"@type":"ListItem","position":3,"name":"Piese pentru ma\u0219ini de tuns iarba","item":"https:\/\/exparto.pl\/ro\/categoria-de-produse\/piese-pentru-masini-de-tuns-iarba\/"},{"@type":"ListItem","position":4,"name":"Przystawka wa\u0142ek kpl. z ko\u0142em pasowym kosiarka rotacyjna"}]},{"@type":"WebSite","@id":"https:\/\/exparto.pl\/ro\/#website","url":"https:\/\/exparto.pl\/ro\/","name":"EXPARTO","description":"More than agro parts","publisher":{"@id":"https:\/\/exparto.pl\/ro\/#organization"},"potentialAction":[{"@type":"SearchAction","target":{"@type":"EntryPoint","urlTemplate":"https:\/\/exparto.pl\/ro\/?s={search_term_string}"},"query-input":{"@type":"PropertyValueSpecification","valueRequired":true,"valueName":"search_term_string"}}],"inLanguage":"ro-RO"},{"@type":"Organization","@id":"https:\/\/exparto.pl\/ro\/#organization","name":"EXPARTO","url":"https:\/\/exparto.pl\/ro\/","logo":{"@type":"ImageObject","inLanguage":"ro-RO","@id":"https:\/\/exparto.pl\/ro\/#\/schema\/logo\/image\/","url":"https:\/\/exparto.pl\/wp-content\/uploads\/2023\/02\/logo-wektor.png","contentUrl":"https:\/\/exparto.pl\/wp-content\/uploads\/2023\/02\/logo-wektor.png","width":1338,"height":143,"caption":"EXPARTO"},"image":{"@id":"https:\/\/exparto.pl\/ro\/#\/schema\/logo\/image\/"},"sameAs":["https:\/\/www.facebook.com\/exparto.agro\/"]}]}},"_links":{"self":[{"href":"https:\/\/exparto.pl\/ro\/wp-json\/wp\/v2\/product\/23184","targetHints":{"allow":["GET"]}}],"collection":[{"href":"https:\/\/exparto.pl\/ro\/wp-json\/wp\/v2\/product"}],"about":[{"href":"https:\/\/exparto.pl\/ro\/wp-json\/wp\/v2\/types\/product"}],"replies":[{"embeddable":true,"href":"https:\/\/exparto.pl\/ro\/wp-json\/wp\/v2\/comments?post=23184"}],"wp:featuredmedia":[{"embeddable":true,"href":"https:\/\/exparto.pl\/ro\/wp-json\/wp\/v2\/media\/23154"}],"wp:attachment":[{"href":"https:\/\/exparto.pl\/ro\/wp-json\/wp\/v2\/media?parent=23184"}],"wp:term":[{"taxonomy":"product_brand","embeddable":true,"href":"https:\/\/exparto.pl\/ro\/wp-json\/wp\/v2\/product_brand?post=23184"},{"taxonomy":"product_cat","embeddable":true,"href":"https:\/\/exparto.pl\/ro\/wp-json\/wp\/v2\/product_cat?post=23184"},{"taxonomy":"product_tag","embeddable":true,"href":"https:\/\/exparto.pl\/ro\/wp-json\/wp\/v2\/product_tag?post=23184"}],"curies":[{"name":"wp","href":"https:\/\/api.w.org\/{rel}","templated":true}]}}