{"id":23185,"date":"2024-03-18T21:44:22","date_gmt":"2024-03-18T20:44:22","guid":{"rendered":"https:\/\/exparto.pl\/produkt\/lozysko-dzwigni-zmiany-biegow-ursus-c-330\/"},"modified":"2026-01-21T12:33:51","modified_gmt":"2026-01-21T11:33:51","slug":"lozysko-dzwigni-zmiany-biegow-ursus-c-330","status":"publish","type":"product","link":"https:\/\/exparto.pl\/ro\/produkt\/lozysko-dzwigni-zmiany-biegow-ursus-c-330\/","title":{"rendered":"\u0141o\u017cysko d\u017awigni zmiany bieg\u00f3w URSUS C-330"},"content":{"rendered":"<p style=\"text-align: justify\">\u0141o\u017cysko d\u017awigni zmiany bieg\u00f3w wykonane z wysokiej jako\u015bci \u017celiwa. Produkt Polski.<\/p>\n<p style=\"text-align: justify\"><b>Zastosowanie:<\/b><\/p>\n<ul>\n<li style=\"text-align: justify\">URSUS C-330<\/li>\n<\/ul>\n<div style=\"text-align: justify\"><b>Numer katalogowy:<\/b><\/div>\n<div>\n<ul>\n<li style=\"text-align: justify\">50011040<\/li>\n<\/ul>\n<\/div>\n","protected":false},"excerpt":{"rendered":"<p style=\"text-align: justify\">\u0141o\u017cysko d\u017awigni zmiany bieg\u00f3w<\/p>\n","protected":false},"featured_media":23159,"comment_status":"open","ping_status":"closed","template":"","meta":{"_acf_changed":false,"inline_featured_image":false},"product_brand":[],"product_cat":[45,138,139],"product_tag":[],"class_list":{"0":"post-23185","1":"product","2":"type-product","3":"status-publish","4":"has-post-thumbnail","6":"product_cat-czesci-do-ciagnikow","7":"product_cat-czesci-do-ursus","8":"product_cat-ursus-c330","10":"first","11":"instock","12":"taxable","13":"shipping-taxable","14":"purchasable","15":"product-type-simple"},"acf":[],"yoast_head":"<!-- This site is optimized with the Yoast SEO plugin v27.2 - https:\/\/yoast.com\/product\/yoast-seo-wordpress\/ -->\n<title>\u0141o\u017cysko d\u017awigni zmiany bieg\u00f3w URSUS C-330 - Exparto.pl<\/title>\n<meta name=\"robots\" content=\"index, follow, max-snippet:-1, max-image-preview:large, max-video-preview:-1\" \/>\n<link rel=\"canonical\" href=\"https:\/\/exparto.pl\/ro\/produkt\/lozysko-dzwigni-zmiany-biegow-ursus-c-330\/\" \/>\n<meta property=\"og:locale\" content=\"ro_RO\" \/>\n<meta property=\"og:type\" content=\"article\" \/>\n<meta property=\"og:title\" content=\"\u0141o\u017cysko d\u017awigni zmiany bieg\u00f3w URSUS C-330 - Exparto.pl\" \/>\n<meta property=\"og:description\" content=\"\u0141o\u017cysko d\u017awigni zmiany bieg\u00f3w\" \/>\n<meta property=\"og:url\" content=\"https:\/\/exparto.pl\/ro\/produkt\/lozysko-dzwigni-zmiany-biegow-ursus-c-330\/\" \/>\n<meta property=\"og:site_name\" content=\"Exparto.pl\" \/>\n<meta property=\"article:publisher\" content=\"https:\/\/www.facebook.com\/exparto.agro\/\" \/>\n<meta property=\"article:modified_time\" content=\"2026-01-21T11:33:51+00:00\" \/>\n<meta property=\"og:image\" content=\"https:\/\/exparto.pl\/wp-content\/uploads\/2024\/03\/de6ec4cd7ff3b6976ec55402d2e1f707.jpg\" \/>\n\t<meta property=\"og:image:width\" content=\"1200\" \/>\n\t<meta property=\"og:image:height\" content=\"1200\" \/>\n\t<meta property=\"og:image:type\" content=\"image\/jpeg\" \/>\n<meta name=\"twitter:card\" content=\"summary_large_image\" \/>\n<meta name=\"twitter:label1\" content=\"Timp estimat pentru citire\" \/>\n\t<meta name=\"twitter:data1\" content=\"1 minut\" \/>\n<script type=\"application\/ld+json\" class=\"yoast-schema-graph\">{\"@context\":\"https:\/\/schema.org\",\"@graph\":[{\"@type\":\"WebPage\",\"@id\":\"https:\/\/exparto.pl\/ro\/produkt\/lozysko-dzwigni-zmiany-biegow-ursus-c-330\/\",\"url\":\"https:\/\/exparto.pl\/ro\/produkt\/lozysko-dzwigni-zmiany-biegow-ursus-c-330\/\",\"name\":\"\u0141o\u017cysko d\u017awigni zmiany bieg\u00f3w URSUS C-330 - Exparto.pl\",\"isPartOf\":{\"@id\":\"https:\/\/exparto.pl\/ro\/#website\"},\"primaryImageOfPage\":{\"@id\":\"https:\/\/exparto.pl\/ro\/produkt\/lozysko-dzwigni-zmiany-biegow-ursus-c-330\/#primaryimage\"},\"image\":{\"@id\":\"https:\/\/exparto.pl\/ro\/produkt\/lozysko-dzwigni-zmiany-biegow-ursus-c-330\/#primaryimage\"},\"thumbnailUrl\":\"https:\/\/exparto.pl\/wp-content\/uploads\/2024\/03\/de6ec4cd7ff3b6976ec55402d2e1f707.jpg\",\"datePublished\":\"2024-03-18T20:44:22+00:00\",\"dateModified\":\"2026-01-21T11:33:51+00:00\",\"breadcrumb\":{\"@id\":\"https:\/\/exparto.pl\/ro\/produkt\/lozysko-dzwigni-zmiany-biegow-ursus-c-330\/#breadcrumb\"},\"inLanguage\":\"ro-RO\",\"potentialAction\":[{\"@type\":\"ReadAction\",\"target\":[\"https:\/\/exparto.pl\/ro\/produkt\/lozysko-dzwigni-zmiany-biegow-ursus-c-330\/\"]}]},{\"@type\":\"ImageObject\",\"inLanguage\":\"ro-RO\",\"@id\":\"https:\/\/exparto.pl\/ro\/produkt\/lozysko-dzwigni-zmiany-biegow-ursus-c-330\/#primaryimage\",\"url\":\"https:\/\/exparto.pl\/wp-content\/uploads\/2024\/03\/de6ec4cd7ff3b6976ec55402d2e1f707.jpg\",\"contentUrl\":\"https:\/\/exparto.pl\/wp-content\/uploads\/2024\/03\/de6ec4cd7ff3b6976ec55402d2e1f707.jpg\",\"width\":1200,\"height\":1200},{\"@type\":\"BreadcrumbList\",\"@id\":\"https:\/\/exparto.pl\/ro\/produkt\/lozysko-dzwigni-zmiany-biegow-ursus-c-330\/#breadcrumb\",\"itemListElement\":[{\"@type\":\"ListItem\",\"position\":1,\"name\":\"Pagina de start\",\"item\":\"https:\/\/exparto.pl\/ro\/pagina-de-start\/\"},{\"@type\":\"ListItem\",\"position\":2,\"name\":\"Sklep\",\"item\":\"https:\/\/exparto.pl\/sklep\/\"},{\"@type\":\"ListItem\",\"position\":3,\"name\":\"Piese pentru tractoare\",\"item\":\"https:\/\/exparto.pl\/ro\/categoria-de-produse\/piese-pentru-tractoare\/\"},{\"@type\":\"ListItem\",\"position\":4,\"name\":\"Piese pentru URSUS\",\"item\":\"https:\/\/exparto.pl\/ro\/categoria-de-produse\/piese-pentru-tractoare\/piese-pentru-ursus\/\"},{\"@type\":\"ListItem\",\"position\":5,\"name\":\"URSUS C-330\",\"item\":\"https:\/\/exparto.pl\/ro\/categoria-de-produse\/piese-pentru-tractoare\/piese-pentru-ursus\/ursus-c-330-ro\/\"},{\"@type\":\"ListItem\",\"position\":6,\"name\":\"\u0141o\u017cysko d\u017awigni zmiany bieg\u00f3w URSUS C-330\"}]},{\"@type\":\"WebSite\",\"@id\":\"https:\/\/exparto.pl\/ro\/#website\",\"url\":\"https:\/\/exparto.pl\/ro\/\",\"name\":\"EXPARTO\",\"description\":\"More than agro parts\",\"publisher\":{\"@id\":\"https:\/\/exparto.pl\/ro\/#organization\"},\"potentialAction\":[{\"@type\":\"SearchAction\",\"target\":{\"@type\":\"EntryPoint\",\"urlTemplate\":\"https:\/\/exparto.pl\/ro\/?s={search_term_string}\"},\"query-input\":{\"@type\":\"PropertyValueSpecification\",\"valueRequired\":true,\"valueName\":\"search_term_string\"}}],\"inLanguage\":\"ro-RO\"},{\"@type\":\"Organization\",\"@id\":\"https:\/\/exparto.pl\/ro\/#organization\",\"name\":\"EXPARTO\",\"url\":\"https:\/\/exparto.pl\/ro\/\",\"logo\":{\"@type\":\"ImageObject\",\"inLanguage\":\"ro-RO\",\"@id\":\"https:\/\/exparto.pl\/ro\/#\/schema\/logo\/image\/\",\"url\":\"https:\/\/exparto.pl\/wp-content\/uploads\/2023\/02\/logo-wektor.png\",\"contentUrl\":\"https:\/\/exparto.pl\/wp-content\/uploads\/2023\/02\/logo-wektor.png\",\"width\":1338,\"height\":143,\"caption\":\"EXPARTO\"},\"image\":{\"@id\":\"https:\/\/exparto.pl\/ro\/#\/schema\/logo\/image\/\"},\"sameAs\":[\"https:\/\/www.facebook.com\/exparto.agro\/\"]}]}<\/script>\n<!-- \/ Yoast SEO plugin. -->","yoast_head_json":{"title":"\u0141o\u017cysko d\u017awigni zmiany bieg\u00f3w URSUS C-330 - Exparto.pl","robots":{"index":"index","follow":"follow","max-snippet":"max-snippet:-1","max-image-preview":"max-image-preview:large","max-video-preview":"max-video-preview:-1"},"canonical":"https:\/\/exparto.pl\/ro\/produkt\/lozysko-dzwigni-zmiany-biegow-ursus-c-330\/","og_locale":"ro_RO","og_type":"article","og_title":"\u0141o\u017cysko d\u017awigni zmiany bieg\u00f3w URSUS C-330 - Exparto.pl","og_description":"\u0141o\u017cysko d\u017awigni zmiany bieg\u00f3w","og_url":"https:\/\/exparto.pl\/ro\/produkt\/lozysko-dzwigni-zmiany-biegow-ursus-c-330\/","og_site_name":"Exparto.pl","article_publisher":"https:\/\/www.facebook.com\/exparto.agro\/","article_modified_time":"2026-01-21T11:33:51+00:00","og_image":[{"width":1200,"height":1200,"url":"https:\/\/exparto.pl\/wp-content\/uploads\/2024\/03\/de6ec4cd7ff3b6976ec55402d2e1f707.jpg","type":"image\/jpeg"}],"twitter_card":"summary_large_image","twitter_misc":{"Timp estimat pentru citire":"1 minut"},"schema":{"@context":"https:\/\/schema.org","@graph":[{"@type":"WebPage","@id":"https:\/\/exparto.pl\/ro\/produkt\/lozysko-dzwigni-zmiany-biegow-ursus-c-330\/","url":"https:\/\/exparto.pl\/ro\/produkt\/lozysko-dzwigni-zmiany-biegow-ursus-c-330\/","name":"\u0141o\u017cysko d\u017awigni zmiany bieg\u00f3w URSUS C-330 - Exparto.pl","isPartOf":{"@id":"https:\/\/exparto.pl\/ro\/#website"},"primaryImageOfPage":{"@id":"https:\/\/exparto.pl\/ro\/produkt\/lozysko-dzwigni-zmiany-biegow-ursus-c-330\/#primaryimage"},"image":{"@id":"https:\/\/exparto.pl\/ro\/produkt\/lozysko-dzwigni-zmiany-biegow-ursus-c-330\/#primaryimage"},"thumbnailUrl":"https:\/\/exparto.pl\/wp-content\/uploads\/2024\/03\/de6ec4cd7ff3b6976ec55402d2e1f707.jpg","datePublished":"2024-03-18T20:44:22+00:00","dateModified":"2026-01-21T11:33:51+00:00","breadcrumb":{"@id":"https:\/\/exparto.pl\/ro\/produkt\/lozysko-dzwigni-zmiany-biegow-ursus-c-330\/#breadcrumb"},"inLanguage":"ro-RO","potentialAction":[{"@type":"ReadAction","target":["https:\/\/exparto.pl\/ro\/produkt\/lozysko-dzwigni-zmiany-biegow-ursus-c-330\/"]}]},{"@type":"ImageObject","inLanguage":"ro-RO","@id":"https:\/\/exparto.pl\/ro\/produkt\/lozysko-dzwigni-zmiany-biegow-ursus-c-330\/#primaryimage","url":"https:\/\/exparto.pl\/wp-content\/uploads\/2024\/03\/de6ec4cd7ff3b6976ec55402d2e1f707.jpg","contentUrl":"https:\/\/exparto.pl\/wp-content\/uploads\/2024\/03\/de6ec4cd7ff3b6976ec55402d2e1f707.jpg","width":1200,"height":1200},{"@type":"BreadcrumbList","@id":"https:\/\/exparto.pl\/ro\/produkt\/lozysko-dzwigni-zmiany-biegow-ursus-c-330\/#breadcrumb","itemListElement":[{"@type":"ListItem","position":1,"name":"Pagina de start","item":"https:\/\/exparto.pl\/ro\/pagina-de-start\/"},{"@type":"ListItem","position":2,"name":"Sklep","item":"https:\/\/exparto.pl\/sklep\/"},{"@type":"ListItem","position":3,"name":"Piese pentru tractoare","item":"https:\/\/exparto.pl\/ro\/categoria-de-produse\/piese-pentru-tractoare\/"},{"@type":"ListItem","position":4,"name":"Piese pentru URSUS","item":"https:\/\/exparto.pl\/ro\/categoria-de-produse\/piese-pentru-tractoare\/piese-pentru-ursus\/"},{"@type":"ListItem","position":5,"name":"URSUS C-330","item":"https:\/\/exparto.pl\/ro\/categoria-de-produse\/piese-pentru-tractoare\/piese-pentru-ursus\/ursus-c-330-ro\/"},{"@type":"ListItem","position":6,"name":"\u0141o\u017cysko d\u017awigni zmiany bieg\u00f3w URSUS C-330"}]},{"@type":"WebSite","@id":"https:\/\/exparto.pl\/ro\/#website","url":"https:\/\/exparto.pl\/ro\/","name":"EXPARTO","description":"More than agro parts","publisher":{"@id":"https:\/\/exparto.pl\/ro\/#organization"},"potentialAction":[{"@type":"SearchAction","target":{"@type":"EntryPoint","urlTemplate":"https:\/\/exparto.pl\/ro\/?s={search_term_string}"},"query-input":{"@type":"PropertyValueSpecification","valueRequired":true,"valueName":"search_term_string"}}],"inLanguage":"ro-RO"},{"@type":"Organization","@id":"https:\/\/exparto.pl\/ro\/#organization","name":"EXPARTO","url":"https:\/\/exparto.pl\/ro\/","logo":{"@type":"ImageObject","inLanguage":"ro-RO","@id":"https:\/\/exparto.pl\/ro\/#\/schema\/logo\/image\/","url":"https:\/\/exparto.pl\/wp-content\/uploads\/2023\/02\/logo-wektor.png","contentUrl":"https:\/\/exparto.pl\/wp-content\/uploads\/2023\/02\/logo-wektor.png","width":1338,"height":143,"caption":"EXPARTO"},"image":{"@id":"https:\/\/exparto.pl\/ro\/#\/schema\/logo\/image\/"},"sameAs":["https:\/\/www.facebook.com\/exparto.agro\/"]}]}},"_links":{"self":[{"href":"https:\/\/exparto.pl\/ro\/wp-json\/wp\/v2\/product\/23185","targetHints":{"allow":["GET"]}}],"collection":[{"href":"https:\/\/exparto.pl\/ro\/wp-json\/wp\/v2\/product"}],"about":[{"href":"https:\/\/exparto.pl\/ro\/wp-json\/wp\/v2\/types\/product"}],"replies":[{"embeddable":true,"href":"https:\/\/exparto.pl\/ro\/wp-json\/wp\/v2\/comments?post=23185"}],"wp:featuredmedia":[{"embeddable":true,"href":"https:\/\/exparto.pl\/ro\/wp-json\/wp\/v2\/media\/23159"}],"wp:attachment":[{"href":"https:\/\/exparto.pl\/ro\/wp-json\/wp\/v2\/media?parent=23185"}],"wp:term":[{"taxonomy":"product_brand","embeddable":true,"href":"https:\/\/exparto.pl\/ro\/wp-json\/wp\/v2\/product_brand?post=23185"},{"taxonomy":"product_cat","embeddable":true,"href":"https:\/\/exparto.pl\/ro\/wp-json\/wp\/v2\/product_cat?post=23185"},{"taxonomy":"product_tag","embeddable":true,"href":"https:\/\/exparto.pl\/ro\/wp-json\/wp\/v2\/product_tag?post=23185"}],"curies":[{"name":"wp","href":"https:\/\/api.w.org\/{rel}","templated":true}]}}