{"id":23762,"date":"2024-04-04T14:12:11","date_gmt":"2024-04-04T12:12:11","guid":{"rendered":"https:\/\/exparto.pl\/produkt\/lemiesz-do-pluga-4-skibowy-z-dziobem-pr48-unia-stal-borowa\/"},"modified":"2026-02-22T23:01:58","modified_gmt":"2026-02-22T22:01:58","slug":"lemiesz-do-pluga-4-skibowy-z-dziobem-pr48-unia-stal-borowa","status":"publish","type":"product","link":"https:\/\/exparto.pl\/ro\/produkt\/lemiesz-do-pluga-4-skibowy-z-dziobem-pr48-unia-stal-borowa\/","title":{"rendered":"Lemiesz do p\u0142uga 4-skibowy z dziobem PR48 Unia stal borowa"},"content":{"rendered":"<p><b>Zastosowanie<\/b><span style=\"font-weight: 400\">:<\/span><\/p>\n<ul>\n<li style=\"font-weight: 400\"><span style=\"font-weight: 400\">p\u0142ugi zagonowe\u00a0<\/span><\/li>\n<\/ul>\n<p><b>Numer katalogowy<\/b><span style=\"font-weight: 400\">:\u00a0<\/span><\/p>\n<ul>\n<li style=\"font-weight: 400\"><span style=\"font-weight: 400\">1024020020<\/span><\/li>\n<\/ul>\n<p><b>Dost\u0119pny w EXPARTO lemiesz 4-skibowy do p\u0142uga to cz\u0119\u015b\u0107 pasuj\u0105ca do p\u0142ug\u00f3w zagonowych producenta Unia<\/b><span style=\"font-weight: 400\">. Element ten przystosowany jest do intensywnego u\u017cytkowania w trudnych warunkach w polu. <\/span><b>Poznaj parametry techniczne tego produktu oraz skorzystaj z naszej oferty<\/b><span style=\"font-weight: 400\">, zapewniaj\u0105c sobie najwy\u017cszej jako\u015bci cz\u0119\u015bci do maszyn rolniczych.\u00a0<\/span><\/p>\n<h2><span style=\"font-weight: 400\">Lemiesz do p\u0142uga \u2013 z dziobem, 4-skibowy \u2013 Unia Grudzi\u0105dz<\/span><\/h2>\n<p><span style=\"font-weight: 400\">Lemiesz p\u0142uga to wa\u017cny element konstrukcji maszyny rolniczej. Aby spe\u0142nia\u0142 swoje zadanie i d\u0142ugo zachowa\u0142 podstawowe w\u0142a\u015bciwo\u015bci, musi by\u0107 wykonany z wysokiej jako\u015bci materia\u0142u. <\/span><b>W trakcie orki lemiesze do p\u0142uga bior\u0105 udzia\u0142 w procesie zrywania i odwracania wierzchniej warstwy ziemi<\/b><span style=\"font-weight: 400\">. W ten spos\u00f3b przygotowuje si\u0119 stanowisko do dalszej uprawy. Podczas u\u017cytkowania element ten ulega uszkodzeniom i zu\u017cyciu. W\u00f3wczas nale\u017cy go wymieni\u0107.\u00a0<\/span><\/p>\n<p><b>W EXPARTO oferujemy Ci lemiesz do p\u0142uga Unia, kt\u00f3ry pasuje do modeli zagonowych tego producenta<\/b><span style=\"font-weight: 400\">. Charakteryzuje si\u0119 dobr\u0105 jako\u015bci\u0105 wykonania i wyd\u0142u\u017con\u0105 \u017cywotno\u015bci\u0105. Dedykowany lemiesz z dziobem powstaje ze stali borowej o <\/span><b>podwy\u017cszonej twardo\u015bci<\/b><span style=\"font-weight: 400\">. <\/span><b>Dzi\u0119ki temu produkt ten cechuje zwi\u0119kszona odporno\u015b\u0107 na uszkodzenia mechaniczne i \u015bcieranie, co jest niezwykle wa\u017cne w trakcie orki<\/b><span style=\"font-weight: 400\">.\u00a0<\/span><\/p>\n<p><span style=\"font-weight: 400\">Dbamy o to, aby trafiaj\u0105cy w Twoje r\u0119ce lemiesz spe\u0142nia\u0142 najwy\u017csze standardy rynkowe. Je\u017celi zale\u017cy Ci na efektywnej orce, to zach\u0119camy do skorzystania z naszej oferty. <\/span><b>Jako EXPARTO od lat dostarczamy na rynek wysokiej jako\u015bci cz\u0119\u015bci do maszyn rolniczych<\/b><span style=\"font-weight: 400\">.<\/span><\/p>\n","protected":false},"excerpt":{"rendered":"<p style=\"text-align: justify\">Lemiesz z dziobem 4 skibowy<\/p>\n","protected":false},"featured_media":23732,"comment_status":"open","ping_status":"closed","template":"","meta":{"_acf_changed":false,"inline_featured_image":false},"product_brand":[],"product_cat":[765,772,935],"product_tag":[],"class_list":{"0":"post-23762","1":"product","2":"type-product","3":"status-publish","4":"has-post-thumbnail","6":"product_cat-czesci-do-plugow","7":"product_cat-lemiesze-do-pluga","8":"product_cat-lemiesze-prawe","10":"first","11":"instock","12":"taxable","13":"shipping-taxable","14":"purchasable","15":"product-type-simple"},"acf":[],"yoast_head":"<!-- This site is optimized with the Yoast SEO plugin v27.2 - https:\/\/yoast.com\/product\/yoast-seo-wordpress\/ -->\n<title>Lemiesz do p\u0142uga 4-skibowy z dziobem PR48 Unia stal borowa - Exparto.pl<\/title>\n<meta name=\"robots\" content=\"index, follow, max-snippet:-1, max-image-preview:large, max-video-preview:-1\" \/>\n<link rel=\"canonical\" href=\"https:\/\/exparto.pl\/ro\/produkt\/lemiesz-do-pluga-4-skibowy-z-dziobem-pr48-unia-stal-borowa\/\" \/>\n<meta property=\"og:locale\" content=\"ro_RO\" \/>\n<meta property=\"og:type\" content=\"article\" \/>\n<meta property=\"og:title\" content=\"Lemiesz do p\u0142uga 4-skibowy z dziobem PR48 Unia stal borowa - Exparto.pl\" \/>\n<meta property=\"og:description\" content=\"Lemiesz z dziobem 4 skibowy\" \/>\n<meta property=\"og:url\" content=\"https:\/\/exparto.pl\/ro\/produkt\/lemiesz-do-pluga-4-skibowy-z-dziobem-pr48-unia-stal-borowa\/\" \/>\n<meta property=\"og:site_name\" content=\"Exparto.pl\" \/>\n<meta property=\"article:publisher\" content=\"https:\/\/www.facebook.com\/exparto.agro\/\" \/>\n<meta property=\"article:modified_time\" content=\"2026-02-22T22:01:58+00:00\" \/>\n<meta property=\"og:image\" content=\"https:\/\/exparto.pl\/wp-content\/uploads\/2024\/04\/81087b8564792e7dfb8ade65f8feb83a.jpg\" \/>\n\t<meta property=\"og:image:width\" content=\"1200\" \/>\n\t<meta property=\"og:image:height\" content=\"1200\" \/>\n\t<meta property=\"og:image:type\" content=\"image\/jpeg\" \/>\n<meta name=\"twitter:card\" content=\"summary_large_image\" \/>\n<meta name=\"twitter:label1\" content=\"Timp estimat pentru citire\" \/>\n\t<meta name=\"twitter:data1\" content=\"2 minute\" \/>\n<script type=\"application\/ld+json\" class=\"yoast-schema-graph\">{\"@context\":\"https:\/\/schema.org\",\"@graph\":[{\"@type\":\"WebPage\",\"@id\":\"https:\/\/exparto.pl\/ro\/produkt\/lemiesz-do-pluga-4-skibowy-z-dziobem-pr48-unia-stal-borowa\/\",\"url\":\"https:\/\/exparto.pl\/ro\/produkt\/lemiesz-do-pluga-4-skibowy-z-dziobem-pr48-unia-stal-borowa\/\",\"name\":\"Lemiesz do p\u0142uga 4-skibowy z dziobem PR48 Unia stal borowa - Exparto.pl\",\"isPartOf\":{\"@id\":\"https:\/\/exparto.pl\/ro\/#website\"},\"primaryImageOfPage\":{\"@id\":\"https:\/\/exparto.pl\/ro\/produkt\/lemiesz-do-pluga-4-skibowy-z-dziobem-pr48-unia-stal-borowa\/#primaryimage\"},\"image\":{\"@id\":\"https:\/\/exparto.pl\/ro\/produkt\/lemiesz-do-pluga-4-skibowy-z-dziobem-pr48-unia-stal-borowa\/#primaryimage\"},\"thumbnailUrl\":\"https:\/\/exparto.pl\/wp-content\/uploads\/2024\/04\/81087b8564792e7dfb8ade65f8feb83a.jpg\",\"datePublished\":\"2024-04-04T12:12:11+00:00\",\"dateModified\":\"2026-02-22T22:01:58+00:00\",\"breadcrumb\":{\"@id\":\"https:\/\/exparto.pl\/ro\/produkt\/lemiesz-do-pluga-4-skibowy-z-dziobem-pr48-unia-stal-borowa\/#breadcrumb\"},\"inLanguage\":\"ro-RO\",\"potentialAction\":[{\"@type\":\"ReadAction\",\"target\":[\"https:\/\/exparto.pl\/ro\/produkt\/lemiesz-do-pluga-4-skibowy-z-dziobem-pr48-unia-stal-borowa\/\"]}]},{\"@type\":\"ImageObject\",\"inLanguage\":\"ro-RO\",\"@id\":\"https:\/\/exparto.pl\/ro\/produkt\/lemiesz-do-pluga-4-skibowy-z-dziobem-pr48-unia-stal-borowa\/#primaryimage\",\"url\":\"https:\/\/exparto.pl\/wp-content\/uploads\/2024\/04\/81087b8564792e7dfb8ade65f8feb83a.jpg\",\"contentUrl\":\"https:\/\/exparto.pl\/wp-content\/uploads\/2024\/04\/81087b8564792e7dfb8ade65f8feb83a.jpg\",\"width\":1200,\"height\":1200},{\"@type\":\"BreadcrumbList\",\"@id\":\"https:\/\/exparto.pl\/ro\/produkt\/lemiesz-do-pluga-4-skibowy-z-dziobem-pr48-unia-stal-borowa\/#breadcrumb\",\"itemListElement\":[{\"@type\":\"ListItem\",\"position\":1,\"name\":\"Pagina de start\",\"item\":\"https:\/\/exparto.pl\/ro\/pagina-de-start\/\"},{\"@type\":\"ListItem\",\"position\":2,\"name\":\"Sklep\",\"item\":\"https:\/\/exparto.pl\/sklep\/\"},{\"@type\":\"ListItem\",\"position\":3,\"name\":\"Piese pentru plug\",\"item\":\"https:\/\/exparto.pl\/ro\/categoria-de-produse\/piese-pentru-plug\/\"},{\"@type\":\"ListItem\",\"position\":4,\"name\":\"Lame de plug\",\"item\":\"https:\/\/exparto.pl\/ro\/categoria-de-produse\/piese-pentru-plug\/lame-de-plug\/\"},{\"@type\":\"ListItem\",\"position\":5,\"name\":\"Lemiesz do p\u0142uga 4-skibowy z dziobem PR48 Unia stal borowa\"}]},{\"@type\":\"WebSite\",\"@id\":\"https:\/\/exparto.pl\/ro\/#website\",\"url\":\"https:\/\/exparto.pl\/ro\/\",\"name\":\"EXPARTO\",\"description\":\"More than agro parts\",\"publisher\":{\"@id\":\"https:\/\/exparto.pl\/ro\/#organization\"},\"potentialAction\":[{\"@type\":\"SearchAction\",\"target\":{\"@type\":\"EntryPoint\",\"urlTemplate\":\"https:\/\/exparto.pl\/ro\/?s={search_term_string}\"},\"query-input\":{\"@type\":\"PropertyValueSpecification\",\"valueRequired\":true,\"valueName\":\"search_term_string\"}}],\"inLanguage\":\"ro-RO\"},{\"@type\":\"Organization\",\"@id\":\"https:\/\/exparto.pl\/ro\/#organization\",\"name\":\"EXPARTO\",\"url\":\"https:\/\/exparto.pl\/ro\/\",\"logo\":{\"@type\":\"ImageObject\",\"inLanguage\":\"ro-RO\",\"@id\":\"https:\/\/exparto.pl\/ro\/#\/schema\/logo\/image\/\",\"url\":\"https:\/\/exparto.pl\/wp-content\/uploads\/2023\/02\/logo-wektor.png\",\"contentUrl\":\"https:\/\/exparto.pl\/wp-content\/uploads\/2023\/02\/logo-wektor.png\",\"width\":1338,\"height\":143,\"caption\":\"EXPARTO\"},\"image\":{\"@id\":\"https:\/\/exparto.pl\/ro\/#\/schema\/logo\/image\/\"},\"sameAs\":[\"https:\/\/www.facebook.com\/exparto.agro\/\"]}]}<\/script>\n<!-- \/ Yoast SEO plugin. -->","yoast_head_json":{"title":"Lemiesz do p\u0142uga 4-skibowy z dziobem PR48 Unia stal borowa - Exparto.pl","robots":{"index":"index","follow":"follow","max-snippet":"max-snippet:-1","max-image-preview":"max-image-preview:large","max-video-preview":"max-video-preview:-1"},"canonical":"https:\/\/exparto.pl\/ro\/produkt\/lemiesz-do-pluga-4-skibowy-z-dziobem-pr48-unia-stal-borowa\/","og_locale":"ro_RO","og_type":"article","og_title":"Lemiesz do p\u0142uga 4-skibowy z dziobem PR48 Unia stal borowa - Exparto.pl","og_description":"Lemiesz z dziobem 4 skibowy","og_url":"https:\/\/exparto.pl\/ro\/produkt\/lemiesz-do-pluga-4-skibowy-z-dziobem-pr48-unia-stal-borowa\/","og_site_name":"Exparto.pl","article_publisher":"https:\/\/www.facebook.com\/exparto.agro\/","article_modified_time":"2026-02-22T22:01:58+00:00","og_image":[{"width":1200,"height":1200,"url":"https:\/\/exparto.pl\/wp-content\/uploads\/2024\/04\/81087b8564792e7dfb8ade65f8feb83a.jpg","type":"image\/jpeg"}],"twitter_card":"summary_large_image","twitter_misc":{"Timp estimat pentru citire":"2 minute"},"schema":{"@context":"https:\/\/schema.org","@graph":[{"@type":"WebPage","@id":"https:\/\/exparto.pl\/ro\/produkt\/lemiesz-do-pluga-4-skibowy-z-dziobem-pr48-unia-stal-borowa\/","url":"https:\/\/exparto.pl\/ro\/produkt\/lemiesz-do-pluga-4-skibowy-z-dziobem-pr48-unia-stal-borowa\/","name":"Lemiesz do p\u0142uga 4-skibowy z dziobem PR48 Unia stal borowa - Exparto.pl","isPartOf":{"@id":"https:\/\/exparto.pl\/ro\/#website"},"primaryImageOfPage":{"@id":"https:\/\/exparto.pl\/ro\/produkt\/lemiesz-do-pluga-4-skibowy-z-dziobem-pr48-unia-stal-borowa\/#primaryimage"},"image":{"@id":"https:\/\/exparto.pl\/ro\/produkt\/lemiesz-do-pluga-4-skibowy-z-dziobem-pr48-unia-stal-borowa\/#primaryimage"},"thumbnailUrl":"https:\/\/exparto.pl\/wp-content\/uploads\/2024\/04\/81087b8564792e7dfb8ade65f8feb83a.jpg","datePublished":"2024-04-04T12:12:11+00:00","dateModified":"2026-02-22T22:01:58+00:00","breadcrumb":{"@id":"https:\/\/exparto.pl\/ro\/produkt\/lemiesz-do-pluga-4-skibowy-z-dziobem-pr48-unia-stal-borowa\/#breadcrumb"},"inLanguage":"ro-RO","potentialAction":[{"@type":"ReadAction","target":["https:\/\/exparto.pl\/ro\/produkt\/lemiesz-do-pluga-4-skibowy-z-dziobem-pr48-unia-stal-borowa\/"]}]},{"@type":"ImageObject","inLanguage":"ro-RO","@id":"https:\/\/exparto.pl\/ro\/produkt\/lemiesz-do-pluga-4-skibowy-z-dziobem-pr48-unia-stal-borowa\/#primaryimage","url":"https:\/\/exparto.pl\/wp-content\/uploads\/2024\/04\/81087b8564792e7dfb8ade65f8feb83a.jpg","contentUrl":"https:\/\/exparto.pl\/wp-content\/uploads\/2024\/04\/81087b8564792e7dfb8ade65f8feb83a.jpg","width":1200,"height":1200},{"@type":"BreadcrumbList","@id":"https:\/\/exparto.pl\/ro\/produkt\/lemiesz-do-pluga-4-skibowy-z-dziobem-pr48-unia-stal-borowa\/#breadcrumb","itemListElement":[{"@type":"ListItem","position":1,"name":"Pagina de start","item":"https:\/\/exparto.pl\/ro\/pagina-de-start\/"},{"@type":"ListItem","position":2,"name":"Sklep","item":"https:\/\/exparto.pl\/sklep\/"},{"@type":"ListItem","position":3,"name":"Piese pentru plug","item":"https:\/\/exparto.pl\/ro\/categoria-de-produse\/piese-pentru-plug\/"},{"@type":"ListItem","position":4,"name":"Lame de plug","item":"https:\/\/exparto.pl\/ro\/categoria-de-produse\/piese-pentru-plug\/lame-de-plug\/"},{"@type":"ListItem","position":5,"name":"Lemiesz do p\u0142uga 4-skibowy z dziobem PR48 Unia stal borowa"}]},{"@type":"WebSite","@id":"https:\/\/exparto.pl\/ro\/#website","url":"https:\/\/exparto.pl\/ro\/","name":"EXPARTO","description":"More than agro parts","publisher":{"@id":"https:\/\/exparto.pl\/ro\/#organization"},"potentialAction":[{"@type":"SearchAction","target":{"@type":"EntryPoint","urlTemplate":"https:\/\/exparto.pl\/ro\/?s={search_term_string}"},"query-input":{"@type":"PropertyValueSpecification","valueRequired":true,"valueName":"search_term_string"}}],"inLanguage":"ro-RO"},{"@type":"Organization","@id":"https:\/\/exparto.pl\/ro\/#organization","name":"EXPARTO","url":"https:\/\/exparto.pl\/ro\/","logo":{"@type":"ImageObject","inLanguage":"ro-RO","@id":"https:\/\/exparto.pl\/ro\/#\/schema\/logo\/image\/","url":"https:\/\/exparto.pl\/wp-content\/uploads\/2023\/02\/logo-wektor.png","contentUrl":"https:\/\/exparto.pl\/wp-content\/uploads\/2023\/02\/logo-wektor.png","width":1338,"height":143,"caption":"EXPARTO"},"image":{"@id":"https:\/\/exparto.pl\/ro\/#\/schema\/logo\/image\/"},"sameAs":["https:\/\/www.facebook.com\/exparto.agro\/"]}]}},"_links":{"self":[{"href":"https:\/\/exparto.pl\/ro\/wp-json\/wp\/v2\/product\/23762","targetHints":{"allow":["GET"]}}],"collection":[{"href":"https:\/\/exparto.pl\/ro\/wp-json\/wp\/v2\/product"}],"about":[{"href":"https:\/\/exparto.pl\/ro\/wp-json\/wp\/v2\/types\/product"}],"replies":[{"embeddable":true,"href":"https:\/\/exparto.pl\/ro\/wp-json\/wp\/v2\/comments?post=23762"}],"wp:featuredmedia":[{"embeddable":true,"href":"https:\/\/exparto.pl\/ro\/wp-json\/wp\/v2\/media\/23732"}],"wp:attachment":[{"href":"https:\/\/exparto.pl\/ro\/wp-json\/wp\/v2\/media?parent=23762"}],"wp:term":[{"taxonomy":"product_brand","embeddable":true,"href":"https:\/\/exparto.pl\/ro\/wp-json\/wp\/v2\/product_brand?post=23762"},{"taxonomy":"product_cat","embeddable":true,"href":"https:\/\/exparto.pl\/ro\/wp-json\/wp\/v2\/product_cat?post=23762"},{"taxonomy":"product_tag","embeddable":true,"href":"https:\/\/exparto.pl\/ro\/wp-json\/wp\/v2\/product_tag?post=23762"}],"curies":[{"name":"wp","href":"https:\/\/api.w.org\/{rel}","templated":true}]}}