{"id":23891,"date":"2024-04-04T14:20:56","date_gmt":"2024-04-04T12:20:56","guid":{"rendered":"https:\/\/exparto.pl\/produkt\/lemiesz-do-pluga-16-lewy-overum\/"},"modified":"2026-01-21T12:34:27","modified_gmt":"2026-01-21T11:34:27","slug":"lemiesz-do-pluga-16-lewy-overum","status":"publish","type":"product","link":"https:\/\/exparto.pl\/ro\/produkt\/lemiesz-do-pluga-16-lewy-overum\/","title":{"rendered":"Lemiesz do p\u0142uga 16&#8243; lewy Overum"},"content":{"rendered":"<p><p style=\"text-align: justify\">Lemiesz lewy z wykonany ze stali borowej &#8211; twardo\u015b\u0107 43-50HRC<\/p>\n<p><b>Zastosowanie<\/b><span style=\"font-weight: 400\">:<\/span><\/p>\n<ul>\n<li style=\"font-weight: 400\"><span style=\"font-weight: 400\">p\u0142ugi obrotowe typu Overum<\/span><\/li>\n<\/ul>\n<p><b>Numer katalogowy<\/b><span style=\"font-weight: 400\">:\u00a0<\/span><\/p>\n<ul>\n<li style=\"font-weight: 400\"><span style=\"font-weight: 400\">94601<\/span><\/li>\n<\/ul>\n<p><b>Oferowany w EXPARTO lemiesz do p\u0142uga lewy w rozmiarze 16 cali pasuje do p\u0142ug\u00f3w obrotowych typu Overum<\/b><span style=\"font-weight: 400\">. Cz\u0119\u015b\u0107 ta powstaje z wysokiej jako\u015bci stali borowej, dzi\u0119ki czemu jest odporna na intensywne u\u017cytkowanie w kontakcie z gleb\u0105. Zale\u017cy Ci na bezpiecznej i wydajnej orce? Pomog\u0105 Ci w tym lemiesze do p\u0142uga z naszego sklepu.\u00a0<\/span><\/p>\n<h2><span style=\"font-weight: 400\">Lemiesz do p\u0142uga \u2013 lewy, 16 cali \u2013 Overum<\/span><\/h2>\n<p><b>W tym miejscu oferujemy Ci dedykowany lemiesz p\u0142uga 16&#8243;, kt\u00f3rzy przeznaczony jest do stosowania w p\u0142ugach obrotowych typu Overum<\/b><span style=\"font-weight: 400\">. To jedna z cz\u0119\u015bci roboczych maszyny rolniczej, kt\u00f3ra pe\u0142ni wa\u017cn\u0105 funkcj\u0119 w ca\u0142ym procesie spulchniania i kruszenia ziemi. Lemiesz odpowiada za zrywanie i odwracanie wierzchniej warstwy gleby. Od jako\u015bci wykonania i stanu technicznego tego elementu zale\u017c\u0105 wygoda i bezpiecze\u0144stwo prowadzonej orki.\u00a0<\/span><\/p>\n<p><p style=\"text-align: justify\"><b>Ze wzgl\u0119du na specyfik\u0119 jego u\u017cytkowania, lemiesz do p\u0142uga Overum co jaki\u015b czas wymaga wymiany<\/b><span style=\"font-weight: 400\">. Im lepszej jako\u015bci produkt zastosujesz, tym d\u0142u\u017cej zachowa on swoje podstawowe w\u0142a\u015bciwo\u015bci i przydatno\u015b\u0107. Bior\u0105c pod uwag\u0119 potrzeby rolnik\u00f3w, w EXPARTO oferujemy dedykowany lewy lemiesz do p\u0142uga w rozmiarze 16 cali, kt\u00f3ry pasuje do modeli typu Overum. <\/span><b>Powstaje ze stali borowej o podwy\u017cszonej twardo\u015bci, co gwarantuje jego przystosowanie do intensywnej pracy w trudnych warunkach na polu<\/b><span style=\"font-weight: 400\">. Produkt ten oferujemy w atrakcyjnej cenie i z kr\u00f3tkim terminem realizacji zam\u00f3wienia. <\/span><b>Skorzystaj z oferty EXPARTO i zapewnij sobie spokojn\u0105 i wydajn\u0105 prac\u0119 w gospodarstwie rolnym<\/b><span style=\"font-weight: 400\">. <\/span><\/p>\n","protected":false},"excerpt":{"rendered":"<p style=\"text-align: justify\">Lemiesz lewy<\/p>\n","protected":false},"featured_media":23876,"comment_status":"open","ping_status":"closed","template":"","meta":{"_acf_changed":false,"inline_featured_image":false},"product_brand":[],"product_cat":[765,772,934],"product_tag":[],"class_list":{"0":"post-23891","1":"product","2":"type-product","3":"status-publish","4":"has-post-thumbnail","6":"product_cat-czesci-do-plugow","7":"product_cat-lemiesze-do-pluga","8":"product_cat-lemiesze-lewe","10":"first","11":"instock","12":"taxable","13":"shipping-taxable","14":"purchasable","15":"product-type-simple"},"acf":[],"yoast_head":"<!-- This site is optimized with the Yoast SEO plugin v27.2 - https:\/\/yoast.com\/product\/yoast-seo-wordpress\/ -->\n<title>Lemiesz do p\u0142uga 16&quot; lewy Overum - Exparto.pl<\/title>\n<meta name=\"robots\" content=\"index, follow, max-snippet:-1, max-image-preview:large, max-video-preview:-1\" \/>\n<link rel=\"canonical\" href=\"https:\/\/exparto.pl\/ro\/produkt\/lemiesz-do-pluga-16-lewy-overum\/\" \/>\n<meta property=\"og:locale\" content=\"ro_RO\" \/>\n<meta property=\"og:type\" content=\"article\" \/>\n<meta property=\"og:title\" content=\"Lemiesz do p\u0142uga 16&quot; lewy Overum - Exparto.pl\" \/>\n<meta property=\"og:description\" content=\"Lemiesz lewy\" \/>\n<meta property=\"og:url\" content=\"https:\/\/exparto.pl\/ro\/produkt\/lemiesz-do-pluga-16-lewy-overum\/\" \/>\n<meta property=\"og:site_name\" content=\"Exparto.pl\" \/>\n<meta property=\"article:publisher\" content=\"https:\/\/www.facebook.com\/exparto.agro\/\" \/>\n<meta property=\"article:modified_time\" content=\"2026-01-21T11:34:27+00:00\" \/>\n<meta property=\"og:image\" content=\"https:\/\/exparto.pl\/wp-content\/uploads\/2024\/04\/4562531c2c343671b310e5f4f640b552.jpg\" \/>\n\t<meta property=\"og:image:width\" content=\"1200\" \/>\n\t<meta property=\"og:image:height\" content=\"1200\" \/>\n\t<meta property=\"og:image:type\" content=\"image\/jpeg\" \/>\n<meta name=\"twitter:card\" content=\"summary_large_image\" \/>\n<meta name=\"twitter:label1\" content=\"Timp estimat pentru citire\" \/>\n\t<meta name=\"twitter:data1\" content=\"2 minute\" \/>\n<script type=\"application\/ld+json\" class=\"yoast-schema-graph\">{\"@context\":\"https:\/\/schema.org\",\"@graph\":[{\"@type\":\"WebPage\",\"@id\":\"https:\/\/exparto.pl\/ro\/produkt\/lemiesz-do-pluga-16-lewy-overum\/\",\"url\":\"https:\/\/exparto.pl\/ro\/produkt\/lemiesz-do-pluga-16-lewy-overum\/\",\"name\":\"Lemiesz do p\u0142uga 16\\\" lewy Overum - Exparto.pl\",\"isPartOf\":{\"@id\":\"https:\/\/exparto.pl\/ro\/#website\"},\"primaryImageOfPage\":{\"@id\":\"https:\/\/exparto.pl\/ro\/produkt\/lemiesz-do-pluga-16-lewy-overum\/#primaryimage\"},\"image\":{\"@id\":\"https:\/\/exparto.pl\/ro\/produkt\/lemiesz-do-pluga-16-lewy-overum\/#primaryimage\"},\"thumbnailUrl\":\"https:\/\/exparto.pl\/wp-content\/uploads\/2024\/04\/4562531c2c343671b310e5f4f640b552.jpg\",\"datePublished\":\"2024-04-04T12:20:56+00:00\",\"dateModified\":\"2026-01-21T11:34:27+00:00\",\"breadcrumb\":{\"@id\":\"https:\/\/exparto.pl\/ro\/produkt\/lemiesz-do-pluga-16-lewy-overum\/#breadcrumb\"},\"inLanguage\":\"ro-RO\",\"potentialAction\":[{\"@type\":\"ReadAction\",\"target\":[\"https:\/\/exparto.pl\/ro\/produkt\/lemiesz-do-pluga-16-lewy-overum\/\"]}]},{\"@type\":\"ImageObject\",\"inLanguage\":\"ro-RO\",\"@id\":\"https:\/\/exparto.pl\/ro\/produkt\/lemiesz-do-pluga-16-lewy-overum\/#primaryimage\",\"url\":\"https:\/\/exparto.pl\/wp-content\/uploads\/2024\/04\/4562531c2c343671b310e5f4f640b552.jpg\",\"contentUrl\":\"https:\/\/exparto.pl\/wp-content\/uploads\/2024\/04\/4562531c2c343671b310e5f4f640b552.jpg\",\"width\":1200,\"height\":1200},{\"@type\":\"BreadcrumbList\",\"@id\":\"https:\/\/exparto.pl\/ro\/produkt\/lemiesz-do-pluga-16-lewy-overum\/#breadcrumb\",\"itemListElement\":[{\"@type\":\"ListItem\",\"position\":1,\"name\":\"Pagina de start\",\"item\":\"https:\/\/exparto.pl\/ro\/pagina-de-start\/\"},{\"@type\":\"ListItem\",\"position\":2,\"name\":\"Sklep\",\"item\":\"https:\/\/exparto.pl\/sklep\/\"},{\"@type\":\"ListItem\",\"position\":3,\"name\":\"Piese pentru plug\",\"item\":\"https:\/\/exparto.pl\/ro\/categoria-de-produse\/piese-pentru-plug\/\"},{\"@type\":\"ListItem\",\"position\":4,\"name\":\"Lame de plug\",\"item\":\"https:\/\/exparto.pl\/ro\/categoria-de-produse\/piese-pentru-plug\/lame-de-plug\/\"},{\"@type\":\"ListItem\",\"position\":5,\"name\":\"Lemiesz do p\u0142uga 16&#8243; lewy Overum\"}]},{\"@type\":\"WebSite\",\"@id\":\"https:\/\/exparto.pl\/ro\/#website\",\"url\":\"https:\/\/exparto.pl\/ro\/\",\"name\":\"EXPARTO\",\"description\":\"More than agro parts\",\"publisher\":{\"@id\":\"https:\/\/exparto.pl\/ro\/#organization\"},\"potentialAction\":[{\"@type\":\"SearchAction\",\"target\":{\"@type\":\"EntryPoint\",\"urlTemplate\":\"https:\/\/exparto.pl\/ro\/?s={search_term_string}\"},\"query-input\":{\"@type\":\"PropertyValueSpecification\",\"valueRequired\":true,\"valueName\":\"search_term_string\"}}],\"inLanguage\":\"ro-RO\"},{\"@type\":\"Organization\",\"@id\":\"https:\/\/exparto.pl\/ro\/#organization\",\"name\":\"EXPARTO\",\"url\":\"https:\/\/exparto.pl\/ro\/\",\"logo\":{\"@type\":\"ImageObject\",\"inLanguage\":\"ro-RO\",\"@id\":\"https:\/\/exparto.pl\/ro\/#\/schema\/logo\/image\/\",\"url\":\"https:\/\/exparto.pl\/wp-content\/uploads\/2023\/02\/logo-wektor.png\",\"contentUrl\":\"https:\/\/exparto.pl\/wp-content\/uploads\/2023\/02\/logo-wektor.png\",\"width\":1338,\"height\":143,\"caption\":\"EXPARTO\"},\"image\":{\"@id\":\"https:\/\/exparto.pl\/ro\/#\/schema\/logo\/image\/\"},\"sameAs\":[\"https:\/\/www.facebook.com\/exparto.agro\/\"]}]}<\/script>\n<!-- \/ Yoast SEO plugin. -->","yoast_head_json":{"title":"Lemiesz do p\u0142uga 16\" lewy Overum - Exparto.pl","robots":{"index":"index","follow":"follow","max-snippet":"max-snippet:-1","max-image-preview":"max-image-preview:large","max-video-preview":"max-video-preview:-1"},"canonical":"https:\/\/exparto.pl\/ro\/produkt\/lemiesz-do-pluga-16-lewy-overum\/","og_locale":"ro_RO","og_type":"article","og_title":"Lemiesz do p\u0142uga 16\" lewy Overum - Exparto.pl","og_description":"Lemiesz lewy","og_url":"https:\/\/exparto.pl\/ro\/produkt\/lemiesz-do-pluga-16-lewy-overum\/","og_site_name":"Exparto.pl","article_publisher":"https:\/\/www.facebook.com\/exparto.agro\/","article_modified_time":"2026-01-21T11:34:27+00:00","og_image":[{"width":1200,"height":1200,"url":"https:\/\/exparto.pl\/wp-content\/uploads\/2024\/04\/4562531c2c343671b310e5f4f640b552.jpg","type":"image\/jpeg"}],"twitter_card":"summary_large_image","twitter_misc":{"Timp estimat pentru citire":"2 minute"},"schema":{"@context":"https:\/\/schema.org","@graph":[{"@type":"WebPage","@id":"https:\/\/exparto.pl\/ro\/produkt\/lemiesz-do-pluga-16-lewy-overum\/","url":"https:\/\/exparto.pl\/ro\/produkt\/lemiesz-do-pluga-16-lewy-overum\/","name":"Lemiesz do p\u0142uga 16\" lewy Overum - Exparto.pl","isPartOf":{"@id":"https:\/\/exparto.pl\/ro\/#website"},"primaryImageOfPage":{"@id":"https:\/\/exparto.pl\/ro\/produkt\/lemiesz-do-pluga-16-lewy-overum\/#primaryimage"},"image":{"@id":"https:\/\/exparto.pl\/ro\/produkt\/lemiesz-do-pluga-16-lewy-overum\/#primaryimage"},"thumbnailUrl":"https:\/\/exparto.pl\/wp-content\/uploads\/2024\/04\/4562531c2c343671b310e5f4f640b552.jpg","datePublished":"2024-04-04T12:20:56+00:00","dateModified":"2026-01-21T11:34:27+00:00","breadcrumb":{"@id":"https:\/\/exparto.pl\/ro\/produkt\/lemiesz-do-pluga-16-lewy-overum\/#breadcrumb"},"inLanguage":"ro-RO","potentialAction":[{"@type":"ReadAction","target":["https:\/\/exparto.pl\/ro\/produkt\/lemiesz-do-pluga-16-lewy-overum\/"]}]},{"@type":"ImageObject","inLanguage":"ro-RO","@id":"https:\/\/exparto.pl\/ro\/produkt\/lemiesz-do-pluga-16-lewy-overum\/#primaryimage","url":"https:\/\/exparto.pl\/wp-content\/uploads\/2024\/04\/4562531c2c343671b310e5f4f640b552.jpg","contentUrl":"https:\/\/exparto.pl\/wp-content\/uploads\/2024\/04\/4562531c2c343671b310e5f4f640b552.jpg","width":1200,"height":1200},{"@type":"BreadcrumbList","@id":"https:\/\/exparto.pl\/ro\/produkt\/lemiesz-do-pluga-16-lewy-overum\/#breadcrumb","itemListElement":[{"@type":"ListItem","position":1,"name":"Pagina de start","item":"https:\/\/exparto.pl\/ro\/pagina-de-start\/"},{"@type":"ListItem","position":2,"name":"Sklep","item":"https:\/\/exparto.pl\/sklep\/"},{"@type":"ListItem","position":3,"name":"Piese pentru plug","item":"https:\/\/exparto.pl\/ro\/categoria-de-produse\/piese-pentru-plug\/"},{"@type":"ListItem","position":4,"name":"Lame de plug","item":"https:\/\/exparto.pl\/ro\/categoria-de-produse\/piese-pentru-plug\/lame-de-plug\/"},{"@type":"ListItem","position":5,"name":"Lemiesz do p\u0142uga 16&#8243; lewy Overum"}]},{"@type":"WebSite","@id":"https:\/\/exparto.pl\/ro\/#website","url":"https:\/\/exparto.pl\/ro\/","name":"EXPARTO","description":"More than agro parts","publisher":{"@id":"https:\/\/exparto.pl\/ro\/#organization"},"potentialAction":[{"@type":"SearchAction","target":{"@type":"EntryPoint","urlTemplate":"https:\/\/exparto.pl\/ro\/?s={search_term_string}"},"query-input":{"@type":"PropertyValueSpecification","valueRequired":true,"valueName":"search_term_string"}}],"inLanguage":"ro-RO"},{"@type":"Organization","@id":"https:\/\/exparto.pl\/ro\/#organization","name":"EXPARTO","url":"https:\/\/exparto.pl\/ro\/","logo":{"@type":"ImageObject","inLanguage":"ro-RO","@id":"https:\/\/exparto.pl\/ro\/#\/schema\/logo\/image\/","url":"https:\/\/exparto.pl\/wp-content\/uploads\/2023\/02\/logo-wektor.png","contentUrl":"https:\/\/exparto.pl\/wp-content\/uploads\/2023\/02\/logo-wektor.png","width":1338,"height":143,"caption":"EXPARTO"},"image":{"@id":"https:\/\/exparto.pl\/ro\/#\/schema\/logo\/image\/"},"sameAs":["https:\/\/www.facebook.com\/exparto.agro\/"]}]}},"_links":{"self":[{"href":"https:\/\/exparto.pl\/ro\/wp-json\/wp\/v2\/product\/23891","targetHints":{"allow":["GET"]}}],"collection":[{"href":"https:\/\/exparto.pl\/ro\/wp-json\/wp\/v2\/product"}],"about":[{"href":"https:\/\/exparto.pl\/ro\/wp-json\/wp\/v2\/types\/product"}],"replies":[{"embeddable":true,"href":"https:\/\/exparto.pl\/ro\/wp-json\/wp\/v2\/comments?post=23891"}],"wp:featuredmedia":[{"embeddable":true,"href":"https:\/\/exparto.pl\/ro\/wp-json\/wp\/v2\/media\/23876"}],"wp:attachment":[{"href":"https:\/\/exparto.pl\/ro\/wp-json\/wp\/v2\/media?parent=23891"}],"wp:term":[{"taxonomy":"product_brand","embeddable":true,"href":"https:\/\/exparto.pl\/ro\/wp-json\/wp\/v2\/product_brand?post=23891"},{"taxonomy":"product_cat","embeddable":true,"href":"https:\/\/exparto.pl\/ro\/wp-json\/wp\/v2\/product_cat?post=23891"},{"taxonomy":"product_tag","embeddable":true,"href":"https:\/\/exparto.pl\/ro\/wp-json\/wp\/v2\/product_tag?post=23891"}],"curies":[{"name":"wp","href":"https:\/\/api.w.org\/{rel}","templated":true}]}}