{"id":24008,"date":"2024-04-05T15:33:44","date_gmt":"2024-04-05T13:33:44","guid":{"rendered":"https:\/\/exparto.pl\/produkt\/ploza-przednia-do-pluga-po740-xl-unia-lewa\/"},"modified":"2026-01-21T12:34:32","modified_gmt":"2026-01-21T11:34:32","slug":"ploza-przednia-do-pluga-po740-xl-unia-lewa","status":"publish","type":"product","link":"https:\/\/exparto.pl\/ro\/produkt\/ploza-przednia-do-pluga-po740-xl-unia-lewa\/","title":{"rendered":"P\u0142oza przednia do p\u0142uga PO740 XL Unia lewa"},"content":{"rendered":"<p><b>Zastosowanie<\/b><span style=\"font-weight: 400\">:\u00a0<\/span><\/p>\n<ul>\n<li style=\"font-weight: 400\"><span style=\"font-weight: 400\">p\u0142ugi obrotowe UNIA IBIS<\/span><\/li>\n<\/ul>\n<p><b>Numer katalogowy<\/b><span style=\"font-weight: 400\">:\u00a0<\/span><\/p>\n<ul>\n<li style=\"font-weight: 400\"><span style=\"font-weight: 400\">1116720010<\/span><\/li>\n<\/ul>\n<p><b>Oferowana przez nas p\u0142oza przednia do p\u0142uga lewa pasuje do p\u0142ug\u00f3w obrotowych UNIA IBIS<\/b><span style=\"font-weight: 400\">. W EXPARTO zwracamy szczeg\u00f3ln\u0105 uwag\u0119 na to, aby ka\u017cda cz\u0119\u015b\u0107 z naszego asortymentu spe\u0142nia\u0142a najwy\u017csze standardy rynkowe w zakresie jako\u015bci wykonania. <\/span><b>Dzi\u0119ki temu Twoje r\u0119ce trafi element, kt\u00f3ry korzystnie wp\u0142ywa na wygod\u0119 i bezpiecze\u0144stwo prac w gospodarstwie rolnym<\/b><span style=\"font-weight: 400\">.<\/span><\/p>\n<h2><span style=\"font-weight: 400\">P\u0142oza do p\u0142uga \u2013 przednia lewa \u2013 Unia Grudzi\u0105dz<\/span><\/h2>\n<p><b>P\u0142oza do p\u0142uga Unii Grudzi\u0105dz to element, kt\u00f3ry podlega intensywnemu u\u017cytkowaniu w trakcie pracy w polu<\/b><span style=\"font-weight: 400\">. To w\u0142a\u015bnie p\u0142oza odpowiada za kruszenie i ci\u0119cie ziemi w trakcie zabieg\u00f3w zwi\u0105zanych z jej spulchnianiem i odwracaniem. <\/span><b>Ze wzgl\u0119du na to musi by\u0107 wykonana z materia\u0142u odpornego na \u015bcieranie i uszkodzenia mechaniczn<\/b><span style=\"font-weight: 400\">e. Z czasem jednak niezb\u0119dna jest wymiana p\u0142ozy p\u0142uga Unii Grudzi\u0105dz, aby zachowa\u0107 dobry stan techniczny maszyny i jej wydajno\u015b\u0107.\u00a0<\/span><\/p>\n<p><b>W trosce o Twoje potrzeby przygotowali\u015bmy w naszej ofercie wysokiej jako\u015bci p\u0142oz\u0119 przedni\u0105 w wersji lewej, kt\u00f3ra pasuje do p\u0142ug\u00f3w obrotowych producenta Unia<\/b><span style=\"font-weight: 400\">. Cz\u0119\u015b\u0107 ta pochodzi z asortymentu firmy Agro-interstar. Powstaje ze starannie obrobionej stali borowej o <\/span><b>podwy\u017cszonej twardo\u015bci <\/b><span style=\"font-weight: 400\">i dobrych parametrach wytrzyma\u0142o\u015bciowych. <\/span><b>Zach\u0119camy do zakupu p\u0142ozy w EXPARTO<\/b><span style=\"font-weight: 400\">. Razem z nami zapewnisz sobie wydajn\u0105 i bezpieczn\u0105 prac\u0119 w polu na lata.\u00a0<\/span><\/p>\n","protected":false},"excerpt":{"rendered":"<p style=\"text-align: justify\">P\u0142oza przednia lewa<\/p>\n","protected":false},"featured_media":23971,"comment_status":"open","ping_status":"closed","template":"","meta":{"_acf_changed":false,"inline_featured_image":false},"product_brand":[],"product_cat":[765,781,938],"product_tag":[],"class_list":{"0":"post-24008","1":"product","2":"type-product","3":"status-publish","4":"has-post-thumbnail","6":"product_cat-czesci-do-plugow","7":"product_cat-plozy-do-pluga","8":"product_cat-plozy-lewe","10":"first","11":"instock","12":"taxable","13":"shipping-taxable","14":"purchasable","15":"product-type-simple"},"acf":[],"yoast_head":"<!-- This site is optimized with the Yoast SEO plugin v27.2 - https:\/\/yoast.com\/product\/yoast-seo-wordpress\/ -->\n<title>P\u0142oza przednia do p\u0142uga PO740 XL Unia lewa - Exparto.pl<\/title>\n<meta name=\"robots\" content=\"index, follow, max-snippet:-1, max-image-preview:large, max-video-preview:-1\" \/>\n<link rel=\"canonical\" href=\"https:\/\/exparto.pl\/ro\/produkt\/ploza-przednia-do-pluga-po740-xl-unia-lewa\/\" \/>\n<meta property=\"og:locale\" content=\"ro_RO\" \/>\n<meta property=\"og:type\" content=\"article\" \/>\n<meta property=\"og:title\" content=\"P\u0142oza przednia do p\u0142uga PO740 XL Unia lewa - Exparto.pl\" \/>\n<meta property=\"og:description\" content=\"P\u0142oza przednia lewa\" \/>\n<meta property=\"og:url\" content=\"https:\/\/exparto.pl\/ro\/produkt\/ploza-przednia-do-pluga-po740-xl-unia-lewa\/\" \/>\n<meta property=\"og:site_name\" content=\"Exparto.pl\" \/>\n<meta property=\"article:publisher\" content=\"https:\/\/www.facebook.com\/exparto.agro\/\" \/>\n<meta property=\"article:modified_time\" content=\"2026-01-21T11:34:32+00:00\" \/>\n<meta property=\"og:image\" content=\"https:\/\/exparto.pl\/wp-content\/uploads\/2024\/04\/073bc016092471e9d1b891a42fcd5097.jpg\" \/>\n\t<meta property=\"og:image:width\" content=\"1200\" \/>\n\t<meta property=\"og:image:height\" content=\"1200\" \/>\n\t<meta property=\"og:image:type\" content=\"image\/jpeg\" \/>\n<meta name=\"twitter:card\" content=\"summary_large_image\" \/>\n<meta name=\"twitter:label1\" content=\"Timp estimat pentru citire\" \/>\n\t<meta name=\"twitter:data1\" content=\"2 minute\" \/>\n<script type=\"application\/ld+json\" class=\"yoast-schema-graph\">{\"@context\":\"https:\/\/schema.org\",\"@graph\":[{\"@type\":\"WebPage\",\"@id\":\"https:\/\/exparto.pl\/ro\/produkt\/ploza-przednia-do-pluga-po740-xl-unia-lewa\/\",\"url\":\"https:\/\/exparto.pl\/ro\/produkt\/ploza-przednia-do-pluga-po740-xl-unia-lewa\/\",\"name\":\"P\u0142oza przednia do p\u0142uga PO740 XL Unia lewa - Exparto.pl\",\"isPartOf\":{\"@id\":\"https:\/\/exparto.pl\/ro\/#website\"},\"primaryImageOfPage\":{\"@id\":\"https:\/\/exparto.pl\/ro\/produkt\/ploza-przednia-do-pluga-po740-xl-unia-lewa\/#primaryimage\"},\"image\":{\"@id\":\"https:\/\/exparto.pl\/ro\/produkt\/ploza-przednia-do-pluga-po740-xl-unia-lewa\/#primaryimage\"},\"thumbnailUrl\":\"https:\/\/exparto.pl\/wp-content\/uploads\/2024\/04\/073bc016092471e9d1b891a42fcd5097.jpg\",\"datePublished\":\"2024-04-05T13:33:44+00:00\",\"dateModified\":\"2026-01-21T11:34:32+00:00\",\"breadcrumb\":{\"@id\":\"https:\/\/exparto.pl\/ro\/produkt\/ploza-przednia-do-pluga-po740-xl-unia-lewa\/#breadcrumb\"},\"inLanguage\":\"ro-RO\",\"potentialAction\":[{\"@type\":\"ReadAction\",\"target\":[\"https:\/\/exparto.pl\/ro\/produkt\/ploza-przednia-do-pluga-po740-xl-unia-lewa\/\"]}]},{\"@type\":\"ImageObject\",\"inLanguage\":\"ro-RO\",\"@id\":\"https:\/\/exparto.pl\/ro\/produkt\/ploza-przednia-do-pluga-po740-xl-unia-lewa\/#primaryimage\",\"url\":\"https:\/\/exparto.pl\/wp-content\/uploads\/2024\/04\/073bc016092471e9d1b891a42fcd5097.jpg\",\"contentUrl\":\"https:\/\/exparto.pl\/wp-content\/uploads\/2024\/04\/073bc016092471e9d1b891a42fcd5097.jpg\",\"width\":1200,\"height\":1200},{\"@type\":\"BreadcrumbList\",\"@id\":\"https:\/\/exparto.pl\/ro\/produkt\/ploza-przednia-do-pluga-po740-xl-unia-lewa\/#breadcrumb\",\"itemListElement\":[{\"@type\":\"ListItem\",\"position\":1,\"name\":\"Pagina de start\",\"item\":\"https:\/\/exparto.pl\/ro\/pagina-de-start\/\"},{\"@type\":\"ListItem\",\"position\":2,\"name\":\"Sklep\",\"item\":\"https:\/\/exparto.pl\/sklep\/\"},{\"@type\":\"ListItem\",\"position\":3,\"name\":\"Piese pentru plug\",\"item\":\"https:\/\/exparto.pl\/ro\/categoria-de-produse\/piese-pentru-plug\/\"},{\"@type\":\"ListItem\",\"position\":4,\"name\":\"Patine pentru plug\",\"item\":\"https:\/\/exparto.pl\/ro\/categoria-de-produse\/piese-pentru-plug\/patine-pentru-plug\/\"},{\"@type\":\"ListItem\",\"position\":5,\"name\":\"P\u0142oza przednia do p\u0142uga PO740 XL Unia lewa\"}]},{\"@type\":\"WebSite\",\"@id\":\"https:\/\/exparto.pl\/ro\/#website\",\"url\":\"https:\/\/exparto.pl\/ro\/\",\"name\":\"EXPARTO\",\"description\":\"More than agro parts\",\"publisher\":{\"@id\":\"https:\/\/exparto.pl\/ro\/#organization\"},\"potentialAction\":[{\"@type\":\"SearchAction\",\"target\":{\"@type\":\"EntryPoint\",\"urlTemplate\":\"https:\/\/exparto.pl\/ro\/?s={search_term_string}\"},\"query-input\":{\"@type\":\"PropertyValueSpecification\",\"valueRequired\":true,\"valueName\":\"search_term_string\"}}],\"inLanguage\":\"ro-RO\"},{\"@type\":\"Organization\",\"@id\":\"https:\/\/exparto.pl\/ro\/#organization\",\"name\":\"EXPARTO\",\"url\":\"https:\/\/exparto.pl\/ro\/\",\"logo\":{\"@type\":\"ImageObject\",\"inLanguage\":\"ro-RO\",\"@id\":\"https:\/\/exparto.pl\/ro\/#\/schema\/logo\/image\/\",\"url\":\"https:\/\/exparto.pl\/wp-content\/uploads\/2023\/02\/logo-wektor.png\",\"contentUrl\":\"https:\/\/exparto.pl\/wp-content\/uploads\/2023\/02\/logo-wektor.png\",\"width\":1338,\"height\":143,\"caption\":\"EXPARTO\"},\"image\":{\"@id\":\"https:\/\/exparto.pl\/ro\/#\/schema\/logo\/image\/\"},\"sameAs\":[\"https:\/\/www.facebook.com\/exparto.agro\/\"]}]}<\/script>\n<!-- \/ Yoast SEO plugin. -->","yoast_head_json":{"title":"P\u0142oza przednia do p\u0142uga PO740 XL Unia lewa - Exparto.pl","robots":{"index":"index","follow":"follow","max-snippet":"max-snippet:-1","max-image-preview":"max-image-preview:large","max-video-preview":"max-video-preview:-1"},"canonical":"https:\/\/exparto.pl\/ro\/produkt\/ploza-przednia-do-pluga-po740-xl-unia-lewa\/","og_locale":"ro_RO","og_type":"article","og_title":"P\u0142oza przednia do p\u0142uga PO740 XL Unia lewa - Exparto.pl","og_description":"P\u0142oza przednia lewa","og_url":"https:\/\/exparto.pl\/ro\/produkt\/ploza-przednia-do-pluga-po740-xl-unia-lewa\/","og_site_name":"Exparto.pl","article_publisher":"https:\/\/www.facebook.com\/exparto.agro\/","article_modified_time":"2026-01-21T11:34:32+00:00","og_image":[{"width":1200,"height":1200,"url":"https:\/\/exparto.pl\/wp-content\/uploads\/2024\/04\/073bc016092471e9d1b891a42fcd5097.jpg","type":"image\/jpeg"}],"twitter_card":"summary_large_image","twitter_misc":{"Timp estimat pentru citire":"2 minute"},"schema":{"@context":"https:\/\/schema.org","@graph":[{"@type":"WebPage","@id":"https:\/\/exparto.pl\/ro\/produkt\/ploza-przednia-do-pluga-po740-xl-unia-lewa\/","url":"https:\/\/exparto.pl\/ro\/produkt\/ploza-przednia-do-pluga-po740-xl-unia-lewa\/","name":"P\u0142oza przednia do p\u0142uga PO740 XL Unia lewa - Exparto.pl","isPartOf":{"@id":"https:\/\/exparto.pl\/ro\/#website"},"primaryImageOfPage":{"@id":"https:\/\/exparto.pl\/ro\/produkt\/ploza-przednia-do-pluga-po740-xl-unia-lewa\/#primaryimage"},"image":{"@id":"https:\/\/exparto.pl\/ro\/produkt\/ploza-przednia-do-pluga-po740-xl-unia-lewa\/#primaryimage"},"thumbnailUrl":"https:\/\/exparto.pl\/wp-content\/uploads\/2024\/04\/073bc016092471e9d1b891a42fcd5097.jpg","datePublished":"2024-04-05T13:33:44+00:00","dateModified":"2026-01-21T11:34:32+00:00","breadcrumb":{"@id":"https:\/\/exparto.pl\/ro\/produkt\/ploza-przednia-do-pluga-po740-xl-unia-lewa\/#breadcrumb"},"inLanguage":"ro-RO","potentialAction":[{"@type":"ReadAction","target":["https:\/\/exparto.pl\/ro\/produkt\/ploza-przednia-do-pluga-po740-xl-unia-lewa\/"]}]},{"@type":"ImageObject","inLanguage":"ro-RO","@id":"https:\/\/exparto.pl\/ro\/produkt\/ploza-przednia-do-pluga-po740-xl-unia-lewa\/#primaryimage","url":"https:\/\/exparto.pl\/wp-content\/uploads\/2024\/04\/073bc016092471e9d1b891a42fcd5097.jpg","contentUrl":"https:\/\/exparto.pl\/wp-content\/uploads\/2024\/04\/073bc016092471e9d1b891a42fcd5097.jpg","width":1200,"height":1200},{"@type":"BreadcrumbList","@id":"https:\/\/exparto.pl\/ro\/produkt\/ploza-przednia-do-pluga-po740-xl-unia-lewa\/#breadcrumb","itemListElement":[{"@type":"ListItem","position":1,"name":"Pagina de start","item":"https:\/\/exparto.pl\/ro\/pagina-de-start\/"},{"@type":"ListItem","position":2,"name":"Sklep","item":"https:\/\/exparto.pl\/sklep\/"},{"@type":"ListItem","position":3,"name":"Piese pentru plug","item":"https:\/\/exparto.pl\/ro\/categoria-de-produse\/piese-pentru-plug\/"},{"@type":"ListItem","position":4,"name":"Patine pentru plug","item":"https:\/\/exparto.pl\/ro\/categoria-de-produse\/piese-pentru-plug\/patine-pentru-plug\/"},{"@type":"ListItem","position":5,"name":"P\u0142oza przednia do p\u0142uga PO740 XL Unia lewa"}]},{"@type":"WebSite","@id":"https:\/\/exparto.pl\/ro\/#website","url":"https:\/\/exparto.pl\/ro\/","name":"EXPARTO","description":"More than agro parts","publisher":{"@id":"https:\/\/exparto.pl\/ro\/#organization"},"potentialAction":[{"@type":"SearchAction","target":{"@type":"EntryPoint","urlTemplate":"https:\/\/exparto.pl\/ro\/?s={search_term_string}"},"query-input":{"@type":"PropertyValueSpecification","valueRequired":true,"valueName":"search_term_string"}}],"inLanguage":"ro-RO"},{"@type":"Organization","@id":"https:\/\/exparto.pl\/ro\/#organization","name":"EXPARTO","url":"https:\/\/exparto.pl\/ro\/","logo":{"@type":"ImageObject","inLanguage":"ro-RO","@id":"https:\/\/exparto.pl\/ro\/#\/schema\/logo\/image\/","url":"https:\/\/exparto.pl\/wp-content\/uploads\/2023\/02\/logo-wektor.png","contentUrl":"https:\/\/exparto.pl\/wp-content\/uploads\/2023\/02\/logo-wektor.png","width":1338,"height":143,"caption":"EXPARTO"},"image":{"@id":"https:\/\/exparto.pl\/ro\/#\/schema\/logo\/image\/"},"sameAs":["https:\/\/www.facebook.com\/exparto.agro\/"]}]}},"_links":{"self":[{"href":"https:\/\/exparto.pl\/ro\/wp-json\/wp\/v2\/product\/24008","targetHints":{"allow":["GET"]}}],"collection":[{"href":"https:\/\/exparto.pl\/ro\/wp-json\/wp\/v2\/product"}],"about":[{"href":"https:\/\/exparto.pl\/ro\/wp-json\/wp\/v2\/types\/product"}],"replies":[{"embeddable":true,"href":"https:\/\/exparto.pl\/ro\/wp-json\/wp\/v2\/comments?post=24008"}],"wp:featuredmedia":[{"embeddable":true,"href":"https:\/\/exparto.pl\/ro\/wp-json\/wp\/v2\/media\/23971"}],"wp:attachment":[{"href":"https:\/\/exparto.pl\/ro\/wp-json\/wp\/v2\/media?parent=24008"}],"wp:term":[{"taxonomy":"product_brand","embeddable":true,"href":"https:\/\/exparto.pl\/ro\/wp-json\/wp\/v2\/product_brand?post=24008"},{"taxonomy":"product_cat","embeddable":true,"href":"https:\/\/exparto.pl\/ro\/wp-json\/wp\/v2\/product_cat?post=24008"},{"taxonomy":"product_tag","embeddable":true,"href":"https:\/\/exparto.pl\/ro\/wp-json\/wp\/v2\/product_tag?post=24008"}],"curies":[{"name":"wp","href":"https:\/\/api.w.org\/{rel}","templated":true}]}}